{"id":22659,"date":"2024-07-10T10:00:25","date_gmt":"2024-07-10T10:00:25","guid":{"rendered":"https:\/\/bbqassad.ee\/toode\/sianlihamafia-texas-gold\/"},"modified":"2026-04-14T06:33:09","modified_gmt":"2026-04-14T06:33:09","slug":"sianlihamafia-texas-gold","status":"publish","type":"product","link":"https:\/\/bbqassad.ee\/fi\/toode\/sianlihamafia-texas-gold\/","title":{"rendered":"Pork Mafia Texas Gold"},"content":{"rendered":"<p>Porkmafia tunnetaan kahdesta asiasta, joista tunnetuin on Memphis Mud, ja t\u00e4m\u00e4 on &#8221;toinen&#8221;, Texas Gold. Hyvin yksinkertainen sekoitus, joka on koottu t\u00e4ydellisell\u00e4 variaatiolla ja suunniteltu k\u00e4ytett\u00e4v\u00e4ksi naudanlihan kanssa. <\/p>\n<h3>BBQ Aces kommentti<\/h3>\n<p>Voimakkaasti suolaan ja pippuriin perustuva teksasilaismauste naudanlihalle.<\/p>\n<p><span style=\"font-size: 20.15999984741211px; color: #333333;\">Ammattilaisen vinkki<\/span><\/p>\n<p>Beefsteak tai poski it&#8230;. mmmm <\/p>\n","protected":false},"excerpt":{"rendered":"<p style=\"font-weight: 400;\"><strong>Netto<\/strong> 240g<\/p>\n<p style=\"font-weight: 400;\"><strong>Ainesosat<\/strong>: suola, sokeri, <strong>sinappi<\/strong>, valkosipuli, sipuli, mustapippuri, chili, paprika, kvarkki, etikkajauhe.<\/p>\n<p style=\"font-weight: 400;\"><strong>Ravintosis\u00e4lt\u00f6 100 g<\/strong> <strong>kohti<\/strong>: Energiaa 268 kcal (1121 kJ), Rasvat 5,7 g, josta tyydyttyneit\u00e4 rasvahappoja 0,5 g, Hiilihydraatit 42,2 g, josta sokereita 23,9 g, Proteiini 8 g, Suola 29,5 g.<\/p>\n","protected":false},"featured_media":22660,"comment_status":"open","ping_status":"closed","template":"","meta":[],"product_brand":[],"product_cat":[802],"product_tag":[],"class_list":{"0":"post-22659","1":"product","2":"type-product","3":"status-publish","4":"has-post-thumbnail","6":"product_cat-sekoitukset","8":"first","9":"outofstock","10":"taxable","11":"shipping-taxable","12":"purchasable","13":"product-type-simple"},"yoast_head":"<!-- This site is optimized with the Yoast SEO plugin v27.4 - https:\/\/yoast.com\/product\/yoast-seo-wordpress\/ -->\n<title>Pork Mafia Texas Gold 240g -% BBQ \u00c4ssad%<\/title>\n<meta name=\"description\" content=\"Porkmafia Texas Gold on mausteseos, joka sis\u00e4lt\u00e4\u00e4 suolaa, sokeria, sinappia ja mausteita. Tuotteen nettom\u00e4\u00e4r\u00e4 on 240 g. Ravintosis\u00e4lt\u00f6 100 g:aa kohden: 268 kcal.\" \/>\n<meta name=\"robots\" content=\"index, follow, max-snippet:-1, max-image-preview:large, max-video-preview:-1\" \/>\n<link rel=\"canonical\" href=\"https:\/\/bbqassad.ee\/fi\/toode\/sianlihamafia-texas-gold\/\" \/>\n<meta property=\"og:locale\" content=\"fi_FI\" \/>\n<meta property=\"og:type\" content=\"article\" \/>\n<meta property=\"og:title\" content=\"Pork Mafia Texas Gold 240g -% BBQ \u00c4ssad%\" \/>\n<meta property=\"og:description\" content=\"Porkmafia Texas Gold on mausteseos, joka sis\u00e4lt\u00e4\u00e4 suolaa, sokeria, sinappia ja mausteita. Tuotteen nettom\u00e4\u00e4r\u00e4 on 240 g. Ravintosis\u00e4lt\u00f6 100 g:aa kohden: 268 kcal.\" \/>\n<meta property=\"og:url\" content=\"https:\/\/bbqassad.ee\/fi\/toode\/sianlihamafia-texas-gold\/\" \/>\n<meta property=\"og:site_name\" content=\"BBQ \u00c4ssad\" \/>\n<meta property=\"article:publisher\" content=\"https:\/\/www.facebook.com\/bbqassad\" \/>\n<meta property=\"article:modified_time\" content=\"2026-04-14T06:33:09+00:00\" \/>\n<meta property=\"og:image\" content=\"https:\/\/bbqassad.ee\/wp-content\/uploads\/2024\/07\/Nimetu-kujundus-11.png\" \/>\n<meta name=\"twitter:card\" content=\"summary_large_image\" \/>\n<meta name=\"twitter:title\" content=\"Pork Mafia Texas Gold 240g -% BBQ \u00c4ssad%\" \/>\n<meta name=\"twitter:description\" content=\"Porkmafia Texas Gold on mausteseos, joka sis\u00e4lt\u00e4\u00e4 suolaa, sokeria, sinappia ja mausteita. Tuotteen nettom\u00e4\u00e4r\u00e4 on 240 g. Ravintosis\u00e4lt\u00f6 100 g:aa kohden: 268 kcal.\" \/>\n<meta name=\"twitter:image\" content=\"https:\/\/bbqassad.ee\/wp-content\/uploads\/2024\/07\/Nimetu-kujundus-11.png\" \/>\n<script type=\"application\/ld+json\" class=\"yoast-schema-graph\">{\"@context\":\"https:\\\/\\\/schema.org\",\"@graph\":[{\"@type\":\"WebPage\",\"@id\":\"https:\\\/\\\/bbqassad.ee\\\/fi\\\/toode\\\/sianlihamafia-texas-gold\\\/\",\"url\":\"https:\\\/\\\/bbqassad.ee\\\/fi\\\/toode\\\/sianlihamafia-texas-gold\\\/\",\"name\":\"Pork Mafia Texas Gold 240g -% BBQ \u00c4ssad%\",\"isPartOf\":{\"@id\":\"https:\\\/\\\/bbqassad.ee\\\/fi\\\/#website\"},\"primaryImageOfPage\":{\"@id\":\"https:\\\/\\\/bbqassad.ee\\\/fi\\\/toode\\\/sianlihamafia-texas-gold\\\/#primaryimage\"},\"image\":{\"@id\":\"https:\\\/\\\/bbqassad.ee\\\/fi\\\/toode\\\/sianlihamafia-texas-gold\\\/#primaryimage\"},\"thumbnailUrl\":\"https:\\\/\\\/bbqassad.ee\\\/wp-content\\\/uploads\\\/2024\\\/07\\\/Nimetu-kujundus-11.png\",\"datePublished\":\"2024-07-10T10:00:25+00:00\",\"dateModified\":\"2026-04-14T06:33:09+00:00\",\"description\":\"Porkmafia Texas Gold on mausteseos, joka sis\u00e4lt\u00e4\u00e4 suolaa, sokeria, sinappia ja mausteita. Tuotteen nettom\u00e4\u00e4r\u00e4 on 240 g. Ravintosis\u00e4lt\u00f6 100 g:aa kohden: 268 kcal.\",\"breadcrumb\":{\"@id\":\"https:\\\/\\\/bbqassad.ee\\\/fi\\\/toode\\\/sianlihamafia-texas-gold\\\/#breadcrumb\"},\"inLanguage\":\"fi\",\"potentialAction\":[{\"@type\":\"ReadAction\",\"target\":[\"https:\\\/\\\/bbqassad.ee\\\/fi\\\/toode\\\/sianlihamafia-texas-gold\\\/\"]}]},{\"@type\":\"ImageObject\",\"inLanguage\":\"fi\",\"@id\":\"https:\\\/\\\/bbqassad.ee\\\/fi\\\/toode\\\/sianlihamafia-texas-gold\\\/#primaryimage\",\"url\":\"https:\\\/\\\/bbqassad.ee\\\/wp-content\\\/uploads\\\/2024\\\/07\\\/Nimetu-kujundus-11.png\",\"contentUrl\":\"https:\\\/\\\/bbqassad.ee\\\/wp-content\\\/uploads\\\/2024\\\/07\\\/Nimetu-kujundus-11.png\",\"width\":1280,\"height\":720},{\"@type\":\"BreadcrumbList\",\"@id\":\"https:\\\/\\\/bbqassad.ee\\\/fi\\\/toode\\\/sianlihamafia-texas-gold\\\/#breadcrumb\",\"itemListElement\":[{\"@type\":\"ListItem\",\"position\":1,\"name\":\"Home\",\"item\":\"https:\\\/\\\/bbqassad.ee\\\/fi\\\/bbq-assat\\\/\"},{\"@type\":\"ListItem\",\"position\":2,\"name\":\"Verkkokauppa\",\"item\":\"https:\\\/\\\/bbqassad.ee\\\/fi\\\/verkkokauppa\\\/\"},{\"@type\":\"ListItem\",\"position\":3,\"name\":\"Pork Mafia Texas Gold\"}]},{\"@type\":\"WebSite\",\"@id\":\"https:\\\/\\\/bbqassad.ee\\\/fi\\\/#website\",\"url\":\"https:\\\/\\\/bbqassad.ee\\\/fi\\\/\",\"name\":\"BBQ \u00c4ssad\",\"description\":\"BBQ maitseained, kastmed, ahjud\",\"publisher\":{\"@id\":\"https:\\\/\\\/bbqassad.ee\\\/fi\\\/#organization\"},\"potentialAction\":[{\"@type\":\"SearchAction\",\"target\":{\"@type\":\"EntryPoint\",\"urlTemplate\":\"https:\\\/\\\/bbqassad.ee\\\/fi\\\/?s={search_term_string}\"},\"query-input\":{\"@type\":\"PropertyValueSpecification\",\"valueRequired\":true,\"valueName\":\"search_term_string\"}}],\"inLanguage\":\"fi\"},{\"@type\":\"Organization\",\"@id\":\"https:\\\/\\\/bbqassad.ee\\\/fi\\\/#organization\",\"name\":\"BBQ \u00c4ssad\",\"url\":\"https:\\\/\\\/bbqassad.ee\\\/fi\\\/\",\"logo\":{\"@type\":\"ImageObject\",\"inLanguage\":\"fi\",\"@id\":\"https:\\\/\\\/bbqassad.ee\\\/fi\\\/#\\\/schema\\\/logo\\\/image\\\/\",\"url\":\"https:\\\/\\\/bbqassad.ee\\\/wp-content\\\/uploads\\\/2022\\\/10\\\/BBQ-2ssadlogo.png\",\"contentUrl\":\"https:\\\/\\\/bbqassad.ee\\\/wp-content\\\/uploads\\\/2022\\\/10\\\/BBQ-2ssadlogo.png\",\"width\":1080,\"height\":1080,\"caption\":\"BBQ \u00c4ssad\"},\"image\":{\"@id\":\"https:\\\/\\\/bbqassad.ee\\\/fi\\\/#\\\/schema\\\/logo\\\/image\\\/\"},\"sameAs\":[\"https:\\\/\\\/www.facebook.com\\\/bbqassad\",\"https:\\\/\\\/www.youtube.com\\\/channel\\\/UCsoufn49J6TVi9Ah9meE93w\"]}]}<\/script>\n<!-- \/ Yoast SEO plugin. -->","yoast_head_json":{"title":"Pork Mafia Texas Gold 240g -% BBQ \u00c4ssad%","description":"Porkmafia Texas Gold on mausteseos, joka sis\u00e4lt\u00e4\u00e4 suolaa, sokeria, sinappia ja mausteita. Tuotteen nettom\u00e4\u00e4r\u00e4 on 240 g. Ravintosis\u00e4lt\u00f6 100 g:aa kohden: 268 kcal.","robots":{"index":"index","follow":"follow","max-snippet":"max-snippet:-1","max-image-preview":"max-image-preview:large","max-video-preview":"max-video-preview:-1"},"canonical":"https:\/\/bbqassad.ee\/fi\/toode\/sianlihamafia-texas-gold\/","og_locale":"fi_FI","og_type":"article","og_title":"Pork Mafia Texas Gold 240g -% BBQ \u00c4ssad%","og_description":"Porkmafia Texas Gold on mausteseos, joka sis\u00e4lt\u00e4\u00e4 suolaa, sokeria, sinappia ja mausteita. Tuotteen nettom\u00e4\u00e4r\u00e4 on 240 g. Ravintosis\u00e4lt\u00f6 100 g:aa kohden: 268 kcal.","og_url":"https:\/\/bbqassad.ee\/fi\/toode\/sianlihamafia-texas-gold\/","og_site_name":"BBQ \u00c4ssad","article_publisher":"https:\/\/www.facebook.com\/bbqassad","article_modified_time":"2026-04-14T06:33:09+00:00","og_image":[{"url":"https:\/\/bbqassad.ee\/wp-content\/uploads\/2024\/07\/Nimetu-kujundus-11.png","type":"","width":"","height":""}],"twitter_card":"summary_large_image","twitter_title":"Pork Mafia Texas Gold 240g -% BBQ \u00c4ssad%","twitter_description":"Porkmafia Texas Gold on mausteseos, joka sis\u00e4lt\u00e4\u00e4 suolaa, sokeria, sinappia ja mausteita. Tuotteen nettom\u00e4\u00e4r\u00e4 on 240 g. Ravintosis\u00e4lt\u00f6 100 g:aa kohden: 268 kcal.","twitter_image":"https:\/\/bbqassad.ee\/wp-content\/uploads\/2024\/07\/Nimetu-kujundus-11.png","schema":{"@context":"https:\/\/schema.org","@graph":[{"@type":"WebPage","@id":"https:\/\/bbqassad.ee\/fi\/toode\/sianlihamafia-texas-gold\/","url":"https:\/\/bbqassad.ee\/fi\/toode\/sianlihamafia-texas-gold\/","name":"Pork Mafia Texas Gold 240g -% BBQ \u00c4ssad%","isPartOf":{"@id":"https:\/\/bbqassad.ee\/fi\/#website"},"primaryImageOfPage":{"@id":"https:\/\/bbqassad.ee\/fi\/toode\/sianlihamafia-texas-gold\/#primaryimage"},"image":{"@id":"https:\/\/bbqassad.ee\/fi\/toode\/sianlihamafia-texas-gold\/#primaryimage"},"thumbnailUrl":"https:\/\/bbqassad.ee\/wp-content\/uploads\/2024\/07\/Nimetu-kujundus-11.png","datePublished":"2024-07-10T10:00:25+00:00","dateModified":"2026-04-14T06:33:09+00:00","description":"Porkmafia Texas Gold on mausteseos, joka sis\u00e4lt\u00e4\u00e4 suolaa, sokeria, sinappia ja mausteita. Tuotteen nettom\u00e4\u00e4r\u00e4 on 240 g. Ravintosis\u00e4lt\u00f6 100 g:aa kohden: 268 kcal.","breadcrumb":{"@id":"https:\/\/bbqassad.ee\/fi\/toode\/sianlihamafia-texas-gold\/#breadcrumb"},"inLanguage":"fi","potentialAction":[{"@type":"ReadAction","target":["https:\/\/bbqassad.ee\/fi\/toode\/sianlihamafia-texas-gold\/"]}]},{"@type":"ImageObject","inLanguage":"fi","@id":"https:\/\/bbqassad.ee\/fi\/toode\/sianlihamafia-texas-gold\/#primaryimage","url":"https:\/\/bbqassad.ee\/wp-content\/uploads\/2024\/07\/Nimetu-kujundus-11.png","contentUrl":"https:\/\/bbqassad.ee\/wp-content\/uploads\/2024\/07\/Nimetu-kujundus-11.png","width":1280,"height":720},{"@type":"BreadcrumbList","@id":"https:\/\/bbqassad.ee\/fi\/toode\/sianlihamafia-texas-gold\/#breadcrumb","itemListElement":[{"@type":"ListItem","position":1,"name":"Home","item":"https:\/\/bbqassad.ee\/fi\/bbq-assat\/"},{"@type":"ListItem","position":2,"name":"Verkkokauppa","item":"https:\/\/bbqassad.ee\/fi\/verkkokauppa\/"},{"@type":"ListItem","position":3,"name":"Pork Mafia Texas Gold"}]},{"@type":"WebSite","@id":"https:\/\/bbqassad.ee\/fi\/#website","url":"https:\/\/bbqassad.ee\/fi\/","name":"BBQ \u00c4ssad","description":"BBQ maitseained, kastmed, ahjud","publisher":{"@id":"https:\/\/bbqassad.ee\/fi\/#organization"},"potentialAction":[{"@type":"SearchAction","target":{"@type":"EntryPoint","urlTemplate":"https:\/\/bbqassad.ee\/fi\/?s={search_term_string}"},"query-input":{"@type":"PropertyValueSpecification","valueRequired":true,"valueName":"search_term_string"}}],"inLanguage":"fi"},{"@type":"Organization","@id":"https:\/\/bbqassad.ee\/fi\/#organization","name":"BBQ \u00c4ssad","url":"https:\/\/bbqassad.ee\/fi\/","logo":{"@type":"ImageObject","inLanguage":"fi","@id":"https:\/\/bbqassad.ee\/fi\/#\/schema\/logo\/image\/","url":"https:\/\/bbqassad.ee\/wp-content\/uploads\/2022\/10\/BBQ-2ssadlogo.png","contentUrl":"https:\/\/bbqassad.ee\/wp-content\/uploads\/2022\/10\/BBQ-2ssadlogo.png","width":1080,"height":1080,"caption":"BBQ \u00c4ssad"},"image":{"@id":"https:\/\/bbqassad.ee\/fi\/#\/schema\/logo\/image\/"},"sameAs":["https:\/\/www.facebook.com\/bbqassad","https:\/\/www.youtube.com\/channel\/UCsoufn49J6TVi9Ah9meE93w"]}]}},"_links":{"self":[{"href":"https:\/\/bbqassad.ee\/fi\/wp-json\/wp\/v2\/product\/22659","targetHints":{"allow":["GET"]}}],"collection":[{"href":"https:\/\/bbqassad.ee\/fi\/wp-json\/wp\/v2\/product"}],"about":[{"href":"https:\/\/bbqassad.ee\/fi\/wp-json\/wp\/v2\/types\/product"}],"replies":[{"embeddable":true,"href":"https:\/\/bbqassad.ee\/fi\/wp-json\/wp\/v2\/comments?post=22659"}],"wp:featuredmedia":[{"embeddable":true,"href":"https:\/\/bbqassad.ee\/fi\/wp-json\/wp\/v2\/media\/22660"}],"wp:attachment":[{"href":"https:\/\/bbqassad.ee\/fi\/wp-json\/wp\/v2\/media?parent=22659"}],"wp:term":[{"taxonomy":"product_brand","embeddable":true,"href":"https:\/\/bbqassad.ee\/fi\/wp-json\/wp\/v2\/product_brand?post=22659"},{"taxonomy":"product_cat","embeddable":true,"href":"https:\/\/bbqassad.ee\/fi\/wp-json\/wp\/v2\/product_cat?post=22659"},{"taxonomy":"product_tag","embeddable":true,"href":"https:\/\/bbqassad.ee\/fi\/wp-json\/wp\/v2\/product_tag?post=22659"}],"curies":[{"name":"wp","href":"https:\/\/api.w.org\/{rel}","templated":true}]}}