{"id":22655,"date":"2024-07-10T13:39:22","date_gmt":"2024-07-10T13:39:22","guid":{"rendered":"https:\/\/bbqassad.ee\/toode\/bbq-pit-boys-spg-2\/"},"modified":"2026-04-14T06:33:09","modified_gmt":"2026-04-14T06:33:09","slug":"bbq-pit-boys-spg-2","status":"publish","type":"product","link":"https:\/\/bbqassad.ee\/fi\/toode\/bbq-pit-boys-spg-2\/","title":{"rendered":"BBQ Pit Boys SPG"},"content":{"rendered":"<p>BBQ Pit Boys on luultavasti vanhin ja tunnetuin Youtube-kanava, joka tekee BBQ:ta ja grillausta. N\u00e4m\u00e4 kova\u00e4\u00e4niset veljekset eiv\u00e4t tietenk\u00e4\u00e4n ole j\u00e4tt\u00e4neet k\u00e4ytt\u00e4m\u00e4tt\u00e4 tilaisuutta ansaita lis\u00e4rahaa purkittamalla omaa tuotemerkki\u00e4\u00e4n. Klassisinta on SPG eli suola, pippuri ja valkosipuli. Viel\u00e4k\u00f6 se on? N\u00e4m\u00e4 veljeksetk\u00e4\u00e4n eiv\u00e4t olleet sit\u00e4 mielt\u00e4, ja SPG:ll\u00e4 on aivan eri merkitys, ehk\u00e4 se on saanut oman lis\u00e4ns\u00e4.    <\/p>\n<h3>BBQ Aces kommentti<\/h3>\n<p>SPG:n valmistuksesta k\u00e4yd\u00e4\u00e4n todellista kilpailua, koska kaikki yritt\u00e4v\u00e4t tehd\u00e4 t\u00e4st\u00e4 klassisesta sekoituksesta entist\u00e4kin paremman &#8211; betoni on todellakin klassista parempaa. Siin\u00e4 on sokeria, toisin kuin monissa muissa, joten ole varovainen grillatessasi liekill\u00e4. Maku on kuitenkin voimakas!  <\/p>\n<p><span style=\"font-size: 20.15999984741211px; color: #333333;\">Ammattilaisen vinkki<\/span><\/p>\n<p>Mutta laita naudan- tai lampaanlihaa tai&#8230;. mit\u00e4 tahansa, jopa vihannekset tekiv\u00e4t tepposet. <\/p>\n","protected":false},"excerpt":{"rendered":"<p style=\"font-weight: 400;\"><strong>Nettom\u00e4\u00e4r\u00e4<\/strong> 250g<\/p>\n<p style=\"font-weight: 400;\"><strong>Ainesosat<\/strong>: Sokeri, suola, valkosipulijauhe, mustapippuri, inkiv\u00e4\u00e4ri, chilijauhe, kuivattu sipuli, aniksen siemenet, paprika.<\/p>\n<p style=\"font-weight: 400;\"><strong>Ravintosis\u00e4lt\u00f6 100 g<\/strong> <strong>kohti<\/strong>: Energiaa 239 kcal (1014 kJ), Rasvat 1,4 g, josta tyydyttyneit\u00e4 rasvahappoja 0,3 g, Hiilihydraatit 50,6 g, josta sokereita 42,8 g, Proteiini 3,5 g, Suola 32,2 g.<\/p>\n","protected":false},"featured_media":22656,"comment_status":"open","ping_status":"closed","template":"","meta":[],"product_brand":[],"product_cat":[802],"product_tag":[],"class_list":{"0":"post-22655","1":"product","2":"type-product","3":"status-publish","4":"has-post-thumbnail","6":"product_cat-sekoitukset","8":"first","9":"instock","10":"taxable","11":"shipping-taxable","12":"purchasable","13":"product-type-simple"},"yoast_head":"<!-- This site is optimized with the Yoast SEO plugin v27.4 - https:\/\/yoast.com\/product\/yoast-seo-wordpress\/ -->\n<title>BBQ Pit Boys SPG 250g - BBQ \u00c4ssad%<\/title>\n<meta name=\"description\" content=\"BBQ Pit Boys SPG on mausteseos, joka sis\u00e4lt\u00e4\u00e4 sokeria, suolaa, valkosipulijauhetta, mustapippuria ja inkiv\u00e4\u00e4ri\u00e4. Ihanteellinen grillaukseen ja maustamiseen.\" \/>\n<meta name=\"robots\" content=\"index, follow, max-snippet:-1, max-image-preview:large, max-video-preview:-1\" \/>\n<link rel=\"canonical\" href=\"https:\/\/bbqassad.ee\/fi\/toode\/bbq-pit-boys-spg-2\/\" \/>\n<meta property=\"og:locale\" content=\"fi_FI\" \/>\n<meta property=\"og:type\" content=\"article\" \/>\n<meta property=\"og:title\" content=\"BBQ Pit Boys SPG 250g - BBQ \u00c4ssad%\" \/>\n<meta property=\"og:description\" content=\"BBQ Pit Boys SPG on mausteseos, joka sis\u00e4lt\u00e4\u00e4 sokeria, suolaa, valkosipulijauhetta, mustapippuria ja inkiv\u00e4\u00e4ri\u00e4. Ihanteellinen grillaukseen ja maustamiseen.\" \/>\n<meta property=\"og:url\" content=\"https:\/\/bbqassad.ee\/fi\/toode\/bbq-pit-boys-spg-2\/\" \/>\n<meta property=\"og:site_name\" content=\"BBQ \u00c4ssad\" \/>\n<meta property=\"article:publisher\" content=\"https:\/\/www.facebook.com\/bbqassad\" \/>\n<meta property=\"article:modified_time\" content=\"2026-04-14T06:33:09+00:00\" \/>\n<meta property=\"og:image\" content=\"https:\/\/bbqassad.ee\/wp-content\/uploads\/2024\/07\/Nimetu-kujundus-13.png\" \/>\n<meta name=\"twitter:card\" content=\"summary_large_image\" \/>\n<meta name=\"twitter:title\" content=\"BBQ Pit Boys SPG 250g - BBQ \u00c4ssad%\" \/>\n<meta name=\"twitter:description\" content=\"BBQ Pit Boys SPG on mausteseos, joka sis\u00e4lt\u00e4\u00e4 sokeria, suolaa, valkosipulijauhetta, mustapippuria ja inkiv\u00e4\u00e4ri\u00e4. Ihanteellinen grillaukseen ja maustamiseen.\" \/>\n<meta name=\"twitter:image\" content=\"https:\/\/bbqassad.ee\/wp-content\/uploads\/2024\/07\/Nimetu-kujundus-13.png\" \/>\n<meta name=\"twitter:label1\" content=\"Arvioitu lukuaika\" \/>\n\t<meta name=\"twitter:data1\" content=\"1 minuutti\" \/>\n<script type=\"application\/ld+json\" class=\"yoast-schema-graph\">{\"@context\":\"https:\\\/\\\/schema.org\",\"@graph\":[{\"@type\":\"WebPage\",\"@id\":\"https:\\\/\\\/bbqassad.ee\\\/fi\\\/toode\\\/bbq-pit-boys-spg-2\\\/\",\"url\":\"https:\\\/\\\/bbqassad.ee\\\/fi\\\/toode\\\/bbq-pit-boys-spg-2\\\/\",\"name\":\"BBQ Pit Boys SPG 250g - BBQ \u00c4ssad%\",\"isPartOf\":{\"@id\":\"https:\\\/\\\/bbqassad.ee\\\/fi\\\/#website\"},\"primaryImageOfPage\":{\"@id\":\"https:\\\/\\\/bbqassad.ee\\\/fi\\\/toode\\\/bbq-pit-boys-spg-2\\\/#primaryimage\"},\"image\":{\"@id\":\"https:\\\/\\\/bbqassad.ee\\\/fi\\\/toode\\\/bbq-pit-boys-spg-2\\\/#primaryimage\"},\"thumbnailUrl\":\"https:\\\/\\\/bbqassad.ee\\\/wp-content\\\/uploads\\\/2024\\\/07\\\/Nimetu-kujundus-13.png\",\"datePublished\":\"2024-07-10T13:39:22+00:00\",\"dateModified\":\"2026-04-14T06:33:09+00:00\",\"description\":\"BBQ Pit Boys SPG on mausteseos, joka sis\u00e4lt\u00e4\u00e4 sokeria, suolaa, valkosipulijauhetta, mustapippuria ja inkiv\u00e4\u00e4ri\u00e4. Ihanteellinen grillaukseen ja maustamiseen.\",\"breadcrumb\":{\"@id\":\"https:\\\/\\\/bbqassad.ee\\\/fi\\\/toode\\\/bbq-pit-boys-spg-2\\\/#breadcrumb\"},\"inLanguage\":\"fi\",\"potentialAction\":[{\"@type\":\"ReadAction\",\"target\":[\"https:\\\/\\\/bbqassad.ee\\\/fi\\\/toode\\\/bbq-pit-boys-spg-2\\\/\"]}]},{\"@type\":\"ImageObject\",\"inLanguage\":\"fi\",\"@id\":\"https:\\\/\\\/bbqassad.ee\\\/fi\\\/toode\\\/bbq-pit-boys-spg-2\\\/#primaryimage\",\"url\":\"https:\\\/\\\/bbqassad.ee\\\/wp-content\\\/uploads\\\/2024\\\/07\\\/Nimetu-kujundus-13.png\",\"contentUrl\":\"https:\\\/\\\/bbqassad.ee\\\/wp-content\\\/uploads\\\/2024\\\/07\\\/Nimetu-kujundus-13.png\",\"width\":1280,\"height\":720},{\"@type\":\"BreadcrumbList\",\"@id\":\"https:\\\/\\\/bbqassad.ee\\\/fi\\\/toode\\\/bbq-pit-boys-spg-2\\\/#breadcrumb\",\"itemListElement\":[{\"@type\":\"ListItem\",\"position\":1,\"name\":\"Home\",\"item\":\"https:\\\/\\\/bbqassad.ee\\\/fi\\\/bbq-assat\\\/\"},{\"@type\":\"ListItem\",\"position\":2,\"name\":\"Verkkokauppa\",\"item\":\"https:\\\/\\\/bbqassad.ee\\\/fi\\\/verkkokauppa\\\/\"},{\"@type\":\"ListItem\",\"position\":3,\"name\":\"BBQ Pit Boys SPG\"}]},{\"@type\":\"WebSite\",\"@id\":\"https:\\\/\\\/bbqassad.ee\\\/fi\\\/#website\",\"url\":\"https:\\\/\\\/bbqassad.ee\\\/fi\\\/\",\"name\":\"BBQ \u00c4ssad\",\"description\":\"BBQ maitseained, kastmed, ahjud\",\"publisher\":{\"@id\":\"https:\\\/\\\/bbqassad.ee\\\/fi\\\/#organization\"},\"potentialAction\":[{\"@type\":\"SearchAction\",\"target\":{\"@type\":\"EntryPoint\",\"urlTemplate\":\"https:\\\/\\\/bbqassad.ee\\\/fi\\\/?s={search_term_string}\"},\"query-input\":{\"@type\":\"PropertyValueSpecification\",\"valueRequired\":true,\"valueName\":\"search_term_string\"}}],\"inLanguage\":\"fi\"},{\"@type\":\"Organization\",\"@id\":\"https:\\\/\\\/bbqassad.ee\\\/fi\\\/#organization\",\"name\":\"BBQ \u00c4ssad\",\"url\":\"https:\\\/\\\/bbqassad.ee\\\/fi\\\/\",\"logo\":{\"@type\":\"ImageObject\",\"inLanguage\":\"fi\",\"@id\":\"https:\\\/\\\/bbqassad.ee\\\/fi\\\/#\\\/schema\\\/logo\\\/image\\\/\",\"url\":\"https:\\\/\\\/bbqassad.ee\\\/wp-content\\\/uploads\\\/2022\\\/10\\\/BBQ-2ssadlogo.png\",\"contentUrl\":\"https:\\\/\\\/bbqassad.ee\\\/wp-content\\\/uploads\\\/2022\\\/10\\\/BBQ-2ssadlogo.png\",\"width\":1080,\"height\":1080,\"caption\":\"BBQ \u00c4ssad\"},\"image\":{\"@id\":\"https:\\\/\\\/bbqassad.ee\\\/fi\\\/#\\\/schema\\\/logo\\\/image\\\/\"},\"sameAs\":[\"https:\\\/\\\/www.facebook.com\\\/bbqassad\",\"https:\\\/\\\/www.youtube.com\\\/channel\\\/UCsoufn49J6TVi9Ah9meE93w\"]}]}<\/script>\n<!-- \/ Yoast SEO plugin. -->","yoast_head_json":{"title":"BBQ Pit Boys SPG 250g - BBQ \u00c4ssad%","description":"BBQ Pit Boys SPG on mausteseos, joka sis\u00e4lt\u00e4\u00e4 sokeria, suolaa, valkosipulijauhetta, mustapippuria ja inkiv\u00e4\u00e4ri\u00e4. Ihanteellinen grillaukseen ja maustamiseen.","robots":{"index":"index","follow":"follow","max-snippet":"max-snippet:-1","max-image-preview":"max-image-preview:large","max-video-preview":"max-video-preview:-1"},"canonical":"https:\/\/bbqassad.ee\/fi\/toode\/bbq-pit-boys-spg-2\/","og_locale":"fi_FI","og_type":"article","og_title":"BBQ Pit Boys SPG 250g - BBQ \u00c4ssad%","og_description":"BBQ Pit Boys SPG on mausteseos, joka sis\u00e4lt\u00e4\u00e4 sokeria, suolaa, valkosipulijauhetta, mustapippuria ja inkiv\u00e4\u00e4ri\u00e4. Ihanteellinen grillaukseen ja maustamiseen.","og_url":"https:\/\/bbqassad.ee\/fi\/toode\/bbq-pit-boys-spg-2\/","og_site_name":"BBQ \u00c4ssad","article_publisher":"https:\/\/www.facebook.com\/bbqassad","article_modified_time":"2026-04-14T06:33:09+00:00","og_image":[{"url":"https:\/\/bbqassad.ee\/wp-content\/uploads\/2024\/07\/Nimetu-kujundus-13.png","type":"","width":"","height":""}],"twitter_card":"summary_large_image","twitter_title":"BBQ Pit Boys SPG 250g - BBQ \u00c4ssad%","twitter_description":"BBQ Pit Boys SPG on mausteseos, joka sis\u00e4lt\u00e4\u00e4 sokeria, suolaa, valkosipulijauhetta, mustapippuria ja inkiv\u00e4\u00e4ri\u00e4. Ihanteellinen grillaukseen ja maustamiseen.","twitter_image":"https:\/\/bbqassad.ee\/wp-content\/uploads\/2024\/07\/Nimetu-kujundus-13.png","twitter_misc":{"Arvioitu lukuaika":"1 minuutti"},"schema":{"@context":"https:\/\/schema.org","@graph":[{"@type":"WebPage","@id":"https:\/\/bbqassad.ee\/fi\/toode\/bbq-pit-boys-spg-2\/","url":"https:\/\/bbqassad.ee\/fi\/toode\/bbq-pit-boys-spg-2\/","name":"BBQ Pit Boys SPG 250g - BBQ \u00c4ssad%","isPartOf":{"@id":"https:\/\/bbqassad.ee\/fi\/#website"},"primaryImageOfPage":{"@id":"https:\/\/bbqassad.ee\/fi\/toode\/bbq-pit-boys-spg-2\/#primaryimage"},"image":{"@id":"https:\/\/bbqassad.ee\/fi\/toode\/bbq-pit-boys-spg-2\/#primaryimage"},"thumbnailUrl":"https:\/\/bbqassad.ee\/wp-content\/uploads\/2024\/07\/Nimetu-kujundus-13.png","datePublished":"2024-07-10T13:39:22+00:00","dateModified":"2026-04-14T06:33:09+00:00","description":"BBQ Pit Boys SPG on mausteseos, joka sis\u00e4lt\u00e4\u00e4 sokeria, suolaa, valkosipulijauhetta, mustapippuria ja inkiv\u00e4\u00e4ri\u00e4. Ihanteellinen grillaukseen ja maustamiseen.","breadcrumb":{"@id":"https:\/\/bbqassad.ee\/fi\/toode\/bbq-pit-boys-spg-2\/#breadcrumb"},"inLanguage":"fi","potentialAction":[{"@type":"ReadAction","target":["https:\/\/bbqassad.ee\/fi\/toode\/bbq-pit-boys-spg-2\/"]}]},{"@type":"ImageObject","inLanguage":"fi","@id":"https:\/\/bbqassad.ee\/fi\/toode\/bbq-pit-boys-spg-2\/#primaryimage","url":"https:\/\/bbqassad.ee\/wp-content\/uploads\/2024\/07\/Nimetu-kujundus-13.png","contentUrl":"https:\/\/bbqassad.ee\/wp-content\/uploads\/2024\/07\/Nimetu-kujundus-13.png","width":1280,"height":720},{"@type":"BreadcrumbList","@id":"https:\/\/bbqassad.ee\/fi\/toode\/bbq-pit-boys-spg-2\/#breadcrumb","itemListElement":[{"@type":"ListItem","position":1,"name":"Home","item":"https:\/\/bbqassad.ee\/fi\/bbq-assat\/"},{"@type":"ListItem","position":2,"name":"Verkkokauppa","item":"https:\/\/bbqassad.ee\/fi\/verkkokauppa\/"},{"@type":"ListItem","position":3,"name":"BBQ Pit Boys SPG"}]},{"@type":"WebSite","@id":"https:\/\/bbqassad.ee\/fi\/#website","url":"https:\/\/bbqassad.ee\/fi\/","name":"BBQ \u00c4ssad","description":"BBQ maitseained, kastmed, ahjud","publisher":{"@id":"https:\/\/bbqassad.ee\/fi\/#organization"},"potentialAction":[{"@type":"SearchAction","target":{"@type":"EntryPoint","urlTemplate":"https:\/\/bbqassad.ee\/fi\/?s={search_term_string}"},"query-input":{"@type":"PropertyValueSpecification","valueRequired":true,"valueName":"search_term_string"}}],"inLanguage":"fi"},{"@type":"Organization","@id":"https:\/\/bbqassad.ee\/fi\/#organization","name":"BBQ \u00c4ssad","url":"https:\/\/bbqassad.ee\/fi\/","logo":{"@type":"ImageObject","inLanguage":"fi","@id":"https:\/\/bbqassad.ee\/fi\/#\/schema\/logo\/image\/","url":"https:\/\/bbqassad.ee\/wp-content\/uploads\/2022\/10\/BBQ-2ssadlogo.png","contentUrl":"https:\/\/bbqassad.ee\/wp-content\/uploads\/2022\/10\/BBQ-2ssadlogo.png","width":1080,"height":1080,"caption":"BBQ \u00c4ssad"},"image":{"@id":"https:\/\/bbqassad.ee\/fi\/#\/schema\/logo\/image\/"},"sameAs":["https:\/\/www.facebook.com\/bbqassad","https:\/\/www.youtube.com\/channel\/UCsoufn49J6TVi9Ah9meE93w"]}]}},"_links":{"self":[{"href":"https:\/\/bbqassad.ee\/fi\/wp-json\/wp\/v2\/product\/22655","targetHints":{"allow":["GET"]}}],"collection":[{"href":"https:\/\/bbqassad.ee\/fi\/wp-json\/wp\/v2\/product"}],"about":[{"href":"https:\/\/bbqassad.ee\/fi\/wp-json\/wp\/v2\/types\/product"}],"replies":[{"embeddable":true,"href":"https:\/\/bbqassad.ee\/fi\/wp-json\/wp\/v2\/comments?post=22655"}],"wp:featuredmedia":[{"embeddable":true,"href":"https:\/\/bbqassad.ee\/fi\/wp-json\/wp\/v2\/media\/22656"}],"wp:attachment":[{"href":"https:\/\/bbqassad.ee\/fi\/wp-json\/wp\/v2\/media?parent=22655"}],"wp:term":[{"taxonomy":"product_brand","embeddable":true,"href":"https:\/\/bbqassad.ee\/fi\/wp-json\/wp\/v2\/product_brand?post=22655"},{"taxonomy":"product_cat","embeddable":true,"href":"https:\/\/bbqassad.ee\/fi\/wp-json\/wp\/v2\/product_cat?post=22655"},{"taxonomy":"product_tag","embeddable":true,"href":"https:\/\/bbqassad.ee\/fi\/wp-json\/wp\/v2\/product_tag?post=22655"}],"curies":[{"name":"wp","href":"https:\/\/api.w.org\/{rel}","templated":true}]}}