{"id":22649,"date":"2024-07-10T14:05:41","date_gmt":"2024-07-10T14:05:41","guid":{"rendered":"https:\/\/bbqassad.ee\/toode\/lootn-booty-apple-cherry-bbq-kastike\/"},"modified":"2026-04-14T06:33:08","modified_gmt":"2026-04-14T06:33:08","slug":"lootn-booty-apple-cherry-bbq-kastike","status":"publish","type":"product","link":"https:\/\/bbqassad.ee\/fi\/toode\/lootn-booty-apple-cherry-bbq-kastike\/","title":{"rendered":"Loot&#8217;n Booty Apple Cherry BBQ -kastike"},"content":{"rendered":"<p>Loot&#8217;n Booty on tunnettu hieronnoistaan, mutta koska h\u00e4nen takanaan oleva Smitty on syd\u00e4melt\u00e4\u00e4n kilpailija, h\u00e4n ei voinut olla ottamatta askelta pidemm\u00e4lle. Askel eteenp\u00e4in tarkoitti kastikkeita, ja t\u00e4m\u00e4 on omenan ja kirsikan sekoitus. Todella hedelm\u00e4inen ja makea kastike.  <\/p>\n<h3>BBQ Aces kommentti<\/h3>\n<p>Luonnollisen hedelm\u00e4inen kastike. T\u00e4h\u00e4n menness\u00e4 olemme pit\u00e4neet kaikesta, mihin olemme sit\u00e4 laittaneet. <\/p>\n<p><span style=\"font-size: 20.15999984741211px; color: #333333;\">Ammattilaisen vinkki<\/span><\/p>\n<p>Sianliha ja mik\u00e4 on salaisuus &#8211; kylkiluut ovat oikea paikka t\u00e4lle kastikkeelle.<\/p>\n","protected":false},"excerpt":{"rendered":"<p style=\"font-weight: 400;\"><strong>Nettopaino<\/strong> 567 g.<\/p>\n<p style=\"font-weight: 400;\"><strong>Ainesosat:<\/strong> (tislattu etikka, melassi, maissisiirappi, vesi, vesi, suola, karamelliv\u00e4ri, valkosipulijauhe), sokeri, mausteet, sellerin siemenet, tamarindiuute, luontainen aromi), luontainen savuaromi, kirsikkamehutiiviste, sinappijauho, mausteet kuten chilipippuri, sipuli, luontaiset mausteet.<\/p>\n<p><strong>Ravintosis\u00e4lt\u00f6 100 g:aa kohti<\/strong><span style=\"font-weight: 400;\">: energia: 227 kJ\/950 kcal; rasvat: 0,2 g, josta tyydyttyneit\u00e4 rasvahappoja: 0 g; hiilihydraatit: 57 g, josta sokereita: 55 g; proteiinit: 0,7 g; suola: 1,5 g. Tekniset tiedot. <\/span> <\/p>\n","protected":false},"featured_media":22650,"comment_status":"open","ping_status":"closed","template":"","meta":[],"product_brand":[],"product_cat":[788],"product_tag":[],"class_list":{"0":"post-22649","1":"product","2":"type-product","3":"status-publish","4":"has-post-thumbnail","6":"product_cat-kastit","8":"first","9":"instock","10":"taxable","11":"shipping-taxable","12":"purchasable","13":"product-type-simple"},"yoast_head":"<!-- This site is optimized with the Yoast SEO plugin v27.4 - https:\/\/yoast.com\/product\/yoast-seo-wordpress\/ -->\n<title>Loot&#039;n Booty Apple Cherry BBQ Sauce - BBQ \u00c4ssad%<\/title>\n<meta name=\"description\" content=\"Loot&#039;n Booty omena-kirsikka BBQ-kastike 567 g. Ainesosat: sokeri, tomaattipyree, etikka, omenamehutiiviste ja mausteet. Ihanteellinen grillaukseen ja maustamiseen.\" \/>\n<meta name=\"robots\" content=\"index, follow, max-snippet:-1, max-image-preview:large, max-video-preview:-1\" \/>\n<link rel=\"canonical\" href=\"https:\/\/bbqassad.ee\/fi\/toode\/lootn-booty-apple-cherry-bbq-kastike\/\" \/>\n<meta property=\"og:locale\" content=\"fi_FI\" \/>\n<meta property=\"og:type\" content=\"article\" \/>\n<meta property=\"og:title\" content=\"Loot&#039;n Booty Apple Cherry BBQ Sauce - BBQ \u00c4ssad%\" \/>\n<meta property=\"og:description\" content=\"Loot&#039;n Booty omena-kirsikka BBQ-kastike 567 g. Ainesosat: sokeri, tomaattipyree, etikka, omenamehutiiviste ja mausteet. Ihanteellinen grillaukseen ja maustamiseen.\" \/>\n<meta property=\"og:url\" content=\"https:\/\/bbqassad.ee\/fi\/toode\/lootn-booty-apple-cherry-bbq-kastike\/\" \/>\n<meta property=\"og:site_name\" content=\"BBQ \u00c4ssad\" \/>\n<meta property=\"article:publisher\" content=\"https:\/\/www.facebook.com\/bbqassad\" \/>\n<meta property=\"article:modified_time\" content=\"2026-04-14T06:33:08+00:00\" \/>\n<meta property=\"og:image\" content=\"https:\/\/bbqassad.ee\/wp-content\/uploads\/2024\/07\/Nimetu-kujundus-16.png\" \/>\n<meta name=\"twitter:card\" content=\"summary_large_image\" \/>\n<meta name=\"twitter:title\" content=\"Loot&#039;n Booty Apple Cherry BBQ Sauce - BBQ \u00c4ssad%\" \/>\n<meta name=\"twitter:description\" content=\"Loot&#039;n Booty omena-kirsikka BBQ-kastike 567 g. Ainesosat: sokeri, tomaattipyree, etikka, omenamehutiiviste ja mausteet. Ihanteellinen grillaukseen ja maustamiseen.\" \/>\n<meta name=\"twitter:image\" content=\"https:\/\/bbqassad.ee\/wp-content\/uploads\/2024\/07\/Nimetu-kujundus-16.png\" \/>\n<script type=\"application\/ld+json\" class=\"yoast-schema-graph\">{\"@context\":\"https:\\\/\\\/schema.org\",\"@graph\":[{\"@type\":\"WebPage\",\"@id\":\"https:\\\/\\\/bbqassad.ee\\\/fi\\\/toode\\\/lootn-booty-apple-cherry-bbq-kastike\\\/\",\"url\":\"https:\\\/\\\/bbqassad.ee\\\/fi\\\/toode\\\/lootn-booty-apple-cherry-bbq-kastike\\\/\",\"name\":\"Loot'n Booty Apple Cherry BBQ Sauce - BBQ \u00c4ssad%\",\"isPartOf\":{\"@id\":\"https:\\\/\\\/bbqassad.ee\\\/fi\\\/#website\"},\"primaryImageOfPage\":{\"@id\":\"https:\\\/\\\/bbqassad.ee\\\/fi\\\/toode\\\/lootn-booty-apple-cherry-bbq-kastike\\\/#primaryimage\"},\"image\":{\"@id\":\"https:\\\/\\\/bbqassad.ee\\\/fi\\\/toode\\\/lootn-booty-apple-cherry-bbq-kastike\\\/#primaryimage\"},\"thumbnailUrl\":\"https:\\\/\\\/bbqassad.ee\\\/wp-content\\\/uploads\\\/2024\\\/07\\\/Nimetu-kujundus-16.png\",\"datePublished\":\"2024-07-10T14:05:41+00:00\",\"dateModified\":\"2026-04-14T06:33:08+00:00\",\"description\":\"Loot'n Booty omena-kirsikka BBQ-kastike 567 g. Ainesosat: sokeri, tomaattipyree, etikka, omenamehutiiviste ja mausteet. Ihanteellinen grillaukseen ja maustamiseen.\",\"breadcrumb\":{\"@id\":\"https:\\\/\\\/bbqassad.ee\\\/fi\\\/toode\\\/lootn-booty-apple-cherry-bbq-kastike\\\/#breadcrumb\"},\"inLanguage\":\"fi\",\"potentialAction\":[{\"@type\":\"ReadAction\",\"target\":[\"https:\\\/\\\/bbqassad.ee\\\/fi\\\/toode\\\/lootn-booty-apple-cherry-bbq-kastike\\\/\"]}]},{\"@type\":\"ImageObject\",\"inLanguage\":\"fi\",\"@id\":\"https:\\\/\\\/bbqassad.ee\\\/fi\\\/toode\\\/lootn-booty-apple-cherry-bbq-kastike\\\/#primaryimage\",\"url\":\"https:\\\/\\\/bbqassad.ee\\\/wp-content\\\/uploads\\\/2024\\\/07\\\/Nimetu-kujundus-16.png\",\"contentUrl\":\"https:\\\/\\\/bbqassad.ee\\\/wp-content\\\/uploads\\\/2024\\\/07\\\/Nimetu-kujundus-16.png\",\"width\":1280,\"height\":720},{\"@type\":\"BreadcrumbList\",\"@id\":\"https:\\\/\\\/bbqassad.ee\\\/fi\\\/toode\\\/lootn-booty-apple-cherry-bbq-kastike\\\/#breadcrumb\",\"itemListElement\":[{\"@type\":\"ListItem\",\"position\":1,\"name\":\"Home\",\"item\":\"https:\\\/\\\/bbqassad.ee\\\/fi\\\/bbq-assat\\\/\"},{\"@type\":\"ListItem\",\"position\":2,\"name\":\"Verkkokauppa\",\"item\":\"https:\\\/\\\/bbqassad.ee\\\/fi\\\/verkkokauppa\\\/\"},{\"@type\":\"ListItem\",\"position\":3,\"name\":\"Loot&#8217;n Booty Apple Cherry BBQ -kastike\"}]},{\"@type\":\"WebSite\",\"@id\":\"https:\\\/\\\/bbqassad.ee\\\/fi\\\/#website\",\"url\":\"https:\\\/\\\/bbqassad.ee\\\/fi\\\/\",\"name\":\"BBQ \u00c4ssad\",\"description\":\"BBQ maitseained, kastmed, ahjud\",\"publisher\":{\"@id\":\"https:\\\/\\\/bbqassad.ee\\\/fi\\\/#organization\"},\"potentialAction\":[{\"@type\":\"SearchAction\",\"target\":{\"@type\":\"EntryPoint\",\"urlTemplate\":\"https:\\\/\\\/bbqassad.ee\\\/fi\\\/?s={search_term_string}\"},\"query-input\":{\"@type\":\"PropertyValueSpecification\",\"valueRequired\":true,\"valueName\":\"search_term_string\"}}],\"inLanguage\":\"fi\"},{\"@type\":\"Organization\",\"@id\":\"https:\\\/\\\/bbqassad.ee\\\/fi\\\/#organization\",\"name\":\"BBQ \u00c4ssad\",\"url\":\"https:\\\/\\\/bbqassad.ee\\\/fi\\\/\",\"logo\":{\"@type\":\"ImageObject\",\"inLanguage\":\"fi\",\"@id\":\"https:\\\/\\\/bbqassad.ee\\\/fi\\\/#\\\/schema\\\/logo\\\/image\\\/\",\"url\":\"https:\\\/\\\/bbqassad.ee\\\/wp-content\\\/uploads\\\/2022\\\/10\\\/BBQ-2ssadlogo.png\",\"contentUrl\":\"https:\\\/\\\/bbqassad.ee\\\/wp-content\\\/uploads\\\/2022\\\/10\\\/BBQ-2ssadlogo.png\",\"width\":1080,\"height\":1080,\"caption\":\"BBQ \u00c4ssad\"},\"image\":{\"@id\":\"https:\\\/\\\/bbqassad.ee\\\/fi\\\/#\\\/schema\\\/logo\\\/image\\\/\"},\"sameAs\":[\"https:\\\/\\\/www.facebook.com\\\/bbqassad\",\"https:\\\/\\\/www.youtube.com\\\/channel\\\/UCsoufn49J6TVi9Ah9meE93w\"]}]}<\/script>\n<!-- \/ Yoast SEO plugin. -->","yoast_head_json":{"title":"Loot'n Booty Apple Cherry BBQ Sauce - BBQ \u00c4ssad%","description":"Loot'n Booty omena-kirsikka BBQ-kastike 567 g. Ainesosat: sokeri, tomaattipyree, etikka, omenamehutiiviste ja mausteet. Ihanteellinen grillaukseen ja maustamiseen.","robots":{"index":"index","follow":"follow","max-snippet":"max-snippet:-1","max-image-preview":"max-image-preview:large","max-video-preview":"max-video-preview:-1"},"canonical":"https:\/\/bbqassad.ee\/fi\/toode\/lootn-booty-apple-cherry-bbq-kastike\/","og_locale":"fi_FI","og_type":"article","og_title":"Loot'n Booty Apple Cherry BBQ Sauce - BBQ \u00c4ssad%","og_description":"Loot'n Booty omena-kirsikka BBQ-kastike 567 g. Ainesosat: sokeri, tomaattipyree, etikka, omenamehutiiviste ja mausteet. Ihanteellinen grillaukseen ja maustamiseen.","og_url":"https:\/\/bbqassad.ee\/fi\/toode\/lootn-booty-apple-cherry-bbq-kastike\/","og_site_name":"BBQ \u00c4ssad","article_publisher":"https:\/\/www.facebook.com\/bbqassad","article_modified_time":"2026-04-14T06:33:08+00:00","og_image":[{"url":"https:\/\/bbqassad.ee\/wp-content\/uploads\/2024\/07\/Nimetu-kujundus-16.png","type":"","width":"","height":""}],"twitter_card":"summary_large_image","twitter_title":"Loot'n Booty Apple Cherry BBQ Sauce - BBQ \u00c4ssad%","twitter_description":"Loot'n Booty omena-kirsikka BBQ-kastike 567 g. Ainesosat: sokeri, tomaattipyree, etikka, omenamehutiiviste ja mausteet. Ihanteellinen grillaukseen ja maustamiseen.","twitter_image":"https:\/\/bbqassad.ee\/wp-content\/uploads\/2024\/07\/Nimetu-kujundus-16.png","schema":{"@context":"https:\/\/schema.org","@graph":[{"@type":"WebPage","@id":"https:\/\/bbqassad.ee\/fi\/toode\/lootn-booty-apple-cherry-bbq-kastike\/","url":"https:\/\/bbqassad.ee\/fi\/toode\/lootn-booty-apple-cherry-bbq-kastike\/","name":"Loot'n Booty Apple Cherry BBQ Sauce - BBQ \u00c4ssad%","isPartOf":{"@id":"https:\/\/bbqassad.ee\/fi\/#website"},"primaryImageOfPage":{"@id":"https:\/\/bbqassad.ee\/fi\/toode\/lootn-booty-apple-cherry-bbq-kastike\/#primaryimage"},"image":{"@id":"https:\/\/bbqassad.ee\/fi\/toode\/lootn-booty-apple-cherry-bbq-kastike\/#primaryimage"},"thumbnailUrl":"https:\/\/bbqassad.ee\/wp-content\/uploads\/2024\/07\/Nimetu-kujundus-16.png","datePublished":"2024-07-10T14:05:41+00:00","dateModified":"2026-04-14T06:33:08+00:00","description":"Loot'n Booty omena-kirsikka BBQ-kastike 567 g. Ainesosat: sokeri, tomaattipyree, etikka, omenamehutiiviste ja mausteet. Ihanteellinen grillaukseen ja maustamiseen.","breadcrumb":{"@id":"https:\/\/bbqassad.ee\/fi\/toode\/lootn-booty-apple-cherry-bbq-kastike\/#breadcrumb"},"inLanguage":"fi","potentialAction":[{"@type":"ReadAction","target":["https:\/\/bbqassad.ee\/fi\/toode\/lootn-booty-apple-cherry-bbq-kastike\/"]}]},{"@type":"ImageObject","inLanguage":"fi","@id":"https:\/\/bbqassad.ee\/fi\/toode\/lootn-booty-apple-cherry-bbq-kastike\/#primaryimage","url":"https:\/\/bbqassad.ee\/wp-content\/uploads\/2024\/07\/Nimetu-kujundus-16.png","contentUrl":"https:\/\/bbqassad.ee\/wp-content\/uploads\/2024\/07\/Nimetu-kujundus-16.png","width":1280,"height":720},{"@type":"BreadcrumbList","@id":"https:\/\/bbqassad.ee\/fi\/toode\/lootn-booty-apple-cherry-bbq-kastike\/#breadcrumb","itemListElement":[{"@type":"ListItem","position":1,"name":"Home","item":"https:\/\/bbqassad.ee\/fi\/bbq-assat\/"},{"@type":"ListItem","position":2,"name":"Verkkokauppa","item":"https:\/\/bbqassad.ee\/fi\/verkkokauppa\/"},{"@type":"ListItem","position":3,"name":"Loot&#8217;n Booty Apple Cherry BBQ -kastike"}]},{"@type":"WebSite","@id":"https:\/\/bbqassad.ee\/fi\/#website","url":"https:\/\/bbqassad.ee\/fi\/","name":"BBQ \u00c4ssad","description":"BBQ maitseained, kastmed, ahjud","publisher":{"@id":"https:\/\/bbqassad.ee\/fi\/#organization"},"potentialAction":[{"@type":"SearchAction","target":{"@type":"EntryPoint","urlTemplate":"https:\/\/bbqassad.ee\/fi\/?s={search_term_string}"},"query-input":{"@type":"PropertyValueSpecification","valueRequired":true,"valueName":"search_term_string"}}],"inLanguage":"fi"},{"@type":"Organization","@id":"https:\/\/bbqassad.ee\/fi\/#organization","name":"BBQ \u00c4ssad","url":"https:\/\/bbqassad.ee\/fi\/","logo":{"@type":"ImageObject","inLanguage":"fi","@id":"https:\/\/bbqassad.ee\/fi\/#\/schema\/logo\/image\/","url":"https:\/\/bbqassad.ee\/wp-content\/uploads\/2022\/10\/BBQ-2ssadlogo.png","contentUrl":"https:\/\/bbqassad.ee\/wp-content\/uploads\/2022\/10\/BBQ-2ssadlogo.png","width":1080,"height":1080,"caption":"BBQ \u00c4ssad"},"image":{"@id":"https:\/\/bbqassad.ee\/fi\/#\/schema\/logo\/image\/"},"sameAs":["https:\/\/www.facebook.com\/bbqassad","https:\/\/www.youtube.com\/channel\/UCsoufn49J6TVi9Ah9meE93w"]}]}},"_links":{"self":[{"href":"https:\/\/bbqassad.ee\/fi\/wp-json\/wp\/v2\/product\/22649","targetHints":{"allow":["GET"]}}],"collection":[{"href":"https:\/\/bbqassad.ee\/fi\/wp-json\/wp\/v2\/product"}],"about":[{"href":"https:\/\/bbqassad.ee\/fi\/wp-json\/wp\/v2\/types\/product"}],"replies":[{"embeddable":true,"href":"https:\/\/bbqassad.ee\/fi\/wp-json\/wp\/v2\/comments?post=22649"}],"wp:featuredmedia":[{"embeddable":true,"href":"https:\/\/bbqassad.ee\/fi\/wp-json\/wp\/v2\/media\/22650"}],"wp:attachment":[{"href":"https:\/\/bbqassad.ee\/fi\/wp-json\/wp\/v2\/media?parent=22649"}],"wp:term":[{"taxonomy":"product_brand","embeddable":true,"href":"https:\/\/bbqassad.ee\/fi\/wp-json\/wp\/v2\/product_brand?post=22649"},{"taxonomy":"product_cat","embeddable":true,"href":"https:\/\/bbqassad.ee\/fi\/wp-json\/wp\/v2\/product_cat?post=22649"},{"taxonomy":"product_tag","embeddable":true,"href":"https:\/\/bbqassad.ee\/fi\/wp-json\/wp\/v2\/product_tag?post=22649"}],"curies":[{"name":"wp","href":"https:\/\/api.w.org\/{rel}","templated":true}]}}