{"id":22647,"date":"2024-07-10T14:25:40","date_gmt":"2024-07-10T14:25:40","guid":{"rendered":"https:\/\/bbqassad.ee\/toode\/kosmos-q-paras-oluttolkki-kananpoikarouhe-kosmos-q-paras-oluttolkki-kananpoikarouhe\/"},"modified":"2026-04-14T06:33:08","modified_gmt":"2026-04-14T06:33:08","slug":"kosmos-q-paras-oluttolkki-kananpoikarouhe-kosmos-q-paras-oluttolkki-kananpoikarouhe","status":"publish","type":"product","link":"https:\/\/bbqassad.ee\/fi\/toode\/kosmos-q-paras-oluttolkki-kananpoikarouhe-kosmos-q-paras-oluttolkki-kananpoikarouhe\/","title":{"rendered":"Kosmo&#8217;s Q Best Beer Can Chicken -mausteseos"},"content":{"rendered":"<p>Kosmos Q tunnetaan jo Dirty Bird -nimisest\u00e4 kanahieronnastaan. Mit\u00e4 muuta se sitten on? No se on jotain t\u00e4ysin erilaista. Ensinn\u00e4kin, unohtakaa sokeri, sit\u00e4 ei yksinkertaisesti ole, ei lainkaan. Se on selv\u00e4sti suolaisen makuinen, ja siin\u00e4 on ripaus mausteita ja muita perinteisi\u00e4 kananlihan makuja.    <\/p>\n<h3>BBQ Aces kommentti<\/h3>\n<p>T\u00e4m\u00e4n hieronnan tarkoituksena on maustaa kana, maustaa se siten, ett\u00e4 kanan oma maku tulee paremmin esiin ja ett\u00e4 sit\u00e4 vahvistetaan, ja lis\u00e4t\u00e4 kaikenlaista, mist\u00e4 kana pit\u00e4\u00e4. Ole vain varovainen, sill\u00e4 se mauste muuttuu eritt\u00e4in tuntuvaksi suurissa m\u00e4\u00e4riss\u00e4. <\/p>\n<p><span style=\"font-size: 20.15999984741211px; color: #333333;\">Ammattilaisen vinkki<\/span><\/p>\n<p>T\u00f6lkki, olut ja kana, tee niin kuin tuotteen nimi sanoo.<\/p>\n","protected":false},"excerpt":{"rendered":"<p style=\"font-weight: 400;\"><strong>Nettopaino<\/strong> 347 g.<\/p>\n<p style=\"font-weight: 400;\"><strong>Ainesosat:<\/strong> Ainesosat: suola, kuivattu valkosipuli, kuivattu sipuli, mausteet, kuivattu punainen paprika, sitruunankuorijauhe, sitruunahappo, hiivauute, puhdistettu soija\u00f6ljy, oleoresiinipaprika ja alle 2 % trikalsiumfosfaattia (paakkuuntumisenestoaine).<\/p>\n<p><strong>Ravintosis\u00e4lt\u00f6 100 g:aa kohti<\/strong><span style=\"font-weight: 400;\">: energia: 250 kJ\/1046 kcal; rasvat: 0 g, josta tyydyttyneit\u00e4 rasvahappoja: 0 g; hiilihydraatit: 50 g, josta sokereita: 0 g; proteiinit: 0 g; suola: 28,8 g.<\/span><\/p>\n","protected":false},"featured_media":22648,"comment_status":"open","ping_status":"closed","template":"","meta":[],"product_brand":[],"product_cat":[802],"product_tag":[],"class_list":{"0":"post-22647","1":"product","2":"type-product","3":"status-publish","4":"has-post-thumbnail","6":"product_cat-sekoitukset","8":"first","9":"outofstock","10":"taxable","11":"shipping-taxable","12":"purchasable","13":"product-type-simple"},"yoast_head":"<!-- This site is optimized with the Yoast SEO plugin v27.4 - https:\/\/yoast.com\/product\/yoast-seo-wordpress\/ -->\n<title>Kosmos Q Beer Can Chicken Rub 347 g -% BBQ \u00c4ssad%<\/title>\n<meta name=\"description\" content=\"Kosmos Q Beer Can Chicken Rub on mausteseos, joka sis\u00e4lt\u00e4\u00e4 suolaa, kuivattua valkosipulia, sipulia ja mausteita. Ihanteellinen grillaukseen ja maustamiseen.\" \/>\n<meta name=\"robots\" content=\"index, follow, max-snippet:-1, max-image-preview:large, max-video-preview:-1\" \/>\n<link rel=\"canonical\" href=\"https:\/\/bbqassad.ee\/fi\/toode\/kosmos-q-paras-oluttolkki-kananpoikarouhe-kosmos-q-paras-oluttolkki-kananpoikarouhe\/\" \/>\n<meta property=\"og:locale\" content=\"fi_FI\" \/>\n<meta property=\"og:type\" content=\"article\" \/>\n<meta property=\"og:title\" content=\"Kosmos Q Beer Can Chicken Rub 347 g -% BBQ \u00c4ssad%\" \/>\n<meta property=\"og:description\" content=\"Kosmos Q Beer Can Chicken Rub on mausteseos, joka sis\u00e4lt\u00e4\u00e4 suolaa, kuivattua valkosipulia, sipulia ja mausteita. Ihanteellinen grillaukseen ja maustamiseen.\" \/>\n<meta property=\"og:url\" content=\"https:\/\/bbqassad.ee\/fi\/toode\/kosmos-q-paras-oluttolkki-kananpoikarouhe-kosmos-q-paras-oluttolkki-kananpoikarouhe\/\" \/>\n<meta property=\"og:site_name\" content=\"BBQ \u00c4ssad\" \/>\n<meta property=\"article:publisher\" content=\"https:\/\/www.facebook.com\/bbqassad\" \/>\n<meta property=\"article:modified_time\" content=\"2026-04-14T06:33:08+00:00\" \/>\n<meta property=\"og:image\" content=\"https:\/\/bbqassad.ee\/wp-content\/uploads\/2024\/07\/Nimetu-kujundus-17.png\" \/>\n<meta name=\"twitter:card\" content=\"summary_large_image\" \/>\n<meta name=\"twitter:title\" content=\"Kosmos Q Beer Can Chicken Rub 347 g -% BBQ \u00c4ssad%\" \/>\n<meta name=\"twitter:description\" content=\"Kosmos Q Beer Can Chicken Rub on mausteseos, joka sis\u00e4lt\u00e4\u00e4 suolaa, kuivattua valkosipulia, sipulia ja mausteita. Ihanteellinen grillaukseen ja maustamiseen.\" \/>\n<meta name=\"twitter:image\" content=\"https:\/\/bbqassad.ee\/wp-content\/uploads\/2024\/07\/Nimetu-kujundus-17.png\" \/>\n<meta name=\"twitter:label1\" content=\"Arvioitu lukuaika\" \/>\n\t<meta name=\"twitter:data1\" content=\"1 minuutti\" \/>\n<script type=\"application\/ld+json\" class=\"yoast-schema-graph\">{\"@context\":\"https:\\\/\\\/schema.org\",\"@graph\":[{\"@type\":\"WebPage\",\"@id\":\"https:\\\/\\\/bbqassad.ee\\\/fi\\\/toode\\\/kosmos-q-paras-oluttolkki-kananpoikarouhe-kosmos-q-paras-oluttolkki-kananpoikarouhe\\\/\",\"url\":\"https:\\\/\\\/bbqassad.ee\\\/fi\\\/toode\\\/kosmos-q-paras-oluttolkki-kananpoikarouhe-kosmos-q-paras-oluttolkki-kananpoikarouhe\\\/\",\"name\":\"Kosmos Q Beer Can Chicken Rub 347 g -% BBQ \u00c4ssad%\",\"isPartOf\":{\"@id\":\"https:\\\/\\\/bbqassad.ee\\\/fi\\\/#website\"},\"primaryImageOfPage\":{\"@id\":\"https:\\\/\\\/bbqassad.ee\\\/fi\\\/toode\\\/kosmos-q-paras-oluttolkki-kananpoikarouhe-kosmos-q-paras-oluttolkki-kananpoikarouhe\\\/#primaryimage\"},\"image\":{\"@id\":\"https:\\\/\\\/bbqassad.ee\\\/fi\\\/toode\\\/kosmos-q-paras-oluttolkki-kananpoikarouhe-kosmos-q-paras-oluttolkki-kananpoikarouhe\\\/#primaryimage\"},\"thumbnailUrl\":\"https:\\\/\\\/bbqassad.ee\\\/wp-content\\\/uploads\\\/2024\\\/07\\\/Nimetu-kujundus-17.png\",\"datePublished\":\"2024-07-10T14:25:40+00:00\",\"dateModified\":\"2026-04-14T06:33:08+00:00\",\"description\":\"Kosmos Q Beer Can Chicken Rub on mausteseos, joka sis\u00e4lt\u00e4\u00e4 suolaa, kuivattua valkosipulia, sipulia ja mausteita. Ihanteellinen grillaukseen ja maustamiseen.\",\"breadcrumb\":{\"@id\":\"https:\\\/\\\/bbqassad.ee\\\/fi\\\/toode\\\/kosmos-q-paras-oluttolkki-kananpoikarouhe-kosmos-q-paras-oluttolkki-kananpoikarouhe\\\/#breadcrumb\"},\"inLanguage\":\"fi\",\"potentialAction\":[{\"@type\":\"ReadAction\",\"target\":[\"https:\\\/\\\/bbqassad.ee\\\/fi\\\/toode\\\/kosmos-q-paras-oluttolkki-kananpoikarouhe-kosmos-q-paras-oluttolkki-kananpoikarouhe\\\/\"]}]},{\"@type\":\"ImageObject\",\"inLanguage\":\"fi\",\"@id\":\"https:\\\/\\\/bbqassad.ee\\\/fi\\\/toode\\\/kosmos-q-paras-oluttolkki-kananpoikarouhe-kosmos-q-paras-oluttolkki-kananpoikarouhe\\\/#primaryimage\",\"url\":\"https:\\\/\\\/bbqassad.ee\\\/wp-content\\\/uploads\\\/2024\\\/07\\\/Nimetu-kujundus-17.png\",\"contentUrl\":\"https:\\\/\\\/bbqassad.ee\\\/wp-content\\\/uploads\\\/2024\\\/07\\\/Nimetu-kujundus-17.png\",\"width\":1280,\"height\":720},{\"@type\":\"BreadcrumbList\",\"@id\":\"https:\\\/\\\/bbqassad.ee\\\/fi\\\/toode\\\/kosmos-q-paras-oluttolkki-kananpoikarouhe-kosmos-q-paras-oluttolkki-kananpoikarouhe\\\/#breadcrumb\",\"itemListElement\":[{\"@type\":\"ListItem\",\"position\":1,\"name\":\"Home\",\"item\":\"https:\\\/\\\/bbqassad.ee\\\/fi\\\/bbq-assat\\\/\"},{\"@type\":\"ListItem\",\"position\":2,\"name\":\"Verkkokauppa\",\"item\":\"https:\\\/\\\/bbqassad.ee\\\/fi\\\/verkkokauppa\\\/\"},{\"@type\":\"ListItem\",\"position\":3,\"name\":\"Kosmo&#8217;s Q Best Beer Can Chicken -mausteseos\"}]},{\"@type\":\"WebSite\",\"@id\":\"https:\\\/\\\/bbqassad.ee\\\/fi\\\/#website\",\"url\":\"https:\\\/\\\/bbqassad.ee\\\/fi\\\/\",\"name\":\"BBQ \u00c4ssad\",\"description\":\"BBQ maitseained, kastmed, ahjud\",\"publisher\":{\"@id\":\"https:\\\/\\\/bbqassad.ee\\\/fi\\\/#organization\"},\"potentialAction\":[{\"@type\":\"SearchAction\",\"target\":{\"@type\":\"EntryPoint\",\"urlTemplate\":\"https:\\\/\\\/bbqassad.ee\\\/fi\\\/?s={search_term_string}\"},\"query-input\":{\"@type\":\"PropertyValueSpecification\",\"valueRequired\":true,\"valueName\":\"search_term_string\"}}],\"inLanguage\":\"fi\"},{\"@type\":\"Organization\",\"@id\":\"https:\\\/\\\/bbqassad.ee\\\/fi\\\/#organization\",\"name\":\"BBQ \u00c4ssad\",\"url\":\"https:\\\/\\\/bbqassad.ee\\\/fi\\\/\",\"logo\":{\"@type\":\"ImageObject\",\"inLanguage\":\"fi\",\"@id\":\"https:\\\/\\\/bbqassad.ee\\\/fi\\\/#\\\/schema\\\/logo\\\/image\\\/\",\"url\":\"https:\\\/\\\/bbqassad.ee\\\/wp-content\\\/uploads\\\/2022\\\/10\\\/BBQ-2ssadlogo.png\",\"contentUrl\":\"https:\\\/\\\/bbqassad.ee\\\/wp-content\\\/uploads\\\/2022\\\/10\\\/BBQ-2ssadlogo.png\",\"width\":1080,\"height\":1080,\"caption\":\"BBQ \u00c4ssad\"},\"image\":{\"@id\":\"https:\\\/\\\/bbqassad.ee\\\/fi\\\/#\\\/schema\\\/logo\\\/image\\\/\"},\"sameAs\":[\"https:\\\/\\\/www.facebook.com\\\/bbqassad\",\"https:\\\/\\\/www.youtube.com\\\/channel\\\/UCsoufn49J6TVi9Ah9meE93w\"]}]}<\/script>\n<!-- \/ Yoast SEO plugin. -->","yoast_head_json":{"title":"Kosmos Q Beer Can Chicken Rub 347 g -% BBQ \u00c4ssad%","description":"Kosmos Q Beer Can Chicken Rub on mausteseos, joka sis\u00e4lt\u00e4\u00e4 suolaa, kuivattua valkosipulia, sipulia ja mausteita. Ihanteellinen grillaukseen ja maustamiseen.","robots":{"index":"index","follow":"follow","max-snippet":"max-snippet:-1","max-image-preview":"max-image-preview:large","max-video-preview":"max-video-preview:-1"},"canonical":"https:\/\/bbqassad.ee\/fi\/toode\/kosmos-q-paras-oluttolkki-kananpoikarouhe-kosmos-q-paras-oluttolkki-kananpoikarouhe\/","og_locale":"fi_FI","og_type":"article","og_title":"Kosmos Q Beer Can Chicken Rub 347 g -% BBQ \u00c4ssad%","og_description":"Kosmos Q Beer Can Chicken Rub on mausteseos, joka sis\u00e4lt\u00e4\u00e4 suolaa, kuivattua valkosipulia, sipulia ja mausteita. Ihanteellinen grillaukseen ja maustamiseen.","og_url":"https:\/\/bbqassad.ee\/fi\/toode\/kosmos-q-paras-oluttolkki-kananpoikarouhe-kosmos-q-paras-oluttolkki-kananpoikarouhe\/","og_site_name":"BBQ \u00c4ssad","article_publisher":"https:\/\/www.facebook.com\/bbqassad","article_modified_time":"2026-04-14T06:33:08+00:00","og_image":[{"url":"https:\/\/bbqassad.ee\/wp-content\/uploads\/2024\/07\/Nimetu-kujundus-17.png","type":"","width":"","height":""}],"twitter_card":"summary_large_image","twitter_title":"Kosmos Q Beer Can Chicken Rub 347 g -% BBQ \u00c4ssad%","twitter_description":"Kosmos Q Beer Can Chicken Rub on mausteseos, joka sis\u00e4lt\u00e4\u00e4 suolaa, kuivattua valkosipulia, sipulia ja mausteita. Ihanteellinen grillaukseen ja maustamiseen.","twitter_image":"https:\/\/bbqassad.ee\/wp-content\/uploads\/2024\/07\/Nimetu-kujundus-17.png","twitter_misc":{"Arvioitu lukuaika":"1 minuutti"},"schema":{"@context":"https:\/\/schema.org","@graph":[{"@type":"WebPage","@id":"https:\/\/bbqassad.ee\/fi\/toode\/kosmos-q-paras-oluttolkki-kananpoikarouhe-kosmos-q-paras-oluttolkki-kananpoikarouhe\/","url":"https:\/\/bbqassad.ee\/fi\/toode\/kosmos-q-paras-oluttolkki-kananpoikarouhe-kosmos-q-paras-oluttolkki-kananpoikarouhe\/","name":"Kosmos Q Beer Can Chicken Rub 347 g -% BBQ \u00c4ssad%","isPartOf":{"@id":"https:\/\/bbqassad.ee\/fi\/#website"},"primaryImageOfPage":{"@id":"https:\/\/bbqassad.ee\/fi\/toode\/kosmos-q-paras-oluttolkki-kananpoikarouhe-kosmos-q-paras-oluttolkki-kananpoikarouhe\/#primaryimage"},"image":{"@id":"https:\/\/bbqassad.ee\/fi\/toode\/kosmos-q-paras-oluttolkki-kananpoikarouhe-kosmos-q-paras-oluttolkki-kananpoikarouhe\/#primaryimage"},"thumbnailUrl":"https:\/\/bbqassad.ee\/wp-content\/uploads\/2024\/07\/Nimetu-kujundus-17.png","datePublished":"2024-07-10T14:25:40+00:00","dateModified":"2026-04-14T06:33:08+00:00","description":"Kosmos Q Beer Can Chicken Rub on mausteseos, joka sis\u00e4lt\u00e4\u00e4 suolaa, kuivattua valkosipulia, sipulia ja mausteita. Ihanteellinen grillaukseen ja maustamiseen.","breadcrumb":{"@id":"https:\/\/bbqassad.ee\/fi\/toode\/kosmos-q-paras-oluttolkki-kananpoikarouhe-kosmos-q-paras-oluttolkki-kananpoikarouhe\/#breadcrumb"},"inLanguage":"fi","potentialAction":[{"@type":"ReadAction","target":["https:\/\/bbqassad.ee\/fi\/toode\/kosmos-q-paras-oluttolkki-kananpoikarouhe-kosmos-q-paras-oluttolkki-kananpoikarouhe\/"]}]},{"@type":"ImageObject","inLanguage":"fi","@id":"https:\/\/bbqassad.ee\/fi\/toode\/kosmos-q-paras-oluttolkki-kananpoikarouhe-kosmos-q-paras-oluttolkki-kananpoikarouhe\/#primaryimage","url":"https:\/\/bbqassad.ee\/wp-content\/uploads\/2024\/07\/Nimetu-kujundus-17.png","contentUrl":"https:\/\/bbqassad.ee\/wp-content\/uploads\/2024\/07\/Nimetu-kujundus-17.png","width":1280,"height":720},{"@type":"BreadcrumbList","@id":"https:\/\/bbqassad.ee\/fi\/toode\/kosmos-q-paras-oluttolkki-kananpoikarouhe-kosmos-q-paras-oluttolkki-kananpoikarouhe\/#breadcrumb","itemListElement":[{"@type":"ListItem","position":1,"name":"Home","item":"https:\/\/bbqassad.ee\/fi\/bbq-assat\/"},{"@type":"ListItem","position":2,"name":"Verkkokauppa","item":"https:\/\/bbqassad.ee\/fi\/verkkokauppa\/"},{"@type":"ListItem","position":3,"name":"Kosmo&#8217;s Q Best Beer Can Chicken -mausteseos"}]},{"@type":"WebSite","@id":"https:\/\/bbqassad.ee\/fi\/#website","url":"https:\/\/bbqassad.ee\/fi\/","name":"BBQ \u00c4ssad","description":"BBQ maitseained, kastmed, ahjud","publisher":{"@id":"https:\/\/bbqassad.ee\/fi\/#organization"},"potentialAction":[{"@type":"SearchAction","target":{"@type":"EntryPoint","urlTemplate":"https:\/\/bbqassad.ee\/fi\/?s={search_term_string}"},"query-input":{"@type":"PropertyValueSpecification","valueRequired":true,"valueName":"search_term_string"}}],"inLanguage":"fi"},{"@type":"Organization","@id":"https:\/\/bbqassad.ee\/fi\/#organization","name":"BBQ \u00c4ssad","url":"https:\/\/bbqassad.ee\/fi\/","logo":{"@type":"ImageObject","inLanguage":"fi","@id":"https:\/\/bbqassad.ee\/fi\/#\/schema\/logo\/image\/","url":"https:\/\/bbqassad.ee\/wp-content\/uploads\/2022\/10\/BBQ-2ssadlogo.png","contentUrl":"https:\/\/bbqassad.ee\/wp-content\/uploads\/2022\/10\/BBQ-2ssadlogo.png","width":1080,"height":1080,"caption":"BBQ \u00c4ssad"},"image":{"@id":"https:\/\/bbqassad.ee\/fi\/#\/schema\/logo\/image\/"},"sameAs":["https:\/\/www.facebook.com\/bbqassad","https:\/\/www.youtube.com\/channel\/UCsoufn49J6TVi9Ah9meE93w"]}]}},"_links":{"self":[{"href":"https:\/\/bbqassad.ee\/fi\/wp-json\/wp\/v2\/product\/22647","targetHints":{"allow":["GET"]}}],"collection":[{"href":"https:\/\/bbqassad.ee\/fi\/wp-json\/wp\/v2\/product"}],"about":[{"href":"https:\/\/bbqassad.ee\/fi\/wp-json\/wp\/v2\/types\/product"}],"replies":[{"embeddable":true,"href":"https:\/\/bbqassad.ee\/fi\/wp-json\/wp\/v2\/comments?post=22647"}],"wp:featuredmedia":[{"embeddable":true,"href":"https:\/\/bbqassad.ee\/fi\/wp-json\/wp\/v2\/media\/22648"}],"wp:attachment":[{"href":"https:\/\/bbqassad.ee\/fi\/wp-json\/wp\/v2\/media?parent=22647"}],"wp:term":[{"taxonomy":"product_brand","embeddable":true,"href":"https:\/\/bbqassad.ee\/fi\/wp-json\/wp\/v2\/product_brand?post=22647"},{"taxonomy":"product_cat","embeddable":true,"href":"https:\/\/bbqassad.ee\/fi\/wp-json\/wp\/v2\/product_cat?post=22647"},{"taxonomy":"product_tag","embeddable":true,"href":"https:\/\/bbqassad.ee\/fi\/wp-json\/wp\/v2\/product_tag?post=22647"}],"curies":[{"name":"wp","href":"https:\/\/api.w.org\/{rel}","templated":true}]}}