{"id":22625,"date":"2024-09-10T07:41:45","date_gmt":"2024-09-10T07:41:45","guid":{"rendered":"https:\/\/bbqassad.ee\/toode\/cooklounge-kanan-rub\/"},"modified":"2026-04-14T06:33:06","modified_gmt":"2026-04-14T06:33:06","slug":"cooklounge-kanan-rub","status":"publish","type":"product","link":"https:\/\/bbqassad.ee\/fi\/toode\/cooklounge-kanan-rub\/","title":{"rendered":"Cooklounge Chicken Rub"},"content":{"rendered":"<p>Cooklounge on eritt\u00e4in tunnettu nimi Euroopassa, erityisesti kilpailumaailmassa. He ovat Euroopan kausien 2022 ja 2023 mestareita. Geri on voittanut ja voittanut PALJON kanamakuillaan.  <\/p>\n<h3>BBQ Aces kommentti<\/h3>\n<p>Kananliha ei sovi hyvin makeiden mausteiden kanssa, ja t\u00e4m\u00e4n mausteseoksen luoja tiet\u00e4\u00e4 t\u00e4m\u00e4n eritt\u00e4in hyvin, eritt\u00e4in hyv\u00e4 sekoitus siipikarjalle.<\/p>\n<p><span style=\"font-size: 20.15999984741211px; color: #333333;\">Ammattilaisen vinkki<\/span><\/p>\n<p>Voit k\u00e4ytt\u00e4\u00e4 sit\u00e4 my\u00f6s monik\u00e4ytt\u00f6isen\u00e4 mausteena tai AP-mausteena, sill\u00e4 sen suolainen pohja tekee siit\u00e4 hyv\u00e4n moniin asioihin.<\/p>\n","protected":false},"excerpt":{"rendered":"<p style=\"font-weight: 400;\"><strong>Nettom\u00e4\u00e4r\u00e4<\/strong> 230g<\/p>\n<p style=\"font-weight: 400;\"><strong>Ainesosat: <\/strong><span lang=\"ET\">Ruokasuola, sokeri, mausteet (paprika, chili, pippuri), kuivatut vihannekset (valkosipuli, sipuli), paprikauute, savuaromi, arominvahvente: dinatrium-5&#8217;ribonukleotidi.<\/span><\/p>\n<p><strong>Ravintosis\u00e4lt\u00f6 100 g:ssa<\/strong><span style=\"font-weight: 400;\">: <\/span>energia: 1306 kJ\/309 kcal; rasva: 3,1 g, josta tyydyttyneit\u00e4 rasvahappoja: 0,5 g; hiilihydraatit: 59 g, josta sokereita: 39 g; proteiini: 7,7 g; suola: 31,6 g.<\/p>\n","protected":false},"featured_media":22626,"comment_status":"open","ping_status":"closed","template":"","meta":[],"product_brand":[],"product_cat":[802],"product_tag":[],"class_list":{"0":"post-22625","1":"product","2":"type-product","3":"status-publish","4":"has-post-thumbnail","6":"product_cat-sekoitukset","8":"first","9":"outofstock","10":"taxable","11":"shipping-taxable","12":"purchasable","13":"product-type-simple"},"yoast_head":"<!-- This site is optimized with the Yoast SEO plugin v27.4 - https:\/\/yoast.com\/product\/yoast-seo-wordpress\/ -->\n<title>Cooklounge Chicken Rub 230g -% BBQ \u00c4ssad%<\/title>\n<meta name=\"description\" content=\"Cooklounge Chicken Rub on maitokastike, joka sis\u00e4lt\u00e4\u00e4 ruokasuolaa, sokeria, mausteita ja kuivattuja kasviksia. Ihanteellinen kanan maustamiseen ja grillaamiseen.\" \/>\n<meta name=\"robots\" content=\"index, follow, max-snippet:-1, max-image-preview:large, max-video-preview:-1\" \/>\n<link rel=\"canonical\" href=\"https:\/\/bbqassad.ee\/fi\/toode\/cooklounge-kanan-rub\/\" \/>\n<meta property=\"og:locale\" content=\"fi_FI\" \/>\n<meta property=\"og:type\" content=\"article\" \/>\n<meta property=\"og:title\" content=\"Cooklounge Chicken Rub 230g -% BBQ \u00c4ssad%\" \/>\n<meta property=\"og:description\" content=\"Cooklounge Chicken Rub on maitokastike, joka sis\u00e4lt\u00e4\u00e4 ruokasuolaa, sokeria, mausteita ja kuivattuja kasviksia. Ihanteellinen kanan maustamiseen ja grillaamiseen.\" \/>\n<meta property=\"og:url\" content=\"https:\/\/bbqassad.ee\/fi\/toode\/cooklounge-kanan-rub\/\" \/>\n<meta property=\"og:site_name\" content=\"BBQ \u00c4ssad\" \/>\n<meta property=\"article:publisher\" content=\"https:\/\/www.facebook.com\/bbqassad\" \/>\n<meta property=\"article:modified_time\" content=\"2026-04-14T06:33:06+00:00\" \/>\n<meta property=\"og:image\" content=\"https:\/\/bbqassad.ee\/wp-content\/uploads\/2024\/09\/Nimetu-kujundus-25.png\" \/>\n<meta name=\"twitter:card\" content=\"summary_large_image\" \/>\n<meta name=\"twitter:title\" content=\"Cooklounge Chicken Rub 230g -% BBQ \u00c4ssad%\" \/>\n<meta name=\"twitter:description\" content=\"Cooklounge Chicken Rub on maitokastike, joka sis\u00e4lt\u00e4\u00e4 ruokasuolaa, sokeria, mausteita ja kuivattuja kasviksia. Ihanteellinen kanan maustamiseen ja grillaamiseen.\" \/>\n<meta name=\"twitter:image\" content=\"https:\/\/bbqassad.ee\/wp-content\/uploads\/2024\/09\/Nimetu-kujundus-25.png\" \/>\n<script type=\"application\/ld+json\" class=\"yoast-schema-graph\">{\"@context\":\"https:\\\/\\\/schema.org\",\"@graph\":[{\"@type\":\"WebPage\",\"@id\":\"https:\\\/\\\/bbqassad.ee\\\/fi\\\/toode\\\/cooklounge-kanan-rub\\\/\",\"url\":\"https:\\\/\\\/bbqassad.ee\\\/fi\\\/toode\\\/cooklounge-kanan-rub\\\/\",\"name\":\"Cooklounge Chicken Rub 230g -% BBQ \u00c4ssad%\",\"isPartOf\":{\"@id\":\"https:\\\/\\\/bbqassad.ee\\\/fi\\\/#website\"},\"primaryImageOfPage\":{\"@id\":\"https:\\\/\\\/bbqassad.ee\\\/fi\\\/toode\\\/cooklounge-kanan-rub\\\/#primaryimage\"},\"image\":{\"@id\":\"https:\\\/\\\/bbqassad.ee\\\/fi\\\/toode\\\/cooklounge-kanan-rub\\\/#primaryimage\"},\"thumbnailUrl\":\"https:\\\/\\\/bbqassad.ee\\\/wp-content\\\/uploads\\\/2024\\\/09\\\/Nimetu-kujundus-25.png\",\"datePublished\":\"2024-09-10T07:41:45+00:00\",\"dateModified\":\"2026-04-14T06:33:06+00:00\",\"description\":\"Cooklounge Chicken Rub on maitokastike, joka sis\u00e4lt\u00e4\u00e4 ruokasuolaa, sokeria, mausteita ja kuivattuja kasviksia. Ihanteellinen kanan maustamiseen ja grillaamiseen.\",\"breadcrumb\":{\"@id\":\"https:\\\/\\\/bbqassad.ee\\\/fi\\\/toode\\\/cooklounge-kanan-rub\\\/#breadcrumb\"},\"inLanguage\":\"fi\",\"potentialAction\":[{\"@type\":\"ReadAction\",\"target\":[\"https:\\\/\\\/bbqassad.ee\\\/fi\\\/toode\\\/cooklounge-kanan-rub\\\/\"]}]},{\"@type\":\"ImageObject\",\"inLanguage\":\"fi\",\"@id\":\"https:\\\/\\\/bbqassad.ee\\\/fi\\\/toode\\\/cooklounge-kanan-rub\\\/#primaryimage\",\"url\":\"https:\\\/\\\/bbqassad.ee\\\/wp-content\\\/uploads\\\/2024\\\/09\\\/Nimetu-kujundus-25.png\",\"contentUrl\":\"https:\\\/\\\/bbqassad.ee\\\/wp-content\\\/uploads\\\/2024\\\/09\\\/Nimetu-kujundus-25.png\",\"width\":1280,\"height\":720},{\"@type\":\"BreadcrumbList\",\"@id\":\"https:\\\/\\\/bbqassad.ee\\\/fi\\\/toode\\\/cooklounge-kanan-rub\\\/#breadcrumb\",\"itemListElement\":[{\"@type\":\"ListItem\",\"position\":1,\"name\":\"Home\",\"item\":\"https:\\\/\\\/bbqassad.ee\\\/fi\\\/bbq-assat\\\/\"},{\"@type\":\"ListItem\",\"position\":2,\"name\":\"Verkkokauppa\",\"item\":\"https:\\\/\\\/bbqassad.ee\\\/fi\\\/verkkokauppa\\\/\"},{\"@type\":\"ListItem\",\"position\":3,\"name\":\"Cooklounge Chicken Rub\"}]},{\"@type\":\"WebSite\",\"@id\":\"https:\\\/\\\/bbqassad.ee\\\/fi\\\/#website\",\"url\":\"https:\\\/\\\/bbqassad.ee\\\/fi\\\/\",\"name\":\"BBQ \u00c4ssad\",\"description\":\"BBQ maitseained, kastmed, ahjud\",\"publisher\":{\"@id\":\"https:\\\/\\\/bbqassad.ee\\\/fi\\\/#organization\"},\"potentialAction\":[{\"@type\":\"SearchAction\",\"target\":{\"@type\":\"EntryPoint\",\"urlTemplate\":\"https:\\\/\\\/bbqassad.ee\\\/fi\\\/?s={search_term_string}\"},\"query-input\":{\"@type\":\"PropertyValueSpecification\",\"valueRequired\":true,\"valueName\":\"search_term_string\"}}],\"inLanguage\":\"fi\"},{\"@type\":\"Organization\",\"@id\":\"https:\\\/\\\/bbqassad.ee\\\/fi\\\/#organization\",\"name\":\"BBQ \u00c4ssad\",\"url\":\"https:\\\/\\\/bbqassad.ee\\\/fi\\\/\",\"logo\":{\"@type\":\"ImageObject\",\"inLanguage\":\"fi\",\"@id\":\"https:\\\/\\\/bbqassad.ee\\\/fi\\\/#\\\/schema\\\/logo\\\/image\\\/\",\"url\":\"https:\\\/\\\/bbqassad.ee\\\/wp-content\\\/uploads\\\/2022\\\/10\\\/BBQ-2ssadlogo.png\",\"contentUrl\":\"https:\\\/\\\/bbqassad.ee\\\/wp-content\\\/uploads\\\/2022\\\/10\\\/BBQ-2ssadlogo.png\",\"width\":1080,\"height\":1080,\"caption\":\"BBQ \u00c4ssad\"},\"image\":{\"@id\":\"https:\\\/\\\/bbqassad.ee\\\/fi\\\/#\\\/schema\\\/logo\\\/image\\\/\"},\"sameAs\":[\"https:\\\/\\\/www.facebook.com\\\/bbqassad\",\"https:\\\/\\\/www.youtube.com\\\/channel\\\/UCsoufn49J6TVi9Ah9meE93w\"]}]}<\/script>\n<!-- \/ Yoast SEO plugin. -->","yoast_head_json":{"title":"Cooklounge Chicken Rub 230g -% BBQ \u00c4ssad%","description":"Cooklounge Chicken Rub on maitokastike, joka sis\u00e4lt\u00e4\u00e4 ruokasuolaa, sokeria, mausteita ja kuivattuja kasviksia. Ihanteellinen kanan maustamiseen ja grillaamiseen.","robots":{"index":"index","follow":"follow","max-snippet":"max-snippet:-1","max-image-preview":"max-image-preview:large","max-video-preview":"max-video-preview:-1"},"canonical":"https:\/\/bbqassad.ee\/fi\/toode\/cooklounge-kanan-rub\/","og_locale":"fi_FI","og_type":"article","og_title":"Cooklounge Chicken Rub 230g -% BBQ \u00c4ssad%","og_description":"Cooklounge Chicken Rub on maitokastike, joka sis\u00e4lt\u00e4\u00e4 ruokasuolaa, sokeria, mausteita ja kuivattuja kasviksia. Ihanteellinen kanan maustamiseen ja grillaamiseen.","og_url":"https:\/\/bbqassad.ee\/fi\/toode\/cooklounge-kanan-rub\/","og_site_name":"BBQ \u00c4ssad","article_publisher":"https:\/\/www.facebook.com\/bbqassad","article_modified_time":"2026-04-14T06:33:06+00:00","og_image":[{"url":"https:\/\/bbqassad.ee\/wp-content\/uploads\/2024\/09\/Nimetu-kujundus-25.png","type":"","width":"","height":""}],"twitter_card":"summary_large_image","twitter_title":"Cooklounge Chicken Rub 230g -% BBQ \u00c4ssad%","twitter_description":"Cooklounge Chicken Rub on maitokastike, joka sis\u00e4lt\u00e4\u00e4 ruokasuolaa, sokeria, mausteita ja kuivattuja kasviksia. Ihanteellinen kanan maustamiseen ja grillaamiseen.","twitter_image":"https:\/\/bbqassad.ee\/wp-content\/uploads\/2024\/09\/Nimetu-kujundus-25.png","schema":{"@context":"https:\/\/schema.org","@graph":[{"@type":"WebPage","@id":"https:\/\/bbqassad.ee\/fi\/toode\/cooklounge-kanan-rub\/","url":"https:\/\/bbqassad.ee\/fi\/toode\/cooklounge-kanan-rub\/","name":"Cooklounge Chicken Rub 230g -% BBQ \u00c4ssad%","isPartOf":{"@id":"https:\/\/bbqassad.ee\/fi\/#website"},"primaryImageOfPage":{"@id":"https:\/\/bbqassad.ee\/fi\/toode\/cooklounge-kanan-rub\/#primaryimage"},"image":{"@id":"https:\/\/bbqassad.ee\/fi\/toode\/cooklounge-kanan-rub\/#primaryimage"},"thumbnailUrl":"https:\/\/bbqassad.ee\/wp-content\/uploads\/2024\/09\/Nimetu-kujundus-25.png","datePublished":"2024-09-10T07:41:45+00:00","dateModified":"2026-04-14T06:33:06+00:00","description":"Cooklounge Chicken Rub on maitokastike, joka sis\u00e4lt\u00e4\u00e4 ruokasuolaa, sokeria, mausteita ja kuivattuja kasviksia. Ihanteellinen kanan maustamiseen ja grillaamiseen.","breadcrumb":{"@id":"https:\/\/bbqassad.ee\/fi\/toode\/cooklounge-kanan-rub\/#breadcrumb"},"inLanguage":"fi","potentialAction":[{"@type":"ReadAction","target":["https:\/\/bbqassad.ee\/fi\/toode\/cooklounge-kanan-rub\/"]}]},{"@type":"ImageObject","inLanguage":"fi","@id":"https:\/\/bbqassad.ee\/fi\/toode\/cooklounge-kanan-rub\/#primaryimage","url":"https:\/\/bbqassad.ee\/wp-content\/uploads\/2024\/09\/Nimetu-kujundus-25.png","contentUrl":"https:\/\/bbqassad.ee\/wp-content\/uploads\/2024\/09\/Nimetu-kujundus-25.png","width":1280,"height":720},{"@type":"BreadcrumbList","@id":"https:\/\/bbqassad.ee\/fi\/toode\/cooklounge-kanan-rub\/#breadcrumb","itemListElement":[{"@type":"ListItem","position":1,"name":"Home","item":"https:\/\/bbqassad.ee\/fi\/bbq-assat\/"},{"@type":"ListItem","position":2,"name":"Verkkokauppa","item":"https:\/\/bbqassad.ee\/fi\/verkkokauppa\/"},{"@type":"ListItem","position":3,"name":"Cooklounge Chicken Rub"}]},{"@type":"WebSite","@id":"https:\/\/bbqassad.ee\/fi\/#website","url":"https:\/\/bbqassad.ee\/fi\/","name":"BBQ \u00c4ssad","description":"BBQ maitseained, kastmed, ahjud","publisher":{"@id":"https:\/\/bbqassad.ee\/fi\/#organization"},"potentialAction":[{"@type":"SearchAction","target":{"@type":"EntryPoint","urlTemplate":"https:\/\/bbqassad.ee\/fi\/?s={search_term_string}"},"query-input":{"@type":"PropertyValueSpecification","valueRequired":true,"valueName":"search_term_string"}}],"inLanguage":"fi"},{"@type":"Organization","@id":"https:\/\/bbqassad.ee\/fi\/#organization","name":"BBQ \u00c4ssad","url":"https:\/\/bbqassad.ee\/fi\/","logo":{"@type":"ImageObject","inLanguage":"fi","@id":"https:\/\/bbqassad.ee\/fi\/#\/schema\/logo\/image\/","url":"https:\/\/bbqassad.ee\/wp-content\/uploads\/2022\/10\/BBQ-2ssadlogo.png","contentUrl":"https:\/\/bbqassad.ee\/wp-content\/uploads\/2022\/10\/BBQ-2ssadlogo.png","width":1080,"height":1080,"caption":"BBQ \u00c4ssad"},"image":{"@id":"https:\/\/bbqassad.ee\/fi\/#\/schema\/logo\/image\/"},"sameAs":["https:\/\/www.facebook.com\/bbqassad","https:\/\/www.youtube.com\/channel\/UCsoufn49J6TVi9Ah9meE93w"]}]}},"_links":{"self":[{"href":"https:\/\/bbqassad.ee\/fi\/wp-json\/wp\/v2\/product\/22625","targetHints":{"allow":["GET"]}}],"collection":[{"href":"https:\/\/bbqassad.ee\/fi\/wp-json\/wp\/v2\/product"}],"about":[{"href":"https:\/\/bbqassad.ee\/fi\/wp-json\/wp\/v2\/types\/product"}],"replies":[{"embeddable":true,"href":"https:\/\/bbqassad.ee\/fi\/wp-json\/wp\/v2\/comments?post=22625"}],"wp:featuredmedia":[{"embeddable":true,"href":"https:\/\/bbqassad.ee\/fi\/wp-json\/wp\/v2\/media\/22626"}],"wp:attachment":[{"href":"https:\/\/bbqassad.ee\/fi\/wp-json\/wp\/v2\/media?parent=22625"}],"wp:term":[{"taxonomy":"product_brand","embeddable":true,"href":"https:\/\/bbqassad.ee\/fi\/wp-json\/wp\/v2\/product_brand?post=22625"},{"taxonomy":"product_cat","embeddable":true,"href":"https:\/\/bbqassad.ee\/fi\/wp-json\/wp\/v2\/product_cat?post=22625"},{"taxonomy":"product_tag","embeddable":true,"href":"https:\/\/bbqassad.ee\/fi\/wp-json\/wp\/v2\/product_tag?post=22625"}],"curies":[{"name":"wp","href":"https:\/\/api.w.org\/{rel}","templated":true}]}}