{"id":22617,"date":"2024-09-11T11:52:32","date_gmt":"2024-09-11T11:52:32","guid":{"rendered":"https:\/\/bbqassad.ee\/toode\/richard-fergola-all-purpose-rub-2\/"},"modified":"2026-04-14T06:33:06","modified_gmt":"2026-04-14T06:33:06","slug":"richard-fergola-all-purpose-rub-2","status":"publish","type":"product","link":"https:\/\/bbqassad.ee\/fi\/toode\/richard-fergola-all-purpose-rub-2\/","title":{"rendered":"Richard Fergola All Purpose Rub"},"content":{"rendered":"<p>Fergilicious oli itse asiassa Richard Fergolan tuotemerkki, ja Richard Fergola on itse asiassa saman tuotteen uusi tuotemerkki. Uudelleenbr\u00e4nd\u00e4ys toi mukanaan my\u00f6s valtavan hintalapun. All Purpose Rub on vanha kunnon Original LUV.  <\/p>\n<h3>BBQ Aces kommentti<\/h3>\n<p>LUV on superhyv\u00e4 pohja kaikelle, melko suolainen eik\u00e4 liian makea. Siin\u00e4 on kaikki mit\u00e4 tarvitset yhdess\u00e4 lihassa tai vaikkapa kasviksissa. <\/p>\n<p><span style=\"font-size: 20.15999984741211px; color: #333333;\">Ammattilaisen vinkki<\/span><\/p>\n<p>K\u00e4yt\u00e4 sit\u00e4 pohjana ja lis\u00e4\u00e4 suosikkimausteesi tai v\u00e4h\u00e4n mausteita.<\/p>\n","protected":false},"excerpt":{"rendered":"<p>Tuottaja: Richard Fergola<br \/>\nPaino: 354g<br \/>\nAinesosat: suola, sokeri, mausteet, maltodekstriini, paprika, valkosipuli, selleri, paakkuuntumisenestoaineet.<\/p>\n","protected":false},"featured_media":22618,"comment_status":"open","ping_status":"closed","template":"","meta":[],"product_brand":[],"product_cat":[802],"product_tag":[],"class_list":{"0":"post-22617","1":"product","2":"type-product","3":"status-publish","4":"has-post-thumbnail","6":"product_cat-sekoitukset","8":"first","9":"instock","10":"taxable","11":"shipping-taxable","12":"purchasable","13":"product-type-simple"},"yoast_head":"<!-- This site is optimized with the Yoast SEO plugin v27.4 - https:\/\/yoast.com\/product\/yoast-seo-wordpress\/ -->\n<title>Richard Fergola All Purpose Rub - BBQ \u00c4ssad%<\/title>\n<meta name=\"description\" content=\"Richard Fergola All Purpose Rub painaa 354 g ja sis\u00e4lt\u00e4\u00e4 suolaa, sokeria, mausteita, maltodekstriini\u00e4, paprikaa, valkosipulia, selleri\u00e4 ja paakkuuntumisenestoaineita.\" \/>\n<meta name=\"robots\" content=\"index, follow, max-snippet:-1, max-image-preview:large, max-video-preview:-1\" \/>\n<link rel=\"canonical\" href=\"https:\/\/bbqassad.ee\/fi\/toode\/richard-fergola-all-purpose-rub-2\/\" \/>\n<meta property=\"og:locale\" content=\"fi_FI\" \/>\n<meta property=\"og:type\" content=\"article\" \/>\n<meta property=\"og:title\" content=\"Richard Fergola All Purpose Rub - BBQ \u00c4ssad%\" \/>\n<meta property=\"og:description\" content=\"Richard Fergola All Purpose Rub painaa 354 g ja sis\u00e4lt\u00e4\u00e4 suolaa, sokeria, mausteita, maltodekstriini\u00e4, paprikaa, valkosipulia, selleri\u00e4 ja paakkuuntumisenestoaineita.\" \/>\n<meta property=\"og:url\" content=\"https:\/\/bbqassad.ee\/fi\/toode\/richard-fergola-all-purpose-rub-2\/\" \/>\n<meta property=\"og:site_name\" content=\"BBQ \u00c4ssad\" \/>\n<meta property=\"article:publisher\" content=\"https:\/\/www.facebook.com\/bbqassad\" \/>\n<meta property=\"article:modified_time\" content=\"2026-04-14T06:33:06+00:00\" \/>\n<meta property=\"og:image\" content=\"https:\/\/bbqassad.ee\/wp-content\/uploads\/2024\/09\/RFBBQALLPURPOSEMOCKUP.webp\" \/>\n<meta name=\"twitter:card\" content=\"summary_large_image\" \/>\n<meta name=\"twitter:title\" content=\"Richard Fergola All Purpose Rub - BBQ \u00c4ssad%\" \/>\n<meta name=\"twitter:description\" content=\"Richard Fergola All Purpose Rub painaa 354 g ja sis\u00e4lt\u00e4\u00e4 suolaa, sokeria, mausteita, maltodekstriini\u00e4, paprikaa, valkosipulia, selleri\u00e4 ja paakkuuntumisenestoaineita.\" \/>\n<meta name=\"twitter:image\" content=\"https:\/\/bbqassad.ee\/wp-content\/uploads\/2024\/09\/RFBBQALLPURPOSEMOCKUP.webp\" \/>\n<script type=\"application\/ld+json\" class=\"yoast-schema-graph\">{\"@context\":\"https:\\\/\\\/schema.org\",\"@graph\":[{\"@type\":\"WebPage\",\"@id\":\"https:\\\/\\\/bbqassad.ee\\\/fi\\\/toode\\\/richard-fergola-all-purpose-rub-2\\\/\",\"url\":\"https:\\\/\\\/bbqassad.ee\\\/fi\\\/toode\\\/richard-fergola-all-purpose-rub-2\\\/\",\"name\":\"Richard Fergola All Purpose Rub - BBQ \u00c4ssad%\",\"isPartOf\":{\"@id\":\"https:\\\/\\\/bbqassad.ee\\\/fi\\\/#website\"},\"primaryImageOfPage\":{\"@id\":\"https:\\\/\\\/bbqassad.ee\\\/fi\\\/toode\\\/richard-fergola-all-purpose-rub-2\\\/#primaryimage\"},\"image\":{\"@id\":\"https:\\\/\\\/bbqassad.ee\\\/fi\\\/toode\\\/richard-fergola-all-purpose-rub-2\\\/#primaryimage\"},\"thumbnailUrl\":\"https:\\\/\\\/bbqassad.ee\\\/wp-content\\\/uploads\\\/2024\\\/09\\\/RFBBQALLPURPOSEMOCKUP.webp\",\"datePublished\":\"2024-09-11T11:52:32+00:00\",\"dateModified\":\"2026-04-14T06:33:06+00:00\",\"description\":\"Richard Fergola All Purpose Rub painaa 354 g ja sis\u00e4lt\u00e4\u00e4 suolaa, sokeria, mausteita, maltodekstriini\u00e4, paprikaa, valkosipulia, selleri\u00e4 ja paakkuuntumisenestoaineita.\",\"breadcrumb\":{\"@id\":\"https:\\\/\\\/bbqassad.ee\\\/fi\\\/toode\\\/richard-fergola-all-purpose-rub-2\\\/#breadcrumb\"},\"inLanguage\":\"fi\",\"potentialAction\":[{\"@type\":\"ReadAction\",\"target\":[\"https:\\\/\\\/bbqassad.ee\\\/fi\\\/toode\\\/richard-fergola-all-purpose-rub-2\\\/\"]}]},{\"@type\":\"ImageObject\",\"inLanguage\":\"fi\",\"@id\":\"https:\\\/\\\/bbqassad.ee\\\/fi\\\/toode\\\/richard-fergola-all-purpose-rub-2\\\/#primaryimage\",\"url\":\"https:\\\/\\\/bbqassad.ee\\\/wp-content\\\/uploads\\\/2024\\\/09\\\/RFBBQALLPURPOSEMOCKUP.webp\",\"contentUrl\":\"https:\\\/\\\/bbqassad.ee\\\/wp-content\\\/uploads\\\/2024\\\/09\\\/RFBBQALLPURPOSEMOCKUP.webp\",\"width\":1920,\"height\":1920},{\"@type\":\"BreadcrumbList\",\"@id\":\"https:\\\/\\\/bbqassad.ee\\\/fi\\\/toode\\\/richard-fergola-all-purpose-rub-2\\\/#breadcrumb\",\"itemListElement\":[{\"@type\":\"ListItem\",\"position\":1,\"name\":\"Home\",\"item\":\"https:\\\/\\\/bbqassad.ee\\\/fi\\\/bbq-assat\\\/\"},{\"@type\":\"ListItem\",\"position\":2,\"name\":\"Verkkokauppa\",\"item\":\"https:\\\/\\\/bbqassad.ee\\\/fi\\\/verkkokauppa\\\/\"},{\"@type\":\"ListItem\",\"position\":3,\"name\":\"Richard Fergola All Purpose Rub\"}]},{\"@type\":\"WebSite\",\"@id\":\"https:\\\/\\\/bbqassad.ee\\\/fi\\\/#website\",\"url\":\"https:\\\/\\\/bbqassad.ee\\\/fi\\\/\",\"name\":\"BBQ \u00c4ssad\",\"description\":\"BBQ maitseained, kastmed, ahjud\",\"publisher\":{\"@id\":\"https:\\\/\\\/bbqassad.ee\\\/fi\\\/#organization\"},\"potentialAction\":[{\"@type\":\"SearchAction\",\"target\":{\"@type\":\"EntryPoint\",\"urlTemplate\":\"https:\\\/\\\/bbqassad.ee\\\/fi\\\/?s={search_term_string}\"},\"query-input\":{\"@type\":\"PropertyValueSpecification\",\"valueRequired\":true,\"valueName\":\"search_term_string\"}}],\"inLanguage\":\"fi\"},{\"@type\":\"Organization\",\"@id\":\"https:\\\/\\\/bbqassad.ee\\\/fi\\\/#organization\",\"name\":\"BBQ \u00c4ssad\",\"url\":\"https:\\\/\\\/bbqassad.ee\\\/fi\\\/\",\"logo\":{\"@type\":\"ImageObject\",\"inLanguage\":\"fi\",\"@id\":\"https:\\\/\\\/bbqassad.ee\\\/fi\\\/#\\\/schema\\\/logo\\\/image\\\/\",\"url\":\"https:\\\/\\\/bbqassad.ee\\\/wp-content\\\/uploads\\\/2022\\\/10\\\/BBQ-2ssadlogo.png\",\"contentUrl\":\"https:\\\/\\\/bbqassad.ee\\\/wp-content\\\/uploads\\\/2022\\\/10\\\/BBQ-2ssadlogo.png\",\"width\":1080,\"height\":1080,\"caption\":\"BBQ \u00c4ssad\"},\"image\":{\"@id\":\"https:\\\/\\\/bbqassad.ee\\\/fi\\\/#\\\/schema\\\/logo\\\/image\\\/\"},\"sameAs\":[\"https:\\\/\\\/www.facebook.com\\\/bbqassad\",\"https:\\\/\\\/www.youtube.com\\\/channel\\\/UCsoufn49J6TVi9Ah9meE93w\"]}]}<\/script>\n<!-- \/ Yoast SEO plugin. -->","yoast_head_json":{"title":"Richard Fergola All Purpose Rub - BBQ \u00c4ssad%","description":"Richard Fergola All Purpose Rub painaa 354 g ja sis\u00e4lt\u00e4\u00e4 suolaa, sokeria, mausteita, maltodekstriini\u00e4, paprikaa, valkosipulia, selleri\u00e4 ja paakkuuntumisenestoaineita.","robots":{"index":"index","follow":"follow","max-snippet":"max-snippet:-1","max-image-preview":"max-image-preview:large","max-video-preview":"max-video-preview:-1"},"canonical":"https:\/\/bbqassad.ee\/fi\/toode\/richard-fergola-all-purpose-rub-2\/","og_locale":"fi_FI","og_type":"article","og_title":"Richard Fergola All Purpose Rub - BBQ \u00c4ssad%","og_description":"Richard Fergola All Purpose Rub painaa 354 g ja sis\u00e4lt\u00e4\u00e4 suolaa, sokeria, mausteita, maltodekstriini\u00e4, paprikaa, valkosipulia, selleri\u00e4 ja paakkuuntumisenestoaineita.","og_url":"https:\/\/bbqassad.ee\/fi\/toode\/richard-fergola-all-purpose-rub-2\/","og_site_name":"BBQ \u00c4ssad","article_publisher":"https:\/\/www.facebook.com\/bbqassad","article_modified_time":"2026-04-14T06:33:06+00:00","og_image":[{"url":"https:\/\/bbqassad.ee\/wp-content\/uploads\/2024\/09\/RFBBQALLPURPOSEMOCKUP.webp","type":"","width":"","height":""}],"twitter_card":"summary_large_image","twitter_title":"Richard Fergola All Purpose Rub - BBQ \u00c4ssad%","twitter_description":"Richard Fergola All Purpose Rub painaa 354 g ja sis\u00e4lt\u00e4\u00e4 suolaa, sokeria, mausteita, maltodekstriini\u00e4, paprikaa, valkosipulia, selleri\u00e4 ja paakkuuntumisenestoaineita.","twitter_image":"https:\/\/bbqassad.ee\/wp-content\/uploads\/2024\/09\/RFBBQALLPURPOSEMOCKUP.webp","schema":{"@context":"https:\/\/schema.org","@graph":[{"@type":"WebPage","@id":"https:\/\/bbqassad.ee\/fi\/toode\/richard-fergola-all-purpose-rub-2\/","url":"https:\/\/bbqassad.ee\/fi\/toode\/richard-fergola-all-purpose-rub-2\/","name":"Richard Fergola All Purpose Rub - BBQ \u00c4ssad%","isPartOf":{"@id":"https:\/\/bbqassad.ee\/fi\/#website"},"primaryImageOfPage":{"@id":"https:\/\/bbqassad.ee\/fi\/toode\/richard-fergola-all-purpose-rub-2\/#primaryimage"},"image":{"@id":"https:\/\/bbqassad.ee\/fi\/toode\/richard-fergola-all-purpose-rub-2\/#primaryimage"},"thumbnailUrl":"https:\/\/bbqassad.ee\/wp-content\/uploads\/2024\/09\/RFBBQALLPURPOSEMOCKUP.webp","datePublished":"2024-09-11T11:52:32+00:00","dateModified":"2026-04-14T06:33:06+00:00","description":"Richard Fergola All Purpose Rub painaa 354 g ja sis\u00e4lt\u00e4\u00e4 suolaa, sokeria, mausteita, maltodekstriini\u00e4, paprikaa, valkosipulia, selleri\u00e4 ja paakkuuntumisenestoaineita.","breadcrumb":{"@id":"https:\/\/bbqassad.ee\/fi\/toode\/richard-fergola-all-purpose-rub-2\/#breadcrumb"},"inLanguage":"fi","potentialAction":[{"@type":"ReadAction","target":["https:\/\/bbqassad.ee\/fi\/toode\/richard-fergola-all-purpose-rub-2\/"]}]},{"@type":"ImageObject","inLanguage":"fi","@id":"https:\/\/bbqassad.ee\/fi\/toode\/richard-fergola-all-purpose-rub-2\/#primaryimage","url":"https:\/\/bbqassad.ee\/wp-content\/uploads\/2024\/09\/RFBBQALLPURPOSEMOCKUP.webp","contentUrl":"https:\/\/bbqassad.ee\/wp-content\/uploads\/2024\/09\/RFBBQALLPURPOSEMOCKUP.webp","width":1920,"height":1920},{"@type":"BreadcrumbList","@id":"https:\/\/bbqassad.ee\/fi\/toode\/richard-fergola-all-purpose-rub-2\/#breadcrumb","itemListElement":[{"@type":"ListItem","position":1,"name":"Home","item":"https:\/\/bbqassad.ee\/fi\/bbq-assat\/"},{"@type":"ListItem","position":2,"name":"Verkkokauppa","item":"https:\/\/bbqassad.ee\/fi\/verkkokauppa\/"},{"@type":"ListItem","position":3,"name":"Richard Fergola All Purpose Rub"}]},{"@type":"WebSite","@id":"https:\/\/bbqassad.ee\/fi\/#website","url":"https:\/\/bbqassad.ee\/fi\/","name":"BBQ \u00c4ssad","description":"BBQ maitseained, kastmed, ahjud","publisher":{"@id":"https:\/\/bbqassad.ee\/fi\/#organization"},"potentialAction":[{"@type":"SearchAction","target":{"@type":"EntryPoint","urlTemplate":"https:\/\/bbqassad.ee\/fi\/?s={search_term_string}"},"query-input":{"@type":"PropertyValueSpecification","valueRequired":true,"valueName":"search_term_string"}}],"inLanguage":"fi"},{"@type":"Organization","@id":"https:\/\/bbqassad.ee\/fi\/#organization","name":"BBQ \u00c4ssad","url":"https:\/\/bbqassad.ee\/fi\/","logo":{"@type":"ImageObject","inLanguage":"fi","@id":"https:\/\/bbqassad.ee\/fi\/#\/schema\/logo\/image\/","url":"https:\/\/bbqassad.ee\/wp-content\/uploads\/2022\/10\/BBQ-2ssadlogo.png","contentUrl":"https:\/\/bbqassad.ee\/wp-content\/uploads\/2022\/10\/BBQ-2ssadlogo.png","width":1080,"height":1080,"caption":"BBQ \u00c4ssad"},"image":{"@id":"https:\/\/bbqassad.ee\/fi\/#\/schema\/logo\/image\/"},"sameAs":["https:\/\/www.facebook.com\/bbqassad","https:\/\/www.youtube.com\/channel\/UCsoufn49J6TVi9Ah9meE93w"]}]}},"_links":{"self":[{"href":"https:\/\/bbqassad.ee\/fi\/wp-json\/wp\/v2\/product\/22617","targetHints":{"allow":["GET"]}}],"collection":[{"href":"https:\/\/bbqassad.ee\/fi\/wp-json\/wp\/v2\/product"}],"about":[{"href":"https:\/\/bbqassad.ee\/fi\/wp-json\/wp\/v2\/types\/product"}],"replies":[{"embeddable":true,"href":"https:\/\/bbqassad.ee\/fi\/wp-json\/wp\/v2\/comments?post=22617"}],"wp:featuredmedia":[{"embeddable":true,"href":"https:\/\/bbqassad.ee\/fi\/wp-json\/wp\/v2\/media\/22618"}],"wp:attachment":[{"href":"https:\/\/bbqassad.ee\/fi\/wp-json\/wp\/v2\/media?parent=22617"}],"wp:term":[{"taxonomy":"product_brand","embeddable":true,"href":"https:\/\/bbqassad.ee\/fi\/wp-json\/wp\/v2\/product_brand?post=22617"},{"taxonomy":"product_cat","embeddable":true,"href":"https:\/\/bbqassad.ee\/fi\/wp-json\/wp\/v2\/product_cat?post=22617"},{"taxonomy":"product_tag","embeddable":true,"href":"https:\/\/bbqassad.ee\/fi\/wp-json\/wp\/v2\/product_tag?post=22617"}],"curies":[{"name":"wp","href":"https:\/\/api.w.org\/{rel}","templated":true}]}}