{"id":22615,"date":"2024-10-28T12:25:04","date_gmt":"2024-10-28T12:25:04","guid":{"rendered":"https:\/\/bbqassad.ee\/toode\/maustesekoitus-liha-church-blanco\/"},"modified":"2026-04-14T06:33:06","modified_gmt":"2026-04-14T06:33:06","slug":"maustesekoitus-liha-church-blanco","status":"publish","type":"product","link":"https:\/\/bbqassad.ee\/fi\/toode\/maustesekoitus-liha-church-blanco\/","title":{"rendered":"Meat Church Blanco -mausteseos"},"content":{"rendered":"<h2>Mausteseos Lihakirkko Blanco<\/h2>\n<p>Lihakirkkomausteet ovat osoittautuneet varsin suosituiksi Virossa, ja Blanco on haluttu jatke Mattin maustevalikoimassa ja meid\u00e4n valikoimassamme. T\u00e4m\u00e4 suolainen mausteseos on ennen kaikkea pihvi\u00e4 varten, niin sanoo purkin Matt, ja niin se todellakin on. <\/p>\n<h3>BBQ Aces kommentti<\/h3>\n<p>\u00c4lk\u00e4\u00e4 h\u00e4mmentyk\u00f6 nimest\u00e4 Blanco, se ei ole niin valkoista, siin\u00e4 on silti pippuria \ud83d\ude42<\/p>\n<h3>Ammattilaisen vinkki<\/h3>\n<p>Pihvi, pihvi ja, jos ymm\u00e4rr\u00e4t suolaisuuden, kaikki muutkin arkiset asiat. Sinun on osattava annostella. <\/p>\n","protected":false},"excerpt":{"rendered":"<p style=\"font-weight: 400;\"><strong>Texas Sugar Rub<\/strong> -mausteseos, nettopitoisuus 340,2g<\/p>\n<p style=\"font-weight: 400;\"><strong>Ainesosat<\/strong>: suola, mausteet, dehydratoitu valkosipuli, dehydratoitu sipuli, natriumglutamaatti, voiaromi (maltodekstriini, suola, orgaaninen auringonkukka\u00f6ljy, entsyymimuunneltu auringonkukka\u00f6ljy, riisit\u00e4rkkelys, luontaiset aromit, tokoferoli tuoreuden vuoksi).<\/p>\n<p><span style=\"font-weight: 400;\">Ravintosis\u00e4lt\u00f6 100 g:ssa: energia: 1396 kJ \/333 kcal, rasvat 0 g, josta tyydyttyneit\u00e4 rasvahappoja 0 g, hiilihydraatit 67 g, josta sokereita 0 g, proteiinit 0 g, suola 53,3 g.  <\/span><\/p>\n","protected":false},"featured_media":22616,"comment_status":"open","ping_status":"closed","template":"","meta":[],"product_brand":[],"product_cat":[802],"product_tag":[],"class_list":{"0":"post-22615","1":"product","2":"type-product","3":"status-publish","4":"has-post-thumbnail","6":"product_cat-sekoitukset","8":"first","9":"instock","10":"taxable","11":"shipping-taxable","12":"purchasable","13":"product-type-simple"},"yoast_head":"<!-- This site is optimized with the Yoast SEO plugin v27.4 - https:\/\/yoast.com\/product\/yoast-seo-wordpress\/ -->\n<title>Maustesekoitus Liha Church Blanco - BBQ \u00c4ssad%<\/title>\n<meta name=\"description\" content=\"Texas Sugar Rub -mausteseos, netto 340,2 g. Ainesosat.\" \/>\n<meta name=\"robots\" content=\"index, follow, max-snippet:-1, max-image-preview:large, max-video-preview:-1\" \/>\n<link rel=\"canonical\" href=\"https:\/\/bbqassad.ee\/fi\/toode\/maustesekoitus-liha-church-blanco\/\" \/>\n<meta property=\"og:locale\" content=\"fi_FI\" \/>\n<meta property=\"og:type\" content=\"article\" \/>\n<meta property=\"og:title\" content=\"Maustettu liha Church Blanco - BBQ \u00c4ssad%\" \/>\n<meta property=\"og:description\" content=\"Texas Sugar Rub -mausteseos, netto 340,2 g. Ainesosat.\" \/>\n<meta property=\"og:url\" content=\"https:\/\/bbqassad.ee\/fi\/toode\/maustesekoitus-liha-church-blanco\/\" \/>\n<meta property=\"og:site_name\" content=\"BBQ \u00c4ssad\" \/>\n<meta property=\"article:publisher\" content=\"https:\/\/www.facebook.com\/bbqassad\" \/>\n<meta property=\"article:modified_time\" content=\"2026-04-14T06:33:06+00:00\" \/>\n<meta property=\"og:image\" content=\"https:\/\/bbqassad.ee\/wp-content\/uploads\/2024\/10\/Nimetu-kujundus-28.png\" \/>\n<meta name=\"twitter:card\" content=\"summary_large_image\" \/>\n<meta name=\"twitter:title\" content=\"Maustettu liha Church Blanco - BBQ \u00c4ssad%\" \/>\n<meta name=\"twitter:description\" content=\"Texas Sugar Rub -mausteseos, netto 340,2 g. Ainesosat.\" \/>\n<meta name=\"twitter:image\" content=\"https:\/\/bbqassad.ee\/wp-content\/uploads\/2024\/10\/Nimetu-kujundus-28.png\" \/>\n<script type=\"application\/ld+json\" class=\"yoast-schema-graph\">{\"@context\":\"https:\\\/\\\/schema.org\",\"@graph\":[{\"@type\":\"WebPage\",\"@id\":\"https:\\\/\\\/bbqassad.ee\\\/fi\\\/toode\\\/maustesekoitus-liha-church-blanco\\\/\",\"url\":\"https:\\\/\\\/bbqassad.ee\\\/fi\\\/toode\\\/maustesekoitus-liha-church-blanco\\\/\",\"name\":\"Maustesekoitus Liha Church Blanco - BBQ \u00c4ssad%\",\"isPartOf\":{\"@id\":\"https:\\\/\\\/bbqassad.ee\\\/fi\\\/#website\"},\"primaryImageOfPage\":{\"@id\":\"https:\\\/\\\/bbqassad.ee\\\/fi\\\/toode\\\/maustesekoitus-liha-church-blanco\\\/#primaryimage\"},\"image\":{\"@id\":\"https:\\\/\\\/bbqassad.ee\\\/fi\\\/toode\\\/maustesekoitus-liha-church-blanco\\\/#primaryimage\"},\"thumbnailUrl\":\"https:\\\/\\\/bbqassad.ee\\\/wp-content\\\/uploads\\\/2024\\\/10\\\/Nimetu-kujundus-28.png\",\"datePublished\":\"2024-10-28T12:25:04+00:00\",\"dateModified\":\"2026-04-14T06:33:06+00:00\",\"description\":\"Texas Sugar Rub -mausteseos, netto 340,2 g. Ainesosat.\",\"breadcrumb\":{\"@id\":\"https:\\\/\\\/bbqassad.ee\\\/fi\\\/toode\\\/maustesekoitus-liha-church-blanco\\\/#breadcrumb\"},\"inLanguage\":\"fi\",\"potentialAction\":[{\"@type\":\"ReadAction\",\"target\":[\"https:\\\/\\\/bbqassad.ee\\\/fi\\\/toode\\\/maustesekoitus-liha-church-blanco\\\/\"]}]},{\"@type\":\"ImageObject\",\"inLanguage\":\"fi\",\"@id\":\"https:\\\/\\\/bbqassad.ee\\\/fi\\\/toode\\\/maustesekoitus-liha-church-blanco\\\/#primaryimage\",\"url\":\"https:\\\/\\\/bbqassad.ee\\\/wp-content\\\/uploads\\\/2024\\\/10\\\/Nimetu-kujundus-28.png\",\"contentUrl\":\"https:\\\/\\\/bbqassad.ee\\\/wp-content\\\/uploads\\\/2024\\\/10\\\/Nimetu-kujundus-28.png\",\"width\":1280,\"height\":720},{\"@type\":\"BreadcrumbList\",\"@id\":\"https:\\\/\\\/bbqassad.ee\\\/fi\\\/toode\\\/maustesekoitus-liha-church-blanco\\\/#breadcrumb\",\"itemListElement\":[{\"@type\":\"ListItem\",\"position\":1,\"name\":\"Home\",\"item\":\"https:\\\/\\\/bbqassad.ee\\\/fi\\\/bbq-assat\\\/\"},{\"@type\":\"ListItem\",\"position\":2,\"name\":\"Verkkokauppa\",\"item\":\"https:\\\/\\\/bbqassad.ee\\\/fi\\\/verkkokauppa\\\/\"},{\"@type\":\"ListItem\",\"position\":3,\"name\":\"Meat Church Blanco -mausteseos\"}]},{\"@type\":\"WebSite\",\"@id\":\"https:\\\/\\\/bbqassad.ee\\\/fi\\\/#website\",\"url\":\"https:\\\/\\\/bbqassad.ee\\\/fi\\\/\",\"name\":\"BBQ \u00c4ssad\",\"description\":\"BBQ maitseained, kastmed, ahjud\",\"publisher\":{\"@id\":\"https:\\\/\\\/bbqassad.ee\\\/fi\\\/#organization\"},\"potentialAction\":[{\"@type\":\"SearchAction\",\"target\":{\"@type\":\"EntryPoint\",\"urlTemplate\":\"https:\\\/\\\/bbqassad.ee\\\/fi\\\/?s={search_term_string}\"},\"query-input\":{\"@type\":\"PropertyValueSpecification\",\"valueRequired\":true,\"valueName\":\"search_term_string\"}}],\"inLanguage\":\"fi\"},{\"@type\":\"Organization\",\"@id\":\"https:\\\/\\\/bbqassad.ee\\\/fi\\\/#organization\",\"name\":\"BBQ \u00c4ssad\",\"url\":\"https:\\\/\\\/bbqassad.ee\\\/fi\\\/\",\"logo\":{\"@type\":\"ImageObject\",\"inLanguage\":\"fi\",\"@id\":\"https:\\\/\\\/bbqassad.ee\\\/fi\\\/#\\\/schema\\\/logo\\\/image\\\/\",\"url\":\"https:\\\/\\\/bbqassad.ee\\\/wp-content\\\/uploads\\\/2022\\\/10\\\/BBQ-2ssadlogo.png\",\"contentUrl\":\"https:\\\/\\\/bbqassad.ee\\\/wp-content\\\/uploads\\\/2022\\\/10\\\/BBQ-2ssadlogo.png\",\"width\":1080,\"height\":1080,\"caption\":\"BBQ \u00c4ssad\"},\"image\":{\"@id\":\"https:\\\/\\\/bbqassad.ee\\\/fi\\\/#\\\/schema\\\/logo\\\/image\\\/\"},\"sameAs\":[\"https:\\\/\\\/www.facebook.com\\\/bbqassad\",\"https:\\\/\\\/www.youtube.com\\\/channel\\\/UCsoufn49J6TVi9Ah9meE93w\"]}]}<\/script>\n<!-- \/ Yoast SEO plugin. -->","yoast_head_json":{"title":"Maustesekoitus Liha Church Blanco - BBQ \u00c4ssad%","description":"Texas Sugar Rub -mausteseos, netto 340,2 g. Ainesosat.","robots":{"index":"index","follow":"follow","max-snippet":"max-snippet:-1","max-image-preview":"max-image-preview:large","max-video-preview":"max-video-preview:-1"},"canonical":"https:\/\/bbqassad.ee\/fi\/toode\/maustesekoitus-liha-church-blanco\/","og_locale":"fi_FI","og_type":"article","og_title":"Maustettu liha Church Blanco - BBQ \u00c4ssad%","og_description":"Texas Sugar Rub -mausteseos, netto 340,2 g. Ainesosat.","og_url":"https:\/\/bbqassad.ee\/fi\/toode\/maustesekoitus-liha-church-blanco\/","og_site_name":"BBQ \u00c4ssad","article_publisher":"https:\/\/www.facebook.com\/bbqassad","article_modified_time":"2026-04-14T06:33:06+00:00","og_image":[{"url":"https:\/\/bbqassad.ee\/wp-content\/uploads\/2024\/10\/Nimetu-kujundus-28.png","type":"","width":"","height":""}],"twitter_card":"summary_large_image","twitter_title":"Maustettu liha Church Blanco - BBQ \u00c4ssad%","twitter_description":"Texas Sugar Rub -mausteseos, netto 340,2 g. Ainesosat.","twitter_image":"https:\/\/bbqassad.ee\/wp-content\/uploads\/2024\/10\/Nimetu-kujundus-28.png","schema":{"@context":"https:\/\/schema.org","@graph":[{"@type":"WebPage","@id":"https:\/\/bbqassad.ee\/fi\/toode\/maustesekoitus-liha-church-blanco\/","url":"https:\/\/bbqassad.ee\/fi\/toode\/maustesekoitus-liha-church-blanco\/","name":"Maustesekoitus Liha Church Blanco - BBQ \u00c4ssad%","isPartOf":{"@id":"https:\/\/bbqassad.ee\/fi\/#website"},"primaryImageOfPage":{"@id":"https:\/\/bbqassad.ee\/fi\/toode\/maustesekoitus-liha-church-blanco\/#primaryimage"},"image":{"@id":"https:\/\/bbqassad.ee\/fi\/toode\/maustesekoitus-liha-church-blanco\/#primaryimage"},"thumbnailUrl":"https:\/\/bbqassad.ee\/wp-content\/uploads\/2024\/10\/Nimetu-kujundus-28.png","datePublished":"2024-10-28T12:25:04+00:00","dateModified":"2026-04-14T06:33:06+00:00","description":"Texas Sugar Rub -mausteseos, netto 340,2 g. Ainesosat.","breadcrumb":{"@id":"https:\/\/bbqassad.ee\/fi\/toode\/maustesekoitus-liha-church-blanco\/#breadcrumb"},"inLanguage":"fi","potentialAction":[{"@type":"ReadAction","target":["https:\/\/bbqassad.ee\/fi\/toode\/maustesekoitus-liha-church-blanco\/"]}]},{"@type":"ImageObject","inLanguage":"fi","@id":"https:\/\/bbqassad.ee\/fi\/toode\/maustesekoitus-liha-church-blanco\/#primaryimage","url":"https:\/\/bbqassad.ee\/wp-content\/uploads\/2024\/10\/Nimetu-kujundus-28.png","contentUrl":"https:\/\/bbqassad.ee\/wp-content\/uploads\/2024\/10\/Nimetu-kujundus-28.png","width":1280,"height":720},{"@type":"BreadcrumbList","@id":"https:\/\/bbqassad.ee\/fi\/toode\/maustesekoitus-liha-church-blanco\/#breadcrumb","itemListElement":[{"@type":"ListItem","position":1,"name":"Home","item":"https:\/\/bbqassad.ee\/fi\/bbq-assat\/"},{"@type":"ListItem","position":2,"name":"Verkkokauppa","item":"https:\/\/bbqassad.ee\/fi\/verkkokauppa\/"},{"@type":"ListItem","position":3,"name":"Meat Church Blanco -mausteseos"}]},{"@type":"WebSite","@id":"https:\/\/bbqassad.ee\/fi\/#website","url":"https:\/\/bbqassad.ee\/fi\/","name":"BBQ \u00c4ssad","description":"BBQ maitseained, kastmed, ahjud","publisher":{"@id":"https:\/\/bbqassad.ee\/fi\/#organization"},"potentialAction":[{"@type":"SearchAction","target":{"@type":"EntryPoint","urlTemplate":"https:\/\/bbqassad.ee\/fi\/?s={search_term_string}"},"query-input":{"@type":"PropertyValueSpecification","valueRequired":true,"valueName":"search_term_string"}}],"inLanguage":"fi"},{"@type":"Organization","@id":"https:\/\/bbqassad.ee\/fi\/#organization","name":"BBQ \u00c4ssad","url":"https:\/\/bbqassad.ee\/fi\/","logo":{"@type":"ImageObject","inLanguage":"fi","@id":"https:\/\/bbqassad.ee\/fi\/#\/schema\/logo\/image\/","url":"https:\/\/bbqassad.ee\/wp-content\/uploads\/2022\/10\/BBQ-2ssadlogo.png","contentUrl":"https:\/\/bbqassad.ee\/wp-content\/uploads\/2022\/10\/BBQ-2ssadlogo.png","width":1080,"height":1080,"caption":"BBQ \u00c4ssad"},"image":{"@id":"https:\/\/bbqassad.ee\/fi\/#\/schema\/logo\/image\/"},"sameAs":["https:\/\/www.facebook.com\/bbqassad","https:\/\/www.youtube.com\/channel\/UCsoufn49J6TVi9Ah9meE93w"]}]}},"_links":{"self":[{"href":"https:\/\/bbqassad.ee\/fi\/wp-json\/wp\/v2\/product\/22615","targetHints":{"allow":["GET"]}}],"collection":[{"href":"https:\/\/bbqassad.ee\/fi\/wp-json\/wp\/v2\/product"}],"about":[{"href":"https:\/\/bbqassad.ee\/fi\/wp-json\/wp\/v2\/types\/product"}],"replies":[{"embeddable":true,"href":"https:\/\/bbqassad.ee\/fi\/wp-json\/wp\/v2\/comments?post=22615"}],"wp:featuredmedia":[{"embeddable":true,"href":"https:\/\/bbqassad.ee\/fi\/wp-json\/wp\/v2\/media\/22616"}],"wp:attachment":[{"href":"https:\/\/bbqassad.ee\/fi\/wp-json\/wp\/v2\/media?parent=22615"}],"wp:term":[{"taxonomy":"product_brand","embeddable":true,"href":"https:\/\/bbqassad.ee\/fi\/wp-json\/wp\/v2\/product_brand?post=22615"},{"taxonomy":"product_cat","embeddable":true,"href":"https:\/\/bbqassad.ee\/fi\/wp-json\/wp\/v2\/product_cat?post=22615"},{"taxonomy":"product_tag","embeddable":true,"href":"https:\/\/bbqassad.ee\/fi\/wp-json\/wp\/v2\/product_tag?post=22615"}],"curies":[{"name":"wp","href":"https:\/\/api.w.org\/{rel}","templated":true}]}}