{"id":22613,"date":"2024-10-28T12:55:04","date_gmt":"2024-10-28T12:55:04","guid":{"rendered":"https:\/\/bbqassad.ee\/toode\/kosmos-original-beef-brisket-injektionesteen-liuos\/"},"modified":"2026-04-14T06:33:05","modified_gmt":"2026-04-14T06:33:05","slug":"kosmos-original-beef-brisket-injektionesteen-liuos","status":"publish","type":"product","link":"https:\/\/bbqassad.ee\/fi\/toode\/kosmos-original-beef-brisket-injektionesteen-liuos\/","title":{"rendered":"Kosmo&#8217;s Q Original Beef Brisket Injection"},"content":{"rendered":"<h2>Kosmos Original Beef Brisket -injektionesteen liuos<\/h2>\n<p>Kissa voidaan nylke\u00e4 useammalla kuin yhdell\u00e4 tavalla, mutta on olemassa yksi merkki t\u00e4ydellisen rintafileen grillaamiseen, jota yh\u00e4 useammat kilpailukykyiset grillimestarit ymp\u00e4ri maailmaa k\u00e4ytt\u00e4v\u00e4t palkittuna salaisena aseenaan. Kosmo Q on muuttanut grillaajien kokkaustapaa k\u00e4ytt\u00e4m\u00e4ll\u00e4 omaa suolaseosta, joka s\u00e4ilytt\u00e4\u00e4 kosteuden ja antaa rintafileelle luonnollisen naudanlihan maun. <\/p>\n<h3>BBQ Aces kommentti<\/h3>\n<p>No, sit\u00e4 ei voi kiist\u00e4\u00e4, sill\u00e4 rintafileeseoksemme sis\u00e4lt\u00e4\u00e4 my\u00f6s Kosmos Q -injektointiliuosta.<\/p>\n<h3>Ammattilaisen vinkki<\/h3>\n<p>Jos naudanlihapala on hieman isompi ja punaisempi, laita rohkeasti ruiskuun.<\/p>\n","protected":false},"excerpt":{"rendered":"<p style=\"font-weight: 400;\"><strong>Kosmos Q Beef Brisket injektioneste<\/strong>, netto 453g<\/p>\n<p style=\"font-weight: 400;\"><strong>Ainesosat<\/strong>: hydrolysoitu soijaproteiini (sis\u00e4lt\u00e4\u00e4 suolaa), natriumfosfaatti (35 %), autolysoitu hiiva, dinatriuminosinaatti ja dinatriumguanylaatti, ksantaanikumi. Sis\u00e4lt\u00e4\u00e4: <strong>soijaa<\/strong> <\/p>\n","protected":false},"featured_media":22614,"comment_status":"open","ping_status":"closed","template":"","meta":[],"product_brand":[],"product_cat":[812],"product_tag":[],"class_list":{"0":"post-22613","1":"product","2":"type-product","3":"status-publish","4":"has-post-thumbnail","6":"product_cat-marinadit","8":"first","9":"instock","10":"taxable","11":"shipping-taxable","12":"purchasable","13":"product-type-simple"},"yoast_head":"<!-- This site is optimized with the Yoast SEO plugin v27.4 - https:\/\/yoast.com\/product\/yoast-seo-wordpress\/ -->\n<title>Kosmo&#039;s Q Original Beef Brisket Injection - BBQ \u00c4ssad<\/title>\n<meta name=\"description\" content=\"Suihkutusliuos brisketille, joka auttaa pit\u00e4m\u00e4\u00e4n lihan mehukkaana ja tuo esiin naudanlihan luonnollisen maun. Soveltuu naudanlihan rintafileen valmisteluun ennen savustamista.\" \/>\n<meta name=\"robots\" content=\"index, follow, max-snippet:-1, max-image-preview:large, max-video-preview:-1\" \/>\n<link rel=\"canonical\" href=\"https:\/\/bbqassad.ee\/fi\/toode\/kosmos-original-beef-brisket-injektionesteen-liuos\/\" \/>\n<meta property=\"og:locale\" content=\"fi_FI\" \/>\n<meta property=\"og:type\" content=\"article\" \/>\n<meta property=\"og:title\" content=\"Kosmos Original Beef Brisket -injektionesteen liuos\" \/>\n<meta property=\"og:description\" content=\"Suihkutusliuos brisketille, joka auttaa pit\u00e4m\u00e4\u00e4n lihan mehukkaana ja tuo esiin naudanlihan luonnollisen maun. Soveltuu naudanlihan rintafileen valmisteluun ennen savustamista.\" \/>\n<meta property=\"og:url\" content=\"https:\/\/bbqassad.ee\/fi\/toode\/kosmos-original-beef-brisket-injektionesteen-liuos\/\" \/>\n<meta property=\"og:site_name\" content=\"BBQ \u00c4ssad\" \/>\n<meta property=\"article:publisher\" content=\"https:\/\/www.facebook.com\/bbqassad\" \/>\n<meta property=\"article:modified_time\" content=\"2026-04-14T06:33:05+00:00\" \/>\n<meta property=\"og:image\" content=\"https:\/\/bbqassad.ee\/wp-content\/uploads\/2024\/10\/Nimetu-kujundus-29-1024x576.png\" \/>\n<meta name=\"twitter:card\" content=\"summary_large_image\" \/>\n<script type=\"application\/ld+json\" class=\"yoast-schema-graph\">{\"@context\":\"https:\\\/\\\/schema.org\",\"@graph\":[{\"@type\":\"WebPage\",\"@id\":\"https:\\\/\\\/bbqassad.ee\\\/fi\\\/toode\\\/kosmos-original-beef-brisket-injektionesteen-liuos\\\/\",\"url\":\"https:\\\/\\\/bbqassad.ee\\\/fi\\\/toode\\\/kosmos-original-beef-brisket-injektionesteen-liuos\\\/\",\"name\":\"Kosmo's Q Original Beef Brisket Injection - BBQ \u00c4ssad\",\"isPartOf\":{\"@id\":\"https:\\\/\\\/bbqassad.ee\\\/fi\\\/#website\"},\"primaryImageOfPage\":{\"@id\":\"https:\\\/\\\/bbqassad.ee\\\/fi\\\/toode\\\/kosmos-original-beef-brisket-injektionesteen-liuos\\\/#primaryimage\"},\"image\":{\"@id\":\"https:\\\/\\\/bbqassad.ee\\\/fi\\\/toode\\\/kosmos-original-beef-brisket-injektionesteen-liuos\\\/#primaryimage\"},\"thumbnailUrl\":\"https:\\\/\\\/bbqassad.ee\\\/wp-content\\\/uploads\\\/2024\\\/10\\\/Nimetu-kujundus-29.png\",\"datePublished\":\"2024-10-28T12:55:04+00:00\",\"dateModified\":\"2026-04-14T06:33:05+00:00\",\"description\":\"Suihkutusliuos brisketille, joka auttaa pit\u00e4m\u00e4\u00e4n lihan mehukkaana ja tuo esiin naudanlihan luonnollisen maun. Soveltuu naudanlihan rintafileen valmisteluun ennen savustamista.\",\"breadcrumb\":{\"@id\":\"https:\\\/\\\/bbqassad.ee\\\/fi\\\/toode\\\/kosmos-original-beef-brisket-injektionesteen-liuos\\\/#breadcrumb\"},\"inLanguage\":\"fi\",\"potentialAction\":[{\"@type\":\"ReadAction\",\"target\":[\"https:\\\/\\\/bbqassad.ee\\\/fi\\\/toode\\\/kosmos-original-beef-brisket-injektionesteen-liuos\\\/\"]}]},{\"@type\":\"ImageObject\",\"inLanguage\":\"fi\",\"@id\":\"https:\\\/\\\/bbqassad.ee\\\/fi\\\/toode\\\/kosmos-original-beef-brisket-injektionesteen-liuos\\\/#primaryimage\",\"url\":\"https:\\\/\\\/bbqassad.ee\\\/wp-content\\\/uploads\\\/2024\\\/10\\\/Nimetu-kujundus-29.png\",\"contentUrl\":\"https:\\\/\\\/bbqassad.ee\\\/wp-content\\\/uploads\\\/2024\\\/10\\\/Nimetu-kujundus-29.png\",\"width\":1280,\"height\":720,\"caption\":\"Kosmos Original Beef Brisket s\u00fcstelahus\"},{\"@type\":\"BreadcrumbList\",\"@id\":\"https:\\\/\\\/bbqassad.ee\\\/fi\\\/toode\\\/kosmos-original-beef-brisket-injektionesteen-liuos\\\/#breadcrumb\",\"itemListElement\":[{\"@type\":\"ListItem\",\"position\":1,\"name\":\"Home\",\"item\":\"https:\\\/\\\/bbqassad.ee\\\/fi\\\/bbq-assat\\\/\"},{\"@type\":\"ListItem\",\"position\":2,\"name\":\"Verkkokauppa\",\"item\":\"https:\\\/\\\/bbqassad.ee\\\/fi\\\/verkkokauppa\\\/\"},{\"@type\":\"ListItem\",\"position\":3,\"name\":\"Kosmo&#8217;s Q Original Beef Brisket Injection\"}]},{\"@type\":\"WebSite\",\"@id\":\"https:\\\/\\\/bbqassad.ee\\\/fi\\\/#website\",\"url\":\"https:\\\/\\\/bbqassad.ee\\\/fi\\\/\",\"name\":\"BBQ \u00c4ssad\",\"description\":\"BBQ maitseained, kastmed, ahjud\",\"publisher\":{\"@id\":\"https:\\\/\\\/bbqassad.ee\\\/fi\\\/#organization\"},\"potentialAction\":[{\"@type\":\"SearchAction\",\"target\":{\"@type\":\"EntryPoint\",\"urlTemplate\":\"https:\\\/\\\/bbqassad.ee\\\/fi\\\/?s={search_term_string}\"},\"query-input\":{\"@type\":\"PropertyValueSpecification\",\"valueRequired\":true,\"valueName\":\"search_term_string\"}}],\"inLanguage\":\"fi\"},{\"@type\":\"Organization\",\"@id\":\"https:\\\/\\\/bbqassad.ee\\\/fi\\\/#organization\",\"name\":\"BBQ \u00c4ssad\",\"url\":\"https:\\\/\\\/bbqassad.ee\\\/fi\\\/\",\"logo\":{\"@type\":\"ImageObject\",\"inLanguage\":\"fi\",\"@id\":\"https:\\\/\\\/bbqassad.ee\\\/fi\\\/#\\\/schema\\\/logo\\\/image\\\/\",\"url\":\"https:\\\/\\\/bbqassad.ee\\\/wp-content\\\/uploads\\\/2022\\\/10\\\/BBQ-2ssadlogo.png\",\"contentUrl\":\"https:\\\/\\\/bbqassad.ee\\\/wp-content\\\/uploads\\\/2022\\\/10\\\/BBQ-2ssadlogo.png\",\"width\":1080,\"height\":1080,\"caption\":\"BBQ \u00c4ssad\"},\"image\":{\"@id\":\"https:\\\/\\\/bbqassad.ee\\\/fi\\\/#\\\/schema\\\/logo\\\/image\\\/\"},\"sameAs\":[\"https:\\\/\\\/www.facebook.com\\\/bbqassad\",\"https:\\\/\\\/www.youtube.com\\\/channel\\\/UCsoufn49J6TVi9Ah9meE93w\"]}]}<\/script>\n<!-- \/ Yoast SEO plugin. -->","yoast_head_json":{"title":"Kosmo's Q Original Beef Brisket Injection - BBQ \u00c4ssad","description":"Suihkutusliuos brisketille, joka auttaa pit\u00e4m\u00e4\u00e4n lihan mehukkaana ja tuo esiin naudanlihan luonnollisen maun. Soveltuu naudanlihan rintafileen valmisteluun ennen savustamista.","robots":{"index":"index","follow":"follow","max-snippet":"max-snippet:-1","max-image-preview":"max-image-preview:large","max-video-preview":"max-video-preview:-1"},"canonical":"https:\/\/bbqassad.ee\/fi\/toode\/kosmos-original-beef-brisket-injektionesteen-liuos\/","og_locale":"fi_FI","og_type":"article","og_title":"Kosmos Original Beef Brisket -injektionesteen liuos","og_description":"Suihkutusliuos brisketille, joka auttaa pit\u00e4m\u00e4\u00e4n lihan mehukkaana ja tuo esiin naudanlihan luonnollisen maun. Soveltuu naudanlihan rintafileen valmisteluun ennen savustamista.","og_url":"https:\/\/bbqassad.ee\/fi\/toode\/kosmos-original-beef-brisket-injektionesteen-liuos\/","og_site_name":"BBQ \u00c4ssad","article_publisher":"https:\/\/www.facebook.com\/bbqassad","article_modified_time":"2026-04-14T06:33:05+00:00","og_image":[{"url":"https:\/\/bbqassad.ee\/wp-content\/uploads\/2024\/10\/Nimetu-kujundus-29-1024x576.png","type":"","width":"","height":""}],"twitter_card":"summary_large_image","schema":{"@context":"https:\/\/schema.org","@graph":[{"@type":"WebPage","@id":"https:\/\/bbqassad.ee\/fi\/toode\/kosmos-original-beef-brisket-injektionesteen-liuos\/","url":"https:\/\/bbqassad.ee\/fi\/toode\/kosmos-original-beef-brisket-injektionesteen-liuos\/","name":"Kosmo's Q Original Beef Brisket Injection - BBQ \u00c4ssad","isPartOf":{"@id":"https:\/\/bbqassad.ee\/fi\/#website"},"primaryImageOfPage":{"@id":"https:\/\/bbqassad.ee\/fi\/toode\/kosmos-original-beef-brisket-injektionesteen-liuos\/#primaryimage"},"image":{"@id":"https:\/\/bbqassad.ee\/fi\/toode\/kosmos-original-beef-brisket-injektionesteen-liuos\/#primaryimage"},"thumbnailUrl":"https:\/\/bbqassad.ee\/wp-content\/uploads\/2024\/10\/Nimetu-kujundus-29.png","datePublished":"2024-10-28T12:55:04+00:00","dateModified":"2026-04-14T06:33:05+00:00","description":"Suihkutusliuos brisketille, joka auttaa pit\u00e4m\u00e4\u00e4n lihan mehukkaana ja tuo esiin naudanlihan luonnollisen maun. Soveltuu naudanlihan rintafileen valmisteluun ennen savustamista.","breadcrumb":{"@id":"https:\/\/bbqassad.ee\/fi\/toode\/kosmos-original-beef-brisket-injektionesteen-liuos\/#breadcrumb"},"inLanguage":"fi","potentialAction":[{"@type":"ReadAction","target":["https:\/\/bbqassad.ee\/fi\/toode\/kosmos-original-beef-brisket-injektionesteen-liuos\/"]}]},{"@type":"ImageObject","inLanguage":"fi","@id":"https:\/\/bbqassad.ee\/fi\/toode\/kosmos-original-beef-brisket-injektionesteen-liuos\/#primaryimage","url":"https:\/\/bbqassad.ee\/wp-content\/uploads\/2024\/10\/Nimetu-kujundus-29.png","contentUrl":"https:\/\/bbqassad.ee\/wp-content\/uploads\/2024\/10\/Nimetu-kujundus-29.png","width":1280,"height":720,"caption":"Kosmos Original Beef Brisket s\u00fcstelahus"},{"@type":"BreadcrumbList","@id":"https:\/\/bbqassad.ee\/fi\/toode\/kosmos-original-beef-brisket-injektionesteen-liuos\/#breadcrumb","itemListElement":[{"@type":"ListItem","position":1,"name":"Home","item":"https:\/\/bbqassad.ee\/fi\/bbq-assat\/"},{"@type":"ListItem","position":2,"name":"Verkkokauppa","item":"https:\/\/bbqassad.ee\/fi\/verkkokauppa\/"},{"@type":"ListItem","position":3,"name":"Kosmo&#8217;s Q Original Beef Brisket Injection"}]},{"@type":"WebSite","@id":"https:\/\/bbqassad.ee\/fi\/#website","url":"https:\/\/bbqassad.ee\/fi\/","name":"BBQ \u00c4ssad","description":"BBQ maitseained, kastmed, ahjud","publisher":{"@id":"https:\/\/bbqassad.ee\/fi\/#organization"},"potentialAction":[{"@type":"SearchAction","target":{"@type":"EntryPoint","urlTemplate":"https:\/\/bbqassad.ee\/fi\/?s={search_term_string}"},"query-input":{"@type":"PropertyValueSpecification","valueRequired":true,"valueName":"search_term_string"}}],"inLanguage":"fi"},{"@type":"Organization","@id":"https:\/\/bbqassad.ee\/fi\/#organization","name":"BBQ \u00c4ssad","url":"https:\/\/bbqassad.ee\/fi\/","logo":{"@type":"ImageObject","inLanguage":"fi","@id":"https:\/\/bbqassad.ee\/fi\/#\/schema\/logo\/image\/","url":"https:\/\/bbqassad.ee\/wp-content\/uploads\/2022\/10\/BBQ-2ssadlogo.png","contentUrl":"https:\/\/bbqassad.ee\/wp-content\/uploads\/2022\/10\/BBQ-2ssadlogo.png","width":1080,"height":1080,"caption":"BBQ \u00c4ssad"},"image":{"@id":"https:\/\/bbqassad.ee\/fi\/#\/schema\/logo\/image\/"},"sameAs":["https:\/\/www.facebook.com\/bbqassad","https:\/\/www.youtube.com\/channel\/UCsoufn49J6TVi9Ah9meE93w"]}]}},"_links":{"self":[{"href":"https:\/\/bbqassad.ee\/fi\/wp-json\/wp\/v2\/product\/22613","targetHints":{"allow":["GET"]}}],"collection":[{"href":"https:\/\/bbqassad.ee\/fi\/wp-json\/wp\/v2\/product"}],"about":[{"href":"https:\/\/bbqassad.ee\/fi\/wp-json\/wp\/v2\/types\/product"}],"replies":[{"embeddable":true,"href":"https:\/\/bbqassad.ee\/fi\/wp-json\/wp\/v2\/comments?post=22613"}],"wp:featuredmedia":[{"embeddable":true,"href":"https:\/\/bbqassad.ee\/fi\/wp-json\/wp\/v2\/media\/22614"}],"wp:attachment":[{"href":"https:\/\/bbqassad.ee\/fi\/wp-json\/wp\/v2\/media?parent=22613"}],"wp:term":[{"taxonomy":"product_brand","embeddable":true,"href":"https:\/\/bbqassad.ee\/fi\/wp-json\/wp\/v2\/product_brand?post=22613"},{"taxonomy":"product_cat","embeddable":true,"href":"https:\/\/bbqassad.ee\/fi\/wp-json\/wp\/v2\/product_cat?post=22613"},{"taxonomy":"product_tag","embeddable":true,"href":"https:\/\/bbqassad.ee\/fi\/wp-json\/wp\/v2\/product_tag?post=22613"}],"curies":[{"name":"wp","href":"https:\/\/api.w.org\/{rel}","templated":true}]}}