{"id":22593,"date":"2024-11-21T14:19:07","date_gmt":"2024-11-21T14:19:07","guid":{"rendered":"https:\/\/bbqassad.ee\/toode\/dreamfire-grill-bbq-foolium\/"},"modified":"2026-04-14T06:33:05","modified_gmt":"2026-04-14T06:33:05","slug":"dreamfire-grill-bbq-foolium","status":"publish","type":"product","link":"https:\/\/bbqassad.ee\/fi\/toode\/dreamfire-grill-bbq-foolium\/","title":{"rendered":"Dreamfire Grill &#038; BBQ -folio"},"content":{"rendered":"<h1 class=\"product_title entry-title\">Dreamfire Grill &amp; BBQ Fooliu<\/h1>\n<div class=\"woocommerce-product-details__short-description\">\n<p>Dreamfire Grill &amp; BBQ -folio on vahvin ja kest\u00e4vin saatavilla oleva folio. Sen 25 mikronin paksuuden ansiosta se kest\u00e4\u00e4 erityisen hyvin kuumuutta, joten se on ihanteellinen grillauksen apuv\u00e4line. Folio on 30 m pitk\u00e4 ja 45 cm leve\u00e4, joten se on ihanteellinen suurten grillialueiden peitt\u00e4miseen tai oman lihan tai muiden ruokien k\u00e4\u00e4rimiseen. Olipa kyseess\u00e4 ruoanlaitto, grillaus tai ruoan s\u00e4ilytys, Dreamfire\u00ae Grill &amp; BBQ Foil on t\u00e4ydellinen lis\u00e4 keitti\u00f6\u00f6si.   <\/p>\n<\/div>\n<p>&nbsp;<\/p>\n","protected":false},"excerpt":{"rendered":"<table class=\"woocommerce-product-attributes shop_attributes\">\n<tbody>\n<tr class=\"woocommerce-product-attributes-item woocommerce-product-attributes-item--dimensions\">\n<th class=\"woocommerce-product-attributes-item__label\">Mitat<\/th>\n<td class=\"woocommerce-product-attributes-item__value\">45 cm<\/td>\n<\/tr>\n<\/tbody>\n<\/table>\n","protected":false},"featured_media":22594,"comment_status":"open","ping_status":"closed","template":"","meta":[],"product_brand":[],"product_cat":[784],"product_tag":[],"class_list":{"0":"post-22593","1":"product","2":"type-product","3":"status-publish","4":"has-post-thumbnail","6":"product_cat-tarvikkeet","8":"first","9":"instock","10":"taxable","11":"shipping-taxable","12":"purchasable","13":"product-type-simple"},"yoast_head":"<!-- This site is optimized with the Yoast SEO plugin v27.4 - https:\/\/yoast.com\/product\/yoast-seo-wordpress\/ -->\n<title>Dreamfire Grill &amp; BBQ -folio - BBQ \u00c4ssad<\/title>\n<meta name=\"description\" content=\"Dreamfire BBQ-folio grillaukseen ja savustukseen - pit\u00e4\u00e4 mehut sis\u00e4ll\u00e4, auttaa peitt\u00e4m\u00e4\u00e4n lihan ja helpottaa siivousta. Sopii sek\u00e4 grilliin ett\u00e4 uuniin.\" \/>\n<meta name=\"robots\" content=\"index, follow, max-snippet:-1, max-image-preview:large, max-video-preview:-1\" \/>\n<link rel=\"canonical\" href=\"https:\/\/bbqassad.ee\/fi\/toode\/dreamfire-grill-bbq-foolium\/\" \/>\n<meta property=\"og:locale\" content=\"fi_FI\" \/>\n<meta property=\"og:type\" content=\"article\" \/>\n<meta property=\"og:title\" content=\"Dreamfire Grill &amp; BBQ Foolium\" \/>\n<meta property=\"og:description\" content=\"Dreamfire BBQ-folio grillaukseen ja savustukseen - pit\u00e4\u00e4 mehut sis\u00e4ll\u00e4, auttaa peitt\u00e4m\u00e4\u00e4n lihan ja helpottaa siivousta. Sopii sek\u00e4 grilliin ett\u00e4 uuniin.\" \/>\n<meta property=\"og:url\" content=\"https:\/\/bbqassad.ee\/fi\/toode\/dreamfire-grill-bbq-foolium\/\" \/>\n<meta property=\"og:site_name\" content=\"BBQ \u00c4ssad\" \/>\n<meta property=\"article:publisher\" content=\"https:\/\/www.facebook.com\/bbqassad\" \/>\n<meta property=\"article:modified_time\" content=\"2026-04-14T06:33:05+00:00\" \/>\n<meta property=\"og:image\" content=\"https:\/\/bbqassad.ee\/wp-content\/uploads\/2024\/11\/Dreamfire-Grill-BBQ-Foil-1-scaled-540x403-1.jpg\" \/>\n<meta name=\"twitter:card\" content=\"summary_large_image\" \/>\n<script type=\"application\/ld+json\" class=\"yoast-schema-graph\">{\"@context\":\"https:\\\/\\\/schema.org\",\"@graph\":[{\"@type\":\"WebPage\",\"@id\":\"https:\\\/\\\/bbqassad.ee\\\/fi\\\/toode\\\/dreamfire-grill-bbq-foolium\\\/\",\"url\":\"https:\\\/\\\/bbqassad.ee\\\/fi\\\/toode\\\/dreamfire-grill-bbq-foolium\\\/\",\"name\":\"Dreamfire Grill & BBQ -folio - BBQ \u00c4ssad\",\"isPartOf\":{\"@id\":\"https:\\\/\\\/bbqassad.ee\\\/fi\\\/#website\"},\"primaryImageOfPage\":{\"@id\":\"https:\\\/\\\/bbqassad.ee\\\/fi\\\/toode\\\/dreamfire-grill-bbq-foolium\\\/#primaryimage\"},\"image\":{\"@id\":\"https:\\\/\\\/bbqassad.ee\\\/fi\\\/toode\\\/dreamfire-grill-bbq-foolium\\\/#primaryimage\"},\"thumbnailUrl\":\"https:\\\/\\\/bbqassad.ee\\\/wp-content\\\/uploads\\\/2024\\\/11\\\/Dreamfire-Grill-BBQ-Foil-1-scaled-540x403-1.jpg\",\"datePublished\":\"2024-11-21T14:19:07+00:00\",\"dateModified\":\"2026-04-14T06:33:05+00:00\",\"description\":\"Dreamfire BBQ-folio grillaukseen ja savustukseen - pit\u00e4\u00e4 mehut sis\u00e4ll\u00e4, auttaa peitt\u00e4m\u00e4\u00e4n lihan ja helpottaa siivousta. Sopii sek\u00e4 grilliin ett\u00e4 uuniin.\",\"breadcrumb\":{\"@id\":\"https:\\\/\\\/bbqassad.ee\\\/fi\\\/toode\\\/dreamfire-grill-bbq-foolium\\\/#breadcrumb\"},\"inLanguage\":\"fi\",\"potentialAction\":[{\"@type\":\"ReadAction\",\"target\":[\"https:\\\/\\\/bbqassad.ee\\\/fi\\\/toode\\\/dreamfire-grill-bbq-foolium\\\/\"]}]},{\"@type\":\"ImageObject\",\"inLanguage\":\"fi\",\"@id\":\"https:\\\/\\\/bbqassad.ee\\\/fi\\\/toode\\\/dreamfire-grill-bbq-foolium\\\/#primaryimage\",\"url\":\"https:\\\/\\\/bbqassad.ee\\\/wp-content\\\/uploads\\\/2024\\\/11\\\/Dreamfire-Grill-BBQ-Foil-1-scaled-540x403-1.jpg\",\"contentUrl\":\"https:\\\/\\\/bbqassad.ee\\\/wp-content\\\/uploads\\\/2024\\\/11\\\/Dreamfire-Grill-BBQ-Foil-1-scaled-540x403-1.jpg\",\"width\":540,\"height\":403,\"caption\":\"Dreamfire Grill & BBQ Foolium\"},{\"@type\":\"BreadcrumbList\",\"@id\":\"https:\\\/\\\/bbqassad.ee\\\/fi\\\/toode\\\/dreamfire-grill-bbq-foolium\\\/#breadcrumb\",\"itemListElement\":[{\"@type\":\"ListItem\",\"position\":1,\"name\":\"Home\",\"item\":\"https:\\\/\\\/bbqassad.ee\\\/fi\\\/bbq-assat\\\/\"},{\"@type\":\"ListItem\",\"position\":2,\"name\":\"Verkkokauppa\",\"item\":\"https:\\\/\\\/bbqassad.ee\\\/fi\\\/verkkokauppa\\\/\"},{\"@type\":\"ListItem\",\"position\":3,\"name\":\"Dreamfire Grill &#038; BBQ -folio\"}]},{\"@type\":\"WebSite\",\"@id\":\"https:\\\/\\\/bbqassad.ee\\\/fi\\\/#website\",\"url\":\"https:\\\/\\\/bbqassad.ee\\\/fi\\\/\",\"name\":\"BBQ \u00c4ssad\",\"description\":\"BBQ maitseained, kastmed, ahjud\",\"publisher\":{\"@id\":\"https:\\\/\\\/bbqassad.ee\\\/fi\\\/#organization\"},\"potentialAction\":[{\"@type\":\"SearchAction\",\"target\":{\"@type\":\"EntryPoint\",\"urlTemplate\":\"https:\\\/\\\/bbqassad.ee\\\/fi\\\/?s={search_term_string}\"},\"query-input\":{\"@type\":\"PropertyValueSpecification\",\"valueRequired\":true,\"valueName\":\"search_term_string\"}}],\"inLanguage\":\"fi\"},{\"@type\":\"Organization\",\"@id\":\"https:\\\/\\\/bbqassad.ee\\\/fi\\\/#organization\",\"name\":\"BBQ \u00c4ssad\",\"url\":\"https:\\\/\\\/bbqassad.ee\\\/fi\\\/\",\"logo\":{\"@type\":\"ImageObject\",\"inLanguage\":\"fi\",\"@id\":\"https:\\\/\\\/bbqassad.ee\\\/fi\\\/#\\\/schema\\\/logo\\\/image\\\/\",\"url\":\"https:\\\/\\\/bbqassad.ee\\\/wp-content\\\/uploads\\\/2022\\\/10\\\/BBQ-2ssadlogo.png\",\"contentUrl\":\"https:\\\/\\\/bbqassad.ee\\\/wp-content\\\/uploads\\\/2022\\\/10\\\/BBQ-2ssadlogo.png\",\"width\":1080,\"height\":1080,\"caption\":\"BBQ \u00c4ssad\"},\"image\":{\"@id\":\"https:\\\/\\\/bbqassad.ee\\\/fi\\\/#\\\/schema\\\/logo\\\/image\\\/\"},\"sameAs\":[\"https:\\\/\\\/www.facebook.com\\\/bbqassad\",\"https:\\\/\\\/www.youtube.com\\\/channel\\\/UCsoufn49J6TVi9Ah9meE93w\"]}]}<\/script>\n<!-- \/ Yoast SEO plugin. -->","yoast_head_json":{"title":"Dreamfire Grill & BBQ -folio - BBQ \u00c4ssad","description":"Dreamfire BBQ-folio grillaukseen ja savustukseen - pit\u00e4\u00e4 mehut sis\u00e4ll\u00e4, auttaa peitt\u00e4m\u00e4\u00e4n lihan ja helpottaa siivousta. Sopii sek\u00e4 grilliin ett\u00e4 uuniin.","robots":{"index":"index","follow":"follow","max-snippet":"max-snippet:-1","max-image-preview":"max-image-preview:large","max-video-preview":"max-video-preview:-1"},"canonical":"https:\/\/bbqassad.ee\/fi\/toode\/dreamfire-grill-bbq-foolium\/","og_locale":"fi_FI","og_type":"article","og_title":"Dreamfire Grill & BBQ Foolium","og_description":"Dreamfire BBQ-folio grillaukseen ja savustukseen - pit\u00e4\u00e4 mehut sis\u00e4ll\u00e4, auttaa peitt\u00e4m\u00e4\u00e4n lihan ja helpottaa siivousta. Sopii sek\u00e4 grilliin ett\u00e4 uuniin.","og_url":"https:\/\/bbqassad.ee\/fi\/toode\/dreamfire-grill-bbq-foolium\/","og_site_name":"BBQ \u00c4ssad","article_publisher":"https:\/\/www.facebook.com\/bbqassad","article_modified_time":"2026-04-14T06:33:05+00:00","og_image":[{"url":"https:\/\/bbqassad.ee\/wp-content\/uploads\/2024\/11\/Dreamfire-Grill-BBQ-Foil-1-scaled-540x403-1.jpg","type":"","width":"","height":""}],"twitter_card":"summary_large_image","schema":{"@context":"https:\/\/schema.org","@graph":[{"@type":"WebPage","@id":"https:\/\/bbqassad.ee\/fi\/toode\/dreamfire-grill-bbq-foolium\/","url":"https:\/\/bbqassad.ee\/fi\/toode\/dreamfire-grill-bbq-foolium\/","name":"Dreamfire Grill & BBQ -folio - BBQ \u00c4ssad","isPartOf":{"@id":"https:\/\/bbqassad.ee\/fi\/#website"},"primaryImageOfPage":{"@id":"https:\/\/bbqassad.ee\/fi\/toode\/dreamfire-grill-bbq-foolium\/#primaryimage"},"image":{"@id":"https:\/\/bbqassad.ee\/fi\/toode\/dreamfire-grill-bbq-foolium\/#primaryimage"},"thumbnailUrl":"https:\/\/bbqassad.ee\/wp-content\/uploads\/2024\/11\/Dreamfire-Grill-BBQ-Foil-1-scaled-540x403-1.jpg","datePublished":"2024-11-21T14:19:07+00:00","dateModified":"2026-04-14T06:33:05+00:00","description":"Dreamfire BBQ-folio grillaukseen ja savustukseen - pit\u00e4\u00e4 mehut sis\u00e4ll\u00e4, auttaa peitt\u00e4m\u00e4\u00e4n lihan ja helpottaa siivousta. Sopii sek\u00e4 grilliin ett\u00e4 uuniin.","breadcrumb":{"@id":"https:\/\/bbqassad.ee\/fi\/toode\/dreamfire-grill-bbq-foolium\/#breadcrumb"},"inLanguage":"fi","potentialAction":[{"@type":"ReadAction","target":["https:\/\/bbqassad.ee\/fi\/toode\/dreamfire-grill-bbq-foolium\/"]}]},{"@type":"ImageObject","inLanguage":"fi","@id":"https:\/\/bbqassad.ee\/fi\/toode\/dreamfire-grill-bbq-foolium\/#primaryimage","url":"https:\/\/bbqassad.ee\/wp-content\/uploads\/2024\/11\/Dreamfire-Grill-BBQ-Foil-1-scaled-540x403-1.jpg","contentUrl":"https:\/\/bbqassad.ee\/wp-content\/uploads\/2024\/11\/Dreamfire-Grill-BBQ-Foil-1-scaled-540x403-1.jpg","width":540,"height":403,"caption":"Dreamfire Grill & BBQ Foolium"},{"@type":"BreadcrumbList","@id":"https:\/\/bbqassad.ee\/fi\/toode\/dreamfire-grill-bbq-foolium\/#breadcrumb","itemListElement":[{"@type":"ListItem","position":1,"name":"Home","item":"https:\/\/bbqassad.ee\/fi\/bbq-assat\/"},{"@type":"ListItem","position":2,"name":"Verkkokauppa","item":"https:\/\/bbqassad.ee\/fi\/verkkokauppa\/"},{"@type":"ListItem","position":3,"name":"Dreamfire Grill &#038; BBQ -folio"}]},{"@type":"WebSite","@id":"https:\/\/bbqassad.ee\/fi\/#website","url":"https:\/\/bbqassad.ee\/fi\/","name":"BBQ \u00c4ssad","description":"BBQ maitseained, kastmed, ahjud","publisher":{"@id":"https:\/\/bbqassad.ee\/fi\/#organization"},"potentialAction":[{"@type":"SearchAction","target":{"@type":"EntryPoint","urlTemplate":"https:\/\/bbqassad.ee\/fi\/?s={search_term_string}"},"query-input":{"@type":"PropertyValueSpecification","valueRequired":true,"valueName":"search_term_string"}}],"inLanguage":"fi"},{"@type":"Organization","@id":"https:\/\/bbqassad.ee\/fi\/#organization","name":"BBQ \u00c4ssad","url":"https:\/\/bbqassad.ee\/fi\/","logo":{"@type":"ImageObject","inLanguage":"fi","@id":"https:\/\/bbqassad.ee\/fi\/#\/schema\/logo\/image\/","url":"https:\/\/bbqassad.ee\/wp-content\/uploads\/2022\/10\/BBQ-2ssadlogo.png","contentUrl":"https:\/\/bbqassad.ee\/wp-content\/uploads\/2022\/10\/BBQ-2ssadlogo.png","width":1080,"height":1080,"caption":"BBQ \u00c4ssad"},"image":{"@id":"https:\/\/bbqassad.ee\/fi\/#\/schema\/logo\/image\/"},"sameAs":["https:\/\/www.facebook.com\/bbqassad","https:\/\/www.youtube.com\/channel\/UCsoufn49J6TVi9Ah9meE93w"]}]}},"_links":{"self":[{"href":"https:\/\/bbqassad.ee\/fi\/wp-json\/wp\/v2\/product\/22593","targetHints":{"allow":["GET"]}}],"collection":[{"href":"https:\/\/bbqassad.ee\/fi\/wp-json\/wp\/v2\/product"}],"about":[{"href":"https:\/\/bbqassad.ee\/fi\/wp-json\/wp\/v2\/types\/product"}],"replies":[{"embeddable":true,"href":"https:\/\/bbqassad.ee\/fi\/wp-json\/wp\/v2\/comments?post=22593"}],"wp:featuredmedia":[{"embeddable":true,"href":"https:\/\/bbqassad.ee\/fi\/wp-json\/wp\/v2\/media\/22594"}],"wp:attachment":[{"href":"https:\/\/bbqassad.ee\/fi\/wp-json\/wp\/v2\/media?parent=22593"}],"wp:term":[{"taxonomy":"product_brand","embeddable":true,"href":"https:\/\/bbqassad.ee\/fi\/wp-json\/wp\/v2\/product_brand?post=22593"},{"taxonomy":"product_cat","embeddable":true,"href":"https:\/\/bbqassad.ee\/fi\/wp-json\/wp\/v2\/product_cat?post=22593"},{"taxonomy":"product_tag","embeddable":true,"href":"https:\/\/bbqassad.ee\/fi\/wp-json\/wp\/v2\/product_tag?post=22593"}],"curies":[{"name":"wp","href":"https:\/\/api.w.org\/{rel}","templated":true}]}}