{"id":22589,"date":"2024-12-10T08:48:44","date_gmt":"2024-12-10T08:48:44","guid":{"rendered":"https:\/\/bbqassad.ee\/toode\/heath-riles-everyday-rub-mausteseos\/"},"modified":"2026-04-14T06:33:02","modified_gmt":"2026-04-14T06:33:02","slug":"heath-riles-everyday-rub-mausteseos","status":"publish","type":"product","link":"https:\/\/bbqassad.ee\/fi\/toode\/heath-riles-everyday-rub-mausteseos\/","title":{"rendered":"Heath Riles Everyday Rub -mausteseos"},"content":{"rendered":"<h2>Heath Riles Everyday Rub -mausteseos<\/h2>\n<p>Heath Riles on mies, joka on voittanut lukemattomia titteleit\u00e4 maailmanmestaruusluokassa. Viime vuosina h\u00e4n on pysynyt haastamattomana. H\u00e4n tekee sen aina omilla mausteillaan ja kastikkeillaan. Jokap\u00e4iv\u00e4isen rubin pit\u00e4isi olla jotain, joka korvaa suolan ja pippurin k\u00e4yt\u00f6n kotona juuri t\u00e4ll\u00e4 purkilla. Oikeastaan n\u00e4in ei ole aivan, sill\u00e4 siin\u00e4 purkissa ei ole vain suolaa ja pippuria, vaan my\u00f6s hieman mausteita ja valkosipulia ja jopa sokeria. Toistaiseksi se on toiminut hyvin useimmille&#8230;. jopa ranskalaisiin.     <\/p>\n<h3>BBQ Aces kommentti<\/h3>\n<p>Se on kyll\u00e4 sellaista arkista kotitekoista sekoitusta, jopa pizzakastike oli paljon parempaa.<\/p>\n<h3>Ammattilaisen vinkki<\/h3>\n<p>Jos se pit\u00e4isi kirjoittaa t\u00e4nne, \u00e4l\u00e4 pelk\u00e4\u00e4 laittaa sit\u00e4 my\u00f6s t\u00e4nne&#8230;.. t\u00e4m\u00e4n seoksen kohdalla pit\u00e4isi sanoa: \u00e4l\u00e4 pelk\u00e4\u00e4 laittaa sit\u00e4 kaikkialle. <\/p>\n","protected":false},"excerpt":{"rendered":"<p><strong>Heath Riles Everyday Rub, mausteseos<\/strong> Netto 396 g.<\/p>\n<p style=\"font-weight: 400;\"><strong>Ainesosat<\/strong>: suola, sokeri, glutamaatti, mausteet, valkosipuli ja valkosipuli.<\/p>\n<p style=\"font-weight: 400;\">alle 2 % trikalsiumfosfaattia (paakkuuntumisenestoaine).<\/p>\n<p style=\"font-weight: 400;\"><strong>Ravintoarvotiedot 100 g:aa kohti<\/strong>: energia: 1047 kJ\/250 kcal; rasva 0 g, josta tyydyttyneit\u00e4 rasvoja<\/p>\n<p style=\"font-weight: 400;\">rasvahappoja: 0 g; hiilihydraatteja 50 g, josta sokereita 50 g; proteiineja 0 g; suolaa 43,8 g.<\/p>\n","protected":false},"featured_media":22590,"comment_status":"open","ping_status":"closed","template":"","meta":[],"product_brand":[],"product_cat":[802],"product_tag":[],"class_list":{"0":"post-22589","1":"product","2":"type-product","3":"status-publish","4":"has-post-thumbnail","6":"product_cat-sekoitukset","8":"first","9":"instock","10":"taxable","11":"shipping-taxable","12":"purchasable","13":"product-type-simple"},"yoast_head":"<!-- This site is optimized with the Yoast SEO plugin v27.4 - https:\/\/yoast.com\/product\/yoast-seo-wordpress\/ -->\n<title>Heath Riles Everyday Rub -mausteseos - BBQ \u00c4ssad<\/title>\n<meta name=\"description\" content=\"Yleismausteseos jokap\u00e4iv\u00e4iseen grillaukseen: suolaa, sokeria, mausteita ja valkosipulia. Sopii lihalle, kanalle ja vihanneksille. Nettom\u00e4\u00e4r\u00e4 396 g.\" \/>\n<meta name=\"robots\" content=\"index, follow, max-snippet:-1, max-image-preview:large, max-video-preview:-1\" \/>\n<link rel=\"canonical\" href=\"https:\/\/bbqassad.ee\/fi\/toode\/heath-riles-everyday-rub-mausteseos\/\" \/>\n<meta property=\"og:locale\" content=\"fi_FI\" \/>\n<meta property=\"og:type\" content=\"article\" \/>\n<meta property=\"og:title\" content=\"Heath Riles Everyday Rub -mausteseos\" \/>\n<meta property=\"og:description\" content=\"Yleismausteseos jokap\u00e4iv\u00e4iseen grillaukseen: suolaa, sokeria, mausteita ja valkosipulia. Sopii lihalle, kanalle ja vihanneksille. Nettom\u00e4\u00e4r\u00e4 396 g.\" \/>\n<meta property=\"og:url\" content=\"https:\/\/bbqassad.ee\/fi\/toode\/heath-riles-everyday-rub-mausteseos\/\" \/>\n<meta property=\"og:site_name\" content=\"BBQ \u00c4ssad\" \/>\n<meta property=\"article:publisher\" content=\"https:\/\/www.facebook.com\/bbqassad\" \/>\n<meta property=\"article:modified_time\" content=\"2026-04-14T06:33:02+00:00\" \/>\n<meta property=\"og:image\" content=\"https:\/\/bbqassad.ee\/wp-content\/uploads\/2024\/12\/Everyday-Rub-Front-300x300.png\" \/>\n<meta name=\"twitter:card\" content=\"summary_large_image\" \/>\n<meta name=\"twitter:label1\" content=\"Arvioitu lukuaika\" \/>\n\t<meta name=\"twitter:data1\" content=\"1 minuutti\" \/>\n<script type=\"application\/ld+json\" class=\"yoast-schema-graph\">{\"@context\":\"https:\\\/\\\/schema.org\",\"@graph\":[{\"@type\":\"WebPage\",\"@id\":\"https:\\\/\\\/bbqassad.ee\\\/fi\\\/toode\\\/heath-riles-everyday-rub-mausteseos\\\/\",\"url\":\"https:\\\/\\\/bbqassad.ee\\\/fi\\\/toode\\\/heath-riles-everyday-rub-mausteseos\\\/\",\"name\":\"Heath Riles Everyday Rub -mausteseos - BBQ \u00c4ssad\",\"isPartOf\":{\"@id\":\"https:\\\/\\\/bbqassad.ee\\\/fi\\\/#website\"},\"primaryImageOfPage\":{\"@id\":\"https:\\\/\\\/bbqassad.ee\\\/fi\\\/toode\\\/heath-riles-everyday-rub-mausteseos\\\/#primaryimage\"},\"image\":{\"@id\":\"https:\\\/\\\/bbqassad.ee\\\/fi\\\/toode\\\/heath-riles-everyday-rub-mausteseos\\\/#primaryimage\"},\"thumbnailUrl\":\"https:\\\/\\\/bbqassad.ee\\\/wp-content\\\/uploads\\\/2024\\\/12\\\/Everyday-Rub-Front.png\",\"datePublished\":\"2024-12-10T08:48:44+00:00\",\"dateModified\":\"2026-04-14T06:33:02+00:00\",\"description\":\"Yleismausteseos jokap\u00e4iv\u00e4iseen grillaukseen: suolaa, sokeria, mausteita ja valkosipulia. Sopii lihalle, kanalle ja vihanneksille. Nettom\u00e4\u00e4r\u00e4 396 g.\",\"breadcrumb\":{\"@id\":\"https:\\\/\\\/bbqassad.ee\\\/fi\\\/toode\\\/heath-riles-everyday-rub-mausteseos\\\/#breadcrumb\"},\"inLanguage\":\"fi\",\"potentialAction\":[{\"@type\":\"ReadAction\",\"target\":[\"https:\\\/\\\/bbqassad.ee\\\/fi\\\/toode\\\/heath-riles-everyday-rub-mausteseos\\\/\"]}]},{\"@type\":\"ImageObject\",\"inLanguage\":\"fi\",\"@id\":\"https:\\\/\\\/bbqassad.ee\\\/fi\\\/toode\\\/heath-riles-everyday-rub-mausteseos\\\/#primaryimage\",\"url\":\"https:\\\/\\\/bbqassad.ee\\\/wp-content\\\/uploads\\\/2024\\\/12\\\/Everyday-Rub-Front.png\",\"contentUrl\":\"https:\\\/\\\/bbqassad.ee\\\/wp-content\\\/uploads\\\/2024\\\/12\\\/Everyday-Rub-Front.png\",\"width\":1000,\"height\":1000,\"caption\":\"Heath Riles Everyday Rub maitseainesegu\"},{\"@type\":\"BreadcrumbList\",\"@id\":\"https:\\\/\\\/bbqassad.ee\\\/fi\\\/toode\\\/heath-riles-everyday-rub-mausteseos\\\/#breadcrumb\",\"itemListElement\":[{\"@type\":\"ListItem\",\"position\":1,\"name\":\"Home\",\"item\":\"https:\\\/\\\/bbqassad.ee\\\/fi\\\/bbq-assat\\\/\"},{\"@type\":\"ListItem\",\"position\":2,\"name\":\"Verkkokauppa\",\"item\":\"https:\\\/\\\/bbqassad.ee\\\/fi\\\/verkkokauppa\\\/\"},{\"@type\":\"ListItem\",\"position\":3,\"name\":\"Heath Riles Everyday Rub -mausteseos\"}]},{\"@type\":\"WebSite\",\"@id\":\"https:\\\/\\\/bbqassad.ee\\\/fi\\\/#website\",\"url\":\"https:\\\/\\\/bbqassad.ee\\\/fi\\\/\",\"name\":\"BBQ \u00c4ssad\",\"description\":\"BBQ maitseained, kastmed, ahjud\",\"publisher\":{\"@id\":\"https:\\\/\\\/bbqassad.ee\\\/fi\\\/#organization\"},\"potentialAction\":[{\"@type\":\"SearchAction\",\"target\":{\"@type\":\"EntryPoint\",\"urlTemplate\":\"https:\\\/\\\/bbqassad.ee\\\/fi\\\/?s={search_term_string}\"},\"query-input\":{\"@type\":\"PropertyValueSpecification\",\"valueRequired\":true,\"valueName\":\"search_term_string\"}}],\"inLanguage\":\"fi\"},{\"@type\":\"Organization\",\"@id\":\"https:\\\/\\\/bbqassad.ee\\\/fi\\\/#organization\",\"name\":\"BBQ \u00c4ssad\",\"url\":\"https:\\\/\\\/bbqassad.ee\\\/fi\\\/\",\"logo\":{\"@type\":\"ImageObject\",\"inLanguage\":\"fi\",\"@id\":\"https:\\\/\\\/bbqassad.ee\\\/fi\\\/#\\\/schema\\\/logo\\\/image\\\/\",\"url\":\"https:\\\/\\\/bbqassad.ee\\\/wp-content\\\/uploads\\\/2022\\\/10\\\/BBQ-2ssadlogo.png\",\"contentUrl\":\"https:\\\/\\\/bbqassad.ee\\\/wp-content\\\/uploads\\\/2022\\\/10\\\/BBQ-2ssadlogo.png\",\"width\":1080,\"height\":1080,\"caption\":\"BBQ \u00c4ssad\"},\"image\":{\"@id\":\"https:\\\/\\\/bbqassad.ee\\\/fi\\\/#\\\/schema\\\/logo\\\/image\\\/\"},\"sameAs\":[\"https:\\\/\\\/www.facebook.com\\\/bbqassad\",\"https:\\\/\\\/www.youtube.com\\\/channel\\\/UCsoufn49J6TVi9Ah9meE93w\"]}]}<\/script>\n<!-- \/ Yoast SEO plugin. -->","yoast_head_json":{"title":"Heath Riles Everyday Rub -mausteseos - BBQ \u00c4ssad","description":"Yleismausteseos jokap\u00e4iv\u00e4iseen grillaukseen: suolaa, sokeria, mausteita ja valkosipulia. Sopii lihalle, kanalle ja vihanneksille. Nettom\u00e4\u00e4r\u00e4 396 g.","robots":{"index":"index","follow":"follow","max-snippet":"max-snippet:-1","max-image-preview":"max-image-preview:large","max-video-preview":"max-video-preview:-1"},"canonical":"https:\/\/bbqassad.ee\/fi\/toode\/heath-riles-everyday-rub-mausteseos\/","og_locale":"fi_FI","og_type":"article","og_title":"Heath Riles Everyday Rub -mausteseos","og_description":"Yleismausteseos jokap\u00e4iv\u00e4iseen grillaukseen: suolaa, sokeria, mausteita ja valkosipulia. Sopii lihalle, kanalle ja vihanneksille. Nettom\u00e4\u00e4r\u00e4 396 g.","og_url":"https:\/\/bbqassad.ee\/fi\/toode\/heath-riles-everyday-rub-mausteseos\/","og_site_name":"BBQ \u00c4ssad","article_publisher":"https:\/\/www.facebook.com\/bbqassad","article_modified_time":"2026-04-14T06:33:02+00:00","og_image":[{"url":"https:\/\/bbqassad.ee\/wp-content\/uploads\/2024\/12\/Everyday-Rub-Front-300x300.png","type":"","width":"","height":""}],"twitter_card":"summary_large_image","twitter_misc":{"Arvioitu lukuaika":"1 minuutti"},"schema":{"@context":"https:\/\/schema.org","@graph":[{"@type":"WebPage","@id":"https:\/\/bbqassad.ee\/fi\/toode\/heath-riles-everyday-rub-mausteseos\/","url":"https:\/\/bbqassad.ee\/fi\/toode\/heath-riles-everyday-rub-mausteseos\/","name":"Heath Riles Everyday Rub -mausteseos - BBQ \u00c4ssad","isPartOf":{"@id":"https:\/\/bbqassad.ee\/fi\/#website"},"primaryImageOfPage":{"@id":"https:\/\/bbqassad.ee\/fi\/toode\/heath-riles-everyday-rub-mausteseos\/#primaryimage"},"image":{"@id":"https:\/\/bbqassad.ee\/fi\/toode\/heath-riles-everyday-rub-mausteseos\/#primaryimage"},"thumbnailUrl":"https:\/\/bbqassad.ee\/wp-content\/uploads\/2024\/12\/Everyday-Rub-Front.png","datePublished":"2024-12-10T08:48:44+00:00","dateModified":"2026-04-14T06:33:02+00:00","description":"Yleismausteseos jokap\u00e4iv\u00e4iseen grillaukseen: suolaa, sokeria, mausteita ja valkosipulia. Sopii lihalle, kanalle ja vihanneksille. Nettom\u00e4\u00e4r\u00e4 396 g.","breadcrumb":{"@id":"https:\/\/bbqassad.ee\/fi\/toode\/heath-riles-everyday-rub-mausteseos\/#breadcrumb"},"inLanguage":"fi","potentialAction":[{"@type":"ReadAction","target":["https:\/\/bbqassad.ee\/fi\/toode\/heath-riles-everyday-rub-mausteseos\/"]}]},{"@type":"ImageObject","inLanguage":"fi","@id":"https:\/\/bbqassad.ee\/fi\/toode\/heath-riles-everyday-rub-mausteseos\/#primaryimage","url":"https:\/\/bbqassad.ee\/wp-content\/uploads\/2024\/12\/Everyday-Rub-Front.png","contentUrl":"https:\/\/bbqassad.ee\/wp-content\/uploads\/2024\/12\/Everyday-Rub-Front.png","width":1000,"height":1000,"caption":"Heath Riles Everyday Rub maitseainesegu"},{"@type":"BreadcrumbList","@id":"https:\/\/bbqassad.ee\/fi\/toode\/heath-riles-everyday-rub-mausteseos\/#breadcrumb","itemListElement":[{"@type":"ListItem","position":1,"name":"Home","item":"https:\/\/bbqassad.ee\/fi\/bbq-assat\/"},{"@type":"ListItem","position":2,"name":"Verkkokauppa","item":"https:\/\/bbqassad.ee\/fi\/verkkokauppa\/"},{"@type":"ListItem","position":3,"name":"Heath Riles Everyday Rub -mausteseos"}]},{"@type":"WebSite","@id":"https:\/\/bbqassad.ee\/fi\/#website","url":"https:\/\/bbqassad.ee\/fi\/","name":"BBQ \u00c4ssad","description":"BBQ maitseained, kastmed, ahjud","publisher":{"@id":"https:\/\/bbqassad.ee\/fi\/#organization"},"potentialAction":[{"@type":"SearchAction","target":{"@type":"EntryPoint","urlTemplate":"https:\/\/bbqassad.ee\/fi\/?s={search_term_string}"},"query-input":{"@type":"PropertyValueSpecification","valueRequired":true,"valueName":"search_term_string"}}],"inLanguage":"fi"},{"@type":"Organization","@id":"https:\/\/bbqassad.ee\/fi\/#organization","name":"BBQ \u00c4ssad","url":"https:\/\/bbqassad.ee\/fi\/","logo":{"@type":"ImageObject","inLanguage":"fi","@id":"https:\/\/bbqassad.ee\/fi\/#\/schema\/logo\/image\/","url":"https:\/\/bbqassad.ee\/wp-content\/uploads\/2022\/10\/BBQ-2ssadlogo.png","contentUrl":"https:\/\/bbqassad.ee\/wp-content\/uploads\/2022\/10\/BBQ-2ssadlogo.png","width":1080,"height":1080,"caption":"BBQ \u00c4ssad"},"image":{"@id":"https:\/\/bbqassad.ee\/fi\/#\/schema\/logo\/image\/"},"sameAs":["https:\/\/www.facebook.com\/bbqassad","https:\/\/www.youtube.com\/channel\/UCsoufn49J6TVi9Ah9meE93w"]}]}},"_links":{"self":[{"href":"https:\/\/bbqassad.ee\/fi\/wp-json\/wp\/v2\/product\/22589","targetHints":{"allow":["GET"]}}],"collection":[{"href":"https:\/\/bbqassad.ee\/fi\/wp-json\/wp\/v2\/product"}],"about":[{"href":"https:\/\/bbqassad.ee\/fi\/wp-json\/wp\/v2\/types\/product"}],"replies":[{"embeddable":true,"href":"https:\/\/bbqassad.ee\/fi\/wp-json\/wp\/v2\/comments?post=22589"}],"wp:featuredmedia":[{"embeddable":true,"href":"https:\/\/bbqassad.ee\/fi\/wp-json\/wp\/v2\/media\/22590"}],"wp:attachment":[{"href":"https:\/\/bbqassad.ee\/fi\/wp-json\/wp\/v2\/media?parent=22589"}],"wp:term":[{"taxonomy":"product_brand","embeddable":true,"href":"https:\/\/bbqassad.ee\/fi\/wp-json\/wp\/v2\/product_brand?post=22589"},{"taxonomy":"product_cat","embeddable":true,"href":"https:\/\/bbqassad.ee\/fi\/wp-json\/wp\/v2\/product_cat?post=22589"},{"taxonomy":"product_tag","embeddable":true,"href":"https:\/\/bbqassad.ee\/fi\/wp-json\/wp\/v2\/product_tag?post=22589"}],"curies":[{"name":"wp","href":"https:\/\/api.w.org\/{rel}","templated":true}]}}