{"id":22582,"date":"2024-12-10T10:59:17","date_gmt":"2024-12-10T10:59:17","guid":{"rendered":"https:\/\/bbqassad.ee\/toode\/loot-nbooty-gimme-the-loot-mausteseos\/"},"modified":"2026-04-14T06:33:02","modified_gmt":"2026-04-14T06:33:02","slug":"loot-nbooty-gimme-the-loot-mausteseos","status":"publish","type":"product","link":"https:\/\/bbqassad.ee\/fi\/toode\/loot-nbooty-gimme-the-loot-mausteseos\/","title":{"rendered":"Loot N&#8217;Booty Gimme THE LOOT -mausteseos"},"content":{"rendered":"<h2>Loot N&#8217;Booty Gimme THE LOOT -mausteseos<\/h2>\n<p>Loot n Booty on Sterling Smith -nimisen miehen idea, mutta kilpaurheilupiireiss\u00e4 h\u00e4n on vain Smitty. T\u00e4m\u00e4 on todellinen kanakunn, mies, joka on ker\u00e4nnyt useita t\u00e4ydellisi\u00e4 pisteit\u00e4 t\u00e4ss\u00e4 luokassa. Suorapuheisuutensa vuoksi h\u00e4nt\u00e4 rakastetaan kovasti. Gimme THE LOOT on mausteinen sekoitus vaahterasiirappia ja pekaanip\u00e4hkin\u00e4\u00e4. Lyhyesti sanottuna makea ja mausteinen.    <\/p>\n<h3>BBQ Aces kommentti<\/h3>\n<p>Makea ja mausteinen, sana, johon t\u00f6rm\u00e4\u00e4 monissa rubeissa, ja t\u00e4h\u00e4n makuun on lis\u00e4tty ainesosa &#8211; vaahterasiirappi, joka antaa mukavan karamellimaisen s\u00e4vyn.<\/p>\n<h3>Ammattilaisen vinkki<\/h3>\n<p>Makeat ja mukavan &#8221;pamahtavat&#8221; siivet olivat ensimm\u00e4inen asia, joka pisti silm\u00e4\u00e4ni.<\/p>\n","protected":false},"excerpt":{"rendered":"<p style=\"font-weight: 400;\">Nettopaino 354 g.<\/p>\n<p style=\"font-weight: 400;\"><strong>Ainesosat<\/strong>: suola, sokeri, mausteet, kuten chilipippuri, paprika, valkosipuli, sipuli, hiivauute, luonnollinen vaahtera-aromi, luonnollinen pekaanip\u00e4hkin\u00e4savuaromi, torula-hiiva, maltodekstriini, luonnollinen aromi. (sis\u00e4lt\u00e4\u00e4 rypsi\u00f6ljy\u00e4) hiivauute, melassi. Savu (sis\u00e4lt\u00e4\u00e4 auringonkukka\u00f6ljy\u00e4) ja enint\u00e4\u00e4n 2 % trikalsiumfosfaattia paakkuuntumisen est\u00e4miseksi.  <\/p>\n<p style=\"font-weight: 400;\"><strong>Ravintosis\u00e4lt\u00f6 100 g kohti<\/strong>: energia: 0 kJ\/0 kcal; rasvat: 0 g, josta tyydyttyneit\u00e4 rasvahappoja: 0 g; hiilihydraatit: 100 g, josta sokereita: 0 g; proteiinit: 0 g; suola: 32,5 g.Parasta ennen: katso pakkausta.<\/p>\n","protected":false},"featured_media":22583,"comment_status":"open","ping_status":"closed","template":"","meta":[],"product_brand":[],"product_cat":[802],"product_tag":[],"class_list":{"0":"post-22582","1":"product","2":"type-product","3":"status-publish","4":"has-post-thumbnail","6":"product_cat-sekoitukset","8":"first","9":"instock","10":"taxable","11":"shipping-taxable","12":"purchasable","13":"product-type-simple"},"yoast_head":"<!-- This site is optimized with the Yoast SEO plugin v27.4 - https:\/\/yoast.com\/product\/yoast-seo-wordpress\/ -->\n<title>Loot N&#039;Booty Gimme THE LOOT maustesekoitus - BBQ \u00c4ssad%<\/title>\n<meta name=\"description\" content=\"Loot N&#039;Booty Gimme THE LOOT mausteseos netto 354g. Ainesosat: suola, sokeri, mausteet ja luonnonmausteet. Parasta ennen: katso pakkaus.\" \/>\n<meta name=\"robots\" content=\"index, follow, max-snippet:-1, max-image-preview:large, max-video-preview:-1\" \/>\n<link rel=\"canonical\" href=\"https:\/\/bbqassad.ee\/fi\/toode\/loot-nbooty-gimme-the-loot-mausteseos\/\" \/>\n<meta property=\"og:locale\" content=\"fi_FI\" \/>\n<meta property=\"og:type\" content=\"article\" \/>\n<meta property=\"og:title\" content=\"Loot N&#039;Booty Gimme THE LOOT maustesekoitus - BBQ \u00c4ssad%\" \/>\n<meta property=\"og:description\" content=\"Loot N&#039;Booty Gimme THE LOOT mausteseos netto 354g. Ainesosat: suola, sokeri, mausteet ja luonnonmausteet. Parasta ennen: katso pakkaus.\" \/>\n<meta property=\"og:url\" content=\"https:\/\/bbqassad.ee\/fi\/toode\/loot-nbooty-gimme-the-loot-mausteseos\/\" \/>\n<meta property=\"og:site_name\" content=\"BBQ \u00c4ssad\" \/>\n<meta property=\"article:publisher\" content=\"https:\/\/www.facebook.com\/bbqassad\" \/>\n<meta property=\"article:modified_time\" content=\"2026-04-14T06:33:02+00:00\" \/>\n<meta property=\"og:image\" content=\"https:\/\/bbqassad.ee\/wp-content\/uploads\/2024\/12\/LNBGimmetheLootMockup.webp\" \/>\n<meta name=\"twitter:card\" content=\"summary_large_image\" \/>\n<meta name=\"twitter:title\" content=\"Loot N&#039;Booty Gimme THE LOOT maustesekoitus - BBQ \u00c4ssad%\" \/>\n<meta name=\"twitter:description\" content=\"Loot N&#039;Booty Gimme THE LOOT -mausteseos netto 354 g. Ainesosat: suola, sokeri, mausteet ja luonnonmausteet. Parasta ennen: katso pakkaus.\" \/>\n<meta name=\"twitter:image\" content=\"https:\/\/bbqassad.ee\/wp-content\/uploads\/2024\/12\/LNBGimmetheLootMockup.webp\" \/>\n<meta name=\"twitter:label1\" content=\"Arvioitu lukuaika\" \/>\n\t<meta name=\"twitter:data1\" content=\"1 minuutti\" \/>\n<script type=\"application\/ld+json\" class=\"yoast-schema-graph\">{\"@context\":\"https:\\\/\\\/schema.org\",\"@graph\":[{\"@type\":\"WebPage\",\"@id\":\"https:\\\/\\\/bbqassad.ee\\\/fi\\\/toode\\\/loot-nbooty-gimme-the-loot-mausteseos\\\/\",\"url\":\"https:\\\/\\\/bbqassad.ee\\\/fi\\\/toode\\\/loot-nbooty-gimme-the-loot-mausteseos\\\/\",\"name\":\"Loot N'Booty Gimme THE LOOT maustesekoitus - BBQ \u00c4ssad%\",\"isPartOf\":{\"@id\":\"https:\\\/\\\/bbqassad.ee\\\/fi\\\/#website\"},\"primaryImageOfPage\":{\"@id\":\"https:\\\/\\\/bbqassad.ee\\\/fi\\\/toode\\\/loot-nbooty-gimme-the-loot-mausteseos\\\/#primaryimage\"},\"image\":{\"@id\":\"https:\\\/\\\/bbqassad.ee\\\/fi\\\/toode\\\/loot-nbooty-gimme-the-loot-mausteseos\\\/#primaryimage\"},\"thumbnailUrl\":\"https:\\\/\\\/bbqassad.ee\\\/wp-content\\\/uploads\\\/2024\\\/12\\\/LNBGimmetheLootMockup.webp\",\"datePublished\":\"2024-12-10T10:59:17+00:00\",\"dateModified\":\"2026-04-14T06:33:02+00:00\",\"description\":\"Loot N'Booty Gimme THE LOOT mausteseos netto 354g. Ainesosat: suola, sokeri, mausteet ja luonnonmausteet. Parasta ennen: katso pakkaus.\",\"breadcrumb\":{\"@id\":\"https:\\\/\\\/bbqassad.ee\\\/fi\\\/toode\\\/loot-nbooty-gimme-the-loot-mausteseos\\\/#breadcrumb\"},\"inLanguage\":\"fi\",\"potentialAction\":[{\"@type\":\"ReadAction\",\"target\":[\"https:\\\/\\\/bbqassad.ee\\\/fi\\\/toode\\\/loot-nbooty-gimme-the-loot-mausteseos\\\/\"]}]},{\"@type\":\"ImageObject\",\"inLanguage\":\"fi\",\"@id\":\"https:\\\/\\\/bbqassad.ee\\\/fi\\\/toode\\\/loot-nbooty-gimme-the-loot-mausteseos\\\/#primaryimage\",\"url\":\"https:\\\/\\\/bbqassad.ee\\\/wp-content\\\/uploads\\\/2024\\\/12\\\/LNBGimmetheLootMockup.webp\",\"contentUrl\":\"https:\\\/\\\/bbqassad.ee\\\/wp-content\\\/uploads\\\/2024\\\/12\\\/LNBGimmetheLootMockup.webp\",\"width\":1920,\"height\":1920},{\"@type\":\"BreadcrumbList\",\"@id\":\"https:\\\/\\\/bbqassad.ee\\\/fi\\\/toode\\\/loot-nbooty-gimme-the-loot-mausteseos\\\/#breadcrumb\",\"itemListElement\":[{\"@type\":\"ListItem\",\"position\":1,\"name\":\"Home\",\"item\":\"https:\\\/\\\/bbqassad.ee\\\/fi\\\/bbq-assat\\\/\"},{\"@type\":\"ListItem\",\"position\":2,\"name\":\"Verkkokauppa\",\"item\":\"https:\\\/\\\/bbqassad.ee\\\/fi\\\/verkkokauppa\\\/\"},{\"@type\":\"ListItem\",\"position\":3,\"name\":\"Loot N&#8217;Booty Gimme THE LOOT -mausteseos\"}]},{\"@type\":\"WebSite\",\"@id\":\"https:\\\/\\\/bbqassad.ee\\\/fi\\\/#website\",\"url\":\"https:\\\/\\\/bbqassad.ee\\\/fi\\\/\",\"name\":\"BBQ \u00c4ssad\",\"description\":\"BBQ maitseained, kastmed, ahjud\",\"publisher\":{\"@id\":\"https:\\\/\\\/bbqassad.ee\\\/fi\\\/#organization\"},\"potentialAction\":[{\"@type\":\"SearchAction\",\"target\":{\"@type\":\"EntryPoint\",\"urlTemplate\":\"https:\\\/\\\/bbqassad.ee\\\/fi\\\/?s={search_term_string}\"},\"query-input\":{\"@type\":\"PropertyValueSpecification\",\"valueRequired\":true,\"valueName\":\"search_term_string\"}}],\"inLanguage\":\"fi\"},{\"@type\":\"Organization\",\"@id\":\"https:\\\/\\\/bbqassad.ee\\\/fi\\\/#organization\",\"name\":\"BBQ \u00c4ssad\",\"url\":\"https:\\\/\\\/bbqassad.ee\\\/fi\\\/\",\"logo\":{\"@type\":\"ImageObject\",\"inLanguage\":\"fi\",\"@id\":\"https:\\\/\\\/bbqassad.ee\\\/fi\\\/#\\\/schema\\\/logo\\\/image\\\/\",\"url\":\"https:\\\/\\\/bbqassad.ee\\\/wp-content\\\/uploads\\\/2022\\\/10\\\/BBQ-2ssadlogo.png\",\"contentUrl\":\"https:\\\/\\\/bbqassad.ee\\\/wp-content\\\/uploads\\\/2022\\\/10\\\/BBQ-2ssadlogo.png\",\"width\":1080,\"height\":1080,\"caption\":\"BBQ \u00c4ssad\"},\"image\":{\"@id\":\"https:\\\/\\\/bbqassad.ee\\\/fi\\\/#\\\/schema\\\/logo\\\/image\\\/\"},\"sameAs\":[\"https:\\\/\\\/www.facebook.com\\\/bbqassad\",\"https:\\\/\\\/www.youtube.com\\\/channel\\\/UCsoufn49J6TVi9Ah9meE93w\"]}]}<\/script>\n<!-- \/ Yoast SEO plugin. -->","yoast_head_json":{"title":"Loot N'Booty Gimme THE LOOT maustesekoitus - BBQ \u00c4ssad%","description":"Loot N'Booty Gimme THE LOOT mausteseos netto 354g. Ainesosat: suola, sokeri, mausteet ja luonnonmausteet. Parasta ennen: katso pakkaus.","robots":{"index":"index","follow":"follow","max-snippet":"max-snippet:-1","max-image-preview":"max-image-preview:large","max-video-preview":"max-video-preview:-1"},"canonical":"https:\/\/bbqassad.ee\/fi\/toode\/loot-nbooty-gimme-the-loot-mausteseos\/","og_locale":"fi_FI","og_type":"article","og_title":"Loot N'Booty Gimme THE LOOT maustesekoitus - BBQ \u00c4ssad%","og_description":"Loot N'Booty Gimme THE LOOT mausteseos netto 354g. Ainesosat: suola, sokeri, mausteet ja luonnonmausteet. Parasta ennen: katso pakkaus.","og_url":"https:\/\/bbqassad.ee\/fi\/toode\/loot-nbooty-gimme-the-loot-mausteseos\/","og_site_name":"BBQ \u00c4ssad","article_publisher":"https:\/\/www.facebook.com\/bbqassad","article_modified_time":"2026-04-14T06:33:02+00:00","og_image":[{"url":"https:\/\/bbqassad.ee\/wp-content\/uploads\/2024\/12\/LNBGimmetheLootMockup.webp","type":"","width":"","height":""}],"twitter_card":"summary_large_image","twitter_title":"Loot N'Booty Gimme THE LOOT maustesekoitus - BBQ \u00c4ssad%","twitter_description":"Loot N'Booty Gimme THE LOOT -mausteseos netto 354 g. Ainesosat: suola, sokeri, mausteet ja luonnonmausteet. Parasta ennen: katso pakkaus.","twitter_image":"https:\/\/bbqassad.ee\/wp-content\/uploads\/2024\/12\/LNBGimmetheLootMockup.webp","twitter_misc":{"Arvioitu lukuaika":"1 minuutti"},"schema":{"@context":"https:\/\/schema.org","@graph":[{"@type":"WebPage","@id":"https:\/\/bbqassad.ee\/fi\/toode\/loot-nbooty-gimme-the-loot-mausteseos\/","url":"https:\/\/bbqassad.ee\/fi\/toode\/loot-nbooty-gimme-the-loot-mausteseos\/","name":"Loot N'Booty Gimme THE LOOT maustesekoitus - BBQ \u00c4ssad%","isPartOf":{"@id":"https:\/\/bbqassad.ee\/fi\/#website"},"primaryImageOfPage":{"@id":"https:\/\/bbqassad.ee\/fi\/toode\/loot-nbooty-gimme-the-loot-mausteseos\/#primaryimage"},"image":{"@id":"https:\/\/bbqassad.ee\/fi\/toode\/loot-nbooty-gimme-the-loot-mausteseos\/#primaryimage"},"thumbnailUrl":"https:\/\/bbqassad.ee\/wp-content\/uploads\/2024\/12\/LNBGimmetheLootMockup.webp","datePublished":"2024-12-10T10:59:17+00:00","dateModified":"2026-04-14T06:33:02+00:00","description":"Loot N'Booty Gimme THE LOOT mausteseos netto 354g. Ainesosat: suola, sokeri, mausteet ja luonnonmausteet. Parasta ennen: katso pakkaus.","breadcrumb":{"@id":"https:\/\/bbqassad.ee\/fi\/toode\/loot-nbooty-gimme-the-loot-mausteseos\/#breadcrumb"},"inLanguage":"fi","potentialAction":[{"@type":"ReadAction","target":["https:\/\/bbqassad.ee\/fi\/toode\/loot-nbooty-gimme-the-loot-mausteseos\/"]}]},{"@type":"ImageObject","inLanguage":"fi","@id":"https:\/\/bbqassad.ee\/fi\/toode\/loot-nbooty-gimme-the-loot-mausteseos\/#primaryimage","url":"https:\/\/bbqassad.ee\/wp-content\/uploads\/2024\/12\/LNBGimmetheLootMockup.webp","contentUrl":"https:\/\/bbqassad.ee\/wp-content\/uploads\/2024\/12\/LNBGimmetheLootMockup.webp","width":1920,"height":1920},{"@type":"BreadcrumbList","@id":"https:\/\/bbqassad.ee\/fi\/toode\/loot-nbooty-gimme-the-loot-mausteseos\/#breadcrumb","itemListElement":[{"@type":"ListItem","position":1,"name":"Home","item":"https:\/\/bbqassad.ee\/fi\/bbq-assat\/"},{"@type":"ListItem","position":2,"name":"Verkkokauppa","item":"https:\/\/bbqassad.ee\/fi\/verkkokauppa\/"},{"@type":"ListItem","position":3,"name":"Loot N&#8217;Booty Gimme THE LOOT -mausteseos"}]},{"@type":"WebSite","@id":"https:\/\/bbqassad.ee\/fi\/#website","url":"https:\/\/bbqassad.ee\/fi\/","name":"BBQ \u00c4ssad","description":"BBQ maitseained, kastmed, ahjud","publisher":{"@id":"https:\/\/bbqassad.ee\/fi\/#organization"},"potentialAction":[{"@type":"SearchAction","target":{"@type":"EntryPoint","urlTemplate":"https:\/\/bbqassad.ee\/fi\/?s={search_term_string}"},"query-input":{"@type":"PropertyValueSpecification","valueRequired":true,"valueName":"search_term_string"}}],"inLanguage":"fi"},{"@type":"Organization","@id":"https:\/\/bbqassad.ee\/fi\/#organization","name":"BBQ \u00c4ssad","url":"https:\/\/bbqassad.ee\/fi\/","logo":{"@type":"ImageObject","inLanguage":"fi","@id":"https:\/\/bbqassad.ee\/fi\/#\/schema\/logo\/image\/","url":"https:\/\/bbqassad.ee\/wp-content\/uploads\/2022\/10\/BBQ-2ssadlogo.png","contentUrl":"https:\/\/bbqassad.ee\/wp-content\/uploads\/2022\/10\/BBQ-2ssadlogo.png","width":1080,"height":1080,"caption":"BBQ \u00c4ssad"},"image":{"@id":"https:\/\/bbqassad.ee\/fi\/#\/schema\/logo\/image\/"},"sameAs":["https:\/\/www.facebook.com\/bbqassad","https:\/\/www.youtube.com\/channel\/UCsoufn49J6TVi9Ah9meE93w"]}]}},"_links":{"self":[{"href":"https:\/\/bbqassad.ee\/fi\/wp-json\/wp\/v2\/product\/22582","targetHints":{"allow":["GET"]}}],"collection":[{"href":"https:\/\/bbqassad.ee\/fi\/wp-json\/wp\/v2\/product"}],"about":[{"href":"https:\/\/bbqassad.ee\/fi\/wp-json\/wp\/v2\/types\/product"}],"replies":[{"embeddable":true,"href":"https:\/\/bbqassad.ee\/fi\/wp-json\/wp\/v2\/comments?post=22582"}],"wp:featuredmedia":[{"embeddable":true,"href":"https:\/\/bbqassad.ee\/fi\/wp-json\/wp\/v2\/media\/22583"}],"wp:attachment":[{"href":"https:\/\/bbqassad.ee\/fi\/wp-json\/wp\/v2\/media?parent=22582"}],"wp:term":[{"taxonomy":"product_brand","embeddable":true,"href":"https:\/\/bbqassad.ee\/fi\/wp-json\/wp\/v2\/product_brand?post=22582"},{"taxonomy":"product_cat","embeddable":true,"href":"https:\/\/bbqassad.ee\/fi\/wp-json\/wp\/v2\/product_cat?post=22582"},{"taxonomy":"product_tag","embeddable":true,"href":"https:\/\/bbqassad.ee\/fi\/wp-json\/wp\/v2\/product_tag?post=22582"}],"curies":[{"name":"wp","href":"https:\/\/api.w.org\/{rel}","templated":true}]}}