{"id":22580,"date":"2025-02-21T08:47:13","date_gmt":"2025-02-21T08:47:13","guid":{"rendered":"https:\/\/bbqassad.ee\/toode\/big-poppa-smokers-little-louien-valkosipuli-pippuri-mausteseos\/"},"modified":"2026-04-14T06:33:01","modified_gmt":"2026-04-14T06:33:01","slug":"big-poppa-smokers-little-louien-valkosipuli-pippuri-mausteseos","status":"publish","type":"product","link":"https:\/\/bbqassad.ee\/fi\/toode\/big-poppa-smokers-little-louien-valkosipuli-pippuri-mausteseos\/","title":{"rendered":"Big Poppa Smokers Little Louie&#8217;s Garlic Pepper -mausteseos"},"content":{"rendered":"<p>Big Poppa Smokersin maustesekoituksista on tullut nopeasti yksi parhaista tuotemerkeist\u00e4 BBQ-kilpailijoille ja grillauksen harrastajille grillijuhlista World Series of BBQ -kilpailuihin. Big Poppan omat rubit ovat kasvaneet pienest\u00e4 kilpakumppanuudesta kansallisissa ravintolaketjuissa k\u00e4ytett\u00e4viksi. Olemme varmoja, ett\u00e4 BPS-mausteseokset parantavat BBQ-mausteprofiiliasi takapihan grillaajista kokeneisiin ammattilaisiin.   Mik\u00e4 on salaisuus, meill\u00e4 oli kaapissamme joitakin heid\u00e4n rubiinejaan, joilla voitimme Euroopan mestaruuden.<\/p>\n<h2>BBQ Aces kommentti<\/h2>\n<p>BPS on tunnettu siit\u00e4, ett\u00e4 se k\u00e4ytt\u00e4\u00e4 parhaita raaka-aineita rubiensa valmistuksessa, ja valkosipuli-pippuri on kananlihalle huikea makupl\u00e4j\u00e4ys. Emme tied\u00e4, miksi se toimii siin\u00e4 niin ihanasti, mutta ei se toimii, varsinkin kun sit\u00e4 sivelee sen j\u00e4lkeen jollain etikkapohjaisella kastikkeella.  <\/p>\n<h2>Ammattilaisen vinkki<\/h2>\n<p>Laita se kylkiluihin, niin saat teksasilaisia porsaankylkiluita.<\/p>\n","protected":false},"excerpt":{"rendered":"<p>Tuottaja: Big Poppa Smokers<\/p>\n<p>Paino: 411g<\/p>\n<p>Ainesosat: suola, mauste, sokeri, kuivattu valkosipuli ja sipuli, paprika, selleriuutteet, maissit\u00e4rkkelys, kurkuma (v\u00e4ri), paprikauutteet (v\u00e4ri) ja enint\u00e4\u00e4n 2 % trikalsiumfosfaattia paakkuuntumisen est\u00e4miseksi.<\/p>\n","protected":false},"featured_media":22581,"comment_status":"open","ping_status":"closed","template":"","meta":[],"product_brand":[],"product_cat":[802],"product_tag":[],"class_list":{"0":"post-22580","1":"product","2":"type-product","3":"status-publish","4":"has-post-thumbnail","6":"product_cat-sekoitukset","8":"first","9":"outofstock","10":"taxable","11":"shipping-taxable","12":"purchasable","13":"product-type-simple"},"yoast_head":"<!-- This site is optimized with the Yoast SEO plugin v27.4 - https:\/\/yoast.com\/product\/yoast-seo-wordpress\/ -->\n<title>Little Louien valkosipuli-pippurimauste -% BBQ \u00c4ssad%<\/title>\n<meta name=\"description\" content=\"Big Poppa Smokers Little Louie&#039;s Garlic Pepper -mausteseos painaa 411 g. Ainesosat: suola, mausteet, sokeri, kuivattu valkosipuli ja sipuli, paprika ym.\" \/>\n<meta name=\"robots\" content=\"index, follow, max-snippet:-1, max-image-preview:large, max-video-preview:-1\" \/>\n<link rel=\"canonical\" href=\"https:\/\/bbqassad.ee\/fi\/toode\/big-poppa-smokers-little-louien-valkosipuli-pippuri-mausteseos\/\" \/>\n<meta property=\"og:locale\" content=\"fi_FI\" \/>\n<meta property=\"og:type\" content=\"article\" \/>\n<meta property=\"og:title\" content=\"Little Louien valkosipuli-pippurimauste -% BBQ \u00c4ssad%\" \/>\n<meta property=\"og:description\" content=\"Big Poppa Smokers Little Louie&#039;s Garlic Pepper -mausteseos painaa 411 g. Ainesosat: suola, mausteet, sokeri, kuivattu valkosipuli ja sipuli, paprika ym.\" \/>\n<meta property=\"og:url\" content=\"https:\/\/bbqassad.ee\/fi\/toode\/big-poppa-smokers-little-louien-valkosipuli-pippuri-mausteseos\/\" \/>\n<meta property=\"og:site_name\" content=\"BBQ \u00c4ssad\" \/>\n<meta property=\"article:publisher\" content=\"https:\/\/www.facebook.com\/bbqassad\" \/>\n<meta property=\"article:modified_time\" content=\"2026-04-14T06:33:01+00:00\" \/>\n<meta property=\"og:image\" content=\"https:\/\/bbqassad.ee\/wp-content\/uploads\/2025\/02\/Nimetu-kujundus-40.png\" \/>\n<meta name=\"twitter:card\" content=\"summary_large_image\" \/>\n<meta name=\"twitter:title\" content=\"Little Louien valkosipuli-pippurimauste -% BBQ \u00c4ssad%\" \/>\n<meta name=\"twitter:description\" content=\"Big Poppa Smokers Little Louie&#039;s Garlic Pepper -mausteseos painaa 411 g. Ainesosat: suola, mausteet, sokeri, kuivattu valkosipuli ja sipuli, paprika ym.\" \/>\n<meta name=\"twitter:image\" content=\"https:\/\/bbqassad.ee\/wp-content\/uploads\/2025\/02\/Nimetu-kujundus-40.png\" \/>\n<meta name=\"twitter:label1\" content=\"Arvioitu lukuaika\" \/>\n\t<meta name=\"twitter:data1\" content=\"1 minuutti\" \/>\n<script type=\"application\/ld+json\" class=\"yoast-schema-graph\">{\"@context\":\"https:\\\/\\\/schema.org\",\"@graph\":[{\"@type\":\"WebPage\",\"@id\":\"https:\\\/\\\/bbqassad.ee\\\/fi\\\/toode\\\/big-poppa-smokers-little-louien-valkosipuli-pippuri-mausteseos\\\/\",\"url\":\"https:\\\/\\\/bbqassad.ee\\\/fi\\\/toode\\\/big-poppa-smokers-little-louien-valkosipuli-pippuri-mausteseos\\\/\",\"name\":\"Little Louien valkosipuli-pippurimauste -% BBQ \u00c4ssad%\",\"isPartOf\":{\"@id\":\"https:\\\/\\\/bbqassad.ee\\\/fi\\\/#website\"},\"primaryImageOfPage\":{\"@id\":\"https:\\\/\\\/bbqassad.ee\\\/fi\\\/toode\\\/big-poppa-smokers-little-louien-valkosipuli-pippuri-mausteseos\\\/#primaryimage\"},\"image\":{\"@id\":\"https:\\\/\\\/bbqassad.ee\\\/fi\\\/toode\\\/big-poppa-smokers-little-louien-valkosipuli-pippuri-mausteseos\\\/#primaryimage\"},\"thumbnailUrl\":\"https:\\\/\\\/bbqassad.ee\\\/wp-content\\\/uploads\\\/2025\\\/02\\\/Nimetu-kujundus-40.png\",\"datePublished\":\"2025-02-21T08:47:13+00:00\",\"dateModified\":\"2026-04-14T06:33:01+00:00\",\"description\":\"Big Poppa Smokers Little Louie's Garlic Pepper -mausteseos painaa 411 g. Ainesosat: suola, mausteet, sokeri, kuivattu valkosipuli ja sipuli, paprika ym.\",\"breadcrumb\":{\"@id\":\"https:\\\/\\\/bbqassad.ee\\\/fi\\\/toode\\\/big-poppa-smokers-little-louien-valkosipuli-pippuri-mausteseos\\\/#breadcrumb\"},\"inLanguage\":\"fi\",\"potentialAction\":[{\"@type\":\"ReadAction\",\"target\":[\"https:\\\/\\\/bbqassad.ee\\\/fi\\\/toode\\\/big-poppa-smokers-little-louien-valkosipuli-pippuri-mausteseos\\\/\"]}]},{\"@type\":\"ImageObject\",\"inLanguage\":\"fi\",\"@id\":\"https:\\\/\\\/bbqassad.ee\\\/fi\\\/toode\\\/big-poppa-smokers-little-louien-valkosipuli-pippuri-mausteseos\\\/#primaryimage\",\"url\":\"https:\\\/\\\/bbqassad.ee\\\/wp-content\\\/uploads\\\/2025\\\/02\\\/Nimetu-kujundus-40.png\",\"contentUrl\":\"https:\\\/\\\/bbqassad.ee\\\/wp-content\\\/uploads\\\/2025\\\/02\\\/Nimetu-kujundus-40.png\",\"width\":1280,\"height\":720},{\"@type\":\"BreadcrumbList\",\"@id\":\"https:\\\/\\\/bbqassad.ee\\\/fi\\\/toode\\\/big-poppa-smokers-little-louien-valkosipuli-pippuri-mausteseos\\\/#breadcrumb\",\"itemListElement\":[{\"@type\":\"ListItem\",\"position\":1,\"name\":\"Home\",\"item\":\"https:\\\/\\\/bbqassad.ee\\\/fi\\\/bbq-assat\\\/\"},{\"@type\":\"ListItem\",\"position\":2,\"name\":\"Verkkokauppa\",\"item\":\"https:\\\/\\\/bbqassad.ee\\\/fi\\\/verkkokauppa\\\/\"},{\"@type\":\"ListItem\",\"position\":3,\"name\":\"Big Poppa Smokers Little Louie&#8217;s Garlic Pepper -mausteseos\"}]},{\"@type\":\"WebSite\",\"@id\":\"https:\\\/\\\/bbqassad.ee\\\/fi\\\/#website\",\"url\":\"https:\\\/\\\/bbqassad.ee\\\/fi\\\/\",\"name\":\"BBQ \u00c4ssad\",\"description\":\"BBQ maitseained, kastmed, ahjud\",\"publisher\":{\"@id\":\"https:\\\/\\\/bbqassad.ee\\\/fi\\\/#organization\"},\"potentialAction\":[{\"@type\":\"SearchAction\",\"target\":{\"@type\":\"EntryPoint\",\"urlTemplate\":\"https:\\\/\\\/bbqassad.ee\\\/fi\\\/?s={search_term_string}\"},\"query-input\":{\"@type\":\"PropertyValueSpecification\",\"valueRequired\":true,\"valueName\":\"search_term_string\"}}],\"inLanguage\":\"fi\"},{\"@type\":\"Organization\",\"@id\":\"https:\\\/\\\/bbqassad.ee\\\/fi\\\/#organization\",\"name\":\"BBQ \u00c4ssad\",\"url\":\"https:\\\/\\\/bbqassad.ee\\\/fi\\\/\",\"logo\":{\"@type\":\"ImageObject\",\"inLanguage\":\"fi\",\"@id\":\"https:\\\/\\\/bbqassad.ee\\\/fi\\\/#\\\/schema\\\/logo\\\/image\\\/\",\"url\":\"https:\\\/\\\/bbqassad.ee\\\/wp-content\\\/uploads\\\/2022\\\/10\\\/BBQ-2ssadlogo.png\",\"contentUrl\":\"https:\\\/\\\/bbqassad.ee\\\/wp-content\\\/uploads\\\/2022\\\/10\\\/BBQ-2ssadlogo.png\",\"width\":1080,\"height\":1080,\"caption\":\"BBQ \u00c4ssad\"},\"image\":{\"@id\":\"https:\\\/\\\/bbqassad.ee\\\/fi\\\/#\\\/schema\\\/logo\\\/image\\\/\"},\"sameAs\":[\"https:\\\/\\\/www.facebook.com\\\/bbqassad\",\"https:\\\/\\\/www.youtube.com\\\/channel\\\/UCsoufn49J6TVi9Ah9meE93w\"]}]}<\/script>\n<!-- \/ Yoast SEO plugin. -->","yoast_head_json":{"title":"Little Louien valkosipuli-pippurimauste -% BBQ \u00c4ssad%","description":"Big Poppa Smokers Little Louie's Garlic Pepper -mausteseos painaa 411 g. Ainesosat: suola, mausteet, sokeri, kuivattu valkosipuli ja sipuli, paprika ym.","robots":{"index":"index","follow":"follow","max-snippet":"max-snippet:-1","max-image-preview":"max-image-preview:large","max-video-preview":"max-video-preview:-1"},"canonical":"https:\/\/bbqassad.ee\/fi\/toode\/big-poppa-smokers-little-louien-valkosipuli-pippuri-mausteseos\/","og_locale":"fi_FI","og_type":"article","og_title":"Little Louien valkosipuli-pippurimauste -% BBQ \u00c4ssad%","og_description":"Big Poppa Smokers Little Louie's Garlic Pepper -mausteseos painaa 411 g. Ainesosat: suola, mausteet, sokeri, kuivattu valkosipuli ja sipuli, paprika ym.","og_url":"https:\/\/bbqassad.ee\/fi\/toode\/big-poppa-smokers-little-louien-valkosipuli-pippuri-mausteseos\/","og_site_name":"BBQ \u00c4ssad","article_publisher":"https:\/\/www.facebook.com\/bbqassad","article_modified_time":"2026-04-14T06:33:01+00:00","og_image":[{"url":"https:\/\/bbqassad.ee\/wp-content\/uploads\/2025\/02\/Nimetu-kujundus-40.png","type":"","width":"","height":""}],"twitter_card":"summary_large_image","twitter_title":"Little Louien valkosipuli-pippurimauste -% BBQ \u00c4ssad%","twitter_description":"Big Poppa Smokers Little Louie's Garlic Pepper -mausteseos painaa 411 g. Ainesosat: suola, mausteet, sokeri, kuivattu valkosipuli ja sipuli, paprika ym.","twitter_image":"https:\/\/bbqassad.ee\/wp-content\/uploads\/2025\/02\/Nimetu-kujundus-40.png","twitter_misc":{"Arvioitu lukuaika":"1 minuutti"},"schema":{"@context":"https:\/\/schema.org","@graph":[{"@type":"WebPage","@id":"https:\/\/bbqassad.ee\/fi\/toode\/big-poppa-smokers-little-louien-valkosipuli-pippuri-mausteseos\/","url":"https:\/\/bbqassad.ee\/fi\/toode\/big-poppa-smokers-little-louien-valkosipuli-pippuri-mausteseos\/","name":"Little Louien valkosipuli-pippurimauste -% BBQ \u00c4ssad%","isPartOf":{"@id":"https:\/\/bbqassad.ee\/fi\/#website"},"primaryImageOfPage":{"@id":"https:\/\/bbqassad.ee\/fi\/toode\/big-poppa-smokers-little-louien-valkosipuli-pippuri-mausteseos\/#primaryimage"},"image":{"@id":"https:\/\/bbqassad.ee\/fi\/toode\/big-poppa-smokers-little-louien-valkosipuli-pippuri-mausteseos\/#primaryimage"},"thumbnailUrl":"https:\/\/bbqassad.ee\/wp-content\/uploads\/2025\/02\/Nimetu-kujundus-40.png","datePublished":"2025-02-21T08:47:13+00:00","dateModified":"2026-04-14T06:33:01+00:00","description":"Big Poppa Smokers Little Louie's Garlic Pepper -mausteseos painaa 411 g. Ainesosat: suola, mausteet, sokeri, kuivattu valkosipuli ja sipuli, paprika ym.","breadcrumb":{"@id":"https:\/\/bbqassad.ee\/fi\/toode\/big-poppa-smokers-little-louien-valkosipuli-pippuri-mausteseos\/#breadcrumb"},"inLanguage":"fi","potentialAction":[{"@type":"ReadAction","target":["https:\/\/bbqassad.ee\/fi\/toode\/big-poppa-smokers-little-louien-valkosipuli-pippuri-mausteseos\/"]}]},{"@type":"ImageObject","inLanguage":"fi","@id":"https:\/\/bbqassad.ee\/fi\/toode\/big-poppa-smokers-little-louien-valkosipuli-pippuri-mausteseos\/#primaryimage","url":"https:\/\/bbqassad.ee\/wp-content\/uploads\/2025\/02\/Nimetu-kujundus-40.png","contentUrl":"https:\/\/bbqassad.ee\/wp-content\/uploads\/2025\/02\/Nimetu-kujundus-40.png","width":1280,"height":720},{"@type":"BreadcrumbList","@id":"https:\/\/bbqassad.ee\/fi\/toode\/big-poppa-smokers-little-louien-valkosipuli-pippuri-mausteseos\/#breadcrumb","itemListElement":[{"@type":"ListItem","position":1,"name":"Home","item":"https:\/\/bbqassad.ee\/fi\/bbq-assat\/"},{"@type":"ListItem","position":2,"name":"Verkkokauppa","item":"https:\/\/bbqassad.ee\/fi\/verkkokauppa\/"},{"@type":"ListItem","position":3,"name":"Big Poppa Smokers Little Louie&#8217;s Garlic Pepper -mausteseos"}]},{"@type":"WebSite","@id":"https:\/\/bbqassad.ee\/fi\/#website","url":"https:\/\/bbqassad.ee\/fi\/","name":"BBQ \u00c4ssad","description":"BBQ maitseained, kastmed, ahjud","publisher":{"@id":"https:\/\/bbqassad.ee\/fi\/#organization"},"potentialAction":[{"@type":"SearchAction","target":{"@type":"EntryPoint","urlTemplate":"https:\/\/bbqassad.ee\/fi\/?s={search_term_string}"},"query-input":{"@type":"PropertyValueSpecification","valueRequired":true,"valueName":"search_term_string"}}],"inLanguage":"fi"},{"@type":"Organization","@id":"https:\/\/bbqassad.ee\/fi\/#organization","name":"BBQ \u00c4ssad","url":"https:\/\/bbqassad.ee\/fi\/","logo":{"@type":"ImageObject","inLanguage":"fi","@id":"https:\/\/bbqassad.ee\/fi\/#\/schema\/logo\/image\/","url":"https:\/\/bbqassad.ee\/wp-content\/uploads\/2022\/10\/BBQ-2ssadlogo.png","contentUrl":"https:\/\/bbqassad.ee\/wp-content\/uploads\/2022\/10\/BBQ-2ssadlogo.png","width":1080,"height":1080,"caption":"BBQ \u00c4ssad"},"image":{"@id":"https:\/\/bbqassad.ee\/fi\/#\/schema\/logo\/image\/"},"sameAs":["https:\/\/www.facebook.com\/bbqassad","https:\/\/www.youtube.com\/channel\/UCsoufn49J6TVi9Ah9meE93w"]}]}},"_links":{"self":[{"href":"https:\/\/bbqassad.ee\/fi\/wp-json\/wp\/v2\/product\/22580","targetHints":{"allow":["GET"]}}],"collection":[{"href":"https:\/\/bbqassad.ee\/fi\/wp-json\/wp\/v2\/product"}],"about":[{"href":"https:\/\/bbqassad.ee\/fi\/wp-json\/wp\/v2\/types\/product"}],"replies":[{"embeddable":true,"href":"https:\/\/bbqassad.ee\/fi\/wp-json\/wp\/v2\/comments?post=22580"}],"wp:featuredmedia":[{"embeddable":true,"href":"https:\/\/bbqassad.ee\/fi\/wp-json\/wp\/v2\/media\/22581"}],"wp:attachment":[{"href":"https:\/\/bbqassad.ee\/fi\/wp-json\/wp\/v2\/media?parent=22580"}],"wp:term":[{"taxonomy":"product_brand","embeddable":true,"href":"https:\/\/bbqassad.ee\/fi\/wp-json\/wp\/v2\/product_brand?post=22580"},{"taxonomy":"product_cat","embeddable":true,"href":"https:\/\/bbqassad.ee\/fi\/wp-json\/wp\/v2\/product_cat?post=22580"},{"taxonomy":"product_tag","embeddable":true,"href":"https:\/\/bbqassad.ee\/fi\/wp-json\/wp\/v2\/product_tag?post=22580"}],"curies":[{"name":"wp","href":"https:\/\/api.w.org\/{rel}","templated":true}]}}