{"id":22572,"date":"2025-02-26T09:56:11","date_gmt":"2025-02-26T09:56:11","guid":{"rendered":"https:\/\/bbqassad.ee\/toode\/heath-riles-competition-bbq-kastike\/"},"modified":"2026-04-14T06:33:01","modified_gmt":"2026-04-14T06:33:01","slug":"heath-riles-competition-bbq-kastike","status":"publish","type":"product","link":"https:\/\/bbqassad.ee\/fi\/toode\/heath-riles-competition-bbq-kastike\/","title":{"rendered":"Heath Riles Competition BBQ-kastike"},"content":{"rendered":"<h2>Kastike Heath Riles Competition BBQ-kastike<\/h2>\n<p>Heath Riles on mies, joka on voittanut lukemattomia titteleit\u00e4 maailmanmestaruusluokassa. Viime vuosina h\u00e4n on pysynyt haastamattomana. H\u00e4n tekee sen aina omilla mausteillaan ja kastikkeillaan, ja t\u00e4m\u00e4 kastike on h\u00e4nen uusi lis\u00e4yksens\u00e4 kilpailurepertuaariinsa.  <\/p>\n<h3>BBQ Aces kommentti<\/h3>\n<p>Jos makua voi viritell\u00e4 makeisilla ja kirpe\u00e4ll\u00e4 etikalla, t\u00e4m\u00e4 on valmis sekoitus Heath Rilesin visiota. Jos olisit odottanut kilpailukastikkeen olevan &#8221;hampaat irtoavat suusta&#8221; -makeaa kastiketta, se ei ole sit\u00e4 ollenkaan, siin\u00e4 on hieman makeutta, hieman hapokkuutta ja jossain aivan lopussa hieman mausteisuutta, kaikki on juuri sopivasti. <\/p>\n<h3>Ammattilaisen vinkki<\/h3>\n<p>Miss\u00e4 tahansa oletkin k\u00e4ytt\u00e4nyt BBQ-kastiketta, kokeile Heath Rilesin kastiketta, etk\u00e4 tule katumaan.<\/p>\n","protected":false},"excerpt":{"rendered":"<p>Valmistaja: Heath Riles BBQ<\/p>\n<p>M\u00e4\u00e4r\u00e4: 473ml<\/p>\n<p>Ainesosat: <span class=\"Y2IQFc\" lang=\"et\">tomaattipyree, sokeri, siiderietikka, ruskea sokeri, melassi, suola, sinappijauhe, valkosipulijauhe, sipulijauhe, paprika, luonnollinen savuaromi, Worcesthire-kastike, sakeuttamisaineet, s\u00e4il\u00f6nt\u00e4aineet.<\/span><\/p>\n","protected":false},"featured_media":22573,"comment_status":"open","ping_status":"closed","template":"","meta":[],"product_brand":[],"product_cat":[788],"product_tag":[],"class_list":{"0":"post-22572","1":"product","2":"type-product","3":"status-publish","4":"has-post-thumbnail","6":"product_cat-kastit","8":"first","9":"instock","10":"taxable","11":"shipping-taxable","12":"purchasable","13":"product-type-simple"},"yoast_head":"<!-- This site is optimized with the Yoast SEO plugin v27.4 - https:\/\/yoast.com\/product\/yoast-seo-wordpress\/ -->\n<title>Heath Riles Competition BBQ-kastike 473ml - BBQ \u00c4ssad %<\/title>\n<meta name=\"description\" content=\"Heath Riles BBQ-kastike 473ml sis\u00e4lt\u00e4\u00e4 tomaattipastaa, sokeria, siiderietikkaa ja mausteita. Ihanteellinen grillaukseen ja BBQ-ruokien maustamiseen.\" \/>\n<meta name=\"robots\" content=\"index, follow, max-snippet:-1, max-image-preview:large, max-video-preview:-1\" \/>\n<link rel=\"canonical\" href=\"https:\/\/bbqassad.ee\/fi\/toode\/heath-riles-competition-bbq-kastike\/\" \/>\n<meta property=\"og:locale\" content=\"fi_FI\" \/>\n<meta property=\"og:type\" content=\"article\" \/>\n<meta property=\"og:title\" content=\"Heath Riles Competition BBQ-kastike 473ml - BBQ \u00c4ssad %\" \/>\n<meta property=\"og:description\" content=\"Heath Riles BBQ-kastike 473ml sis\u00e4lt\u00e4\u00e4 tomaattipastaa, sokeria, siiderietikkaa ja mausteita. Ihanteellinen grillaukseen ja BBQ-ruokien maustamiseen.\" \/>\n<meta property=\"og:url\" content=\"https:\/\/bbqassad.ee\/fi\/toode\/heath-riles-competition-bbq-kastike\/\" \/>\n<meta property=\"og:site_name\" content=\"BBQ \u00c4ssad\" \/>\n<meta property=\"article:publisher\" content=\"https:\/\/www.facebook.com\/bbqassad\" \/>\n<meta property=\"article:modified_time\" content=\"2026-04-14T06:33:01+00:00\" \/>\n<meta property=\"og:image\" content=\"https:\/\/bbqassad.ee\/wp-content\/uploads\/2025\/02\/HeathRiles_16oz_Sauce_Bottle_Competition-Frt.png\" \/>\n<meta name=\"twitter:card\" content=\"summary_large_image\" \/>\n<meta name=\"twitter:title\" content=\"Heath Riles Competition BBQ-kastike 473ml - BBQ \u00c4ssad%\" \/>\n<meta name=\"twitter:description\" content=\"Heath Riles BBQ-kastike 473ml sis\u00e4lt\u00e4\u00e4 tomaattipastaa, sokeria, siiderietikkaa ja mausteita. Ihanteellinen grillaukseen ja BBQ-ruokien maustamiseen.\" \/>\n<meta name=\"twitter:image\" content=\"https:\/\/bbqassad.ee\/wp-content\/uploads\/2025\/02\/HeathRiles_16oz_Sauce_Bottle_Competition-Frt.png\" \/>\n<meta name=\"twitter:label1\" content=\"Arvioitu lukuaika\" \/>\n\t<meta name=\"twitter:data1\" content=\"1 minuutti\" \/>\n<script type=\"application\/ld+json\" class=\"yoast-schema-graph\">{\"@context\":\"https:\\\/\\\/schema.org\",\"@graph\":[{\"@type\":\"WebPage\",\"@id\":\"https:\\\/\\\/bbqassad.ee\\\/fi\\\/toode\\\/heath-riles-competition-bbq-kastike\\\/\",\"url\":\"https:\\\/\\\/bbqassad.ee\\\/fi\\\/toode\\\/heath-riles-competition-bbq-kastike\\\/\",\"name\":\"Heath Riles Competition BBQ-kastike 473ml - BBQ \u00c4ssad %\",\"isPartOf\":{\"@id\":\"https:\\\/\\\/bbqassad.ee\\\/fi\\\/#website\"},\"primaryImageOfPage\":{\"@id\":\"https:\\\/\\\/bbqassad.ee\\\/fi\\\/toode\\\/heath-riles-competition-bbq-kastike\\\/#primaryimage\"},\"image\":{\"@id\":\"https:\\\/\\\/bbqassad.ee\\\/fi\\\/toode\\\/heath-riles-competition-bbq-kastike\\\/#primaryimage\"},\"thumbnailUrl\":\"https:\\\/\\\/bbqassad.ee\\\/wp-content\\\/uploads\\\/2025\\\/02\\\/HeathRiles_16oz_Sauce_Bottle_Competition-Frt.png\",\"datePublished\":\"2025-02-26T09:56:11+00:00\",\"dateModified\":\"2026-04-14T06:33:01+00:00\",\"description\":\"Heath Riles BBQ-kastike 473ml sis\u00e4lt\u00e4\u00e4 tomaattipastaa, sokeria, siiderietikkaa ja mausteita. Ihanteellinen grillaukseen ja BBQ-ruokien maustamiseen.\",\"breadcrumb\":{\"@id\":\"https:\\\/\\\/bbqassad.ee\\\/fi\\\/toode\\\/heath-riles-competition-bbq-kastike\\\/#breadcrumb\"},\"inLanguage\":\"fi\",\"potentialAction\":[{\"@type\":\"ReadAction\",\"target\":[\"https:\\\/\\\/bbqassad.ee\\\/fi\\\/toode\\\/heath-riles-competition-bbq-kastike\\\/\"]}]},{\"@type\":\"ImageObject\",\"inLanguage\":\"fi\",\"@id\":\"https:\\\/\\\/bbqassad.ee\\\/fi\\\/toode\\\/heath-riles-competition-bbq-kastike\\\/#primaryimage\",\"url\":\"https:\\\/\\\/bbqassad.ee\\\/wp-content\\\/uploads\\\/2025\\\/02\\\/HeathRiles_16oz_Sauce_Bottle_Competition-Frt.png\",\"contentUrl\":\"https:\\\/\\\/bbqassad.ee\\\/wp-content\\\/uploads\\\/2025\\\/02\\\/HeathRiles_16oz_Sauce_Bottle_Competition-Frt.png\",\"width\":1500,\"height\":1500},{\"@type\":\"BreadcrumbList\",\"@id\":\"https:\\\/\\\/bbqassad.ee\\\/fi\\\/toode\\\/heath-riles-competition-bbq-kastike\\\/#breadcrumb\",\"itemListElement\":[{\"@type\":\"ListItem\",\"position\":1,\"name\":\"Home\",\"item\":\"https:\\\/\\\/bbqassad.ee\\\/fi\\\/bbq-assat\\\/\"},{\"@type\":\"ListItem\",\"position\":2,\"name\":\"Verkkokauppa\",\"item\":\"https:\\\/\\\/bbqassad.ee\\\/fi\\\/verkkokauppa\\\/\"},{\"@type\":\"ListItem\",\"position\":3,\"name\":\"Heath Riles Competition BBQ-kastike\"}]},{\"@type\":\"WebSite\",\"@id\":\"https:\\\/\\\/bbqassad.ee\\\/fi\\\/#website\",\"url\":\"https:\\\/\\\/bbqassad.ee\\\/fi\\\/\",\"name\":\"BBQ \u00c4ssad\",\"description\":\"BBQ maitseained, kastmed, ahjud\",\"publisher\":{\"@id\":\"https:\\\/\\\/bbqassad.ee\\\/fi\\\/#organization\"},\"potentialAction\":[{\"@type\":\"SearchAction\",\"target\":{\"@type\":\"EntryPoint\",\"urlTemplate\":\"https:\\\/\\\/bbqassad.ee\\\/fi\\\/?s={search_term_string}\"},\"query-input\":{\"@type\":\"PropertyValueSpecification\",\"valueRequired\":true,\"valueName\":\"search_term_string\"}}],\"inLanguage\":\"fi\"},{\"@type\":\"Organization\",\"@id\":\"https:\\\/\\\/bbqassad.ee\\\/fi\\\/#organization\",\"name\":\"BBQ \u00c4ssad\",\"url\":\"https:\\\/\\\/bbqassad.ee\\\/fi\\\/\",\"logo\":{\"@type\":\"ImageObject\",\"inLanguage\":\"fi\",\"@id\":\"https:\\\/\\\/bbqassad.ee\\\/fi\\\/#\\\/schema\\\/logo\\\/image\\\/\",\"url\":\"https:\\\/\\\/bbqassad.ee\\\/wp-content\\\/uploads\\\/2022\\\/10\\\/BBQ-2ssadlogo.png\",\"contentUrl\":\"https:\\\/\\\/bbqassad.ee\\\/wp-content\\\/uploads\\\/2022\\\/10\\\/BBQ-2ssadlogo.png\",\"width\":1080,\"height\":1080,\"caption\":\"BBQ \u00c4ssad\"},\"image\":{\"@id\":\"https:\\\/\\\/bbqassad.ee\\\/fi\\\/#\\\/schema\\\/logo\\\/image\\\/\"},\"sameAs\":[\"https:\\\/\\\/www.facebook.com\\\/bbqassad\",\"https:\\\/\\\/www.youtube.com\\\/channel\\\/UCsoufn49J6TVi9Ah9meE93w\"]}]}<\/script>\n<!-- \/ Yoast SEO plugin. -->","yoast_head_json":{"title":"Heath Riles Competition BBQ-kastike 473ml - BBQ \u00c4ssad %","description":"Heath Riles BBQ-kastike 473ml sis\u00e4lt\u00e4\u00e4 tomaattipastaa, sokeria, siiderietikkaa ja mausteita. Ihanteellinen grillaukseen ja BBQ-ruokien maustamiseen.","robots":{"index":"index","follow":"follow","max-snippet":"max-snippet:-1","max-image-preview":"max-image-preview:large","max-video-preview":"max-video-preview:-1"},"canonical":"https:\/\/bbqassad.ee\/fi\/toode\/heath-riles-competition-bbq-kastike\/","og_locale":"fi_FI","og_type":"article","og_title":"Heath Riles Competition BBQ-kastike 473ml - BBQ \u00c4ssad %","og_description":"Heath Riles BBQ-kastike 473ml sis\u00e4lt\u00e4\u00e4 tomaattipastaa, sokeria, siiderietikkaa ja mausteita. Ihanteellinen grillaukseen ja BBQ-ruokien maustamiseen.","og_url":"https:\/\/bbqassad.ee\/fi\/toode\/heath-riles-competition-bbq-kastike\/","og_site_name":"BBQ \u00c4ssad","article_publisher":"https:\/\/www.facebook.com\/bbqassad","article_modified_time":"2026-04-14T06:33:01+00:00","og_image":[{"url":"https:\/\/bbqassad.ee\/wp-content\/uploads\/2025\/02\/HeathRiles_16oz_Sauce_Bottle_Competition-Frt.png","type":"","width":"","height":""}],"twitter_card":"summary_large_image","twitter_title":"Heath Riles Competition BBQ-kastike 473ml - BBQ \u00c4ssad%","twitter_description":"Heath Riles BBQ-kastike 473ml sis\u00e4lt\u00e4\u00e4 tomaattipastaa, sokeria, siiderietikkaa ja mausteita. Ihanteellinen grillaukseen ja BBQ-ruokien maustamiseen.","twitter_image":"https:\/\/bbqassad.ee\/wp-content\/uploads\/2025\/02\/HeathRiles_16oz_Sauce_Bottle_Competition-Frt.png","twitter_misc":{"Arvioitu lukuaika":"1 minuutti"},"schema":{"@context":"https:\/\/schema.org","@graph":[{"@type":"WebPage","@id":"https:\/\/bbqassad.ee\/fi\/toode\/heath-riles-competition-bbq-kastike\/","url":"https:\/\/bbqassad.ee\/fi\/toode\/heath-riles-competition-bbq-kastike\/","name":"Heath Riles Competition BBQ-kastike 473ml - BBQ \u00c4ssad %","isPartOf":{"@id":"https:\/\/bbqassad.ee\/fi\/#website"},"primaryImageOfPage":{"@id":"https:\/\/bbqassad.ee\/fi\/toode\/heath-riles-competition-bbq-kastike\/#primaryimage"},"image":{"@id":"https:\/\/bbqassad.ee\/fi\/toode\/heath-riles-competition-bbq-kastike\/#primaryimage"},"thumbnailUrl":"https:\/\/bbqassad.ee\/wp-content\/uploads\/2025\/02\/HeathRiles_16oz_Sauce_Bottle_Competition-Frt.png","datePublished":"2025-02-26T09:56:11+00:00","dateModified":"2026-04-14T06:33:01+00:00","description":"Heath Riles BBQ-kastike 473ml sis\u00e4lt\u00e4\u00e4 tomaattipastaa, sokeria, siiderietikkaa ja mausteita. Ihanteellinen grillaukseen ja BBQ-ruokien maustamiseen.","breadcrumb":{"@id":"https:\/\/bbqassad.ee\/fi\/toode\/heath-riles-competition-bbq-kastike\/#breadcrumb"},"inLanguage":"fi","potentialAction":[{"@type":"ReadAction","target":["https:\/\/bbqassad.ee\/fi\/toode\/heath-riles-competition-bbq-kastike\/"]}]},{"@type":"ImageObject","inLanguage":"fi","@id":"https:\/\/bbqassad.ee\/fi\/toode\/heath-riles-competition-bbq-kastike\/#primaryimage","url":"https:\/\/bbqassad.ee\/wp-content\/uploads\/2025\/02\/HeathRiles_16oz_Sauce_Bottle_Competition-Frt.png","contentUrl":"https:\/\/bbqassad.ee\/wp-content\/uploads\/2025\/02\/HeathRiles_16oz_Sauce_Bottle_Competition-Frt.png","width":1500,"height":1500},{"@type":"BreadcrumbList","@id":"https:\/\/bbqassad.ee\/fi\/toode\/heath-riles-competition-bbq-kastike\/#breadcrumb","itemListElement":[{"@type":"ListItem","position":1,"name":"Home","item":"https:\/\/bbqassad.ee\/fi\/bbq-assat\/"},{"@type":"ListItem","position":2,"name":"Verkkokauppa","item":"https:\/\/bbqassad.ee\/fi\/verkkokauppa\/"},{"@type":"ListItem","position":3,"name":"Heath Riles Competition BBQ-kastike"}]},{"@type":"WebSite","@id":"https:\/\/bbqassad.ee\/fi\/#website","url":"https:\/\/bbqassad.ee\/fi\/","name":"BBQ \u00c4ssad","description":"BBQ maitseained, kastmed, ahjud","publisher":{"@id":"https:\/\/bbqassad.ee\/fi\/#organization"},"potentialAction":[{"@type":"SearchAction","target":{"@type":"EntryPoint","urlTemplate":"https:\/\/bbqassad.ee\/fi\/?s={search_term_string}"},"query-input":{"@type":"PropertyValueSpecification","valueRequired":true,"valueName":"search_term_string"}}],"inLanguage":"fi"},{"@type":"Organization","@id":"https:\/\/bbqassad.ee\/fi\/#organization","name":"BBQ \u00c4ssad","url":"https:\/\/bbqassad.ee\/fi\/","logo":{"@type":"ImageObject","inLanguage":"fi","@id":"https:\/\/bbqassad.ee\/fi\/#\/schema\/logo\/image\/","url":"https:\/\/bbqassad.ee\/wp-content\/uploads\/2022\/10\/BBQ-2ssadlogo.png","contentUrl":"https:\/\/bbqassad.ee\/wp-content\/uploads\/2022\/10\/BBQ-2ssadlogo.png","width":1080,"height":1080,"caption":"BBQ \u00c4ssad"},"image":{"@id":"https:\/\/bbqassad.ee\/fi\/#\/schema\/logo\/image\/"},"sameAs":["https:\/\/www.facebook.com\/bbqassad","https:\/\/www.youtube.com\/channel\/UCsoufn49J6TVi9Ah9meE93w"]}]}},"_links":{"self":[{"href":"https:\/\/bbqassad.ee\/fi\/wp-json\/wp\/v2\/product\/22572","targetHints":{"allow":["GET"]}}],"collection":[{"href":"https:\/\/bbqassad.ee\/fi\/wp-json\/wp\/v2\/product"}],"about":[{"href":"https:\/\/bbqassad.ee\/fi\/wp-json\/wp\/v2\/types\/product"}],"replies":[{"embeddable":true,"href":"https:\/\/bbqassad.ee\/fi\/wp-json\/wp\/v2\/comments?post=22572"}],"wp:featuredmedia":[{"embeddable":true,"href":"https:\/\/bbqassad.ee\/fi\/wp-json\/wp\/v2\/media\/22573"}],"wp:attachment":[{"href":"https:\/\/bbqassad.ee\/fi\/wp-json\/wp\/v2\/media?parent=22572"}],"wp:term":[{"taxonomy":"product_brand","embeddable":true,"href":"https:\/\/bbqassad.ee\/fi\/wp-json\/wp\/v2\/product_brand?post=22572"},{"taxonomy":"product_cat","embeddable":true,"href":"https:\/\/bbqassad.ee\/fi\/wp-json\/wp\/v2\/product_cat?post=22572"},{"taxonomy":"product_tag","embeddable":true,"href":"https:\/\/bbqassad.ee\/fi\/wp-json\/wp\/v2\/product_tag?post=22572"}],"curies":[{"name":"wp","href":"https:\/\/api.w.org\/{rel}","templated":true}]}}