{"id":22570,"date":"2025-02-26T10:11:41","date_gmt":"2025-02-26T10:11:41","guid":{"rendered":"https:\/\/bbqassad.ee\/toode\/roosters-championship-sweet-heat-rub-2\/"},"modified":"2026-04-14T06:33:01","modified_gmt":"2026-04-14T06:33:01","slug":"roosters-championship-sweet-heat-rub-2","status":"publish","type":"product","link":"https:\/\/bbqassad.ee\/fi\/toode\/roosters-championship-sweet-heat-rub-2\/","title":{"rendered":"Roosters Championship Sweet Heat Rub"},"content":{"rendered":"<h2>Roosters Championship Sweet Heat Rub<\/h2>\n<p>Roosters on uusi tulokas postissamme. Kaikki heid\u00e4n hierontansa ovat eritt\u00e4in maukkaita, MUTTA t\u00e4m\u00e4 on ns. &#8221;all in one&#8221; rub, eli laita se lihaan, \u00e4l\u00e4k\u00e4 nakerra enemp\u00e4\u00e4, eli kaikki ainesosien suhteet ovat heid\u00e4n makunsa mukaisia&#8230;.. mukaan lukien mausteisuus, ole varovainen sen kanssa \ud83d\ude42  <\/p>\n<h3>BBQ Aces kommentti<\/h3>\n<p>Kilpailussa etsit\u00e4\u00e4n aina klassikkoa, ja klassikon nimi on &#8230;. sweet heat. T\u00e4m\u00e4 rub on sek\u00e4 makea ett\u00e4 mausteinen, mutta ole varovainen mausteiden kanssa.  <\/p>\n<h3>Ammattilaisen vinkki<\/h3>\n<p>Jos se tuntuu liian mausteiselta, k\u00e4yt\u00e4 ohuempaa kerrosta ja lis\u00e4\u00e4 p\u00e4\u00e4lle makeaa seosta.<\/p>\n","protected":false},"excerpt":{"rendered":"<p>Tuottaja: Rooster<\/p>\n<p>Paino: 323g<\/p>\n<p>Ainesosat: ruskea sokeri, mausteet, mukaan lukien chilipippuri, suola, sipuli, valkosipuli ja enint\u00e4\u00e4n 2 % trikalsiumfosfaattia paakkuuntumisen est\u00e4miseksi.<\/p>\n","protected":false},"featured_media":22571,"comment_status":"open","ping_status":"closed","template":"","meta":[],"product_brand":[],"product_cat":[802],"product_tag":[790,789],"class_list":{"0":"post-22570","1":"product","2":"type-product","3":"status-publish","4":"has-post-thumbnail","6":"product_cat-sekoitukset","7":"product_tag-kana","8":"product_tag-sika","10":"first","11":"instock","12":"taxable","13":"shipping-taxable","14":"purchasable","15":"product-type-simple"},"yoast_head":"<!-- This site is optimized with the Yoast SEO plugin v27.4 - https:\/\/yoast.com\/product\/yoast-seo-wordpress\/ -->\n<title>Roosters Championship Sweet Heat Rub - BBQ \u00c4ssad<\/title>\n<meta name=\"description\" content=\"&quot;All-in-one rub: makea ja mausteinen makean tulinen maku maustaa nopeasti lihan. Jos se tuntuu liian mausteiselta, lis\u00e4\u00e4 ohuempi kerros.\" \/>\n<meta name=\"robots\" content=\"index, follow, max-snippet:-1, max-image-preview:large, max-video-preview:-1\" \/>\n<link rel=\"canonical\" href=\"https:\/\/bbqassad.ee\/fi\/toode\/roosters-championship-sweet-heat-rub-2\/\" \/>\n<meta property=\"og:locale\" content=\"fi_FI\" \/>\n<meta property=\"og:type\" content=\"article\" \/>\n<meta property=\"og:title\" content=\"Roosters Championship Sweet Heat Rub\" \/>\n<meta property=\"og:description\" content=\"&quot;All-in-one rub: makea ja mausteinen makean tulinen maku maustaa nopeasti lihan. Jos se tuntuu liian mausteiselta, lis\u00e4\u00e4 ohuempi kerros ja lis\u00e4\u00e4 p\u00e4\u00e4lle makeampi rub.\" \/>\n<meta property=\"og:url\" content=\"https:\/\/bbqassad.ee\/fi\/toode\/roosters-championship-sweet-heat-rub-2\/\" \/>\n<meta property=\"og:site_name\" content=\"BBQ \u00c4ssad\" \/>\n<meta property=\"article:publisher\" content=\"https:\/\/www.facebook.com\/bbqassad\" \/>\n<meta property=\"article:modified_time\" content=\"2026-04-14T06:33:01+00:00\" \/>\n<meta property=\"og:image\" content=\"https:\/\/bbqassad.ee\/wp-content\/uploads\/2025\/02\/Nimetu-kujundus-49-1024x576.png\" \/>\n<meta name=\"twitter:card\" content=\"summary_large_image\" \/>\n<script type=\"application\/ld+json\" class=\"yoast-schema-graph\">{\"@context\":\"https:\\\/\\\/schema.org\",\"@graph\":[{\"@type\":\"WebPage\",\"@id\":\"https:\\\/\\\/bbqassad.ee\\\/fi\\\/toode\\\/roosters-championship-sweet-heat-rub-2\\\/\",\"url\":\"https:\\\/\\\/bbqassad.ee\\\/fi\\\/toode\\\/roosters-championship-sweet-heat-rub-2\\\/\",\"name\":\"Roosters Championship Sweet Heat Rub - BBQ \u00c4ssad\",\"isPartOf\":{\"@id\":\"https:\\\/\\\/bbqassad.ee\\\/fi\\\/#website\"},\"primaryImageOfPage\":{\"@id\":\"https:\\\/\\\/bbqassad.ee\\\/fi\\\/toode\\\/roosters-championship-sweet-heat-rub-2\\\/#primaryimage\"},\"image\":{\"@id\":\"https:\\\/\\\/bbqassad.ee\\\/fi\\\/toode\\\/roosters-championship-sweet-heat-rub-2\\\/#primaryimage\"},\"thumbnailUrl\":\"https:\\\/\\\/bbqassad.ee\\\/wp-content\\\/uploads\\\/2025\\\/02\\\/Nimetu-kujundus-49.png\",\"datePublished\":\"2025-02-26T10:11:41+00:00\",\"dateModified\":\"2026-04-14T06:33:01+00:00\",\"description\":\"\\\"All-in-one rub: makea ja mausteinen makean tulinen maku maustaa nopeasti lihan. Jos se tuntuu liian mausteiselta, lis\u00e4\u00e4 ohuempi kerros.\",\"breadcrumb\":{\"@id\":\"https:\\\/\\\/bbqassad.ee\\\/fi\\\/toode\\\/roosters-championship-sweet-heat-rub-2\\\/#breadcrumb\"},\"inLanguage\":\"fi\",\"potentialAction\":[{\"@type\":\"ReadAction\",\"target\":[\"https:\\\/\\\/bbqassad.ee\\\/fi\\\/toode\\\/roosters-championship-sweet-heat-rub-2\\\/\"]}]},{\"@type\":\"ImageObject\",\"inLanguage\":\"fi\",\"@id\":\"https:\\\/\\\/bbqassad.ee\\\/fi\\\/toode\\\/roosters-championship-sweet-heat-rub-2\\\/#primaryimage\",\"url\":\"https:\\\/\\\/bbqassad.ee\\\/wp-content\\\/uploads\\\/2025\\\/02\\\/Nimetu-kujundus-49.png\",\"contentUrl\":\"https:\\\/\\\/bbqassad.ee\\\/wp-content\\\/uploads\\\/2025\\\/02\\\/Nimetu-kujundus-49.png\",\"width\":1280,\"height\":720,\"caption\":\"Roosters Championship Sweet Heat Rub\"},{\"@type\":\"BreadcrumbList\",\"@id\":\"https:\\\/\\\/bbqassad.ee\\\/fi\\\/toode\\\/roosters-championship-sweet-heat-rub-2\\\/#breadcrumb\",\"itemListElement\":[{\"@type\":\"ListItem\",\"position\":1,\"name\":\"Home\",\"item\":\"https:\\\/\\\/bbqassad.ee\\\/fi\\\/bbq-assat\\\/\"},{\"@type\":\"ListItem\",\"position\":2,\"name\":\"Verkkokauppa\",\"item\":\"https:\\\/\\\/bbqassad.ee\\\/fi\\\/verkkokauppa\\\/\"},{\"@type\":\"ListItem\",\"position\":3,\"name\":\"Roosters Championship Sweet Heat Rub\"}]},{\"@type\":\"WebSite\",\"@id\":\"https:\\\/\\\/bbqassad.ee\\\/fi\\\/#website\",\"url\":\"https:\\\/\\\/bbqassad.ee\\\/fi\\\/\",\"name\":\"BBQ \u00c4ssad\",\"description\":\"BBQ maitseained, kastmed, ahjud\",\"publisher\":{\"@id\":\"https:\\\/\\\/bbqassad.ee\\\/fi\\\/#organization\"},\"potentialAction\":[{\"@type\":\"SearchAction\",\"target\":{\"@type\":\"EntryPoint\",\"urlTemplate\":\"https:\\\/\\\/bbqassad.ee\\\/fi\\\/?s={search_term_string}\"},\"query-input\":{\"@type\":\"PropertyValueSpecification\",\"valueRequired\":true,\"valueName\":\"search_term_string\"}}],\"inLanguage\":\"fi\"},{\"@type\":\"Organization\",\"@id\":\"https:\\\/\\\/bbqassad.ee\\\/fi\\\/#organization\",\"name\":\"BBQ \u00c4ssad\",\"url\":\"https:\\\/\\\/bbqassad.ee\\\/fi\\\/\",\"logo\":{\"@type\":\"ImageObject\",\"inLanguage\":\"fi\",\"@id\":\"https:\\\/\\\/bbqassad.ee\\\/fi\\\/#\\\/schema\\\/logo\\\/image\\\/\",\"url\":\"https:\\\/\\\/bbqassad.ee\\\/wp-content\\\/uploads\\\/2022\\\/10\\\/BBQ-2ssadlogo.png\",\"contentUrl\":\"https:\\\/\\\/bbqassad.ee\\\/wp-content\\\/uploads\\\/2022\\\/10\\\/BBQ-2ssadlogo.png\",\"width\":1080,\"height\":1080,\"caption\":\"BBQ \u00c4ssad\"},\"image\":{\"@id\":\"https:\\\/\\\/bbqassad.ee\\\/fi\\\/#\\\/schema\\\/logo\\\/image\\\/\"},\"sameAs\":[\"https:\\\/\\\/www.facebook.com\\\/bbqassad\",\"https:\\\/\\\/www.youtube.com\\\/channel\\\/UCsoufn49J6TVi9Ah9meE93w\"]}]}<\/script>\n<!-- \/ Yoast SEO plugin. -->","yoast_head_json":{"title":"Roosters Championship Sweet Heat Rub - BBQ \u00c4ssad","description":"\"All-in-one rub: makea ja mausteinen makean tulinen maku maustaa nopeasti lihan. Jos se tuntuu liian mausteiselta, lis\u00e4\u00e4 ohuempi kerros.","robots":{"index":"index","follow":"follow","max-snippet":"max-snippet:-1","max-image-preview":"max-image-preview:large","max-video-preview":"max-video-preview:-1"},"canonical":"https:\/\/bbqassad.ee\/fi\/toode\/roosters-championship-sweet-heat-rub-2\/","og_locale":"fi_FI","og_type":"article","og_title":"Roosters Championship Sweet Heat Rub","og_description":"\"All-in-one rub: makea ja mausteinen makean tulinen maku maustaa nopeasti lihan. Jos se tuntuu liian mausteiselta, lis\u00e4\u00e4 ohuempi kerros ja lis\u00e4\u00e4 p\u00e4\u00e4lle makeampi rub.","og_url":"https:\/\/bbqassad.ee\/fi\/toode\/roosters-championship-sweet-heat-rub-2\/","og_site_name":"BBQ \u00c4ssad","article_publisher":"https:\/\/www.facebook.com\/bbqassad","article_modified_time":"2026-04-14T06:33:01+00:00","og_image":[{"url":"https:\/\/bbqassad.ee\/wp-content\/uploads\/2025\/02\/Nimetu-kujundus-49-1024x576.png","type":"","width":"","height":""}],"twitter_card":"summary_large_image","schema":{"@context":"https:\/\/schema.org","@graph":[{"@type":"WebPage","@id":"https:\/\/bbqassad.ee\/fi\/toode\/roosters-championship-sweet-heat-rub-2\/","url":"https:\/\/bbqassad.ee\/fi\/toode\/roosters-championship-sweet-heat-rub-2\/","name":"Roosters Championship Sweet Heat Rub - BBQ \u00c4ssad","isPartOf":{"@id":"https:\/\/bbqassad.ee\/fi\/#website"},"primaryImageOfPage":{"@id":"https:\/\/bbqassad.ee\/fi\/toode\/roosters-championship-sweet-heat-rub-2\/#primaryimage"},"image":{"@id":"https:\/\/bbqassad.ee\/fi\/toode\/roosters-championship-sweet-heat-rub-2\/#primaryimage"},"thumbnailUrl":"https:\/\/bbqassad.ee\/wp-content\/uploads\/2025\/02\/Nimetu-kujundus-49.png","datePublished":"2025-02-26T10:11:41+00:00","dateModified":"2026-04-14T06:33:01+00:00","description":"\"All-in-one rub: makea ja mausteinen makean tulinen maku maustaa nopeasti lihan. Jos se tuntuu liian mausteiselta, lis\u00e4\u00e4 ohuempi kerros.","breadcrumb":{"@id":"https:\/\/bbqassad.ee\/fi\/toode\/roosters-championship-sweet-heat-rub-2\/#breadcrumb"},"inLanguage":"fi","potentialAction":[{"@type":"ReadAction","target":["https:\/\/bbqassad.ee\/fi\/toode\/roosters-championship-sweet-heat-rub-2\/"]}]},{"@type":"ImageObject","inLanguage":"fi","@id":"https:\/\/bbqassad.ee\/fi\/toode\/roosters-championship-sweet-heat-rub-2\/#primaryimage","url":"https:\/\/bbqassad.ee\/wp-content\/uploads\/2025\/02\/Nimetu-kujundus-49.png","contentUrl":"https:\/\/bbqassad.ee\/wp-content\/uploads\/2025\/02\/Nimetu-kujundus-49.png","width":1280,"height":720,"caption":"Roosters Championship Sweet Heat Rub"},{"@type":"BreadcrumbList","@id":"https:\/\/bbqassad.ee\/fi\/toode\/roosters-championship-sweet-heat-rub-2\/#breadcrumb","itemListElement":[{"@type":"ListItem","position":1,"name":"Home","item":"https:\/\/bbqassad.ee\/fi\/bbq-assat\/"},{"@type":"ListItem","position":2,"name":"Verkkokauppa","item":"https:\/\/bbqassad.ee\/fi\/verkkokauppa\/"},{"@type":"ListItem","position":3,"name":"Roosters Championship Sweet Heat Rub"}]},{"@type":"WebSite","@id":"https:\/\/bbqassad.ee\/fi\/#website","url":"https:\/\/bbqassad.ee\/fi\/","name":"BBQ \u00c4ssad","description":"BBQ maitseained, kastmed, ahjud","publisher":{"@id":"https:\/\/bbqassad.ee\/fi\/#organization"},"potentialAction":[{"@type":"SearchAction","target":{"@type":"EntryPoint","urlTemplate":"https:\/\/bbqassad.ee\/fi\/?s={search_term_string}"},"query-input":{"@type":"PropertyValueSpecification","valueRequired":true,"valueName":"search_term_string"}}],"inLanguage":"fi"},{"@type":"Organization","@id":"https:\/\/bbqassad.ee\/fi\/#organization","name":"BBQ \u00c4ssad","url":"https:\/\/bbqassad.ee\/fi\/","logo":{"@type":"ImageObject","inLanguage":"fi","@id":"https:\/\/bbqassad.ee\/fi\/#\/schema\/logo\/image\/","url":"https:\/\/bbqassad.ee\/wp-content\/uploads\/2022\/10\/BBQ-2ssadlogo.png","contentUrl":"https:\/\/bbqassad.ee\/wp-content\/uploads\/2022\/10\/BBQ-2ssadlogo.png","width":1080,"height":1080,"caption":"BBQ \u00c4ssad"},"image":{"@id":"https:\/\/bbqassad.ee\/fi\/#\/schema\/logo\/image\/"},"sameAs":["https:\/\/www.facebook.com\/bbqassad","https:\/\/www.youtube.com\/channel\/UCsoufn49J6TVi9Ah9meE93w"]}]}},"_links":{"self":[{"href":"https:\/\/bbqassad.ee\/fi\/wp-json\/wp\/v2\/product\/22570","targetHints":{"allow":["GET"]}}],"collection":[{"href":"https:\/\/bbqassad.ee\/fi\/wp-json\/wp\/v2\/product"}],"about":[{"href":"https:\/\/bbqassad.ee\/fi\/wp-json\/wp\/v2\/types\/product"}],"replies":[{"embeddable":true,"href":"https:\/\/bbqassad.ee\/fi\/wp-json\/wp\/v2\/comments?post=22570"}],"wp:featuredmedia":[{"embeddable":true,"href":"https:\/\/bbqassad.ee\/fi\/wp-json\/wp\/v2\/media\/22571"}],"wp:attachment":[{"href":"https:\/\/bbqassad.ee\/fi\/wp-json\/wp\/v2\/media?parent=22570"}],"wp:term":[{"taxonomy":"product_brand","embeddable":true,"href":"https:\/\/bbqassad.ee\/fi\/wp-json\/wp\/v2\/product_brand?post=22570"},{"taxonomy":"product_cat","embeddable":true,"href":"https:\/\/bbqassad.ee\/fi\/wp-json\/wp\/v2\/product_cat?post=22570"},{"taxonomy":"product_tag","embeddable":true,"href":"https:\/\/bbqassad.ee\/fi\/wp-json\/wp\/v2\/product_tag?post=22570"}],"curies":[{"name":"wp","href":"https:\/\/api.w.org\/{rel}","templated":true}]}}