{"id":22568,"date":"2025-02-26T11:16:35","date_gmt":"2025-02-26T11:16:35","guid":{"rendered":"https:\/\/bbqassad.ee\/toode\/roosters-championship-rib-rub-2\/"},"modified":"2026-04-14T06:33:01","modified_gmt":"2026-04-14T06:33:01","slug":"roosters-championship-rib-rub-2","status":"publish","type":"product","link":"https:\/\/bbqassad.ee\/fi\/toode\/roosters-championship-rib-rub-2\/","title":{"rendered":"Roosters Championship Rib Rub"},"content":{"rendered":"<h2>Roosters Championship Rib Rub<\/h2>\n<p>Roosters on uusi tulokas postissamme. Kaikki heid\u00e4n hierontansa ovat eritt\u00e4in maukkaita, MUTTA t\u00e4m\u00e4 on ns. &#8221;all in one&#8221; rub, eli laita se lihaan, \u00e4l\u00e4k\u00e4 nakerra enemp\u00e4\u00e4, eli kaikki ainesosien suhteet ovat heid\u00e4n makunsa mukaisia&#8230;.. mukaan lukien mausteisuus, ole varovainen sen kanssa \ud83d\ude42  <\/p>\n<h3>BBQ Aces kommentti<\/h3>\n<p>Todellinen kylkiluumaku, joka maistuu mausteiselta, mutta on kypsennyksen j\u00e4lkeen makeaa ja mausteisuus v\u00e4istyy.<\/p>\n<h3>Ammattilaisen vinkki<\/h3>\n<p>Kaikki, mik\u00e4 sopii kylkiluihin, sopii my\u00f6s muihin porsaanlihapihveihin&#8230;. , mutta ei v\u00e4ltt\u00e4m\u00e4tt\u00e4 p\u00e4invastoin. <\/p>\n","protected":false},"excerpt":{"rendered":"<p>Tuottaja: Roosters Competition BBQ<\/p>\n<p>Paino: 328g<\/p>\n<p>Ainesosat: <span class=\"Y2IQFc\" lang=\"et\">sokeri, suola, ruskea sokeri, paprika, mausteet, mukaan lukien chilipippuri, sipuli, valkosipuli ja enint\u00e4\u00e4n 2 % trikalsiumfosfaattia paakkuuntumisen est\u00e4miseksi.<\/span><\/p>\n","protected":false},"featured_media":6555,"comment_status":"open","ping_status":"closed","template":"","meta":[],"product_brand":[],"product_cat":[802],"product_tag":[789],"class_list":{"0":"post-22568","1":"product","2":"type-product","3":"status-publish","4":"has-post-thumbnail","6":"product_cat-sekoitukset","7":"product_tag-sika","9":"first","10":"outofstock","11":"taxable","12":"shipping-taxable","13":"purchasable","14":"product-type-simple"},"yoast_head":"<!-- This site is optimized with the Yoast SEO plugin v27.4 - https:\/\/yoast.com\/product\/yoast-seo-wordpress\/ -->\n<title>Roosters Championship Rib Rub - 328g -% BBQ \u00c4ssad%<\/title>\n<meta name=\"description\" content=\"Roosters Championship Rib Rub on aromiaine, joka sis\u00e4lt\u00e4\u00e4 sokeria, suolaa, paprikaa ja mausteita. Ihanteellinen ribseille ja sianlihalle. Paino: 328 g.\" \/>\n<meta name=\"robots\" content=\"index, follow, max-snippet:-1, max-image-preview:large, max-video-preview:-1\" \/>\n<link rel=\"canonical\" href=\"https:\/\/bbqassad.ee\/fi\/toode\/roosters-championship-rib-rub-2\/\" \/>\n<meta property=\"og:locale\" content=\"fi_FI\" \/>\n<meta property=\"og:type\" content=\"article\" \/>\n<meta property=\"og:title\" content=\"Roosters Championship Rib Rub - 328g -% BBQ \u00c4ssad%\" \/>\n<meta property=\"og:description\" content=\"Roosters Championship Rib Rub on aromiaine, joka sis\u00e4lt\u00e4\u00e4 sokeria, suolaa, paprikaa ja mausteita. Ihanteellinen ribseille ja sianlihalle. Paino: 328 g.\" \/>\n<meta property=\"og:url\" content=\"https:\/\/bbqassad.ee\/fi\/toode\/roosters-championship-rib-rub-2\/\" \/>\n<meta property=\"og:site_name\" content=\"BBQ \u00c4ssad\" \/>\n<meta property=\"article:publisher\" content=\"https:\/\/www.facebook.com\/bbqassad\" \/>\n<meta property=\"article:modified_time\" content=\"2026-04-14T06:33:01+00:00\" \/>\n<meta property=\"og:image\" content=\"https:\/\/bbqassad.ee\/wp-content\/uploads\/2025\/02\/Nimetu-kujundus-50.png\" \/>\n<meta name=\"twitter:card\" content=\"summary_large_image\" \/>\n<meta name=\"twitter:title\" content=\"Roosters Championship Rib Rub - 328g -% BBQ \u00c4ssad%\" \/>\n<meta name=\"twitter:description\" content=\"Roosters Championship Rib Rub on aromiaine, joka sis\u00e4lt\u00e4\u00e4 sokeria, suolaa, paprikaa ja mausteita. Ihanteellinen ribseille ja sianlihalle. Paino: 328 g.\" \/>\n<meta name=\"twitter:image\" content=\"https:\/\/bbqassad.ee\/wp-content\/uploads\/2025\/02\/Nimetu-kujundus-50.png\" \/>\n<script type=\"application\/ld+json\" class=\"yoast-schema-graph\">{\"@context\":\"https:\\\/\\\/schema.org\",\"@graph\":[{\"@type\":\"WebPage\",\"@id\":\"https:\\\/\\\/bbqassad.ee\\\/fi\\\/toode\\\/roosters-championship-rib-rub-2\\\/\",\"url\":\"https:\\\/\\\/bbqassad.ee\\\/fi\\\/toode\\\/roosters-championship-rib-rub-2\\\/\",\"name\":\"Roosters Championship Rib Rub - 328g -% BBQ \u00c4ssad%\",\"isPartOf\":{\"@id\":\"https:\\\/\\\/bbqassad.ee\\\/fi\\\/#website\"},\"primaryImageOfPage\":{\"@id\":\"https:\\\/\\\/bbqassad.ee\\\/fi\\\/toode\\\/roosters-championship-rib-rub-2\\\/#primaryimage\"},\"image\":{\"@id\":\"https:\\\/\\\/bbqassad.ee\\\/fi\\\/toode\\\/roosters-championship-rib-rub-2\\\/#primaryimage\"},\"thumbnailUrl\":\"https:\\\/\\\/bbqassad.ee\\\/wp-content\\\/uploads\\\/2025\\\/02\\\/Nimetu-kujundus-50.png\",\"datePublished\":\"2025-02-26T11:16:35+00:00\",\"dateModified\":\"2026-04-14T06:33:01+00:00\",\"description\":\"Roosters Championship Rib Rub on aromiaine, joka sis\u00e4lt\u00e4\u00e4 sokeria, suolaa, paprikaa ja mausteita. Ihanteellinen ribseille ja sianlihalle. Paino: 328 g.\",\"breadcrumb\":{\"@id\":\"https:\\\/\\\/bbqassad.ee\\\/fi\\\/toode\\\/roosters-championship-rib-rub-2\\\/#breadcrumb\"},\"inLanguage\":\"fi\",\"potentialAction\":[{\"@type\":\"ReadAction\",\"target\":[\"https:\\\/\\\/bbqassad.ee\\\/fi\\\/toode\\\/roosters-championship-rib-rub-2\\\/\"]}]},{\"@type\":\"ImageObject\",\"inLanguage\":\"fi\",\"@id\":\"https:\\\/\\\/bbqassad.ee\\\/fi\\\/toode\\\/roosters-championship-rib-rub-2\\\/#primaryimage\",\"url\":\"https:\\\/\\\/bbqassad.ee\\\/wp-content\\\/uploads\\\/2025\\\/02\\\/Nimetu-kujundus-50.png\",\"contentUrl\":\"https:\\\/\\\/bbqassad.ee\\\/wp-content\\\/uploads\\\/2025\\\/02\\\/Nimetu-kujundus-50.png\",\"width\":1280,\"height\":720},{\"@type\":\"BreadcrumbList\",\"@id\":\"https:\\\/\\\/bbqassad.ee\\\/fi\\\/toode\\\/roosters-championship-rib-rub-2\\\/#breadcrumb\",\"itemListElement\":[{\"@type\":\"ListItem\",\"position\":1,\"name\":\"Home\",\"item\":\"https:\\\/\\\/bbqassad.ee\\\/fi\\\/bbq-assat\\\/\"},{\"@type\":\"ListItem\",\"position\":2,\"name\":\"Verkkokauppa\",\"item\":\"https:\\\/\\\/bbqassad.ee\\\/fi\\\/verkkokauppa\\\/\"},{\"@type\":\"ListItem\",\"position\":3,\"name\":\"Roosters Championship Rib Rub\"}]},{\"@type\":\"WebSite\",\"@id\":\"https:\\\/\\\/bbqassad.ee\\\/fi\\\/#website\",\"url\":\"https:\\\/\\\/bbqassad.ee\\\/fi\\\/\",\"name\":\"BBQ \u00c4ssad\",\"description\":\"BBQ maitseained, kastmed, ahjud\",\"publisher\":{\"@id\":\"https:\\\/\\\/bbqassad.ee\\\/fi\\\/#organization\"},\"potentialAction\":[{\"@type\":\"SearchAction\",\"target\":{\"@type\":\"EntryPoint\",\"urlTemplate\":\"https:\\\/\\\/bbqassad.ee\\\/fi\\\/?s={search_term_string}\"},\"query-input\":{\"@type\":\"PropertyValueSpecification\",\"valueRequired\":true,\"valueName\":\"search_term_string\"}}],\"inLanguage\":\"fi\"},{\"@type\":\"Organization\",\"@id\":\"https:\\\/\\\/bbqassad.ee\\\/fi\\\/#organization\",\"name\":\"BBQ \u00c4ssad\",\"url\":\"https:\\\/\\\/bbqassad.ee\\\/fi\\\/\",\"logo\":{\"@type\":\"ImageObject\",\"inLanguage\":\"fi\",\"@id\":\"https:\\\/\\\/bbqassad.ee\\\/fi\\\/#\\\/schema\\\/logo\\\/image\\\/\",\"url\":\"https:\\\/\\\/bbqassad.ee\\\/wp-content\\\/uploads\\\/2022\\\/10\\\/BBQ-2ssadlogo.png\",\"contentUrl\":\"https:\\\/\\\/bbqassad.ee\\\/wp-content\\\/uploads\\\/2022\\\/10\\\/BBQ-2ssadlogo.png\",\"width\":1080,\"height\":1080,\"caption\":\"BBQ \u00c4ssad\"},\"image\":{\"@id\":\"https:\\\/\\\/bbqassad.ee\\\/fi\\\/#\\\/schema\\\/logo\\\/image\\\/\"},\"sameAs\":[\"https:\\\/\\\/www.facebook.com\\\/bbqassad\",\"https:\\\/\\\/www.youtube.com\\\/channel\\\/UCsoufn49J6TVi9Ah9meE93w\"]}]}<\/script>\n<!-- \/ Yoast SEO plugin. -->","yoast_head_json":{"title":"Roosters Championship Rib Rub - 328g -% BBQ \u00c4ssad%","description":"Roosters Championship Rib Rub on aromiaine, joka sis\u00e4lt\u00e4\u00e4 sokeria, suolaa, paprikaa ja mausteita. Ihanteellinen ribseille ja sianlihalle. Paino: 328 g.","robots":{"index":"index","follow":"follow","max-snippet":"max-snippet:-1","max-image-preview":"max-image-preview:large","max-video-preview":"max-video-preview:-1"},"canonical":"https:\/\/bbqassad.ee\/fi\/toode\/roosters-championship-rib-rub-2\/","og_locale":"fi_FI","og_type":"article","og_title":"Roosters Championship Rib Rub - 328g -% BBQ \u00c4ssad%","og_description":"Roosters Championship Rib Rub on aromiaine, joka sis\u00e4lt\u00e4\u00e4 sokeria, suolaa, paprikaa ja mausteita. Ihanteellinen ribseille ja sianlihalle. Paino: 328 g.","og_url":"https:\/\/bbqassad.ee\/fi\/toode\/roosters-championship-rib-rub-2\/","og_site_name":"BBQ \u00c4ssad","article_publisher":"https:\/\/www.facebook.com\/bbqassad","article_modified_time":"2026-04-14T06:33:01+00:00","og_image":[{"url":"https:\/\/bbqassad.ee\/wp-content\/uploads\/2025\/02\/Nimetu-kujundus-50.png","type":"","width":"","height":""}],"twitter_card":"summary_large_image","twitter_title":"Roosters Championship Rib Rub - 328g -% BBQ \u00c4ssad%","twitter_description":"Roosters Championship Rib Rub on aromiaine, joka sis\u00e4lt\u00e4\u00e4 sokeria, suolaa, paprikaa ja mausteita. Ihanteellinen ribseille ja sianlihalle. Paino: 328 g.","twitter_image":"https:\/\/bbqassad.ee\/wp-content\/uploads\/2025\/02\/Nimetu-kujundus-50.png","schema":{"@context":"https:\/\/schema.org","@graph":[{"@type":"WebPage","@id":"https:\/\/bbqassad.ee\/fi\/toode\/roosters-championship-rib-rub-2\/","url":"https:\/\/bbqassad.ee\/fi\/toode\/roosters-championship-rib-rub-2\/","name":"Roosters Championship Rib Rub - 328g -% BBQ \u00c4ssad%","isPartOf":{"@id":"https:\/\/bbqassad.ee\/fi\/#website"},"primaryImageOfPage":{"@id":"https:\/\/bbqassad.ee\/fi\/toode\/roosters-championship-rib-rub-2\/#primaryimage"},"image":{"@id":"https:\/\/bbqassad.ee\/fi\/toode\/roosters-championship-rib-rub-2\/#primaryimage"},"thumbnailUrl":"https:\/\/bbqassad.ee\/wp-content\/uploads\/2025\/02\/Nimetu-kujundus-50.png","datePublished":"2025-02-26T11:16:35+00:00","dateModified":"2026-04-14T06:33:01+00:00","description":"Roosters Championship Rib Rub on aromiaine, joka sis\u00e4lt\u00e4\u00e4 sokeria, suolaa, paprikaa ja mausteita. Ihanteellinen ribseille ja sianlihalle. Paino: 328 g.","breadcrumb":{"@id":"https:\/\/bbqassad.ee\/fi\/toode\/roosters-championship-rib-rub-2\/#breadcrumb"},"inLanguage":"fi","potentialAction":[{"@type":"ReadAction","target":["https:\/\/bbqassad.ee\/fi\/toode\/roosters-championship-rib-rub-2\/"]}]},{"@type":"ImageObject","inLanguage":"fi","@id":"https:\/\/bbqassad.ee\/fi\/toode\/roosters-championship-rib-rub-2\/#primaryimage","url":"https:\/\/bbqassad.ee\/wp-content\/uploads\/2025\/02\/Nimetu-kujundus-50.png","contentUrl":"https:\/\/bbqassad.ee\/wp-content\/uploads\/2025\/02\/Nimetu-kujundus-50.png","width":1280,"height":720},{"@type":"BreadcrumbList","@id":"https:\/\/bbqassad.ee\/fi\/toode\/roosters-championship-rib-rub-2\/#breadcrumb","itemListElement":[{"@type":"ListItem","position":1,"name":"Home","item":"https:\/\/bbqassad.ee\/fi\/bbq-assat\/"},{"@type":"ListItem","position":2,"name":"Verkkokauppa","item":"https:\/\/bbqassad.ee\/fi\/verkkokauppa\/"},{"@type":"ListItem","position":3,"name":"Roosters Championship Rib Rub"}]},{"@type":"WebSite","@id":"https:\/\/bbqassad.ee\/fi\/#website","url":"https:\/\/bbqassad.ee\/fi\/","name":"BBQ \u00c4ssad","description":"BBQ maitseained, kastmed, ahjud","publisher":{"@id":"https:\/\/bbqassad.ee\/fi\/#organization"},"potentialAction":[{"@type":"SearchAction","target":{"@type":"EntryPoint","urlTemplate":"https:\/\/bbqassad.ee\/fi\/?s={search_term_string}"},"query-input":{"@type":"PropertyValueSpecification","valueRequired":true,"valueName":"search_term_string"}}],"inLanguage":"fi"},{"@type":"Organization","@id":"https:\/\/bbqassad.ee\/fi\/#organization","name":"BBQ \u00c4ssad","url":"https:\/\/bbqassad.ee\/fi\/","logo":{"@type":"ImageObject","inLanguage":"fi","@id":"https:\/\/bbqassad.ee\/fi\/#\/schema\/logo\/image\/","url":"https:\/\/bbqassad.ee\/wp-content\/uploads\/2022\/10\/BBQ-2ssadlogo.png","contentUrl":"https:\/\/bbqassad.ee\/wp-content\/uploads\/2022\/10\/BBQ-2ssadlogo.png","width":1080,"height":1080,"caption":"BBQ \u00c4ssad"},"image":{"@id":"https:\/\/bbqassad.ee\/fi\/#\/schema\/logo\/image\/"},"sameAs":["https:\/\/www.facebook.com\/bbqassad","https:\/\/www.youtube.com\/channel\/UCsoufn49J6TVi9Ah9meE93w"]}]}},"_links":{"self":[{"href":"https:\/\/bbqassad.ee\/fi\/wp-json\/wp\/v2\/product\/22568","targetHints":{"allow":["GET"]}}],"collection":[{"href":"https:\/\/bbqassad.ee\/fi\/wp-json\/wp\/v2\/product"}],"about":[{"href":"https:\/\/bbqassad.ee\/fi\/wp-json\/wp\/v2\/types\/product"}],"replies":[{"embeddable":true,"href":"https:\/\/bbqassad.ee\/fi\/wp-json\/wp\/v2\/comments?post=22568"}],"wp:featuredmedia":[{"embeddable":true,"href":"https:\/\/bbqassad.ee\/fi\/wp-json\/wp\/v2\/media\/6555"}],"wp:attachment":[{"href":"https:\/\/bbqassad.ee\/fi\/wp-json\/wp\/v2\/media?parent=22568"}],"wp:term":[{"taxonomy":"product_brand","embeddable":true,"href":"https:\/\/bbqassad.ee\/fi\/wp-json\/wp\/v2\/product_brand?post=22568"},{"taxonomy":"product_cat","embeddable":true,"href":"https:\/\/bbqassad.ee\/fi\/wp-json\/wp\/v2\/product_cat?post=22568"},{"taxonomy":"product_tag","embeddable":true,"href":"https:\/\/bbqassad.ee\/fi\/wp-json\/wp\/v2\/product_tag?post=22568"}],"curies":[{"name":"wp","href":"https:\/\/api.w.org\/{rel}","templated":true}]}}