{"id":22566,"date":"2025-03-19T11:19:02","date_gmt":"2025-03-19T11:19:02","guid":{"rendered":"https:\/\/bbqassad.ee\/toode\/mausteseos-killer-hogs-steak-rub\/"},"modified":"2026-04-14T06:33:00","modified_gmt":"2026-04-14T06:33:00","slug":"mausteseos-killer-hogs-steak-rub","status":"publish","type":"product","link":"https:\/\/bbqassad.ee\/fi\/toode\/mausteseos-killer-hogs-steak-rub\/","title":{"rendered":"Killer Hogs Steak Rub -mausteseos"},"content":{"rendered":"<h2>Mausteseos Killer Hogs Steak Rub<\/h2>\n<p>Tunnetko Malcolm Reedin? H\u00e4n on luultavasti Youtuben kuuluisin grillaaja. H\u00e4n kuuluu Killer Hogs BBQ -ryhm\u00e4\u00e4n. Killer Hogs on valmistanut erilaisia mausteseoksia jo hyvin pitk\u00e4\u00e4n, ja viel\u00e4 t\u00e4n\u00e4kin p\u00e4iv\u00e4n\u00e4 ne ovat monien joukkueiden perusruokaa. Heid\u00e4n maustesekoituksiaan pidet\u00e4\u00e4n hyvin<br \/>\nhyvin\u00e4 perussekoituksina ja Steak on eritt\u00e4in hyv\u00e4 pihvien tekoon tarkoitettu rub.    <\/p>\n<h2>BBQ Aces kommentti<\/h2>\n<p>Se on superhyv\u00e4 sekoitus muhennosta, jossa on hieman sitrushedelmien vivahteita taustalla.<\/p>\n<h2>Ammattilaisen vinkki<\/h2>\n<p>Tikkusekoitus ei tarkoita, ett\u00e4 voit k\u00e4ytt\u00e4\u00e4 sit\u00e4 vain pihveihin, vaan voit k\u00e4ytt\u00e4\u00e4 sit\u00e4 miss\u00e4 tahansa.<\/p>\n","protected":false},"excerpt":{"rendered":"<p>Mausteseos Killer Hogs Steak Rub Tunnetko Malcolm Reedin? H\u00e4n on luultavasti Youtuben kuuluisin grillaaja. H\u00e4n kuuluu Killer Hogs BBQ -ryhm\u00e4\u00e4n. Killer Hogs on valmistanut erilaisia mausteseoksia jo hyvin pitk\u00e4\u00e4n, ja viel\u00e4 t\u00e4n\u00e4kin p\u00e4iv\u00e4n\u00e4 ne ovat monien joukkueiden perusruokaa. Heid\u00e4n maustesekoituksiaan pidet\u00e4\u00e4n hyvin hyvin\u00e4 perussekoituksina ja Steak on eritt\u00e4in hyv\u00e4 pihvien tekoon tarkoitettu rub. BBQ Aces [&#8230;]\n","protected":false},"featured_media":22567,"comment_status":"open","ping_status":"closed","template":"","meta":[],"product_brand":[],"product_cat":[802],"product_tag":[],"class_list":{"0":"post-22566","1":"product","2":"type-product","3":"status-publish","4":"has-post-thumbnail","6":"product_cat-sekoitukset","8":"first","9":"instock","10":"taxable","11":"shipping-taxable","12":"purchasable","13":"product-type-simple"},"yoast_head":"<!-- This site is optimized with the Yoast SEO plugin v27.4 - https:\/\/yoast.com\/product\/yoast-seo-wordpress\/ -->\n<title>Killer Hogs Steak Rub -mausteseos - BBQ \u00c4ssad<\/title>\n<meta name=\"description\" content=\"Killer Hogs Steak Rub on BBQ-mausteseos pihveille ja naudanlihapaloille. Sopii my\u00f6s hampurilaispihveille ja grillatulle lihalle.\" \/>\n<meta name=\"robots\" content=\"index, follow, max-snippet:-1, max-image-preview:large, max-video-preview:-1\" \/>\n<link rel=\"canonical\" href=\"https:\/\/bbqassad.ee\/fi\/toode\/mausteseos-killer-hogs-steak-rub\/\" \/>\n<meta property=\"og:locale\" content=\"fi_FI\" \/>\n<meta property=\"og:type\" content=\"article\" \/>\n<meta property=\"og:title\" content=\"Mausteseos Killer Hogs Steak Rub\" \/>\n<meta property=\"og:description\" content=\"Killer Hogs Steak Rub on BBQ-mausteseos pihveille ja naudanlihapaloille. Sopii my\u00f6s hampurilaispihveille ja grillatulle lihalle. Tilaa BBQ Hogs verkossa.\" \/>\n<meta property=\"og:url\" content=\"https:\/\/bbqassad.ee\/fi\/toode\/mausteseos-killer-hogs-steak-rub\/\" \/>\n<meta property=\"og:site_name\" content=\"BBQ \u00c4ssad\" \/>\n<meta property=\"article:publisher\" content=\"https:\/\/www.facebook.com\/bbqassad\" \/>\n<meta property=\"article:modified_time\" content=\"2026-04-14T06:33:00+00:00\" \/>\n<meta property=\"og:image\" content=\"https:\/\/bbqassad.ee\/wp-content\/uploads\/2025\/03\/file_e706649c-f50d-4f0e-973c-be6e213c6153.jpg-240x300.webp\" \/>\n<meta name=\"twitter:card\" content=\"summary_large_image\" \/>\n<script type=\"application\/ld+json\" class=\"yoast-schema-graph\">{\"@context\":\"https:\\\/\\\/schema.org\",\"@graph\":[{\"@type\":\"WebPage\",\"@id\":\"https:\\\/\\\/bbqassad.ee\\\/fi\\\/toode\\\/mausteseos-killer-hogs-steak-rub\\\/\",\"url\":\"https:\\\/\\\/bbqassad.ee\\\/fi\\\/toode\\\/mausteseos-killer-hogs-steak-rub\\\/\",\"name\":\"Killer Hogs Steak Rub -mausteseos - BBQ \u00c4ssad\",\"isPartOf\":{\"@id\":\"https:\\\/\\\/bbqassad.ee\\\/fi\\\/#website\"},\"primaryImageOfPage\":{\"@id\":\"https:\\\/\\\/bbqassad.ee\\\/fi\\\/toode\\\/mausteseos-killer-hogs-steak-rub\\\/#primaryimage\"},\"image\":{\"@id\":\"https:\\\/\\\/bbqassad.ee\\\/fi\\\/toode\\\/mausteseos-killer-hogs-steak-rub\\\/#primaryimage\"},\"thumbnailUrl\":\"https:\\\/\\\/bbqassad.ee\\\/wp-content\\\/uploads\\\/2025\\\/03\\\/file_e706649c-f50d-4f0e-973c-be6e213c6153.jpg.webp\",\"datePublished\":\"2025-03-19T11:19:02+00:00\",\"dateModified\":\"2026-04-14T06:33:00+00:00\",\"description\":\"Killer Hogs Steak Rub on BBQ-mausteseos pihveille ja naudanlihapaloille. Sopii my\u00f6s hampurilaispihveille ja grillatulle lihalle.\",\"breadcrumb\":{\"@id\":\"https:\\\/\\\/bbqassad.ee\\\/fi\\\/toode\\\/mausteseos-killer-hogs-steak-rub\\\/#breadcrumb\"},\"inLanguage\":\"fi\",\"potentialAction\":[{\"@type\":\"ReadAction\",\"target\":[\"https:\\\/\\\/bbqassad.ee\\\/fi\\\/toode\\\/mausteseos-killer-hogs-steak-rub\\\/\"]}]},{\"@type\":\"ImageObject\",\"inLanguage\":\"fi\",\"@id\":\"https:\\\/\\\/bbqassad.ee\\\/fi\\\/toode\\\/mausteseos-killer-hogs-steak-rub\\\/#primaryimage\",\"url\":\"https:\\\/\\\/bbqassad.ee\\\/wp-content\\\/uploads\\\/2025\\\/03\\\/file_e706649c-f50d-4f0e-973c-be6e213c6153.jpg.webp\",\"contentUrl\":\"https:\\\/\\\/bbqassad.ee\\\/wp-content\\\/uploads\\\/2025\\\/03\\\/file_e706649c-f50d-4f0e-973c-be6e213c6153.jpg.webp\",\"width\":1024,\"height\":1280,\"caption\":\"Maitseainesegu Killer Hogs Steak Rub\"},{\"@type\":\"BreadcrumbList\",\"@id\":\"https:\\\/\\\/bbqassad.ee\\\/fi\\\/toode\\\/mausteseos-killer-hogs-steak-rub\\\/#breadcrumb\",\"itemListElement\":[{\"@type\":\"ListItem\",\"position\":1,\"name\":\"Home\",\"item\":\"https:\\\/\\\/bbqassad.ee\\\/fi\\\/bbq-assat\\\/\"},{\"@type\":\"ListItem\",\"position\":2,\"name\":\"Verkkokauppa\",\"item\":\"https:\\\/\\\/bbqassad.ee\\\/fi\\\/verkkokauppa\\\/\"},{\"@type\":\"ListItem\",\"position\":3,\"name\":\"Killer Hogs Steak Rub -mausteseos\"}]},{\"@type\":\"WebSite\",\"@id\":\"https:\\\/\\\/bbqassad.ee\\\/fi\\\/#website\",\"url\":\"https:\\\/\\\/bbqassad.ee\\\/fi\\\/\",\"name\":\"BBQ \u00c4ssad\",\"description\":\"BBQ maitseained, kastmed, ahjud\",\"publisher\":{\"@id\":\"https:\\\/\\\/bbqassad.ee\\\/fi\\\/#organization\"},\"potentialAction\":[{\"@type\":\"SearchAction\",\"target\":{\"@type\":\"EntryPoint\",\"urlTemplate\":\"https:\\\/\\\/bbqassad.ee\\\/fi\\\/?s={search_term_string}\"},\"query-input\":{\"@type\":\"PropertyValueSpecification\",\"valueRequired\":true,\"valueName\":\"search_term_string\"}}],\"inLanguage\":\"fi\"},{\"@type\":\"Organization\",\"@id\":\"https:\\\/\\\/bbqassad.ee\\\/fi\\\/#organization\",\"name\":\"BBQ \u00c4ssad\",\"url\":\"https:\\\/\\\/bbqassad.ee\\\/fi\\\/\",\"logo\":{\"@type\":\"ImageObject\",\"inLanguage\":\"fi\",\"@id\":\"https:\\\/\\\/bbqassad.ee\\\/fi\\\/#\\\/schema\\\/logo\\\/image\\\/\",\"url\":\"https:\\\/\\\/bbqassad.ee\\\/wp-content\\\/uploads\\\/2022\\\/10\\\/BBQ-2ssadlogo.png\",\"contentUrl\":\"https:\\\/\\\/bbqassad.ee\\\/wp-content\\\/uploads\\\/2022\\\/10\\\/BBQ-2ssadlogo.png\",\"width\":1080,\"height\":1080,\"caption\":\"BBQ \u00c4ssad\"},\"image\":{\"@id\":\"https:\\\/\\\/bbqassad.ee\\\/fi\\\/#\\\/schema\\\/logo\\\/image\\\/\"},\"sameAs\":[\"https:\\\/\\\/www.facebook.com\\\/bbqassad\",\"https:\\\/\\\/www.youtube.com\\\/channel\\\/UCsoufn49J6TVi9Ah9meE93w\"]}]}<\/script>\n<!-- \/ Yoast SEO plugin. -->","yoast_head_json":{"title":"Killer Hogs Steak Rub -mausteseos - BBQ \u00c4ssad","description":"Killer Hogs Steak Rub on BBQ-mausteseos pihveille ja naudanlihapaloille. Sopii my\u00f6s hampurilaispihveille ja grillatulle lihalle.","robots":{"index":"index","follow":"follow","max-snippet":"max-snippet:-1","max-image-preview":"max-image-preview:large","max-video-preview":"max-video-preview:-1"},"canonical":"https:\/\/bbqassad.ee\/fi\/toode\/mausteseos-killer-hogs-steak-rub\/","og_locale":"fi_FI","og_type":"article","og_title":"Mausteseos Killer Hogs Steak Rub","og_description":"Killer Hogs Steak Rub on BBQ-mausteseos pihveille ja naudanlihapaloille. Sopii my\u00f6s hampurilaispihveille ja grillatulle lihalle. Tilaa BBQ Hogs verkossa.","og_url":"https:\/\/bbqassad.ee\/fi\/toode\/mausteseos-killer-hogs-steak-rub\/","og_site_name":"BBQ \u00c4ssad","article_publisher":"https:\/\/www.facebook.com\/bbqassad","article_modified_time":"2026-04-14T06:33:00+00:00","og_image":[{"url":"https:\/\/bbqassad.ee\/wp-content\/uploads\/2025\/03\/file_e706649c-f50d-4f0e-973c-be6e213c6153.jpg-240x300.webp","type":"","width":"","height":""}],"twitter_card":"summary_large_image","schema":{"@context":"https:\/\/schema.org","@graph":[{"@type":"WebPage","@id":"https:\/\/bbqassad.ee\/fi\/toode\/mausteseos-killer-hogs-steak-rub\/","url":"https:\/\/bbqassad.ee\/fi\/toode\/mausteseos-killer-hogs-steak-rub\/","name":"Killer Hogs Steak Rub -mausteseos - BBQ \u00c4ssad","isPartOf":{"@id":"https:\/\/bbqassad.ee\/fi\/#website"},"primaryImageOfPage":{"@id":"https:\/\/bbqassad.ee\/fi\/toode\/mausteseos-killer-hogs-steak-rub\/#primaryimage"},"image":{"@id":"https:\/\/bbqassad.ee\/fi\/toode\/mausteseos-killer-hogs-steak-rub\/#primaryimage"},"thumbnailUrl":"https:\/\/bbqassad.ee\/wp-content\/uploads\/2025\/03\/file_e706649c-f50d-4f0e-973c-be6e213c6153.jpg.webp","datePublished":"2025-03-19T11:19:02+00:00","dateModified":"2026-04-14T06:33:00+00:00","description":"Killer Hogs Steak Rub on BBQ-mausteseos pihveille ja naudanlihapaloille. Sopii my\u00f6s hampurilaispihveille ja grillatulle lihalle.","breadcrumb":{"@id":"https:\/\/bbqassad.ee\/fi\/toode\/mausteseos-killer-hogs-steak-rub\/#breadcrumb"},"inLanguage":"fi","potentialAction":[{"@type":"ReadAction","target":["https:\/\/bbqassad.ee\/fi\/toode\/mausteseos-killer-hogs-steak-rub\/"]}]},{"@type":"ImageObject","inLanguage":"fi","@id":"https:\/\/bbqassad.ee\/fi\/toode\/mausteseos-killer-hogs-steak-rub\/#primaryimage","url":"https:\/\/bbqassad.ee\/wp-content\/uploads\/2025\/03\/file_e706649c-f50d-4f0e-973c-be6e213c6153.jpg.webp","contentUrl":"https:\/\/bbqassad.ee\/wp-content\/uploads\/2025\/03\/file_e706649c-f50d-4f0e-973c-be6e213c6153.jpg.webp","width":1024,"height":1280,"caption":"Maitseainesegu Killer Hogs Steak Rub"},{"@type":"BreadcrumbList","@id":"https:\/\/bbqassad.ee\/fi\/toode\/mausteseos-killer-hogs-steak-rub\/#breadcrumb","itemListElement":[{"@type":"ListItem","position":1,"name":"Home","item":"https:\/\/bbqassad.ee\/fi\/bbq-assat\/"},{"@type":"ListItem","position":2,"name":"Verkkokauppa","item":"https:\/\/bbqassad.ee\/fi\/verkkokauppa\/"},{"@type":"ListItem","position":3,"name":"Killer Hogs Steak Rub -mausteseos"}]},{"@type":"WebSite","@id":"https:\/\/bbqassad.ee\/fi\/#website","url":"https:\/\/bbqassad.ee\/fi\/","name":"BBQ \u00c4ssad","description":"BBQ maitseained, kastmed, ahjud","publisher":{"@id":"https:\/\/bbqassad.ee\/fi\/#organization"},"potentialAction":[{"@type":"SearchAction","target":{"@type":"EntryPoint","urlTemplate":"https:\/\/bbqassad.ee\/fi\/?s={search_term_string}"},"query-input":{"@type":"PropertyValueSpecification","valueRequired":true,"valueName":"search_term_string"}}],"inLanguage":"fi"},{"@type":"Organization","@id":"https:\/\/bbqassad.ee\/fi\/#organization","name":"BBQ \u00c4ssad","url":"https:\/\/bbqassad.ee\/fi\/","logo":{"@type":"ImageObject","inLanguage":"fi","@id":"https:\/\/bbqassad.ee\/fi\/#\/schema\/logo\/image\/","url":"https:\/\/bbqassad.ee\/wp-content\/uploads\/2022\/10\/BBQ-2ssadlogo.png","contentUrl":"https:\/\/bbqassad.ee\/wp-content\/uploads\/2022\/10\/BBQ-2ssadlogo.png","width":1080,"height":1080,"caption":"BBQ \u00c4ssad"},"image":{"@id":"https:\/\/bbqassad.ee\/fi\/#\/schema\/logo\/image\/"},"sameAs":["https:\/\/www.facebook.com\/bbqassad","https:\/\/www.youtube.com\/channel\/UCsoufn49J6TVi9Ah9meE93w"]}]}},"_links":{"self":[{"href":"https:\/\/bbqassad.ee\/fi\/wp-json\/wp\/v2\/product\/22566","targetHints":{"allow":["GET"]}}],"collection":[{"href":"https:\/\/bbqassad.ee\/fi\/wp-json\/wp\/v2\/product"}],"about":[{"href":"https:\/\/bbqassad.ee\/fi\/wp-json\/wp\/v2\/types\/product"}],"replies":[{"embeddable":true,"href":"https:\/\/bbqassad.ee\/fi\/wp-json\/wp\/v2\/comments?post=22566"}],"wp:featuredmedia":[{"embeddable":true,"href":"https:\/\/bbqassad.ee\/fi\/wp-json\/wp\/v2\/media\/22567"}],"wp:attachment":[{"href":"https:\/\/bbqassad.ee\/fi\/wp-json\/wp\/v2\/media?parent=22566"}],"wp:term":[{"taxonomy":"product_brand","embeddable":true,"href":"https:\/\/bbqassad.ee\/fi\/wp-json\/wp\/v2\/product_brand?post=22566"},{"taxonomy":"product_cat","embeddable":true,"href":"https:\/\/bbqassad.ee\/fi\/wp-json\/wp\/v2\/product_cat?post=22566"},{"taxonomy":"product_tag","embeddable":true,"href":"https:\/\/bbqassad.ee\/fi\/wp-json\/wp\/v2\/product_tag?post=22566"}],"curies":[{"name":"wp","href":"https:\/\/api.w.org\/{rel}","templated":true}]}}