{"id":22564,"date":"2025-03-19T11:25:04","date_gmt":"2025-03-19T11:25:04","guid":{"rendered":"https:\/\/bbqassad.ee\/toode\/mausteseos-liha-kirkko-merenelavat\/"},"modified":"2026-04-14T06:33:00","modified_gmt":"2026-04-14T06:33:00","slug":"mausteseos-liha-kirkko-merenelavat","status":"publish","type":"product","link":"https:\/\/bbqassad.ee\/fi\/toode\/mausteseos-liha-kirkko-merenelavat\/","title":{"rendered":"Meat Church The Gospel Seafood -mausteseos"},"content":{"rendered":"<h2>Liha Kirkko \u00e4yri\u00e4iset<\/h2>\n<p>Lihakirkkomausteet ovat osoittautuneet Virossa varsin suosituiksi, ja hyv\u00e4st\u00e4 syyst\u00e4, sill\u00e4 ne ovat yksinkertaisesti todella hyvi\u00e4. Meat Church on my\u00f6s eritt\u00e4in suosittu Youtubessa ja n\u00e4ytt\u00e4\u00e4 jatkuvasti uusia reseptej\u00e4 ja tukee niit\u00e4 laadukkailla mausteillaan. L\u00f6yd\u00e4t varmasti my\u00f6s Matin videoita siit\u00e4, miten niit\u00e4 k\u00e4ytet\u00e4\u00e4n.  <\/p>\n<h3>BBQ Aces kommentti<\/h3>\n<p>Hyv\u00e4 \u00e4yri\u00e4ishieronta, jossa on vahva mausteinen tausta.<\/p>\n<h3>Ammattilaisen vinkki<\/h3>\n<p>Ole nyt varovainen mausteisuuden kanssa.<\/p>\n<p>&nbsp;<\/p>\n","protected":false},"excerpt":{"rendered":"<p>Liha Kirkko \u00e4yri\u00e4iset Lihakirkkomausteet ovat osoittautuneet Virossa varsin suosituiksi, ja hyv\u00e4st\u00e4 syyst\u00e4, sill\u00e4 ne ovat yksinkertaisesti todella hyvi\u00e4. Meat Church on my\u00f6s eritt\u00e4in suosittu Youtubessa ja n\u00e4ytt\u00e4\u00e4 jatkuvasti uusia reseptej\u00e4 ja tukee niit\u00e4 laadukkailla mausteillaan. L\u00f6yd\u00e4t varmasti my\u00f6s Matin videoita siit\u00e4, miten niit\u00e4 k\u00e4ytet\u00e4\u00e4n. BBQ Aces kommentti Hyv\u00e4 \u00e4yri\u00e4ishieronta, jossa on vahva mausteinen tausta. Ammattilaisen [&#8230;]\n","protected":false},"featured_media":22565,"comment_status":"open","ping_status":"closed","template":"","meta":[],"product_brand":[],"product_cat":[802],"product_tag":[],"class_list":{"0":"post-22564","1":"product","2":"type-product","3":"status-publish","4":"has-post-thumbnail","6":"product_cat-sekoitukset","8":"first","9":"outofstock","10":"taxable","11":"shipping-taxable","12":"purchasable","13":"product-type-simple"},"yoast_head":"<!-- This site is optimized with the Yoast SEO plugin v27.4 - https:\/\/yoast.com\/product\/yoast-seo-wordpress\/ -->\n<title>Mausteseos Liha Kirkko Merenel\u00e4v\u00e4t - BBQ \u00c4ssad%<\/title>\n<meta name=\"description\" content=\"Meat Church Seafood on ihanteellinen mausteseos erilaisiin merenel\u00e4vi\u00e4 sis\u00e4lt\u00e4viin ruokiin. Lis\u00e4\u00e4 makua ja aromia ruokiin.\" \/>\n<meta name=\"robots\" content=\"index, follow, max-snippet:-1, max-image-preview:large, max-video-preview:-1\" \/>\n<link rel=\"canonical\" href=\"https:\/\/bbqassad.ee\/fi\/toode\/mausteseos-liha-kirkko-merenelavat\/\" \/>\n<meta property=\"og:locale\" content=\"fi_FI\" \/>\n<meta property=\"og:type\" content=\"article\" \/>\n<meta property=\"og:title\" content=\"Mausteseos Liha Kirkko Merenel\u00e4v\u00e4t - BBQ \u00c4ssad%\" \/>\n<meta property=\"og:description\" content=\"Meat Church Seafood on ihanteellinen mausteseos erilaisiin merenel\u00e4vi\u00e4 sis\u00e4lt\u00e4viin ruokiin. Lis\u00e4\u00e4 makua ja aromia ruokiin.\" \/>\n<meta property=\"og:url\" content=\"https:\/\/bbqassad.ee\/fi\/toode\/mausteseos-liha-kirkko-merenelavat\/\" \/>\n<meta property=\"og:site_name\" content=\"BBQ \u00c4ssad\" \/>\n<meta property=\"article:publisher\" content=\"https:\/\/www.facebook.com\/bbqassad\" \/>\n<meta property=\"article:modified_time\" content=\"2026-04-14T06:33:00+00:00\" \/>\n<meta property=\"og:image\" content=\"https:\/\/bbqassad.ee\/wp-content\/uploads\/2025\/03\/file_0e73fcc3-ec2d-4809-9b72-68950d80262d.png.webp\" \/>\n<meta name=\"twitter:card\" content=\"summary_large_image\" \/>\n<meta name=\"twitter:title\" content=\"Mausteseos Liha Kirkko Merenel\u00e4v\u00e4t - BBQ \u00c4ssad%\" \/>\n<meta name=\"twitter:description\" content=\"Meat Church Seafood on ihanteellinen mausteseos erilaisiin merenel\u00e4vi\u00e4 sis\u00e4lt\u00e4viin ruokiin. Lis\u00e4\u00e4 makua ja aromia ruokiin.\" \/>\n<meta name=\"twitter:image\" content=\"https:\/\/bbqassad.ee\/wp-content\/uploads\/2025\/03\/file_0e73fcc3-ec2d-4809-9b72-68950d80262d.png.webp\" \/>\n<script type=\"application\/ld+json\" class=\"yoast-schema-graph\">{\"@context\":\"https:\\\/\\\/schema.org\",\"@graph\":[{\"@type\":\"WebPage\",\"@id\":\"https:\\\/\\\/bbqassad.ee\\\/fi\\\/toode\\\/mausteseos-liha-kirkko-merenelavat\\\/\",\"url\":\"https:\\\/\\\/bbqassad.ee\\\/fi\\\/toode\\\/mausteseos-liha-kirkko-merenelavat\\\/\",\"name\":\"Mausteseos Liha Kirkko Merenel\u00e4v\u00e4t - BBQ \u00c4ssad%\",\"isPartOf\":{\"@id\":\"https:\\\/\\\/bbqassad.ee\\\/fi\\\/#website\"},\"primaryImageOfPage\":{\"@id\":\"https:\\\/\\\/bbqassad.ee\\\/fi\\\/toode\\\/mausteseos-liha-kirkko-merenelavat\\\/#primaryimage\"},\"image\":{\"@id\":\"https:\\\/\\\/bbqassad.ee\\\/fi\\\/toode\\\/mausteseos-liha-kirkko-merenelavat\\\/#primaryimage\"},\"thumbnailUrl\":\"https:\\\/\\\/bbqassad.ee\\\/wp-content\\\/uploads\\\/2025\\\/03\\\/file_0e73fcc3-ec2d-4809-9b72-68950d80262d.png.webp\",\"datePublished\":\"2025-03-19T11:25:04+00:00\",\"dateModified\":\"2026-04-14T06:33:00+00:00\",\"description\":\"Meat Church Seafood on ihanteellinen mausteseos erilaisiin merenel\u00e4vi\u00e4 sis\u00e4lt\u00e4viin ruokiin. Lis\u00e4\u00e4 makua ja aromia ruokiin.\",\"breadcrumb\":{\"@id\":\"https:\\\/\\\/bbqassad.ee\\\/fi\\\/toode\\\/mausteseos-liha-kirkko-merenelavat\\\/#breadcrumb\"},\"inLanguage\":\"fi\",\"potentialAction\":[{\"@type\":\"ReadAction\",\"target\":[\"https:\\\/\\\/bbqassad.ee\\\/fi\\\/toode\\\/mausteseos-liha-kirkko-merenelavat\\\/\"]}]},{\"@type\":\"ImageObject\",\"inLanguage\":\"fi\",\"@id\":\"https:\\\/\\\/bbqassad.ee\\\/fi\\\/toode\\\/mausteseos-liha-kirkko-merenelavat\\\/#primaryimage\",\"url\":\"https:\\\/\\\/bbqassad.ee\\\/wp-content\\\/uploads\\\/2025\\\/03\\\/file_0e73fcc3-ec2d-4809-9b72-68950d80262d.png.webp\",\"contentUrl\":\"https:\\\/\\\/bbqassad.ee\\\/wp-content\\\/uploads\\\/2025\\\/03\\\/file_0e73fcc3-ec2d-4809-9b72-68950d80262d.png.webp\",\"width\":720,\"height\":700},{\"@type\":\"BreadcrumbList\",\"@id\":\"https:\\\/\\\/bbqassad.ee\\\/fi\\\/toode\\\/mausteseos-liha-kirkko-merenelavat\\\/#breadcrumb\",\"itemListElement\":[{\"@type\":\"ListItem\",\"position\":1,\"name\":\"Home\",\"item\":\"https:\\\/\\\/bbqassad.ee\\\/fi\\\/bbq-assat\\\/\"},{\"@type\":\"ListItem\",\"position\":2,\"name\":\"Verkkokauppa\",\"item\":\"https:\\\/\\\/bbqassad.ee\\\/fi\\\/verkkokauppa\\\/\"},{\"@type\":\"ListItem\",\"position\":3,\"name\":\"Meat Church The Gospel Seafood -mausteseos\"}]},{\"@type\":\"WebSite\",\"@id\":\"https:\\\/\\\/bbqassad.ee\\\/fi\\\/#website\",\"url\":\"https:\\\/\\\/bbqassad.ee\\\/fi\\\/\",\"name\":\"BBQ \u00c4ssad\",\"description\":\"BBQ maitseained, kastmed, ahjud\",\"publisher\":{\"@id\":\"https:\\\/\\\/bbqassad.ee\\\/fi\\\/#organization\"},\"potentialAction\":[{\"@type\":\"SearchAction\",\"target\":{\"@type\":\"EntryPoint\",\"urlTemplate\":\"https:\\\/\\\/bbqassad.ee\\\/fi\\\/?s={search_term_string}\"},\"query-input\":{\"@type\":\"PropertyValueSpecification\",\"valueRequired\":true,\"valueName\":\"search_term_string\"}}],\"inLanguage\":\"fi\"},{\"@type\":\"Organization\",\"@id\":\"https:\\\/\\\/bbqassad.ee\\\/fi\\\/#organization\",\"name\":\"BBQ \u00c4ssad\",\"url\":\"https:\\\/\\\/bbqassad.ee\\\/fi\\\/\",\"logo\":{\"@type\":\"ImageObject\",\"inLanguage\":\"fi\",\"@id\":\"https:\\\/\\\/bbqassad.ee\\\/fi\\\/#\\\/schema\\\/logo\\\/image\\\/\",\"url\":\"https:\\\/\\\/bbqassad.ee\\\/wp-content\\\/uploads\\\/2022\\\/10\\\/BBQ-2ssadlogo.png\",\"contentUrl\":\"https:\\\/\\\/bbqassad.ee\\\/wp-content\\\/uploads\\\/2022\\\/10\\\/BBQ-2ssadlogo.png\",\"width\":1080,\"height\":1080,\"caption\":\"BBQ \u00c4ssad\"},\"image\":{\"@id\":\"https:\\\/\\\/bbqassad.ee\\\/fi\\\/#\\\/schema\\\/logo\\\/image\\\/\"},\"sameAs\":[\"https:\\\/\\\/www.facebook.com\\\/bbqassad\",\"https:\\\/\\\/www.youtube.com\\\/channel\\\/UCsoufn49J6TVi9Ah9meE93w\"]}]}<\/script>\n<!-- \/ Yoast SEO plugin. -->","yoast_head_json":{"title":"Mausteseos Liha Kirkko Merenel\u00e4v\u00e4t - BBQ \u00c4ssad%","description":"Meat Church Seafood on ihanteellinen mausteseos erilaisiin merenel\u00e4vi\u00e4 sis\u00e4lt\u00e4viin ruokiin. Lis\u00e4\u00e4 makua ja aromia ruokiin.","robots":{"index":"index","follow":"follow","max-snippet":"max-snippet:-1","max-image-preview":"max-image-preview:large","max-video-preview":"max-video-preview:-1"},"canonical":"https:\/\/bbqassad.ee\/fi\/toode\/mausteseos-liha-kirkko-merenelavat\/","og_locale":"fi_FI","og_type":"article","og_title":"Mausteseos Liha Kirkko Merenel\u00e4v\u00e4t - BBQ \u00c4ssad%","og_description":"Meat Church Seafood on ihanteellinen mausteseos erilaisiin merenel\u00e4vi\u00e4 sis\u00e4lt\u00e4viin ruokiin. Lis\u00e4\u00e4 makua ja aromia ruokiin.","og_url":"https:\/\/bbqassad.ee\/fi\/toode\/mausteseos-liha-kirkko-merenelavat\/","og_site_name":"BBQ \u00c4ssad","article_publisher":"https:\/\/www.facebook.com\/bbqassad","article_modified_time":"2026-04-14T06:33:00+00:00","og_image":[{"url":"https:\/\/bbqassad.ee\/wp-content\/uploads\/2025\/03\/file_0e73fcc3-ec2d-4809-9b72-68950d80262d.png.webp","type":"","width":"","height":""}],"twitter_card":"summary_large_image","twitter_title":"Mausteseos Liha Kirkko Merenel\u00e4v\u00e4t - BBQ \u00c4ssad%","twitter_description":"Meat Church Seafood on ihanteellinen mausteseos erilaisiin merenel\u00e4vi\u00e4 sis\u00e4lt\u00e4viin ruokiin. Lis\u00e4\u00e4 makua ja aromia ruokiin.","twitter_image":"https:\/\/bbqassad.ee\/wp-content\/uploads\/2025\/03\/file_0e73fcc3-ec2d-4809-9b72-68950d80262d.png.webp","schema":{"@context":"https:\/\/schema.org","@graph":[{"@type":"WebPage","@id":"https:\/\/bbqassad.ee\/fi\/toode\/mausteseos-liha-kirkko-merenelavat\/","url":"https:\/\/bbqassad.ee\/fi\/toode\/mausteseos-liha-kirkko-merenelavat\/","name":"Mausteseos Liha Kirkko Merenel\u00e4v\u00e4t - BBQ \u00c4ssad%","isPartOf":{"@id":"https:\/\/bbqassad.ee\/fi\/#website"},"primaryImageOfPage":{"@id":"https:\/\/bbqassad.ee\/fi\/toode\/mausteseos-liha-kirkko-merenelavat\/#primaryimage"},"image":{"@id":"https:\/\/bbqassad.ee\/fi\/toode\/mausteseos-liha-kirkko-merenelavat\/#primaryimage"},"thumbnailUrl":"https:\/\/bbqassad.ee\/wp-content\/uploads\/2025\/03\/file_0e73fcc3-ec2d-4809-9b72-68950d80262d.png.webp","datePublished":"2025-03-19T11:25:04+00:00","dateModified":"2026-04-14T06:33:00+00:00","description":"Meat Church Seafood on ihanteellinen mausteseos erilaisiin merenel\u00e4vi\u00e4 sis\u00e4lt\u00e4viin ruokiin. Lis\u00e4\u00e4 makua ja aromia ruokiin.","breadcrumb":{"@id":"https:\/\/bbqassad.ee\/fi\/toode\/mausteseos-liha-kirkko-merenelavat\/#breadcrumb"},"inLanguage":"fi","potentialAction":[{"@type":"ReadAction","target":["https:\/\/bbqassad.ee\/fi\/toode\/mausteseos-liha-kirkko-merenelavat\/"]}]},{"@type":"ImageObject","inLanguage":"fi","@id":"https:\/\/bbqassad.ee\/fi\/toode\/mausteseos-liha-kirkko-merenelavat\/#primaryimage","url":"https:\/\/bbqassad.ee\/wp-content\/uploads\/2025\/03\/file_0e73fcc3-ec2d-4809-9b72-68950d80262d.png.webp","contentUrl":"https:\/\/bbqassad.ee\/wp-content\/uploads\/2025\/03\/file_0e73fcc3-ec2d-4809-9b72-68950d80262d.png.webp","width":720,"height":700},{"@type":"BreadcrumbList","@id":"https:\/\/bbqassad.ee\/fi\/toode\/mausteseos-liha-kirkko-merenelavat\/#breadcrumb","itemListElement":[{"@type":"ListItem","position":1,"name":"Home","item":"https:\/\/bbqassad.ee\/fi\/bbq-assat\/"},{"@type":"ListItem","position":2,"name":"Verkkokauppa","item":"https:\/\/bbqassad.ee\/fi\/verkkokauppa\/"},{"@type":"ListItem","position":3,"name":"Meat Church The Gospel Seafood -mausteseos"}]},{"@type":"WebSite","@id":"https:\/\/bbqassad.ee\/fi\/#website","url":"https:\/\/bbqassad.ee\/fi\/","name":"BBQ \u00c4ssad","description":"BBQ maitseained, kastmed, ahjud","publisher":{"@id":"https:\/\/bbqassad.ee\/fi\/#organization"},"potentialAction":[{"@type":"SearchAction","target":{"@type":"EntryPoint","urlTemplate":"https:\/\/bbqassad.ee\/fi\/?s={search_term_string}"},"query-input":{"@type":"PropertyValueSpecification","valueRequired":true,"valueName":"search_term_string"}}],"inLanguage":"fi"},{"@type":"Organization","@id":"https:\/\/bbqassad.ee\/fi\/#organization","name":"BBQ \u00c4ssad","url":"https:\/\/bbqassad.ee\/fi\/","logo":{"@type":"ImageObject","inLanguage":"fi","@id":"https:\/\/bbqassad.ee\/fi\/#\/schema\/logo\/image\/","url":"https:\/\/bbqassad.ee\/wp-content\/uploads\/2022\/10\/BBQ-2ssadlogo.png","contentUrl":"https:\/\/bbqassad.ee\/wp-content\/uploads\/2022\/10\/BBQ-2ssadlogo.png","width":1080,"height":1080,"caption":"BBQ \u00c4ssad"},"image":{"@id":"https:\/\/bbqassad.ee\/fi\/#\/schema\/logo\/image\/"},"sameAs":["https:\/\/www.facebook.com\/bbqassad","https:\/\/www.youtube.com\/channel\/UCsoufn49J6TVi9Ah9meE93w"]}]}},"_links":{"self":[{"href":"https:\/\/bbqassad.ee\/fi\/wp-json\/wp\/v2\/product\/22564","targetHints":{"allow":["GET"]}}],"collection":[{"href":"https:\/\/bbqassad.ee\/fi\/wp-json\/wp\/v2\/product"}],"about":[{"href":"https:\/\/bbqassad.ee\/fi\/wp-json\/wp\/v2\/types\/product"}],"replies":[{"embeddable":true,"href":"https:\/\/bbqassad.ee\/fi\/wp-json\/wp\/v2\/comments?post=22564"}],"wp:featuredmedia":[{"embeddable":true,"href":"https:\/\/bbqassad.ee\/fi\/wp-json\/wp\/v2\/media\/22565"}],"wp:attachment":[{"href":"https:\/\/bbqassad.ee\/fi\/wp-json\/wp\/v2\/media?parent=22564"}],"wp:term":[{"taxonomy":"product_brand","embeddable":true,"href":"https:\/\/bbqassad.ee\/fi\/wp-json\/wp\/v2\/product_brand?post=22564"},{"taxonomy":"product_cat","embeddable":true,"href":"https:\/\/bbqassad.ee\/fi\/wp-json\/wp\/v2\/product_cat?post=22564"},{"taxonomy":"product_tag","embeddable":true,"href":"https:\/\/bbqassad.ee\/fi\/wp-json\/wp\/v2\/product_tag?post=22564"}],"curies":[{"name":"wp","href":"https:\/\/api.w.org\/{rel}","templated":true}]}}