{"id":22563,"date":"2025-03-19T11:31:27","date_gmt":"2025-03-19T11:31:27","guid":{"rendered":"https:\/\/bbqassad.ee\/toode\/caste-etelainen-hollantilainen-alkuperainen\/"},"modified":"2026-04-14T06:33:00","modified_gmt":"2026-04-14T06:33:00","slug":"kastike-etelainen-hollantilainen-alkuperainen","status":"publish","type":"product","link":"https:\/\/bbqassad.ee\/fi\/toode\/kastike-etelainen-hollantilainen-alkuperainen\/","title":{"rendered":"Kastike Etel\u00e4inen hollantilainen Alkuper\u00e4inen"},"content":{"rendered":"<h2>Kastike Etel\u00e4inen hollantilainen Alkuper\u00e4inen<\/h2>\n<p>Etel\u00e4-Hollanti on Euroopan viime vuosien menestynein BBQ-joukkue. He k\u00e4ytt\u00e4v\u00e4t p\u00e4\u00e4asiassa omia mausteita ja ovat myyneet niit\u00e4 muille jo jonkin aikaa. T\u00e4m\u00e4 on heid\u00e4n kilpailukastikkeensa.  <\/p>\n<h2>BBQ Aces kommentti<\/h2>\n<p>Se on todella makea kastike ja sopii hyvin my\u00f6s Blues Hogin kanssa.<\/p>\n<h2>Ammattilaisen vinkki<\/h2>\n<p>Se on makea, mutta notsud tekee siit\u00e4 herkullisen.<\/p>\n","protected":false},"excerpt":{"rendered":"<p>Kastike Etel\u00e4inen hollantilainen Alkuper\u00e4inen Etel\u00e4-Hollanti on Euroopan viime vuosien menestynein BBQ-joukkue. He k\u00e4ytt\u00e4v\u00e4t p\u00e4\u00e4asiassa omia mausteita ja ovat myyneet niit\u00e4 muille jo jonkin aikaa. T\u00e4m\u00e4 on heid\u00e4n kilpailukastikkeensa. BBQ Aces kommentti Se on todella makea kastike ja sopii hyvin my\u00f6s Blues Hogin kanssa. Ammattilaisen vinkki Se on makea, mutta notsud tekee siit\u00e4 herkullisen.<\/p>\n","protected":false},"featured_media":23759,"comment_status":"open","ping_status":"closed","template":"","meta":[],"product_brand":[],"product_cat":[788],"product_tag":[],"class_list":{"0":"post-22563","1":"product","2":"type-product","3":"status-publish","4":"has-post-thumbnail","6":"product_cat-kastit","8":"first","9":"outofstock","10":"taxable","11":"shipping-taxable","12":"purchasable","13":"product-type-simple"},"yoast_head":"<!-- This site is optimized with the Yoast SEO plugin v27.4 - https:\/\/yoast.com\/product\/yoast-seo-wordpress\/ -->\n<title>Kasti Etel\u00e4inen hollanti Alkuper\u00e4inen - BBQ \u00c4ssad %<\/title>\n<meta name=\"description\" content=\"Sauce Southern Dutch Original on maustettu kastike, joka tuo ruokaan aitoa hollantilaista makua. Ihanteellinen t\u00e4ydent\u00e4m\u00e4\u00e4n kaikenlaisia ruokia.\" \/>\n<meta name=\"robots\" content=\"index, follow, max-snippet:-1, max-image-preview:large, max-video-preview:-1\" \/>\n<link rel=\"canonical\" href=\"https:\/\/bbqassad.ee\/fi\/toode\/kastike-etelainen-hollantilainen-alkuperainen\/\" \/>\n<meta property=\"og:locale\" content=\"fi_FI\" \/>\n<meta property=\"og:type\" content=\"article\" \/>\n<meta property=\"og:title\" content=\"Kasti Etel\u00e4inen hollanti Alkuper\u00e4inen - BBQ \u00c4ssad %\" \/>\n<meta property=\"og:description\" content=\"Sauce Southern Dutch Original on maustekastike, joka tuo ruokaan aitoa hollantilaista makua. Ihanteellinen t\u00e4ydent\u00e4m\u00e4\u00e4n kaikenlaisia ruokia.\" \/>\n<meta property=\"og:url\" content=\"https:\/\/bbqassad.ee\/fi\/toode\/kastike-etelainen-hollantilainen-alkuperainen\/\" \/>\n<meta property=\"og:site_name\" content=\"BBQ \u00c4ssad\" \/>\n<meta property=\"article:publisher\" content=\"https:\/\/www.facebook.com\/bbqassad\" \/>\n<meta property=\"article:modified_time\" content=\"2026-04-14T06:33:00+00:00\" \/>\n<meta property=\"og:image\" content=\"https:\/\/bbqassad.ee\/wp-content\/uploads\/2022\/11\/BBQAssad-OriginalBBQSauce-SD.webp\" \/>\n<meta name=\"twitter:card\" content=\"summary_large_image\" \/>\n<meta name=\"twitter:title\" content=\"Kasti Etel\u00e4inen hollanti Alkuper\u00e4inen - BBQ \u00c4ssad%\" \/>\n<meta name=\"twitter:description\" content=\"Sauce Southern Dutch Original on maustekastike, joka tuo ruokaan aitoa hollantilaista makua. Ihanteellinen t\u00e4ydent\u00e4m\u00e4\u00e4n kaikenlaisia ruokia.\" \/>\n<meta name=\"twitter:image\" content=\"https:\/\/bbqassad.ee\/wp-content\/uploads\/2022\/11\/BBQAssad-OriginalBBQSauce-SD.webp\" \/>\n<meta name=\"twitter:label1\" content=\"Arvioitu lukuaika\" \/>\n\t<meta name=\"twitter:data1\" content=\"1 minuutti\" \/>\n<script type=\"application\/ld+json\" class=\"yoast-schema-graph\">{\"@context\":\"https:\\\/\\\/schema.org\",\"@graph\":[{\"@type\":\"WebPage\",\"@id\":\"https:\\\/\\\/bbqassad.ee\\\/fi\\\/toode\\\/kastike-etelainen-hollantilainen-alkuperainen\\\/\",\"url\":\"https:\\\/\\\/bbqassad.ee\\\/fi\\\/toode\\\/kastike-etelainen-hollantilainen-alkuperainen\\\/\",\"name\":\"Kasti Etel\u00e4inen hollanti Alkuper\u00e4inen - BBQ \u00c4ssad %\",\"isPartOf\":{\"@id\":\"https:\\\/\\\/bbqassad.ee\\\/fi\\\/#website\"},\"primaryImageOfPage\":{\"@id\":\"https:\\\/\\\/bbqassad.ee\\\/fi\\\/toode\\\/kastike-etelainen-hollantilainen-alkuperainen\\\/#primaryimage\"},\"image\":{\"@id\":\"https:\\\/\\\/bbqassad.ee\\\/fi\\\/toode\\\/kastike-etelainen-hollantilainen-alkuperainen\\\/#primaryimage\"},\"thumbnailUrl\":\"https:\\\/\\\/bbqassad.ee\\\/wp-content\\\/uploads\\\/2022\\\/11\\\/BBQAssad-OriginalBBQSauce-SD.webp\",\"datePublished\":\"2025-03-19T11:31:27+00:00\",\"dateModified\":\"2026-04-14T06:33:00+00:00\",\"description\":\"Sauce Southern Dutch Original on maustettu kastike, joka tuo ruokaan aitoa hollantilaista makua. Ihanteellinen t\u00e4ydent\u00e4m\u00e4\u00e4n kaikenlaisia ruokia.\",\"breadcrumb\":{\"@id\":\"https:\\\/\\\/bbqassad.ee\\\/fi\\\/toode\\\/kastike-etelainen-hollantilainen-alkuperainen\\\/#breadcrumb\"},\"inLanguage\":\"fi\",\"potentialAction\":[{\"@type\":\"ReadAction\",\"target\":[\"https:\\\/\\\/bbqassad.ee\\\/fi\\\/toode\\\/kastike-etelainen-hollantilainen-alkuperainen\\\/\"]}]},{\"@type\":\"ImageObject\",\"inLanguage\":\"fi\",\"@id\":\"https:\\\/\\\/bbqassad.ee\\\/fi\\\/toode\\\/kastike-etelainen-hollantilainen-alkuperainen\\\/#primaryimage\",\"url\":\"https:\\\/\\\/bbqassad.ee\\\/wp-content\\\/uploads\\\/2022\\\/11\\\/BBQAssad-OriginalBBQSauce-SD.webp\",\"contentUrl\":\"https:\\\/\\\/bbqassad.ee\\\/wp-content\\\/uploads\\\/2022\\\/11\\\/BBQAssad-OriginalBBQSauce-SD.webp\",\"width\":800,\"height\":800,\"caption\":\"Kaste Southern Dutch BBQ Original BBQ Sauce\"},{\"@type\":\"BreadcrumbList\",\"@id\":\"https:\\\/\\\/bbqassad.ee\\\/fi\\\/toode\\\/kastike-etelainen-hollantilainen-alkuperainen\\\/#breadcrumb\",\"itemListElement\":[{\"@type\":\"ListItem\",\"position\":1,\"name\":\"Home\",\"item\":\"https:\\\/\\\/bbqassad.ee\\\/fi\\\/bbq-assat\\\/\"},{\"@type\":\"ListItem\",\"position\":2,\"name\":\"Verkkokauppa\",\"item\":\"https:\\\/\\\/bbqassad.ee\\\/fi\\\/verkkokauppa\\\/\"},{\"@type\":\"ListItem\",\"position\":3,\"name\":\"Kastike Etel\u00e4inen hollantilainen Alkuper\u00e4inen\"}]},{\"@type\":\"WebSite\",\"@id\":\"https:\\\/\\\/bbqassad.ee\\\/fi\\\/#website\",\"url\":\"https:\\\/\\\/bbqassad.ee\\\/fi\\\/\",\"name\":\"BBQ \u00c4ssad\",\"description\":\"BBQ maitseained, kastmed, ahjud\",\"publisher\":{\"@id\":\"https:\\\/\\\/bbqassad.ee\\\/fi\\\/#organization\"},\"potentialAction\":[{\"@type\":\"SearchAction\",\"target\":{\"@type\":\"EntryPoint\",\"urlTemplate\":\"https:\\\/\\\/bbqassad.ee\\\/fi\\\/?s={search_term_string}\"},\"query-input\":{\"@type\":\"PropertyValueSpecification\",\"valueRequired\":true,\"valueName\":\"search_term_string\"}}],\"inLanguage\":\"fi\"},{\"@type\":\"Organization\",\"@id\":\"https:\\\/\\\/bbqassad.ee\\\/fi\\\/#organization\",\"name\":\"BBQ \u00c4ssad\",\"url\":\"https:\\\/\\\/bbqassad.ee\\\/fi\\\/\",\"logo\":{\"@type\":\"ImageObject\",\"inLanguage\":\"fi\",\"@id\":\"https:\\\/\\\/bbqassad.ee\\\/fi\\\/#\\\/schema\\\/logo\\\/image\\\/\",\"url\":\"https:\\\/\\\/bbqassad.ee\\\/wp-content\\\/uploads\\\/2022\\\/10\\\/BBQ-2ssadlogo.png\",\"contentUrl\":\"https:\\\/\\\/bbqassad.ee\\\/wp-content\\\/uploads\\\/2022\\\/10\\\/BBQ-2ssadlogo.png\",\"width\":1080,\"height\":1080,\"caption\":\"BBQ \u00c4ssad\"},\"image\":{\"@id\":\"https:\\\/\\\/bbqassad.ee\\\/fi\\\/#\\\/schema\\\/logo\\\/image\\\/\"},\"sameAs\":[\"https:\\\/\\\/www.facebook.com\\\/bbqassad\",\"https:\\\/\\\/www.youtube.com\\\/channel\\\/UCsoufn49J6TVi9Ah9meE93w\"]}]}<\/script>\n<!-- \/ Yoast SEO plugin. -->","yoast_head_json":{"title":"Kasti Etel\u00e4inen hollanti Alkuper\u00e4inen - BBQ \u00c4ssad %","description":"Sauce Southern Dutch Original on maustettu kastike, joka tuo ruokaan aitoa hollantilaista makua. Ihanteellinen t\u00e4ydent\u00e4m\u00e4\u00e4n kaikenlaisia ruokia.","robots":{"index":"index","follow":"follow","max-snippet":"max-snippet:-1","max-image-preview":"max-image-preview:large","max-video-preview":"max-video-preview:-1"},"canonical":"https:\/\/bbqassad.ee\/fi\/toode\/kastike-etelainen-hollantilainen-alkuperainen\/","og_locale":"fi_FI","og_type":"article","og_title":"Kasti Etel\u00e4inen hollanti Alkuper\u00e4inen - BBQ \u00c4ssad %","og_description":"Sauce Southern Dutch Original on maustekastike, joka tuo ruokaan aitoa hollantilaista makua. Ihanteellinen t\u00e4ydent\u00e4m\u00e4\u00e4n kaikenlaisia ruokia.","og_url":"https:\/\/bbqassad.ee\/fi\/toode\/kastike-etelainen-hollantilainen-alkuperainen\/","og_site_name":"BBQ \u00c4ssad","article_publisher":"https:\/\/www.facebook.com\/bbqassad","article_modified_time":"2026-04-14T06:33:00+00:00","og_image":[{"url":"https:\/\/bbqassad.ee\/wp-content\/uploads\/2022\/11\/BBQAssad-OriginalBBQSauce-SD.webp","type":"","width":"","height":""}],"twitter_card":"summary_large_image","twitter_title":"Kasti Etel\u00e4inen hollanti Alkuper\u00e4inen - BBQ \u00c4ssad%","twitter_description":"Sauce Southern Dutch Original on maustekastike, joka tuo ruokaan aitoa hollantilaista makua. Ihanteellinen t\u00e4ydent\u00e4m\u00e4\u00e4n kaikenlaisia ruokia.","twitter_image":"https:\/\/bbqassad.ee\/wp-content\/uploads\/2022\/11\/BBQAssad-OriginalBBQSauce-SD.webp","twitter_misc":{"Arvioitu lukuaika":"1 minuutti"},"schema":{"@context":"https:\/\/schema.org","@graph":[{"@type":"WebPage","@id":"https:\/\/bbqassad.ee\/fi\/toode\/kastike-etelainen-hollantilainen-alkuperainen\/","url":"https:\/\/bbqassad.ee\/fi\/toode\/kastike-etelainen-hollantilainen-alkuperainen\/","name":"Kasti Etel\u00e4inen hollanti Alkuper\u00e4inen - BBQ \u00c4ssad %","isPartOf":{"@id":"https:\/\/bbqassad.ee\/fi\/#website"},"primaryImageOfPage":{"@id":"https:\/\/bbqassad.ee\/fi\/toode\/kastike-etelainen-hollantilainen-alkuperainen\/#primaryimage"},"image":{"@id":"https:\/\/bbqassad.ee\/fi\/toode\/kastike-etelainen-hollantilainen-alkuperainen\/#primaryimage"},"thumbnailUrl":"https:\/\/bbqassad.ee\/wp-content\/uploads\/2022\/11\/BBQAssad-OriginalBBQSauce-SD.webp","datePublished":"2025-03-19T11:31:27+00:00","dateModified":"2026-04-14T06:33:00+00:00","description":"Sauce Southern Dutch Original on maustettu kastike, joka tuo ruokaan aitoa hollantilaista makua. Ihanteellinen t\u00e4ydent\u00e4m\u00e4\u00e4n kaikenlaisia ruokia.","breadcrumb":{"@id":"https:\/\/bbqassad.ee\/fi\/toode\/kastike-etelainen-hollantilainen-alkuperainen\/#breadcrumb"},"inLanguage":"fi","potentialAction":[{"@type":"ReadAction","target":["https:\/\/bbqassad.ee\/fi\/toode\/kastike-etelainen-hollantilainen-alkuperainen\/"]}]},{"@type":"ImageObject","inLanguage":"fi","@id":"https:\/\/bbqassad.ee\/fi\/toode\/kastike-etelainen-hollantilainen-alkuperainen\/#primaryimage","url":"https:\/\/bbqassad.ee\/wp-content\/uploads\/2022\/11\/BBQAssad-OriginalBBQSauce-SD.webp","contentUrl":"https:\/\/bbqassad.ee\/wp-content\/uploads\/2022\/11\/BBQAssad-OriginalBBQSauce-SD.webp","width":800,"height":800,"caption":"Kaste Southern Dutch BBQ Original BBQ Sauce"},{"@type":"BreadcrumbList","@id":"https:\/\/bbqassad.ee\/fi\/toode\/kastike-etelainen-hollantilainen-alkuperainen\/#breadcrumb","itemListElement":[{"@type":"ListItem","position":1,"name":"Home","item":"https:\/\/bbqassad.ee\/fi\/bbq-assat\/"},{"@type":"ListItem","position":2,"name":"Verkkokauppa","item":"https:\/\/bbqassad.ee\/fi\/verkkokauppa\/"},{"@type":"ListItem","position":3,"name":"Kastike Etel\u00e4inen hollantilainen Alkuper\u00e4inen"}]},{"@type":"WebSite","@id":"https:\/\/bbqassad.ee\/fi\/#website","url":"https:\/\/bbqassad.ee\/fi\/","name":"BBQ \u00c4ssad","description":"BBQ maitseained, kastmed, ahjud","publisher":{"@id":"https:\/\/bbqassad.ee\/fi\/#organization"},"potentialAction":[{"@type":"SearchAction","target":{"@type":"EntryPoint","urlTemplate":"https:\/\/bbqassad.ee\/fi\/?s={search_term_string}"},"query-input":{"@type":"PropertyValueSpecification","valueRequired":true,"valueName":"search_term_string"}}],"inLanguage":"fi"},{"@type":"Organization","@id":"https:\/\/bbqassad.ee\/fi\/#organization","name":"BBQ \u00c4ssad","url":"https:\/\/bbqassad.ee\/fi\/","logo":{"@type":"ImageObject","inLanguage":"fi","@id":"https:\/\/bbqassad.ee\/fi\/#\/schema\/logo\/image\/","url":"https:\/\/bbqassad.ee\/wp-content\/uploads\/2022\/10\/BBQ-2ssadlogo.png","contentUrl":"https:\/\/bbqassad.ee\/wp-content\/uploads\/2022\/10\/BBQ-2ssadlogo.png","width":1080,"height":1080,"caption":"BBQ \u00c4ssad"},"image":{"@id":"https:\/\/bbqassad.ee\/fi\/#\/schema\/logo\/image\/"},"sameAs":["https:\/\/www.facebook.com\/bbqassad","https:\/\/www.youtube.com\/channel\/UCsoufn49J6TVi9Ah9meE93w"]}]}},"_links":{"self":[{"href":"https:\/\/bbqassad.ee\/fi\/wp-json\/wp\/v2\/product\/22563","targetHints":{"allow":["GET"]}}],"collection":[{"href":"https:\/\/bbqassad.ee\/fi\/wp-json\/wp\/v2\/product"}],"about":[{"href":"https:\/\/bbqassad.ee\/fi\/wp-json\/wp\/v2\/types\/product"}],"replies":[{"embeddable":true,"href":"https:\/\/bbqassad.ee\/fi\/wp-json\/wp\/v2\/comments?post=22563"}],"wp:featuredmedia":[{"embeddable":true,"href":"https:\/\/bbqassad.ee\/fi\/wp-json\/wp\/v2\/media\/23759"}],"wp:attachment":[{"href":"https:\/\/bbqassad.ee\/fi\/wp-json\/wp\/v2\/media?parent=22563"}],"wp:term":[{"taxonomy":"product_brand","embeddable":true,"href":"https:\/\/bbqassad.ee\/fi\/wp-json\/wp\/v2\/product_brand?post=22563"},{"taxonomy":"product_cat","embeddable":true,"href":"https:\/\/bbqassad.ee\/fi\/wp-json\/wp\/v2\/product_cat?post=22563"},{"taxonomy":"product_tag","embeddable":true,"href":"https:\/\/bbqassad.ee\/fi\/wp-json\/wp\/v2\/product_tag?post=22563"}],"curies":[{"name":"wp","href":"https:\/\/api.w.org\/{rel}","templated":true}]}}