{"id":22561,"date":"2025-03-19T11:41:14","date_gmt":"2025-03-19T11:41:14","guid":{"rendered":"https:\/\/bbqassad.ee\/toode\/kosmos-q-vadelma-chipotle-kastike\/"},"modified":"2026-04-14T06:33:00","modified_gmt":"2026-04-14T06:33:00","slug":"kosmos-q-vadelma-chipotle-kastike","status":"publish","type":"product","link":"https:\/\/bbqassad.ee\/fi\/toode\/kosmos-q-vadelma-chipotle-kastike\/","title":{"rendered":"Kosmo&#8217;s Q Raspberry Chipotle -kastike"},"content":{"rendered":"<h2>Kosmos Q Vadelma-Chipotle-kastike<\/h2>\n<p id=\"tw-target-text\" class=\"tw-data-text tw-text-large tw-ta\" dir=\"ltr\" data-placeholder=\"T\u00f5lge\" data-ved=\"2ahUKEwiZhuvEh5aMAxW-DRAIHX0EC6UQ3ewLegQICBAV\" aria-label=\"T\u00f5lgitud tekst: 3 erinevat vaarikate segu ja \u00f5iges koguses chipotle paprika v\u00fcrtsiga on see ideaalne kombinatsioon iga roa jaoks.\"><span class=\"Y2IQFc\" lang=\"et\">Kolmen eri vadelman ja juuri oikean m\u00e4\u00e4r\u00e4n chipotle-pippurimaustetta sis\u00e4lt\u00e4v\u00e4 sekoitus on t\u00e4ydellinen yhdistelm\u00e4 mihin tahansa ruokaan.<\/span><\/p>\n<h2>BBQ Aces kommentti<\/h2>\n<p>Paras korvaaja Blues Hogin analogiselle soittimelle.<\/p>\n<h2>Ammattilaisen vinkki<\/h2>\n<p>Se toimii kaikkeen \ud83d\ude42<\/p>\n","protected":false},"excerpt":{"rendered":"<p>Kosmos Q Vadelma-Chipotle-kastike Kolmen eri vadelman ja juuri oikean m\u00e4\u00e4r\u00e4n chipotle-pippurimaustetta sis\u00e4lt\u00e4v\u00e4 sekoitus on t\u00e4ydellinen yhdistelm\u00e4 mihin tahansa ruokaan. BBQ Aces kommentti Paras korvaaja Blues Hogin analogiselle soittimelle. Ammattilaisen vinkki Se toimii kaikkeen \ud83d\ude42<\/p>\n","protected":false},"featured_media":22562,"comment_status":"open","ping_status":"closed","template":"","meta":[],"product_brand":[],"product_cat":[788],"product_tag":[],"class_list":{"0":"post-22561","1":"product","2":"type-product","3":"status-publish","4":"has-post-thumbnail","6":"product_cat-kastit","8":"first","9":"outofstock","10":"taxable","11":"shipping-taxable","12":"purchasable","13":"product-type-simple"},"yoast_head":"<!-- This site is optimized with the Yoast SEO plugin v27.4 - https:\/\/yoast.com\/product\/yoast-seo-wordpress\/ -->\n<title>Kastike Kosmos Q Raspberry Chipotle - BBQ \u00c4ssad%<\/title>\n<meta name=\"description\" content=\"Kosmos Q Raspberry Chipotle on maustekastike, joka sopii erinomaisesti grillatun lihan ja vihannesten kanssa. Nauti sen ainutlaatuisesta mausta!\" \/>\n<meta name=\"robots\" content=\"index, follow, max-snippet:-1, max-image-preview:large, max-video-preview:-1\" \/>\n<link rel=\"canonical\" href=\"https:\/\/bbqassad.ee\/fi\/toode\/kosmos-q-vadelma-chipotle-kastike\/\" \/>\n<meta property=\"og:locale\" content=\"fi_FI\" \/>\n<meta property=\"og:type\" content=\"article\" \/>\n<meta property=\"og:title\" content=\"Kosmos Q Vadelma Chipotle -kastike - BBQ \u00c4ssad%\" \/>\n<meta property=\"og:description\" content=\"Kosmos Q Raspberry Chipotle on maustekastike, joka sopii erinomaisesti grillatun lihan ja vihannesten kanssa. Nauti sen ainutlaatuisesta mausta!\" \/>\n<meta property=\"og:url\" content=\"https:\/\/bbqassad.ee\/fi\/toode\/kosmos-q-vadelma-chipotle-kastike\/\" \/>\n<meta property=\"og:site_name\" content=\"BBQ \u00c4ssad\" \/>\n<meta property=\"article:publisher\" content=\"https:\/\/www.facebook.com\/bbqassad\" \/>\n<meta property=\"article:modified_time\" content=\"2026-04-14T06:33:00+00:00\" \/>\n<meta property=\"og:image\" content=\"https:\/\/bbqassad.ee\/wp-content\/uploads\/2025\/03\/file_9cddf832-9207-4e49-9af3-1744c1d7acb9.png\" \/>\n<meta name=\"twitter:card\" content=\"summary_large_image\" \/>\n<meta name=\"twitter:title\" content=\"Kosmos Q Vadelma Chipotle -kastike - BBQ \u00c4ssad%\" \/>\n<meta name=\"twitter:description\" content=\"Kosmos Q Raspberry Chipotle on maustekastike, joka sopii erinomaisesti grillatun lihan ja vihannesten kanssa. Nauti sen ainutlaatuisesta mausta!\" \/>\n<meta name=\"twitter:image\" content=\"https:\/\/bbqassad.ee\/wp-content\/uploads\/2025\/03\/file_9cddf832-9207-4e49-9af3-1744c1d7acb9.png\" \/>\n<script type=\"application\/ld+json\" class=\"yoast-schema-graph\">{\"@context\":\"https:\\\/\\\/schema.org\",\"@graph\":[{\"@type\":\"WebPage\",\"@id\":\"https:\\\/\\\/bbqassad.ee\\\/fi\\\/toode\\\/kosmos-q-vadelma-chipotle-kastike\\\/\",\"url\":\"https:\\\/\\\/bbqassad.ee\\\/fi\\\/toode\\\/kosmos-q-vadelma-chipotle-kastike\\\/\",\"name\":\"Kastike Kosmos Q Raspberry Chipotle - BBQ \u00c4ssad%\",\"isPartOf\":{\"@id\":\"https:\\\/\\\/bbqassad.ee\\\/fi\\\/#website\"},\"primaryImageOfPage\":{\"@id\":\"https:\\\/\\\/bbqassad.ee\\\/fi\\\/toode\\\/kosmos-q-vadelma-chipotle-kastike\\\/#primaryimage\"},\"image\":{\"@id\":\"https:\\\/\\\/bbqassad.ee\\\/fi\\\/toode\\\/kosmos-q-vadelma-chipotle-kastike\\\/#primaryimage\"},\"thumbnailUrl\":\"https:\\\/\\\/bbqassad.ee\\\/wp-content\\\/uploads\\\/2025\\\/03\\\/file_9cddf832-9207-4e49-9af3-1744c1d7acb9.png\",\"datePublished\":\"2025-03-19T11:41:14+00:00\",\"dateModified\":\"2026-04-14T06:33:00+00:00\",\"description\":\"Kosmos Q Raspberry Chipotle on maustekastike, joka sopii erinomaisesti grillatun lihan ja vihannesten kanssa. Nauti sen ainutlaatuisesta mausta!\",\"breadcrumb\":{\"@id\":\"https:\\\/\\\/bbqassad.ee\\\/fi\\\/toode\\\/kosmos-q-vadelma-chipotle-kastike\\\/#breadcrumb\"},\"inLanguage\":\"fi\",\"potentialAction\":[{\"@type\":\"ReadAction\",\"target\":[\"https:\\\/\\\/bbqassad.ee\\\/fi\\\/toode\\\/kosmos-q-vadelma-chipotle-kastike\\\/\"]}]},{\"@type\":\"ImageObject\",\"inLanguage\":\"fi\",\"@id\":\"https:\\\/\\\/bbqassad.ee\\\/fi\\\/toode\\\/kosmos-q-vadelma-chipotle-kastike\\\/#primaryimage\",\"url\":\"https:\\\/\\\/bbqassad.ee\\\/wp-content\\\/uploads\\\/2025\\\/03\\\/file_9cddf832-9207-4e49-9af3-1744c1d7acb9.png\",\"contentUrl\":\"https:\\\/\\\/bbqassad.ee\\\/wp-content\\\/uploads\\\/2025\\\/03\\\/file_9cddf832-9207-4e49-9af3-1744c1d7acb9.png\",\"width\":720,\"height\":720},{\"@type\":\"BreadcrumbList\",\"@id\":\"https:\\\/\\\/bbqassad.ee\\\/fi\\\/toode\\\/kosmos-q-vadelma-chipotle-kastike\\\/#breadcrumb\",\"itemListElement\":[{\"@type\":\"ListItem\",\"position\":1,\"name\":\"Home\",\"item\":\"https:\\\/\\\/bbqassad.ee\\\/fi\\\/bbq-assat\\\/\"},{\"@type\":\"ListItem\",\"position\":2,\"name\":\"Verkkokauppa\",\"item\":\"https:\\\/\\\/bbqassad.ee\\\/fi\\\/verkkokauppa\\\/\"},{\"@type\":\"ListItem\",\"position\":3,\"name\":\"Kosmo&#8217;s Q Raspberry Chipotle -kastike\"}]},{\"@type\":\"WebSite\",\"@id\":\"https:\\\/\\\/bbqassad.ee\\\/fi\\\/#website\",\"url\":\"https:\\\/\\\/bbqassad.ee\\\/fi\\\/\",\"name\":\"BBQ \u00c4ssad\",\"description\":\"BBQ maitseained, kastmed, ahjud\",\"publisher\":{\"@id\":\"https:\\\/\\\/bbqassad.ee\\\/fi\\\/#organization\"},\"potentialAction\":[{\"@type\":\"SearchAction\",\"target\":{\"@type\":\"EntryPoint\",\"urlTemplate\":\"https:\\\/\\\/bbqassad.ee\\\/fi\\\/?s={search_term_string}\"},\"query-input\":{\"@type\":\"PropertyValueSpecification\",\"valueRequired\":true,\"valueName\":\"search_term_string\"}}],\"inLanguage\":\"fi\"},{\"@type\":\"Organization\",\"@id\":\"https:\\\/\\\/bbqassad.ee\\\/fi\\\/#organization\",\"name\":\"BBQ \u00c4ssad\",\"url\":\"https:\\\/\\\/bbqassad.ee\\\/fi\\\/\",\"logo\":{\"@type\":\"ImageObject\",\"inLanguage\":\"fi\",\"@id\":\"https:\\\/\\\/bbqassad.ee\\\/fi\\\/#\\\/schema\\\/logo\\\/image\\\/\",\"url\":\"https:\\\/\\\/bbqassad.ee\\\/wp-content\\\/uploads\\\/2022\\\/10\\\/BBQ-2ssadlogo.png\",\"contentUrl\":\"https:\\\/\\\/bbqassad.ee\\\/wp-content\\\/uploads\\\/2022\\\/10\\\/BBQ-2ssadlogo.png\",\"width\":1080,\"height\":1080,\"caption\":\"BBQ \u00c4ssad\"},\"image\":{\"@id\":\"https:\\\/\\\/bbqassad.ee\\\/fi\\\/#\\\/schema\\\/logo\\\/image\\\/\"},\"sameAs\":[\"https:\\\/\\\/www.facebook.com\\\/bbqassad\",\"https:\\\/\\\/www.youtube.com\\\/channel\\\/UCsoufn49J6TVi9Ah9meE93w\"]}]}<\/script>\n<!-- \/ Yoast SEO plugin. -->","yoast_head_json":{"title":"Kastike Kosmos Q Raspberry Chipotle - BBQ \u00c4ssad%","description":"Kosmos Q Raspberry Chipotle on maustekastike, joka sopii erinomaisesti grillatun lihan ja vihannesten kanssa. Nauti sen ainutlaatuisesta mausta!","robots":{"index":"index","follow":"follow","max-snippet":"max-snippet:-1","max-image-preview":"max-image-preview:large","max-video-preview":"max-video-preview:-1"},"canonical":"https:\/\/bbqassad.ee\/fi\/toode\/kosmos-q-vadelma-chipotle-kastike\/","og_locale":"fi_FI","og_type":"article","og_title":"Kosmos Q Vadelma Chipotle -kastike - BBQ \u00c4ssad%","og_description":"Kosmos Q Raspberry Chipotle on maustekastike, joka sopii erinomaisesti grillatun lihan ja vihannesten kanssa. Nauti sen ainutlaatuisesta mausta!","og_url":"https:\/\/bbqassad.ee\/fi\/toode\/kosmos-q-vadelma-chipotle-kastike\/","og_site_name":"BBQ \u00c4ssad","article_publisher":"https:\/\/www.facebook.com\/bbqassad","article_modified_time":"2026-04-14T06:33:00+00:00","og_image":[{"url":"https:\/\/bbqassad.ee\/wp-content\/uploads\/2025\/03\/file_9cddf832-9207-4e49-9af3-1744c1d7acb9.png","type":"","width":"","height":""}],"twitter_card":"summary_large_image","twitter_title":"Kosmos Q Vadelma Chipotle -kastike - BBQ \u00c4ssad%","twitter_description":"Kosmos Q Raspberry Chipotle on maustekastike, joka sopii erinomaisesti grillatun lihan ja vihannesten kanssa. Nauti sen ainutlaatuisesta mausta!","twitter_image":"https:\/\/bbqassad.ee\/wp-content\/uploads\/2025\/03\/file_9cddf832-9207-4e49-9af3-1744c1d7acb9.png","schema":{"@context":"https:\/\/schema.org","@graph":[{"@type":"WebPage","@id":"https:\/\/bbqassad.ee\/fi\/toode\/kosmos-q-vadelma-chipotle-kastike\/","url":"https:\/\/bbqassad.ee\/fi\/toode\/kosmos-q-vadelma-chipotle-kastike\/","name":"Kastike Kosmos Q Raspberry Chipotle - BBQ \u00c4ssad%","isPartOf":{"@id":"https:\/\/bbqassad.ee\/fi\/#website"},"primaryImageOfPage":{"@id":"https:\/\/bbqassad.ee\/fi\/toode\/kosmos-q-vadelma-chipotle-kastike\/#primaryimage"},"image":{"@id":"https:\/\/bbqassad.ee\/fi\/toode\/kosmos-q-vadelma-chipotle-kastike\/#primaryimage"},"thumbnailUrl":"https:\/\/bbqassad.ee\/wp-content\/uploads\/2025\/03\/file_9cddf832-9207-4e49-9af3-1744c1d7acb9.png","datePublished":"2025-03-19T11:41:14+00:00","dateModified":"2026-04-14T06:33:00+00:00","description":"Kosmos Q Raspberry Chipotle on maustekastike, joka sopii erinomaisesti grillatun lihan ja vihannesten kanssa. Nauti sen ainutlaatuisesta mausta!","breadcrumb":{"@id":"https:\/\/bbqassad.ee\/fi\/toode\/kosmos-q-vadelma-chipotle-kastike\/#breadcrumb"},"inLanguage":"fi","potentialAction":[{"@type":"ReadAction","target":["https:\/\/bbqassad.ee\/fi\/toode\/kosmos-q-vadelma-chipotle-kastike\/"]}]},{"@type":"ImageObject","inLanguage":"fi","@id":"https:\/\/bbqassad.ee\/fi\/toode\/kosmos-q-vadelma-chipotle-kastike\/#primaryimage","url":"https:\/\/bbqassad.ee\/wp-content\/uploads\/2025\/03\/file_9cddf832-9207-4e49-9af3-1744c1d7acb9.png","contentUrl":"https:\/\/bbqassad.ee\/wp-content\/uploads\/2025\/03\/file_9cddf832-9207-4e49-9af3-1744c1d7acb9.png","width":720,"height":720},{"@type":"BreadcrumbList","@id":"https:\/\/bbqassad.ee\/fi\/toode\/kosmos-q-vadelma-chipotle-kastike\/#breadcrumb","itemListElement":[{"@type":"ListItem","position":1,"name":"Home","item":"https:\/\/bbqassad.ee\/fi\/bbq-assat\/"},{"@type":"ListItem","position":2,"name":"Verkkokauppa","item":"https:\/\/bbqassad.ee\/fi\/verkkokauppa\/"},{"@type":"ListItem","position":3,"name":"Kosmo&#8217;s Q Raspberry Chipotle -kastike"}]},{"@type":"WebSite","@id":"https:\/\/bbqassad.ee\/fi\/#website","url":"https:\/\/bbqassad.ee\/fi\/","name":"BBQ \u00c4ssad","description":"BBQ maitseained, kastmed, ahjud","publisher":{"@id":"https:\/\/bbqassad.ee\/fi\/#organization"},"potentialAction":[{"@type":"SearchAction","target":{"@type":"EntryPoint","urlTemplate":"https:\/\/bbqassad.ee\/fi\/?s={search_term_string}"},"query-input":{"@type":"PropertyValueSpecification","valueRequired":true,"valueName":"search_term_string"}}],"inLanguage":"fi"},{"@type":"Organization","@id":"https:\/\/bbqassad.ee\/fi\/#organization","name":"BBQ \u00c4ssad","url":"https:\/\/bbqassad.ee\/fi\/","logo":{"@type":"ImageObject","inLanguage":"fi","@id":"https:\/\/bbqassad.ee\/fi\/#\/schema\/logo\/image\/","url":"https:\/\/bbqassad.ee\/wp-content\/uploads\/2022\/10\/BBQ-2ssadlogo.png","contentUrl":"https:\/\/bbqassad.ee\/wp-content\/uploads\/2022\/10\/BBQ-2ssadlogo.png","width":1080,"height":1080,"caption":"BBQ \u00c4ssad"},"image":{"@id":"https:\/\/bbqassad.ee\/fi\/#\/schema\/logo\/image\/"},"sameAs":["https:\/\/www.facebook.com\/bbqassad","https:\/\/www.youtube.com\/channel\/UCsoufn49J6TVi9Ah9meE93w"]}]}},"_links":{"self":[{"href":"https:\/\/bbqassad.ee\/fi\/wp-json\/wp\/v2\/product\/22561","targetHints":{"allow":["GET"]}}],"collection":[{"href":"https:\/\/bbqassad.ee\/fi\/wp-json\/wp\/v2\/product"}],"about":[{"href":"https:\/\/bbqassad.ee\/fi\/wp-json\/wp\/v2\/types\/product"}],"replies":[{"embeddable":true,"href":"https:\/\/bbqassad.ee\/fi\/wp-json\/wp\/v2\/comments?post=22561"}],"wp:featuredmedia":[{"embeddable":true,"href":"https:\/\/bbqassad.ee\/fi\/wp-json\/wp\/v2\/media\/22562"}],"wp:attachment":[{"href":"https:\/\/bbqassad.ee\/fi\/wp-json\/wp\/v2\/media?parent=22561"}],"wp:term":[{"taxonomy":"product_brand","embeddable":true,"href":"https:\/\/bbqassad.ee\/fi\/wp-json\/wp\/v2\/product_brand?post=22561"},{"taxonomy":"product_cat","embeddable":true,"href":"https:\/\/bbqassad.ee\/fi\/wp-json\/wp\/v2\/product_cat?post=22561"},{"taxonomy":"product_tag","embeddable":true,"href":"https:\/\/bbqassad.ee\/fi\/wp-json\/wp\/v2\/product_tag?post=22561"}],"curies":[{"name":"wp","href":"https:\/\/api.w.org\/{rel}","templated":true}]}}