{"id":22557,"date":"2025-03-19T11:51:22","date_gmt":"2025-03-19T11:51:22","guid":{"rendered":"https:\/\/bbqassad.ee\/toode\/tuffy-stone-sweet-rub-mausteseos\/"},"modified":"2026-04-14T06:33:00","modified_gmt":"2026-04-14T06:33:00","slug":"tuffy-stone-sweet-rub-mausteseos","status":"publish","type":"product","link":"https:\/\/bbqassad.ee\/fi\/toode\/tuffy-stone-sweet-rub-mausteseos\/","title":{"rendered":"Tuffy Stone Sweet Rub -mausteseos"},"content":{"rendered":"<h2>Tuffy Stone Sweet Rub -mausteseos<\/h2>\n<p>Tuffy Stone on ollut BBQ-maailmassa hyvin, hyvin pitk\u00e4\u00e4n. H\u00e4n on kilpaillut suurimman osan BBQ-urastaan, ja siin\u00e4 on suurin piirtein kaikki mahdolliset maailmanmestaruudet. H\u00e4n kilpaili koko ajan is\u00e4ns\u00e4 kanssa, mutta t\u00e4m\u00e4n kuoltua my\u00f6s Tuffy vet\u00e4ytyi aktiivisesta kilpailutoiminnasta. Sen sijaan h\u00e4n alkoi opettaa BBQ-taitoa sek\u00e4 suoraan ett\u00e4 YouTube-kanavallaan. Tuffy tunnetaan my\u00f6s professorina, koska h\u00e4n osaa ottaa usein yksinkertaiselta vaikuttavan asian ja tehd\u00e4 siit\u00e4 uskomattoman monimutkaisen, jossa jokainen yksityiskohta menee aivan sekaisin. Mutta kun katsoo h\u00e4nen kilpailutuloksiaan, ei ole ep\u00e4ilyst\u00e4k\u00e4\u00e4n siit\u00e4, ett\u00e4 toisinaan t\u00e4llaiseen tarkkailuun on aihetta.     <\/p>\n<p>Tuffy julkaisi t\u00e4n\u00e4 vuonna uuden mauste- ja kastikesarjan. T\u00e4m\u00e4 on h\u00e4nen makeaa sianlihaa sis\u00e4lt\u00e4v\u00e4 mausteseoksensa sek\u00e4 isoille ett\u00e4 pienille paloille. <\/p>\n<h3>BBQ Aces kommentti<\/h3>\n<p>T\u00e4m\u00e4 aromi on purkissa makea, mutta sen takana on itse asiassa mausteinen vivahde.<\/p>\n<p><span style=\"font-size: 20.15999984741211px; color: #333333;\">Ammattilaisen vinkki<\/span><\/p>\n<p>T\u00e4m\u00e4 mauste sai jopa koko possun maistumaan hyv\u00e4lt\u00e4.<\/p>\n","protected":false},"excerpt":{"rendered":"<p>Tuffy Stone Sweet Rub -mausteseos Tuffy Stone on ollut BBQ-maailmassa hyvin, hyvin pitk\u00e4\u00e4n. H\u00e4n on kilpaillut suurimman osan BBQ-urastaan, ja siin\u00e4 on suurin piirtein kaikki mahdolliset maailmanmestaruudet. H\u00e4n kilpaili koko ajan is\u00e4ns\u00e4 kanssa, mutta t\u00e4m\u00e4n kuoltua my\u00f6s Tuffy vet\u00e4ytyi aktiivisesta kilpailutoiminnasta. Sen sijaan h\u00e4n alkoi opettaa BBQ-taitoa sek\u00e4 suoraan ett\u00e4 YouTube-kanavallaan. Tuffy tunnetaan my\u00f6s professorina, [&#8230;]\n","protected":false},"featured_media":22558,"comment_status":"open","ping_status":"closed","template":"","meta":[],"product_brand":[],"product_cat":[802],"product_tag":[],"class_list":{"0":"post-22557","1":"product","2":"type-product","3":"status-publish","4":"has-post-thumbnail","6":"product_cat-sekoitukset","8":"first","9":"outofstock","10":"taxable","11":"shipping-taxable","12":"purchasable","13":"product-type-simple"},"yoast_head":"<!-- This site is optimized with the Yoast SEO plugin v27.4 - https:\/\/yoast.com\/product\/yoast-seo-wordpress\/ -->\n<title>Tuffy Stone Sweet Rub -mausteseos - BBQ \u00c4ssad<\/title>\n<meta name=\"description\" content=\"Tuffy Stone Sweet Rub on makeampi BBQ-mausteseos, joka sopii erityisesti sianlihan, kanan ja ribsien maustamiseen grilliss\u00e4 tai savustimessa.\" \/>\n<meta name=\"robots\" content=\"index, follow, max-snippet:-1, max-image-preview:large, max-video-preview:-1\" \/>\n<link rel=\"canonical\" href=\"https:\/\/bbqassad.ee\/fi\/toode\/tuffy-stone-sweet-rub-mausteseos\/\" \/>\n<meta property=\"og:locale\" content=\"fi_FI\" \/>\n<meta property=\"og:type\" content=\"article\" \/>\n<meta property=\"og:title\" content=\"Tuffy Stone Sweet Rub -mausteseos\" \/>\n<meta property=\"og:description\" content=\"Tuffy Stone Sweet Rub on makeampi BBQ-mausteseos, joka sopii erityisesti sianlihan, kanan ja ribsien maustamiseen grilliss\u00e4 tai savustimessa. Tilaa BBQ Aces verkossa.\" \/>\n<meta property=\"og:url\" content=\"https:\/\/bbqassad.ee\/fi\/toode\/tuffy-stone-sweet-rub-mausteseos\/\" \/>\n<meta property=\"og:site_name\" content=\"BBQ \u00c4ssad\" \/>\n<meta property=\"article:publisher\" content=\"https:\/\/www.facebook.com\/bbqassad\" \/>\n<meta property=\"article:modified_time\" content=\"2026-04-14T06:33:00+00:00\" \/>\n<meta property=\"og:image\" content=\"https:\/\/bbqassad.ee\/wp-content\/uploads\/2025\/03\/Photo-sweet_whtbg_0623_e4937fb7-0955-4e11-b0f7-345f596b76dd.jpg-240x300.webp\" \/>\n<meta name=\"twitter:card\" content=\"summary_large_image\" \/>\n<meta name=\"twitter:label1\" content=\"Arvioitu lukuaika\" \/>\n\t<meta name=\"twitter:data1\" content=\"1 minuutti\" \/>\n<script type=\"application\/ld+json\" class=\"yoast-schema-graph\">{\"@context\":\"https:\\\/\\\/schema.org\",\"@graph\":[{\"@type\":\"WebPage\",\"@id\":\"https:\\\/\\\/bbqassad.ee\\\/fi\\\/toode\\\/tuffy-stone-sweet-rub-mausteseos\\\/\",\"url\":\"https:\\\/\\\/bbqassad.ee\\\/fi\\\/toode\\\/tuffy-stone-sweet-rub-mausteseos\\\/\",\"name\":\"Tuffy Stone Sweet Rub -mausteseos - BBQ \u00c4ssad\",\"isPartOf\":{\"@id\":\"https:\\\/\\\/bbqassad.ee\\\/fi\\\/#website\"},\"primaryImageOfPage\":{\"@id\":\"https:\\\/\\\/bbqassad.ee\\\/fi\\\/toode\\\/tuffy-stone-sweet-rub-mausteseos\\\/#primaryimage\"},\"image\":{\"@id\":\"https:\\\/\\\/bbqassad.ee\\\/fi\\\/toode\\\/tuffy-stone-sweet-rub-mausteseos\\\/#primaryimage\"},\"thumbnailUrl\":\"https:\\\/\\\/bbqassad.ee\\\/wp-content\\\/uploads\\\/2025\\\/03\\\/Photo-sweet_whtbg_0623_e4937fb7-0955-4e11-b0f7-345f596b76dd.jpg.webp\",\"datePublished\":\"2025-03-19T11:51:22+00:00\",\"dateModified\":\"2026-04-14T06:33:00+00:00\",\"description\":\"Tuffy Stone Sweet Rub on makeampi BBQ-mausteseos, joka sopii erityisesti sianlihan, kanan ja ribsien maustamiseen grilliss\u00e4 tai savustimessa.\",\"breadcrumb\":{\"@id\":\"https:\\\/\\\/bbqassad.ee\\\/fi\\\/toode\\\/tuffy-stone-sweet-rub-mausteseos\\\/#breadcrumb\"},\"inLanguage\":\"fi\",\"potentialAction\":[{\"@type\":\"ReadAction\",\"target\":[\"https:\\\/\\\/bbqassad.ee\\\/fi\\\/toode\\\/tuffy-stone-sweet-rub-mausteseos\\\/\"]}]},{\"@type\":\"ImageObject\",\"inLanguage\":\"fi\",\"@id\":\"https:\\\/\\\/bbqassad.ee\\\/fi\\\/toode\\\/tuffy-stone-sweet-rub-mausteseos\\\/#primaryimage\",\"url\":\"https:\\\/\\\/bbqassad.ee\\\/wp-content\\\/uploads\\\/2025\\\/03\\\/Photo-sweet_whtbg_0623_e4937fb7-0955-4e11-b0f7-345f596b76dd.jpg.webp\",\"contentUrl\":\"https:\\\/\\\/bbqassad.ee\\\/wp-content\\\/uploads\\\/2025\\\/03\\\/Photo-sweet_whtbg_0623_e4937fb7-0955-4e11-b0f7-345f596b76dd.jpg.webp\",\"width\":1200,\"height\":1500,\"caption\":\"Maitseainesegu Tuffy Stone Sweet Rub\"},{\"@type\":\"BreadcrumbList\",\"@id\":\"https:\\\/\\\/bbqassad.ee\\\/fi\\\/toode\\\/tuffy-stone-sweet-rub-mausteseos\\\/#breadcrumb\",\"itemListElement\":[{\"@type\":\"ListItem\",\"position\":1,\"name\":\"Home\",\"item\":\"https:\\\/\\\/bbqassad.ee\\\/fi\\\/bbq-assat\\\/\"},{\"@type\":\"ListItem\",\"position\":2,\"name\":\"Verkkokauppa\",\"item\":\"https:\\\/\\\/bbqassad.ee\\\/fi\\\/verkkokauppa\\\/\"},{\"@type\":\"ListItem\",\"position\":3,\"name\":\"Tuffy Stone Sweet Rub -mausteseos\"}]},{\"@type\":\"WebSite\",\"@id\":\"https:\\\/\\\/bbqassad.ee\\\/fi\\\/#website\",\"url\":\"https:\\\/\\\/bbqassad.ee\\\/fi\\\/\",\"name\":\"BBQ \u00c4ssad\",\"description\":\"BBQ maitseained, kastmed, ahjud\",\"publisher\":{\"@id\":\"https:\\\/\\\/bbqassad.ee\\\/fi\\\/#organization\"},\"potentialAction\":[{\"@type\":\"SearchAction\",\"target\":{\"@type\":\"EntryPoint\",\"urlTemplate\":\"https:\\\/\\\/bbqassad.ee\\\/fi\\\/?s={search_term_string}\"},\"query-input\":{\"@type\":\"PropertyValueSpecification\",\"valueRequired\":true,\"valueName\":\"search_term_string\"}}],\"inLanguage\":\"fi\"},{\"@type\":\"Organization\",\"@id\":\"https:\\\/\\\/bbqassad.ee\\\/fi\\\/#organization\",\"name\":\"BBQ \u00c4ssad\",\"url\":\"https:\\\/\\\/bbqassad.ee\\\/fi\\\/\",\"logo\":{\"@type\":\"ImageObject\",\"inLanguage\":\"fi\",\"@id\":\"https:\\\/\\\/bbqassad.ee\\\/fi\\\/#\\\/schema\\\/logo\\\/image\\\/\",\"url\":\"https:\\\/\\\/bbqassad.ee\\\/wp-content\\\/uploads\\\/2022\\\/10\\\/BBQ-2ssadlogo.png\",\"contentUrl\":\"https:\\\/\\\/bbqassad.ee\\\/wp-content\\\/uploads\\\/2022\\\/10\\\/BBQ-2ssadlogo.png\",\"width\":1080,\"height\":1080,\"caption\":\"BBQ \u00c4ssad\"},\"image\":{\"@id\":\"https:\\\/\\\/bbqassad.ee\\\/fi\\\/#\\\/schema\\\/logo\\\/image\\\/\"},\"sameAs\":[\"https:\\\/\\\/www.facebook.com\\\/bbqassad\",\"https:\\\/\\\/www.youtube.com\\\/channel\\\/UCsoufn49J6TVi9Ah9meE93w\"]}]}<\/script>\n<!-- \/ Yoast SEO plugin. -->","yoast_head_json":{"title":"Tuffy Stone Sweet Rub -mausteseos - BBQ \u00c4ssad","description":"Tuffy Stone Sweet Rub on makeampi BBQ-mausteseos, joka sopii erityisesti sianlihan, kanan ja ribsien maustamiseen grilliss\u00e4 tai savustimessa.","robots":{"index":"index","follow":"follow","max-snippet":"max-snippet:-1","max-image-preview":"max-image-preview:large","max-video-preview":"max-video-preview:-1"},"canonical":"https:\/\/bbqassad.ee\/fi\/toode\/tuffy-stone-sweet-rub-mausteseos\/","og_locale":"fi_FI","og_type":"article","og_title":"Tuffy Stone Sweet Rub -mausteseos","og_description":"Tuffy Stone Sweet Rub on makeampi BBQ-mausteseos, joka sopii erityisesti sianlihan, kanan ja ribsien maustamiseen grilliss\u00e4 tai savustimessa. Tilaa BBQ Aces verkossa.","og_url":"https:\/\/bbqassad.ee\/fi\/toode\/tuffy-stone-sweet-rub-mausteseos\/","og_site_name":"BBQ \u00c4ssad","article_publisher":"https:\/\/www.facebook.com\/bbqassad","article_modified_time":"2026-04-14T06:33:00+00:00","og_image":[{"url":"https:\/\/bbqassad.ee\/wp-content\/uploads\/2025\/03\/Photo-sweet_whtbg_0623_e4937fb7-0955-4e11-b0f7-345f596b76dd.jpg-240x300.webp","type":"","width":"","height":""}],"twitter_card":"summary_large_image","twitter_misc":{"Arvioitu lukuaika":"1 minuutti"},"schema":{"@context":"https:\/\/schema.org","@graph":[{"@type":"WebPage","@id":"https:\/\/bbqassad.ee\/fi\/toode\/tuffy-stone-sweet-rub-mausteseos\/","url":"https:\/\/bbqassad.ee\/fi\/toode\/tuffy-stone-sweet-rub-mausteseos\/","name":"Tuffy Stone Sweet Rub -mausteseos - BBQ \u00c4ssad","isPartOf":{"@id":"https:\/\/bbqassad.ee\/fi\/#website"},"primaryImageOfPage":{"@id":"https:\/\/bbqassad.ee\/fi\/toode\/tuffy-stone-sweet-rub-mausteseos\/#primaryimage"},"image":{"@id":"https:\/\/bbqassad.ee\/fi\/toode\/tuffy-stone-sweet-rub-mausteseos\/#primaryimage"},"thumbnailUrl":"https:\/\/bbqassad.ee\/wp-content\/uploads\/2025\/03\/Photo-sweet_whtbg_0623_e4937fb7-0955-4e11-b0f7-345f596b76dd.jpg.webp","datePublished":"2025-03-19T11:51:22+00:00","dateModified":"2026-04-14T06:33:00+00:00","description":"Tuffy Stone Sweet Rub on makeampi BBQ-mausteseos, joka sopii erityisesti sianlihan, kanan ja ribsien maustamiseen grilliss\u00e4 tai savustimessa.","breadcrumb":{"@id":"https:\/\/bbqassad.ee\/fi\/toode\/tuffy-stone-sweet-rub-mausteseos\/#breadcrumb"},"inLanguage":"fi","potentialAction":[{"@type":"ReadAction","target":["https:\/\/bbqassad.ee\/fi\/toode\/tuffy-stone-sweet-rub-mausteseos\/"]}]},{"@type":"ImageObject","inLanguage":"fi","@id":"https:\/\/bbqassad.ee\/fi\/toode\/tuffy-stone-sweet-rub-mausteseos\/#primaryimage","url":"https:\/\/bbqassad.ee\/wp-content\/uploads\/2025\/03\/Photo-sweet_whtbg_0623_e4937fb7-0955-4e11-b0f7-345f596b76dd.jpg.webp","contentUrl":"https:\/\/bbqassad.ee\/wp-content\/uploads\/2025\/03\/Photo-sweet_whtbg_0623_e4937fb7-0955-4e11-b0f7-345f596b76dd.jpg.webp","width":1200,"height":1500,"caption":"Maitseainesegu Tuffy Stone Sweet Rub"},{"@type":"BreadcrumbList","@id":"https:\/\/bbqassad.ee\/fi\/toode\/tuffy-stone-sweet-rub-mausteseos\/#breadcrumb","itemListElement":[{"@type":"ListItem","position":1,"name":"Home","item":"https:\/\/bbqassad.ee\/fi\/bbq-assat\/"},{"@type":"ListItem","position":2,"name":"Verkkokauppa","item":"https:\/\/bbqassad.ee\/fi\/verkkokauppa\/"},{"@type":"ListItem","position":3,"name":"Tuffy Stone Sweet Rub -mausteseos"}]},{"@type":"WebSite","@id":"https:\/\/bbqassad.ee\/fi\/#website","url":"https:\/\/bbqassad.ee\/fi\/","name":"BBQ \u00c4ssad","description":"BBQ maitseained, kastmed, ahjud","publisher":{"@id":"https:\/\/bbqassad.ee\/fi\/#organization"},"potentialAction":[{"@type":"SearchAction","target":{"@type":"EntryPoint","urlTemplate":"https:\/\/bbqassad.ee\/fi\/?s={search_term_string}"},"query-input":{"@type":"PropertyValueSpecification","valueRequired":true,"valueName":"search_term_string"}}],"inLanguage":"fi"},{"@type":"Organization","@id":"https:\/\/bbqassad.ee\/fi\/#organization","name":"BBQ \u00c4ssad","url":"https:\/\/bbqassad.ee\/fi\/","logo":{"@type":"ImageObject","inLanguage":"fi","@id":"https:\/\/bbqassad.ee\/fi\/#\/schema\/logo\/image\/","url":"https:\/\/bbqassad.ee\/wp-content\/uploads\/2022\/10\/BBQ-2ssadlogo.png","contentUrl":"https:\/\/bbqassad.ee\/wp-content\/uploads\/2022\/10\/BBQ-2ssadlogo.png","width":1080,"height":1080,"caption":"BBQ \u00c4ssad"},"image":{"@id":"https:\/\/bbqassad.ee\/fi\/#\/schema\/logo\/image\/"},"sameAs":["https:\/\/www.facebook.com\/bbqassad","https:\/\/www.youtube.com\/channel\/UCsoufn49J6TVi9Ah9meE93w"]}]}},"_links":{"self":[{"href":"https:\/\/bbqassad.ee\/fi\/wp-json\/wp\/v2\/product\/22557","targetHints":{"allow":["GET"]}}],"collection":[{"href":"https:\/\/bbqassad.ee\/fi\/wp-json\/wp\/v2\/product"}],"about":[{"href":"https:\/\/bbqassad.ee\/fi\/wp-json\/wp\/v2\/types\/product"}],"replies":[{"embeddable":true,"href":"https:\/\/bbqassad.ee\/fi\/wp-json\/wp\/v2\/comments?post=22557"}],"wp:featuredmedia":[{"embeddable":true,"href":"https:\/\/bbqassad.ee\/fi\/wp-json\/wp\/v2\/media\/22558"}],"wp:attachment":[{"href":"https:\/\/bbqassad.ee\/fi\/wp-json\/wp\/v2\/media?parent=22557"}],"wp:term":[{"taxonomy":"product_brand","embeddable":true,"href":"https:\/\/bbqassad.ee\/fi\/wp-json\/wp\/v2\/product_brand?post=22557"},{"taxonomy":"product_cat","embeddable":true,"href":"https:\/\/bbqassad.ee\/fi\/wp-json\/wp\/v2\/product_cat?post=22557"},{"taxonomy":"product_tag","embeddable":true,"href":"https:\/\/bbqassad.ee\/fi\/wp-json\/wp\/v2\/product_tag?post=22557"}],"curies":[{"name":"wp","href":"https:\/\/api.w.org\/{rel}","templated":true}]}}