{"id":22553,"date":"2025-03-19T12:21:14","date_gmt":"2025-03-19T12:21:14","guid":{"rendered":"https:\/\/bbqassad.ee\/toode\/kamado-smokey-ii-dreamfire-ilmaiset-lisavarusteet\/"},"modified":"2026-04-14T06:32:59","modified_gmt":"2026-04-14T06:32:59","slug":"kamado-smokey-ii-dreamfire-ilmaiset-lisavarusteet","status":"publish","type":"product","link":"https:\/\/bbqassad.ee\/fi\/toode\/kamado-smokey-ii-dreamfire-ilmaiset-lisavarusteet\/","title":{"rendered":"Kamado Smokey II &#8211; Dreamfire\u00ae + ILMAISET lis\u00e4varusteet"},"content":{"rendered":"<h2>Kamado Smokey II + ILMAISET lis\u00e4varusteet<\/h2>\n<p>Dreamfire Kamado Smokey II sopii terasseille ja takapihoille, ja se on my\u00f6s suosituin kamadokoko. T\u00e4ll\u00e4 grillill\u00e4 voi kypsent\u00e4\u00e4 ~14-16 porsaan sis\u00e4fileet\u00e4 kerrallaan, mik\u00e4 riitt\u00e4\u00e4 suurelle perheelle, jossa on usein vieraita, tai muusta syyst\u00e4 kokata kerralla suuremman m\u00e4\u00e4r\u00e4n ruokaa (12-15+ henkil\u00f6\u00e4). Grilliss\u00e4 on tarpeeksi tilaa kypsent\u00e4\u00e4 lihaa, vihanneksia ja muita lisukkeita samanaikaisesti. Smokey II sopii my\u00f6s pienempiin ravintoloihin ja baareihin.   <\/p>\n<p>Dreamfire Kamado Smokey II:n eritt\u00e4in paksu keraaminen runko sitoo tehokkaasti kosteutta ja savua, mik\u00e4 pit\u00e4\u00e4 ruoan erityisen pehme\u00e4n\u00e4 ja maukkaana. Runko pysyy ulkopuolelta viile\u00e4mp\u00e4n\u00e4 kuin perinteinen grilli ja on siksi turvallisempi. Paksun keraamisen rungon ansiosta Dreamfire Kamado Smokey II sopii k\u00e4ytett\u00e4v\u00e4ksi my\u00f6s keskell\u00e4 talvea kovilla pakkasilla. Dreamfire Kamado Smokey II pit\u00e4\u00e4 l\u00e4mp\u00f6tilan vakaana pitki\u00e4 tunteja ilman erityisi\u00e4 s\u00e4\u00e4t\u00f6j\u00e4 &#8211; savusta kinkkua tai kypsenn\u00e4 revitty\u00e4 lihapalaa jopa 20 tuntia kerrallaan ilman huolta. Koska Smokey II on erityisen l\u00e4mp\u00f6tehokas, grilli s\u00e4\u00e4st\u00e4\u00e4 moninkertaisesti polttoainetta perinteiseen grilliin verrattuna. Grillin soikea muoto tekee sis\u00e4isest\u00e4 ilmavirtauksesta ihanteellisen ruoanlaittoon.     <\/p>\n<h3>LUX PRO, kolmitasoinen keittoj\u00e4rjestelm\u00e4, jossa on uusi muotoilu<\/h3>\n<p>Kolme tasoa, joiden alareunassa on ylim\u00e4\u00e4r\u00e4inen taso t\u00e4ydellist\u00e4 rusketusta varten. Dreamfire Kamado Smokey II on todella joustava grilli, jossa voit k\u00e4ytt\u00e4\u00e4 telineit\u00e4 ja deflektoreita kymmeniss\u00e4 eri kokoonpanoissa. Siin\u00e4 on 6 ruostumattomasta ter\u00e4ksest\u00e4 valmistettua raskasta puolikuun muotoista ritil\u00e4\u00e4, kaksi keraamista puolikuun muotoista deflektorilevy\u00e4 ja k\u00e4tev\u00e4t kahvat koko j\u00e4rjestelm\u00e4n nostamiseen. <\/p>\n<h3>Innovatiivinen ruostumattomasta ter\u00e4ksest\u00e4 valmistettu suppilo<\/h3>\n<p>Dreamfire Kamado Smokey II -grilliss\u00e4 on nyt upouusi yl\u00e4suojus, joka on suunniteltu pit\u00e4m\u00e4\u00e4n sateet poissa grillin sis\u00e4lt\u00e4 ja tarjoamaan samalla vertaansa vailla olevan grillin hallinnan. Mukana on kuumuutta kest\u00e4v\u00e4 suutin huoletonta l\u00e4mm\u00f6ns\u00e4\u00e4t\u00f6\u00e4 varten. <\/p>\n<h3>Aukko tuuletuspistokkeen ja -lukon asettamista varten<\/h3>\n<p>En\u00e4\u00e4 sinun ei tarvitse avata grillin kantta ja poistaa koko j\u00e4\u00e4nn\u00f6sj\u00e4rjestelm\u00e4\u00e4 vain savustimen lis\u00e4\u00e4miseksi. T\u00e4m\u00e4 voidaan tehd\u00e4 k\u00e4tev\u00e4sti Dreamfire Kamado Smokey II -hakassa olevan erityisen aukon kautta. T\u00e4m\u00e4n ansiosta kosteus, savu ja tietysti l\u00e4mp\u00f6 pysyv\u00e4t grillin sis\u00e4ll\u00e4, eiv\u00e4tk\u00e4 mene hukkaan.  <\/p>\n<h3>Ruostumattomasta ter\u00e4ksest\u00e4 valmistettu hiilikori<\/h3>\n<p>Dreamfire Kamado Smokey II:ssa on helppok\u00e4ytt\u00f6inen hiilikori, jonka avulla p\u00e4\u00e4set k\u00e4tev\u00e4sti eroon hiilien v\u00e4liss\u00e4 olevasta ylim\u00e4\u00e4r\u00e4isest\u00e4 tuhkasta ja varmistat hiilien t\u00e4ydellisen ilmavirran. Ennen Smokey II:n k\u00e4ytt\u00f6\u00e4 nosta hiilikori pois grillist\u00e4, ravista tuhka ja pienet hiililastut pois ja aseta kori takaisin grilliin. Hiilikorin avulla sinulla ei ole koskaan ongelmaa, ett\u00e4 hiilien alla on tuhkakerros, joka est\u00e4\u00e4 hiilt\u00e4 palamasta tehokkaasti.  <\/p>\n<h3>Dreamfire Meatspotter 100 Bluetooth-l\u00e4mp\u00f6mittari<\/h3>\n<p>Bluetooth Meatspotter 100 -l\u00e4mp\u00f6mittarimme antaa grillaajalle mielenrauhan ja mahdollisuuden jatkaa muita asioita Smokey II:n valmistellessa taas yht\u00e4 herkullista ateriaa. Kun ruoka on valmista tai grillin sis\u00e4l\u00e4mp\u00f6tila muuttuu asetetusta l\u00e4mp\u00f6tilasta, puhelimesi Meatspotter-sovellus ilmoittaa sinulle siit\u00e4. Helppok\u00e4ytt\u00f6isen sovelluksen ja suuren taustavalaistun n\u00e4yt\u00f6n ansiosta grillauskokemus on mukavampi kuin koskaan. Voit seurata grillin tapahtumia puhelimestasi kaukana grillist\u00e4, kun taas n\u00e4et l\u00e4mp\u00f6tilat grillin vieress\u00e4 olevalta suurelta n\u00e4yt\u00f6lt\u00e4.   <\/p>\n<h3>Moniosainen keraaminen tulipes\u00e4<\/h3>\n<p>Dreamfire Kamado Smokey II:ssa on ainutlaatuinen moniosainen tulipes\u00e4, joka on koottu jo tehtaalla ja sijoitettu k\u00e4tev\u00e4sti metallikehykseen. Moniosainen tulipes\u00e4 kest\u00e4\u00e4 suuria l\u00e4mp\u00f6tilavaihteluita, joten sinun ei tarvitse koskaan huolehtia sis\u00e4isen keramiikan halkeamisesta kuten klassisessa kamadossa. Metallikehyksen ansiosta tulipes\u00e4 on helppo nostaa ulos grillist\u00e4, jos sit\u00e4 on kuljetettava tai puhdistettava perusteellisesti.  <\/p>\n<h3>Eritt\u00e4in vahvat ruostumattomasta ter\u00e4ksest\u00e4 valmistetut ritil\u00e4t<\/h3>\n<p>Smokey II -grilliss\u00e4 on poikkeuksellisen paksut ruostumattomasta ter\u00e4ksest\u00e4 valmistetut ritil\u00e4t, jotka varastoivat l\u00e4mp\u00f6\u00e4 kuin valurauta. N\u00e4iden ritil\u00f6iden k\u00e4ytt\u00f6ik\u00e4 on eritt\u00e4in pitk\u00e4 paksun materiaalin ansiosta. Ruostumattomat puolikuun muotoiset reunat on helppo puhdistaa, eiv\u00e4tk\u00e4 ne taivu tai sula.  <\/p>\n<h3>Ruostumattomat yksityiskohdat<\/h3>\n<p>Smokey II kamadossa on korkealaatuisia 304 ruostumattomasta ter\u00e4ksest\u00e4 valmistettuja osia, mukaan lukien siivet, runko, kahva ja metallivy\u00f6t. Ruostumattomasta ter\u00e4ksest\u00e4 valmistettujen osien ansiosta sinun ei tarvitse huolehtia siit\u00e4, ett\u00e4 metalliosat ruostuvat jo muutaman kuukauden k\u00e4yt\u00f6n j\u00e4lkeen kamadossa. <\/p>\n<h3>Ruostumattomasta ter\u00e4ksest\u00e4 valmistettu runko ja eritt\u00e4in kest\u00e4v\u00e4t py\u00f6r\u00e4t<\/h3>\n<p>Dreamfire Kamado Smokey II -sarjassa on tukeva ruostumattomasta ter\u00e4ksest\u00e4 valmistettu runko, jossa on laadukkaat py\u00f6r\u00e4t, jotka antavat kamadolle tyylikk\u00e4\u00e4n kodin ja helpottavat sen liikuttelua.<\/p>\n<h3>Eritt\u00e4in paksu ja tihe\u00e4 keramiikka<\/h3>\n<p>Dreamfire Kamado Smokey II -kamadon keraaminen runko on valmistettu erityisen paksusta ja tihe\u00e4st\u00e4 keraamisesta materiaalista, mik\u00e4 tekee Smokey II:sta erityisen kest\u00e4v\u00e4n ja paremmin l\u00e4mp\u00f6\u00e4 pit\u00e4v\u00e4n kuin muut kamadogrillit. Paksu keramiikka pit\u00e4\u00e4 my\u00f6s grillin ulkopinnan viile\u00e4mp\u00e4n\u00e4 kuin metalligrillit, mik\u00e4 tekee kamadosta turvallisemman grillityypin. <\/p>\n<h3>Eritt\u00e4in tehokas tiiviste rungon ja kannen v\u00e4liss\u00e4<\/h3>\n<p>Laadukas tiivistys tarkoittaa, ett\u00e4 kamado on t\u00e4ysin ilmatiivis vuosien ajan. Mit\u00e4 se tarkoittaa? Se tarkoittaa, ett\u00e4 grilliin syttyv\u00e4 tuli sammuu muutamassa minuutissa, kun suljet yl\u00e4- ja alatiivisteet &#8211; vertaansa vailla muilla johtavilla kamadovalmistajilla.  <\/p>\n<h3>Puiset sivulaudat, joissa on ripustuskoukut<\/h3>\n<p>Irrotettavat puiset sivupaneelit antavat grillille ty\u00f6tason, johon tarvikkeet voidaan sijoittaa k\u00e4tev\u00e4sti. Koukkujen p\u00e4\u00e4h\u00e4n voit ripustaa k\u00e4tev\u00e4sti pihdit, lapiot, hakkuuv\u00e4lineet ja paljon muuta. <\/p>\n<h3>Sadesuoja<\/h3>\n<p>Dreamfire Kamado Smokey II -pakkaus sis\u00e4lt\u00e4\u00e4 laadukkaan sadesuojan, joka pit\u00e4\u00e4 grillisi puhtaana ja suojaa sit\u00e4 UV-s\u00e4teilt\u00e4, sateelta, lumelta ja (siitep\u00f6lylt\u00e4) p\u00f6lylt\u00e4.<\/p>\n<h3>Fume Filler ja Ash Loop<\/h3>\n<p>Pakkaus sis\u00e4lt\u00e4\u00e4 erityisen metallisen tuhka-astian, jonka avulla tuhka voidaan poistaa k\u00e4tev\u00e4sti pohjasta, sek\u00e4 erikoisty\u00f6kalun savuhakkeen lis\u00e4\u00e4miseksi rungon aukkoon.<\/p>\n<h3>Helppo koota<\/h3>\n<p>Dreamfire Kamado Smokey II toimitetaan pitk\u00e4lti valmiiksi koottuna, mik\u00e4 tarkoittaa, ett\u00e4 sinun tarvitsee vain koota runko ja ruuvata kahva ja sivulevyt kiinni. Kaikki muu on jo valmiiksi koottu, joten grilli voidaan koota alle 30 minuutissa. <\/p>\n<h3>Dreamfire-ruostumattomasta ter\u00e4ksest\u00e4 valmistetut sivulaudat<\/h3>\n<p>Dreamfire ruostumattomat sivulevyt Dreamfire Classic -kokoiseen grilliin (Trendy Classic, Comfy Classic, Smokey II).<\/p>\n<p>Ruostumattomasta ter\u00e4ksest\u00e4 valmistetut sivulevyt lis\u00e4\u00e4v\u00e4t grilliin sek\u00e4 k\u00e4yt\u00e4nn\u00f6llisyytt\u00e4 ett\u00e4 esteettisyytt\u00e4. Ruostumattomat sivup\u00f6yd\u00e4t on eritt\u00e4in helppo puhdistaa ja ne ovat t\u00e4ysin s\u00e4\u00e4nkest\u00e4vi\u00e4. <\/p>\n<p>Mitat: 27cm leveys, 39cm korkeus.<\/p>\n<h1 class=\"product_title entry-title\">Dreamfire puolikuu plancha Classic<\/h1>\n<p>T\u00c4YDENNYSLEVY LUX PRO Classic ja LUX L. Metallinen puolikuulevy . Levy on tarttumaton, helppo puhdistaa ja jakaa l\u00e4mm\u00f6n tasaisesti. Levy\u00e4 voidaan k\u00e4ytt\u00e4\u00e4 sek\u00e4 ruoanlaittoon ett\u00e4 l\u00e4mm\u00f6n hajottamiseen. Sopii kaikkiin kamadogrilleihin 21&#8243;:sta yl\u00f6sp\u00e4in.   <\/p>\n<p>Paksuus 5mm, pituus 46,7cm ja leveys 23cm.<\/p>\n<h3>Dreamfire tarvikepidike Dreamfire Classic<\/h3>\n<p>Dreamfire tarvikepidike Dreamfire Classic -kokoisiin grilleihin (Dreamfire Trendy Classic, Dreamfire Comfy Classic, Dreamfire Smokey II.<\/p>\n<p>Pidike kiinnittyy jalkakehikkoon, ja sen avulla grilliritil\u00e4t, l\u00e4mp\u00f6levittimet, pizzakivet jne. voidaan sijoittaa k\u00e4tev\u00e4sti paikalleen.<\/p>\n<h3>Tekniset tiedot:<\/h3>\n<p>V\u00e4ri: Night Sky (Y\u00f6taivas)<br \/>\nRungon vapaa tila: 56,5cm (22&#8243;)<br \/>\nRungon sis\u00e4halkaisija: 50cm (20&#8243;)<br \/>\nRungon halkaisija: 47cm (19&#8243;)<br \/>\nLeivonta-alue yhdell\u00e4 tasolla: 1735 cm2<br \/>\nKokonaiskeittoala kolmella tasolla LUX PRO -j\u00e4rjestelm\u00e4ll\u00e4: 5205 cm2.<br \/>\nElinik\u00e4inen rajoitettu takuu<br \/>\nYksinomainen sile\u00e4 runkomuotoilu<\/p>\n","protected":false},"excerpt":{"rendered":"<p>Kamado Smokey II + ILMAISET lis\u00e4varusteet Dreamfire Kamado Smokey II sopii terasseille ja takapihoille, ja se on my\u00f6s suosituin kamadokoko. T\u00e4ll\u00e4 grillill\u00e4 voi kypsent\u00e4\u00e4 ~14-16 porsaan sis\u00e4fileet\u00e4 kerrallaan, mik\u00e4 riitt\u00e4\u00e4 suurelle perheelle, jossa on usein vieraita, tai muusta syyst\u00e4 kokata kerralla suuremman m\u00e4\u00e4r\u00e4n ruokaa (12-15+ henkil\u00f6\u00e4). Grilliss\u00e4 on tarpeeksi tilaa kypsent\u00e4\u00e4 lihaa, vihanneksia ja muita [&#8230;]\n","protected":false},"featured_media":6771,"comment_status":"open","ping_status":"closed","template":"","meta":[],"product_brand":[],"product_cat":[781],"product_tag":[],"class_list":{"0":"post-22553","1":"product","2":"type-product","3":"status-publish","4":"has-post-thumbnail","6":"product_cat-uunit","7":"product_shipping_class-ilmainen-toimitus","9":"first","10":"outofstock","11":"taxable","12":"shipping-taxable","13":"purchasable","14":"product-type-simple"},"yoast_head":"<!-- This site is optimized with the Yoast SEO plugin v27.4 - https:\/\/yoast.com\/product\/yoast-seo-wordpress\/ -->\n<title>Kamado Smokey II - Dreamfire\u00ae + ILMAISET lis\u00e4varusteet -% BBQ \u00c4ssad%<\/title>\n<meta name=\"description\" content=\"Kamado Smokey II on t\u00e4ydellinen valinta grillaamiseen ja savustamiseen. Sen kompakti muotoilu ja laadukas rakenne takaavat erinomaiset tulokset kaikissa ruoanvalmistussovelluksissa.\" \/>\n<meta name=\"robots\" content=\"index, follow, max-snippet:-1, max-image-preview:large, max-video-preview:-1\" \/>\n<link rel=\"canonical\" href=\"https:\/\/bbqassad.ee\/fi\/toode\/kamado-smokey-ii-dreamfire-ilmaiset-lisavarusteet\/\" \/>\n<meta property=\"og:locale\" content=\"fi_FI\" \/>\n<meta property=\"og:type\" content=\"article\" \/>\n<meta property=\"og:title\" content=\"Kamado Smokey II - Dreamfire\u00ae + ILMAISET lis\u00e4varusteet -% BBQ \u00c4ssad%\" \/>\n<meta property=\"og:description\" content=\"Kamado Smokey II on t\u00e4ydellinen valinta grillaamiseen ja savustamiseen. Sen kompakti muotoilu ja laadukas rakenne takaavat erinomaiset tulokset kaikissa ruoanvalmistussovelluksissa.\" \/>\n<meta property=\"og:url\" content=\"https:\/\/bbqassad.ee\/fi\/toode\/kamado-smokey-ii-dreamfire-ilmaiset-lisavarusteet\/\" \/>\n<meta property=\"og:site_name\" content=\"BBQ \u00c4ssad\" \/>\n<meta property=\"article:publisher\" content=\"https:\/\/www.facebook.com\/bbqassad\" \/>\n<meta property=\"article:modified_time\" content=\"2026-04-14T06:32:59+00:00\" \/>\n<meta property=\"og:image\" content=\"https:\/\/bbqassad.ee\/wp-content\/uploads\/2025\/03\/Nimetu-kujundus-78.png\" \/>\n<meta name=\"twitter:card\" content=\"summary_large_image\" \/>\n<meta name=\"twitter:title\" content=\"Kamado Smokey II - Dreamfire\u00ae + ILMAISET lis\u00e4varusteet -% BBQ \u00c4ssad%\" \/>\n<meta name=\"twitter:description\" content=\"Kamado Smokey II on t\u00e4ydellinen valinta grillaamiseen ja savustamiseen. Sen kompakti muotoilu ja laadukas rakenne takaavat erinomaiset tulokset kaikissa ruoanvalmistussovelluksissa.\" \/>\n<meta name=\"twitter:image\" content=\"https:\/\/bbqassad.ee\/wp-content\/uploads\/2025\/03\/Nimetu-kujundus-78.png\" \/>\n<meta name=\"twitter:label1\" content=\"Arvioitu lukuaika\" \/>\n\t<meta name=\"twitter:data1\" content=\"6 minuuttia\" \/>\n<script type=\"application\/ld+json\" class=\"yoast-schema-graph\">{\"@context\":\"https:\\\/\\\/schema.org\",\"@graph\":[{\"@type\":\"WebPage\",\"@id\":\"https:\\\/\\\/bbqassad.ee\\\/fi\\\/toode\\\/kamado-smokey-ii-dreamfire-ilmaiset-lisavarusteet\\\/\",\"url\":\"https:\\\/\\\/bbqassad.ee\\\/fi\\\/toode\\\/kamado-smokey-ii-dreamfire-ilmaiset-lisavarusteet\\\/\",\"name\":\"Kamado Smokey II - Dreamfire\u00ae + ILMAISET lis\u00e4varusteet -% BBQ \u00c4ssad%\",\"isPartOf\":{\"@id\":\"https:\\\/\\\/bbqassad.ee\\\/fi\\\/#website\"},\"primaryImageOfPage\":{\"@id\":\"https:\\\/\\\/bbqassad.ee\\\/fi\\\/toode\\\/kamado-smokey-ii-dreamfire-ilmaiset-lisavarusteet\\\/#primaryimage\"},\"image\":{\"@id\":\"https:\\\/\\\/bbqassad.ee\\\/fi\\\/toode\\\/kamado-smokey-ii-dreamfire-ilmaiset-lisavarusteet\\\/#primaryimage\"},\"thumbnailUrl\":\"https:\\\/\\\/bbqassad.ee\\\/wp-content\\\/uploads\\\/2025\\\/03\\\/Nimetu-kujundus-78.png\",\"datePublished\":\"2025-03-19T12:21:14+00:00\",\"dateModified\":\"2026-04-14T06:32:59+00:00\",\"description\":\"Kamado Smokey II on t\u00e4ydellinen valinta grillaamiseen ja savustamiseen. Sen kompakti muotoilu ja laadukas rakenne takaavat erinomaiset tulokset kaikissa ruoanvalmistussovelluksissa.\",\"breadcrumb\":{\"@id\":\"https:\\\/\\\/bbqassad.ee\\\/fi\\\/toode\\\/kamado-smokey-ii-dreamfire-ilmaiset-lisavarusteet\\\/#breadcrumb\"},\"inLanguage\":\"fi\",\"potentialAction\":[{\"@type\":\"ReadAction\",\"target\":[\"https:\\\/\\\/bbqassad.ee\\\/fi\\\/toode\\\/kamado-smokey-ii-dreamfire-ilmaiset-lisavarusteet\\\/\"]}]},{\"@type\":\"ImageObject\",\"inLanguage\":\"fi\",\"@id\":\"https:\\\/\\\/bbqassad.ee\\\/fi\\\/toode\\\/kamado-smokey-ii-dreamfire-ilmaiset-lisavarusteet\\\/#primaryimage\",\"url\":\"https:\\\/\\\/bbqassad.ee\\\/wp-content\\\/uploads\\\/2025\\\/03\\\/Nimetu-kujundus-78.png\",\"contentUrl\":\"https:\\\/\\\/bbqassad.ee\\\/wp-content\\\/uploads\\\/2025\\\/03\\\/Nimetu-kujundus-78.png\",\"width\":1280,\"height\":720},{\"@type\":\"BreadcrumbList\",\"@id\":\"https:\\\/\\\/bbqassad.ee\\\/fi\\\/toode\\\/kamado-smokey-ii-dreamfire-ilmaiset-lisavarusteet\\\/#breadcrumb\",\"itemListElement\":[{\"@type\":\"ListItem\",\"position\":1,\"name\":\"Home\",\"item\":\"https:\\\/\\\/bbqassad.ee\\\/fi\\\/bbq-assat\\\/\"},{\"@type\":\"ListItem\",\"position\":2,\"name\":\"Verkkokauppa\",\"item\":\"https:\\\/\\\/bbqassad.ee\\\/fi\\\/verkkokauppa\\\/\"},{\"@type\":\"ListItem\",\"position\":3,\"name\":\"Kamado Smokey II &#8211; Dreamfire\u00ae + ILMAISET lis\u00e4varusteet\"}]},{\"@type\":\"WebSite\",\"@id\":\"https:\\\/\\\/bbqassad.ee\\\/fi\\\/#website\",\"url\":\"https:\\\/\\\/bbqassad.ee\\\/fi\\\/\",\"name\":\"BBQ \u00c4ssad\",\"description\":\"BBQ maitseained, kastmed, ahjud\",\"publisher\":{\"@id\":\"https:\\\/\\\/bbqassad.ee\\\/fi\\\/#organization\"},\"potentialAction\":[{\"@type\":\"SearchAction\",\"target\":{\"@type\":\"EntryPoint\",\"urlTemplate\":\"https:\\\/\\\/bbqassad.ee\\\/fi\\\/?s={search_term_string}\"},\"query-input\":{\"@type\":\"PropertyValueSpecification\",\"valueRequired\":true,\"valueName\":\"search_term_string\"}}],\"inLanguage\":\"fi\"},{\"@type\":\"Organization\",\"@id\":\"https:\\\/\\\/bbqassad.ee\\\/fi\\\/#organization\",\"name\":\"BBQ \u00c4ssad\",\"url\":\"https:\\\/\\\/bbqassad.ee\\\/fi\\\/\",\"logo\":{\"@type\":\"ImageObject\",\"inLanguage\":\"fi\",\"@id\":\"https:\\\/\\\/bbqassad.ee\\\/fi\\\/#\\\/schema\\\/logo\\\/image\\\/\",\"url\":\"https:\\\/\\\/bbqassad.ee\\\/wp-content\\\/uploads\\\/2022\\\/10\\\/BBQ-2ssadlogo.png\",\"contentUrl\":\"https:\\\/\\\/bbqassad.ee\\\/wp-content\\\/uploads\\\/2022\\\/10\\\/BBQ-2ssadlogo.png\",\"width\":1080,\"height\":1080,\"caption\":\"BBQ \u00c4ssad\"},\"image\":{\"@id\":\"https:\\\/\\\/bbqassad.ee\\\/fi\\\/#\\\/schema\\\/logo\\\/image\\\/\"},\"sameAs\":[\"https:\\\/\\\/www.facebook.com\\\/bbqassad\",\"https:\\\/\\\/www.youtube.com\\\/channel\\\/UCsoufn49J6TVi9Ah9meE93w\"]}]}<\/script>\n<!-- \/ Yoast SEO plugin. -->","yoast_head_json":{"title":"Kamado Smokey II - Dreamfire\u00ae + ILMAISET lis\u00e4varusteet -% BBQ \u00c4ssad%","description":"Kamado Smokey II on t\u00e4ydellinen valinta grillaamiseen ja savustamiseen. Sen kompakti muotoilu ja laadukas rakenne takaavat erinomaiset tulokset kaikissa ruoanvalmistussovelluksissa.","robots":{"index":"index","follow":"follow","max-snippet":"max-snippet:-1","max-image-preview":"max-image-preview:large","max-video-preview":"max-video-preview:-1"},"canonical":"https:\/\/bbqassad.ee\/fi\/toode\/kamado-smokey-ii-dreamfire-ilmaiset-lisavarusteet\/","og_locale":"fi_FI","og_type":"article","og_title":"Kamado Smokey II - Dreamfire\u00ae + ILMAISET lis\u00e4varusteet -% BBQ \u00c4ssad%","og_description":"Kamado Smokey II on t\u00e4ydellinen valinta grillaamiseen ja savustamiseen. Sen kompakti muotoilu ja laadukas rakenne takaavat erinomaiset tulokset kaikissa ruoanvalmistussovelluksissa.","og_url":"https:\/\/bbqassad.ee\/fi\/toode\/kamado-smokey-ii-dreamfire-ilmaiset-lisavarusteet\/","og_site_name":"BBQ \u00c4ssad","article_publisher":"https:\/\/www.facebook.com\/bbqassad","article_modified_time":"2026-04-14T06:32:59+00:00","og_image":[{"url":"https:\/\/bbqassad.ee\/wp-content\/uploads\/2025\/03\/Nimetu-kujundus-78.png","type":"","width":"","height":""}],"twitter_card":"summary_large_image","twitter_title":"Kamado Smokey II - Dreamfire\u00ae + ILMAISET lis\u00e4varusteet -% BBQ \u00c4ssad%","twitter_description":"Kamado Smokey II on t\u00e4ydellinen valinta grillaamiseen ja savustamiseen. Sen kompakti muotoilu ja laadukas rakenne takaavat erinomaiset tulokset kaikissa ruoanvalmistussovelluksissa.","twitter_image":"https:\/\/bbqassad.ee\/wp-content\/uploads\/2025\/03\/Nimetu-kujundus-78.png","twitter_misc":{"Arvioitu lukuaika":"6 minuuttia"},"schema":{"@context":"https:\/\/schema.org","@graph":[{"@type":"WebPage","@id":"https:\/\/bbqassad.ee\/fi\/toode\/kamado-smokey-ii-dreamfire-ilmaiset-lisavarusteet\/","url":"https:\/\/bbqassad.ee\/fi\/toode\/kamado-smokey-ii-dreamfire-ilmaiset-lisavarusteet\/","name":"Kamado Smokey II - Dreamfire\u00ae + ILMAISET lis\u00e4varusteet -% BBQ \u00c4ssad%","isPartOf":{"@id":"https:\/\/bbqassad.ee\/fi\/#website"},"primaryImageOfPage":{"@id":"https:\/\/bbqassad.ee\/fi\/toode\/kamado-smokey-ii-dreamfire-ilmaiset-lisavarusteet\/#primaryimage"},"image":{"@id":"https:\/\/bbqassad.ee\/fi\/toode\/kamado-smokey-ii-dreamfire-ilmaiset-lisavarusteet\/#primaryimage"},"thumbnailUrl":"https:\/\/bbqassad.ee\/wp-content\/uploads\/2025\/03\/Nimetu-kujundus-78.png","datePublished":"2025-03-19T12:21:14+00:00","dateModified":"2026-04-14T06:32:59+00:00","description":"Kamado Smokey II on t\u00e4ydellinen valinta grillaamiseen ja savustamiseen. Sen kompakti muotoilu ja laadukas rakenne takaavat erinomaiset tulokset kaikissa ruoanvalmistussovelluksissa.","breadcrumb":{"@id":"https:\/\/bbqassad.ee\/fi\/toode\/kamado-smokey-ii-dreamfire-ilmaiset-lisavarusteet\/#breadcrumb"},"inLanguage":"fi","potentialAction":[{"@type":"ReadAction","target":["https:\/\/bbqassad.ee\/fi\/toode\/kamado-smokey-ii-dreamfire-ilmaiset-lisavarusteet\/"]}]},{"@type":"ImageObject","inLanguage":"fi","@id":"https:\/\/bbqassad.ee\/fi\/toode\/kamado-smokey-ii-dreamfire-ilmaiset-lisavarusteet\/#primaryimage","url":"https:\/\/bbqassad.ee\/wp-content\/uploads\/2025\/03\/Nimetu-kujundus-78.png","contentUrl":"https:\/\/bbqassad.ee\/wp-content\/uploads\/2025\/03\/Nimetu-kujundus-78.png","width":1280,"height":720},{"@type":"BreadcrumbList","@id":"https:\/\/bbqassad.ee\/fi\/toode\/kamado-smokey-ii-dreamfire-ilmaiset-lisavarusteet\/#breadcrumb","itemListElement":[{"@type":"ListItem","position":1,"name":"Home","item":"https:\/\/bbqassad.ee\/fi\/bbq-assat\/"},{"@type":"ListItem","position":2,"name":"Verkkokauppa","item":"https:\/\/bbqassad.ee\/fi\/verkkokauppa\/"},{"@type":"ListItem","position":3,"name":"Kamado Smokey II &#8211; Dreamfire\u00ae + ILMAISET lis\u00e4varusteet"}]},{"@type":"WebSite","@id":"https:\/\/bbqassad.ee\/fi\/#website","url":"https:\/\/bbqassad.ee\/fi\/","name":"BBQ \u00c4ssad","description":"BBQ maitseained, kastmed, ahjud","publisher":{"@id":"https:\/\/bbqassad.ee\/fi\/#organization"},"potentialAction":[{"@type":"SearchAction","target":{"@type":"EntryPoint","urlTemplate":"https:\/\/bbqassad.ee\/fi\/?s={search_term_string}"},"query-input":{"@type":"PropertyValueSpecification","valueRequired":true,"valueName":"search_term_string"}}],"inLanguage":"fi"},{"@type":"Organization","@id":"https:\/\/bbqassad.ee\/fi\/#organization","name":"BBQ \u00c4ssad","url":"https:\/\/bbqassad.ee\/fi\/","logo":{"@type":"ImageObject","inLanguage":"fi","@id":"https:\/\/bbqassad.ee\/fi\/#\/schema\/logo\/image\/","url":"https:\/\/bbqassad.ee\/wp-content\/uploads\/2022\/10\/BBQ-2ssadlogo.png","contentUrl":"https:\/\/bbqassad.ee\/wp-content\/uploads\/2022\/10\/BBQ-2ssadlogo.png","width":1080,"height":1080,"caption":"BBQ \u00c4ssad"},"image":{"@id":"https:\/\/bbqassad.ee\/fi\/#\/schema\/logo\/image\/"},"sameAs":["https:\/\/www.facebook.com\/bbqassad","https:\/\/www.youtube.com\/channel\/UCsoufn49J6TVi9Ah9meE93w"]}]}},"_links":{"self":[{"href":"https:\/\/bbqassad.ee\/fi\/wp-json\/wp\/v2\/product\/22553","targetHints":{"allow":["GET"]}}],"collection":[{"href":"https:\/\/bbqassad.ee\/fi\/wp-json\/wp\/v2\/product"}],"about":[{"href":"https:\/\/bbqassad.ee\/fi\/wp-json\/wp\/v2\/types\/product"}],"replies":[{"embeddable":true,"href":"https:\/\/bbqassad.ee\/fi\/wp-json\/wp\/v2\/comments?post=22553"}],"wp:featuredmedia":[{"embeddable":true,"href":"https:\/\/bbqassad.ee\/fi\/wp-json\/wp\/v2\/media\/6771"}],"wp:attachment":[{"href":"https:\/\/bbqassad.ee\/fi\/wp-json\/wp\/v2\/media?parent=22553"}],"wp:term":[{"taxonomy":"product_brand","embeddable":true,"href":"https:\/\/bbqassad.ee\/fi\/wp-json\/wp\/v2\/product_brand?post=22553"},{"taxonomy":"product_cat","embeddable":true,"href":"https:\/\/bbqassad.ee\/fi\/wp-json\/wp\/v2\/product_cat?post=22553"},{"taxonomy":"product_tag","embeddable":true,"href":"https:\/\/bbqassad.ee\/fi\/wp-json\/wp\/v2\/product_tag?post=22553"}],"curies":[{"name":"wp","href":"https:\/\/api.w.org\/{rel}","templated":true}]}}