{"id":22544,"date":"2025-04-16T09:56:40","date_gmt":"2025-04-16T09:56:40","guid":{"rendered":"https:\/\/bbqassad.ee\/toode\/jds-xxtra-hot-honey-habaneroga-hunaja\/"},"modified":"2026-04-14T06:32:59","modified_gmt":"2026-04-14T06:32:59","slug":"jds-xxtra-hot-honey-habaneroga-hunaja","status":"publish","type":"product","link":"https:\/\/bbqassad.ee\/fi\/toode\/jds-xxtra-hot-honey-habaneroga-hunaja\/","title":{"rendered":"JD&#8217;s XXTRA HOT Habanero Honey"},"content":{"rendered":"<div>\n<h2>JD&#8217;d XXTRA HOT Honey Habaneroga-hunaja<\/h2>\n<p>JD&#8217;s XXTRA HOT Honey with habanero on uudenlainen hunaja, joka on mausteinen. Se on sekoitus makeaa ja kukkaista hunajaa, jossa on mausteinen habaneron maku. Se on uusi kastike pizzaan, kalaan, kanaan, paahdettuihin vihanneksiin, j\u00e4\u00e4tel\u00f6\u00f6n, vohveleihin ja kaikkeen muuhun, mit\u00e4 voit kuvitella, tilkitsemiseen, dippaamiseen ja vain juomiseen.  <\/p>\n<h3>BBQ Aces kommentti<\/h3>\n<p>No se on tehty sopimus, joka vei maailman t\u00e4ydellisen myrskyn. Mutta sen t\u00e4ytyy olla hyv\u00e4\u00e4 tavaraa, jos sit\u00e4 kokeilleet ovat heti varanneet ensimm\u00e4isen er\u00e4n. Blown away \ud83d\ude42  <\/p>\n<h3>Ammattilaisen vinkki<\/h3>\n<p>Se, mit\u00e4 laitetaan pizzan p\u00e4\u00e4lle lihan ja kaiken muun mieleen tulevan kanssa. Muuten se on ehk\u00e4 paras taistelija talvisin vilustumistamme vastaan, mausteet l\u00f6ys\u00e4\u00e4v\u00e4t heti kidukset. <\/p>\n<\/div>\n<div><span lang=\"EN-US\"> <\/span><\/div>\n","protected":false},"excerpt":{"rendered":"<p style=\"font-weight: 400;\"><strong>JD&#8217;s XXTRA HOT Honey Habanero Infused<\/strong> Net 350 g.<\/p>\n<p style=\"font-weight: 400;\"><strong>Ainesosat<\/strong>: Hunaja, habaneropaprika (sis\u00e4lt\u00e4\u00e4 suolaa, etikkahappoa), tislattu etikka, luontaiset aromit. Kulutetaan mieluummin ennen: katso embar lage . S\u00e4ilyt\u00e4 huoneenl\u00e4mm\u00f6ss\u00e4. K\u00e4yt\u00e4 12 viikon kuluessa avaamisesta.    <\/p>\n<p style=\"font-weight: 400;\"><strong>Ravintosis\u00e4lt\u00f6 100 g:aa kohti<\/strong>: energia: 1241 kJ\/296 kcal; rasvat: 0 g, josta tyydyttyneit\u00e4 rasvahappoja: 0 g; hiilihydraatit: 77 g, josta sokereita: 76,6 g; proteiinit: 0,4 g; suola: 0 g.<\/p>\n","protected":false},"featured_media":22546,"comment_status":"open","ping_status":"closed","template":"","meta":[],"product_brand":[],"product_cat":[788],"product_tag":[],"class_list":{"0":"post-22544","1":"product","2":"type-product","3":"status-publish","4":"has-post-thumbnail","6":"product_cat-kastit","8":"first","9":"instock","10":"taxable","11":"shipping-taxable","12":"purchasable","13":"product-type-simple"},"yoast_head":"<!-- This site is optimized with the Yoast SEO plugin v27.4 - https:\/\/yoast.com\/product\/yoast-seo-wordpress\/ -->\n<title>JD&#039;s XXTRA HOT Habanero Honey - BBQ \u00c4ssad<\/title>\n<meta name=\"description\" content=\"Eritt\u00e4in ter\u00e4v\u00e4 habanerohedelm\u00e4hunaja. JD&#039;s XXTRA HOT -hunaja (350 g) sopii grillatulle lihalle, pizzalle, hampurilaisille ja siivekkeille - lis\u00e4\u00e4 makean mausteista s\u00e4rm\u00e4\u00e4.\" \/>\n<meta name=\"robots\" content=\"index, follow, max-snippet:-1, max-image-preview:large, max-video-preview:-1\" \/>\n<link rel=\"canonical\" href=\"https:\/\/bbqassad.ee\/fi\/toode\/jds-xxtra-hot-honey-habaneroga-hunaja\/\" \/>\n<meta property=\"og:locale\" content=\"fi_FI\" \/>\n<meta property=\"og:type\" content=\"article\" \/>\n<meta property=\"og:title\" content=\"JD&#039;s XXTRA HOT Honey habaneroga-hunaja\" \/>\n<meta property=\"og:description\" content=\"Eritt\u00e4in ter\u00e4v\u00e4 habanerohedelm\u00e4hunaja. JD&#039;s XXTRA HOT -hunaja (350 g) sopii grillatulle lihalle, pizzalle, hampurilaisille ja siivekkeille - lis\u00e4\u00e4 makean mausteista s\u00e4rm\u00e4\u00e4.\" \/>\n<meta property=\"og:url\" content=\"https:\/\/bbqassad.ee\/fi\/toode\/jds-xxtra-hot-honey-habaneroga-hunaja\/\" \/>\n<meta property=\"og:site_name\" content=\"BBQ \u00c4ssad\" \/>\n<meta property=\"article:publisher\" content=\"https:\/\/www.facebook.com\/bbqassad\" \/>\n<meta property=\"article:modified_time\" content=\"2026-04-14T06:32:59+00:00\" \/>\n<meta property=\"og:image\" content=\"https:\/\/bbqassad.ee\/wp-content\/uploads\/2025\/04\/Nimetu-kujundus-103-1024x576.png\" \/>\n<meta name=\"twitter:card\" content=\"summary_large_image\" \/>\n<meta name=\"twitter:label1\" content=\"Arvioitu lukuaika\" \/>\n\t<meta name=\"twitter:data1\" content=\"1 minuutti\" \/>\n<script type=\"application\/ld+json\" class=\"yoast-schema-graph\">{\"@context\":\"https:\\\/\\\/schema.org\",\"@graph\":[{\"@type\":\"WebPage\",\"@id\":\"https:\\\/\\\/bbqassad.ee\\\/fi\\\/toode\\\/jds-xxtra-hot-honey-habaneroga-hunaja\\\/\",\"url\":\"https:\\\/\\\/bbqassad.ee\\\/fi\\\/toode\\\/jds-xxtra-hot-honey-habaneroga-hunaja\\\/\",\"name\":\"JD's XXTRA HOT Habanero Honey - BBQ \u00c4ssad\",\"isPartOf\":{\"@id\":\"https:\\\/\\\/bbqassad.ee\\\/fi\\\/#website\"},\"primaryImageOfPage\":{\"@id\":\"https:\\\/\\\/bbqassad.ee\\\/fi\\\/toode\\\/jds-xxtra-hot-honey-habaneroga-hunaja\\\/#primaryimage\"},\"image\":{\"@id\":\"https:\\\/\\\/bbqassad.ee\\\/fi\\\/toode\\\/jds-xxtra-hot-honey-habaneroga-hunaja\\\/#primaryimage\"},\"thumbnailUrl\":\"https:\\\/\\\/bbqassad.ee\\\/wp-content\\\/uploads\\\/2025\\\/04\\\/Nimetu-kujundus-103.png\",\"datePublished\":\"2025-04-16T09:56:40+00:00\",\"dateModified\":\"2026-04-14T06:32:59+00:00\",\"description\":\"Eritt\u00e4in ter\u00e4v\u00e4 habanerohedelm\u00e4hunaja. JD's XXTRA HOT -hunaja (350 g) sopii grillatulle lihalle, pizzalle, hampurilaisille ja siivekkeille - lis\u00e4\u00e4 makean mausteista s\u00e4rm\u00e4\u00e4.\",\"breadcrumb\":{\"@id\":\"https:\\\/\\\/bbqassad.ee\\\/fi\\\/toode\\\/jds-xxtra-hot-honey-habaneroga-hunaja\\\/#breadcrumb\"},\"inLanguage\":\"fi\",\"potentialAction\":[{\"@type\":\"ReadAction\",\"target\":[\"https:\\\/\\\/bbqassad.ee\\\/fi\\\/toode\\\/jds-xxtra-hot-honey-habaneroga-hunaja\\\/\"]}]},{\"@type\":\"ImageObject\",\"inLanguage\":\"fi\",\"@id\":\"https:\\\/\\\/bbqassad.ee\\\/fi\\\/toode\\\/jds-xxtra-hot-honey-habaneroga-hunaja\\\/#primaryimage\",\"url\":\"https:\\\/\\\/bbqassad.ee\\\/wp-content\\\/uploads\\\/2025\\\/04\\\/Nimetu-kujundus-103.png\",\"contentUrl\":\"https:\\\/\\\/bbqassad.ee\\\/wp-content\\\/uploads\\\/2025\\\/04\\\/Nimetu-kujundus-103.png\",\"width\":1280,\"height\":720,\"caption\":\"JD's XXTRA HOT Honey habaneroga mesi\"},{\"@type\":\"BreadcrumbList\",\"@id\":\"https:\\\/\\\/bbqassad.ee\\\/fi\\\/toode\\\/jds-xxtra-hot-honey-habaneroga-hunaja\\\/#breadcrumb\",\"itemListElement\":[{\"@type\":\"ListItem\",\"position\":1,\"name\":\"Home\",\"item\":\"https:\\\/\\\/bbqassad.ee\\\/fi\\\/bbq-assat\\\/\"},{\"@type\":\"ListItem\",\"position\":2,\"name\":\"Verkkokauppa\",\"item\":\"https:\\\/\\\/bbqassad.ee\\\/fi\\\/verkkokauppa\\\/\"},{\"@type\":\"ListItem\",\"position\":3,\"name\":\"JD&#8217;s XXTRA HOT Habanero Honey\"}]},{\"@type\":\"WebSite\",\"@id\":\"https:\\\/\\\/bbqassad.ee\\\/fi\\\/#website\",\"url\":\"https:\\\/\\\/bbqassad.ee\\\/fi\\\/\",\"name\":\"BBQ \u00c4ssad\",\"description\":\"BBQ maitseained, kastmed, ahjud\",\"publisher\":{\"@id\":\"https:\\\/\\\/bbqassad.ee\\\/fi\\\/#organization\"},\"potentialAction\":[{\"@type\":\"SearchAction\",\"target\":{\"@type\":\"EntryPoint\",\"urlTemplate\":\"https:\\\/\\\/bbqassad.ee\\\/fi\\\/?s={search_term_string}\"},\"query-input\":{\"@type\":\"PropertyValueSpecification\",\"valueRequired\":true,\"valueName\":\"search_term_string\"}}],\"inLanguage\":\"fi\"},{\"@type\":\"Organization\",\"@id\":\"https:\\\/\\\/bbqassad.ee\\\/fi\\\/#organization\",\"name\":\"BBQ \u00c4ssad\",\"url\":\"https:\\\/\\\/bbqassad.ee\\\/fi\\\/\",\"logo\":{\"@type\":\"ImageObject\",\"inLanguage\":\"fi\",\"@id\":\"https:\\\/\\\/bbqassad.ee\\\/fi\\\/#\\\/schema\\\/logo\\\/image\\\/\",\"url\":\"https:\\\/\\\/bbqassad.ee\\\/wp-content\\\/uploads\\\/2022\\\/10\\\/BBQ-2ssadlogo.png\",\"contentUrl\":\"https:\\\/\\\/bbqassad.ee\\\/wp-content\\\/uploads\\\/2022\\\/10\\\/BBQ-2ssadlogo.png\",\"width\":1080,\"height\":1080,\"caption\":\"BBQ \u00c4ssad\"},\"image\":{\"@id\":\"https:\\\/\\\/bbqassad.ee\\\/fi\\\/#\\\/schema\\\/logo\\\/image\\\/\"},\"sameAs\":[\"https:\\\/\\\/www.facebook.com\\\/bbqassad\",\"https:\\\/\\\/www.youtube.com\\\/channel\\\/UCsoufn49J6TVi9Ah9meE93w\"]}]}<\/script>\n<!-- \/ Yoast SEO plugin. -->","yoast_head_json":{"title":"JD's XXTRA HOT Habanero Honey - BBQ \u00c4ssad","description":"Eritt\u00e4in ter\u00e4v\u00e4 habanerohedelm\u00e4hunaja. JD's XXTRA HOT -hunaja (350 g) sopii grillatulle lihalle, pizzalle, hampurilaisille ja siivekkeille - lis\u00e4\u00e4 makean mausteista s\u00e4rm\u00e4\u00e4.","robots":{"index":"index","follow":"follow","max-snippet":"max-snippet:-1","max-image-preview":"max-image-preview:large","max-video-preview":"max-video-preview:-1"},"canonical":"https:\/\/bbqassad.ee\/fi\/toode\/jds-xxtra-hot-honey-habaneroga-hunaja\/","og_locale":"fi_FI","og_type":"article","og_title":"JD's XXTRA HOT Honey habaneroga-hunaja","og_description":"Eritt\u00e4in ter\u00e4v\u00e4 habanerohedelm\u00e4hunaja. JD's XXTRA HOT -hunaja (350 g) sopii grillatulle lihalle, pizzalle, hampurilaisille ja siivekkeille - lis\u00e4\u00e4 makean mausteista s\u00e4rm\u00e4\u00e4.","og_url":"https:\/\/bbqassad.ee\/fi\/toode\/jds-xxtra-hot-honey-habaneroga-hunaja\/","og_site_name":"BBQ \u00c4ssad","article_publisher":"https:\/\/www.facebook.com\/bbqassad","article_modified_time":"2026-04-14T06:32:59+00:00","og_image":[{"url":"https:\/\/bbqassad.ee\/wp-content\/uploads\/2025\/04\/Nimetu-kujundus-103-1024x576.png","type":"","width":"","height":""}],"twitter_card":"summary_large_image","twitter_misc":{"Arvioitu lukuaika":"1 minuutti"},"schema":{"@context":"https:\/\/schema.org","@graph":[{"@type":"WebPage","@id":"https:\/\/bbqassad.ee\/fi\/toode\/jds-xxtra-hot-honey-habaneroga-hunaja\/","url":"https:\/\/bbqassad.ee\/fi\/toode\/jds-xxtra-hot-honey-habaneroga-hunaja\/","name":"JD's XXTRA HOT Habanero Honey - BBQ \u00c4ssad","isPartOf":{"@id":"https:\/\/bbqassad.ee\/fi\/#website"},"primaryImageOfPage":{"@id":"https:\/\/bbqassad.ee\/fi\/toode\/jds-xxtra-hot-honey-habaneroga-hunaja\/#primaryimage"},"image":{"@id":"https:\/\/bbqassad.ee\/fi\/toode\/jds-xxtra-hot-honey-habaneroga-hunaja\/#primaryimage"},"thumbnailUrl":"https:\/\/bbqassad.ee\/wp-content\/uploads\/2025\/04\/Nimetu-kujundus-103.png","datePublished":"2025-04-16T09:56:40+00:00","dateModified":"2026-04-14T06:32:59+00:00","description":"Eritt\u00e4in ter\u00e4v\u00e4 habanerohedelm\u00e4hunaja. JD's XXTRA HOT -hunaja (350 g) sopii grillatulle lihalle, pizzalle, hampurilaisille ja siivekkeille - lis\u00e4\u00e4 makean mausteista s\u00e4rm\u00e4\u00e4.","breadcrumb":{"@id":"https:\/\/bbqassad.ee\/fi\/toode\/jds-xxtra-hot-honey-habaneroga-hunaja\/#breadcrumb"},"inLanguage":"fi","potentialAction":[{"@type":"ReadAction","target":["https:\/\/bbqassad.ee\/fi\/toode\/jds-xxtra-hot-honey-habaneroga-hunaja\/"]}]},{"@type":"ImageObject","inLanguage":"fi","@id":"https:\/\/bbqassad.ee\/fi\/toode\/jds-xxtra-hot-honey-habaneroga-hunaja\/#primaryimage","url":"https:\/\/bbqassad.ee\/wp-content\/uploads\/2025\/04\/Nimetu-kujundus-103.png","contentUrl":"https:\/\/bbqassad.ee\/wp-content\/uploads\/2025\/04\/Nimetu-kujundus-103.png","width":1280,"height":720,"caption":"JD's XXTRA HOT Honey habaneroga mesi"},{"@type":"BreadcrumbList","@id":"https:\/\/bbqassad.ee\/fi\/toode\/jds-xxtra-hot-honey-habaneroga-hunaja\/#breadcrumb","itemListElement":[{"@type":"ListItem","position":1,"name":"Home","item":"https:\/\/bbqassad.ee\/fi\/bbq-assat\/"},{"@type":"ListItem","position":2,"name":"Verkkokauppa","item":"https:\/\/bbqassad.ee\/fi\/verkkokauppa\/"},{"@type":"ListItem","position":3,"name":"JD&#8217;s XXTRA HOT Habanero Honey"}]},{"@type":"WebSite","@id":"https:\/\/bbqassad.ee\/fi\/#website","url":"https:\/\/bbqassad.ee\/fi\/","name":"BBQ \u00c4ssad","description":"BBQ maitseained, kastmed, ahjud","publisher":{"@id":"https:\/\/bbqassad.ee\/fi\/#organization"},"potentialAction":[{"@type":"SearchAction","target":{"@type":"EntryPoint","urlTemplate":"https:\/\/bbqassad.ee\/fi\/?s={search_term_string}"},"query-input":{"@type":"PropertyValueSpecification","valueRequired":true,"valueName":"search_term_string"}}],"inLanguage":"fi"},{"@type":"Organization","@id":"https:\/\/bbqassad.ee\/fi\/#organization","name":"BBQ \u00c4ssad","url":"https:\/\/bbqassad.ee\/fi\/","logo":{"@type":"ImageObject","inLanguage":"fi","@id":"https:\/\/bbqassad.ee\/fi\/#\/schema\/logo\/image\/","url":"https:\/\/bbqassad.ee\/wp-content\/uploads\/2022\/10\/BBQ-2ssadlogo.png","contentUrl":"https:\/\/bbqassad.ee\/wp-content\/uploads\/2022\/10\/BBQ-2ssadlogo.png","width":1080,"height":1080,"caption":"BBQ \u00c4ssad"},"image":{"@id":"https:\/\/bbqassad.ee\/fi\/#\/schema\/logo\/image\/"},"sameAs":["https:\/\/www.facebook.com\/bbqassad","https:\/\/www.youtube.com\/channel\/UCsoufn49J6TVi9Ah9meE93w"]}]}},"_links":{"self":[{"href":"https:\/\/bbqassad.ee\/fi\/wp-json\/wp\/v2\/product\/22544","targetHints":{"allow":["GET"]}}],"collection":[{"href":"https:\/\/bbqassad.ee\/fi\/wp-json\/wp\/v2\/product"}],"about":[{"href":"https:\/\/bbqassad.ee\/fi\/wp-json\/wp\/v2\/types\/product"}],"replies":[{"embeddable":true,"href":"https:\/\/bbqassad.ee\/fi\/wp-json\/wp\/v2\/comments?post=22544"}],"wp:featuredmedia":[{"embeddable":true,"href":"https:\/\/bbqassad.ee\/fi\/wp-json\/wp\/v2\/media\/22546"}],"wp:attachment":[{"href":"https:\/\/bbqassad.ee\/fi\/wp-json\/wp\/v2\/media?parent=22544"}],"wp:term":[{"taxonomy":"product_brand","embeddable":true,"href":"https:\/\/bbqassad.ee\/fi\/wp-json\/wp\/v2\/product_brand?post=22544"},{"taxonomy":"product_cat","embeddable":true,"href":"https:\/\/bbqassad.ee\/fi\/wp-json\/wp\/v2\/product_cat?post=22544"},{"taxonomy":"product_tag","embeddable":true,"href":"https:\/\/bbqassad.ee\/fi\/wp-json\/wp\/v2\/product_tag?post=22544"}],"curies":[{"name":"wp","href":"https:\/\/api.w.org\/{rel}","templated":true}]}}