{"id":22540,"date":"2025-05-05T09:13:16","date_gmt":"2025-05-05T09:13:16","guid":{"rendered":"https:\/\/bbqassad.ee\/toode\/no-shit-mausteseos-soooo-free\/"},"modified":"2026-04-14T06:32:59","modified_gmt":"2026-04-14T06:32:59","slug":"no-shit-mausteseos-soooo-free","status":"publish","type":"product","link":"https:\/\/bbqassad.ee\/fi\/toode\/no-shit-mausteseos-soooo-free\/","title":{"rendered":"No Shit -mausteseos"},"content":{"rendered":"<h2>No Shit -mausteseos SOOOO FREE!<\/h2>\n<p>Kuten nimest\u00e4 voi p\u00e4\u00e4tell\u00e4, NO SHIT, siit\u00e4 on otettu jotain pois &#8211; suolaa. Se on eritt\u00e4in j\u00e4nnitt\u00e4v\u00e4 sekoitus, jossa on paljon yrttej\u00e4 ja sitrushedelmi\u00e4. <\/p>\n<h3>BBQ Aces kommentti<\/h3>\n<p>Laitat sen suuhusi, etk\u00e4 tied\u00e4 mit\u00e4 helvetti\u00e4 maistat, mutta sitten yrtit alkavat laulaa ja laulaa sinulle &#8211; hunaja-yrttikanaa:)<\/p>\n<h3>Ammattilaisen vinkki<\/h3>\n<p>Laita t\u00e4m\u00e4 vehje kalan p\u00e4\u00e4lle ja se pysyy hyvin j\u00e4nnitt\u00e4v\u00e4n\u00e4, mutta&#8230;. laita siihen suolaa. <\/p>\n","protected":false},"excerpt":{"rendered":"<p>Tuottaja: Big Cock Ranch<\/p>\n<p>Paino: 227g<\/p>\n<p>Ainesosat: sipulirouhe, valkosipuli, basilikkarakeet, paprika, persilja, <strong>sellerirouhe<\/strong>, punapippurirakeet, kalsiumstearaatti.<\/p>\n","protected":false},"featured_media":22541,"comment_status":"open","ping_status":"closed","template":"","meta":[],"product_brand":[137],"product_cat":[802],"product_tag":[],"class_list":{"0":"post-22540","1":"product","2":"type-product","3":"status-publish","4":"has-post-thumbnail","6":"product_brand-big-cock-ranch","7":"product_cat-sekoitukset","9":"first","10":"outofstock","11":"taxable","12":"shipping-taxable","13":"purchasable","14":"product-type-simple"},"yoast_head":"<!-- This site is optimized with the Yoast SEO plugin v27.4 - https:\/\/yoast.com\/product\/yoast-seo-wordpress\/ -->\n<title>No Shit -mausteseos SOOO ILMAINEN! -% BBQ \u00c4ssad%<\/title>\n<meta name=\"description\" content=\"No Shit -mausteseos on suolaton mausteseos, joka sis\u00e4lt\u00e4\u00e4 sipuli- ja valkosipulirakeet, basilikkarakeet ja sekoituksen muita ainesosia. Paino: 227 g.\" \/>\n<meta name=\"robots\" content=\"index, follow, max-snippet:-1, max-image-preview:large, max-video-preview:-1\" \/>\n<link rel=\"canonical\" href=\"https:\/\/bbqassad.ee\/fi\/toode\/no-shit-mausteseos-soooo-free\/\" \/>\n<meta property=\"og:locale\" content=\"fi_FI\" \/>\n<meta property=\"og:type\" content=\"article\" \/>\n<meta property=\"og:title\" content=\"No Shit -mausteseos SOOO ILMAINEN! -% BBQ \u00c4ssad%\" \/>\n<meta property=\"og:description\" content=\"No Shit -mausteseos on suolaton mausteseos, joka sis\u00e4lt\u00e4\u00e4 sipuli- ja valkosipulirakeet, basilikkarakeet ja sekoituksen muita ainesosia. Paino: 227 g.\" \/>\n<meta property=\"og:url\" content=\"https:\/\/bbqassad.ee\/fi\/toode\/no-shit-mausteseos-soooo-free\/\" \/>\n<meta property=\"og:site_name\" content=\"BBQ \u00c4ssad\" \/>\n<meta property=\"article:publisher\" content=\"https:\/\/www.facebook.com\/bbqassad\" \/>\n<meta property=\"article:modified_time\" content=\"2026-04-14T06:32:59+00:00\" \/>\n<meta property=\"og:image\" content=\"https:\/\/bbqassad.ee\/wp-content\/uploads\/2025\/05\/Nimetu-kujundus-116.png\" \/>\n<meta name=\"twitter:card\" content=\"summary_large_image\" \/>\n<meta name=\"twitter:title\" content=\"No Shit -mausteseos SOOO ILMAINEN! -% BBQ \u00c4ssad%\" \/>\n<meta name=\"twitter:description\" content=\"No Shit -mausteseos on suolaton mausteseos, joka sis\u00e4lt\u00e4\u00e4 sipuli- ja valkosipulirakeet, basilikkarakeet ja sekoituksen muita ainesosia. Paino: 227 g.\" \/>\n<meta name=\"twitter:image\" content=\"https:\/\/bbqassad.ee\/wp-content\/uploads\/2025\/05\/Nimetu-kujundus-116.png\" \/>\n<script type=\"application\/ld+json\" class=\"yoast-schema-graph\">{\"@context\":\"https:\\\/\\\/schema.org\",\"@graph\":[{\"@type\":\"WebPage\",\"@id\":\"https:\\\/\\\/bbqassad.ee\\\/fi\\\/toode\\\/no-shit-mausteseos-soooo-free\\\/\",\"url\":\"https:\\\/\\\/bbqassad.ee\\\/fi\\\/toode\\\/no-shit-mausteseos-soooo-free\\\/\",\"name\":\"No Shit -mausteseos SOOO ILMAINEN! -% BBQ \u00c4ssad%\",\"isPartOf\":{\"@id\":\"https:\\\/\\\/bbqassad.ee\\\/fi\\\/#website\"},\"primaryImageOfPage\":{\"@id\":\"https:\\\/\\\/bbqassad.ee\\\/fi\\\/toode\\\/no-shit-mausteseos-soooo-free\\\/#primaryimage\"},\"image\":{\"@id\":\"https:\\\/\\\/bbqassad.ee\\\/fi\\\/toode\\\/no-shit-mausteseos-soooo-free\\\/#primaryimage\"},\"thumbnailUrl\":\"https:\\\/\\\/bbqassad.ee\\\/wp-content\\\/uploads\\\/2025\\\/05\\\/Nimetu-kujundus-116.png\",\"datePublished\":\"2025-05-05T09:13:16+00:00\",\"dateModified\":\"2026-04-14T06:32:59+00:00\",\"description\":\"No Shit -mausteseos on suolaton mausteseos, joka sis\u00e4lt\u00e4\u00e4 sipuli- ja valkosipulirakeet, basilikkarakeet ja sekoituksen muita ainesosia. Paino: 227 g.\",\"breadcrumb\":{\"@id\":\"https:\\\/\\\/bbqassad.ee\\\/fi\\\/toode\\\/no-shit-mausteseos-soooo-free\\\/#breadcrumb\"},\"inLanguage\":\"fi\",\"potentialAction\":[{\"@type\":\"ReadAction\",\"target\":[\"https:\\\/\\\/bbqassad.ee\\\/fi\\\/toode\\\/no-shit-mausteseos-soooo-free\\\/\"]}]},{\"@type\":\"ImageObject\",\"inLanguage\":\"fi\",\"@id\":\"https:\\\/\\\/bbqassad.ee\\\/fi\\\/toode\\\/no-shit-mausteseos-soooo-free\\\/#primaryimage\",\"url\":\"https:\\\/\\\/bbqassad.ee\\\/wp-content\\\/uploads\\\/2025\\\/05\\\/Nimetu-kujundus-116.png\",\"contentUrl\":\"https:\\\/\\\/bbqassad.ee\\\/wp-content\\\/uploads\\\/2025\\\/05\\\/Nimetu-kujundus-116.png\",\"width\":1280,\"height\":720},{\"@type\":\"BreadcrumbList\",\"@id\":\"https:\\\/\\\/bbqassad.ee\\\/fi\\\/toode\\\/no-shit-mausteseos-soooo-free\\\/#breadcrumb\",\"itemListElement\":[{\"@type\":\"ListItem\",\"position\":1,\"name\":\"Home\",\"item\":\"https:\\\/\\\/bbqassad.ee\\\/fi\\\/bbq-assat\\\/\"},{\"@type\":\"ListItem\",\"position\":2,\"name\":\"Verkkokauppa\",\"item\":\"https:\\\/\\\/bbqassad.ee\\\/fi\\\/verkkokauppa\\\/\"},{\"@type\":\"ListItem\",\"position\":3,\"name\":\"No Shit -mausteseos\"}]},{\"@type\":\"WebSite\",\"@id\":\"https:\\\/\\\/bbqassad.ee\\\/fi\\\/#website\",\"url\":\"https:\\\/\\\/bbqassad.ee\\\/fi\\\/\",\"name\":\"BBQ \u00c4ssad\",\"description\":\"BBQ maitseained, kastmed, ahjud\",\"publisher\":{\"@id\":\"https:\\\/\\\/bbqassad.ee\\\/fi\\\/#organization\"},\"potentialAction\":[{\"@type\":\"SearchAction\",\"target\":{\"@type\":\"EntryPoint\",\"urlTemplate\":\"https:\\\/\\\/bbqassad.ee\\\/fi\\\/?s={search_term_string}\"},\"query-input\":{\"@type\":\"PropertyValueSpecification\",\"valueRequired\":true,\"valueName\":\"search_term_string\"}}],\"inLanguage\":\"fi\"},{\"@type\":\"Organization\",\"@id\":\"https:\\\/\\\/bbqassad.ee\\\/fi\\\/#organization\",\"name\":\"BBQ \u00c4ssad\",\"url\":\"https:\\\/\\\/bbqassad.ee\\\/fi\\\/\",\"logo\":{\"@type\":\"ImageObject\",\"inLanguage\":\"fi\",\"@id\":\"https:\\\/\\\/bbqassad.ee\\\/fi\\\/#\\\/schema\\\/logo\\\/image\\\/\",\"url\":\"https:\\\/\\\/bbqassad.ee\\\/wp-content\\\/uploads\\\/2022\\\/10\\\/BBQ-2ssadlogo.png\",\"contentUrl\":\"https:\\\/\\\/bbqassad.ee\\\/wp-content\\\/uploads\\\/2022\\\/10\\\/BBQ-2ssadlogo.png\",\"width\":1080,\"height\":1080,\"caption\":\"BBQ \u00c4ssad\"},\"image\":{\"@id\":\"https:\\\/\\\/bbqassad.ee\\\/fi\\\/#\\\/schema\\\/logo\\\/image\\\/\"},\"sameAs\":[\"https:\\\/\\\/www.facebook.com\\\/bbqassad\",\"https:\\\/\\\/www.youtube.com\\\/channel\\\/UCsoufn49J6TVi9Ah9meE93w\"]}]}<\/script>\n<!-- \/ Yoast SEO plugin. -->","yoast_head_json":{"title":"No Shit -mausteseos SOOO ILMAINEN! -% BBQ \u00c4ssad%","description":"No Shit -mausteseos on suolaton mausteseos, joka sis\u00e4lt\u00e4\u00e4 sipuli- ja valkosipulirakeet, basilikkarakeet ja sekoituksen muita ainesosia. Paino: 227 g.","robots":{"index":"index","follow":"follow","max-snippet":"max-snippet:-1","max-image-preview":"max-image-preview:large","max-video-preview":"max-video-preview:-1"},"canonical":"https:\/\/bbqassad.ee\/fi\/toode\/no-shit-mausteseos-soooo-free\/","og_locale":"fi_FI","og_type":"article","og_title":"No Shit -mausteseos SOOO ILMAINEN! -% BBQ \u00c4ssad%","og_description":"No Shit -mausteseos on suolaton mausteseos, joka sis\u00e4lt\u00e4\u00e4 sipuli- ja valkosipulirakeet, basilikkarakeet ja sekoituksen muita ainesosia. Paino: 227 g.","og_url":"https:\/\/bbqassad.ee\/fi\/toode\/no-shit-mausteseos-soooo-free\/","og_site_name":"BBQ \u00c4ssad","article_publisher":"https:\/\/www.facebook.com\/bbqassad","article_modified_time":"2026-04-14T06:32:59+00:00","og_image":[{"url":"https:\/\/bbqassad.ee\/wp-content\/uploads\/2025\/05\/Nimetu-kujundus-116.png","type":"","width":"","height":""}],"twitter_card":"summary_large_image","twitter_title":"No Shit -mausteseos SOOO ILMAINEN! -% BBQ \u00c4ssad%","twitter_description":"No Shit -mausteseos on suolaton mausteseos, joka sis\u00e4lt\u00e4\u00e4 sipuli- ja valkosipulirakeet, basilikkarakeet ja sekoituksen muita ainesosia. Paino: 227 g.","twitter_image":"https:\/\/bbqassad.ee\/wp-content\/uploads\/2025\/05\/Nimetu-kujundus-116.png","schema":{"@context":"https:\/\/schema.org","@graph":[{"@type":"WebPage","@id":"https:\/\/bbqassad.ee\/fi\/toode\/no-shit-mausteseos-soooo-free\/","url":"https:\/\/bbqassad.ee\/fi\/toode\/no-shit-mausteseos-soooo-free\/","name":"No Shit -mausteseos SOOO ILMAINEN! -% BBQ \u00c4ssad%","isPartOf":{"@id":"https:\/\/bbqassad.ee\/fi\/#website"},"primaryImageOfPage":{"@id":"https:\/\/bbqassad.ee\/fi\/toode\/no-shit-mausteseos-soooo-free\/#primaryimage"},"image":{"@id":"https:\/\/bbqassad.ee\/fi\/toode\/no-shit-mausteseos-soooo-free\/#primaryimage"},"thumbnailUrl":"https:\/\/bbqassad.ee\/wp-content\/uploads\/2025\/05\/Nimetu-kujundus-116.png","datePublished":"2025-05-05T09:13:16+00:00","dateModified":"2026-04-14T06:32:59+00:00","description":"No Shit -mausteseos on suolaton mausteseos, joka sis\u00e4lt\u00e4\u00e4 sipuli- ja valkosipulirakeet, basilikkarakeet ja sekoituksen muita ainesosia. Paino: 227 g.","breadcrumb":{"@id":"https:\/\/bbqassad.ee\/fi\/toode\/no-shit-mausteseos-soooo-free\/#breadcrumb"},"inLanguage":"fi","potentialAction":[{"@type":"ReadAction","target":["https:\/\/bbqassad.ee\/fi\/toode\/no-shit-mausteseos-soooo-free\/"]}]},{"@type":"ImageObject","inLanguage":"fi","@id":"https:\/\/bbqassad.ee\/fi\/toode\/no-shit-mausteseos-soooo-free\/#primaryimage","url":"https:\/\/bbqassad.ee\/wp-content\/uploads\/2025\/05\/Nimetu-kujundus-116.png","contentUrl":"https:\/\/bbqassad.ee\/wp-content\/uploads\/2025\/05\/Nimetu-kujundus-116.png","width":1280,"height":720},{"@type":"BreadcrumbList","@id":"https:\/\/bbqassad.ee\/fi\/toode\/no-shit-mausteseos-soooo-free\/#breadcrumb","itemListElement":[{"@type":"ListItem","position":1,"name":"Home","item":"https:\/\/bbqassad.ee\/fi\/bbq-assat\/"},{"@type":"ListItem","position":2,"name":"Verkkokauppa","item":"https:\/\/bbqassad.ee\/fi\/verkkokauppa\/"},{"@type":"ListItem","position":3,"name":"No Shit -mausteseos"}]},{"@type":"WebSite","@id":"https:\/\/bbqassad.ee\/fi\/#website","url":"https:\/\/bbqassad.ee\/fi\/","name":"BBQ \u00c4ssad","description":"BBQ maitseained, kastmed, ahjud","publisher":{"@id":"https:\/\/bbqassad.ee\/fi\/#organization"},"potentialAction":[{"@type":"SearchAction","target":{"@type":"EntryPoint","urlTemplate":"https:\/\/bbqassad.ee\/fi\/?s={search_term_string}"},"query-input":{"@type":"PropertyValueSpecification","valueRequired":true,"valueName":"search_term_string"}}],"inLanguage":"fi"},{"@type":"Organization","@id":"https:\/\/bbqassad.ee\/fi\/#organization","name":"BBQ \u00c4ssad","url":"https:\/\/bbqassad.ee\/fi\/","logo":{"@type":"ImageObject","inLanguage":"fi","@id":"https:\/\/bbqassad.ee\/fi\/#\/schema\/logo\/image\/","url":"https:\/\/bbqassad.ee\/wp-content\/uploads\/2022\/10\/BBQ-2ssadlogo.png","contentUrl":"https:\/\/bbqassad.ee\/wp-content\/uploads\/2022\/10\/BBQ-2ssadlogo.png","width":1080,"height":1080,"caption":"BBQ \u00c4ssad"},"image":{"@id":"https:\/\/bbqassad.ee\/fi\/#\/schema\/logo\/image\/"},"sameAs":["https:\/\/www.facebook.com\/bbqassad","https:\/\/www.youtube.com\/channel\/UCsoufn49J6TVi9Ah9meE93w"]}]}},"_links":{"self":[{"href":"https:\/\/bbqassad.ee\/fi\/wp-json\/wp\/v2\/product\/22540","targetHints":{"allow":["GET"]}}],"collection":[{"href":"https:\/\/bbqassad.ee\/fi\/wp-json\/wp\/v2\/product"}],"about":[{"href":"https:\/\/bbqassad.ee\/fi\/wp-json\/wp\/v2\/types\/product"}],"replies":[{"embeddable":true,"href":"https:\/\/bbqassad.ee\/fi\/wp-json\/wp\/v2\/comments?post=22540"}],"wp:featuredmedia":[{"embeddable":true,"href":"https:\/\/bbqassad.ee\/fi\/wp-json\/wp\/v2\/media\/22541"}],"wp:attachment":[{"href":"https:\/\/bbqassad.ee\/fi\/wp-json\/wp\/v2\/media?parent=22540"}],"wp:term":[{"taxonomy":"product_brand","embeddable":true,"href":"https:\/\/bbqassad.ee\/fi\/wp-json\/wp\/v2\/product_brand?post=22540"},{"taxonomy":"product_cat","embeddable":true,"href":"https:\/\/bbqassad.ee\/fi\/wp-json\/wp\/v2\/product_cat?post=22540"},{"taxonomy":"product_tag","embeddable":true,"href":"https:\/\/bbqassad.ee\/fi\/wp-json\/wp\/v2\/product_tag?post=22540"}],"curies":[{"name":"wp","href":"https:\/\/api.w.org\/{rel}","templated":true}]}}