{"id":22534,"date":"2025-05-05T09:44:28","date_gmt":"2025-05-05T09:44:28","guid":{"rendered":"https:\/\/bbqassad.ee\/toode\/lihakirkon-holy-voodoo-mausteseos\/"},"modified":"2026-04-14T06:32:58","modified_gmt":"2026-04-14T06:32:58","slug":"lihakirkon-holy-voodoo-mausteseos","status":"publish","type":"product","link":"https:\/\/bbqassad.ee\/fi\/toode\/lihakirkon-holy-voodoo-mausteseos\/","title":{"rendered":"Meat Church Holy VooDoo -mausteseos"},"content":{"rendered":"<h2>Lihakirkon Holy VooDoo -mausteseos<\/h2>\n<p>Meat Church Holy VooDoo -mausteseos on todellinen Cajun-tyylinen suolapala, jossa on kaikkea ja hyvin tasainen maku, ja sitten mauste tulee &#8230;. Mutta ei kuitenkaan liikaa. <\/p>\n<h3>BBQ Aces kommentti<\/h3>\n<p>Pelkona oli, ett\u00e4 se saisi suupieleni vuotamaan niin paljon, ett\u00e4 minun pit\u00e4isi juoda maitoa, mutta todellisuudessa halusin tehd\u00e4 kanaa heti.<\/p>\n<h3>Ammattilaisen vinkki<\/h3>\n<p>T\u00e4st\u00e4 saa eritt\u00e4in mausteisia kanansiipi\u00e4.<\/p>\n","protected":false},"excerpt":{"rendered":"<p>Valmistaja: Lihakirkko<\/p>\n<p>Paino: 397g<\/p>\n<p>Ainesosat: suola, sokeri, ruskea sokeri, mausteet, mukaan lukien paprika, kuivattu valkosipuli, kuivattu jalapeno, mononatrium, kuivattu sipuli ja rypsi\u00f6ljy.<\/p>\n","protected":false},"featured_media":22535,"comment_status":"open","ping_status":"closed","template":"","meta":[],"product_brand":[],"product_cat":[802],"product_tag":[790],"class_list":{"0":"post-22534","1":"product","2":"type-product","3":"status-publish","4":"has-post-thumbnail","6":"product_cat-sekoitukset","7":"product_tag-kana","9":"first","10":"instock","11":"taxable","12":"shipping-taxable","13":"purchasable","14":"product-type-simple"},"yoast_head":"<!-- This site is optimized with the Yoast SEO plugin v27.4 - https:\/\/yoast.com\/product\/yoast-seo-wordpress\/ -->\n<title>Meat Church Holy VooDoo -mausteseos - BBQ \u00c4ssad<\/title>\n<meta name=\"description\" content=\"Cajun-tyylinen mausteseos, jossa on pieni maustepisara. Sopii hyvin kanan, sianlihan, naudanlihan, ribsien ja kalan maustamiseen. Meat Church Holy VooDoo, 397 g\" \/>\n<meta name=\"robots\" content=\"index, follow, max-snippet:-1, max-image-preview:large, max-video-preview:-1\" \/>\n<link rel=\"canonical\" href=\"https:\/\/bbqassad.ee\/fi\/toode\/lihakirkon-holy-voodoo-mausteseos\/\" \/>\n<meta property=\"og:locale\" content=\"fi_FI\" \/>\n<meta property=\"og:type\" content=\"article\" \/>\n<meta property=\"og:title\" content=\"Lihakirkon Holy VooDoo -mausteseos\" \/>\n<meta property=\"og:description\" content=\"Cajun-tyylinen mausteseos, jossa on pieni maustepisara. Sopii hyvin kanan, sianlihan, naudanlihan, ribsien ja kalan maustamiseen. Meat Church Holy VooDoo, 397 g\" \/>\n<meta property=\"og:url\" content=\"https:\/\/bbqassad.ee\/fi\/toode\/lihakirkon-holy-voodoo-mausteseos\/\" \/>\n<meta property=\"og:site_name\" content=\"BBQ \u00c4ssad\" \/>\n<meta property=\"article:publisher\" content=\"https:\/\/www.facebook.com\/bbqassad\" \/>\n<meta property=\"article:modified_time\" content=\"2026-04-14T06:32:58+00:00\" \/>\n<meta property=\"og:image\" content=\"https:\/\/bbqassad.ee\/wp-content\/uploads\/2025\/05\/Nimetu-kujundus-119-1024x576.png\" \/>\n<meta name=\"twitter:card\" content=\"summary_large_image\" \/>\n<script type=\"application\/ld+json\" class=\"yoast-schema-graph\">{\"@context\":\"https:\\\/\\\/schema.org\",\"@graph\":[{\"@type\":\"WebPage\",\"@id\":\"https:\\\/\\\/bbqassad.ee\\\/fi\\\/toode\\\/lihakirkon-holy-voodoo-mausteseos\\\/\",\"url\":\"https:\\\/\\\/bbqassad.ee\\\/fi\\\/toode\\\/lihakirkon-holy-voodoo-mausteseos\\\/\",\"name\":\"Meat Church Holy VooDoo -mausteseos - BBQ \u00c4ssad\",\"isPartOf\":{\"@id\":\"https:\\\/\\\/bbqassad.ee\\\/fi\\\/#website\"},\"primaryImageOfPage\":{\"@id\":\"https:\\\/\\\/bbqassad.ee\\\/fi\\\/toode\\\/lihakirkon-holy-voodoo-mausteseos\\\/#primaryimage\"},\"image\":{\"@id\":\"https:\\\/\\\/bbqassad.ee\\\/fi\\\/toode\\\/lihakirkon-holy-voodoo-mausteseos\\\/#primaryimage\"},\"thumbnailUrl\":\"https:\\\/\\\/bbqassad.ee\\\/wp-content\\\/uploads\\\/2025\\\/05\\\/Nimetu-kujundus-119.png\",\"datePublished\":\"2025-05-05T09:44:28+00:00\",\"dateModified\":\"2026-04-14T06:32:58+00:00\",\"description\":\"Cajun-tyylinen mausteseos, jossa on pieni maustepisara. Sopii hyvin kanan, sianlihan, naudanlihan, ribsien ja kalan maustamiseen. Meat Church Holy VooDoo, 397 g\",\"breadcrumb\":{\"@id\":\"https:\\\/\\\/bbqassad.ee\\\/fi\\\/toode\\\/lihakirkon-holy-voodoo-mausteseos\\\/#breadcrumb\"},\"inLanguage\":\"fi\",\"potentialAction\":[{\"@type\":\"ReadAction\",\"target\":[\"https:\\\/\\\/bbqassad.ee\\\/fi\\\/toode\\\/lihakirkon-holy-voodoo-mausteseos\\\/\"]}]},{\"@type\":\"ImageObject\",\"inLanguage\":\"fi\",\"@id\":\"https:\\\/\\\/bbqassad.ee\\\/fi\\\/toode\\\/lihakirkon-holy-voodoo-mausteseos\\\/#primaryimage\",\"url\":\"https:\\\/\\\/bbqassad.ee\\\/wp-content\\\/uploads\\\/2025\\\/05\\\/Nimetu-kujundus-119.png\",\"contentUrl\":\"https:\\\/\\\/bbqassad.ee\\\/wp-content\\\/uploads\\\/2025\\\/05\\\/Nimetu-kujundus-119.png\",\"width\":1280,\"height\":720,\"caption\":\"Meat Church Holy VooDoo maitseainesegu\"},{\"@type\":\"BreadcrumbList\",\"@id\":\"https:\\\/\\\/bbqassad.ee\\\/fi\\\/toode\\\/lihakirkon-holy-voodoo-mausteseos\\\/#breadcrumb\",\"itemListElement\":[{\"@type\":\"ListItem\",\"position\":1,\"name\":\"Home\",\"item\":\"https:\\\/\\\/bbqassad.ee\\\/fi\\\/bbq-assat\\\/\"},{\"@type\":\"ListItem\",\"position\":2,\"name\":\"Verkkokauppa\",\"item\":\"https:\\\/\\\/bbqassad.ee\\\/fi\\\/verkkokauppa\\\/\"},{\"@type\":\"ListItem\",\"position\":3,\"name\":\"Meat Church Holy VooDoo -mausteseos\"}]},{\"@type\":\"WebSite\",\"@id\":\"https:\\\/\\\/bbqassad.ee\\\/fi\\\/#website\",\"url\":\"https:\\\/\\\/bbqassad.ee\\\/fi\\\/\",\"name\":\"BBQ \u00c4ssad\",\"description\":\"BBQ maitseained, kastmed, ahjud\",\"publisher\":{\"@id\":\"https:\\\/\\\/bbqassad.ee\\\/fi\\\/#organization\"},\"potentialAction\":[{\"@type\":\"SearchAction\",\"target\":{\"@type\":\"EntryPoint\",\"urlTemplate\":\"https:\\\/\\\/bbqassad.ee\\\/fi\\\/?s={search_term_string}\"},\"query-input\":{\"@type\":\"PropertyValueSpecification\",\"valueRequired\":true,\"valueName\":\"search_term_string\"}}],\"inLanguage\":\"fi\"},{\"@type\":\"Organization\",\"@id\":\"https:\\\/\\\/bbqassad.ee\\\/fi\\\/#organization\",\"name\":\"BBQ \u00c4ssad\",\"url\":\"https:\\\/\\\/bbqassad.ee\\\/fi\\\/\",\"logo\":{\"@type\":\"ImageObject\",\"inLanguage\":\"fi\",\"@id\":\"https:\\\/\\\/bbqassad.ee\\\/fi\\\/#\\\/schema\\\/logo\\\/image\\\/\",\"url\":\"https:\\\/\\\/bbqassad.ee\\\/wp-content\\\/uploads\\\/2022\\\/10\\\/BBQ-2ssadlogo.png\",\"contentUrl\":\"https:\\\/\\\/bbqassad.ee\\\/wp-content\\\/uploads\\\/2022\\\/10\\\/BBQ-2ssadlogo.png\",\"width\":1080,\"height\":1080,\"caption\":\"BBQ \u00c4ssad\"},\"image\":{\"@id\":\"https:\\\/\\\/bbqassad.ee\\\/fi\\\/#\\\/schema\\\/logo\\\/image\\\/\"},\"sameAs\":[\"https:\\\/\\\/www.facebook.com\\\/bbqassad\",\"https:\\\/\\\/www.youtube.com\\\/channel\\\/UCsoufn49J6TVi9Ah9meE93w\"]}]}<\/script>\n<!-- \/ Yoast SEO plugin. -->","yoast_head_json":{"title":"Meat Church Holy VooDoo -mausteseos - BBQ \u00c4ssad","description":"Cajun-tyylinen mausteseos, jossa on pieni maustepisara. Sopii hyvin kanan, sianlihan, naudanlihan, ribsien ja kalan maustamiseen. Meat Church Holy VooDoo, 397 g","robots":{"index":"index","follow":"follow","max-snippet":"max-snippet:-1","max-image-preview":"max-image-preview:large","max-video-preview":"max-video-preview:-1"},"canonical":"https:\/\/bbqassad.ee\/fi\/toode\/lihakirkon-holy-voodoo-mausteseos\/","og_locale":"fi_FI","og_type":"article","og_title":"Lihakirkon Holy VooDoo -mausteseos","og_description":"Cajun-tyylinen mausteseos, jossa on pieni maustepisara. Sopii hyvin kanan, sianlihan, naudanlihan, ribsien ja kalan maustamiseen. Meat Church Holy VooDoo, 397 g","og_url":"https:\/\/bbqassad.ee\/fi\/toode\/lihakirkon-holy-voodoo-mausteseos\/","og_site_name":"BBQ \u00c4ssad","article_publisher":"https:\/\/www.facebook.com\/bbqassad","article_modified_time":"2026-04-14T06:32:58+00:00","og_image":[{"url":"https:\/\/bbqassad.ee\/wp-content\/uploads\/2025\/05\/Nimetu-kujundus-119-1024x576.png","type":"","width":"","height":""}],"twitter_card":"summary_large_image","schema":{"@context":"https:\/\/schema.org","@graph":[{"@type":"WebPage","@id":"https:\/\/bbqassad.ee\/fi\/toode\/lihakirkon-holy-voodoo-mausteseos\/","url":"https:\/\/bbqassad.ee\/fi\/toode\/lihakirkon-holy-voodoo-mausteseos\/","name":"Meat Church Holy VooDoo -mausteseos - BBQ \u00c4ssad","isPartOf":{"@id":"https:\/\/bbqassad.ee\/fi\/#website"},"primaryImageOfPage":{"@id":"https:\/\/bbqassad.ee\/fi\/toode\/lihakirkon-holy-voodoo-mausteseos\/#primaryimage"},"image":{"@id":"https:\/\/bbqassad.ee\/fi\/toode\/lihakirkon-holy-voodoo-mausteseos\/#primaryimage"},"thumbnailUrl":"https:\/\/bbqassad.ee\/wp-content\/uploads\/2025\/05\/Nimetu-kujundus-119.png","datePublished":"2025-05-05T09:44:28+00:00","dateModified":"2026-04-14T06:32:58+00:00","description":"Cajun-tyylinen mausteseos, jossa on pieni maustepisara. Sopii hyvin kanan, sianlihan, naudanlihan, ribsien ja kalan maustamiseen. Meat Church Holy VooDoo, 397 g","breadcrumb":{"@id":"https:\/\/bbqassad.ee\/fi\/toode\/lihakirkon-holy-voodoo-mausteseos\/#breadcrumb"},"inLanguage":"fi","potentialAction":[{"@type":"ReadAction","target":["https:\/\/bbqassad.ee\/fi\/toode\/lihakirkon-holy-voodoo-mausteseos\/"]}]},{"@type":"ImageObject","inLanguage":"fi","@id":"https:\/\/bbqassad.ee\/fi\/toode\/lihakirkon-holy-voodoo-mausteseos\/#primaryimage","url":"https:\/\/bbqassad.ee\/wp-content\/uploads\/2025\/05\/Nimetu-kujundus-119.png","contentUrl":"https:\/\/bbqassad.ee\/wp-content\/uploads\/2025\/05\/Nimetu-kujundus-119.png","width":1280,"height":720,"caption":"Meat Church Holy VooDoo maitseainesegu"},{"@type":"BreadcrumbList","@id":"https:\/\/bbqassad.ee\/fi\/toode\/lihakirkon-holy-voodoo-mausteseos\/#breadcrumb","itemListElement":[{"@type":"ListItem","position":1,"name":"Home","item":"https:\/\/bbqassad.ee\/fi\/bbq-assat\/"},{"@type":"ListItem","position":2,"name":"Verkkokauppa","item":"https:\/\/bbqassad.ee\/fi\/verkkokauppa\/"},{"@type":"ListItem","position":3,"name":"Meat Church Holy VooDoo -mausteseos"}]},{"@type":"WebSite","@id":"https:\/\/bbqassad.ee\/fi\/#website","url":"https:\/\/bbqassad.ee\/fi\/","name":"BBQ \u00c4ssad","description":"BBQ maitseained, kastmed, ahjud","publisher":{"@id":"https:\/\/bbqassad.ee\/fi\/#organization"},"potentialAction":[{"@type":"SearchAction","target":{"@type":"EntryPoint","urlTemplate":"https:\/\/bbqassad.ee\/fi\/?s={search_term_string}"},"query-input":{"@type":"PropertyValueSpecification","valueRequired":true,"valueName":"search_term_string"}}],"inLanguage":"fi"},{"@type":"Organization","@id":"https:\/\/bbqassad.ee\/fi\/#organization","name":"BBQ \u00c4ssad","url":"https:\/\/bbqassad.ee\/fi\/","logo":{"@type":"ImageObject","inLanguage":"fi","@id":"https:\/\/bbqassad.ee\/fi\/#\/schema\/logo\/image\/","url":"https:\/\/bbqassad.ee\/wp-content\/uploads\/2022\/10\/BBQ-2ssadlogo.png","contentUrl":"https:\/\/bbqassad.ee\/wp-content\/uploads\/2022\/10\/BBQ-2ssadlogo.png","width":1080,"height":1080,"caption":"BBQ \u00c4ssad"},"image":{"@id":"https:\/\/bbqassad.ee\/fi\/#\/schema\/logo\/image\/"},"sameAs":["https:\/\/www.facebook.com\/bbqassad","https:\/\/www.youtube.com\/channel\/UCsoufn49J6TVi9Ah9meE93w"]}]}},"_links":{"self":[{"href":"https:\/\/bbqassad.ee\/fi\/wp-json\/wp\/v2\/product\/22534","targetHints":{"allow":["GET"]}}],"collection":[{"href":"https:\/\/bbqassad.ee\/fi\/wp-json\/wp\/v2\/product"}],"about":[{"href":"https:\/\/bbqassad.ee\/fi\/wp-json\/wp\/v2\/types\/product"}],"replies":[{"embeddable":true,"href":"https:\/\/bbqassad.ee\/fi\/wp-json\/wp\/v2\/comments?post=22534"}],"wp:featuredmedia":[{"embeddable":true,"href":"https:\/\/bbqassad.ee\/fi\/wp-json\/wp\/v2\/media\/22535"}],"wp:attachment":[{"href":"https:\/\/bbqassad.ee\/fi\/wp-json\/wp\/v2\/media?parent=22534"}],"wp:term":[{"taxonomy":"product_brand","embeddable":true,"href":"https:\/\/bbqassad.ee\/fi\/wp-json\/wp\/v2\/product_brand?post=22534"},{"taxonomy":"product_cat","embeddable":true,"href":"https:\/\/bbqassad.ee\/fi\/wp-json\/wp\/v2\/product_cat?post=22534"},{"taxonomy":"product_tag","embeddable":true,"href":"https:\/\/bbqassad.ee\/fi\/wp-json\/wp\/v2\/product_tag?post=22534"}],"curies":[{"name":"wp","href":"https:\/\/api.w.org\/{rel}","templated":true}]}}