{"id":22530,"date":"2025-05-05T10:30:22","date_gmt":"2025-05-05T10:30:22","guid":{"rendered":"https:\/\/bbqassad.ee\/toode\/angus-oink-cure-me-kiinalainen-char-siu-pekoni-parannuskeino-cure-me\/"},"modified":"2026-04-14T06:32:58","modified_gmt":"2026-04-14T06:32:58","slug":"angus-oink-cure-me-kiinalainen-char-siu-pekoni-parannuskeino-cure-me","status":"publish","type":"product","link":"https:\/\/bbqassad.ee\/fi\/toode\/angus-oink-cure-me-kiinalainen-char-siu-pekoni-parannuskeino-cure-me\/","title":{"rendered":"Angus &#038; Oink Chinese Char Siu Bacon Cure"},"content":{"rendered":"<div>\n<h2>Angus &amp; Oink (Cure Me) kiinalainen Char Siu pekoni parannuskeino (Cure Me)<\/h2>\n<p>T\u00e4ss\u00e4 huolellisesti valmistetussa kuivamarinadissa yhdistyv\u00e4t kiinalaisen char siun perinteiset maut ja kotitekoisen pekonin ruokahalua lis\u00e4\u00e4v\u00e4 maku. T\u00e4m\u00e4 kuivamarinadi luo vastustamattoman makean ja suolaisen tasapainon, joka ihastuttaa makuhermojasi. Ihanteellinen herkkusuille, jotka rakastavat seikkailunhaluisia ja aitoja makuja.  <\/p>\n<h3>BBQ Aces kommentti<\/h3>\n<p>Siit\u00e4 tuleva maku on ikuinen. Kun sit\u00e4 sy\u00f6, maku jatkuu ja jatkuu ja jatkuu&#8230;&#8230; <\/p>\n<h3>Ammattilaisen vinkki<\/h3>\n<p>\u00c4l\u00e4 rajoitu vain pekonin valmistukseen, vaan voit valmistaa sill\u00e4 mit\u00e4 tahansa kinkkua.<\/p>\n<\/div>\n<div><span lang=\"EN-US\"> <\/span><\/div>\n","protected":false},"excerpt":{"rendered":"<p>Tuottaja: Angus ja Oink<\/p>\n<p>Paino: 300g<\/p>\n<p>Ainesosat: suola, sokeri, punajuurijauhe, savupaprika, sitruunahappo, punapippurihiutaleet.<\/p>\n<p style=\"font-weight: 400;\">E250 (natriumnitriitti), E251 (natriumnitraatti), E301 (natriumaskorbaatti), piidioksidi, ksantaanikumi, arominvahventeet &#8211; E621, E631.<\/p>\n","protected":false},"featured_media":22531,"comment_status":"open","ping_status":"closed","template":"","meta":[],"product_brand":[],"product_cat":[812],"product_tag":[789],"class_list":{"0":"post-22530","1":"product","2":"type-product","3":"status-publish","4":"has-post-thumbnail","6":"product_cat-marinadit","7":"product_tag-sika","9":"first","10":"instock","11":"taxable","12":"shipping-taxable","13":"purchasable","14":"product-type-simple"},"yoast_head":"<!-- This site is optimized with the Yoast SEO plugin v27.4 - https:\/\/yoast.com\/product\/yoast-seo-wordpress\/ -->\n<title>Angus &amp; Oink Chinese Char Siu Bacon Cure -% BBQ \u00c4ssad%<\/title>\n<meta name=\"description\" content=\"Angus &amp; Oink Chinese Char Siu Bacon Cure 300g. Sis\u00e4lt\u00e4\u00e4 suolaa, sokeria, punajuurijauhetta, savustettua paprikaa ja erilaisia lis\u00e4aineita maun parantamiseksi.\" \/>\n<meta name=\"robots\" content=\"index, follow, max-snippet:-1, max-image-preview:large, max-video-preview:-1\" \/>\n<link rel=\"canonical\" href=\"https:\/\/bbqassad.ee\/fi\/toode\/angus-oink-cure-me-kiinalainen-char-siu-pekoni-parannuskeino-cure-me\/\" \/>\n<meta property=\"og:locale\" content=\"fi_FI\" \/>\n<meta property=\"og:type\" content=\"article\" \/>\n<meta property=\"og:title\" content=\"Angus &amp; Oink Chinese Char Siu Bacon Cure -% BBQ \u00c4ssad%\" \/>\n<meta property=\"og:description\" content=\"Angus &amp; Oink Chinese Char Siu Bacon Cure 300g. Sis\u00e4lt\u00e4\u00e4 suolaa, sokeria, punajuurijauhetta, savustettua paprikaa ja erilaisia lis\u00e4aineita maun parantamiseksi.\" \/>\n<meta property=\"og:url\" content=\"https:\/\/bbqassad.ee\/fi\/toode\/angus-oink-cure-me-kiinalainen-char-siu-pekoni-parannuskeino-cure-me\/\" \/>\n<meta property=\"og:site_name\" content=\"BBQ \u00c4ssad\" \/>\n<meta property=\"article:publisher\" content=\"https:\/\/www.facebook.com\/bbqassad\" \/>\n<meta property=\"article:modified_time\" content=\"2026-04-14T06:32:58+00:00\" \/>\n<meta property=\"og:image\" content=\"https:\/\/bbqassad.ee\/wp-content\/uploads\/2025\/05\/char-siu-bacon-cure.png\" \/>\n<meta name=\"twitter:card\" content=\"summary_large_image\" \/>\n<meta name=\"twitter:title\" content=\"Angus &amp; Oink Chinese Char Siu Bacon Cure -% BBQ \u00c4ssad%\" \/>\n<meta name=\"twitter:description\" content=\"Angus &amp; Oink Chinese Char Siu Bacon Cure 300g. Sis\u00e4lt\u00e4\u00e4 suolaa, sokeria, punajuurijauhetta, savustettua paprikaa ja erilaisia lis\u00e4aineita maun parantamiseksi.\" \/>\n<meta name=\"twitter:image\" content=\"https:\/\/bbqassad.ee\/wp-content\/uploads\/2025\/05\/char-siu-bacon-cure.png\" \/>\n<script type=\"application\/ld+json\" class=\"yoast-schema-graph\">{\"@context\":\"https:\\\/\\\/schema.org\",\"@graph\":[{\"@type\":\"WebPage\",\"@id\":\"https:\\\/\\\/bbqassad.ee\\\/fi\\\/toode\\\/angus-oink-cure-me-kiinalainen-char-siu-pekoni-parannuskeino-cure-me\\\/\",\"url\":\"https:\\\/\\\/bbqassad.ee\\\/fi\\\/toode\\\/angus-oink-cure-me-kiinalainen-char-siu-pekoni-parannuskeino-cure-me\\\/\",\"name\":\"Angus & Oink Chinese Char Siu Bacon Cure -% BBQ \u00c4ssad%\",\"isPartOf\":{\"@id\":\"https:\\\/\\\/bbqassad.ee\\\/fi\\\/#website\"},\"primaryImageOfPage\":{\"@id\":\"https:\\\/\\\/bbqassad.ee\\\/fi\\\/toode\\\/angus-oink-cure-me-kiinalainen-char-siu-pekoni-parannuskeino-cure-me\\\/#primaryimage\"},\"image\":{\"@id\":\"https:\\\/\\\/bbqassad.ee\\\/fi\\\/toode\\\/angus-oink-cure-me-kiinalainen-char-siu-pekoni-parannuskeino-cure-me\\\/#primaryimage\"},\"thumbnailUrl\":\"https:\\\/\\\/bbqassad.ee\\\/wp-content\\\/uploads\\\/2025\\\/05\\\/char-siu-bacon-cure.png\",\"datePublished\":\"2025-05-05T10:30:22+00:00\",\"dateModified\":\"2026-04-14T06:32:58+00:00\",\"description\":\"Angus & Oink Chinese Char Siu Bacon Cure 300g. Sis\u00e4lt\u00e4\u00e4 suolaa, sokeria, punajuurijauhetta, savustettua paprikaa ja erilaisia lis\u00e4aineita maun parantamiseksi.\",\"breadcrumb\":{\"@id\":\"https:\\\/\\\/bbqassad.ee\\\/fi\\\/toode\\\/angus-oink-cure-me-kiinalainen-char-siu-pekoni-parannuskeino-cure-me\\\/#breadcrumb\"},\"inLanguage\":\"fi\",\"potentialAction\":[{\"@type\":\"ReadAction\",\"target\":[\"https:\\\/\\\/bbqassad.ee\\\/fi\\\/toode\\\/angus-oink-cure-me-kiinalainen-char-siu-pekoni-parannuskeino-cure-me\\\/\"]}]},{\"@type\":\"ImageObject\",\"inLanguage\":\"fi\",\"@id\":\"https:\\\/\\\/bbqassad.ee\\\/fi\\\/toode\\\/angus-oink-cure-me-kiinalainen-char-siu-pekoni-parannuskeino-cure-me\\\/#primaryimage\",\"url\":\"https:\\\/\\\/bbqassad.ee\\\/wp-content\\\/uploads\\\/2025\\\/05\\\/char-siu-bacon-cure.png\",\"contentUrl\":\"https:\\\/\\\/bbqassad.ee\\\/wp-content\\\/uploads\\\/2025\\\/05\\\/char-siu-bacon-cure.png\",\"width\":1000,\"height\":1000},{\"@type\":\"BreadcrumbList\",\"@id\":\"https:\\\/\\\/bbqassad.ee\\\/fi\\\/toode\\\/angus-oink-cure-me-kiinalainen-char-siu-pekoni-parannuskeino-cure-me\\\/#breadcrumb\",\"itemListElement\":[{\"@type\":\"ListItem\",\"position\":1,\"name\":\"Home\",\"item\":\"https:\\\/\\\/bbqassad.ee\\\/fi\\\/bbq-assat\\\/\"},{\"@type\":\"ListItem\",\"position\":2,\"name\":\"Verkkokauppa\",\"item\":\"https:\\\/\\\/bbqassad.ee\\\/fi\\\/verkkokauppa\\\/\"},{\"@type\":\"ListItem\",\"position\":3,\"name\":\"Angus &#038; Oink Chinese Char Siu Bacon Cure\"}]},{\"@type\":\"WebSite\",\"@id\":\"https:\\\/\\\/bbqassad.ee\\\/fi\\\/#website\",\"url\":\"https:\\\/\\\/bbqassad.ee\\\/fi\\\/\",\"name\":\"BBQ \u00c4ssad\",\"description\":\"BBQ maitseained, kastmed, ahjud\",\"publisher\":{\"@id\":\"https:\\\/\\\/bbqassad.ee\\\/fi\\\/#organization\"},\"potentialAction\":[{\"@type\":\"SearchAction\",\"target\":{\"@type\":\"EntryPoint\",\"urlTemplate\":\"https:\\\/\\\/bbqassad.ee\\\/fi\\\/?s={search_term_string}\"},\"query-input\":{\"@type\":\"PropertyValueSpecification\",\"valueRequired\":true,\"valueName\":\"search_term_string\"}}],\"inLanguage\":\"fi\"},{\"@type\":\"Organization\",\"@id\":\"https:\\\/\\\/bbqassad.ee\\\/fi\\\/#organization\",\"name\":\"BBQ \u00c4ssad\",\"url\":\"https:\\\/\\\/bbqassad.ee\\\/fi\\\/\",\"logo\":{\"@type\":\"ImageObject\",\"inLanguage\":\"fi\",\"@id\":\"https:\\\/\\\/bbqassad.ee\\\/fi\\\/#\\\/schema\\\/logo\\\/image\\\/\",\"url\":\"https:\\\/\\\/bbqassad.ee\\\/wp-content\\\/uploads\\\/2022\\\/10\\\/BBQ-2ssadlogo.png\",\"contentUrl\":\"https:\\\/\\\/bbqassad.ee\\\/wp-content\\\/uploads\\\/2022\\\/10\\\/BBQ-2ssadlogo.png\",\"width\":1080,\"height\":1080,\"caption\":\"BBQ \u00c4ssad\"},\"image\":{\"@id\":\"https:\\\/\\\/bbqassad.ee\\\/fi\\\/#\\\/schema\\\/logo\\\/image\\\/\"},\"sameAs\":[\"https:\\\/\\\/www.facebook.com\\\/bbqassad\",\"https:\\\/\\\/www.youtube.com\\\/channel\\\/UCsoufn49J6TVi9Ah9meE93w\"]}]}<\/script>\n<!-- \/ Yoast SEO plugin. -->","yoast_head_json":{"title":"Angus & Oink Chinese Char Siu Bacon Cure -% BBQ \u00c4ssad%","description":"Angus & Oink Chinese Char Siu Bacon Cure 300g. Sis\u00e4lt\u00e4\u00e4 suolaa, sokeria, punajuurijauhetta, savustettua paprikaa ja erilaisia lis\u00e4aineita maun parantamiseksi.","robots":{"index":"index","follow":"follow","max-snippet":"max-snippet:-1","max-image-preview":"max-image-preview:large","max-video-preview":"max-video-preview:-1"},"canonical":"https:\/\/bbqassad.ee\/fi\/toode\/angus-oink-cure-me-kiinalainen-char-siu-pekoni-parannuskeino-cure-me\/","og_locale":"fi_FI","og_type":"article","og_title":"Angus & Oink Chinese Char Siu Bacon Cure -% BBQ \u00c4ssad%","og_description":"Angus & Oink Chinese Char Siu Bacon Cure 300g. Sis\u00e4lt\u00e4\u00e4 suolaa, sokeria, punajuurijauhetta, savustettua paprikaa ja erilaisia lis\u00e4aineita maun parantamiseksi.","og_url":"https:\/\/bbqassad.ee\/fi\/toode\/angus-oink-cure-me-kiinalainen-char-siu-pekoni-parannuskeino-cure-me\/","og_site_name":"BBQ \u00c4ssad","article_publisher":"https:\/\/www.facebook.com\/bbqassad","article_modified_time":"2026-04-14T06:32:58+00:00","og_image":[{"url":"https:\/\/bbqassad.ee\/wp-content\/uploads\/2025\/05\/char-siu-bacon-cure.png","type":"","width":"","height":""}],"twitter_card":"summary_large_image","twitter_title":"Angus & Oink Chinese Char Siu Bacon Cure -% BBQ \u00c4ssad%","twitter_description":"Angus & Oink Chinese Char Siu Bacon Cure 300g. Sis\u00e4lt\u00e4\u00e4 suolaa, sokeria, punajuurijauhetta, savustettua paprikaa ja erilaisia lis\u00e4aineita maun parantamiseksi.","twitter_image":"https:\/\/bbqassad.ee\/wp-content\/uploads\/2025\/05\/char-siu-bacon-cure.png","schema":{"@context":"https:\/\/schema.org","@graph":[{"@type":"WebPage","@id":"https:\/\/bbqassad.ee\/fi\/toode\/angus-oink-cure-me-kiinalainen-char-siu-pekoni-parannuskeino-cure-me\/","url":"https:\/\/bbqassad.ee\/fi\/toode\/angus-oink-cure-me-kiinalainen-char-siu-pekoni-parannuskeino-cure-me\/","name":"Angus & Oink Chinese Char Siu Bacon Cure -% BBQ \u00c4ssad%","isPartOf":{"@id":"https:\/\/bbqassad.ee\/fi\/#website"},"primaryImageOfPage":{"@id":"https:\/\/bbqassad.ee\/fi\/toode\/angus-oink-cure-me-kiinalainen-char-siu-pekoni-parannuskeino-cure-me\/#primaryimage"},"image":{"@id":"https:\/\/bbqassad.ee\/fi\/toode\/angus-oink-cure-me-kiinalainen-char-siu-pekoni-parannuskeino-cure-me\/#primaryimage"},"thumbnailUrl":"https:\/\/bbqassad.ee\/wp-content\/uploads\/2025\/05\/char-siu-bacon-cure.png","datePublished":"2025-05-05T10:30:22+00:00","dateModified":"2026-04-14T06:32:58+00:00","description":"Angus & Oink Chinese Char Siu Bacon Cure 300g. Sis\u00e4lt\u00e4\u00e4 suolaa, sokeria, punajuurijauhetta, savustettua paprikaa ja erilaisia lis\u00e4aineita maun parantamiseksi.","breadcrumb":{"@id":"https:\/\/bbqassad.ee\/fi\/toode\/angus-oink-cure-me-kiinalainen-char-siu-pekoni-parannuskeino-cure-me\/#breadcrumb"},"inLanguage":"fi","potentialAction":[{"@type":"ReadAction","target":["https:\/\/bbqassad.ee\/fi\/toode\/angus-oink-cure-me-kiinalainen-char-siu-pekoni-parannuskeino-cure-me\/"]}]},{"@type":"ImageObject","inLanguage":"fi","@id":"https:\/\/bbqassad.ee\/fi\/toode\/angus-oink-cure-me-kiinalainen-char-siu-pekoni-parannuskeino-cure-me\/#primaryimage","url":"https:\/\/bbqassad.ee\/wp-content\/uploads\/2025\/05\/char-siu-bacon-cure.png","contentUrl":"https:\/\/bbqassad.ee\/wp-content\/uploads\/2025\/05\/char-siu-bacon-cure.png","width":1000,"height":1000},{"@type":"BreadcrumbList","@id":"https:\/\/bbqassad.ee\/fi\/toode\/angus-oink-cure-me-kiinalainen-char-siu-pekoni-parannuskeino-cure-me\/#breadcrumb","itemListElement":[{"@type":"ListItem","position":1,"name":"Home","item":"https:\/\/bbqassad.ee\/fi\/bbq-assat\/"},{"@type":"ListItem","position":2,"name":"Verkkokauppa","item":"https:\/\/bbqassad.ee\/fi\/verkkokauppa\/"},{"@type":"ListItem","position":3,"name":"Angus &#038; Oink Chinese Char Siu Bacon Cure"}]},{"@type":"WebSite","@id":"https:\/\/bbqassad.ee\/fi\/#website","url":"https:\/\/bbqassad.ee\/fi\/","name":"BBQ \u00c4ssad","description":"BBQ maitseained, kastmed, ahjud","publisher":{"@id":"https:\/\/bbqassad.ee\/fi\/#organization"},"potentialAction":[{"@type":"SearchAction","target":{"@type":"EntryPoint","urlTemplate":"https:\/\/bbqassad.ee\/fi\/?s={search_term_string}"},"query-input":{"@type":"PropertyValueSpecification","valueRequired":true,"valueName":"search_term_string"}}],"inLanguage":"fi"},{"@type":"Organization","@id":"https:\/\/bbqassad.ee\/fi\/#organization","name":"BBQ \u00c4ssad","url":"https:\/\/bbqassad.ee\/fi\/","logo":{"@type":"ImageObject","inLanguage":"fi","@id":"https:\/\/bbqassad.ee\/fi\/#\/schema\/logo\/image\/","url":"https:\/\/bbqassad.ee\/wp-content\/uploads\/2022\/10\/BBQ-2ssadlogo.png","contentUrl":"https:\/\/bbqassad.ee\/wp-content\/uploads\/2022\/10\/BBQ-2ssadlogo.png","width":1080,"height":1080,"caption":"BBQ \u00c4ssad"},"image":{"@id":"https:\/\/bbqassad.ee\/fi\/#\/schema\/logo\/image\/"},"sameAs":["https:\/\/www.facebook.com\/bbqassad","https:\/\/www.youtube.com\/channel\/UCsoufn49J6TVi9Ah9meE93w"]}]}},"_links":{"self":[{"href":"https:\/\/bbqassad.ee\/fi\/wp-json\/wp\/v2\/product\/22530","targetHints":{"allow":["GET"]}}],"collection":[{"href":"https:\/\/bbqassad.ee\/fi\/wp-json\/wp\/v2\/product"}],"about":[{"href":"https:\/\/bbqassad.ee\/fi\/wp-json\/wp\/v2\/types\/product"}],"replies":[{"embeddable":true,"href":"https:\/\/bbqassad.ee\/fi\/wp-json\/wp\/v2\/comments?post=22530"}],"wp:featuredmedia":[{"embeddable":true,"href":"https:\/\/bbqassad.ee\/fi\/wp-json\/wp\/v2\/media\/22531"}],"wp:attachment":[{"href":"https:\/\/bbqassad.ee\/fi\/wp-json\/wp\/v2\/media?parent=22530"}],"wp:term":[{"taxonomy":"product_brand","embeddable":true,"href":"https:\/\/bbqassad.ee\/fi\/wp-json\/wp\/v2\/product_brand?post=22530"},{"taxonomy":"product_cat","embeddable":true,"href":"https:\/\/bbqassad.ee\/fi\/wp-json\/wp\/v2\/product_cat?post=22530"},{"taxonomy":"product_tag","embeddable":true,"href":"https:\/\/bbqassad.ee\/fi\/wp-json\/wp\/v2\/product_tag?post=22530"}],"curies":[{"name":"wp","href":"https:\/\/api.w.org\/{rel}","templated":true}]}}