{"id":22519,"date":"2025-05-23T06:10:00","date_gmt":"2025-05-23T06:10:00","guid":{"rendered":"https:\/\/bbqassad.ee\/toode\/lihan-lampomittari-inkbird-iht-1x\/"},"modified":"2026-04-14T06:32:57","modified_gmt":"2026-04-14T06:32:57","slug":"lihan-lampomittari-inkbird-iht-1x","status":"publish","type":"product","link":"https:\/\/bbqassad.ee\/fi\/toode\/lihan-lampomittari-inkbird-iht-1x\/","title":{"rendered":"Lihan l\u00e4mp\u00f6mittari Inkbird IHT-1X"},"content":{"rendered":"<h2>Lihan l\u00e4mp\u00f6mittari Inkbird IHT-1X<\/h2>\n<ul>\n<li>Nopeat lukemat: Inkbird IHT-1X:n avulla saat tarkat l\u00e4mp\u00f6tilalukemat 3-5 sekunnissa. Lukitse lukemat, kun anturi irrotetaan, mik\u00e4 lis\u00e4\u00e4 k\u00e4ytt\u00f6mukavuutta. Paranna ruoanlaittokokemustasi digitaalisen Inkbird IHT-1X -lihal\u00e4mp\u00f6mittarin avulla. T\u00e4m\u00e4 innovatiivinen l\u00e4mp\u00f6mittari antaa salamannopean l\u00e4mp\u00f6tilalukeman vain 3-5 sekunnissa, mik\u00e4 takaa, ett\u00e4 ruokasi on t\u00e4ydellisesti kypsennetty joka kerta.   <\/li>\n<li>Monipuolinen ja luotettava: Sen tarkkuus on \u00b11 \u2103\/\u00b12\u2109 astetta ja laaja mittausalue on -50 \u2103 ~ 300 \u2103 (-58\u2109 ~ 572\u2109). Tarvittaessa voit kalibroida laitteen, kalibrointialue on -3 \u2103 &#8211; 3 \u2103 (-5 \u2109 ~ 5 \u2109). <\/li>\n<li>Kest\u00e4v\u00e4n rakenteensa ansiosta se soveltuu monenlaisten l\u00e4mp\u00f6tilojen mittaamiseen nesteist\u00e4 lihaan ja makeisista kahviin. Ihanteellinen nesteiden, elintarvikkeiden, lihan, karkkien ja muiden tuotteiden mittaamiseen. <\/li>\n<li>Ladattava ja taustavalaistu: S\u00e4\u00e4st\u00e4 aikaa ja rahaa akun vaihtoon 250 mAh:n ladattavalla litiumakulla. Taustavalotoiminto takaa helpon lukemisen my\u00f6s h\u00e4m\u00e4r\u00e4ss\u00e4. Ladattava litiumparisto kest\u00e4\u00e4 jopa 11 tuntia taustavalaistussa tilassa, joten pariston jatkuva vaihtaminen ei ole en\u00e4\u00e4 hankalaa. Taustavalotoiminnon ansiosta voit lukea l\u00e4mp\u00f6tilan helposti my\u00f6s h\u00e4m\u00e4r\u00e4ss\u00e4.   <\/li>\n<li>IPx5 vesitiivis ja helppo puhdistaa: Oletko huolissasi vesivahingoista? Ei h\u00e4t\u00e4\u00e4! Inkbird IHT-1X on t\u00e4ysin vedenpit\u00e4v\u00e4, joten voit puhdistaa sen juoksevan veden alla ilman ongelmia. Pese l\u00e4mp\u00f6mittari juoksevan veden alla ilman huolia. Sen IPx5-vedenpit\u00e4v\u00e4 rakenne mahdollistaa k\u00e4yt\u00f6n sateisissa olosuhteissa.    <\/li>\n<li>K\u00e4tev\u00e4 muotoilu: Inkbird IHT-1X:ss\u00e4 on magneetti, jonka avulla se on helppo kiinnitt\u00e4\u00e4 uuniin tai j\u00e4\u00e4kaappiin k\u00e4yt\u00f6n aikana. K\u00e4tevyys on avainasemassa, mink\u00e4 vuoksi Inkbird IHT-1X:ss\u00e4 on magneetti. Voit kiinnitt\u00e4\u00e4 sen helposti uuniin tai j\u00e4\u00e4kaappiin k\u00e4yt\u00f6n aikana, jolloin se on aina k\u00e4den ulottuvilla.  <\/li>\n<\/ul>\n","protected":false},"excerpt":{"rendered":"<p>Lihan l\u00e4mp\u00f6mittari Inkbird IHT-1X Nopeat lukemat: Inkbird IHT-1X:n avulla saat tarkat l\u00e4mp\u00f6tilalukemat 3-5 sekunnissa. Lukitse lukemat, kun anturi irrotetaan, mik\u00e4 lis\u00e4\u00e4 k\u00e4ytt\u00f6mukavuutta. Paranna ruoanlaittokokemustasi digitaalisen Inkbird IHT-1X -lihal\u00e4mp\u00f6mittarin avulla. T\u00e4m\u00e4 innovatiivinen l\u00e4mp\u00f6mittari antaa salamannopean l\u00e4mp\u00f6tilalukeman vain 3-5 sekunnissa, mik\u00e4 takaa, ett\u00e4 ruokasi on t\u00e4ydellisesti kypsennetty joka kerta. Monipuolinen ja luotettava: Sen tarkkuus on \u00b11 \u2103\/\u00b12\u2109 [&#8230;]\n","protected":false},"featured_media":22526,"comment_status":"open","ping_status":"closed","template":"","meta":[],"product_brand":[145],"product_cat":[784],"product_tag":[],"class_list":{"0":"post-22519","1":"product","2":"type-product","3":"status-publish","4":"has-post-thumbnail","6":"product_brand-inkbird","7":"product_cat-tarvikkeet","9":"first","10":"instock","11":"taxable","12":"shipping-taxable","13":"purchasable","14":"product-type-simple"},"yoast_head":"<!-- This site is optimized with the Yoast SEO plugin v27.4 - https:\/\/yoast.com\/product\/yoast-seo-wordpress\/ -->\n<title>Lihan l\u00e4mp\u00f6mittari Inkbird IHT-1X - BBQ \u00c4ssad<\/title>\n<meta name=\"description\" content=\"Nopeasti luettava (3-5 s) digitaalinen l\u00e4mp\u00f6mittari: mittausalue -50...300 \u00b0C, tarkkuus \u00b11 \u00b0C. Ladattava paristo, taustavalo, IPX5 ja magneetti.\" \/>\n<meta name=\"robots\" content=\"index, follow, max-snippet:-1, max-image-preview:large, max-video-preview:-1\" \/>\n<link rel=\"canonical\" href=\"https:\/\/bbqassad.ee\/fi\/toode\/lihan-lampomittari-inkbird-iht-1x\/\" \/>\n<meta property=\"og:locale\" content=\"fi_FI\" \/>\n<meta property=\"og:type\" content=\"article\" \/>\n<meta property=\"og:title\" content=\"Lihan l\u00e4mp\u00f6mittari Inkbird IHT-1X\" \/>\n<meta property=\"og:description\" content=\"Nopeasti luettava (3-5 s) digitaalinen l\u00e4mp\u00f6mittari: mittausalue -50...300 \u00b0C, tarkkuus \u00b11 \u00b0C. Ladattava akku, taustavalo, IPX5 ja magneetti.\" \/>\n<meta property=\"og:url\" content=\"https:\/\/bbqassad.ee\/fi\/toode\/lihan-lampomittari-inkbird-iht-1x\/\" \/>\n<meta property=\"og:site_name\" content=\"BBQ \u00c4ssad\" \/>\n<meta property=\"article:publisher\" content=\"https:\/\/www.facebook.com\/bbqassad\" \/>\n<meta property=\"article:modified_time\" content=\"2026-04-14T06:32:57+00:00\" \/>\n<meta property=\"og:image\" content=\"https:\/\/bbqassad.ee\/wp-content\/uploads\/2025\/05\/81kUf-slXbL._SL1500_-300x300.jpg\" \/>\n<meta name=\"twitter:card\" content=\"summary_large_image\" \/>\n<meta name=\"twitter:label1\" content=\"Arvioitu lukuaika\" \/>\n\t<meta name=\"twitter:data1\" content=\"1 minuutti\" \/>\n<script type=\"application\/ld+json\" class=\"yoast-schema-graph\">{\"@context\":\"https:\\\/\\\/schema.org\",\"@graph\":[{\"@type\":\"WebPage\",\"@id\":\"https:\\\/\\\/bbqassad.ee\\\/fi\\\/toode\\\/lihan-lampomittari-inkbird-iht-1x\\\/\",\"url\":\"https:\\\/\\\/bbqassad.ee\\\/fi\\\/toode\\\/lihan-lampomittari-inkbird-iht-1x\\\/\",\"name\":\"Lihan l\u00e4mp\u00f6mittari Inkbird IHT-1X - BBQ \u00c4ssad\",\"isPartOf\":{\"@id\":\"https:\\\/\\\/bbqassad.ee\\\/fi\\\/#website\"},\"primaryImageOfPage\":{\"@id\":\"https:\\\/\\\/bbqassad.ee\\\/fi\\\/toode\\\/lihan-lampomittari-inkbird-iht-1x\\\/#primaryimage\"},\"image\":{\"@id\":\"https:\\\/\\\/bbqassad.ee\\\/fi\\\/toode\\\/lihan-lampomittari-inkbird-iht-1x\\\/#primaryimage\"},\"thumbnailUrl\":\"https:\\\/\\\/bbqassad.ee\\\/wp-content\\\/uploads\\\/2025\\\/05\\\/81kUf-slXbL._SL1500_.jpg\",\"datePublished\":\"2025-05-23T06:10:00+00:00\",\"dateModified\":\"2026-04-14T06:32:57+00:00\",\"description\":\"Nopeasti luettava (3-5 s) digitaalinen l\u00e4mp\u00f6mittari: mittausalue -50...300 \u00b0C, tarkkuus \u00b11 \u00b0C. Ladattava paristo, taustavalo, IPX5 ja magneetti.\",\"breadcrumb\":{\"@id\":\"https:\\\/\\\/bbqassad.ee\\\/fi\\\/toode\\\/lihan-lampomittari-inkbird-iht-1x\\\/#breadcrumb\"},\"inLanguage\":\"fi\",\"potentialAction\":[{\"@type\":\"ReadAction\",\"target\":[\"https:\\\/\\\/bbqassad.ee\\\/fi\\\/toode\\\/lihan-lampomittari-inkbird-iht-1x\\\/\"]}]},{\"@type\":\"ImageObject\",\"inLanguage\":\"fi\",\"@id\":\"https:\\\/\\\/bbqassad.ee\\\/fi\\\/toode\\\/lihan-lampomittari-inkbird-iht-1x\\\/#primaryimage\",\"url\":\"https:\\\/\\\/bbqassad.ee\\\/wp-content\\\/uploads\\\/2025\\\/05\\\/81kUf-slXbL._SL1500_.jpg\",\"contentUrl\":\"https:\\\/\\\/bbqassad.ee\\\/wp-content\\\/uploads\\\/2025\\\/05\\\/81kUf-slXbL._SL1500_.jpg\",\"width\":1500,\"height\":1500,\"caption\":\"Lihatermomeeter Inkbird IHT-1X\"},{\"@type\":\"BreadcrumbList\",\"@id\":\"https:\\\/\\\/bbqassad.ee\\\/fi\\\/toode\\\/lihan-lampomittari-inkbird-iht-1x\\\/#breadcrumb\",\"itemListElement\":[{\"@type\":\"ListItem\",\"position\":1,\"name\":\"Home\",\"item\":\"https:\\\/\\\/bbqassad.ee\\\/fi\\\/bbq-assat\\\/\"},{\"@type\":\"ListItem\",\"position\":2,\"name\":\"Verkkokauppa\",\"item\":\"https:\\\/\\\/bbqassad.ee\\\/fi\\\/verkkokauppa\\\/\"},{\"@type\":\"ListItem\",\"position\":3,\"name\":\"Lihan l\u00e4mp\u00f6mittari Inkbird IHT-1X\"}]},{\"@type\":\"WebSite\",\"@id\":\"https:\\\/\\\/bbqassad.ee\\\/fi\\\/#website\",\"url\":\"https:\\\/\\\/bbqassad.ee\\\/fi\\\/\",\"name\":\"BBQ \u00c4ssad\",\"description\":\"BBQ maitseained, kastmed, ahjud\",\"publisher\":{\"@id\":\"https:\\\/\\\/bbqassad.ee\\\/fi\\\/#organization\"},\"potentialAction\":[{\"@type\":\"SearchAction\",\"target\":{\"@type\":\"EntryPoint\",\"urlTemplate\":\"https:\\\/\\\/bbqassad.ee\\\/fi\\\/?s={search_term_string}\"},\"query-input\":{\"@type\":\"PropertyValueSpecification\",\"valueRequired\":true,\"valueName\":\"search_term_string\"}}],\"inLanguage\":\"fi\"},{\"@type\":\"Organization\",\"@id\":\"https:\\\/\\\/bbqassad.ee\\\/fi\\\/#organization\",\"name\":\"BBQ \u00c4ssad\",\"url\":\"https:\\\/\\\/bbqassad.ee\\\/fi\\\/\",\"logo\":{\"@type\":\"ImageObject\",\"inLanguage\":\"fi\",\"@id\":\"https:\\\/\\\/bbqassad.ee\\\/fi\\\/#\\\/schema\\\/logo\\\/image\\\/\",\"url\":\"https:\\\/\\\/bbqassad.ee\\\/wp-content\\\/uploads\\\/2022\\\/10\\\/BBQ-2ssadlogo.png\",\"contentUrl\":\"https:\\\/\\\/bbqassad.ee\\\/wp-content\\\/uploads\\\/2022\\\/10\\\/BBQ-2ssadlogo.png\",\"width\":1080,\"height\":1080,\"caption\":\"BBQ \u00c4ssad\"},\"image\":{\"@id\":\"https:\\\/\\\/bbqassad.ee\\\/fi\\\/#\\\/schema\\\/logo\\\/image\\\/\"},\"sameAs\":[\"https:\\\/\\\/www.facebook.com\\\/bbqassad\",\"https:\\\/\\\/www.youtube.com\\\/channel\\\/UCsoufn49J6TVi9Ah9meE93w\"]}]}<\/script>\n<!-- \/ Yoast SEO plugin. -->","yoast_head_json":{"title":"Lihan l\u00e4mp\u00f6mittari Inkbird IHT-1X - BBQ \u00c4ssad","description":"Nopeasti luettava (3-5 s) digitaalinen l\u00e4mp\u00f6mittari: mittausalue -50...300 \u00b0C, tarkkuus \u00b11 \u00b0C. Ladattava paristo, taustavalo, IPX5 ja magneetti.","robots":{"index":"index","follow":"follow","max-snippet":"max-snippet:-1","max-image-preview":"max-image-preview:large","max-video-preview":"max-video-preview:-1"},"canonical":"https:\/\/bbqassad.ee\/fi\/toode\/lihan-lampomittari-inkbird-iht-1x\/","og_locale":"fi_FI","og_type":"article","og_title":"Lihan l\u00e4mp\u00f6mittari Inkbird IHT-1X","og_description":"Nopeasti luettava (3-5 s) digitaalinen l\u00e4mp\u00f6mittari: mittausalue -50...300 \u00b0C, tarkkuus \u00b11 \u00b0C. Ladattava akku, taustavalo, IPX5 ja magneetti.","og_url":"https:\/\/bbqassad.ee\/fi\/toode\/lihan-lampomittari-inkbird-iht-1x\/","og_site_name":"BBQ \u00c4ssad","article_publisher":"https:\/\/www.facebook.com\/bbqassad","article_modified_time":"2026-04-14T06:32:57+00:00","og_image":[{"url":"https:\/\/bbqassad.ee\/wp-content\/uploads\/2025\/05\/81kUf-slXbL._SL1500_-300x300.jpg","type":"","width":"","height":""}],"twitter_card":"summary_large_image","twitter_misc":{"Arvioitu lukuaika":"1 minuutti"},"schema":{"@context":"https:\/\/schema.org","@graph":[{"@type":"WebPage","@id":"https:\/\/bbqassad.ee\/fi\/toode\/lihan-lampomittari-inkbird-iht-1x\/","url":"https:\/\/bbqassad.ee\/fi\/toode\/lihan-lampomittari-inkbird-iht-1x\/","name":"Lihan l\u00e4mp\u00f6mittari Inkbird IHT-1X - BBQ \u00c4ssad","isPartOf":{"@id":"https:\/\/bbqassad.ee\/fi\/#website"},"primaryImageOfPage":{"@id":"https:\/\/bbqassad.ee\/fi\/toode\/lihan-lampomittari-inkbird-iht-1x\/#primaryimage"},"image":{"@id":"https:\/\/bbqassad.ee\/fi\/toode\/lihan-lampomittari-inkbird-iht-1x\/#primaryimage"},"thumbnailUrl":"https:\/\/bbqassad.ee\/wp-content\/uploads\/2025\/05\/81kUf-slXbL._SL1500_.jpg","datePublished":"2025-05-23T06:10:00+00:00","dateModified":"2026-04-14T06:32:57+00:00","description":"Nopeasti luettava (3-5 s) digitaalinen l\u00e4mp\u00f6mittari: mittausalue -50...300 \u00b0C, tarkkuus \u00b11 \u00b0C. Ladattava paristo, taustavalo, IPX5 ja magneetti.","breadcrumb":{"@id":"https:\/\/bbqassad.ee\/fi\/toode\/lihan-lampomittari-inkbird-iht-1x\/#breadcrumb"},"inLanguage":"fi","potentialAction":[{"@type":"ReadAction","target":["https:\/\/bbqassad.ee\/fi\/toode\/lihan-lampomittari-inkbird-iht-1x\/"]}]},{"@type":"ImageObject","inLanguage":"fi","@id":"https:\/\/bbqassad.ee\/fi\/toode\/lihan-lampomittari-inkbird-iht-1x\/#primaryimage","url":"https:\/\/bbqassad.ee\/wp-content\/uploads\/2025\/05\/81kUf-slXbL._SL1500_.jpg","contentUrl":"https:\/\/bbqassad.ee\/wp-content\/uploads\/2025\/05\/81kUf-slXbL._SL1500_.jpg","width":1500,"height":1500,"caption":"Lihatermomeeter Inkbird IHT-1X"},{"@type":"BreadcrumbList","@id":"https:\/\/bbqassad.ee\/fi\/toode\/lihan-lampomittari-inkbird-iht-1x\/#breadcrumb","itemListElement":[{"@type":"ListItem","position":1,"name":"Home","item":"https:\/\/bbqassad.ee\/fi\/bbq-assat\/"},{"@type":"ListItem","position":2,"name":"Verkkokauppa","item":"https:\/\/bbqassad.ee\/fi\/verkkokauppa\/"},{"@type":"ListItem","position":3,"name":"Lihan l\u00e4mp\u00f6mittari Inkbird IHT-1X"}]},{"@type":"WebSite","@id":"https:\/\/bbqassad.ee\/fi\/#website","url":"https:\/\/bbqassad.ee\/fi\/","name":"BBQ \u00c4ssad","description":"BBQ maitseained, kastmed, ahjud","publisher":{"@id":"https:\/\/bbqassad.ee\/fi\/#organization"},"potentialAction":[{"@type":"SearchAction","target":{"@type":"EntryPoint","urlTemplate":"https:\/\/bbqassad.ee\/fi\/?s={search_term_string}"},"query-input":{"@type":"PropertyValueSpecification","valueRequired":true,"valueName":"search_term_string"}}],"inLanguage":"fi"},{"@type":"Organization","@id":"https:\/\/bbqassad.ee\/fi\/#organization","name":"BBQ \u00c4ssad","url":"https:\/\/bbqassad.ee\/fi\/","logo":{"@type":"ImageObject","inLanguage":"fi","@id":"https:\/\/bbqassad.ee\/fi\/#\/schema\/logo\/image\/","url":"https:\/\/bbqassad.ee\/wp-content\/uploads\/2022\/10\/BBQ-2ssadlogo.png","contentUrl":"https:\/\/bbqassad.ee\/wp-content\/uploads\/2022\/10\/BBQ-2ssadlogo.png","width":1080,"height":1080,"caption":"BBQ \u00c4ssad"},"image":{"@id":"https:\/\/bbqassad.ee\/fi\/#\/schema\/logo\/image\/"},"sameAs":["https:\/\/www.facebook.com\/bbqassad","https:\/\/www.youtube.com\/channel\/UCsoufn49J6TVi9Ah9meE93w"]}]}},"_links":{"self":[{"href":"https:\/\/bbqassad.ee\/fi\/wp-json\/wp\/v2\/product\/22519","targetHints":{"allow":["GET"]}}],"collection":[{"href":"https:\/\/bbqassad.ee\/fi\/wp-json\/wp\/v2\/product"}],"about":[{"href":"https:\/\/bbqassad.ee\/fi\/wp-json\/wp\/v2\/types\/product"}],"replies":[{"embeddable":true,"href":"https:\/\/bbqassad.ee\/fi\/wp-json\/wp\/v2\/comments?post=22519"}],"wp:featuredmedia":[{"embeddable":true,"href":"https:\/\/bbqassad.ee\/fi\/wp-json\/wp\/v2\/media\/22526"}],"wp:attachment":[{"href":"https:\/\/bbqassad.ee\/fi\/wp-json\/wp\/v2\/media?parent=22519"}],"wp:term":[{"taxonomy":"product_brand","embeddable":true,"href":"https:\/\/bbqassad.ee\/fi\/wp-json\/wp\/v2\/product_brand?post=22519"},{"taxonomy":"product_cat","embeddable":true,"href":"https:\/\/bbqassad.ee\/fi\/wp-json\/wp\/v2\/product_cat?post=22519"},{"taxonomy":"product_tag","embeddable":true,"href":"https:\/\/bbqassad.ee\/fi\/wp-json\/wp\/v2\/product_tag?post=22519"}],"curies":[{"name":"wp","href":"https:\/\/api.w.org\/{rel}","templated":true}]}}