{"id":22517,"date":"2025-06-02T13:13:47","date_gmt":"2025-06-02T13:13:47","guid":{"rendered":"https:\/\/bbqassad.ee\/toode\/kateellinen-paholainen-boom-erittain-voimakas-sytytys-kahdeksan-sytytysta-paketissa\/"},"modified":"2026-04-14T06:32:57","modified_gmt":"2026-04-14T06:32:57","slug":"kateellinen-paholainen-boom-erittain-voimakas-sytytys-kahdeksan-sytytysta-paketissa","status":"publish","type":"product","link":"https:\/\/bbqassad.ee\/fi\/toode\/kateellinen-paholainen-boom-erittain-voimakas-sytytys-kahdeksan-sytytysta-paketissa\/","title":{"rendered":"Envious Devil BOOM! Super Strong Starter, 8 pcs"},"content":{"rendered":"<h3>Kateellinen paholainen BOOM! Eritt\u00e4in voimakas sytytys, kahdeksan sytytyst\u00e4 paketissa. <\/h3>\n<p>Haluatko hauskan mutta mahtavan lahjan grillihullulle yst\u00e4v\u00e4llesi &#8211; siin\u00e4 se on &#8211; BOOM-sytytyspommit.<\/p>\n","protected":false},"excerpt":{"rendered":"<p style=\"font-weight: 400;\">100 % luonnonmukainen ja ymp\u00e4rist\u00f6yst\u00e4v\u00e4llinen, valmistettu kokonaan kookoskuidusta.<\/p>\n<p style=\"font-weight: 400;\">Patentoitu kaava ja muoto<\/p>\n<p style=\"font-weight: 400;\">Yksi puomi vastaa 3-5 johtavan kilpailijan sytytyskelaa.<\/p>\n<p style=\"font-weight: 400;\">Tuottaa 25 cm korkean liekin, saavuttaa yli 760 \u00b0F:n l\u00e4mp\u00f6tilan ja palaa yli 10 minuuttia.<\/p>\n<p style=\"font-weight: 400;\">L\u00e4hes savuton ja hajuton, eik\u00e4 lis\u00e4\u00e4 makua ruokaan.<\/p>\n<p style=\"font-weight: 400;\">Vedenpit\u00e4v\u00e4<\/p>\n<p style=\"font-weight: 400;\">Pommin muotoinen, syyst\u00e4, joka on aivan mahtava!<\/p>\n","protected":false},"featured_media":22518,"comment_status":"open","ping_status":"closed","template":"","meta":[],"product_brand":[],"product_cat":[801],"product_tag":[],"class_list":{"0":"post-22517","1":"product","2":"type-product","3":"status-publish","4":"has-post-thumbnail","6":"product_cat-soodus","8":"first","9":"instock","10":"taxable","11":"shipping-taxable","12":"purchasable","13":"product-type-simple"},"yoast_head":"<!-- This site is optimized with the Yoast SEO plugin v27.4 - https:\/\/yoast.com\/product\/yoast-seo-wordpress\/ -->\n<title>Envious Devil BOOM! Super Strong Starter, 8 pcs - BBQ \u00c4ssad<\/title>\n<meta name=\"description\" content=\"Kateellinen paholainen BOOM! supervahva sulake - 8 sulaketta pakkauksessa. 100 % luonnonmukainen ja ymp\u00e4rist\u00f6yst\u00e4v\u00e4llinen valinta nopeaan sytytt\u00e4miseen grilliss\u00e4 tai savustimessa.\" \/>\n<meta name=\"robots\" content=\"index, follow, max-snippet:-1, max-image-preview:large, max-video-preview:-1\" \/>\n<link rel=\"canonical\" href=\"https:\/\/bbqassad.ee\/fi\/toode\/kateellinen-paholainen-boom-erittain-voimakas-sytytys-kahdeksan-sytytysta-paketissa\/\" \/>\n<meta property=\"og:locale\" content=\"fi_FI\" \/>\n<meta property=\"og:type\" content=\"article\" \/>\n<meta property=\"og:title\" content=\"Kateellinen paholainen BOOM! Eritt\u00e4in voimakas sytytys, kahdeksan sytytyst\u00e4 paketissa.\" \/>\n<meta property=\"og:description\" content=\"Kateellinen paholainen BOOM! supervahva sulake - 8 sulaketta pakkauksessa. 100 % luonnonmukainen ja ymp\u00e4rist\u00f6yst\u00e4v\u00e4llinen valinta nopeaan sytytt\u00e4miseen grilliss\u00e4 tai savustimessa.\" \/>\n<meta property=\"og:url\" content=\"https:\/\/bbqassad.ee\/fi\/toode\/kateellinen-paholainen-boom-erittain-voimakas-sytytys-kahdeksan-sytytysta-paketissa\/\" \/>\n<meta property=\"og:site_name\" content=\"BBQ \u00c4ssad\" \/>\n<meta property=\"article:publisher\" content=\"https:\/\/www.facebook.com\/bbqassad\" \/>\n<meta property=\"article:modified_time\" content=\"2026-04-14T06:32:57+00:00\" \/>\n<meta property=\"og:image\" content=\"https:\/\/bbqassad.ee\/wp-content\/uploads\/2025\/06\/boom-8pack-front-right-1024x796.png\" \/>\n<meta name=\"twitter:card\" content=\"summary_large_image\" \/>\n<script type=\"application\/ld+json\" class=\"yoast-schema-graph\">{\"@context\":\"https:\\\/\\\/schema.org\",\"@graph\":[{\"@type\":\"WebPage\",\"@id\":\"https:\\\/\\\/bbqassad.ee\\\/fi\\\/toode\\\/kateellinen-paholainen-boom-erittain-voimakas-sytytys-kahdeksan-sytytysta-paketissa\\\/\",\"url\":\"https:\\\/\\\/bbqassad.ee\\\/fi\\\/toode\\\/kateellinen-paholainen-boom-erittain-voimakas-sytytys-kahdeksan-sytytysta-paketissa\\\/\",\"name\":\"Envious Devil BOOM! Super Strong Starter, 8 pcs - BBQ \u00c4ssad\",\"isPartOf\":{\"@id\":\"https:\\\/\\\/bbqassad.ee\\\/fi\\\/#website\"},\"primaryImageOfPage\":{\"@id\":\"https:\\\/\\\/bbqassad.ee\\\/fi\\\/toode\\\/kateellinen-paholainen-boom-erittain-voimakas-sytytys-kahdeksan-sytytysta-paketissa\\\/#primaryimage\"},\"image\":{\"@id\":\"https:\\\/\\\/bbqassad.ee\\\/fi\\\/toode\\\/kateellinen-paholainen-boom-erittain-voimakas-sytytys-kahdeksan-sytytysta-paketissa\\\/#primaryimage\"},\"thumbnailUrl\":\"https:\\\/\\\/bbqassad.ee\\\/wp-content\\\/uploads\\\/2025\\\/06\\\/boom-8pack-front-right.png\",\"datePublished\":\"2025-06-02T13:13:47+00:00\",\"dateModified\":\"2026-04-14T06:32:57+00:00\",\"description\":\"Kateellinen paholainen BOOM! supervahva sulake - 8 sulaketta pakkauksessa. 100 % luonnonmukainen ja ymp\u00e4rist\u00f6yst\u00e4v\u00e4llinen valinta nopeaan sytytt\u00e4miseen grilliss\u00e4 tai savustimessa.\",\"breadcrumb\":{\"@id\":\"https:\\\/\\\/bbqassad.ee\\\/fi\\\/toode\\\/kateellinen-paholainen-boom-erittain-voimakas-sytytys-kahdeksan-sytytysta-paketissa\\\/#breadcrumb\"},\"inLanguage\":\"fi\",\"potentialAction\":[{\"@type\":\"ReadAction\",\"target\":[\"https:\\\/\\\/bbqassad.ee\\\/fi\\\/toode\\\/kateellinen-paholainen-boom-erittain-voimakas-sytytys-kahdeksan-sytytysta-paketissa\\\/\"]}]},{\"@type\":\"ImageObject\",\"inLanguage\":\"fi\",\"@id\":\"https:\\\/\\\/bbqassad.ee\\\/fi\\\/toode\\\/kateellinen-paholainen-boom-erittain-voimakas-sytytys-kahdeksan-sytytysta-paketissa\\\/#primaryimage\",\"url\":\"https:\\\/\\\/bbqassad.ee\\\/wp-content\\\/uploads\\\/2025\\\/06\\\/boom-8pack-front-right.png\",\"contentUrl\":\"https:\\\/\\\/bbqassad.ee\\\/wp-content\\\/uploads\\\/2025\\\/06\\\/boom-8pack-front-right.png\",\"width\":1800,\"height\":1400,\"caption\":\"Jealous Devil BOOM! \u00dcli\u00e4ge s\u00fc\u00fctepala, pakis kaheksa s\u00fc\u00fctamist.\"},{\"@type\":\"BreadcrumbList\",\"@id\":\"https:\\\/\\\/bbqassad.ee\\\/fi\\\/toode\\\/kateellinen-paholainen-boom-erittain-voimakas-sytytys-kahdeksan-sytytysta-paketissa\\\/#breadcrumb\",\"itemListElement\":[{\"@type\":\"ListItem\",\"position\":1,\"name\":\"Home\",\"item\":\"https:\\\/\\\/bbqassad.ee\\\/fi\\\/bbq-assat\\\/\"},{\"@type\":\"ListItem\",\"position\":2,\"name\":\"Verkkokauppa\",\"item\":\"https:\\\/\\\/bbqassad.ee\\\/fi\\\/verkkokauppa\\\/\"},{\"@type\":\"ListItem\",\"position\":3,\"name\":\"Envious Devil BOOM! Super Strong Starter, 8 pcs\"}]},{\"@type\":\"WebSite\",\"@id\":\"https:\\\/\\\/bbqassad.ee\\\/fi\\\/#website\",\"url\":\"https:\\\/\\\/bbqassad.ee\\\/fi\\\/\",\"name\":\"BBQ \u00c4ssad\",\"description\":\"BBQ maitseained, kastmed, ahjud\",\"publisher\":{\"@id\":\"https:\\\/\\\/bbqassad.ee\\\/fi\\\/#organization\"},\"potentialAction\":[{\"@type\":\"SearchAction\",\"target\":{\"@type\":\"EntryPoint\",\"urlTemplate\":\"https:\\\/\\\/bbqassad.ee\\\/fi\\\/?s={search_term_string}\"},\"query-input\":{\"@type\":\"PropertyValueSpecification\",\"valueRequired\":true,\"valueName\":\"search_term_string\"}}],\"inLanguage\":\"fi\"},{\"@type\":\"Organization\",\"@id\":\"https:\\\/\\\/bbqassad.ee\\\/fi\\\/#organization\",\"name\":\"BBQ \u00c4ssad\",\"url\":\"https:\\\/\\\/bbqassad.ee\\\/fi\\\/\",\"logo\":{\"@type\":\"ImageObject\",\"inLanguage\":\"fi\",\"@id\":\"https:\\\/\\\/bbqassad.ee\\\/fi\\\/#\\\/schema\\\/logo\\\/image\\\/\",\"url\":\"https:\\\/\\\/bbqassad.ee\\\/wp-content\\\/uploads\\\/2022\\\/10\\\/BBQ-2ssadlogo.png\",\"contentUrl\":\"https:\\\/\\\/bbqassad.ee\\\/wp-content\\\/uploads\\\/2022\\\/10\\\/BBQ-2ssadlogo.png\",\"width\":1080,\"height\":1080,\"caption\":\"BBQ \u00c4ssad\"},\"image\":{\"@id\":\"https:\\\/\\\/bbqassad.ee\\\/fi\\\/#\\\/schema\\\/logo\\\/image\\\/\"},\"sameAs\":[\"https:\\\/\\\/www.facebook.com\\\/bbqassad\",\"https:\\\/\\\/www.youtube.com\\\/channel\\\/UCsoufn49J6TVi9Ah9meE93w\"]}]}<\/script>\n<!-- \/ Yoast SEO plugin. -->","yoast_head_json":{"title":"Envious Devil BOOM! Super Strong Starter, 8 pcs - BBQ \u00c4ssad","description":"Kateellinen paholainen BOOM! supervahva sulake - 8 sulaketta pakkauksessa. 100 % luonnonmukainen ja ymp\u00e4rist\u00f6yst\u00e4v\u00e4llinen valinta nopeaan sytytt\u00e4miseen grilliss\u00e4 tai savustimessa.","robots":{"index":"index","follow":"follow","max-snippet":"max-snippet:-1","max-image-preview":"max-image-preview:large","max-video-preview":"max-video-preview:-1"},"canonical":"https:\/\/bbqassad.ee\/fi\/toode\/kateellinen-paholainen-boom-erittain-voimakas-sytytys-kahdeksan-sytytysta-paketissa\/","og_locale":"fi_FI","og_type":"article","og_title":"Kateellinen paholainen BOOM! Eritt\u00e4in voimakas sytytys, kahdeksan sytytyst\u00e4 paketissa.","og_description":"Kateellinen paholainen BOOM! supervahva sulake - 8 sulaketta pakkauksessa. 100 % luonnonmukainen ja ymp\u00e4rist\u00f6yst\u00e4v\u00e4llinen valinta nopeaan sytytt\u00e4miseen grilliss\u00e4 tai savustimessa.","og_url":"https:\/\/bbqassad.ee\/fi\/toode\/kateellinen-paholainen-boom-erittain-voimakas-sytytys-kahdeksan-sytytysta-paketissa\/","og_site_name":"BBQ \u00c4ssad","article_publisher":"https:\/\/www.facebook.com\/bbqassad","article_modified_time":"2026-04-14T06:32:57+00:00","og_image":[{"url":"https:\/\/bbqassad.ee\/wp-content\/uploads\/2025\/06\/boom-8pack-front-right-1024x796.png","type":"","width":"","height":""}],"twitter_card":"summary_large_image","schema":{"@context":"https:\/\/schema.org","@graph":[{"@type":"WebPage","@id":"https:\/\/bbqassad.ee\/fi\/toode\/kateellinen-paholainen-boom-erittain-voimakas-sytytys-kahdeksan-sytytysta-paketissa\/","url":"https:\/\/bbqassad.ee\/fi\/toode\/kateellinen-paholainen-boom-erittain-voimakas-sytytys-kahdeksan-sytytysta-paketissa\/","name":"Envious Devil BOOM! Super Strong Starter, 8 pcs - BBQ \u00c4ssad","isPartOf":{"@id":"https:\/\/bbqassad.ee\/fi\/#website"},"primaryImageOfPage":{"@id":"https:\/\/bbqassad.ee\/fi\/toode\/kateellinen-paholainen-boom-erittain-voimakas-sytytys-kahdeksan-sytytysta-paketissa\/#primaryimage"},"image":{"@id":"https:\/\/bbqassad.ee\/fi\/toode\/kateellinen-paholainen-boom-erittain-voimakas-sytytys-kahdeksan-sytytysta-paketissa\/#primaryimage"},"thumbnailUrl":"https:\/\/bbqassad.ee\/wp-content\/uploads\/2025\/06\/boom-8pack-front-right.png","datePublished":"2025-06-02T13:13:47+00:00","dateModified":"2026-04-14T06:32:57+00:00","description":"Kateellinen paholainen BOOM! supervahva sulake - 8 sulaketta pakkauksessa. 100 % luonnonmukainen ja ymp\u00e4rist\u00f6yst\u00e4v\u00e4llinen valinta nopeaan sytytt\u00e4miseen grilliss\u00e4 tai savustimessa.","breadcrumb":{"@id":"https:\/\/bbqassad.ee\/fi\/toode\/kateellinen-paholainen-boom-erittain-voimakas-sytytys-kahdeksan-sytytysta-paketissa\/#breadcrumb"},"inLanguage":"fi","potentialAction":[{"@type":"ReadAction","target":["https:\/\/bbqassad.ee\/fi\/toode\/kateellinen-paholainen-boom-erittain-voimakas-sytytys-kahdeksan-sytytysta-paketissa\/"]}]},{"@type":"ImageObject","inLanguage":"fi","@id":"https:\/\/bbqassad.ee\/fi\/toode\/kateellinen-paholainen-boom-erittain-voimakas-sytytys-kahdeksan-sytytysta-paketissa\/#primaryimage","url":"https:\/\/bbqassad.ee\/wp-content\/uploads\/2025\/06\/boom-8pack-front-right.png","contentUrl":"https:\/\/bbqassad.ee\/wp-content\/uploads\/2025\/06\/boom-8pack-front-right.png","width":1800,"height":1400,"caption":"Jealous Devil BOOM! \u00dcli\u00e4ge s\u00fc\u00fctepala, pakis kaheksa s\u00fc\u00fctamist."},{"@type":"BreadcrumbList","@id":"https:\/\/bbqassad.ee\/fi\/toode\/kateellinen-paholainen-boom-erittain-voimakas-sytytys-kahdeksan-sytytysta-paketissa\/#breadcrumb","itemListElement":[{"@type":"ListItem","position":1,"name":"Home","item":"https:\/\/bbqassad.ee\/fi\/bbq-assat\/"},{"@type":"ListItem","position":2,"name":"Verkkokauppa","item":"https:\/\/bbqassad.ee\/fi\/verkkokauppa\/"},{"@type":"ListItem","position":3,"name":"Envious Devil BOOM! Super Strong Starter, 8 pcs"}]},{"@type":"WebSite","@id":"https:\/\/bbqassad.ee\/fi\/#website","url":"https:\/\/bbqassad.ee\/fi\/","name":"BBQ \u00c4ssad","description":"BBQ maitseained, kastmed, ahjud","publisher":{"@id":"https:\/\/bbqassad.ee\/fi\/#organization"},"potentialAction":[{"@type":"SearchAction","target":{"@type":"EntryPoint","urlTemplate":"https:\/\/bbqassad.ee\/fi\/?s={search_term_string}"},"query-input":{"@type":"PropertyValueSpecification","valueRequired":true,"valueName":"search_term_string"}}],"inLanguage":"fi"},{"@type":"Organization","@id":"https:\/\/bbqassad.ee\/fi\/#organization","name":"BBQ \u00c4ssad","url":"https:\/\/bbqassad.ee\/fi\/","logo":{"@type":"ImageObject","inLanguage":"fi","@id":"https:\/\/bbqassad.ee\/fi\/#\/schema\/logo\/image\/","url":"https:\/\/bbqassad.ee\/wp-content\/uploads\/2022\/10\/BBQ-2ssadlogo.png","contentUrl":"https:\/\/bbqassad.ee\/wp-content\/uploads\/2022\/10\/BBQ-2ssadlogo.png","width":1080,"height":1080,"caption":"BBQ \u00c4ssad"},"image":{"@id":"https:\/\/bbqassad.ee\/fi\/#\/schema\/logo\/image\/"},"sameAs":["https:\/\/www.facebook.com\/bbqassad","https:\/\/www.youtube.com\/channel\/UCsoufn49J6TVi9Ah9meE93w"]}]}},"_links":{"self":[{"href":"https:\/\/bbqassad.ee\/fi\/wp-json\/wp\/v2\/product\/22517","targetHints":{"allow":["GET"]}}],"collection":[{"href":"https:\/\/bbqassad.ee\/fi\/wp-json\/wp\/v2\/product"}],"about":[{"href":"https:\/\/bbqassad.ee\/fi\/wp-json\/wp\/v2\/types\/product"}],"replies":[{"embeddable":true,"href":"https:\/\/bbqassad.ee\/fi\/wp-json\/wp\/v2\/comments?post=22517"}],"wp:featuredmedia":[{"embeddable":true,"href":"https:\/\/bbqassad.ee\/fi\/wp-json\/wp\/v2\/media\/22518"}],"wp:attachment":[{"href":"https:\/\/bbqassad.ee\/fi\/wp-json\/wp\/v2\/media?parent=22517"}],"wp:term":[{"taxonomy":"product_brand","embeddable":true,"href":"https:\/\/bbqassad.ee\/fi\/wp-json\/wp\/v2\/product_brand?post=22517"},{"taxonomy":"product_cat","embeddable":true,"href":"https:\/\/bbqassad.ee\/fi\/wp-json\/wp\/v2\/product_cat?post=22517"},{"taxonomy":"product_tag","embeddable":true,"href":"https:\/\/bbqassad.ee\/fi\/wp-json\/wp\/v2\/product_tag?post=22517"}],"curies":[{"name":"wp","href":"https:\/\/api.w.org\/{rel}","templated":true}]}}