{"id":22515,"date":"2025-06-02T13:36:38","date_gmt":"2025-06-02T13:36:38","guid":{"rendered":"https:\/\/bbqassad.ee\/toode\/tuffy-stone-daily-grind-coffee-rub-makuinen-kahvimurskain\/"},"modified":"2026-04-25T15:23:47","modified_gmt":"2026-04-25T15:23:47","slug":"tuffy-stone-daily-grind-coffee-rub-makuinen-kahvimurskain","status":"publish","type":"product","link":"https:\/\/bbqassad.ee\/fi\/toode\/tuffy-stone-daily-grind-coffee-rub-makuinen-kahvimurskain\/","title":{"rendered":"Tuffy Stone Daily Grind Coffee Rub -kahvimausteseos"},"content":{"rendered":"<h3>Tuffy Stone Daily Grind Coffee Rub -makuinen kahvimurskain<\/h3>\n<p>Tutustu Tuffy Stone Daily Grind -mausteseoksen runsaisiin ja rohkeisiin makuihin. Maailmankuulun BBQ-mestarin Tuffy Stonen luoma ainutlaatuinen sekoitus yhdist\u00e4\u00e4 kahvin syv\u00e4t aromit t\u00e4ydellisesti tasapainotettuun yrtti- ja maustesekoitukseen. Lopputulos on t\u00e4ytel\u00e4inen ja herkullinen, hieman makea ja kevyesti potkiva.  <\/p>\n<h3>BBQ Aces kommentti<\/h3>\n<p>Ardo ei juo kahvia, tee seuraavaksi Red Bull -mausteita \ud83d\ude42<\/p>\n<h3>Ammattilaisen vinkki<\/h3>\n<p>Tuffy Stone itse sanoo, ett\u00e4 se on hyv\u00e4ksi sioille ja karjalle.<\/p>\n","protected":false},"excerpt":{"rendered":"<p>Valmistaja: Tuffy Stone<\/p>\n<p>M\u00e4\u00e4r\u00e4: 264g<\/p>\n<p>Ainesosat: suola, mausteet (mm. mustapippuri, chipotle, kumina), kahvi, ruskea sokeri, kaakaojauhe, puhdistettu <strong>soija\u00f6ljy<\/strong>ja alle 2% trikalsiumfosfaattia paakkuuntumisen est\u00e4miseksi.<\/p>\n","protected":false},"featured_media":22516,"comment_status":"open","ping_status":"closed","template":"","meta":[],"product_brand":[],"product_cat":[801,802],"product_tag":[803,789],"class_list":{"0":"post-22515","1":"product","2":"type-product","3":"status-publish","4":"has-post-thumbnail","6":"product_cat-soodus","7":"product_cat-sekoitukset","8":"product_tag-karja","9":"product_tag-sika","11":"first","12":"instock","13":"sale","14":"taxable","15":"shipping-taxable","16":"purchasable","17":"product-type-simple"},"yoast_head":"<!-- This site is optimized with the Yoast SEO plugin v27.4 - https:\/\/yoast.com\/product\/yoast-seo-wordpress\/ -->\n<title>Tuffy Stone Daily Grind Coffee Rub -kahvimausteseos - BBQ \u00c4ssad<\/title>\n<meta name=\"description\" content=\"Kahvia ja kaakaota sis\u00e4lt\u00e4v\u00e4 BBQ-mauste, jossa on mukavan savuisen mausteinen s\u00e4vy (mm. mustapippuria ja chipotlea). Erityisen hyv\u00e4 naudan- ja sianlihalle.\" \/>\n<meta name=\"robots\" content=\"index, follow, max-snippet:-1, max-image-preview:large, max-video-preview:-1\" \/>\n<link rel=\"canonical\" href=\"https:\/\/bbqassad.ee\/fi\/toode\/tuffy-stone-daily-grind-coffee-rub-makuinen-kahvimurskain\/\" \/>\n<meta property=\"og:locale\" content=\"fi_FI\" \/>\n<meta property=\"og:type\" content=\"article\" \/>\n<meta property=\"og:title\" content=\"Tuffy Stone Daily Grind Coffee Rub -makuinen kahvimurskain\" \/>\n<meta property=\"og:description\" content=\"Kahvia ja kaakaota sis\u00e4lt\u00e4v\u00e4 BBQ-mauste, jossa on mukavan savuisen mausteinen s\u00e4vy (mm. mustapippuria ja chipotlea). Erityisen hyv\u00e4 naudan- ja sianlihalle.\" \/>\n<meta property=\"og:url\" content=\"https:\/\/bbqassad.ee\/fi\/toode\/tuffy-stone-daily-grind-coffee-rub-makuinen-kahvimurskain\/\" \/>\n<meta property=\"og:site_name\" content=\"BBQ \u00c4ssad\" \/>\n<meta property=\"article:publisher\" content=\"https:\/\/www.facebook.com\/bbqassad\" \/>\n<meta property=\"article:modified_time\" content=\"2026-04-25T15:23:47+00:00\" \/>\n<meta property=\"og:image\" content=\"https:\/\/bbqassad.ee\/wp-content\/uploads\/2025\/06\/Nimetu-kujundus-129-1024x576.png\" \/>\n<meta name=\"twitter:card\" content=\"summary_large_image\" \/>\n<script type=\"application\/ld+json\" class=\"yoast-schema-graph\">{\"@context\":\"https:\\\/\\\/schema.org\",\"@graph\":[{\"@type\":\"WebPage\",\"@id\":\"https:\\\/\\\/bbqassad.ee\\\/fi\\\/toode\\\/tuffy-stone-daily-grind-coffee-rub-makuinen-kahvimurskain\\\/\",\"url\":\"https:\\\/\\\/bbqassad.ee\\\/fi\\\/toode\\\/tuffy-stone-daily-grind-coffee-rub-makuinen-kahvimurskain\\\/\",\"name\":\"Tuffy Stone Daily Grind Coffee Rub -kahvimausteseos - BBQ \u00c4ssad\",\"isPartOf\":{\"@id\":\"https:\\\/\\\/bbqassad.ee\\\/fi\\\/#website\"},\"primaryImageOfPage\":{\"@id\":\"https:\\\/\\\/bbqassad.ee\\\/fi\\\/toode\\\/tuffy-stone-daily-grind-coffee-rub-makuinen-kahvimurskain\\\/#primaryimage\"},\"image\":{\"@id\":\"https:\\\/\\\/bbqassad.ee\\\/fi\\\/toode\\\/tuffy-stone-daily-grind-coffee-rub-makuinen-kahvimurskain\\\/#primaryimage\"},\"thumbnailUrl\":\"https:\\\/\\\/bbqassad.ee\\\/wp-content\\\/uploads\\\/2025\\\/06\\\/Nimetu-kujundus-129.png\",\"datePublished\":\"2025-06-02T13:36:38+00:00\",\"dateModified\":\"2026-04-25T15:23:47+00:00\",\"description\":\"Kahvia ja kaakaota sis\u00e4lt\u00e4v\u00e4 BBQ-mauste, jossa on mukavan savuisen mausteinen s\u00e4vy (mm. mustapippuria ja chipotlea). Erityisen hyv\u00e4 naudan- ja sianlihalle.\",\"breadcrumb\":{\"@id\":\"https:\\\/\\\/bbqassad.ee\\\/fi\\\/toode\\\/tuffy-stone-daily-grind-coffee-rub-makuinen-kahvimurskain\\\/#breadcrumb\"},\"inLanguage\":\"fi\",\"potentialAction\":[{\"@type\":\"ReadAction\",\"target\":[\"https:\\\/\\\/bbqassad.ee\\\/fi\\\/toode\\\/tuffy-stone-daily-grind-coffee-rub-makuinen-kahvimurskain\\\/\"]}]},{\"@type\":\"ImageObject\",\"inLanguage\":\"fi\",\"@id\":\"https:\\\/\\\/bbqassad.ee\\\/fi\\\/toode\\\/tuffy-stone-daily-grind-coffee-rub-makuinen-kahvimurskain\\\/#primaryimage\",\"url\":\"https:\\\/\\\/bbqassad.ee\\\/wp-content\\\/uploads\\\/2025\\\/06\\\/Nimetu-kujundus-129.png\",\"contentUrl\":\"https:\\\/\\\/bbqassad.ee\\\/wp-content\\\/uploads\\\/2025\\\/06\\\/Nimetu-kujundus-129.png\",\"width\":1280,\"height\":720,\"caption\":\"Maitseainesegu Tuffy Stone Daily Grind Coffee Rub\"},{\"@type\":\"BreadcrumbList\",\"@id\":\"https:\\\/\\\/bbqassad.ee\\\/fi\\\/toode\\\/tuffy-stone-daily-grind-coffee-rub-makuinen-kahvimurskain\\\/#breadcrumb\",\"itemListElement\":[{\"@type\":\"ListItem\",\"position\":1,\"name\":\"Home\",\"item\":\"https:\\\/\\\/bbqassad.ee\\\/fi\\\/bbq-assat\\\/\"},{\"@type\":\"ListItem\",\"position\":2,\"name\":\"Verkkokauppa\",\"item\":\"https:\\\/\\\/bbqassad.ee\\\/fi\\\/verkkokauppa\\\/\"},{\"@type\":\"ListItem\",\"position\":3,\"name\":\"Tuffy Stone Daily Grind Coffee Rub -kahvimausteseos\"}]},{\"@type\":\"WebSite\",\"@id\":\"https:\\\/\\\/bbqassad.ee\\\/fi\\\/#website\",\"url\":\"https:\\\/\\\/bbqassad.ee\\\/fi\\\/\",\"name\":\"BBQ \u00c4ssad\",\"description\":\"BBQ maitseained, kastmed, ahjud\",\"publisher\":{\"@id\":\"https:\\\/\\\/bbqassad.ee\\\/fi\\\/#organization\"},\"potentialAction\":[{\"@type\":\"SearchAction\",\"target\":{\"@type\":\"EntryPoint\",\"urlTemplate\":\"https:\\\/\\\/bbqassad.ee\\\/fi\\\/?s={search_term_string}\"},\"query-input\":{\"@type\":\"PropertyValueSpecification\",\"valueRequired\":true,\"valueName\":\"search_term_string\"}}],\"inLanguage\":\"fi\"},{\"@type\":\"Organization\",\"@id\":\"https:\\\/\\\/bbqassad.ee\\\/fi\\\/#organization\",\"name\":\"BBQ \u00c4ssad\",\"url\":\"https:\\\/\\\/bbqassad.ee\\\/fi\\\/\",\"logo\":{\"@type\":\"ImageObject\",\"inLanguage\":\"fi\",\"@id\":\"https:\\\/\\\/bbqassad.ee\\\/fi\\\/#\\\/schema\\\/logo\\\/image\\\/\",\"url\":\"https:\\\/\\\/bbqassad.ee\\\/wp-content\\\/uploads\\\/2022\\\/10\\\/BBQ-2ssadlogo.png\",\"contentUrl\":\"https:\\\/\\\/bbqassad.ee\\\/wp-content\\\/uploads\\\/2022\\\/10\\\/BBQ-2ssadlogo.png\",\"width\":1080,\"height\":1080,\"caption\":\"BBQ \u00c4ssad\"},\"image\":{\"@id\":\"https:\\\/\\\/bbqassad.ee\\\/fi\\\/#\\\/schema\\\/logo\\\/image\\\/\"},\"sameAs\":[\"https:\\\/\\\/www.facebook.com\\\/bbqassad\",\"https:\\\/\\\/www.youtube.com\\\/channel\\\/UCsoufn49J6TVi9Ah9meE93w\"]}]}<\/script>\n<!-- \/ Yoast SEO plugin. -->","yoast_head_json":{"title":"Tuffy Stone Daily Grind Coffee Rub -kahvimausteseos - BBQ \u00c4ssad","description":"Kahvia ja kaakaota sis\u00e4lt\u00e4v\u00e4 BBQ-mauste, jossa on mukavan savuisen mausteinen s\u00e4vy (mm. mustapippuria ja chipotlea). Erityisen hyv\u00e4 naudan- ja sianlihalle.","robots":{"index":"index","follow":"follow","max-snippet":"max-snippet:-1","max-image-preview":"max-image-preview:large","max-video-preview":"max-video-preview:-1"},"canonical":"https:\/\/bbqassad.ee\/fi\/toode\/tuffy-stone-daily-grind-coffee-rub-makuinen-kahvimurskain\/","og_locale":"fi_FI","og_type":"article","og_title":"Tuffy Stone Daily Grind Coffee Rub -makuinen kahvimurskain","og_description":"Kahvia ja kaakaota sis\u00e4lt\u00e4v\u00e4 BBQ-mauste, jossa on mukavan savuisen mausteinen s\u00e4vy (mm. mustapippuria ja chipotlea). Erityisen hyv\u00e4 naudan- ja sianlihalle.","og_url":"https:\/\/bbqassad.ee\/fi\/toode\/tuffy-stone-daily-grind-coffee-rub-makuinen-kahvimurskain\/","og_site_name":"BBQ \u00c4ssad","article_publisher":"https:\/\/www.facebook.com\/bbqassad","article_modified_time":"2026-04-25T15:23:47+00:00","og_image":[{"url":"https:\/\/bbqassad.ee\/wp-content\/uploads\/2025\/06\/Nimetu-kujundus-129-1024x576.png","type":"","width":"","height":""}],"twitter_card":"summary_large_image","schema":{"@context":"https:\/\/schema.org","@graph":[{"@type":"WebPage","@id":"https:\/\/bbqassad.ee\/fi\/toode\/tuffy-stone-daily-grind-coffee-rub-makuinen-kahvimurskain\/","url":"https:\/\/bbqassad.ee\/fi\/toode\/tuffy-stone-daily-grind-coffee-rub-makuinen-kahvimurskain\/","name":"Tuffy Stone Daily Grind Coffee Rub -kahvimausteseos - BBQ \u00c4ssad","isPartOf":{"@id":"https:\/\/bbqassad.ee\/fi\/#website"},"primaryImageOfPage":{"@id":"https:\/\/bbqassad.ee\/fi\/toode\/tuffy-stone-daily-grind-coffee-rub-makuinen-kahvimurskain\/#primaryimage"},"image":{"@id":"https:\/\/bbqassad.ee\/fi\/toode\/tuffy-stone-daily-grind-coffee-rub-makuinen-kahvimurskain\/#primaryimage"},"thumbnailUrl":"https:\/\/bbqassad.ee\/wp-content\/uploads\/2025\/06\/Nimetu-kujundus-129.png","datePublished":"2025-06-02T13:36:38+00:00","dateModified":"2026-04-25T15:23:47+00:00","description":"Kahvia ja kaakaota sis\u00e4lt\u00e4v\u00e4 BBQ-mauste, jossa on mukavan savuisen mausteinen s\u00e4vy (mm. mustapippuria ja chipotlea). Erityisen hyv\u00e4 naudan- ja sianlihalle.","breadcrumb":{"@id":"https:\/\/bbqassad.ee\/fi\/toode\/tuffy-stone-daily-grind-coffee-rub-makuinen-kahvimurskain\/#breadcrumb"},"inLanguage":"fi","potentialAction":[{"@type":"ReadAction","target":["https:\/\/bbqassad.ee\/fi\/toode\/tuffy-stone-daily-grind-coffee-rub-makuinen-kahvimurskain\/"]}]},{"@type":"ImageObject","inLanguage":"fi","@id":"https:\/\/bbqassad.ee\/fi\/toode\/tuffy-stone-daily-grind-coffee-rub-makuinen-kahvimurskain\/#primaryimage","url":"https:\/\/bbqassad.ee\/wp-content\/uploads\/2025\/06\/Nimetu-kujundus-129.png","contentUrl":"https:\/\/bbqassad.ee\/wp-content\/uploads\/2025\/06\/Nimetu-kujundus-129.png","width":1280,"height":720,"caption":"Maitseainesegu Tuffy Stone Daily Grind Coffee Rub"},{"@type":"BreadcrumbList","@id":"https:\/\/bbqassad.ee\/fi\/toode\/tuffy-stone-daily-grind-coffee-rub-makuinen-kahvimurskain\/#breadcrumb","itemListElement":[{"@type":"ListItem","position":1,"name":"Home","item":"https:\/\/bbqassad.ee\/fi\/bbq-assat\/"},{"@type":"ListItem","position":2,"name":"Verkkokauppa","item":"https:\/\/bbqassad.ee\/fi\/verkkokauppa\/"},{"@type":"ListItem","position":3,"name":"Tuffy Stone Daily Grind Coffee Rub -kahvimausteseos"}]},{"@type":"WebSite","@id":"https:\/\/bbqassad.ee\/fi\/#website","url":"https:\/\/bbqassad.ee\/fi\/","name":"BBQ \u00c4ssad","description":"BBQ maitseained, kastmed, ahjud","publisher":{"@id":"https:\/\/bbqassad.ee\/fi\/#organization"},"potentialAction":[{"@type":"SearchAction","target":{"@type":"EntryPoint","urlTemplate":"https:\/\/bbqassad.ee\/fi\/?s={search_term_string}"},"query-input":{"@type":"PropertyValueSpecification","valueRequired":true,"valueName":"search_term_string"}}],"inLanguage":"fi"},{"@type":"Organization","@id":"https:\/\/bbqassad.ee\/fi\/#organization","name":"BBQ \u00c4ssad","url":"https:\/\/bbqassad.ee\/fi\/","logo":{"@type":"ImageObject","inLanguage":"fi","@id":"https:\/\/bbqassad.ee\/fi\/#\/schema\/logo\/image\/","url":"https:\/\/bbqassad.ee\/wp-content\/uploads\/2022\/10\/BBQ-2ssadlogo.png","contentUrl":"https:\/\/bbqassad.ee\/wp-content\/uploads\/2022\/10\/BBQ-2ssadlogo.png","width":1080,"height":1080,"caption":"BBQ \u00c4ssad"},"image":{"@id":"https:\/\/bbqassad.ee\/fi\/#\/schema\/logo\/image\/"},"sameAs":["https:\/\/www.facebook.com\/bbqassad","https:\/\/www.youtube.com\/channel\/UCsoufn49J6TVi9Ah9meE93w"]}]}},"_links":{"self":[{"href":"https:\/\/bbqassad.ee\/fi\/wp-json\/wp\/v2\/product\/22515","targetHints":{"allow":["GET"]}}],"collection":[{"href":"https:\/\/bbqassad.ee\/fi\/wp-json\/wp\/v2\/product"}],"about":[{"href":"https:\/\/bbqassad.ee\/fi\/wp-json\/wp\/v2\/types\/product"}],"replies":[{"embeddable":true,"href":"https:\/\/bbqassad.ee\/fi\/wp-json\/wp\/v2\/comments?post=22515"}],"wp:featuredmedia":[{"embeddable":true,"href":"https:\/\/bbqassad.ee\/fi\/wp-json\/wp\/v2\/media\/22516"}],"wp:attachment":[{"href":"https:\/\/bbqassad.ee\/fi\/wp-json\/wp\/v2\/media?parent=22515"}],"wp:term":[{"taxonomy":"product_brand","embeddable":true,"href":"https:\/\/bbqassad.ee\/fi\/wp-json\/wp\/v2\/product_brand?post=22515"},{"taxonomy":"product_cat","embeddable":true,"href":"https:\/\/bbqassad.ee\/fi\/wp-json\/wp\/v2\/product_cat?post=22515"},{"taxonomy":"product_tag","embeddable":true,"href":"https:\/\/bbqassad.ee\/fi\/wp-json\/wp\/v2\/product_tag?post=22515"}],"curies":[{"name":"wp","href":"https:\/\/api.w.org\/{rel}","templated":true}]}}