{"id":22513,"date":"2025-06-02T13:45:51","date_gmt":"2025-06-02T13:45:51","guid":{"rendered":"https:\/\/bbqassad.ee\/toode\/mausteseos-liha-church-dia-de-la-fajita\/"},"modified":"2026-04-14T06:32:57","modified_gmt":"2026-04-14T06:32:57","slug":"mausteseos-liha-church-dia-de-la-fajita","status":"publish","type":"product","link":"https:\/\/bbqassad.ee\/fi\/toode\/mausteseos-liha-church-dia-de-la-fajita\/","title":{"rendered":"Meat Church Fajita -mausteseos"},"content":{"rendered":"<h3>Mausteseos Liha Church Dia De La Fajita<\/h3>\n<p>Mik\u00e4 p\u00e4iv\u00e4 t\u00e4n\u00e4\u00e4n on? D\u00eda de la fajita (Fajitan p\u00e4iv\u00e4)!!!! !!!! <\/p>\n<p>Matt asuu Teksasissa, joten h\u00e4n tekee fajitaksia koko ajan. He sy\u00f6v\u00e4t aina aitoa Tex-Mex-ruokaa. Matt ty\u00f6skenteli arvostettujen kokkien ja pitmastereiden kanssa, kunnes he l\u00f6ysiv\u00e4t t\u00e4ydellisen reseptin. Mauste on suolainen fajitamauste, jossa on sitruksisia s\u00e4vyj\u00e4.   <\/p>\n<h3>BBQ Aces kommentti<\/h3>\n<p>Fajita on ihan pirun hyv\u00e4\u00e4 kamaa, mutta mit\u00e4 vikaa on esimerkiksi siin\u00e4, ett\u00e4 tekee kanaa sen kanssa, aika suolaista maustetta ja sitten my\u00f6hemmin makeampaa kastiketta p\u00e4\u00e4lle ja tasapaino on kiva.<\/p>\n<h3>Pro-Tip<\/h3>\n<p>Tee Fajitaksia, etk\u00e4 kadu sit\u00e4 \ud83d\ude42<\/p>\n","protected":false},"excerpt":{"rendered":"<p>Tuottaja: Meat Church<\/p>\n<p>Paino: 340g<\/p>\n<p>Ainesosat: Suola, mausteet, kuivattu valkosipuli ja sipuli, sitruunamehujauhe, kasviuutteet, papaiini, bromelaiini. Gluteeniton. Ei sis\u00e4ll\u00e4 natriumglutamaattia.  <\/p>\n","protected":false},"featured_media":22514,"comment_status":"open","ping_status":"closed","template":"","meta":[],"product_brand":[],"product_cat":[802],"product_tag":[790],"class_list":{"0":"post-22513","1":"product","2":"type-product","3":"status-publish","4":"has-post-thumbnail","6":"product_cat-sekoitukset","7":"product_tag-kana","9":"first","10":"instock","11":"taxable","12":"shipping-taxable","13":"purchasable","14":"product-type-simple"},"yoast_head":"<!-- This site is optimized with the Yoast SEO plugin v27.4 - https:\/\/yoast.com\/product\/yoast-seo-wordpress\/ -->\n<title>Meat Church Fajita -mausteseos - BBQ \u00c4ssad<\/title>\n<meta name=\"description\" content=\"Tex-Mex fajita -mausteseos, jossa on sitrushedelmien vivahteita. Sopii naudan-, kanan- ja sianlihan maustamiseen grilliss\u00e4 tai pannulla. Paino 340 g.\" \/>\n<meta name=\"robots\" content=\"index, follow, max-snippet:-1, max-image-preview:large, max-video-preview:-1\" \/>\n<link rel=\"canonical\" href=\"https:\/\/bbqassad.ee\/fi\/toode\/mausteseos-liha-church-dia-de-la-fajita\/\" \/>\n<meta property=\"og:locale\" content=\"fi_FI\" \/>\n<meta property=\"og:type\" content=\"article\" \/>\n<meta property=\"og:title\" content=\"Mausteseos Liha Church Dia De La Fajita\" \/>\n<meta property=\"og:description\" content=\"Tex-Mex fajita -mausteseos, jossa on sitrushedelmien vivahteita. Sopii naudan-, kanan- ja sianlihan maustamiseen grilliss\u00e4 tai pannulla. Paino 340 g.\" \/>\n<meta property=\"og:url\" content=\"https:\/\/bbqassad.ee\/fi\/toode\/mausteseos-liha-church-dia-de-la-fajita\/\" \/>\n<meta property=\"og:site_name\" content=\"BBQ \u00c4ssad\" \/>\n<meta property=\"article:publisher\" content=\"https:\/\/www.facebook.com\/bbqassad\" \/>\n<meta property=\"article:modified_time\" content=\"2026-04-14T06:32:57+00:00\" \/>\n<meta property=\"og:image\" content=\"https:\/\/bbqassad.ee\/wp-content\/uploads\/2025\/06\/Nimetu-kujundus-130-1024x576.png\" \/>\n<meta name=\"twitter:card\" content=\"summary_large_image\" \/>\n<meta name=\"twitter:label1\" content=\"Arvioitu lukuaika\" \/>\n\t<meta name=\"twitter:data1\" content=\"1 minuutti\" \/>\n<script type=\"application\/ld+json\" class=\"yoast-schema-graph\">{\"@context\":\"https:\\\/\\\/schema.org\",\"@graph\":[{\"@type\":\"WebPage\",\"@id\":\"https:\\\/\\\/bbqassad.ee\\\/fi\\\/toode\\\/mausteseos-liha-church-dia-de-la-fajita\\\/\",\"url\":\"https:\\\/\\\/bbqassad.ee\\\/fi\\\/toode\\\/mausteseos-liha-church-dia-de-la-fajita\\\/\",\"name\":\"Meat Church Fajita -mausteseos - BBQ \u00c4ssad\",\"isPartOf\":{\"@id\":\"https:\\\/\\\/bbqassad.ee\\\/fi\\\/#website\"},\"primaryImageOfPage\":{\"@id\":\"https:\\\/\\\/bbqassad.ee\\\/fi\\\/toode\\\/mausteseos-liha-church-dia-de-la-fajita\\\/#primaryimage\"},\"image\":{\"@id\":\"https:\\\/\\\/bbqassad.ee\\\/fi\\\/toode\\\/mausteseos-liha-church-dia-de-la-fajita\\\/#primaryimage\"},\"thumbnailUrl\":\"https:\\\/\\\/bbqassad.ee\\\/wp-content\\\/uploads\\\/2025\\\/06\\\/Nimetu-kujundus-130.png\",\"datePublished\":\"2025-06-02T13:45:51+00:00\",\"dateModified\":\"2026-04-14T06:32:57+00:00\",\"description\":\"Tex-Mex fajita -mausteseos, jossa on sitrushedelmien vivahteita. Sopii naudan-, kanan- ja sianlihan maustamiseen grilliss\u00e4 tai pannulla. Paino 340 g.\",\"breadcrumb\":{\"@id\":\"https:\\\/\\\/bbqassad.ee\\\/fi\\\/toode\\\/mausteseos-liha-church-dia-de-la-fajita\\\/#breadcrumb\"},\"inLanguage\":\"fi\",\"potentialAction\":[{\"@type\":\"ReadAction\",\"target\":[\"https:\\\/\\\/bbqassad.ee\\\/fi\\\/toode\\\/mausteseos-liha-church-dia-de-la-fajita\\\/\"]}]},{\"@type\":\"ImageObject\",\"inLanguage\":\"fi\",\"@id\":\"https:\\\/\\\/bbqassad.ee\\\/fi\\\/toode\\\/mausteseos-liha-church-dia-de-la-fajita\\\/#primaryimage\",\"url\":\"https:\\\/\\\/bbqassad.ee\\\/wp-content\\\/uploads\\\/2025\\\/06\\\/Nimetu-kujundus-130.png\",\"contentUrl\":\"https:\\\/\\\/bbqassad.ee\\\/wp-content\\\/uploads\\\/2025\\\/06\\\/Nimetu-kujundus-130.png\",\"width\":1280,\"height\":720,\"caption\":\"Maitseainesegu Meat Church Dia De La Fajita\"},{\"@type\":\"BreadcrumbList\",\"@id\":\"https:\\\/\\\/bbqassad.ee\\\/fi\\\/toode\\\/mausteseos-liha-church-dia-de-la-fajita\\\/#breadcrumb\",\"itemListElement\":[{\"@type\":\"ListItem\",\"position\":1,\"name\":\"Home\",\"item\":\"https:\\\/\\\/bbqassad.ee\\\/fi\\\/bbq-assat\\\/\"},{\"@type\":\"ListItem\",\"position\":2,\"name\":\"Verkkokauppa\",\"item\":\"https:\\\/\\\/bbqassad.ee\\\/fi\\\/verkkokauppa\\\/\"},{\"@type\":\"ListItem\",\"position\":3,\"name\":\"Meat Church Fajita -mausteseos\"}]},{\"@type\":\"WebSite\",\"@id\":\"https:\\\/\\\/bbqassad.ee\\\/fi\\\/#website\",\"url\":\"https:\\\/\\\/bbqassad.ee\\\/fi\\\/\",\"name\":\"BBQ \u00c4ssad\",\"description\":\"BBQ maitseained, kastmed, ahjud\",\"publisher\":{\"@id\":\"https:\\\/\\\/bbqassad.ee\\\/fi\\\/#organization\"},\"potentialAction\":[{\"@type\":\"SearchAction\",\"target\":{\"@type\":\"EntryPoint\",\"urlTemplate\":\"https:\\\/\\\/bbqassad.ee\\\/fi\\\/?s={search_term_string}\"},\"query-input\":{\"@type\":\"PropertyValueSpecification\",\"valueRequired\":true,\"valueName\":\"search_term_string\"}}],\"inLanguage\":\"fi\"},{\"@type\":\"Organization\",\"@id\":\"https:\\\/\\\/bbqassad.ee\\\/fi\\\/#organization\",\"name\":\"BBQ \u00c4ssad\",\"url\":\"https:\\\/\\\/bbqassad.ee\\\/fi\\\/\",\"logo\":{\"@type\":\"ImageObject\",\"inLanguage\":\"fi\",\"@id\":\"https:\\\/\\\/bbqassad.ee\\\/fi\\\/#\\\/schema\\\/logo\\\/image\\\/\",\"url\":\"https:\\\/\\\/bbqassad.ee\\\/wp-content\\\/uploads\\\/2022\\\/10\\\/BBQ-2ssadlogo.png\",\"contentUrl\":\"https:\\\/\\\/bbqassad.ee\\\/wp-content\\\/uploads\\\/2022\\\/10\\\/BBQ-2ssadlogo.png\",\"width\":1080,\"height\":1080,\"caption\":\"BBQ \u00c4ssad\"},\"image\":{\"@id\":\"https:\\\/\\\/bbqassad.ee\\\/fi\\\/#\\\/schema\\\/logo\\\/image\\\/\"},\"sameAs\":[\"https:\\\/\\\/www.facebook.com\\\/bbqassad\",\"https:\\\/\\\/www.youtube.com\\\/channel\\\/UCsoufn49J6TVi9Ah9meE93w\"]}]}<\/script>\n<!-- \/ Yoast SEO plugin. -->","yoast_head_json":{"title":"Meat Church Fajita -mausteseos - BBQ \u00c4ssad","description":"Tex-Mex fajita -mausteseos, jossa on sitrushedelmien vivahteita. Sopii naudan-, kanan- ja sianlihan maustamiseen grilliss\u00e4 tai pannulla. Paino 340 g.","robots":{"index":"index","follow":"follow","max-snippet":"max-snippet:-1","max-image-preview":"max-image-preview:large","max-video-preview":"max-video-preview:-1"},"canonical":"https:\/\/bbqassad.ee\/fi\/toode\/mausteseos-liha-church-dia-de-la-fajita\/","og_locale":"fi_FI","og_type":"article","og_title":"Mausteseos Liha Church Dia De La Fajita","og_description":"Tex-Mex fajita -mausteseos, jossa on sitrushedelmien vivahteita. Sopii naudan-, kanan- ja sianlihan maustamiseen grilliss\u00e4 tai pannulla. Paino 340 g.","og_url":"https:\/\/bbqassad.ee\/fi\/toode\/mausteseos-liha-church-dia-de-la-fajita\/","og_site_name":"BBQ \u00c4ssad","article_publisher":"https:\/\/www.facebook.com\/bbqassad","article_modified_time":"2026-04-14T06:32:57+00:00","og_image":[{"url":"https:\/\/bbqassad.ee\/wp-content\/uploads\/2025\/06\/Nimetu-kujundus-130-1024x576.png","type":"","width":"","height":""}],"twitter_card":"summary_large_image","twitter_misc":{"Arvioitu lukuaika":"1 minuutti"},"schema":{"@context":"https:\/\/schema.org","@graph":[{"@type":"WebPage","@id":"https:\/\/bbqassad.ee\/fi\/toode\/mausteseos-liha-church-dia-de-la-fajita\/","url":"https:\/\/bbqassad.ee\/fi\/toode\/mausteseos-liha-church-dia-de-la-fajita\/","name":"Meat Church Fajita -mausteseos - BBQ \u00c4ssad","isPartOf":{"@id":"https:\/\/bbqassad.ee\/fi\/#website"},"primaryImageOfPage":{"@id":"https:\/\/bbqassad.ee\/fi\/toode\/mausteseos-liha-church-dia-de-la-fajita\/#primaryimage"},"image":{"@id":"https:\/\/bbqassad.ee\/fi\/toode\/mausteseos-liha-church-dia-de-la-fajita\/#primaryimage"},"thumbnailUrl":"https:\/\/bbqassad.ee\/wp-content\/uploads\/2025\/06\/Nimetu-kujundus-130.png","datePublished":"2025-06-02T13:45:51+00:00","dateModified":"2026-04-14T06:32:57+00:00","description":"Tex-Mex fajita -mausteseos, jossa on sitrushedelmien vivahteita. Sopii naudan-, kanan- ja sianlihan maustamiseen grilliss\u00e4 tai pannulla. Paino 340 g.","breadcrumb":{"@id":"https:\/\/bbqassad.ee\/fi\/toode\/mausteseos-liha-church-dia-de-la-fajita\/#breadcrumb"},"inLanguage":"fi","potentialAction":[{"@type":"ReadAction","target":["https:\/\/bbqassad.ee\/fi\/toode\/mausteseos-liha-church-dia-de-la-fajita\/"]}]},{"@type":"ImageObject","inLanguage":"fi","@id":"https:\/\/bbqassad.ee\/fi\/toode\/mausteseos-liha-church-dia-de-la-fajita\/#primaryimage","url":"https:\/\/bbqassad.ee\/wp-content\/uploads\/2025\/06\/Nimetu-kujundus-130.png","contentUrl":"https:\/\/bbqassad.ee\/wp-content\/uploads\/2025\/06\/Nimetu-kujundus-130.png","width":1280,"height":720,"caption":"Maitseainesegu Meat Church Dia De La Fajita"},{"@type":"BreadcrumbList","@id":"https:\/\/bbqassad.ee\/fi\/toode\/mausteseos-liha-church-dia-de-la-fajita\/#breadcrumb","itemListElement":[{"@type":"ListItem","position":1,"name":"Home","item":"https:\/\/bbqassad.ee\/fi\/bbq-assat\/"},{"@type":"ListItem","position":2,"name":"Verkkokauppa","item":"https:\/\/bbqassad.ee\/fi\/verkkokauppa\/"},{"@type":"ListItem","position":3,"name":"Meat Church Fajita -mausteseos"}]},{"@type":"WebSite","@id":"https:\/\/bbqassad.ee\/fi\/#website","url":"https:\/\/bbqassad.ee\/fi\/","name":"BBQ \u00c4ssad","description":"BBQ maitseained, kastmed, ahjud","publisher":{"@id":"https:\/\/bbqassad.ee\/fi\/#organization"},"potentialAction":[{"@type":"SearchAction","target":{"@type":"EntryPoint","urlTemplate":"https:\/\/bbqassad.ee\/fi\/?s={search_term_string}"},"query-input":{"@type":"PropertyValueSpecification","valueRequired":true,"valueName":"search_term_string"}}],"inLanguage":"fi"},{"@type":"Organization","@id":"https:\/\/bbqassad.ee\/fi\/#organization","name":"BBQ \u00c4ssad","url":"https:\/\/bbqassad.ee\/fi\/","logo":{"@type":"ImageObject","inLanguage":"fi","@id":"https:\/\/bbqassad.ee\/fi\/#\/schema\/logo\/image\/","url":"https:\/\/bbqassad.ee\/wp-content\/uploads\/2022\/10\/BBQ-2ssadlogo.png","contentUrl":"https:\/\/bbqassad.ee\/wp-content\/uploads\/2022\/10\/BBQ-2ssadlogo.png","width":1080,"height":1080,"caption":"BBQ \u00c4ssad"},"image":{"@id":"https:\/\/bbqassad.ee\/fi\/#\/schema\/logo\/image\/"},"sameAs":["https:\/\/www.facebook.com\/bbqassad","https:\/\/www.youtube.com\/channel\/UCsoufn49J6TVi9Ah9meE93w"]}]}},"_links":{"self":[{"href":"https:\/\/bbqassad.ee\/fi\/wp-json\/wp\/v2\/product\/22513","targetHints":{"allow":["GET"]}}],"collection":[{"href":"https:\/\/bbqassad.ee\/fi\/wp-json\/wp\/v2\/product"}],"about":[{"href":"https:\/\/bbqassad.ee\/fi\/wp-json\/wp\/v2\/types\/product"}],"replies":[{"embeddable":true,"href":"https:\/\/bbqassad.ee\/fi\/wp-json\/wp\/v2\/comments?post=22513"}],"wp:featuredmedia":[{"embeddable":true,"href":"https:\/\/bbqassad.ee\/fi\/wp-json\/wp\/v2\/media\/22514"}],"wp:attachment":[{"href":"https:\/\/bbqassad.ee\/fi\/wp-json\/wp\/v2\/media?parent=22513"}],"wp:term":[{"taxonomy":"product_brand","embeddable":true,"href":"https:\/\/bbqassad.ee\/fi\/wp-json\/wp\/v2\/product_brand?post=22513"},{"taxonomy":"product_cat","embeddable":true,"href":"https:\/\/bbqassad.ee\/fi\/wp-json\/wp\/v2\/product_cat?post=22513"},{"taxonomy":"product_tag","embeddable":true,"href":"https:\/\/bbqassad.ee\/fi\/wp-json\/wp\/v2\/product_tag?post=22513"}],"curies":[{"name":"wp","href":"https:\/\/api.w.org\/{rel}","templated":true}]}}