{"id":22509,"date":"2025-06-05T09:14:38","date_gmt":"2025-06-05T09:14:38","guid":{"rendered":"https:\/\/bbqassad.ee\/toode\/hunaja-chipotle-killer-bee-mausteseos\/"},"modified":"2026-04-14T06:32:53","modified_gmt":"2026-04-14T06:32:53","slug":"hunaja-chipotle-killer-bee-mausteseos","status":"publish","type":"product","link":"https:\/\/bbqassad.ee\/fi\/toode\/hunaja-chipotle-killer-bee-mausteseos\/","title":{"rendered":"Kosmo&#8217;s Q Honey Chipotle Killer Bee -mausteseos"},"content":{"rendered":"<h3>Hunaja Chipotle Killer Bee -mausteseos<\/h3>\n<p>Otimme makeimman hunajamausteemme ja lis\u00e4simme siihen tulisen chipotlen luodaksemme kauniin sekoituksen sokeria, mausteita ja kaikkea muuta hyv\u00e4\u00e4. Jos makunystyr\u00e4t kest\u00e4v\u00e4t maukasta sekoitusta, se sopii t\u00e4ydellisesti melkein mink\u00e4 tahansa kuviteltavissa olevan lihan kanssa! <\/p>\n<h3>BBQ Aces kommentti<\/h3>\n<p>Honey Killer Bee on Kosmoksen makein maku, mutta siihen on lis\u00e4tty savuisia meksikolaisia pippureita, mik\u00e4 kertoo vain yhdest\u00e4 asiasta &#8211; laita sit\u00e4 kyljyksen tai revityn sianlihan p\u00e4\u00e4lle,<\/p>\n<h3>Pro-vinkki:<\/h3>\n<p>Vaikka purkki antaa ymm\u00e4rt\u00e4\u00e4, ett\u00e4 sit\u00e4 voisi laittaa naudanlihalle, usko pois, se ei ole sit\u00e4.<\/p>\n","protected":false},"excerpt":{"rendered":"<p>Valmistaja: Kosmos Q<\/p>\n<p>Paino: 357g<\/p>\n<p>Ainesosat: sokeri, suola, hunajajauhe (puhdistettu siirappi, hunaja), mausteet, mukaan lukien paprika, chipotle, dekstroosi, kuivattu valkosipuli, selleri, enint\u00e4\u00e4n 2 % piidioksidia paakkuuntumisen est\u00e4miseksi ja paprikauute.<\/p>\n","protected":false},"featured_media":22510,"comment_status":"open","ping_status":"closed","template":"","meta":[],"product_brand":[149],"product_cat":[802],"product_tag":[789],"class_list":{"0":"post-22509","1":"product","2":"type-product","3":"status-publish","4":"has-post-thumbnail","6":"product_brand-kosmos-q","7":"product_cat-sekoitukset","8":"product_tag-sika","10":"first","11":"outofstock","12":"taxable","13":"shipping-taxable","14":"purchasable","15":"product-type-simple"},"yoast_head":"<!-- This site is optimized with the Yoast SEO plugin v27.4 - https:\/\/yoast.com\/product\/yoast-seo-wordpress\/ -->\n<title>Honey Chipotle Killer Bee -mausteseos - BBQ \u00c4ssad%<\/title>\n<meta name=\"description\" content=\"Honey Chipotle Killer Bee 357g, sis\u00e4lt\u00e4\u00e4 sokeria, suolaa, hunajajauhetta ja mausteita, kuten paprikaa ja chipotlea. Ihanteellinen ribsien ja sianlihan kypsent\u00e4miseen.\" \/>\n<meta name=\"robots\" content=\"index, follow, max-snippet:-1, max-image-preview:large, max-video-preview:-1\" \/>\n<link rel=\"canonical\" href=\"https:\/\/bbqassad.ee\/fi\/toode\/hunaja-chipotle-killer-bee-mausteseos\/\" \/>\n<meta property=\"og:locale\" content=\"fi_FI\" \/>\n<meta property=\"og:type\" content=\"article\" \/>\n<meta property=\"og:title\" content=\"Honey Chipotle Killer Bee -mausteseos - BBQ \u00c4ssad%\" \/>\n<meta property=\"og:description\" content=\"Honey Chipotle Killer Bee 357g, sis\u00e4lt\u00e4\u00e4 sokeria, suolaa, hunajajauhetta ja mausteita, kuten paprikaa ja chipotlea. Ihanteellinen ribseille ja sianlihalle.\" \/>\n<meta property=\"og:url\" content=\"https:\/\/bbqassad.ee\/fi\/toode\/hunaja-chipotle-killer-bee-mausteseos\/\" \/>\n<meta property=\"og:site_name\" content=\"BBQ \u00c4ssad\" \/>\n<meta property=\"article:publisher\" content=\"https:\/\/www.facebook.com\/bbqassad\" \/>\n<meta property=\"article:modified_time\" content=\"2026-04-14T06:32:53+00:00\" \/>\n<meta property=\"og:image\" content=\"https:\/\/bbqassad.ee\/wp-content\/uploads\/2025\/06\/Nimetu-kujundus-133.png\" \/>\n<meta name=\"twitter:card\" content=\"summary_large_image\" \/>\n<meta name=\"twitter:title\" content=\"Honey Chipotle Killer Bee -mausteseos - BBQ \u00c4ssad%\" \/>\n<meta name=\"twitter:description\" content=\"Honey Chipotle Killer Bee 357g, sis\u00e4lt\u00e4\u00e4 sokeria, suolaa, hunajajauhetta ja mausteita, kuten paprikaa ja chipotlea. Ihanteellinen ribseille ja sianlihalle.\" \/>\n<meta name=\"twitter:image\" content=\"https:\/\/bbqassad.ee\/wp-content\/uploads\/2025\/06\/Nimetu-kujundus-133.png\" \/>\n<script type=\"application\/ld+json\" class=\"yoast-schema-graph\">{\"@context\":\"https:\\\/\\\/schema.org\",\"@graph\":[{\"@type\":\"WebPage\",\"@id\":\"https:\\\/\\\/bbqassad.ee\\\/fi\\\/toode\\\/hunaja-chipotle-killer-bee-mausteseos\\\/\",\"url\":\"https:\\\/\\\/bbqassad.ee\\\/fi\\\/toode\\\/hunaja-chipotle-killer-bee-mausteseos\\\/\",\"name\":\"Honey Chipotle Killer Bee -mausteseos - BBQ \u00c4ssad%\",\"isPartOf\":{\"@id\":\"https:\\\/\\\/bbqassad.ee\\\/fi\\\/#website\"},\"primaryImageOfPage\":{\"@id\":\"https:\\\/\\\/bbqassad.ee\\\/fi\\\/toode\\\/hunaja-chipotle-killer-bee-mausteseos\\\/#primaryimage\"},\"image\":{\"@id\":\"https:\\\/\\\/bbqassad.ee\\\/fi\\\/toode\\\/hunaja-chipotle-killer-bee-mausteseos\\\/#primaryimage\"},\"thumbnailUrl\":\"https:\\\/\\\/bbqassad.ee\\\/wp-content\\\/uploads\\\/2025\\\/06\\\/Nimetu-kujundus-133.png\",\"datePublished\":\"2025-06-05T09:14:38+00:00\",\"dateModified\":\"2026-04-14T06:32:53+00:00\",\"description\":\"Honey Chipotle Killer Bee 357g, sis\u00e4lt\u00e4\u00e4 sokeria, suolaa, hunajajauhetta ja mausteita, kuten paprikaa ja chipotlea. Ihanteellinen ribsien ja sianlihan kypsent\u00e4miseen.\",\"breadcrumb\":{\"@id\":\"https:\\\/\\\/bbqassad.ee\\\/fi\\\/toode\\\/hunaja-chipotle-killer-bee-mausteseos\\\/#breadcrumb\"},\"inLanguage\":\"fi\",\"potentialAction\":[{\"@type\":\"ReadAction\",\"target\":[\"https:\\\/\\\/bbqassad.ee\\\/fi\\\/toode\\\/hunaja-chipotle-killer-bee-mausteseos\\\/\"]}]},{\"@type\":\"ImageObject\",\"inLanguage\":\"fi\",\"@id\":\"https:\\\/\\\/bbqassad.ee\\\/fi\\\/toode\\\/hunaja-chipotle-killer-bee-mausteseos\\\/#primaryimage\",\"url\":\"https:\\\/\\\/bbqassad.ee\\\/wp-content\\\/uploads\\\/2025\\\/06\\\/Nimetu-kujundus-133.png\",\"contentUrl\":\"https:\\\/\\\/bbqassad.ee\\\/wp-content\\\/uploads\\\/2025\\\/06\\\/Nimetu-kujundus-133.png\",\"width\":1280,\"height\":720},{\"@type\":\"BreadcrumbList\",\"@id\":\"https:\\\/\\\/bbqassad.ee\\\/fi\\\/toode\\\/hunaja-chipotle-killer-bee-mausteseos\\\/#breadcrumb\",\"itemListElement\":[{\"@type\":\"ListItem\",\"position\":1,\"name\":\"Home\",\"item\":\"https:\\\/\\\/bbqassad.ee\\\/fi\\\/bbq-assat\\\/\"},{\"@type\":\"ListItem\",\"position\":2,\"name\":\"Verkkokauppa\",\"item\":\"https:\\\/\\\/bbqassad.ee\\\/fi\\\/verkkokauppa\\\/\"},{\"@type\":\"ListItem\",\"position\":3,\"name\":\"Kosmo&#8217;s Q Honey Chipotle Killer Bee -mausteseos\"}]},{\"@type\":\"WebSite\",\"@id\":\"https:\\\/\\\/bbqassad.ee\\\/fi\\\/#website\",\"url\":\"https:\\\/\\\/bbqassad.ee\\\/fi\\\/\",\"name\":\"BBQ \u00c4ssad\",\"description\":\"BBQ maitseained, kastmed, ahjud\",\"publisher\":{\"@id\":\"https:\\\/\\\/bbqassad.ee\\\/fi\\\/#organization\"},\"potentialAction\":[{\"@type\":\"SearchAction\",\"target\":{\"@type\":\"EntryPoint\",\"urlTemplate\":\"https:\\\/\\\/bbqassad.ee\\\/fi\\\/?s={search_term_string}\"},\"query-input\":{\"@type\":\"PropertyValueSpecification\",\"valueRequired\":true,\"valueName\":\"search_term_string\"}}],\"inLanguage\":\"fi\"},{\"@type\":\"Organization\",\"@id\":\"https:\\\/\\\/bbqassad.ee\\\/fi\\\/#organization\",\"name\":\"BBQ \u00c4ssad\",\"url\":\"https:\\\/\\\/bbqassad.ee\\\/fi\\\/\",\"logo\":{\"@type\":\"ImageObject\",\"inLanguage\":\"fi\",\"@id\":\"https:\\\/\\\/bbqassad.ee\\\/fi\\\/#\\\/schema\\\/logo\\\/image\\\/\",\"url\":\"https:\\\/\\\/bbqassad.ee\\\/wp-content\\\/uploads\\\/2022\\\/10\\\/BBQ-2ssadlogo.png\",\"contentUrl\":\"https:\\\/\\\/bbqassad.ee\\\/wp-content\\\/uploads\\\/2022\\\/10\\\/BBQ-2ssadlogo.png\",\"width\":1080,\"height\":1080,\"caption\":\"BBQ \u00c4ssad\"},\"image\":{\"@id\":\"https:\\\/\\\/bbqassad.ee\\\/fi\\\/#\\\/schema\\\/logo\\\/image\\\/\"},\"sameAs\":[\"https:\\\/\\\/www.facebook.com\\\/bbqassad\",\"https:\\\/\\\/www.youtube.com\\\/channel\\\/UCsoufn49J6TVi9Ah9meE93w\"]}]}<\/script>\n<!-- \/ Yoast SEO plugin. -->","yoast_head_json":{"title":"Honey Chipotle Killer Bee -mausteseos - BBQ \u00c4ssad%","description":"Honey Chipotle Killer Bee 357g, sis\u00e4lt\u00e4\u00e4 sokeria, suolaa, hunajajauhetta ja mausteita, kuten paprikaa ja chipotlea. Ihanteellinen ribsien ja sianlihan kypsent\u00e4miseen.","robots":{"index":"index","follow":"follow","max-snippet":"max-snippet:-1","max-image-preview":"max-image-preview:large","max-video-preview":"max-video-preview:-1"},"canonical":"https:\/\/bbqassad.ee\/fi\/toode\/hunaja-chipotle-killer-bee-mausteseos\/","og_locale":"fi_FI","og_type":"article","og_title":"Honey Chipotle Killer Bee -mausteseos - BBQ \u00c4ssad%","og_description":"Honey Chipotle Killer Bee 357g, sis\u00e4lt\u00e4\u00e4 sokeria, suolaa, hunajajauhetta ja mausteita, kuten paprikaa ja chipotlea. Ihanteellinen ribseille ja sianlihalle.","og_url":"https:\/\/bbqassad.ee\/fi\/toode\/hunaja-chipotle-killer-bee-mausteseos\/","og_site_name":"BBQ \u00c4ssad","article_publisher":"https:\/\/www.facebook.com\/bbqassad","article_modified_time":"2026-04-14T06:32:53+00:00","og_image":[{"url":"https:\/\/bbqassad.ee\/wp-content\/uploads\/2025\/06\/Nimetu-kujundus-133.png","type":"","width":"","height":""}],"twitter_card":"summary_large_image","twitter_title":"Honey Chipotle Killer Bee -mausteseos - BBQ \u00c4ssad%","twitter_description":"Honey Chipotle Killer Bee 357g, sis\u00e4lt\u00e4\u00e4 sokeria, suolaa, hunajajauhetta ja mausteita, kuten paprikaa ja chipotlea. Ihanteellinen ribseille ja sianlihalle.","twitter_image":"https:\/\/bbqassad.ee\/wp-content\/uploads\/2025\/06\/Nimetu-kujundus-133.png","schema":{"@context":"https:\/\/schema.org","@graph":[{"@type":"WebPage","@id":"https:\/\/bbqassad.ee\/fi\/toode\/hunaja-chipotle-killer-bee-mausteseos\/","url":"https:\/\/bbqassad.ee\/fi\/toode\/hunaja-chipotle-killer-bee-mausteseos\/","name":"Honey Chipotle Killer Bee -mausteseos - BBQ \u00c4ssad%","isPartOf":{"@id":"https:\/\/bbqassad.ee\/fi\/#website"},"primaryImageOfPage":{"@id":"https:\/\/bbqassad.ee\/fi\/toode\/hunaja-chipotle-killer-bee-mausteseos\/#primaryimage"},"image":{"@id":"https:\/\/bbqassad.ee\/fi\/toode\/hunaja-chipotle-killer-bee-mausteseos\/#primaryimage"},"thumbnailUrl":"https:\/\/bbqassad.ee\/wp-content\/uploads\/2025\/06\/Nimetu-kujundus-133.png","datePublished":"2025-06-05T09:14:38+00:00","dateModified":"2026-04-14T06:32:53+00:00","description":"Honey Chipotle Killer Bee 357g, sis\u00e4lt\u00e4\u00e4 sokeria, suolaa, hunajajauhetta ja mausteita, kuten paprikaa ja chipotlea. Ihanteellinen ribsien ja sianlihan kypsent\u00e4miseen.","breadcrumb":{"@id":"https:\/\/bbqassad.ee\/fi\/toode\/hunaja-chipotle-killer-bee-mausteseos\/#breadcrumb"},"inLanguage":"fi","potentialAction":[{"@type":"ReadAction","target":["https:\/\/bbqassad.ee\/fi\/toode\/hunaja-chipotle-killer-bee-mausteseos\/"]}]},{"@type":"ImageObject","inLanguage":"fi","@id":"https:\/\/bbqassad.ee\/fi\/toode\/hunaja-chipotle-killer-bee-mausteseos\/#primaryimage","url":"https:\/\/bbqassad.ee\/wp-content\/uploads\/2025\/06\/Nimetu-kujundus-133.png","contentUrl":"https:\/\/bbqassad.ee\/wp-content\/uploads\/2025\/06\/Nimetu-kujundus-133.png","width":1280,"height":720},{"@type":"BreadcrumbList","@id":"https:\/\/bbqassad.ee\/fi\/toode\/hunaja-chipotle-killer-bee-mausteseos\/#breadcrumb","itemListElement":[{"@type":"ListItem","position":1,"name":"Home","item":"https:\/\/bbqassad.ee\/fi\/bbq-assat\/"},{"@type":"ListItem","position":2,"name":"Verkkokauppa","item":"https:\/\/bbqassad.ee\/fi\/verkkokauppa\/"},{"@type":"ListItem","position":3,"name":"Kosmo&#8217;s Q Honey Chipotle Killer Bee -mausteseos"}]},{"@type":"WebSite","@id":"https:\/\/bbqassad.ee\/fi\/#website","url":"https:\/\/bbqassad.ee\/fi\/","name":"BBQ \u00c4ssad","description":"BBQ maitseained, kastmed, ahjud","publisher":{"@id":"https:\/\/bbqassad.ee\/fi\/#organization"},"potentialAction":[{"@type":"SearchAction","target":{"@type":"EntryPoint","urlTemplate":"https:\/\/bbqassad.ee\/fi\/?s={search_term_string}"},"query-input":{"@type":"PropertyValueSpecification","valueRequired":true,"valueName":"search_term_string"}}],"inLanguage":"fi"},{"@type":"Organization","@id":"https:\/\/bbqassad.ee\/fi\/#organization","name":"BBQ \u00c4ssad","url":"https:\/\/bbqassad.ee\/fi\/","logo":{"@type":"ImageObject","inLanguage":"fi","@id":"https:\/\/bbqassad.ee\/fi\/#\/schema\/logo\/image\/","url":"https:\/\/bbqassad.ee\/wp-content\/uploads\/2022\/10\/BBQ-2ssadlogo.png","contentUrl":"https:\/\/bbqassad.ee\/wp-content\/uploads\/2022\/10\/BBQ-2ssadlogo.png","width":1080,"height":1080,"caption":"BBQ \u00c4ssad"},"image":{"@id":"https:\/\/bbqassad.ee\/fi\/#\/schema\/logo\/image\/"},"sameAs":["https:\/\/www.facebook.com\/bbqassad","https:\/\/www.youtube.com\/channel\/UCsoufn49J6TVi9Ah9meE93w"]}]}},"_links":{"self":[{"href":"https:\/\/bbqassad.ee\/fi\/wp-json\/wp\/v2\/product\/22509","targetHints":{"allow":["GET"]}}],"collection":[{"href":"https:\/\/bbqassad.ee\/fi\/wp-json\/wp\/v2\/product"}],"about":[{"href":"https:\/\/bbqassad.ee\/fi\/wp-json\/wp\/v2\/types\/product"}],"replies":[{"embeddable":true,"href":"https:\/\/bbqassad.ee\/fi\/wp-json\/wp\/v2\/comments?post=22509"}],"wp:featuredmedia":[{"embeddable":true,"href":"https:\/\/bbqassad.ee\/fi\/wp-json\/wp\/v2\/media\/22510"}],"wp:attachment":[{"href":"https:\/\/bbqassad.ee\/fi\/wp-json\/wp\/v2\/media?parent=22509"}],"wp:term":[{"taxonomy":"product_brand","embeddable":true,"href":"https:\/\/bbqassad.ee\/fi\/wp-json\/wp\/v2\/product_brand?post=22509"},{"taxonomy":"product_cat","embeddable":true,"href":"https:\/\/bbqassad.ee\/fi\/wp-json\/wp\/v2\/product_cat?post=22509"},{"taxonomy":"product_tag","embeddable":true,"href":"https:\/\/bbqassad.ee\/fi\/wp-json\/wp\/v2\/product_tag?post=22509"}],"curies":[{"name":"wp","href":"https:\/\/api.w.org\/{rel}","templated":true}]}}