{"id":22492,"date":"2025-07-09T06:57:29","date_gmt":"2025-07-09T06:57:29","guid":{"rendered":"https:\/\/bbqassad.ee\/toode\/lihakirkon-valkosipuli-ja-yrttimausteseos\/"},"modified":"2026-04-14T06:32:52","modified_gmt":"2026-04-14T06:32:52","slug":"lihakirkon-valkosipuli-ja-yrttimausteseos","status":"publish","type":"product","link":"https:\/\/bbqassad.ee\/fi\/toode\/lihakirkon-valkosipuli-ja-yrttimausteseos\/","title":{"rendered":"Meat Church Garlic &#038; Herb -mausteseos"},"content":{"rendered":"<h2>Lihakirkon valkosipuli- ja yrttimausteseos<\/h2>\n<p>Meat Church sis\u00e4llytti t\u00e4m\u00e4n mausteen alun perin gourmet-sarjaansa, mutta purkit ovat pieni\u00e4 ja kysynt\u00e4 oli suurta, joten nyt se on &#8221;normaalikokoisena&#8221;. Se sopii t\u00e4ydellisesti sek\u00e4 lihan ett\u00e4 vihannesten kanssa. <\/p>\n<h3>BBQ Aces kommentti:<\/h3>\n<p>Ensimm\u00e4isen\u00e4 tulee mieleen kana ja toisena lammas, sill\u00e4 jos maistat ja mietit, mik\u00e4 sopii mihinkin, t\u00e4ss\u00e4 sekoituksessa on kaikki, mik\u00e4 sopii t\u00e4ydellisesti n\u00e4ihin kahteen.<\/p>\n<h3>Pro-vinkki:<\/h3>\n<p>Laita sit\u00e4 rohkeasti vihannesten p\u00e4\u00e4lle, vaikka paistettuja perunoita tehdess\u00e4si, etk\u00e4 tule katumaan sit\u00e4.<\/p>\n","protected":false},"excerpt":{"rendered":"<div><\/div>\n<p style=\"font-weight: 400;\"><strong>Ainesosat:<\/strong> suola, sokeri, kuivattu valkosipuli ja sipuli, yrtit, basilika, <strong>selleri<\/strong> ja timjami.<\/p>\n<p style=\"font-weight: 400;\"><strong>Ravintosis\u00e4lt\u00f6 100 g kohti<\/strong>: energia: 0 kJ\/0 kcal; rasvat: 0 g, josta tyydyttyneit\u00e4 rasvahappoja: 0 g; hiilihydraatit: 67 g, josta sokereita: 0 g; proteiini: 0 g; suola: 53,3 g.<\/p>\n<p><span style=\"font-weight: 400;\">Parasta ennen: katso pakkauksesta. Valmistettu Yhdysvalloissa. Maahantuoja. Jakelija Virossa: BBQ Aces O\u00dc www.bbqassad.ee www.bbqassad.ee   <\/span><\/p>\n","protected":false},"featured_media":22493,"comment_status":"open","ping_status":"closed","template":"","meta":[],"product_brand":[141],"product_cat":[802],"product_tag":[790],"class_list":{"0":"post-22492","1":"product","2":"type-product","3":"status-publish","4":"has-post-thumbnail","6":"product_brand-meat-church","7":"product_cat-sekoitukset","8":"product_tag-kana","10":"first","11":"outofstock","12":"taxable","13":"shipping-taxable","14":"purchasable","15":"product-type-simple"},"yoast_head":"<!-- This site is optimized with the Yoast SEO plugin v27.4 - https:\/\/yoast.com\/product\/yoast-seo-wordpress\/ -->\n<title>Meat Church Garlic &amp; Herb -mausteseos - BBQ \u00c4ssad<\/title>\n<meta name=\"description\" content=\"Meat Church Garlic &amp; Herb Seasoning - valkosipuli- ja yrttimauste, joka sopii erinomaisesti kanalle, lampaanlihalle ja vihanneksille. Kokeile paahdettujen perunoiden kanssa\" \/>\n<meta name=\"robots\" content=\"index, follow, max-snippet:-1, max-image-preview:large, max-video-preview:-1\" \/>\n<link rel=\"canonical\" href=\"https:\/\/bbqassad.ee\/fi\/toode\/lihakirkon-valkosipuli-ja-yrttimausteseos\/\" \/>\n<meta property=\"og:locale\" content=\"fi_FI\" \/>\n<meta property=\"og:type\" content=\"article\" \/>\n<meta property=\"og:title\" content=\"Lihakirkon valkosipuli- ja yrttimausteseos\" \/>\n<meta property=\"og:description\" content=\"Meat Church Garlic &amp; Herb Seasoning - valkosipuli- ja yrttimauste, joka sopii erinomaisesti kanalle, lampaanlihalle ja vihanneksille. Kokeile paahdettujen perunoiden kanssa\" \/>\n<meta property=\"og:url\" content=\"https:\/\/bbqassad.ee\/fi\/toode\/lihakirkon-valkosipuli-ja-yrttimausteseos\/\" \/>\n<meta property=\"og:site_name\" content=\"BBQ \u00c4ssad\" \/>\n<meta property=\"article:publisher\" content=\"https:\/\/www.facebook.com\/bbqassad\" \/>\n<meta property=\"article:modified_time\" content=\"2026-04-14T06:32:52+00:00\" \/>\n<meta property=\"og:image\" content=\"https:\/\/bbqassad.ee\/wp-content\/uploads\/2025\/07\/Nimetu-kujundus-140-1024x576.png\" \/>\n<meta name=\"twitter:card\" content=\"summary_large_image\" \/>\n<script type=\"application\/ld+json\" class=\"yoast-schema-graph\">{\"@context\":\"https:\\\/\\\/schema.org\",\"@graph\":[{\"@type\":\"WebPage\",\"@id\":\"https:\\\/\\\/bbqassad.ee\\\/fi\\\/toode\\\/lihakirkon-valkosipuli-ja-yrttimausteseos\\\/\",\"url\":\"https:\\\/\\\/bbqassad.ee\\\/fi\\\/toode\\\/lihakirkon-valkosipuli-ja-yrttimausteseos\\\/\",\"name\":\"Meat Church Garlic & Herb -mausteseos - BBQ \u00c4ssad\",\"isPartOf\":{\"@id\":\"https:\\\/\\\/bbqassad.ee\\\/fi\\\/#website\"},\"primaryImageOfPage\":{\"@id\":\"https:\\\/\\\/bbqassad.ee\\\/fi\\\/toode\\\/lihakirkon-valkosipuli-ja-yrttimausteseos\\\/#primaryimage\"},\"image\":{\"@id\":\"https:\\\/\\\/bbqassad.ee\\\/fi\\\/toode\\\/lihakirkon-valkosipuli-ja-yrttimausteseos\\\/#primaryimage\"},\"thumbnailUrl\":\"https:\\\/\\\/bbqassad.ee\\\/wp-content\\\/uploads\\\/2025\\\/07\\\/Nimetu-kujundus-140.png\",\"datePublished\":\"2025-07-09T06:57:29+00:00\",\"dateModified\":\"2026-04-14T06:32:52+00:00\",\"description\":\"Meat Church Garlic & Herb Seasoning - valkosipuli- ja yrttimauste, joka sopii erinomaisesti kanalle, lampaanlihalle ja vihanneksille. Kokeile paahdettujen perunoiden kanssa\",\"breadcrumb\":{\"@id\":\"https:\\\/\\\/bbqassad.ee\\\/fi\\\/toode\\\/lihakirkon-valkosipuli-ja-yrttimausteseos\\\/#breadcrumb\"},\"inLanguage\":\"fi\",\"potentialAction\":[{\"@type\":\"ReadAction\",\"target\":[\"https:\\\/\\\/bbqassad.ee\\\/fi\\\/toode\\\/lihakirkon-valkosipuli-ja-yrttimausteseos\\\/\"]}]},{\"@type\":\"ImageObject\",\"inLanguage\":\"fi\",\"@id\":\"https:\\\/\\\/bbqassad.ee\\\/fi\\\/toode\\\/lihakirkon-valkosipuli-ja-yrttimausteseos\\\/#primaryimage\",\"url\":\"https:\\\/\\\/bbqassad.ee\\\/wp-content\\\/uploads\\\/2025\\\/07\\\/Nimetu-kujundus-140.png\",\"contentUrl\":\"https:\\\/\\\/bbqassad.ee\\\/wp-content\\\/uploads\\\/2025\\\/07\\\/Nimetu-kujundus-140.png\",\"width\":1280,\"height\":720,\"caption\":\"Meat Church Garlic & Herb maitseainesegu\"},{\"@type\":\"BreadcrumbList\",\"@id\":\"https:\\\/\\\/bbqassad.ee\\\/fi\\\/toode\\\/lihakirkon-valkosipuli-ja-yrttimausteseos\\\/#breadcrumb\",\"itemListElement\":[{\"@type\":\"ListItem\",\"position\":1,\"name\":\"Home\",\"item\":\"https:\\\/\\\/bbqassad.ee\\\/fi\\\/bbq-assat\\\/\"},{\"@type\":\"ListItem\",\"position\":2,\"name\":\"Verkkokauppa\",\"item\":\"https:\\\/\\\/bbqassad.ee\\\/fi\\\/verkkokauppa\\\/\"},{\"@type\":\"ListItem\",\"position\":3,\"name\":\"Meat Church Garlic &#038; Herb -mausteseos\"}]},{\"@type\":\"WebSite\",\"@id\":\"https:\\\/\\\/bbqassad.ee\\\/fi\\\/#website\",\"url\":\"https:\\\/\\\/bbqassad.ee\\\/fi\\\/\",\"name\":\"BBQ \u00c4ssad\",\"description\":\"BBQ maitseained, kastmed, ahjud\",\"publisher\":{\"@id\":\"https:\\\/\\\/bbqassad.ee\\\/fi\\\/#organization\"},\"potentialAction\":[{\"@type\":\"SearchAction\",\"target\":{\"@type\":\"EntryPoint\",\"urlTemplate\":\"https:\\\/\\\/bbqassad.ee\\\/fi\\\/?s={search_term_string}\"},\"query-input\":{\"@type\":\"PropertyValueSpecification\",\"valueRequired\":true,\"valueName\":\"search_term_string\"}}],\"inLanguage\":\"fi\"},{\"@type\":\"Organization\",\"@id\":\"https:\\\/\\\/bbqassad.ee\\\/fi\\\/#organization\",\"name\":\"BBQ \u00c4ssad\",\"url\":\"https:\\\/\\\/bbqassad.ee\\\/fi\\\/\",\"logo\":{\"@type\":\"ImageObject\",\"inLanguage\":\"fi\",\"@id\":\"https:\\\/\\\/bbqassad.ee\\\/fi\\\/#\\\/schema\\\/logo\\\/image\\\/\",\"url\":\"https:\\\/\\\/bbqassad.ee\\\/wp-content\\\/uploads\\\/2022\\\/10\\\/BBQ-2ssadlogo.png\",\"contentUrl\":\"https:\\\/\\\/bbqassad.ee\\\/wp-content\\\/uploads\\\/2022\\\/10\\\/BBQ-2ssadlogo.png\",\"width\":1080,\"height\":1080,\"caption\":\"BBQ \u00c4ssad\"},\"image\":{\"@id\":\"https:\\\/\\\/bbqassad.ee\\\/fi\\\/#\\\/schema\\\/logo\\\/image\\\/\"},\"sameAs\":[\"https:\\\/\\\/www.facebook.com\\\/bbqassad\",\"https:\\\/\\\/www.youtube.com\\\/channel\\\/UCsoufn49J6TVi9Ah9meE93w\"]}]}<\/script>\n<!-- \/ Yoast SEO plugin. -->","yoast_head_json":{"title":"Meat Church Garlic & Herb -mausteseos - BBQ \u00c4ssad","description":"Meat Church Garlic & Herb Seasoning - valkosipuli- ja yrttimauste, joka sopii erinomaisesti kanalle, lampaanlihalle ja vihanneksille. Kokeile paahdettujen perunoiden kanssa","robots":{"index":"index","follow":"follow","max-snippet":"max-snippet:-1","max-image-preview":"max-image-preview:large","max-video-preview":"max-video-preview:-1"},"canonical":"https:\/\/bbqassad.ee\/fi\/toode\/lihakirkon-valkosipuli-ja-yrttimausteseos\/","og_locale":"fi_FI","og_type":"article","og_title":"Lihakirkon valkosipuli- ja yrttimausteseos","og_description":"Meat Church Garlic & Herb Seasoning - valkosipuli- ja yrttimauste, joka sopii erinomaisesti kanalle, lampaanlihalle ja vihanneksille. Kokeile paahdettujen perunoiden kanssa","og_url":"https:\/\/bbqassad.ee\/fi\/toode\/lihakirkon-valkosipuli-ja-yrttimausteseos\/","og_site_name":"BBQ \u00c4ssad","article_publisher":"https:\/\/www.facebook.com\/bbqassad","article_modified_time":"2026-04-14T06:32:52+00:00","og_image":[{"url":"https:\/\/bbqassad.ee\/wp-content\/uploads\/2025\/07\/Nimetu-kujundus-140-1024x576.png","type":"","width":"","height":""}],"twitter_card":"summary_large_image","schema":{"@context":"https:\/\/schema.org","@graph":[{"@type":"WebPage","@id":"https:\/\/bbqassad.ee\/fi\/toode\/lihakirkon-valkosipuli-ja-yrttimausteseos\/","url":"https:\/\/bbqassad.ee\/fi\/toode\/lihakirkon-valkosipuli-ja-yrttimausteseos\/","name":"Meat Church Garlic & Herb -mausteseos - BBQ \u00c4ssad","isPartOf":{"@id":"https:\/\/bbqassad.ee\/fi\/#website"},"primaryImageOfPage":{"@id":"https:\/\/bbqassad.ee\/fi\/toode\/lihakirkon-valkosipuli-ja-yrttimausteseos\/#primaryimage"},"image":{"@id":"https:\/\/bbqassad.ee\/fi\/toode\/lihakirkon-valkosipuli-ja-yrttimausteseos\/#primaryimage"},"thumbnailUrl":"https:\/\/bbqassad.ee\/wp-content\/uploads\/2025\/07\/Nimetu-kujundus-140.png","datePublished":"2025-07-09T06:57:29+00:00","dateModified":"2026-04-14T06:32:52+00:00","description":"Meat Church Garlic & Herb Seasoning - valkosipuli- ja yrttimauste, joka sopii erinomaisesti kanalle, lampaanlihalle ja vihanneksille. Kokeile paahdettujen perunoiden kanssa","breadcrumb":{"@id":"https:\/\/bbqassad.ee\/fi\/toode\/lihakirkon-valkosipuli-ja-yrttimausteseos\/#breadcrumb"},"inLanguage":"fi","potentialAction":[{"@type":"ReadAction","target":["https:\/\/bbqassad.ee\/fi\/toode\/lihakirkon-valkosipuli-ja-yrttimausteseos\/"]}]},{"@type":"ImageObject","inLanguage":"fi","@id":"https:\/\/bbqassad.ee\/fi\/toode\/lihakirkon-valkosipuli-ja-yrttimausteseos\/#primaryimage","url":"https:\/\/bbqassad.ee\/wp-content\/uploads\/2025\/07\/Nimetu-kujundus-140.png","contentUrl":"https:\/\/bbqassad.ee\/wp-content\/uploads\/2025\/07\/Nimetu-kujundus-140.png","width":1280,"height":720,"caption":"Meat Church Garlic & Herb maitseainesegu"},{"@type":"BreadcrumbList","@id":"https:\/\/bbqassad.ee\/fi\/toode\/lihakirkon-valkosipuli-ja-yrttimausteseos\/#breadcrumb","itemListElement":[{"@type":"ListItem","position":1,"name":"Home","item":"https:\/\/bbqassad.ee\/fi\/bbq-assat\/"},{"@type":"ListItem","position":2,"name":"Verkkokauppa","item":"https:\/\/bbqassad.ee\/fi\/verkkokauppa\/"},{"@type":"ListItem","position":3,"name":"Meat Church Garlic &#038; Herb -mausteseos"}]},{"@type":"WebSite","@id":"https:\/\/bbqassad.ee\/fi\/#website","url":"https:\/\/bbqassad.ee\/fi\/","name":"BBQ \u00c4ssad","description":"BBQ maitseained, kastmed, ahjud","publisher":{"@id":"https:\/\/bbqassad.ee\/fi\/#organization"},"potentialAction":[{"@type":"SearchAction","target":{"@type":"EntryPoint","urlTemplate":"https:\/\/bbqassad.ee\/fi\/?s={search_term_string}"},"query-input":{"@type":"PropertyValueSpecification","valueRequired":true,"valueName":"search_term_string"}}],"inLanguage":"fi"},{"@type":"Organization","@id":"https:\/\/bbqassad.ee\/fi\/#organization","name":"BBQ \u00c4ssad","url":"https:\/\/bbqassad.ee\/fi\/","logo":{"@type":"ImageObject","inLanguage":"fi","@id":"https:\/\/bbqassad.ee\/fi\/#\/schema\/logo\/image\/","url":"https:\/\/bbqassad.ee\/wp-content\/uploads\/2022\/10\/BBQ-2ssadlogo.png","contentUrl":"https:\/\/bbqassad.ee\/wp-content\/uploads\/2022\/10\/BBQ-2ssadlogo.png","width":1080,"height":1080,"caption":"BBQ \u00c4ssad"},"image":{"@id":"https:\/\/bbqassad.ee\/fi\/#\/schema\/logo\/image\/"},"sameAs":["https:\/\/www.facebook.com\/bbqassad","https:\/\/www.youtube.com\/channel\/UCsoufn49J6TVi9Ah9meE93w"]}]}},"_links":{"self":[{"href":"https:\/\/bbqassad.ee\/fi\/wp-json\/wp\/v2\/product\/22492","targetHints":{"allow":["GET"]}}],"collection":[{"href":"https:\/\/bbqassad.ee\/fi\/wp-json\/wp\/v2\/product"}],"about":[{"href":"https:\/\/bbqassad.ee\/fi\/wp-json\/wp\/v2\/types\/product"}],"replies":[{"embeddable":true,"href":"https:\/\/bbqassad.ee\/fi\/wp-json\/wp\/v2\/comments?post=22492"}],"wp:featuredmedia":[{"embeddable":true,"href":"https:\/\/bbqassad.ee\/fi\/wp-json\/wp\/v2\/media\/22493"}],"wp:attachment":[{"href":"https:\/\/bbqassad.ee\/fi\/wp-json\/wp\/v2\/media?parent=22492"}],"wp:term":[{"taxonomy":"product_brand","embeddable":true,"href":"https:\/\/bbqassad.ee\/fi\/wp-json\/wp\/v2\/product_brand?post=22492"},{"taxonomy":"product_cat","embeddable":true,"href":"https:\/\/bbqassad.ee\/fi\/wp-json\/wp\/v2\/product_cat?post=22492"},{"taxonomy":"product_tag","embeddable":true,"href":"https:\/\/bbqassad.ee\/fi\/wp-json\/wp\/v2\/product_tag?post=22492"}],"curies":[{"name":"wp","href":"https:\/\/api.w.org\/{rel}","templated":true}]}}