{"id":22487,"date":"2025-07-18T06:54:02","date_gmt":"2025-07-18T06:54:02","guid":{"rendered":"https:\/\/bbqassad.ee\/toode\/tuffy-stone-the-big-umami-mausteseos\/"},"modified":"2026-04-14T06:32:52","modified_gmt":"2026-04-14T06:32:52","slug":"tuffy-stone-the-big-umami-mausteseos","status":"publish","type":"product","link":"https:\/\/bbqassad.ee\/fi\/toode\/tuffy-stone-the-big-umami-mausteseos\/","title":{"rendered":"Tuffy Stone The Big Umami -mausteseos"},"content":{"rendered":"<h2>Tuffy Stone The Big Umami -mausteseos<\/h2>\n<p>Tuffy Stone Big Umami -mausteseos on eritt\u00e4in suosittu Keski-Euroopassa, ja jos maistat sit\u00e4 itse, ymm\u00e4rr\u00e4t miksi. He ovat ottaneet eritt\u00e4in laadukkaita perusmausteita ja tehneet niist\u00e4 t\u00e4ydellisen tasapainon, mik\u00e4 tekee Umamista ehk\u00e4 miellytt\u00e4v\u00e4n ja herkullisen maun. <\/p>\n<p><strong>BBQ Aces kommentti:<\/strong> Se on periaatteessa AP-sekoitus, mik\u00e4 tarkoittaa, ett\u00e4 se sopii kaikkeen &#8211; esimerkiksi tavalliseen kotik\u00e4ytt\u00f6\u00f6n.<\/p>\n<p><strong>Ammattilaisvinkki:<\/strong> Laita sit\u00e4 rohkeasti vihannesten p\u00e4\u00e4lle, vaikka valmistaisitkin paistettuja perunoita, etk\u00e4 tule katumaan sit\u00e4.<\/p>\n","protected":false},"excerpt":{"rendered":"<div><span lang=\"CA\"><strong>Nettom\u00e4\u00e4r\u00e4<\/strong> 242,95 g<\/span><\/div>\n<p style=\"font-weight: 400;\"><strong>Ainesosat:<\/strong> suola, dehydratoitu valkosipuli, mausteet, natriumglutamaatti, dinatriuminosinaatti ja -guanylaatti, naudanlihamauste (leivontahiivauute), puhdistettu <strong>soija\u00f6ljy<\/strong> ja alle 2 % kalsiumsilikaattia paakkuuntumisen est\u00e4miseksi.<\/p>\n<p style=\"font-weight: 400;\"><strong>Ravintosis\u00e4lt\u00f6 100 g:aa kohti<\/strong>: energia: 1047 kJ\/250 kcal; rasvat: 0 g, josta tyydyttyneit\u00e4 rasvahappoja: 0 g; hiilihydraatit: 1 g, josta sokereita: 0 g; proteiinit: 0 g; suola: 37 g.<\/p>\n<p><span style=\"font-weight: 400;\">Parasta ennen: katso pakkauksesta. Valmistettu Yhdysvalloissa. Maahantuoja. Jakelija Virossa: BBQ Aces O\u00dc www.bbqassad.ee www.bbqassad.ee   <\/span><\/p>\n","protected":false},"featured_media":22489,"comment_status":"open","ping_status":"closed","template":"","meta":[],"product_brand":[],"product_cat":[802],"product_tag":[791,790,803,789],"class_list":{"0":"post-22487","1":"product","2":"type-product","3":"status-publish","4":"has-post-thumbnail","6":"product_cat-sekoitukset","7":"product_tag-kala","8":"product_tag-kana","9":"product_tag-karja","10":"product_tag-sika","12":"first","13":"instock","14":"taxable","15":"shipping-taxable","16":"purchasable","17":"product-type-simple"},"yoast_head":"<!-- This site is optimized with the Yoast SEO plugin v27.4 - https:\/\/yoast.com\/product\/yoast-seo-wordpress\/ -->\n<title>Tuffy Stone The Big Umami -mausteseos - BBQ \u00c4ssad<\/title>\n<meta name=\"description\" content=\"Tuffy Stone &quot;The Big Umami&quot; -mausteseos (AP-tyylinen yleismausteseos, joka sopii lihalle, kanalle, kalalle ja my\u00f6s vihanneksille. Kokeile sit\u00e4 my\u00f6s paistettujen perunoiden kanssa.\" \/>\n<meta name=\"robots\" content=\"index, follow, max-snippet:-1, max-image-preview:large, max-video-preview:-1\" \/>\n<link rel=\"canonical\" href=\"https:\/\/bbqassad.ee\/fi\/toode\/tuffy-stone-the-big-umami-mausteseos\/\" \/>\n<meta property=\"og:locale\" content=\"fi_FI\" \/>\n<meta property=\"og:type\" content=\"article\" \/>\n<meta property=\"og:title\" content=\"Tuffy Stone The Big Umami -mausteseos\" \/>\n<meta property=\"og:description\" content=\"Tuffy Stone &quot;The Big Umami&quot; mausteseos (242,95 g) - AP-tyylinen yleisk\u00e4ytt\u00f6inen mausteseos, joka sopii lihalle, kanalle, kalalle ja vihanneksille. Kokeile sit\u00e4 my\u00f6s ranskalaisille.\" \/>\n<meta property=\"og:url\" content=\"https:\/\/bbqassad.ee\/fi\/toode\/tuffy-stone-the-big-umami-mausteseos\/\" \/>\n<meta property=\"og:site_name\" content=\"BBQ \u00c4ssad\" \/>\n<meta property=\"article:publisher\" content=\"https:\/\/www.facebook.com\/bbqassad\" \/>\n<meta property=\"article:modified_time\" content=\"2026-04-14T06:32:52+00:00\" \/>\n<meta property=\"og:image\" content=\"https:\/\/bbqassad.ee\/wp-content\/uploads\/2025\/07\/Nimetu-kujundus-141-1024x576.png\" \/>\n<meta name=\"twitter:card\" content=\"summary_large_image\" \/>\n<script type=\"application\/ld+json\" class=\"yoast-schema-graph\">{\"@context\":\"https:\\\/\\\/schema.org\",\"@graph\":[{\"@type\":\"WebPage\",\"@id\":\"https:\\\/\\\/bbqassad.ee\\\/fi\\\/toode\\\/tuffy-stone-the-big-umami-mausteseos\\\/\",\"url\":\"https:\\\/\\\/bbqassad.ee\\\/fi\\\/toode\\\/tuffy-stone-the-big-umami-mausteseos\\\/\",\"name\":\"Tuffy Stone The Big Umami -mausteseos - BBQ \u00c4ssad\",\"isPartOf\":{\"@id\":\"https:\\\/\\\/bbqassad.ee\\\/fi\\\/#website\"},\"primaryImageOfPage\":{\"@id\":\"https:\\\/\\\/bbqassad.ee\\\/fi\\\/toode\\\/tuffy-stone-the-big-umami-mausteseos\\\/#primaryimage\"},\"image\":{\"@id\":\"https:\\\/\\\/bbqassad.ee\\\/fi\\\/toode\\\/tuffy-stone-the-big-umami-mausteseos\\\/#primaryimage\"},\"thumbnailUrl\":\"https:\\\/\\\/bbqassad.ee\\\/wp-content\\\/uploads\\\/2025\\\/07\\\/Nimetu-kujundus-141.png\",\"datePublished\":\"2025-07-18T06:54:02+00:00\",\"dateModified\":\"2026-04-14T06:32:52+00:00\",\"description\":\"Tuffy Stone \\\"The Big Umami\\\" -mausteseos (AP-tyylinen yleismausteseos, joka sopii lihalle, kanalle, kalalle ja my\u00f6s vihanneksille. Kokeile sit\u00e4 my\u00f6s paistettujen perunoiden kanssa.\",\"breadcrumb\":{\"@id\":\"https:\\\/\\\/bbqassad.ee\\\/fi\\\/toode\\\/tuffy-stone-the-big-umami-mausteseos\\\/#breadcrumb\"},\"inLanguage\":\"fi\",\"potentialAction\":[{\"@type\":\"ReadAction\",\"target\":[\"https:\\\/\\\/bbqassad.ee\\\/fi\\\/toode\\\/tuffy-stone-the-big-umami-mausteseos\\\/\"]}]},{\"@type\":\"ImageObject\",\"inLanguage\":\"fi\",\"@id\":\"https:\\\/\\\/bbqassad.ee\\\/fi\\\/toode\\\/tuffy-stone-the-big-umami-mausteseos\\\/#primaryimage\",\"url\":\"https:\\\/\\\/bbqassad.ee\\\/wp-content\\\/uploads\\\/2025\\\/07\\\/Nimetu-kujundus-141.png\",\"contentUrl\":\"https:\\\/\\\/bbqassad.ee\\\/wp-content\\\/uploads\\\/2025\\\/07\\\/Nimetu-kujundus-141.png\",\"width\":1280,\"height\":720,\"caption\":\"Tuffy Stone The Big Umami maitseainesegu\"},{\"@type\":\"BreadcrumbList\",\"@id\":\"https:\\\/\\\/bbqassad.ee\\\/fi\\\/toode\\\/tuffy-stone-the-big-umami-mausteseos\\\/#breadcrumb\",\"itemListElement\":[{\"@type\":\"ListItem\",\"position\":1,\"name\":\"Home\",\"item\":\"https:\\\/\\\/bbqassad.ee\\\/fi\\\/bbq-assat\\\/\"},{\"@type\":\"ListItem\",\"position\":2,\"name\":\"Verkkokauppa\",\"item\":\"https:\\\/\\\/bbqassad.ee\\\/fi\\\/verkkokauppa\\\/\"},{\"@type\":\"ListItem\",\"position\":3,\"name\":\"Tuffy Stone The Big Umami -mausteseos\"}]},{\"@type\":\"WebSite\",\"@id\":\"https:\\\/\\\/bbqassad.ee\\\/fi\\\/#website\",\"url\":\"https:\\\/\\\/bbqassad.ee\\\/fi\\\/\",\"name\":\"BBQ \u00c4ssad\",\"description\":\"BBQ maitseained, kastmed, ahjud\",\"publisher\":{\"@id\":\"https:\\\/\\\/bbqassad.ee\\\/fi\\\/#organization\"},\"potentialAction\":[{\"@type\":\"SearchAction\",\"target\":{\"@type\":\"EntryPoint\",\"urlTemplate\":\"https:\\\/\\\/bbqassad.ee\\\/fi\\\/?s={search_term_string}\"},\"query-input\":{\"@type\":\"PropertyValueSpecification\",\"valueRequired\":true,\"valueName\":\"search_term_string\"}}],\"inLanguage\":\"fi\"},{\"@type\":\"Organization\",\"@id\":\"https:\\\/\\\/bbqassad.ee\\\/fi\\\/#organization\",\"name\":\"BBQ \u00c4ssad\",\"url\":\"https:\\\/\\\/bbqassad.ee\\\/fi\\\/\",\"logo\":{\"@type\":\"ImageObject\",\"inLanguage\":\"fi\",\"@id\":\"https:\\\/\\\/bbqassad.ee\\\/fi\\\/#\\\/schema\\\/logo\\\/image\\\/\",\"url\":\"https:\\\/\\\/bbqassad.ee\\\/wp-content\\\/uploads\\\/2022\\\/10\\\/BBQ-2ssadlogo.png\",\"contentUrl\":\"https:\\\/\\\/bbqassad.ee\\\/wp-content\\\/uploads\\\/2022\\\/10\\\/BBQ-2ssadlogo.png\",\"width\":1080,\"height\":1080,\"caption\":\"BBQ \u00c4ssad\"},\"image\":{\"@id\":\"https:\\\/\\\/bbqassad.ee\\\/fi\\\/#\\\/schema\\\/logo\\\/image\\\/\"},\"sameAs\":[\"https:\\\/\\\/www.facebook.com\\\/bbqassad\",\"https:\\\/\\\/www.youtube.com\\\/channel\\\/UCsoufn49J6TVi9Ah9meE93w\"]}]}<\/script>\n<!-- \/ Yoast SEO plugin. -->","yoast_head_json":{"title":"Tuffy Stone The Big Umami -mausteseos - BBQ \u00c4ssad","description":"Tuffy Stone \"The Big Umami\" -mausteseos (AP-tyylinen yleismausteseos, joka sopii lihalle, kanalle, kalalle ja my\u00f6s vihanneksille. Kokeile sit\u00e4 my\u00f6s paistettujen perunoiden kanssa.","robots":{"index":"index","follow":"follow","max-snippet":"max-snippet:-1","max-image-preview":"max-image-preview:large","max-video-preview":"max-video-preview:-1"},"canonical":"https:\/\/bbqassad.ee\/fi\/toode\/tuffy-stone-the-big-umami-mausteseos\/","og_locale":"fi_FI","og_type":"article","og_title":"Tuffy Stone The Big Umami -mausteseos","og_description":"Tuffy Stone \"The Big Umami\" mausteseos (242,95 g) - AP-tyylinen yleisk\u00e4ytt\u00f6inen mausteseos, joka sopii lihalle, kanalle, kalalle ja vihanneksille. Kokeile sit\u00e4 my\u00f6s ranskalaisille.","og_url":"https:\/\/bbqassad.ee\/fi\/toode\/tuffy-stone-the-big-umami-mausteseos\/","og_site_name":"BBQ \u00c4ssad","article_publisher":"https:\/\/www.facebook.com\/bbqassad","article_modified_time":"2026-04-14T06:32:52+00:00","og_image":[{"url":"https:\/\/bbqassad.ee\/wp-content\/uploads\/2025\/07\/Nimetu-kujundus-141-1024x576.png","type":"","width":"","height":""}],"twitter_card":"summary_large_image","schema":{"@context":"https:\/\/schema.org","@graph":[{"@type":"WebPage","@id":"https:\/\/bbqassad.ee\/fi\/toode\/tuffy-stone-the-big-umami-mausteseos\/","url":"https:\/\/bbqassad.ee\/fi\/toode\/tuffy-stone-the-big-umami-mausteseos\/","name":"Tuffy Stone The Big Umami -mausteseos - BBQ \u00c4ssad","isPartOf":{"@id":"https:\/\/bbqassad.ee\/fi\/#website"},"primaryImageOfPage":{"@id":"https:\/\/bbqassad.ee\/fi\/toode\/tuffy-stone-the-big-umami-mausteseos\/#primaryimage"},"image":{"@id":"https:\/\/bbqassad.ee\/fi\/toode\/tuffy-stone-the-big-umami-mausteseos\/#primaryimage"},"thumbnailUrl":"https:\/\/bbqassad.ee\/wp-content\/uploads\/2025\/07\/Nimetu-kujundus-141.png","datePublished":"2025-07-18T06:54:02+00:00","dateModified":"2026-04-14T06:32:52+00:00","description":"Tuffy Stone \"The Big Umami\" -mausteseos (AP-tyylinen yleismausteseos, joka sopii lihalle, kanalle, kalalle ja my\u00f6s vihanneksille. Kokeile sit\u00e4 my\u00f6s paistettujen perunoiden kanssa.","breadcrumb":{"@id":"https:\/\/bbqassad.ee\/fi\/toode\/tuffy-stone-the-big-umami-mausteseos\/#breadcrumb"},"inLanguage":"fi","potentialAction":[{"@type":"ReadAction","target":["https:\/\/bbqassad.ee\/fi\/toode\/tuffy-stone-the-big-umami-mausteseos\/"]}]},{"@type":"ImageObject","inLanguage":"fi","@id":"https:\/\/bbqassad.ee\/fi\/toode\/tuffy-stone-the-big-umami-mausteseos\/#primaryimage","url":"https:\/\/bbqassad.ee\/wp-content\/uploads\/2025\/07\/Nimetu-kujundus-141.png","contentUrl":"https:\/\/bbqassad.ee\/wp-content\/uploads\/2025\/07\/Nimetu-kujundus-141.png","width":1280,"height":720,"caption":"Tuffy Stone The Big Umami maitseainesegu"},{"@type":"BreadcrumbList","@id":"https:\/\/bbqassad.ee\/fi\/toode\/tuffy-stone-the-big-umami-mausteseos\/#breadcrumb","itemListElement":[{"@type":"ListItem","position":1,"name":"Home","item":"https:\/\/bbqassad.ee\/fi\/bbq-assat\/"},{"@type":"ListItem","position":2,"name":"Verkkokauppa","item":"https:\/\/bbqassad.ee\/fi\/verkkokauppa\/"},{"@type":"ListItem","position":3,"name":"Tuffy Stone The Big Umami -mausteseos"}]},{"@type":"WebSite","@id":"https:\/\/bbqassad.ee\/fi\/#website","url":"https:\/\/bbqassad.ee\/fi\/","name":"BBQ \u00c4ssad","description":"BBQ maitseained, kastmed, ahjud","publisher":{"@id":"https:\/\/bbqassad.ee\/fi\/#organization"},"potentialAction":[{"@type":"SearchAction","target":{"@type":"EntryPoint","urlTemplate":"https:\/\/bbqassad.ee\/fi\/?s={search_term_string}"},"query-input":{"@type":"PropertyValueSpecification","valueRequired":true,"valueName":"search_term_string"}}],"inLanguage":"fi"},{"@type":"Organization","@id":"https:\/\/bbqassad.ee\/fi\/#organization","name":"BBQ \u00c4ssad","url":"https:\/\/bbqassad.ee\/fi\/","logo":{"@type":"ImageObject","inLanguage":"fi","@id":"https:\/\/bbqassad.ee\/fi\/#\/schema\/logo\/image\/","url":"https:\/\/bbqassad.ee\/wp-content\/uploads\/2022\/10\/BBQ-2ssadlogo.png","contentUrl":"https:\/\/bbqassad.ee\/wp-content\/uploads\/2022\/10\/BBQ-2ssadlogo.png","width":1080,"height":1080,"caption":"BBQ \u00c4ssad"},"image":{"@id":"https:\/\/bbqassad.ee\/fi\/#\/schema\/logo\/image\/"},"sameAs":["https:\/\/www.facebook.com\/bbqassad","https:\/\/www.youtube.com\/channel\/UCsoufn49J6TVi9Ah9meE93w"]}]}},"_links":{"self":[{"href":"https:\/\/bbqassad.ee\/fi\/wp-json\/wp\/v2\/product\/22487","targetHints":{"allow":["GET"]}}],"collection":[{"href":"https:\/\/bbqassad.ee\/fi\/wp-json\/wp\/v2\/product"}],"about":[{"href":"https:\/\/bbqassad.ee\/fi\/wp-json\/wp\/v2\/types\/product"}],"replies":[{"embeddable":true,"href":"https:\/\/bbqassad.ee\/fi\/wp-json\/wp\/v2\/comments?post=22487"}],"wp:featuredmedia":[{"embeddable":true,"href":"https:\/\/bbqassad.ee\/fi\/wp-json\/wp\/v2\/media\/22489"}],"wp:attachment":[{"href":"https:\/\/bbqassad.ee\/fi\/wp-json\/wp\/v2\/media?parent=22487"}],"wp:term":[{"taxonomy":"product_brand","embeddable":true,"href":"https:\/\/bbqassad.ee\/fi\/wp-json\/wp\/v2\/product_brand?post=22487"},{"taxonomy":"product_cat","embeddable":true,"href":"https:\/\/bbqassad.ee\/fi\/wp-json\/wp\/v2\/product_cat?post=22487"},{"taxonomy":"product_tag","embeddable":true,"href":"https:\/\/bbqassad.ee\/fi\/wp-json\/wp\/v2\/product_tag?post=22487"}],"curies":[{"name":"wp","href":"https:\/\/api.w.org\/{rel}","templated":true}]}}