{"id":22475,"date":"2025-09-01T08:53:12","date_gmt":"2025-09-01T08:53:12","guid":{"rendered":"https:\/\/bbqassad.ee\/toode\/inkbird-professional-grade-ultra-thin-probe-bluetooth-lihalampomittari-int-21-b-ammattikayttoon\/"},"modified":"2026-04-14T06:32:51","modified_gmt":"2026-04-14T06:32:51","slug":"inkbird-professional-grade-ultra-thin-probe-bluetooth-lihalampomittari-int-21-b-ammattikayttoon","status":"publish","type":"product","link":"https:\/\/bbqassad.ee\/fi\/toode\/inkbird-professional-grade-ultra-thin-probe-bluetooth-lihalampomittari-int-21-b-ammattikayttoon\/","title":{"rendered":"Inkbird Professional Grade Ultra-Thin Probe Bluetooth-lihal\u00e4mp\u00f6mittari INT-21-B"},"content":{"rendered":"<h2>Ammattilaisluokan ultraohut Bluetooth-lihal\u00e4mp\u00f6mittari INT-21-B<\/h2>\n<p>INT-21-B on \u00e4lyk\u00e4s, langaton lihal\u00e4mp\u00f6mittari, joka tukee vakaata ja tehokasta yhteytt\u00e4 Bluetooth 5.4:n kautta. Mittarin pohjassa on kirkas LCD-n\u00e4ytt\u00f6, joka n\u00e4ytt\u00e4\u00e4 sek\u00e4 kypsennysl\u00e4mp\u00f6tilan ett\u00e4 ymp\u00e4rist\u00f6n l\u00e4mp\u00f6tilan reaaliajassa ja antaa selke\u00e4n yleiskuvan kypsennysprosessista. Lis\u00e4ksi \u00e4lypuhelinsovellus mahdollistaa et\u00e4luennan ja -ohjauksen, mik\u00e4 tekee koko prosessista helpomman ja k\u00e4tev\u00e4mm\u00e4n. Riippumatta siit\u00e4, kokkaatko kotona vai esitteletk\u00f6 taitojasi ammattilaistapahtumassa, t\u00e4m\u00e4 langaton l\u00e4mp\u00f6mittari on t\u00e4ydellinen v\u00e4line t\u00e4ydellisten tulosten saavuttamiseksi.   <\/p>\n","protected":false},"excerpt":{"rendered":"<p>Tuotteen kuvaus<\/p>\n<p>\u25cf Bluetooth 5.4 -yhteys, 328 ft\/100 m esteett\u00f6m\u00e4ss\u00e4 ymp\u00e4rist\u00f6ss\u00e4.<\/p>\n<p>\u25cf 5 mm:n neula; helppo k\u00e4ytt\u00f6\u00f6notto ja minimaalinen lihan repe\u00e4minen<\/p>\n<p>\u25cf Ruokak\u00e4ytt\u00f6\u00f6n tarkoitettu ruostumattomasta ter\u00e4ksest\u00e4 valmistettu neula, jossa on alumiinirunko ja latausalusta<\/p>\n<p>\u25cf IP67 vedenkest\u00e4vyys, astianpesukoneen turvallinen<\/p>\n<p>\u25cf Nopea 1 sekunnin vasteaika, tarkkuus \u00b11.8\u00b0F\/\u00b11\u00b0C<\/p>\n<p>\u25cf HD LCD-n\u00e4ytt\u00f6, n\u00e4ytt\u00e4\u00e4 kaikki l\u00e4mp\u00f6tilat intuitiiviseen ruoanlaittoon<\/p>\n<p>\u25cf 26 esiasetusta, joissa on USDA:n suosittelemat l\u00e4mp\u00f6tilat ja mukautettavat asetukset.<\/p>\n<p>\u25cf Aseta l\u00e4mp\u00f6tilah\u00e4lytys, esih\u00e4lytys, paistoajastin ja ylil\u00e4mp\u00f6tilah\u00e4lytys.<\/p>\n<p>\u25cf Pohja toimii 2 x AAA-paristolla, jopa 120 tunnin k\u00e4ytt\u00f6aika.<\/p>\n<p>\u25cf Neula latautuu 30 minuutissa, jatkuva k\u00e4ytt\u00f6 enint\u00e4\u00e4n 20 tuntia<\/p>\n<p>\u25cf 60 minuutin offline-l\u00e4mp\u00f6tilatiedot, automaattinen synkronointi, kun laite on yhdistetty sovellukseen.<\/p>\n","protected":false},"featured_media":22476,"comment_status":"open","ping_status":"closed","template":"","meta":[],"product_brand":[145],"product_cat":[784],"product_tag":[],"class_list":{"0":"post-22475","1":"product","2":"type-product","3":"status-publish","4":"has-post-thumbnail","6":"product_brand-inkbird","7":"product_cat-tarvikkeet","9":"first","10":"instock","11":"taxable","12":"shipping-taxable","13":"purchasable","14":"product-type-simple"},"yoast_head":"<!-- This site is optimized with the Yoast SEO plugin v27.4 - https:\/\/yoast.com\/product\/yoast-seo-wordpress\/ -->\n<title>nkbird Professional Grade Ultra-Thin Probe Bluetooth-lihal\u00e4mp\u00f6mittari - BBQ \u00c4ssad%<\/title>\n<meta name=\"description\" content=\"Inkbird INT-21-B Bluetooth-lihal\u00e4mp\u00f6mittari: Bluetooth 5.4 ja eritt\u00e4in ohut 5 mm:n anturi, tarkka l\u00e4mp\u00f6tilan seuranta sovelluksesta grilliss\u00e4 ja savustimessa.\" \/>\n<meta name=\"robots\" content=\"index, follow, max-snippet:-1, max-image-preview:large, max-video-preview:-1\" \/>\n<link rel=\"canonical\" href=\"https:\/\/bbqassad.ee\/fi\/toode\/inkbird-professional-grade-ultra-thin-probe-bluetooth-lihalampomittari-int-21-b-ammattikayttoon\/\" \/>\n<meta property=\"og:locale\" content=\"fi_FI\" \/>\n<meta property=\"og:type\" content=\"article\" \/>\n<meta property=\"og:title\" content=\"nkbird Professional Grade Ultra-Thin Probe Bluetooth-lihal\u00e4mp\u00f6mittari\" \/>\n<meta property=\"og:description\" content=\"Inkbird INT-21-B Bluetooth-lihal\u00e4mp\u00f6mittari: Bluetooth 5.4, jopa 100 metrin kantama ja eritt\u00e4in ohut 5 mm:n anturi - tarkka l\u00e4mp\u00f6tilan seuranta sovelluksestasi grilliss\u00e4 ja savustimessa.\" \/>\n<meta property=\"og:url\" content=\"https:\/\/bbqassad.ee\/fi\/toode\/inkbird-professional-grade-ultra-thin-probe-bluetooth-lihalampomittari-int-21-b-ammattikayttoon\/\" \/>\n<meta property=\"og:site_name\" content=\"BBQ \u00c4ssad\" \/>\n<meta property=\"article:publisher\" content=\"https:\/\/www.facebook.com\/bbqassad\" \/>\n<meta property=\"article:modified_time\" content=\"2026-04-14T06:32:51+00:00\" \/>\n<meta property=\"og:image\" content=\"https:\/\/bbqassad.ee\/wp-content\/uploads\/2025\/09\/bluetooth-meat-thermometer-int-21-b-578126.jpg-300x300.webp\" \/>\n<meta name=\"twitter:card\" content=\"summary_large_image\" \/>\n<script type=\"application\/ld+json\" class=\"yoast-schema-graph\">{\"@context\":\"https:\\\/\\\/schema.org\",\"@graph\":[{\"@type\":\"WebPage\",\"@id\":\"https:\\\/\\\/bbqassad.ee\\\/fi\\\/toode\\\/inkbird-professional-grade-ultra-thin-probe-bluetooth-lihalampomittari-int-21-b-ammattikayttoon\\\/\",\"url\":\"https:\\\/\\\/bbqassad.ee\\\/fi\\\/toode\\\/inkbird-professional-grade-ultra-thin-probe-bluetooth-lihalampomittari-int-21-b-ammattikayttoon\\\/\",\"name\":\"nkbird Professional Grade Ultra-Thin Probe Bluetooth-lihal\u00e4mp\u00f6mittari - BBQ \u00c4ssad%\",\"isPartOf\":{\"@id\":\"https:\\\/\\\/bbqassad.ee\\\/fi\\\/#website\"},\"primaryImageOfPage\":{\"@id\":\"https:\\\/\\\/bbqassad.ee\\\/fi\\\/toode\\\/inkbird-professional-grade-ultra-thin-probe-bluetooth-lihalampomittari-int-21-b-ammattikayttoon\\\/#primaryimage\"},\"image\":{\"@id\":\"https:\\\/\\\/bbqassad.ee\\\/fi\\\/toode\\\/inkbird-professional-grade-ultra-thin-probe-bluetooth-lihalampomittari-int-21-b-ammattikayttoon\\\/#primaryimage\"},\"thumbnailUrl\":\"https:\\\/\\\/bbqassad.ee\\\/wp-content\\\/uploads\\\/2025\\\/09\\\/bluetooth-meat-thermometer-int-21-b-578126.jpg.webp\",\"datePublished\":\"2025-09-01T08:53:12+00:00\",\"dateModified\":\"2026-04-14T06:32:51+00:00\",\"description\":\"Inkbird INT-21-B Bluetooth-lihal\u00e4mp\u00f6mittari: Bluetooth 5.4 ja eritt\u00e4in ohut 5 mm:n anturi, tarkka l\u00e4mp\u00f6tilan seuranta sovelluksesta grilliss\u00e4 ja savustimessa.\",\"breadcrumb\":{\"@id\":\"https:\\\/\\\/bbqassad.ee\\\/fi\\\/toode\\\/inkbird-professional-grade-ultra-thin-probe-bluetooth-lihalampomittari-int-21-b-ammattikayttoon\\\/#breadcrumb\"},\"inLanguage\":\"fi\",\"potentialAction\":[{\"@type\":\"ReadAction\",\"target\":[\"https:\\\/\\\/bbqassad.ee\\\/fi\\\/toode\\\/inkbird-professional-grade-ultra-thin-probe-bluetooth-lihalampomittari-int-21-b-ammattikayttoon\\\/\"]}]},{\"@type\":\"ImageObject\",\"inLanguage\":\"fi\",\"@id\":\"https:\\\/\\\/bbqassad.ee\\\/fi\\\/toode\\\/inkbird-professional-grade-ultra-thin-probe-bluetooth-lihalampomittari-int-21-b-ammattikayttoon\\\/#primaryimage\",\"url\":\"https:\\\/\\\/bbqassad.ee\\\/wp-content\\\/uploads\\\/2025\\\/09\\\/bluetooth-meat-thermometer-int-21-b-578126.jpg.webp\",\"contentUrl\":\"https:\\\/\\\/bbqassad.ee\\\/wp-content\\\/uploads\\\/2025\\\/09\\\/bluetooth-meat-thermometer-int-21-b-578126.jpg.webp\",\"width\":1600,\"height\":1600,\"caption\":\"nkbird Professional Grade Ultra-Thin Probe Bluetooth Meat Thermometer\"},{\"@type\":\"BreadcrumbList\",\"@id\":\"https:\\\/\\\/bbqassad.ee\\\/fi\\\/toode\\\/inkbird-professional-grade-ultra-thin-probe-bluetooth-lihalampomittari-int-21-b-ammattikayttoon\\\/#breadcrumb\",\"itemListElement\":[{\"@type\":\"ListItem\",\"position\":1,\"name\":\"Home\",\"item\":\"https:\\\/\\\/bbqassad.ee\\\/fi\\\/bbq-assat\\\/\"},{\"@type\":\"ListItem\",\"position\":2,\"name\":\"Verkkokauppa\",\"item\":\"https:\\\/\\\/bbqassad.ee\\\/fi\\\/verkkokauppa\\\/\"},{\"@type\":\"ListItem\",\"position\":3,\"name\":\"Inkbird Professional Grade Ultra-Thin Probe Bluetooth-lihal\u00e4mp\u00f6mittari INT-21-B\"}]},{\"@type\":\"WebSite\",\"@id\":\"https:\\\/\\\/bbqassad.ee\\\/fi\\\/#website\",\"url\":\"https:\\\/\\\/bbqassad.ee\\\/fi\\\/\",\"name\":\"BBQ \u00c4ssad\",\"description\":\"BBQ maitseained, kastmed, ahjud\",\"publisher\":{\"@id\":\"https:\\\/\\\/bbqassad.ee\\\/fi\\\/#organization\"},\"potentialAction\":[{\"@type\":\"SearchAction\",\"target\":{\"@type\":\"EntryPoint\",\"urlTemplate\":\"https:\\\/\\\/bbqassad.ee\\\/fi\\\/?s={search_term_string}\"},\"query-input\":{\"@type\":\"PropertyValueSpecification\",\"valueRequired\":true,\"valueName\":\"search_term_string\"}}],\"inLanguage\":\"fi\"},{\"@type\":\"Organization\",\"@id\":\"https:\\\/\\\/bbqassad.ee\\\/fi\\\/#organization\",\"name\":\"BBQ \u00c4ssad\",\"url\":\"https:\\\/\\\/bbqassad.ee\\\/fi\\\/\",\"logo\":{\"@type\":\"ImageObject\",\"inLanguage\":\"fi\",\"@id\":\"https:\\\/\\\/bbqassad.ee\\\/fi\\\/#\\\/schema\\\/logo\\\/image\\\/\",\"url\":\"https:\\\/\\\/bbqassad.ee\\\/wp-content\\\/uploads\\\/2022\\\/10\\\/BBQ-2ssadlogo.png\",\"contentUrl\":\"https:\\\/\\\/bbqassad.ee\\\/wp-content\\\/uploads\\\/2022\\\/10\\\/BBQ-2ssadlogo.png\",\"width\":1080,\"height\":1080,\"caption\":\"BBQ \u00c4ssad\"},\"image\":{\"@id\":\"https:\\\/\\\/bbqassad.ee\\\/fi\\\/#\\\/schema\\\/logo\\\/image\\\/\"},\"sameAs\":[\"https:\\\/\\\/www.facebook.com\\\/bbqassad\",\"https:\\\/\\\/www.youtube.com\\\/channel\\\/UCsoufn49J6TVi9Ah9meE93w\"]}]}<\/script>\n<!-- \/ Yoast SEO plugin. -->","yoast_head_json":{"title":"nkbird Professional Grade Ultra-Thin Probe Bluetooth-lihal\u00e4mp\u00f6mittari - BBQ \u00c4ssad%","description":"Inkbird INT-21-B Bluetooth-lihal\u00e4mp\u00f6mittari: Bluetooth 5.4 ja eritt\u00e4in ohut 5 mm:n anturi, tarkka l\u00e4mp\u00f6tilan seuranta sovelluksesta grilliss\u00e4 ja savustimessa.","robots":{"index":"index","follow":"follow","max-snippet":"max-snippet:-1","max-image-preview":"max-image-preview:large","max-video-preview":"max-video-preview:-1"},"canonical":"https:\/\/bbqassad.ee\/fi\/toode\/inkbird-professional-grade-ultra-thin-probe-bluetooth-lihalampomittari-int-21-b-ammattikayttoon\/","og_locale":"fi_FI","og_type":"article","og_title":"nkbird Professional Grade Ultra-Thin Probe Bluetooth-lihal\u00e4mp\u00f6mittari","og_description":"Inkbird INT-21-B Bluetooth-lihal\u00e4mp\u00f6mittari: Bluetooth 5.4, jopa 100 metrin kantama ja eritt\u00e4in ohut 5 mm:n anturi - tarkka l\u00e4mp\u00f6tilan seuranta sovelluksestasi grilliss\u00e4 ja savustimessa.","og_url":"https:\/\/bbqassad.ee\/fi\/toode\/inkbird-professional-grade-ultra-thin-probe-bluetooth-lihalampomittari-int-21-b-ammattikayttoon\/","og_site_name":"BBQ \u00c4ssad","article_publisher":"https:\/\/www.facebook.com\/bbqassad","article_modified_time":"2026-04-14T06:32:51+00:00","og_image":[{"url":"https:\/\/bbqassad.ee\/wp-content\/uploads\/2025\/09\/bluetooth-meat-thermometer-int-21-b-578126.jpg-300x300.webp","type":"","width":"","height":""}],"twitter_card":"summary_large_image","schema":{"@context":"https:\/\/schema.org","@graph":[{"@type":"WebPage","@id":"https:\/\/bbqassad.ee\/fi\/toode\/inkbird-professional-grade-ultra-thin-probe-bluetooth-lihalampomittari-int-21-b-ammattikayttoon\/","url":"https:\/\/bbqassad.ee\/fi\/toode\/inkbird-professional-grade-ultra-thin-probe-bluetooth-lihalampomittari-int-21-b-ammattikayttoon\/","name":"nkbird Professional Grade Ultra-Thin Probe Bluetooth-lihal\u00e4mp\u00f6mittari - BBQ \u00c4ssad%","isPartOf":{"@id":"https:\/\/bbqassad.ee\/fi\/#website"},"primaryImageOfPage":{"@id":"https:\/\/bbqassad.ee\/fi\/toode\/inkbird-professional-grade-ultra-thin-probe-bluetooth-lihalampomittari-int-21-b-ammattikayttoon\/#primaryimage"},"image":{"@id":"https:\/\/bbqassad.ee\/fi\/toode\/inkbird-professional-grade-ultra-thin-probe-bluetooth-lihalampomittari-int-21-b-ammattikayttoon\/#primaryimage"},"thumbnailUrl":"https:\/\/bbqassad.ee\/wp-content\/uploads\/2025\/09\/bluetooth-meat-thermometer-int-21-b-578126.jpg.webp","datePublished":"2025-09-01T08:53:12+00:00","dateModified":"2026-04-14T06:32:51+00:00","description":"Inkbird INT-21-B Bluetooth-lihal\u00e4mp\u00f6mittari: Bluetooth 5.4 ja eritt\u00e4in ohut 5 mm:n anturi, tarkka l\u00e4mp\u00f6tilan seuranta sovelluksesta grilliss\u00e4 ja savustimessa.","breadcrumb":{"@id":"https:\/\/bbqassad.ee\/fi\/toode\/inkbird-professional-grade-ultra-thin-probe-bluetooth-lihalampomittari-int-21-b-ammattikayttoon\/#breadcrumb"},"inLanguage":"fi","potentialAction":[{"@type":"ReadAction","target":["https:\/\/bbqassad.ee\/fi\/toode\/inkbird-professional-grade-ultra-thin-probe-bluetooth-lihalampomittari-int-21-b-ammattikayttoon\/"]}]},{"@type":"ImageObject","inLanguage":"fi","@id":"https:\/\/bbqassad.ee\/fi\/toode\/inkbird-professional-grade-ultra-thin-probe-bluetooth-lihalampomittari-int-21-b-ammattikayttoon\/#primaryimage","url":"https:\/\/bbqassad.ee\/wp-content\/uploads\/2025\/09\/bluetooth-meat-thermometer-int-21-b-578126.jpg.webp","contentUrl":"https:\/\/bbqassad.ee\/wp-content\/uploads\/2025\/09\/bluetooth-meat-thermometer-int-21-b-578126.jpg.webp","width":1600,"height":1600,"caption":"nkbird Professional Grade Ultra-Thin Probe Bluetooth Meat Thermometer"},{"@type":"BreadcrumbList","@id":"https:\/\/bbqassad.ee\/fi\/toode\/inkbird-professional-grade-ultra-thin-probe-bluetooth-lihalampomittari-int-21-b-ammattikayttoon\/#breadcrumb","itemListElement":[{"@type":"ListItem","position":1,"name":"Home","item":"https:\/\/bbqassad.ee\/fi\/bbq-assat\/"},{"@type":"ListItem","position":2,"name":"Verkkokauppa","item":"https:\/\/bbqassad.ee\/fi\/verkkokauppa\/"},{"@type":"ListItem","position":3,"name":"Inkbird Professional Grade Ultra-Thin Probe Bluetooth-lihal\u00e4mp\u00f6mittari INT-21-B"}]},{"@type":"WebSite","@id":"https:\/\/bbqassad.ee\/fi\/#website","url":"https:\/\/bbqassad.ee\/fi\/","name":"BBQ \u00c4ssad","description":"BBQ maitseained, kastmed, ahjud","publisher":{"@id":"https:\/\/bbqassad.ee\/fi\/#organization"},"potentialAction":[{"@type":"SearchAction","target":{"@type":"EntryPoint","urlTemplate":"https:\/\/bbqassad.ee\/fi\/?s={search_term_string}"},"query-input":{"@type":"PropertyValueSpecification","valueRequired":true,"valueName":"search_term_string"}}],"inLanguage":"fi"},{"@type":"Organization","@id":"https:\/\/bbqassad.ee\/fi\/#organization","name":"BBQ \u00c4ssad","url":"https:\/\/bbqassad.ee\/fi\/","logo":{"@type":"ImageObject","inLanguage":"fi","@id":"https:\/\/bbqassad.ee\/fi\/#\/schema\/logo\/image\/","url":"https:\/\/bbqassad.ee\/wp-content\/uploads\/2022\/10\/BBQ-2ssadlogo.png","contentUrl":"https:\/\/bbqassad.ee\/wp-content\/uploads\/2022\/10\/BBQ-2ssadlogo.png","width":1080,"height":1080,"caption":"BBQ \u00c4ssad"},"image":{"@id":"https:\/\/bbqassad.ee\/fi\/#\/schema\/logo\/image\/"},"sameAs":["https:\/\/www.facebook.com\/bbqassad","https:\/\/www.youtube.com\/channel\/UCsoufn49J6TVi9Ah9meE93w"]}]}},"_links":{"self":[{"href":"https:\/\/bbqassad.ee\/fi\/wp-json\/wp\/v2\/product\/22475","targetHints":{"allow":["GET"]}}],"collection":[{"href":"https:\/\/bbqassad.ee\/fi\/wp-json\/wp\/v2\/product"}],"about":[{"href":"https:\/\/bbqassad.ee\/fi\/wp-json\/wp\/v2\/types\/product"}],"replies":[{"embeddable":true,"href":"https:\/\/bbqassad.ee\/fi\/wp-json\/wp\/v2\/comments?post=22475"}],"wp:featuredmedia":[{"embeddable":true,"href":"https:\/\/bbqassad.ee\/fi\/wp-json\/wp\/v2\/media\/22476"}],"wp:attachment":[{"href":"https:\/\/bbqassad.ee\/fi\/wp-json\/wp\/v2\/media?parent=22475"}],"wp:term":[{"taxonomy":"product_brand","embeddable":true,"href":"https:\/\/bbqassad.ee\/fi\/wp-json\/wp\/v2\/product_brand?post=22475"},{"taxonomy":"product_cat","embeddable":true,"href":"https:\/\/bbqassad.ee\/fi\/wp-json\/wp\/v2\/product_cat?post=22475"},{"taxonomy":"product_tag","embeddable":true,"href":"https:\/\/bbqassad.ee\/fi\/wp-json\/wp\/v2\/product_tag?post=22475"}],"curies":[{"name":"wp","href":"https:\/\/api.w.org\/{rel}","templated":true}]}}