{"id":22471,"date":"2025-10-01T13:59:15","date_gmt":"2025-10-01T13:59:15","guid":{"rendered":"https:\/\/bbqassad.ee\/toode\/big-swede-badass-bird-boost-mausteseos\/"},"modified":"2026-04-14T06:32:51","modified_gmt":"2026-04-14T06:32:51","slug":"big-swede-badass-bird-boost-mausteseos","status":"publish","type":"product","link":"https:\/\/bbqassad.ee\/fi\/toode\/big-swede-badass-bird-boost-mausteseos\/","title":{"rendered":"Big Swede Badass Bird Boost -mausteseos"},"content":{"rendered":"<h2>Big Swede Badass Bird Boost mausteseos<\/h2>\n<p>Big Swede BBQ Badass Bird Boost -mausteseos saa sinut paistumaan kuin lintu seuraavan kerran, kun grillaat tai savustat kanaa. Se on vakavasti otettava kilpailuluokan mausteseos, jossa on makeita, suolaisia, mausteisia ja suolaisia makuja, jotka nostavat mink\u00e4 tahansa linnun seuraavalle tasolle. <\/p>\n<p><strong>BBQAcesin kommentti:<\/strong> Todellinen broilerimauste, joka ei ole lainkaan makea, mutta tekee parhaansa kanan maun vahvistamiseksi.<\/p>\n<p><strong>Ammattilaisvinkki:<\/strong> Sopii my\u00f6s isommille linnuille, kuten kalkkunalle.<\/p>\n","protected":false},"excerpt":{"rendered":"<p><strong>Koko<\/strong>: 340g<\/p>\n<p><strong>Ainesosat<\/strong>: Suola, sokeri, kuivattu valkosipuli, mausteet, kuten chilipippuri, natriumglutamaatti, paprika, sipulijauhe, kurkuma (v\u00e4riaine), sinapinsiemenet, sitruunahappo, maltodekstriini, sulatettu kananrasva, hydrolysoitu maissi-, soija- ja vehn\u00e4proteiini, luonnollinen hikkorinsavuaromi, selleriuutteet ja enint\u00e4\u00e4n 2 % trikalsiumfosfaattia, joka on lis\u00e4tty tarttumisen est\u00e4miseksi.<\/p>\n","protected":false},"featured_media":22472,"comment_status":"open","ping_status":"closed","template":"","meta":[],"product_brand":[],"product_cat":[802],"product_tag":[790],"class_list":{"0":"post-22471","1":"product","2":"type-product","3":"status-publish","4":"has-post-thumbnail","6":"product_cat-sekoitukset","7":"product_tag-kana","9":"first","10":"outofstock","11":"taxable","12":"shipping-taxable","13":"purchasable","14":"product-type-simple"},"yoast_head":"<!-- This site is optimized with the Yoast SEO plugin v27.4 - https:\/\/yoast.com\/product\/yoast-seo-wordpress\/ -->\n<title>Big Swede Badass Bird Boost -mausteseos - BBQ \u00c4ssad<\/title>\n<meta name=\"description\" content=\"Big Swede &quot;Badass Bird Boost&quot; -mausteseos siipikarjalle - ihanteellinen kanan, kalkkunan ja siipien maustamiseen grilliss\u00e4 tai savustimessa. Sopii kuivamarinadiin.\" \/>\n<meta name=\"robots\" content=\"index, follow, max-snippet:-1, max-image-preview:large, max-video-preview:-1\" \/>\n<link rel=\"canonical\" href=\"https:\/\/bbqassad.ee\/fi\/toode\/big-swede-badass-bird-boost-mausteseos\/\" \/>\n<meta property=\"og:locale\" content=\"fi_FI\" \/>\n<meta property=\"og:type\" content=\"article\" \/>\n<meta property=\"og:title\" content=\"Big Swede Badass Bird Boost mausteseos\" \/>\n<meta property=\"og:description\" content=\"Big Swede &quot;Badass Bird Boost&quot; -mausteseos siipikarjalle - ihanteellinen kanan, kalkkunan ja siipien maustamiseen grilliss\u00e4 tai savustimessa. Sopii my\u00f6s kuivamarinadiksi.\" \/>\n<meta property=\"og:url\" content=\"https:\/\/bbqassad.ee\/fi\/toode\/big-swede-badass-bird-boost-mausteseos\/\" \/>\n<meta property=\"og:site_name\" content=\"BBQ \u00c4ssad\" \/>\n<meta property=\"article:publisher\" content=\"https:\/\/www.facebook.com\/bbqassad\" \/>\n<meta property=\"article:modified_time\" content=\"2026-04-14T06:32:51+00:00\" \/>\n<meta property=\"og:image\" content=\"https:\/\/bbqassad.ee\/wp-content\/uploads\/2025\/10\/ywtYSTag-300x300.png\" \/>\n<meta name=\"twitter:card\" content=\"summary_large_image\" \/>\n<script type=\"application\/ld+json\" class=\"yoast-schema-graph\">{\"@context\":\"https:\\\/\\\/schema.org\",\"@graph\":[{\"@type\":\"WebPage\",\"@id\":\"https:\\\/\\\/bbqassad.ee\\\/fi\\\/toode\\\/big-swede-badass-bird-boost-mausteseos\\\/\",\"url\":\"https:\\\/\\\/bbqassad.ee\\\/fi\\\/toode\\\/big-swede-badass-bird-boost-mausteseos\\\/\",\"name\":\"Big Swede Badass Bird Boost -mausteseos - BBQ \u00c4ssad\",\"isPartOf\":{\"@id\":\"https:\\\/\\\/bbqassad.ee\\\/fi\\\/#website\"},\"primaryImageOfPage\":{\"@id\":\"https:\\\/\\\/bbqassad.ee\\\/fi\\\/toode\\\/big-swede-badass-bird-boost-mausteseos\\\/#primaryimage\"},\"image\":{\"@id\":\"https:\\\/\\\/bbqassad.ee\\\/fi\\\/toode\\\/big-swede-badass-bird-boost-mausteseos\\\/#primaryimage\"},\"thumbnailUrl\":\"https:\\\/\\\/bbqassad.ee\\\/wp-content\\\/uploads\\\/2025\\\/10\\\/ywtYSTag.png\",\"datePublished\":\"2025-10-01T13:59:15+00:00\",\"dateModified\":\"2026-04-14T06:32:51+00:00\",\"description\":\"Big Swede \\\"Badass Bird Boost\\\" -mausteseos siipikarjalle - ihanteellinen kanan, kalkkunan ja siipien maustamiseen grilliss\u00e4 tai savustimessa. Sopii kuivamarinadiin.\",\"breadcrumb\":{\"@id\":\"https:\\\/\\\/bbqassad.ee\\\/fi\\\/toode\\\/big-swede-badass-bird-boost-mausteseos\\\/#breadcrumb\"},\"inLanguage\":\"fi\",\"potentialAction\":[{\"@type\":\"ReadAction\",\"target\":[\"https:\\\/\\\/bbqassad.ee\\\/fi\\\/toode\\\/big-swede-badass-bird-boost-mausteseos\\\/\"]}]},{\"@type\":\"ImageObject\",\"inLanguage\":\"fi\",\"@id\":\"https:\\\/\\\/bbqassad.ee\\\/fi\\\/toode\\\/big-swede-badass-bird-boost-mausteseos\\\/#primaryimage\",\"url\":\"https:\\\/\\\/bbqassad.ee\\\/wp-content\\\/uploads\\\/2025\\\/10\\\/ywtYSTag.png\",\"contentUrl\":\"https:\\\/\\\/bbqassad.ee\\\/wp-content\\\/uploads\\\/2025\\\/10\\\/ywtYSTag.png\",\"width\":1024,\"height\":1024,\"caption\":\"Maitseainesegu Big Swede Badass Bird Boost\"},{\"@type\":\"BreadcrumbList\",\"@id\":\"https:\\\/\\\/bbqassad.ee\\\/fi\\\/toode\\\/big-swede-badass-bird-boost-mausteseos\\\/#breadcrumb\",\"itemListElement\":[{\"@type\":\"ListItem\",\"position\":1,\"name\":\"Home\",\"item\":\"https:\\\/\\\/bbqassad.ee\\\/fi\\\/bbq-assat\\\/\"},{\"@type\":\"ListItem\",\"position\":2,\"name\":\"Verkkokauppa\",\"item\":\"https:\\\/\\\/bbqassad.ee\\\/fi\\\/verkkokauppa\\\/\"},{\"@type\":\"ListItem\",\"position\":3,\"name\":\"Big Swede Badass Bird Boost -mausteseos\"}]},{\"@type\":\"WebSite\",\"@id\":\"https:\\\/\\\/bbqassad.ee\\\/fi\\\/#website\",\"url\":\"https:\\\/\\\/bbqassad.ee\\\/fi\\\/\",\"name\":\"BBQ \u00c4ssad\",\"description\":\"BBQ maitseained, kastmed, ahjud\",\"publisher\":{\"@id\":\"https:\\\/\\\/bbqassad.ee\\\/fi\\\/#organization\"},\"potentialAction\":[{\"@type\":\"SearchAction\",\"target\":{\"@type\":\"EntryPoint\",\"urlTemplate\":\"https:\\\/\\\/bbqassad.ee\\\/fi\\\/?s={search_term_string}\"},\"query-input\":{\"@type\":\"PropertyValueSpecification\",\"valueRequired\":true,\"valueName\":\"search_term_string\"}}],\"inLanguage\":\"fi\"},{\"@type\":\"Organization\",\"@id\":\"https:\\\/\\\/bbqassad.ee\\\/fi\\\/#organization\",\"name\":\"BBQ \u00c4ssad\",\"url\":\"https:\\\/\\\/bbqassad.ee\\\/fi\\\/\",\"logo\":{\"@type\":\"ImageObject\",\"inLanguage\":\"fi\",\"@id\":\"https:\\\/\\\/bbqassad.ee\\\/fi\\\/#\\\/schema\\\/logo\\\/image\\\/\",\"url\":\"https:\\\/\\\/bbqassad.ee\\\/wp-content\\\/uploads\\\/2022\\\/10\\\/BBQ-2ssadlogo.png\",\"contentUrl\":\"https:\\\/\\\/bbqassad.ee\\\/wp-content\\\/uploads\\\/2022\\\/10\\\/BBQ-2ssadlogo.png\",\"width\":1080,\"height\":1080,\"caption\":\"BBQ \u00c4ssad\"},\"image\":{\"@id\":\"https:\\\/\\\/bbqassad.ee\\\/fi\\\/#\\\/schema\\\/logo\\\/image\\\/\"},\"sameAs\":[\"https:\\\/\\\/www.facebook.com\\\/bbqassad\",\"https:\\\/\\\/www.youtube.com\\\/channel\\\/UCsoufn49J6TVi9Ah9meE93w\"]}]}<\/script>\n<!-- \/ Yoast SEO plugin. -->","yoast_head_json":{"title":"Big Swede Badass Bird Boost -mausteseos - BBQ \u00c4ssad","description":"Big Swede \"Badass Bird Boost\" -mausteseos siipikarjalle - ihanteellinen kanan, kalkkunan ja siipien maustamiseen grilliss\u00e4 tai savustimessa. Sopii kuivamarinadiin.","robots":{"index":"index","follow":"follow","max-snippet":"max-snippet:-1","max-image-preview":"max-image-preview:large","max-video-preview":"max-video-preview:-1"},"canonical":"https:\/\/bbqassad.ee\/fi\/toode\/big-swede-badass-bird-boost-mausteseos\/","og_locale":"fi_FI","og_type":"article","og_title":"Big Swede Badass Bird Boost mausteseos","og_description":"Big Swede \"Badass Bird Boost\" -mausteseos siipikarjalle - ihanteellinen kanan, kalkkunan ja siipien maustamiseen grilliss\u00e4 tai savustimessa. Sopii my\u00f6s kuivamarinadiksi.","og_url":"https:\/\/bbqassad.ee\/fi\/toode\/big-swede-badass-bird-boost-mausteseos\/","og_site_name":"BBQ \u00c4ssad","article_publisher":"https:\/\/www.facebook.com\/bbqassad","article_modified_time":"2026-04-14T06:32:51+00:00","og_image":[{"url":"https:\/\/bbqassad.ee\/wp-content\/uploads\/2025\/10\/ywtYSTag-300x300.png","type":"","width":"","height":""}],"twitter_card":"summary_large_image","schema":{"@context":"https:\/\/schema.org","@graph":[{"@type":"WebPage","@id":"https:\/\/bbqassad.ee\/fi\/toode\/big-swede-badass-bird-boost-mausteseos\/","url":"https:\/\/bbqassad.ee\/fi\/toode\/big-swede-badass-bird-boost-mausteseos\/","name":"Big Swede Badass Bird Boost -mausteseos - BBQ \u00c4ssad","isPartOf":{"@id":"https:\/\/bbqassad.ee\/fi\/#website"},"primaryImageOfPage":{"@id":"https:\/\/bbqassad.ee\/fi\/toode\/big-swede-badass-bird-boost-mausteseos\/#primaryimage"},"image":{"@id":"https:\/\/bbqassad.ee\/fi\/toode\/big-swede-badass-bird-boost-mausteseos\/#primaryimage"},"thumbnailUrl":"https:\/\/bbqassad.ee\/wp-content\/uploads\/2025\/10\/ywtYSTag.png","datePublished":"2025-10-01T13:59:15+00:00","dateModified":"2026-04-14T06:32:51+00:00","description":"Big Swede \"Badass Bird Boost\" -mausteseos siipikarjalle - ihanteellinen kanan, kalkkunan ja siipien maustamiseen grilliss\u00e4 tai savustimessa. Sopii kuivamarinadiin.","breadcrumb":{"@id":"https:\/\/bbqassad.ee\/fi\/toode\/big-swede-badass-bird-boost-mausteseos\/#breadcrumb"},"inLanguage":"fi","potentialAction":[{"@type":"ReadAction","target":["https:\/\/bbqassad.ee\/fi\/toode\/big-swede-badass-bird-boost-mausteseos\/"]}]},{"@type":"ImageObject","inLanguage":"fi","@id":"https:\/\/bbqassad.ee\/fi\/toode\/big-swede-badass-bird-boost-mausteseos\/#primaryimage","url":"https:\/\/bbqassad.ee\/wp-content\/uploads\/2025\/10\/ywtYSTag.png","contentUrl":"https:\/\/bbqassad.ee\/wp-content\/uploads\/2025\/10\/ywtYSTag.png","width":1024,"height":1024,"caption":"Maitseainesegu Big Swede Badass Bird Boost"},{"@type":"BreadcrumbList","@id":"https:\/\/bbqassad.ee\/fi\/toode\/big-swede-badass-bird-boost-mausteseos\/#breadcrumb","itemListElement":[{"@type":"ListItem","position":1,"name":"Home","item":"https:\/\/bbqassad.ee\/fi\/bbq-assat\/"},{"@type":"ListItem","position":2,"name":"Verkkokauppa","item":"https:\/\/bbqassad.ee\/fi\/verkkokauppa\/"},{"@type":"ListItem","position":3,"name":"Big Swede Badass Bird Boost -mausteseos"}]},{"@type":"WebSite","@id":"https:\/\/bbqassad.ee\/fi\/#website","url":"https:\/\/bbqassad.ee\/fi\/","name":"BBQ \u00c4ssad","description":"BBQ maitseained, kastmed, ahjud","publisher":{"@id":"https:\/\/bbqassad.ee\/fi\/#organization"},"potentialAction":[{"@type":"SearchAction","target":{"@type":"EntryPoint","urlTemplate":"https:\/\/bbqassad.ee\/fi\/?s={search_term_string}"},"query-input":{"@type":"PropertyValueSpecification","valueRequired":true,"valueName":"search_term_string"}}],"inLanguage":"fi"},{"@type":"Organization","@id":"https:\/\/bbqassad.ee\/fi\/#organization","name":"BBQ \u00c4ssad","url":"https:\/\/bbqassad.ee\/fi\/","logo":{"@type":"ImageObject","inLanguage":"fi","@id":"https:\/\/bbqassad.ee\/fi\/#\/schema\/logo\/image\/","url":"https:\/\/bbqassad.ee\/wp-content\/uploads\/2022\/10\/BBQ-2ssadlogo.png","contentUrl":"https:\/\/bbqassad.ee\/wp-content\/uploads\/2022\/10\/BBQ-2ssadlogo.png","width":1080,"height":1080,"caption":"BBQ \u00c4ssad"},"image":{"@id":"https:\/\/bbqassad.ee\/fi\/#\/schema\/logo\/image\/"},"sameAs":["https:\/\/www.facebook.com\/bbqassad","https:\/\/www.youtube.com\/channel\/UCsoufn49J6TVi9Ah9meE93w"]}]}},"_links":{"self":[{"href":"https:\/\/bbqassad.ee\/fi\/wp-json\/wp\/v2\/product\/22471","targetHints":{"allow":["GET"]}}],"collection":[{"href":"https:\/\/bbqassad.ee\/fi\/wp-json\/wp\/v2\/product"}],"about":[{"href":"https:\/\/bbqassad.ee\/fi\/wp-json\/wp\/v2\/types\/product"}],"replies":[{"embeddable":true,"href":"https:\/\/bbqassad.ee\/fi\/wp-json\/wp\/v2\/comments?post=22471"}],"wp:featuredmedia":[{"embeddable":true,"href":"https:\/\/bbqassad.ee\/fi\/wp-json\/wp\/v2\/media\/22472"}],"wp:attachment":[{"href":"https:\/\/bbqassad.ee\/fi\/wp-json\/wp\/v2\/media?parent=22471"}],"wp:term":[{"taxonomy":"product_brand","embeddable":true,"href":"https:\/\/bbqassad.ee\/fi\/wp-json\/wp\/v2\/product_brand?post=22471"},{"taxonomy":"product_cat","embeddable":true,"href":"https:\/\/bbqassad.ee\/fi\/wp-json\/wp\/v2\/product_cat?post=22471"},{"taxonomy":"product_tag","embeddable":true,"href":"https:\/\/bbqassad.ee\/fi\/wp-json\/wp\/v2\/product_tag?post=22471"}],"curies":[{"name":"wp","href":"https:\/\/api.w.org\/{rel}","templated":true}]}}