{"id":22469,"date":"2025-10-03T06:03:20","date_gmt":"2025-10-03T06:03:20","guid":{"rendered":"https:\/\/bbqassad.ee\/toode\/kanan-kalkkunan-marinadi-malcolms-bird-brine-suolavedessa\/"},"modified":"2026-04-14T06:32:51","modified_gmt":"2026-04-14T06:32:51","slug":"kanan-kalkkunan-marinadi-malcolms-bird-brine-suolavedessa","status":"publish","type":"product","link":"https:\/\/bbqassad.ee\/fi\/toode\/kanan-kalkkunan-marinadi-malcolms-bird-brine-suolavedessa\/","title":{"rendered":"Malcolm&#8217;s Bird Brine -suolavesi kana\/kalkkuna marinadi"},"content":{"rendered":"<h2>Kanan ja kalkkunan marinadi Malcolm&#8217;s Bird Brine &#8211; suolaliuos<\/h2>\n<p>\u00c4l\u00e4 en\u00e4\u00e4 koskaan tarjoile kuivaa ja mautonta siipikarjaa. Yli 5,5 kg painavat linnut tarvitsevat 24 tunnin marinadin. Alle 5,5 kg:n painoisia lintuja marinoidaan 6-12 tuntia, jotta ne saavat parhaan mahdollisen maun. Pienemmille paloille riitt\u00e4\u00e4 pari tuntia.   <\/p>\n<p>Vuodesta 2001 l\u00e4htien veljekset Malcolm ja Waylon Reed ovat kilpailleet l\u00e4hes kaikissa grillikilpailuissa. Joka vuosi he ottavat vastaan uusia haasteita, kilpailevat yh\u00e4 ammattimaisempia kilpailevia grilliryhmi\u00e4 vastaan ja hiovat taitojaan. Killer Hogsista on kuitenkin kasvanut paljon muutakin kuin vain kilpaileva grillijoukkue. Killer Hogs on grilliyritys, jolla on valtava tuotevalikoima!    <\/p>\n<p><strong>Ohjeet:<\/strong> Sekoita 1 kuppi (noin 230 grammaa) liuosta 1 gallonaan (noin 4,5 litraan) vett\u00e4. (Suuremmille linnuille kaksinkertaista resepti.) Aseta lintu (kalkkuna, kana, hanhi, ankka jne.) haluamaasi astiaan ja kaada p\u00e4\u00e4lle Malcolm&#8217;s Bird Brine -lintusuolaliuoksella tehty neste. Varmista, ett\u00e4 liha on t\u00e4ysin nesteen alla. Pid\u00e4 liha j\u00e4\u00e4kaapissa tai viile\u00e4ss\u00e4 paikassa koko marinoinnin ajan, tarvittaessa nesteeseen voi lis\u00e4t\u00e4 j\u00e4\u00e4t\u00e4.    <\/p>\n<p>&nbsp;<\/p>\n","protected":false},"excerpt":{"rendered":"<p>Tuotteen paino: 439g<\/p>\n<p>Ainesosat: suola, sokeri, kokonaiset pippurikynnet, valkosipuli, sipuli, rosmariini, laakerinlehdet, salvia, timjami, sitruunankuori.<\/p>\n","protected":false},"featured_media":22470,"comment_status":"open","ping_status":"closed","template":"","meta":[],"product_brand":[],"product_cat":[812],"product_tag":[790],"class_list":{"0":"post-22469","1":"product","2":"type-product","3":"status-publish","4":"has-post-thumbnail","6":"product_cat-marinadit","7":"product_tag-kana","9":"first","10":"instock","11":"taxable","12":"shipping-taxable","13":"purchasable","14":"product-type-simple"},"yoast_head":"<!-- This site is optimized with the Yoast SEO plugin v27.4 - https:\/\/yoast.com\/product\/yoast-seo-wordpress\/ -->\n<title>Malcolm&#039;s Bird Brine -suolavesi kana\/kalkkuna marinadi - BBQ \u00c4ssad<\/title>\n<meta name=\"description\" content=\"Malcolm&#039;s Bird Brine on suola- ja maustesekoitus siipikarjan marinointiin: kana, kalkkuna, ankka, hanhi. Kiehauta, kana, kanapaisti, paistettu kana, paistettu ankka, kana, paistettu ankka, kana, paistettu hanhi, kana, paistettu hanhi.\" \/>\n<meta name=\"robots\" content=\"index, follow, max-snippet:-1, max-image-preview:large, max-video-preview:-1\" \/>\n<link rel=\"canonical\" href=\"https:\/\/bbqassad.ee\/fi\/toode\/kanan-kalkkunan-marinadi-malcolms-bird-brine-suolavedessa\/\" \/>\n<meta property=\"og:locale\" content=\"fi_FI\" \/>\n<meta property=\"og:type\" content=\"article\" \/>\n<meta property=\"og:title\" content=\"Kanan ja kalkkunan marinadi Malcolm&#039;s Bird Brine - suolaliuos\" \/>\n<meta property=\"og:description\" content=\"Malcolm&#039;s Bird Brine on suola- ja maustesekoitus siipikarjan marinointiin: kana, kalkkuna, ankka, hanhi. Kiehauta, kana, kanapaisti, paistettu kana, paistettu ankka, kana, paistettu ankka, kana, paistettu hanhi, kana, paistettu hanhi.\" \/>\n<meta property=\"og:url\" content=\"https:\/\/bbqassad.ee\/fi\/toode\/kanan-kalkkunan-marinadi-malcolms-bird-brine-suolavedessa\/\" \/>\n<meta property=\"og:site_name\" content=\"BBQ \u00c4ssad\" \/>\n<meta property=\"article:publisher\" content=\"https:\/\/www.facebook.com\/bbqassad\" \/>\n<meta property=\"article:modified_time\" content=\"2026-04-14T06:32:51+00:00\" \/>\n<meta property=\"og:image\" content=\"https:\/\/bbqassad.ee\/wp-content\/uploads\/2025\/10\/BIRDBRINEFRONT-228x300.webp\" \/>\n<meta name=\"twitter:card\" content=\"summary_large_image\" \/>\n<meta name=\"twitter:label1\" content=\"Arvioitu lukuaika\" \/>\n\t<meta name=\"twitter:data1\" content=\"2 minuuttia\" \/>\n<script type=\"application\/ld+json\" class=\"yoast-schema-graph\">{\"@context\":\"https:\\\/\\\/schema.org\",\"@graph\":[{\"@type\":\"WebPage\",\"@id\":\"https:\\\/\\\/bbqassad.ee\\\/fi\\\/toode\\\/kanan-kalkkunan-marinadi-malcolms-bird-brine-suolavedessa\\\/\",\"url\":\"https:\\\/\\\/bbqassad.ee\\\/fi\\\/toode\\\/kanan-kalkkunan-marinadi-malcolms-bird-brine-suolavedessa\\\/\",\"name\":\"Malcolm's Bird Brine -suolavesi kana\\\/kalkkuna marinadi - BBQ \u00c4ssad\",\"isPartOf\":{\"@id\":\"https:\\\/\\\/bbqassad.ee\\\/fi\\\/#website\"},\"primaryImageOfPage\":{\"@id\":\"https:\\\/\\\/bbqassad.ee\\\/fi\\\/toode\\\/kanan-kalkkunan-marinadi-malcolms-bird-brine-suolavedessa\\\/#primaryimage\"},\"image\":{\"@id\":\"https:\\\/\\\/bbqassad.ee\\\/fi\\\/toode\\\/kanan-kalkkunan-marinadi-malcolms-bird-brine-suolavedessa\\\/#primaryimage\"},\"thumbnailUrl\":\"https:\\\/\\\/bbqassad.ee\\\/wp-content\\\/uploads\\\/2025\\\/10\\\/BIRDBRINEFRONT.webp\",\"datePublished\":\"2025-10-03T06:03:20+00:00\",\"dateModified\":\"2026-04-14T06:32:51+00:00\",\"description\":\"Malcolm's Bird Brine on suola- ja maustesekoitus siipikarjan marinointiin: kana, kalkkuna, ankka, hanhi. Kiehauta, kana, kanapaisti, paistettu kana, paistettu ankka, kana, paistettu ankka, kana, paistettu hanhi, kana, paistettu hanhi.\",\"breadcrumb\":{\"@id\":\"https:\\\/\\\/bbqassad.ee\\\/fi\\\/toode\\\/kanan-kalkkunan-marinadi-malcolms-bird-brine-suolavedessa\\\/#breadcrumb\"},\"inLanguage\":\"fi\",\"potentialAction\":[{\"@type\":\"ReadAction\",\"target\":[\"https:\\\/\\\/bbqassad.ee\\\/fi\\\/toode\\\/kanan-kalkkunan-marinadi-malcolms-bird-brine-suolavedessa\\\/\"]}]},{\"@type\":\"ImageObject\",\"inLanguage\":\"fi\",\"@id\":\"https:\\\/\\\/bbqassad.ee\\\/fi\\\/toode\\\/kanan-kalkkunan-marinadi-malcolms-bird-brine-suolavedessa\\\/#primaryimage\",\"url\":\"https:\\\/\\\/bbqassad.ee\\\/wp-content\\\/uploads\\\/2025\\\/10\\\/BIRDBRINEFRONT.webp\",\"contentUrl\":\"https:\\\/\\\/bbqassad.ee\\\/wp-content\\\/uploads\\\/2025\\\/10\\\/BIRDBRINEFRONT.webp\",\"width\":819,\"height\":1080,\"caption\":\"Kana-kalkuni marinaad Malcolm's Bird Brine\"},{\"@type\":\"BreadcrumbList\",\"@id\":\"https:\\\/\\\/bbqassad.ee\\\/fi\\\/toode\\\/kanan-kalkkunan-marinadi-malcolms-bird-brine-suolavedessa\\\/#breadcrumb\",\"itemListElement\":[{\"@type\":\"ListItem\",\"position\":1,\"name\":\"Home\",\"item\":\"https:\\\/\\\/bbqassad.ee\\\/fi\\\/bbq-assat\\\/\"},{\"@type\":\"ListItem\",\"position\":2,\"name\":\"Verkkokauppa\",\"item\":\"https:\\\/\\\/bbqassad.ee\\\/fi\\\/verkkokauppa\\\/\"},{\"@type\":\"ListItem\",\"position\":3,\"name\":\"Malcolm&#8217;s Bird Brine -suolavesi kana\\\/kalkkuna marinadi\"}]},{\"@type\":\"WebSite\",\"@id\":\"https:\\\/\\\/bbqassad.ee\\\/fi\\\/#website\",\"url\":\"https:\\\/\\\/bbqassad.ee\\\/fi\\\/\",\"name\":\"BBQ \u00c4ssad\",\"description\":\"BBQ maitseained, kastmed, ahjud\",\"publisher\":{\"@id\":\"https:\\\/\\\/bbqassad.ee\\\/fi\\\/#organization\"},\"potentialAction\":[{\"@type\":\"SearchAction\",\"target\":{\"@type\":\"EntryPoint\",\"urlTemplate\":\"https:\\\/\\\/bbqassad.ee\\\/fi\\\/?s={search_term_string}\"},\"query-input\":{\"@type\":\"PropertyValueSpecification\",\"valueRequired\":true,\"valueName\":\"search_term_string\"}}],\"inLanguage\":\"fi\"},{\"@type\":\"Organization\",\"@id\":\"https:\\\/\\\/bbqassad.ee\\\/fi\\\/#organization\",\"name\":\"BBQ \u00c4ssad\",\"url\":\"https:\\\/\\\/bbqassad.ee\\\/fi\\\/\",\"logo\":{\"@type\":\"ImageObject\",\"inLanguage\":\"fi\",\"@id\":\"https:\\\/\\\/bbqassad.ee\\\/fi\\\/#\\\/schema\\\/logo\\\/image\\\/\",\"url\":\"https:\\\/\\\/bbqassad.ee\\\/wp-content\\\/uploads\\\/2022\\\/10\\\/BBQ-2ssadlogo.png\",\"contentUrl\":\"https:\\\/\\\/bbqassad.ee\\\/wp-content\\\/uploads\\\/2022\\\/10\\\/BBQ-2ssadlogo.png\",\"width\":1080,\"height\":1080,\"caption\":\"BBQ \u00c4ssad\"},\"image\":{\"@id\":\"https:\\\/\\\/bbqassad.ee\\\/fi\\\/#\\\/schema\\\/logo\\\/image\\\/\"},\"sameAs\":[\"https:\\\/\\\/www.facebook.com\\\/bbqassad\",\"https:\\\/\\\/www.youtube.com\\\/channel\\\/UCsoufn49J6TVi9Ah9meE93w\"]}]}<\/script>\n<!-- \/ Yoast SEO plugin. -->","yoast_head_json":{"title":"Malcolm's Bird Brine -suolavesi kana\/kalkkuna marinadi - BBQ \u00c4ssad","description":"Malcolm's Bird Brine on suola- ja maustesekoitus siipikarjan marinointiin: kana, kalkkuna, ankka, hanhi. Kiehauta, kana, kanapaisti, paistettu kana, paistettu ankka, kana, paistettu ankka, kana, paistettu hanhi, kana, paistettu hanhi.","robots":{"index":"index","follow":"follow","max-snippet":"max-snippet:-1","max-image-preview":"max-image-preview:large","max-video-preview":"max-video-preview:-1"},"canonical":"https:\/\/bbqassad.ee\/fi\/toode\/kanan-kalkkunan-marinadi-malcolms-bird-brine-suolavedessa\/","og_locale":"fi_FI","og_type":"article","og_title":"Kanan ja kalkkunan marinadi Malcolm's Bird Brine - suolaliuos","og_description":"Malcolm's Bird Brine on suola- ja maustesekoitus siipikarjan marinointiin: kana, kalkkuna, ankka, hanhi. Kiehauta, kana, kanapaisti, paistettu kana, paistettu ankka, kana, paistettu ankka, kana, paistettu hanhi, kana, paistettu hanhi.","og_url":"https:\/\/bbqassad.ee\/fi\/toode\/kanan-kalkkunan-marinadi-malcolms-bird-brine-suolavedessa\/","og_site_name":"BBQ \u00c4ssad","article_publisher":"https:\/\/www.facebook.com\/bbqassad","article_modified_time":"2026-04-14T06:32:51+00:00","og_image":[{"url":"https:\/\/bbqassad.ee\/wp-content\/uploads\/2025\/10\/BIRDBRINEFRONT-228x300.webp","type":"","width":"","height":""}],"twitter_card":"summary_large_image","twitter_misc":{"Arvioitu lukuaika":"2 minuuttia"},"schema":{"@context":"https:\/\/schema.org","@graph":[{"@type":"WebPage","@id":"https:\/\/bbqassad.ee\/fi\/toode\/kanan-kalkkunan-marinadi-malcolms-bird-brine-suolavedessa\/","url":"https:\/\/bbqassad.ee\/fi\/toode\/kanan-kalkkunan-marinadi-malcolms-bird-brine-suolavedessa\/","name":"Malcolm's Bird Brine -suolavesi kana\/kalkkuna marinadi - BBQ \u00c4ssad","isPartOf":{"@id":"https:\/\/bbqassad.ee\/fi\/#website"},"primaryImageOfPage":{"@id":"https:\/\/bbqassad.ee\/fi\/toode\/kanan-kalkkunan-marinadi-malcolms-bird-brine-suolavedessa\/#primaryimage"},"image":{"@id":"https:\/\/bbqassad.ee\/fi\/toode\/kanan-kalkkunan-marinadi-malcolms-bird-brine-suolavedessa\/#primaryimage"},"thumbnailUrl":"https:\/\/bbqassad.ee\/wp-content\/uploads\/2025\/10\/BIRDBRINEFRONT.webp","datePublished":"2025-10-03T06:03:20+00:00","dateModified":"2026-04-14T06:32:51+00:00","description":"Malcolm's Bird Brine on suola- ja maustesekoitus siipikarjan marinointiin: kana, kalkkuna, ankka, hanhi. Kiehauta, kana, kanapaisti, paistettu kana, paistettu ankka, kana, paistettu ankka, kana, paistettu hanhi, kana, paistettu hanhi.","breadcrumb":{"@id":"https:\/\/bbqassad.ee\/fi\/toode\/kanan-kalkkunan-marinadi-malcolms-bird-brine-suolavedessa\/#breadcrumb"},"inLanguage":"fi","potentialAction":[{"@type":"ReadAction","target":["https:\/\/bbqassad.ee\/fi\/toode\/kanan-kalkkunan-marinadi-malcolms-bird-brine-suolavedessa\/"]}]},{"@type":"ImageObject","inLanguage":"fi","@id":"https:\/\/bbqassad.ee\/fi\/toode\/kanan-kalkkunan-marinadi-malcolms-bird-brine-suolavedessa\/#primaryimage","url":"https:\/\/bbqassad.ee\/wp-content\/uploads\/2025\/10\/BIRDBRINEFRONT.webp","contentUrl":"https:\/\/bbqassad.ee\/wp-content\/uploads\/2025\/10\/BIRDBRINEFRONT.webp","width":819,"height":1080,"caption":"Kana-kalkuni marinaad Malcolm's Bird Brine"},{"@type":"BreadcrumbList","@id":"https:\/\/bbqassad.ee\/fi\/toode\/kanan-kalkkunan-marinadi-malcolms-bird-brine-suolavedessa\/#breadcrumb","itemListElement":[{"@type":"ListItem","position":1,"name":"Home","item":"https:\/\/bbqassad.ee\/fi\/bbq-assat\/"},{"@type":"ListItem","position":2,"name":"Verkkokauppa","item":"https:\/\/bbqassad.ee\/fi\/verkkokauppa\/"},{"@type":"ListItem","position":3,"name":"Malcolm&#8217;s Bird Brine -suolavesi kana\/kalkkuna marinadi"}]},{"@type":"WebSite","@id":"https:\/\/bbqassad.ee\/fi\/#website","url":"https:\/\/bbqassad.ee\/fi\/","name":"BBQ \u00c4ssad","description":"BBQ maitseained, kastmed, ahjud","publisher":{"@id":"https:\/\/bbqassad.ee\/fi\/#organization"},"potentialAction":[{"@type":"SearchAction","target":{"@type":"EntryPoint","urlTemplate":"https:\/\/bbqassad.ee\/fi\/?s={search_term_string}"},"query-input":{"@type":"PropertyValueSpecification","valueRequired":true,"valueName":"search_term_string"}}],"inLanguage":"fi"},{"@type":"Organization","@id":"https:\/\/bbqassad.ee\/fi\/#organization","name":"BBQ \u00c4ssad","url":"https:\/\/bbqassad.ee\/fi\/","logo":{"@type":"ImageObject","inLanguage":"fi","@id":"https:\/\/bbqassad.ee\/fi\/#\/schema\/logo\/image\/","url":"https:\/\/bbqassad.ee\/wp-content\/uploads\/2022\/10\/BBQ-2ssadlogo.png","contentUrl":"https:\/\/bbqassad.ee\/wp-content\/uploads\/2022\/10\/BBQ-2ssadlogo.png","width":1080,"height":1080,"caption":"BBQ \u00c4ssad"},"image":{"@id":"https:\/\/bbqassad.ee\/fi\/#\/schema\/logo\/image\/"},"sameAs":["https:\/\/www.facebook.com\/bbqassad","https:\/\/www.youtube.com\/channel\/UCsoufn49J6TVi9Ah9meE93w"]}]}},"_links":{"self":[{"href":"https:\/\/bbqassad.ee\/fi\/wp-json\/wp\/v2\/product\/22469","targetHints":{"allow":["GET"]}}],"collection":[{"href":"https:\/\/bbqassad.ee\/fi\/wp-json\/wp\/v2\/product"}],"about":[{"href":"https:\/\/bbqassad.ee\/fi\/wp-json\/wp\/v2\/types\/product"}],"replies":[{"embeddable":true,"href":"https:\/\/bbqassad.ee\/fi\/wp-json\/wp\/v2\/comments?post=22469"}],"wp:featuredmedia":[{"embeddable":true,"href":"https:\/\/bbqassad.ee\/fi\/wp-json\/wp\/v2\/media\/22470"}],"wp:attachment":[{"href":"https:\/\/bbqassad.ee\/fi\/wp-json\/wp\/v2\/media?parent=22469"}],"wp:term":[{"taxonomy":"product_brand","embeddable":true,"href":"https:\/\/bbqassad.ee\/fi\/wp-json\/wp\/v2\/product_brand?post=22469"},{"taxonomy":"product_cat","embeddable":true,"href":"https:\/\/bbqassad.ee\/fi\/wp-json\/wp\/v2\/product_cat?post=22469"},{"taxonomy":"product_tag","embeddable":true,"href":"https:\/\/bbqassad.ee\/fi\/wp-json\/wp\/v2\/product_tag?post=22469"}],"curies":[{"name":"wp","href":"https:\/\/api.w.org\/{rel}","templated":true}]}}