{"id":22463,"date":"2025-10-31T13:07:23","date_gmt":"2025-10-31T13:07:23","guid":{"rendered":"https:\/\/bbqassad.ee\/toode\/bbq-kastike-barbecoa-perfect-blend\/"},"modified":"2026-04-14T06:32:50","modified_gmt":"2026-04-14T06:32:50","slug":"bbq-kastike-barbecoa-perfect-blend","status":"publish","type":"product","link":"https:\/\/bbqassad.ee\/fi\/toode\/bbq-kastike-barbecoa-perfect-blend\/","title":{"rendered":"Barbecoa Perfect Blend BBQ -kastike"},"content":{"rendered":"<h2>BBQ-kastike Barbecoa Perfect Blend<\/h2>\n<p>Barbecoa on eritt\u00e4in tunnettu belgialainen grilliryhm\u00e4, joka on maansa moninkertainen mestari. Joukkue kilpailee aina Euroopan parhaan BBQ-joukkueen tittelist\u00e4. Johtaja Tom Bertels valmistaa my\u00f6s kastikkeita ja mausteita. Heid\u00e4n kastikkeensa nimi, perfect blend, on oikea nimi, koska siihen ei tarvitse lis\u00e4t\u00e4 mit\u00e4\u00e4n muuta, vaan se on eritt\u00e4in hyv\u00e4 BBQ-kastike sellaisenaan. Kuinka hyv\u00e4 on TODELLA hyv\u00e4? Niin hyv\u00e4, ett\u00e4 se voitti maailman parhaan BBQ-kastikkeen palkinnon Amerikassa vuoden 2025 lopussa!     <\/p>\n<p><strong>BBQ Aces kommentti:<\/strong> Olemme hyvin yll\u00e4ttyneit\u00e4 t\u00e4m\u00e4n kastikkeen mausta. Olemme hyvin yll\u00e4ttyneit\u00e4 t\u00e4m\u00e4n kastikkeen mausta. Olemme hyvin yll\u00e4ttyneit\u00e4 t\u00e4m\u00e4n kastikkeen mausta. Olemme hyvin yll\u00e4ttyneit\u00e4 t\u00e4m\u00e4n kastikkeen mausta. Olemme hyvin yll\u00e4ttyneit\u00e4 t\u00e4m\u00e4n kastikkeen mausta. <\/p>\n<p><strong>Pro-vinkki:<\/strong> Ei ole mit\u00e4\u00e4n sanottavaa, laita se sinne minne haluat, se tekee kaikesta silti paremman.<\/p>\n","protected":false},"excerpt":{"rendered":"<p>Alkuper\u00e4maa: Belgia<\/p>\n<p>Koko: 500ml<\/p>\n<p>Ainesosat: Ainesosat: Ainesosat: Ainesosat: Vesi, sokeri, kuivattu glukoosisiirappi, muunnettu maissit\u00e4rkkelys, etikka, tomaatti, suola, sokerisiirappi, <strong>SOURET, VEHN\u00c4 (GLUTEENI)<\/strong>, ananas, omena, <strong>SINEP,<\/strong> sipuli, valkosipuli, savupaprika, mausteet, luontaiset aromit, sipulimehutiiviste, happo (sitruunahappo), v\u00e4ri (paprikauute), s\u00e4il\u00f6nt\u00e4aineet (kaliumsorbaatti, natriumbentsoaatti).<\/p>\n","protected":false},"featured_media":22468,"comment_status":"open","ping_status":"closed","template":"","meta":[],"product_brand":[],"product_cat":[788],"product_tag":[791,790,803,789],"class_list":{"0":"post-22463","1":"product","2":"type-product","3":"status-publish","4":"has-post-thumbnail","6":"product_cat-kastit","7":"product_tag-kala","8":"product_tag-kana","9":"product_tag-karja","10":"product_tag-sika","12":"first","13":"instock","14":"taxable","15":"shipping-taxable","16":"purchasable","17":"product-type-simple"},"yoast_head":"<!-- This site is optimized with the Yoast SEO plugin v27.4 - https:\/\/yoast.com\/product\/yoast-seo-wordpress\/ -->\n<title>Barbecoa Perfect Blend BBQ -kastike - BBQ \u00c4ssad<\/title>\n<meta name=\"description\" content=\"Barbecoa Perfect Blend BBQ-kastike on palkittu &quot;t\u00e4ydellinen sekoitus&quot; Belgiasta, jossa on klassinen ja t\u00e4ydellisen tasapainoinen maku.\" \/>\n<meta name=\"robots\" content=\"index, follow, max-snippet:-1, max-image-preview:large, max-video-preview:-1\" \/>\n<link rel=\"canonical\" href=\"https:\/\/bbqassad.ee\/fi\/toode\/bbq-kastike-barbecoa-perfect-blend\/\" \/>\n<meta property=\"og:locale\" content=\"fi_FI\" \/>\n<meta property=\"og:type\" content=\"article\" \/>\n<meta property=\"og:title\" content=\"BBQ-kastike Barbecoa Perfect Blend\" \/>\n<meta property=\"og:description\" content=\"Barbecoa Perfect Blend BBQ Sauce (500 ml) - Palkittu &quot;perfect blend&quot; Belgiasta, klassinen ja t\u00e4ydellisen tasapainoinen maku. Sopii lihalle, kanalle ja ribseille - kohottaa jokaisen suupalan.\" \/>\n<meta property=\"og:url\" content=\"https:\/\/bbqassad.ee\/fi\/toode\/bbq-kastike-barbecoa-perfect-blend\/\" \/>\n<meta property=\"og:site_name\" content=\"BBQ \u00c4ssad\" \/>\n<meta property=\"article:publisher\" content=\"https:\/\/www.facebook.com\/bbqassad\" \/>\n<meta property=\"article:modified_time\" content=\"2026-04-14T06:32:50+00:00\" \/>\n<meta property=\"og:image\" content=\"https:\/\/bbqassad.ee\/wp-content\/uploads\/2025\/10\/Scherm_afbeelding2025-09-10om21.44.03.png.webp\" \/>\n<meta name=\"twitter:card\" content=\"summary_large_image\" \/>\n<meta name=\"twitter:label1\" content=\"Arvioitu lukuaika\" \/>\n\t<meta name=\"twitter:data1\" content=\"1 minuutti\" \/>\n<script type=\"application\/ld+json\" class=\"yoast-schema-graph\">{\"@context\":\"https:\\\/\\\/schema.org\",\"@graph\":[{\"@type\":\"WebPage\",\"@id\":\"https:\\\/\\\/bbqassad.ee\\\/fi\\\/toode\\\/bbq-kastike-barbecoa-perfect-blend\\\/\",\"url\":\"https:\\\/\\\/bbqassad.ee\\\/fi\\\/toode\\\/bbq-kastike-barbecoa-perfect-blend\\\/\",\"name\":\"Barbecoa Perfect Blend BBQ -kastike - BBQ \u00c4ssad\",\"isPartOf\":{\"@id\":\"https:\\\/\\\/bbqassad.ee\\\/fi\\\/#website\"},\"primaryImageOfPage\":{\"@id\":\"https:\\\/\\\/bbqassad.ee\\\/fi\\\/toode\\\/bbq-kastike-barbecoa-perfect-blend\\\/#primaryimage\"},\"image\":{\"@id\":\"https:\\\/\\\/bbqassad.ee\\\/fi\\\/toode\\\/bbq-kastike-barbecoa-perfect-blend\\\/#primaryimage\"},\"thumbnailUrl\":\"https:\\\/\\\/bbqassad.ee\\\/wp-content\\\/uploads\\\/2025\\\/10\\\/Scherm_afbeelding2025-09-10om21.44.03.png.webp\",\"datePublished\":\"2025-10-31T13:07:23+00:00\",\"dateModified\":\"2026-04-14T06:32:50+00:00\",\"description\":\"Barbecoa Perfect Blend BBQ-kastike on palkittu \\\"t\u00e4ydellinen sekoitus\\\" Belgiasta, jossa on klassinen ja t\u00e4ydellisen tasapainoinen maku.\",\"breadcrumb\":{\"@id\":\"https:\\\/\\\/bbqassad.ee\\\/fi\\\/toode\\\/bbq-kastike-barbecoa-perfect-blend\\\/#breadcrumb\"},\"inLanguage\":\"fi\",\"potentialAction\":[{\"@type\":\"ReadAction\",\"target\":[\"https:\\\/\\\/bbqassad.ee\\\/fi\\\/toode\\\/bbq-kastike-barbecoa-perfect-blend\\\/\"]}]},{\"@type\":\"ImageObject\",\"inLanguage\":\"fi\",\"@id\":\"https:\\\/\\\/bbqassad.ee\\\/fi\\\/toode\\\/bbq-kastike-barbecoa-perfect-blend\\\/#primaryimage\",\"url\":\"https:\\\/\\\/bbqassad.ee\\\/wp-content\\\/uploads\\\/2025\\\/10\\\/Scherm_afbeelding2025-09-10om21.44.03.png.webp\",\"contentUrl\":\"https:\\\/\\\/bbqassad.ee\\\/wp-content\\\/uploads\\\/2025\\\/10\\\/Scherm_afbeelding2025-09-10om21.44.03.png.webp\",\"width\":700,\"height\":688,\"caption\":\"BBQ Kaste Barbecoa Perfect Blend\"},{\"@type\":\"BreadcrumbList\",\"@id\":\"https:\\\/\\\/bbqassad.ee\\\/fi\\\/toode\\\/bbq-kastike-barbecoa-perfect-blend\\\/#breadcrumb\",\"itemListElement\":[{\"@type\":\"ListItem\",\"position\":1,\"name\":\"Home\",\"item\":\"https:\\\/\\\/bbqassad.ee\\\/fi\\\/bbq-assat\\\/\"},{\"@type\":\"ListItem\",\"position\":2,\"name\":\"Verkkokauppa\",\"item\":\"https:\\\/\\\/bbqassad.ee\\\/fi\\\/verkkokauppa\\\/\"},{\"@type\":\"ListItem\",\"position\":3,\"name\":\"Barbecoa Perfect Blend BBQ -kastike\"}]},{\"@type\":\"WebSite\",\"@id\":\"https:\\\/\\\/bbqassad.ee\\\/fi\\\/#website\",\"url\":\"https:\\\/\\\/bbqassad.ee\\\/fi\\\/\",\"name\":\"BBQ \u00c4ssad\",\"description\":\"BBQ maitseained, kastmed, ahjud\",\"publisher\":{\"@id\":\"https:\\\/\\\/bbqassad.ee\\\/fi\\\/#organization\"},\"potentialAction\":[{\"@type\":\"SearchAction\",\"target\":{\"@type\":\"EntryPoint\",\"urlTemplate\":\"https:\\\/\\\/bbqassad.ee\\\/fi\\\/?s={search_term_string}\"},\"query-input\":{\"@type\":\"PropertyValueSpecification\",\"valueRequired\":true,\"valueName\":\"search_term_string\"}}],\"inLanguage\":\"fi\"},{\"@type\":\"Organization\",\"@id\":\"https:\\\/\\\/bbqassad.ee\\\/fi\\\/#organization\",\"name\":\"BBQ \u00c4ssad\",\"url\":\"https:\\\/\\\/bbqassad.ee\\\/fi\\\/\",\"logo\":{\"@type\":\"ImageObject\",\"inLanguage\":\"fi\",\"@id\":\"https:\\\/\\\/bbqassad.ee\\\/fi\\\/#\\\/schema\\\/logo\\\/image\\\/\",\"url\":\"https:\\\/\\\/bbqassad.ee\\\/wp-content\\\/uploads\\\/2022\\\/10\\\/BBQ-2ssadlogo.png\",\"contentUrl\":\"https:\\\/\\\/bbqassad.ee\\\/wp-content\\\/uploads\\\/2022\\\/10\\\/BBQ-2ssadlogo.png\",\"width\":1080,\"height\":1080,\"caption\":\"BBQ \u00c4ssad\"},\"image\":{\"@id\":\"https:\\\/\\\/bbqassad.ee\\\/fi\\\/#\\\/schema\\\/logo\\\/image\\\/\"},\"sameAs\":[\"https:\\\/\\\/www.facebook.com\\\/bbqassad\",\"https:\\\/\\\/www.youtube.com\\\/channel\\\/UCsoufn49J6TVi9Ah9meE93w\"]}]}<\/script>\n<!-- \/ Yoast SEO plugin. -->","yoast_head_json":{"title":"Barbecoa Perfect Blend BBQ -kastike - BBQ \u00c4ssad","description":"Barbecoa Perfect Blend BBQ-kastike on palkittu \"t\u00e4ydellinen sekoitus\" Belgiasta, jossa on klassinen ja t\u00e4ydellisen tasapainoinen maku.","robots":{"index":"index","follow":"follow","max-snippet":"max-snippet:-1","max-image-preview":"max-image-preview:large","max-video-preview":"max-video-preview:-1"},"canonical":"https:\/\/bbqassad.ee\/fi\/toode\/bbq-kastike-barbecoa-perfect-blend\/","og_locale":"fi_FI","og_type":"article","og_title":"BBQ-kastike Barbecoa Perfect Blend","og_description":"Barbecoa Perfect Blend BBQ Sauce (500 ml) - Palkittu \"perfect blend\" Belgiasta, klassinen ja t\u00e4ydellisen tasapainoinen maku. Sopii lihalle, kanalle ja ribseille - kohottaa jokaisen suupalan.","og_url":"https:\/\/bbqassad.ee\/fi\/toode\/bbq-kastike-barbecoa-perfect-blend\/","og_site_name":"BBQ \u00c4ssad","article_publisher":"https:\/\/www.facebook.com\/bbqassad","article_modified_time":"2026-04-14T06:32:50+00:00","og_image":[{"url":"https:\/\/bbqassad.ee\/wp-content\/uploads\/2025\/10\/Scherm_afbeelding2025-09-10om21.44.03.png.webp","type":"","width":"","height":""}],"twitter_card":"summary_large_image","twitter_misc":{"Arvioitu lukuaika":"1 minuutti"},"schema":{"@context":"https:\/\/schema.org","@graph":[{"@type":"WebPage","@id":"https:\/\/bbqassad.ee\/fi\/toode\/bbq-kastike-barbecoa-perfect-blend\/","url":"https:\/\/bbqassad.ee\/fi\/toode\/bbq-kastike-barbecoa-perfect-blend\/","name":"Barbecoa Perfect Blend BBQ -kastike - BBQ \u00c4ssad","isPartOf":{"@id":"https:\/\/bbqassad.ee\/fi\/#website"},"primaryImageOfPage":{"@id":"https:\/\/bbqassad.ee\/fi\/toode\/bbq-kastike-barbecoa-perfect-blend\/#primaryimage"},"image":{"@id":"https:\/\/bbqassad.ee\/fi\/toode\/bbq-kastike-barbecoa-perfect-blend\/#primaryimage"},"thumbnailUrl":"https:\/\/bbqassad.ee\/wp-content\/uploads\/2025\/10\/Scherm_afbeelding2025-09-10om21.44.03.png.webp","datePublished":"2025-10-31T13:07:23+00:00","dateModified":"2026-04-14T06:32:50+00:00","description":"Barbecoa Perfect Blend BBQ-kastike on palkittu \"t\u00e4ydellinen sekoitus\" Belgiasta, jossa on klassinen ja t\u00e4ydellisen tasapainoinen maku.","breadcrumb":{"@id":"https:\/\/bbqassad.ee\/fi\/toode\/bbq-kastike-barbecoa-perfect-blend\/#breadcrumb"},"inLanguage":"fi","potentialAction":[{"@type":"ReadAction","target":["https:\/\/bbqassad.ee\/fi\/toode\/bbq-kastike-barbecoa-perfect-blend\/"]}]},{"@type":"ImageObject","inLanguage":"fi","@id":"https:\/\/bbqassad.ee\/fi\/toode\/bbq-kastike-barbecoa-perfect-blend\/#primaryimage","url":"https:\/\/bbqassad.ee\/wp-content\/uploads\/2025\/10\/Scherm_afbeelding2025-09-10om21.44.03.png.webp","contentUrl":"https:\/\/bbqassad.ee\/wp-content\/uploads\/2025\/10\/Scherm_afbeelding2025-09-10om21.44.03.png.webp","width":700,"height":688,"caption":"BBQ Kaste Barbecoa Perfect Blend"},{"@type":"BreadcrumbList","@id":"https:\/\/bbqassad.ee\/fi\/toode\/bbq-kastike-barbecoa-perfect-blend\/#breadcrumb","itemListElement":[{"@type":"ListItem","position":1,"name":"Home","item":"https:\/\/bbqassad.ee\/fi\/bbq-assat\/"},{"@type":"ListItem","position":2,"name":"Verkkokauppa","item":"https:\/\/bbqassad.ee\/fi\/verkkokauppa\/"},{"@type":"ListItem","position":3,"name":"Barbecoa Perfect Blend BBQ -kastike"}]},{"@type":"WebSite","@id":"https:\/\/bbqassad.ee\/fi\/#website","url":"https:\/\/bbqassad.ee\/fi\/","name":"BBQ \u00c4ssad","description":"BBQ maitseained, kastmed, ahjud","publisher":{"@id":"https:\/\/bbqassad.ee\/fi\/#organization"},"potentialAction":[{"@type":"SearchAction","target":{"@type":"EntryPoint","urlTemplate":"https:\/\/bbqassad.ee\/fi\/?s={search_term_string}"},"query-input":{"@type":"PropertyValueSpecification","valueRequired":true,"valueName":"search_term_string"}}],"inLanguage":"fi"},{"@type":"Organization","@id":"https:\/\/bbqassad.ee\/fi\/#organization","name":"BBQ \u00c4ssad","url":"https:\/\/bbqassad.ee\/fi\/","logo":{"@type":"ImageObject","inLanguage":"fi","@id":"https:\/\/bbqassad.ee\/fi\/#\/schema\/logo\/image\/","url":"https:\/\/bbqassad.ee\/wp-content\/uploads\/2022\/10\/BBQ-2ssadlogo.png","contentUrl":"https:\/\/bbqassad.ee\/wp-content\/uploads\/2022\/10\/BBQ-2ssadlogo.png","width":1080,"height":1080,"caption":"BBQ \u00c4ssad"},"image":{"@id":"https:\/\/bbqassad.ee\/fi\/#\/schema\/logo\/image\/"},"sameAs":["https:\/\/www.facebook.com\/bbqassad","https:\/\/www.youtube.com\/channel\/UCsoufn49J6TVi9Ah9meE93w"]}]}},"_links":{"self":[{"href":"https:\/\/bbqassad.ee\/fi\/wp-json\/wp\/v2\/product\/22463","targetHints":{"allow":["GET"]}}],"collection":[{"href":"https:\/\/bbqassad.ee\/fi\/wp-json\/wp\/v2\/product"}],"about":[{"href":"https:\/\/bbqassad.ee\/fi\/wp-json\/wp\/v2\/types\/product"}],"replies":[{"embeddable":true,"href":"https:\/\/bbqassad.ee\/fi\/wp-json\/wp\/v2\/comments?post=22463"}],"wp:featuredmedia":[{"embeddable":true,"href":"https:\/\/bbqassad.ee\/fi\/wp-json\/wp\/v2\/media\/22468"}],"wp:attachment":[{"href":"https:\/\/bbqassad.ee\/fi\/wp-json\/wp\/v2\/media?parent=22463"}],"wp:term":[{"taxonomy":"product_brand","embeddable":true,"href":"https:\/\/bbqassad.ee\/fi\/wp-json\/wp\/v2\/product_brand?post=22463"},{"taxonomy":"product_cat","embeddable":true,"href":"https:\/\/bbqassad.ee\/fi\/wp-json\/wp\/v2\/product_cat?post=22463"},{"taxonomy":"product_tag","embeddable":true,"href":"https:\/\/bbqassad.ee\/fi\/wp-json\/wp\/v2\/product_tag?post=22463"}],"curies":[{"name":"wp","href":"https:\/\/api.w.org\/{rel}","templated":true}]}}