{"id":22450,"date":"2025-10-31T13:33:10","date_gmt":"2025-10-31T13:33:10","guid":{"rendered":"https:\/\/bbqassad.ee\/toode\/barbecoa-holy-grail-mausteseos\/"},"modified":"2026-04-14T06:32:50","modified_gmt":"2026-04-14T06:32:50","slug":"barbecoa-holy-grail-mausteseos","status":"publish","type":"product","link":"https:\/\/bbqassad.ee\/fi\/toode\/barbecoa-holy-grail-mausteseos\/","title":{"rendered":"Barbecoa Holy Grail -mausteseos"},"content":{"rendered":"<h2>Barbecoa Holy Grail -mausteseos<\/h2>\n<p>Barbecoa on hyvin tunnettu belgialainen grilliryhm\u00e4, joka on maansa moninkertainen mestari. Joukkue kilpailee aina Euroopan parhaan BBQ-joukkueen tittelist\u00e4. Johtaja Tom Bertels valmistaa my\u00f6s kastikkeita ja mausteita. Mik\u00e4 on salaisuus, yksi parhaista leivist\u00e4, joita n\u00e4m\u00e4 kaverit valmistavat, on rintafilee ja ei ole ep\u00e4ilyst\u00e4k\u00e4\u00e4n, mill\u00e4 he maustavat sen &#8211; Holy Grail. Se on todella hyv\u00e4 tasapaino, erityisesti naudanlihan maustamiseen.    <\/p>\n<p><strong>BBQAces kommentti:<\/strong> Mnjaaaa, ei ihme, ett\u00e4 he hengittiv\u00e4t niskaamme koko ajan, kun t\u00e4m\u00e4 aromi oli brisketiss\u00e4, todella hyv\u00e4 ja pippurinen, kuten naudanlihan aromin pit\u00e4\u00e4kin olla.<\/p>\n<p><strong>Pro-vinkki<\/strong>: Jos otat huomioon raaka-aineet ja sellerin l\u00e4sn\u00e4olon, t\u00e4m\u00e4 voi olla todella hyv\u00e4 klassinen possunpaisti.<\/p>\n","protected":false},"excerpt":{"rendered":"<p>Alkuper\u00e4maa: Belgia<\/p>\n<p>Paino: 250g<\/p>\n<p>Ainesosat: Valkosipuli, <strong>SELLER<\/strong>, suola, pippuri, sipuli, <strong>SOIJA<\/strong>, natriumglutamaatti.<\/p>\n","protected":false},"featured_media":22454,"comment_status":"open","ping_status":"closed","template":"","meta":[],"product_brand":[],"product_cat":[802],"product_tag":[803],"class_list":{"0":"post-22450","1":"product","2":"type-product","3":"status-publish","4":"has-post-thumbnail","6":"product_cat-sekoitukset","7":"product_tag-karja","9":"first","10":"instock","11":"taxable","12":"shipping-taxable","13":"purchasable","14":"product-type-simple"},"yoast_head":"<!-- This site is optimized with the Yoast SEO plugin v27.4 - https:\/\/yoast.com\/product\/yoast-seo-wordpress\/ -->\n<title>Barbecoa Holy Grail -mausteseos - BBQ \u00c4ssad<\/title>\n<meta name=\"description\" content=\"Barbecoa&#039;s Holy Grail -mausteseos antaa lihalle ja vihanneksille syv\u00e4n ja tasapainoisen maun. Sopii naudan- ja sianlihalle, kanalle ja hampurilaisille.\" \/>\n<meta name=\"robots\" content=\"index, follow, max-snippet:-1, max-image-preview:large, max-video-preview:-1\" \/>\n<link rel=\"canonical\" href=\"https:\/\/bbqassad.ee\/fi\/toode\/barbecoa-holy-grail-mausteseos\/\" \/>\n<meta property=\"og:locale\" content=\"fi_FI\" \/>\n<meta property=\"og:type\" content=\"article\" \/>\n<meta property=\"og:title\" content=\"Barbecoa Holy Grail -mausteseos\" \/>\n<meta property=\"og:description\" content=\"Barbecoa Holy Grail -mausteseos - monipuolinen BBQ rub, joka antaa lihalle ja vihanneksille syv\u00e4n ja tasapainoisen maun. Sopii naudan- ja sianlihalle, kanalle ja hampurilaisille.\" \/>\n<meta property=\"og:url\" content=\"https:\/\/bbqassad.ee\/fi\/toode\/barbecoa-holy-grail-mausteseos\/\" \/>\n<meta property=\"og:site_name\" content=\"BBQ \u00c4ssad\" \/>\n<meta property=\"article:publisher\" content=\"https:\/\/www.facebook.com\/bbqassad\" \/>\n<meta property=\"article:modified_time\" content=\"2026-04-14T06:32:50+00:00\" \/>\n<meta property=\"og:image\" content=\"https:\/\/bbqassad.ee\/wp-content\/uploads\/2025\/10\/Scherm_afbeelding_2025-07-08_om_22.29.03.png.webp\" \/>\n<meta name=\"twitter:card\" content=\"summary_large_image\" \/>\n<meta name=\"twitter:label1\" content=\"Arvioitu lukuaika\" \/>\n\t<meta name=\"twitter:data1\" content=\"1 minuutti\" \/>\n<script type=\"application\/ld+json\" class=\"yoast-schema-graph\">{\"@context\":\"https:\\\/\\\/schema.org\",\"@graph\":[{\"@type\":\"WebPage\",\"@id\":\"https:\\\/\\\/bbqassad.ee\\\/fi\\\/toode\\\/barbecoa-holy-grail-mausteseos\\\/\",\"url\":\"https:\\\/\\\/bbqassad.ee\\\/fi\\\/toode\\\/barbecoa-holy-grail-mausteseos\\\/\",\"name\":\"Barbecoa Holy Grail -mausteseos - BBQ \u00c4ssad\",\"isPartOf\":{\"@id\":\"https:\\\/\\\/bbqassad.ee\\\/fi\\\/#website\"},\"primaryImageOfPage\":{\"@id\":\"https:\\\/\\\/bbqassad.ee\\\/fi\\\/toode\\\/barbecoa-holy-grail-mausteseos\\\/#primaryimage\"},\"image\":{\"@id\":\"https:\\\/\\\/bbqassad.ee\\\/fi\\\/toode\\\/barbecoa-holy-grail-mausteseos\\\/#primaryimage\"},\"thumbnailUrl\":\"https:\\\/\\\/bbqassad.ee\\\/wp-content\\\/uploads\\\/2025\\\/10\\\/Scherm_afbeelding_2025-07-08_om_22.29.03.png.webp\",\"datePublished\":\"2025-10-31T13:33:10+00:00\",\"dateModified\":\"2026-04-14T06:32:50+00:00\",\"description\":\"Barbecoa's Holy Grail -mausteseos antaa lihalle ja vihanneksille syv\u00e4n ja tasapainoisen maun. Sopii naudan- ja sianlihalle, kanalle ja hampurilaisille.\",\"breadcrumb\":{\"@id\":\"https:\\\/\\\/bbqassad.ee\\\/fi\\\/toode\\\/barbecoa-holy-grail-mausteseos\\\/#breadcrumb\"},\"inLanguage\":\"fi\",\"potentialAction\":[{\"@type\":\"ReadAction\",\"target\":[\"https:\\\/\\\/bbqassad.ee\\\/fi\\\/toode\\\/barbecoa-holy-grail-mausteseos\\\/\"]}]},{\"@type\":\"ImageObject\",\"inLanguage\":\"fi\",\"@id\":\"https:\\\/\\\/bbqassad.ee\\\/fi\\\/toode\\\/barbecoa-holy-grail-mausteseos\\\/#primaryimage\",\"url\":\"https:\\\/\\\/bbqassad.ee\\\/wp-content\\\/uploads\\\/2025\\\/10\\\/Scherm_afbeelding_2025-07-08_om_22.29.03.png.webp\",\"contentUrl\":\"https:\\\/\\\/bbqassad.ee\\\/wp-content\\\/uploads\\\/2025\\\/10\\\/Scherm_afbeelding_2025-07-08_om_22.29.03.png.webp\",\"width\":800,\"height\":797,\"caption\":\"Maitseainesegu Barbecoa Holy Grail\"},{\"@type\":\"BreadcrumbList\",\"@id\":\"https:\\\/\\\/bbqassad.ee\\\/fi\\\/toode\\\/barbecoa-holy-grail-mausteseos\\\/#breadcrumb\",\"itemListElement\":[{\"@type\":\"ListItem\",\"position\":1,\"name\":\"Home\",\"item\":\"https:\\\/\\\/bbqassad.ee\\\/fi\\\/bbq-assat\\\/\"},{\"@type\":\"ListItem\",\"position\":2,\"name\":\"Verkkokauppa\",\"item\":\"https:\\\/\\\/bbqassad.ee\\\/fi\\\/verkkokauppa\\\/\"},{\"@type\":\"ListItem\",\"position\":3,\"name\":\"Barbecoa Holy Grail -mausteseos\"}]},{\"@type\":\"WebSite\",\"@id\":\"https:\\\/\\\/bbqassad.ee\\\/fi\\\/#website\",\"url\":\"https:\\\/\\\/bbqassad.ee\\\/fi\\\/\",\"name\":\"BBQ \u00c4ssad\",\"description\":\"BBQ maitseained, kastmed, ahjud\",\"publisher\":{\"@id\":\"https:\\\/\\\/bbqassad.ee\\\/fi\\\/#organization\"},\"potentialAction\":[{\"@type\":\"SearchAction\",\"target\":{\"@type\":\"EntryPoint\",\"urlTemplate\":\"https:\\\/\\\/bbqassad.ee\\\/fi\\\/?s={search_term_string}\"},\"query-input\":{\"@type\":\"PropertyValueSpecification\",\"valueRequired\":true,\"valueName\":\"search_term_string\"}}],\"inLanguage\":\"fi\"},{\"@type\":\"Organization\",\"@id\":\"https:\\\/\\\/bbqassad.ee\\\/fi\\\/#organization\",\"name\":\"BBQ \u00c4ssad\",\"url\":\"https:\\\/\\\/bbqassad.ee\\\/fi\\\/\",\"logo\":{\"@type\":\"ImageObject\",\"inLanguage\":\"fi\",\"@id\":\"https:\\\/\\\/bbqassad.ee\\\/fi\\\/#\\\/schema\\\/logo\\\/image\\\/\",\"url\":\"https:\\\/\\\/bbqassad.ee\\\/wp-content\\\/uploads\\\/2022\\\/10\\\/BBQ-2ssadlogo.png\",\"contentUrl\":\"https:\\\/\\\/bbqassad.ee\\\/wp-content\\\/uploads\\\/2022\\\/10\\\/BBQ-2ssadlogo.png\",\"width\":1080,\"height\":1080,\"caption\":\"BBQ \u00c4ssad\"},\"image\":{\"@id\":\"https:\\\/\\\/bbqassad.ee\\\/fi\\\/#\\\/schema\\\/logo\\\/image\\\/\"},\"sameAs\":[\"https:\\\/\\\/www.facebook.com\\\/bbqassad\",\"https:\\\/\\\/www.youtube.com\\\/channel\\\/UCsoufn49J6TVi9Ah9meE93w\"]}]}<\/script>\n<!-- \/ Yoast SEO plugin. -->","yoast_head_json":{"title":"Barbecoa Holy Grail -mausteseos - BBQ \u00c4ssad","description":"Barbecoa's Holy Grail -mausteseos antaa lihalle ja vihanneksille syv\u00e4n ja tasapainoisen maun. Sopii naudan- ja sianlihalle, kanalle ja hampurilaisille.","robots":{"index":"index","follow":"follow","max-snippet":"max-snippet:-1","max-image-preview":"max-image-preview:large","max-video-preview":"max-video-preview:-1"},"canonical":"https:\/\/bbqassad.ee\/fi\/toode\/barbecoa-holy-grail-mausteseos\/","og_locale":"fi_FI","og_type":"article","og_title":"Barbecoa Holy Grail -mausteseos","og_description":"Barbecoa Holy Grail -mausteseos - monipuolinen BBQ rub, joka antaa lihalle ja vihanneksille syv\u00e4n ja tasapainoisen maun. Sopii naudan- ja sianlihalle, kanalle ja hampurilaisille.","og_url":"https:\/\/bbqassad.ee\/fi\/toode\/barbecoa-holy-grail-mausteseos\/","og_site_name":"BBQ \u00c4ssad","article_publisher":"https:\/\/www.facebook.com\/bbqassad","article_modified_time":"2026-04-14T06:32:50+00:00","og_image":[{"url":"https:\/\/bbqassad.ee\/wp-content\/uploads\/2025\/10\/Scherm_afbeelding_2025-07-08_om_22.29.03.png.webp","type":"","width":"","height":""}],"twitter_card":"summary_large_image","twitter_misc":{"Arvioitu lukuaika":"1 minuutti"},"schema":{"@context":"https:\/\/schema.org","@graph":[{"@type":"WebPage","@id":"https:\/\/bbqassad.ee\/fi\/toode\/barbecoa-holy-grail-mausteseos\/","url":"https:\/\/bbqassad.ee\/fi\/toode\/barbecoa-holy-grail-mausteseos\/","name":"Barbecoa Holy Grail -mausteseos - BBQ \u00c4ssad","isPartOf":{"@id":"https:\/\/bbqassad.ee\/fi\/#website"},"primaryImageOfPage":{"@id":"https:\/\/bbqassad.ee\/fi\/toode\/barbecoa-holy-grail-mausteseos\/#primaryimage"},"image":{"@id":"https:\/\/bbqassad.ee\/fi\/toode\/barbecoa-holy-grail-mausteseos\/#primaryimage"},"thumbnailUrl":"https:\/\/bbqassad.ee\/wp-content\/uploads\/2025\/10\/Scherm_afbeelding_2025-07-08_om_22.29.03.png.webp","datePublished":"2025-10-31T13:33:10+00:00","dateModified":"2026-04-14T06:32:50+00:00","description":"Barbecoa's Holy Grail -mausteseos antaa lihalle ja vihanneksille syv\u00e4n ja tasapainoisen maun. Sopii naudan- ja sianlihalle, kanalle ja hampurilaisille.","breadcrumb":{"@id":"https:\/\/bbqassad.ee\/fi\/toode\/barbecoa-holy-grail-mausteseos\/#breadcrumb"},"inLanguage":"fi","potentialAction":[{"@type":"ReadAction","target":["https:\/\/bbqassad.ee\/fi\/toode\/barbecoa-holy-grail-mausteseos\/"]}]},{"@type":"ImageObject","inLanguage":"fi","@id":"https:\/\/bbqassad.ee\/fi\/toode\/barbecoa-holy-grail-mausteseos\/#primaryimage","url":"https:\/\/bbqassad.ee\/wp-content\/uploads\/2025\/10\/Scherm_afbeelding_2025-07-08_om_22.29.03.png.webp","contentUrl":"https:\/\/bbqassad.ee\/wp-content\/uploads\/2025\/10\/Scherm_afbeelding_2025-07-08_om_22.29.03.png.webp","width":800,"height":797,"caption":"Maitseainesegu Barbecoa Holy Grail"},{"@type":"BreadcrumbList","@id":"https:\/\/bbqassad.ee\/fi\/toode\/barbecoa-holy-grail-mausteseos\/#breadcrumb","itemListElement":[{"@type":"ListItem","position":1,"name":"Home","item":"https:\/\/bbqassad.ee\/fi\/bbq-assat\/"},{"@type":"ListItem","position":2,"name":"Verkkokauppa","item":"https:\/\/bbqassad.ee\/fi\/verkkokauppa\/"},{"@type":"ListItem","position":3,"name":"Barbecoa Holy Grail -mausteseos"}]},{"@type":"WebSite","@id":"https:\/\/bbqassad.ee\/fi\/#website","url":"https:\/\/bbqassad.ee\/fi\/","name":"BBQ \u00c4ssad","description":"BBQ maitseained, kastmed, ahjud","publisher":{"@id":"https:\/\/bbqassad.ee\/fi\/#organization"},"potentialAction":[{"@type":"SearchAction","target":{"@type":"EntryPoint","urlTemplate":"https:\/\/bbqassad.ee\/fi\/?s={search_term_string}"},"query-input":{"@type":"PropertyValueSpecification","valueRequired":true,"valueName":"search_term_string"}}],"inLanguage":"fi"},{"@type":"Organization","@id":"https:\/\/bbqassad.ee\/fi\/#organization","name":"BBQ \u00c4ssad","url":"https:\/\/bbqassad.ee\/fi\/","logo":{"@type":"ImageObject","inLanguage":"fi","@id":"https:\/\/bbqassad.ee\/fi\/#\/schema\/logo\/image\/","url":"https:\/\/bbqassad.ee\/wp-content\/uploads\/2022\/10\/BBQ-2ssadlogo.png","contentUrl":"https:\/\/bbqassad.ee\/wp-content\/uploads\/2022\/10\/BBQ-2ssadlogo.png","width":1080,"height":1080,"caption":"BBQ \u00c4ssad"},"image":{"@id":"https:\/\/bbqassad.ee\/fi\/#\/schema\/logo\/image\/"},"sameAs":["https:\/\/www.facebook.com\/bbqassad","https:\/\/www.youtube.com\/channel\/UCsoufn49J6TVi9Ah9meE93w"]}]}},"_links":{"self":[{"href":"https:\/\/bbqassad.ee\/fi\/wp-json\/wp\/v2\/product\/22450","targetHints":{"allow":["GET"]}}],"collection":[{"href":"https:\/\/bbqassad.ee\/fi\/wp-json\/wp\/v2\/product"}],"about":[{"href":"https:\/\/bbqassad.ee\/fi\/wp-json\/wp\/v2\/types\/product"}],"replies":[{"embeddable":true,"href":"https:\/\/bbqassad.ee\/fi\/wp-json\/wp\/v2\/comments?post=22450"}],"wp:featuredmedia":[{"embeddable":true,"href":"https:\/\/bbqassad.ee\/fi\/wp-json\/wp\/v2\/media\/22454"}],"wp:attachment":[{"href":"https:\/\/bbqassad.ee\/fi\/wp-json\/wp\/v2\/media?parent=22450"}],"wp:term":[{"taxonomy":"product_brand","embeddable":true,"href":"https:\/\/bbqassad.ee\/fi\/wp-json\/wp\/v2\/product_brand?post=22450"},{"taxonomy":"product_cat","embeddable":true,"href":"https:\/\/bbqassad.ee\/fi\/wp-json\/wp\/v2\/product_cat?post=22450"},{"taxonomy":"product_tag","embeddable":true,"href":"https:\/\/bbqassad.ee\/fi\/wp-json\/wp\/v2\/product_tag?post=22450"}],"curies":[{"name":"wp","href":"https:\/\/api.w.org\/{rel}","templated":true}]}}