{"id":22226,"date":"2025-11-05T10:36:50","date_gmt":"2025-11-05T10:36:50","guid":{"rendered":"https:\/\/bbqassad.ee\/toode\/aw-shit-mausteseos\/"},"modified":"2026-04-14T06:32:50","modified_gmt":"2026-04-14T06:32:50","slug":"aw-shit-mausteseos","status":"publish","type":"product","link":"https:\/\/bbqassad.ee\/fi\/toode\/aw-shit-mausteseos\/","title":{"rendered":"AW Shit -mausteseos"},"content":{"rendered":"<h2>Aw Shit mausteseos<\/h2>\n<p>Aw Shit on meksikolaisten ja Cajun-mausteiden &#8221;kuuma yhdistelm\u00e4&#8221;, joka antaa juuri oikean potkun, joka saa sinut sanomaan &#8221;Aw Shit&#8221;!<\/p>\n<p><strong>BBQ Aces -kommentti:<\/strong> Tied\u00e4th\u00e4n, kova juttu.<\/p>\n<p><strong>Pro-vinkki:<\/strong> jos haluat, ett\u00e4 sama ruoka sattuu kahdesti, t\u00e4m\u00e4 on se.<\/p>\n","protected":false},"excerpt":{"rendered":"<p>Alkuper\u00e4maa: Yhdysvallat<\/p>\n<p><strong>Paino:<\/strong> 256g<\/p>\n<p><strong>Ainesosat:<\/strong> suola, cayennepippuri, ancho-chili, pippuri, chilijauhe, valkosipuli, paprika, sokeri, sipuli, kalsiumstearaatti.<\/p>\n<p><strong>Valmistettu tehtaassa, jossa k\u00e4sitell\u00e4\u00e4n my\u00f6s vehn\u00e4\u00e4, maitotuotteita, kalaa, soijaa, p\u00e4hkin\u00f6it\u00e4, munia ja \u00e4yri\u00e4isi\u00e4.<\/strong><\/p>\n<p><strong>Ravintoarvo:<\/strong> 100 g: Energiaa 286 kcal (1195 kJ), Rasvaa 0 g, josta tyydyttyneit\u00e4 rasvahappoja 0 g, Hiilihydraatteja 57 g, josta sokereita 0 g, Proteiinia 0 g, Suolaa 26 g.<\/p>\n<p><strong>Parasta ennen 18.10.24<\/strong><\/p>\n","protected":false},"featured_media":22227,"comment_status":"open","ping_status":"closed","template":"","meta":[],"product_brand":[],"product_cat":[802],"product_tag":[791,790,803,789],"class_list":{"0":"post-22226","1":"product","2":"type-product","3":"status-publish","4":"has-post-thumbnail","6":"product_cat-sekoitukset","7":"product_tag-kala","8":"product_tag-kana","9":"product_tag-karja","10":"product_tag-sika","12":"first","13":"instock","14":"taxable","15":"shipping-taxable","16":"purchasable","17":"product-type-simple"},"yoast_head":"<!-- This site is optimized with the Yoast SEO plugin v27.4 - https:\/\/yoast.com\/product\/yoast-seo-wordpress\/ -->\n<title>AW Shit -mausteseos - BBQ \u00c4ssad<\/title>\n<meta name=\"description\" content=\"AW Shit -mausteseos on universaali BBQ-hieronta, joka sopii naudan-, sian- ja kananlihalle sek\u00e4 ranskalaisille. Anna ruoallesi mukavan mausteinen ja maukas lopputulos.\" \/>\n<meta name=\"robots\" content=\"index, follow, max-snippet:-1, max-image-preview:large, max-video-preview:-1\" \/>\n<link rel=\"canonical\" href=\"https:\/\/bbqassad.ee\/fi\/toode\/aw-shit-mausteseos\/\" \/>\n<meta property=\"og:locale\" content=\"fi_FI\" \/>\n<meta property=\"og:type\" content=\"article\" \/>\n<meta property=\"og:title\" content=\"Aw Shit mausteseos\" \/>\n<meta property=\"og:description\" content=\"AW Shit mausteseos - yleinen BBQ rub, joka sopii naudan-, sian- ja kananlihalle sek\u00e4 lihapullille. Anna ruoallesi mukavan mausteinen ja maukas lopputulos.\" \/>\n<meta property=\"og:url\" content=\"https:\/\/bbqassad.ee\/fi\/toode\/aw-shit-mausteseos\/\" \/>\n<meta property=\"og:site_name\" content=\"BBQ \u00c4ssad\" \/>\n<meta property=\"article:publisher\" content=\"https:\/\/www.facebook.com\/bbqassad\" \/>\n<meta property=\"article:modified_time\" content=\"2026-04-14T06:32:50+00:00\" \/>\n<meta property=\"og:image\" content=\"https:\/\/bbqassad.ee\/wp-content\/uploads\/2025\/11\/Nimetu-kujundus-153-1024x576.png\" \/>\n<meta name=\"twitter:card\" content=\"summary_large_image\" \/>\n<script type=\"application\/ld+json\" class=\"yoast-schema-graph\">{\"@context\":\"https:\\\/\\\/schema.org\",\"@graph\":[{\"@type\":\"WebPage\",\"@id\":\"https:\\\/\\\/bbqassad.ee\\\/fi\\\/toode\\\/aw-shit-mausteseos\\\/\",\"url\":\"https:\\\/\\\/bbqassad.ee\\\/fi\\\/toode\\\/aw-shit-mausteseos\\\/\",\"name\":\"AW Shit -mausteseos - BBQ \u00c4ssad\",\"isPartOf\":{\"@id\":\"https:\\\/\\\/bbqassad.ee\\\/fi\\\/#website\"},\"primaryImageOfPage\":{\"@id\":\"https:\\\/\\\/bbqassad.ee\\\/fi\\\/toode\\\/aw-shit-mausteseos\\\/#primaryimage\"},\"image\":{\"@id\":\"https:\\\/\\\/bbqassad.ee\\\/fi\\\/toode\\\/aw-shit-mausteseos\\\/#primaryimage\"},\"thumbnailUrl\":\"https:\\\/\\\/bbqassad.ee\\\/wp-content\\\/uploads\\\/2025\\\/11\\\/Nimetu-kujundus-153.png\",\"datePublished\":\"2025-11-05T10:36:50+00:00\",\"dateModified\":\"2026-04-14T06:32:50+00:00\",\"description\":\"AW Shit -mausteseos on universaali BBQ-hieronta, joka sopii naudan-, sian- ja kananlihalle sek\u00e4 ranskalaisille. Anna ruoallesi mukavan mausteinen ja maukas lopputulos.\",\"breadcrumb\":{\"@id\":\"https:\\\/\\\/bbqassad.ee\\\/fi\\\/toode\\\/aw-shit-mausteseos\\\/#breadcrumb\"},\"inLanguage\":\"fi\",\"potentialAction\":[{\"@type\":\"ReadAction\",\"target\":[\"https:\\\/\\\/bbqassad.ee\\\/fi\\\/toode\\\/aw-shit-mausteseos\\\/\"]}]},{\"@type\":\"ImageObject\",\"inLanguage\":\"fi\",\"@id\":\"https:\\\/\\\/bbqassad.ee\\\/fi\\\/toode\\\/aw-shit-mausteseos\\\/#primaryimage\",\"url\":\"https:\\\/\\\/bbqassad.ee\\\/wp-content\\\/uploads\\\/2025\\\/11\\\/Nimetu-kujundus-153.png\",\"contentUrl\":\"https:\\\/\\\/bbqassad.ee\\\/wp-content\\\/uploads\\\/2025\\\/11\\\/Nimetu-kujundus-153.png\",\"width\":1280,\"height\":720,\"caption\":\"Aw Shit maitseainesegu\"},{\"@type\":\"BreadcrumbList\",\"@id\":\"https:\\\/\\\/bbqassad.ee\\\/fi\\\/toode\\\/aw-shit-mausteseos\\\/#breadcrumb\",\"itemListElement\":[{\"@type\":\"ListItem\",\"position\":1,\"name\":\"Home\",\"item\":\"https:\\\/\\\/bbqassad.ee\\\/fi\\\/bbq-assat\\\/\"},{\"@type\":\"ListItem\",\"position\":2,\"name\":\"Verkkokauppa\",\"item\":\"https:\\\/\\\/bbqassad.ee\\\/fi\\\/verkkokauppa\\\/\"},{\"@type\":\"ListItem\",\"position\":3,\"name\":\"AW Shit -mausteseos\"}]},{\"@type\":\"WebSite\",\"@id\":\"https:\\\/\\\/bbqassad.ee\\\/fi\\\/#website\",\"url\":\"https:\\\/\\\/bbqassad.ee\\\/fi\\\/\",\"name\":\"BBQ \u00c4ssad\",\"description\":\"BBQ maitseained, kastmed, ahjud\",\"publisher\":{\"@id\":\"https:\\\/\\\/bbqassad.ee\\\/fi\\\/#organization\"},\"potentialAction\":[{\"@type\":\"SearchAction\",\"target\":{\"@type\":\"EntryPoint\",\"urlTemplate\":\"https:\\\/\\\/bbqassad.ee\\\/fi\\\/?s={search_term_string}\"},\"query-input\":{\"@type\":\"PropertyValueSpecification\",\"valueRequired\":true,\"valueName\":\"search_term_string\"}}],\"inLanguage\":\"fi\"},{\"@type\":\"Organization\",\"@id\":\"https:\\\/\\\/bbqassad.ee\\\/fi\\\/#organization\",\"name\":\"BBQ \u00c4ssad\",\"url\":\"https:\\\/\\\/bbqassad.ee\\\/fi\\\/\",\"logo\":{\"@type\":\"ImageObject\",\"inLanguage\":\"fi\",\"@id\":\"https:\\\/\\\/bbqassad.ee\\\/fi\\\/#\\\/schema\\\/logo\\\/image\\\/\",\"url\":\"https:\\\/\\\/bbqassad.ee\\\/wp-content\\\/uploads\\\/2022\\\/10\\\/BBQ-2ssadlogo.png\",\"contentUrl\":\"https:\\\/\\\/bbqassad.ee\\\/wp-content\\\/uploads\\\/2022\\\/10\\\/BBQ-2ssadlogo.png\",\"width\":1080,\"height\":1080,\"caption\":\"BBQ \u00c4ssad\"},\"image\":{\"@id\":\"https:\\\/\\\/bbqassad.ee\\\/fi\\\/#\\\/schema\\\/logo\\\/image\\\/\"},\"sameAs\":[\"https:\\\/\\\/www.facebook.com\\\/bbqassad\",\"https:\\\/\\\/www.youtube.com\\\/channel\\\/UCsoufn49J6TVi9Ah9meE93w\"]}]}<\/script>\n<!-- \/ Yoast SEO plugin. -->","yoast_head_json":{"title":"AW Shit -mausteseos - BBQ \u00c4ssad","description":"AW Shit -mausteseos on universaali BBQ-hieronta, joka sopii naudan-, sian- ja kananlihalle sek\u00e4 ranskalaisille. Anna ruoallesi mukavan mausteinen ja maukas lopputulos.","robots":{"index":"index","follow":"follow","max-snippet":"max-snippet:-1","max-image-preview":"max-image-preview:large","max-video-preview":"max-video-preview:-1"},"canonical":"https:\/\/bbqassad.ee\/fi\/toode\/aw-shit-mausteseos\/","og_locale":"fi_FI","og_type":"article","og_title":"Aw Shit mausteseos","og_description":"AW Shit mausteseos - yleinen BBQ rub, joka sopii naudan-, sian- ja kananlihalle sek\u00e4 lihapullille. Anna ruoallesi mukavan mausteinen ja maukas lopputulos.","og_url":"https:\/\/bbqassad.ee\/fi\/toode\/aw-shit-mausteseos\/","og_site_name":"BBQ \u00c4ssad","article_publisher":"https:\/\/www.facebook.com\/bbqassad","article_modified_time":"2026-04-14T06:32:50+00:00","og_image":[{"url":"https:\/\/bbqassad.ee\/wp-content\/uploads\/2025\/11\/Nimetu-kujundus-153-1024x576.png","type":"","width":"","height":""}],"twitter_card":"summary_large_image","schema":{"@context":"https:\/\/schema.org","@graph":[{"@type":"WebPage","@id":"https:\/\/bbqassad.ee\/fi\/toode\/aw-shit-mausteseos\/","url":"https:\/\/bbqassad.ee\/fi\/toode\/aw-shit-mausteseos\/","name":"AW Shit -mausteseos - BBQ \u00c4ssad","isPartOf":{"@id":"https:\/\/bbqassad.ee\/fi\/#website"},"primaryImageOfPage":{"@id":"https:\/\/bbqassad.ee\/fi\/toode\/aw-shit-mausteseos\/#primaryimage"},"image":{"@id":"https:\/\/bbqassad.ee\/fi\/toode\/aw-shit-mausteseos\/#primaryimage"},"thumbnailUrl":"https:\/\/bbqassad.ee\/wp-content\/uploads\/2025\/11\/Nimetu-kujundus-153.png","datePublished":"2025-11-05T10:36:50+00:00","dateModified":"2026-04-14T06:32:50+00:00","description":"AW Shit -mausteseos on universaali BBQ-hieronta, joka sopii naudan-, sian- ja kananlihalle sek\u00e4 ranskalaisille. Anna ruoallesi mukavan mausteinen ja maukas lopputulos.","breadcrumb":{"@id":"https:\/\/bbqassad.ee\/fi\/toode\/aw-shit-mausteseos\/#breadcrumb"},"inLanguage":"fi","potentialAction":[{"@type":"ReadAction","target":["https:\/\/bbqassad.ee\/fi\/toode\/aw-shit-mausteseos\/"]}]},{"@type":"ImageObject","inLanguage":"fi","@id":"https:\/\/bbqassad.ee\/fi\/toode\/aw-shit-mausteseos\/#primaryimage","url":"https:\/\/bbqassad.ee\/wp-content\/uploads\/2025\/11\/Nimetu-kujundus-153.png","contentUrl":"https:\/\/bbqassad.ee\/wp-content\/uploads\/2025\/11\/Nimetu-kujundus-153.png","width":1280,"height":720,"caption":"Aw Shit maitseainesegu"},{"@type":"BreadcrumbList","@id":"https:\/\/bbqassad.ee\/fi\/toode\/aw-shit-mausteseos\/#breadcrumb","itemListElement":[{"@type":"ListItem","position":1,"name":"Home","item":"https:\/\/bbqassad.ee\/fi\/bbq-assat\/"},{"@type":"ListItem","position":2,"name":"Verkkokauppa","item":"https:\/\/bbqassad.ee\/fi\/verkkokauppa\/"},{"@type":"ListItem","position":3,"name":"AW Shit -mausteseos"}]},{"@type":"WebSite","@id":"https:\/\/bbqassad.ee\/fi\/#website","url":"https:\/\/bbqassad.ee\/fi\/","name":"BBQ \u00c4ssad","description":"BBQ maitseained, kastmed, ahjud","publisher":{"@id":"https:\/\/bbqassad.ee\/fi\/#organization"},"potentialAction":[{"@type":"SearchAction","target":{"@type":"EntryPoint","urlTemplate":"https:\/\/bbqassad.ee\/fi\/?s={search_term_string}"},"query-input":{"@type":"PropertyValueSpecification","valueRequired":true,"valueName":"search_term_string"}}],"inLanguage":"fi"},{"@type":"Organization","@id":"https:\/\/bbqassad.ee\/fi\/#organization","name":"BBQ \u00c4ssad","url":"https:\/\/bbqassad.ee\/fi\/","logo":{"@type":"ImageObject","inLanguage":"fi","@id":"https:\/\/bbqassad.ee\/fi\/#\/schema\/logo\/image\/","url":"https:\/\/bbqassad.ee\/wp-content\/uploads\/2022\/10\/BBQ-2ssadlogo.png","contentUrl":"https:\/\/bbqassad.ee\/wp-content\/uploads\/2022\/10\/BBQ-2ssadlogo.png","width":1080,"height":1080,"caption":"BBQ \u00c4ssad"},"image":{"@id":"https:\/\/bbqassad.ee\/fi\/#\/schema\/logo\/image\/"},"sameAs":["https:\/\/www.facebook.com\/bbqassad","https:\/\/www.youtube.com\/channel\/UCsoufn49J6TVi9Ah9meE93w"]}]}},"_links":{"self":[{"href":"https:\/\/bbqassad.ee\/fi\/wp-json\/wp\/v2\/product\/22226","targetHints":{"allow":["GET"]}}],"collection":[{"href":"https:\/\/bbqassad.ee\/fi\/wp-json\/wp\/v2\/product"}],"about":[{"href":"https:\/\/bbqassad.ee\/fi\/wp-json\/wp\/v2\/types\/product"}],"replies":[{"embeddable":true,"href":"https:\/\/bbqassad.ee\/fi\/wp-json\/wp\/v2\/comments?post=22226"}],"wp:featuredmedia":[{"embeddable":true,"href":"https:\/\/bbqassad.ee\/fi\/wp-json\/wp\/v2\/media\/22227"}],"wp:attachment":[{"href":"https:\/\/bbqassad.ee\/fi\/wp-json\/wp\/v2\/media?parent=22226"}],"wp:term":[{"taxonomy":"product_brand","embeddable":true,"href":"https:\/\/bbqassad.ee\/fi\/wp-json\/wp\/v2\/product_brand?post=22226"},{"taxonomy":"product_cat","embeddable":true,"href":"https:\/\/bbqassad.ee\/fi\/wp-json\/wp\/v2\/product_cat?post=22226"},{"taxonomy":"product_tag","embeddable":true,"href":"https:\/\/bbqassad.ee\/fi\/wp-json\/wp\/v2\/product_tag?post=22226"}],"curies":[{"name":"wp","href":"https:\/\/api.w.org\/{rel}","templated":true}]}}