{"id":22222,"date":"2025-11-07T08:50:20","date_gmt":"2025-11-07T08:50:20","guid":{"rendered":"https:\/\/bbqassad.ee\/toode\/killer-hogs-the-hot-rub-mausteseos\/"},"modified":"2026-04-14T06:32:49","modified_gmt":"2026-04-14T06:32:49","slug":"killer-hogs-the-hot-rub-mausteseos","status":"publish","type":"product","link":"https:\/\/bbqassad.ee\/fi\/toode\/killer-hogs-the-hot-rub-mausteseos\/","title":{"rendered":"Killer Hogs The HOT Rub -mausteseos"},"content":{"rendered":"<h2>Killer Hogs The HOT rub mausteseos<\/h2>\n<p>Vaarallisen pirte\u00e4 v\u00e4ri! T\u00e4m\u00e4 mausteinen BBQ-mauste on makea ja mausteinen, ja siin\u00e4 on rohkeita makuja. T\u00e4m\u00e4 mausteseos antaa eritt\u00e4in hienon v\u00e4rin sian-, naudan- ja siipikarjanlihalle sek\u00e4 jopa kalalle. Jos haluat lis\u00e4t\u00e4 hieman maustetta BBQ-lihaan, nappaa t\u00e4m\u00e4 mauste!   <\/p>\n<p><strong>BBQAcesin kommentti:<\/strong> Klassinen BBQ-maku, mutta kirjain HOT kertoo paljon, joten Malcolm on lis\u00e4nnyt siihen hieman maustetta. Mutta v\u00e4ri&#8230;ohh <\/p>\n<p><strong>Ammattilaisvinkki<\/strong>: Gorgeous spicy wings on oikea vastaus.<\/p>\n","protected":false},"excerpt":{"rendered":"<p>Alkuper\u00e4maa: Yhdysvallat<\/p>\n<p>Paino: 340g<\/p>\n<p style=\"font-weight: 400;\">Ainesosat: sokeri; suola, sokeri, mausteet, ruskea sokeri, paprika, kuivattu valkosipuli, kuivattu sipuli, dinatriuminosinaatti ja -guanylaatti, oleoresiinipaprika ja alle 2 % trikalsiumfosfaattia paakkuuntumisen est\u00e4miseksi.<\/p>\n<p style=\"font-weight: 400;\">Ravintosis\u00e4lt\u00f6 100 g kohti: energia 250 kcal (1046 kJ), rasva 0 g, josta tyydyttyneit\u00e4 rasvahappoja 0 g, hiilihydraatit 50 g, josta sokereita 50 g, proteiinit 0 g, suola 37,5 g.<\/p>\n","protected":false},"featured_media":22223,"comment_status":"open","ping_status":"closed","template":"","meta":[],"product_brand":[],"product_cat":[802],"product_tag":[791,790,803,789],"class_list":{"0":"post-22222","1":"product","2":"type-product","3":"status-publish","4":"has-post-thumbnail","6":"product_cat-sekoitukset","7":"product_tag-kala","8":"product_tag-kana","9":"product_tag-karja","10":"product_tag-sika","12":"first","13":"instock","14":"taxable","15":"shipping-taxable","16":"purchasable","17":"product-type-simple"},"yoast_head":"<!-- This site is optimized with the Yoast SEO plugin v27.4 - https:\/\/yoast.com\/product\/yoast-seo-wordpress\/ -->\n<title>Killer Hogs The HOT rub mausteseos | BBQ Aces<\/title>\n<meta name=\"description\" content=\"Mausteinen BBQ rub Killer Hogs The HOT - valmistettu sokerista, suolasta, paprikasta, valkosipulista ja sipulista. Soveltuu lihan ja grillauksen mausteeksi. Tilaa BBQ Aces verkossa.\" \/>\n<meta name=\"robots\" content=\"index, follow, max-snippet:-1, max-image-preview:large, max-video-preview:-1\" \/>\n<link rel=\"canonical\" href=\"https:\/\/bbqassad.ee\/fi\/toode\/killer-hogs-the-hot-rub-mausteseos\/\" \/>\n<meta property=\"og:locale\" content=\"fi_FI\" \/>\n<meta property=\"og:type\" content=\"article\" \/>\n<meta property=\"og:title\" content=\"Killer Hogs The HOT rub mausteseos | BBQ Aces\" \/>\n<meta property=\"og:description\" content=\"Mausteinen BBQ rub Killer Hogs The HOT - valmistettu sokerista, suolasta, paprikasta, valkosipulista ja sipulista. Soveltuu lihan ja grillauksen mausteeksi. Tilaa BBQ Aces verkossa.\" \/>\n<meta property=\"og:url\" content=\"https:\/\/bbqassad.ee\/fi\/toode\/killer-hogs-the-hot-rub-mausteseos\/\" \/>\n<meta property=\"og:site_name\" content=\"BBQ \u00c4ssad\" \/>\n<meta property=\"article:publisher\" content=\"https:\/\/www.facebook.com\/bbqassad\" \/>\n<meta property=\"article:modified_time\" content=\"2026-04-14T06:32:49+00:00\" \/>\n<meta property=\"og:image\" content=\"https:\/\/bbqassad.ee\/wp-content\/uploads\/2025\/11\/Killer-Hogs-Hot-Rub-240x300.jpg\" \/>\n<meta name=\"twitter:card\" content=\"summary_large_image\" \/>\n<script type=\"application\/ld+json\" class=\"yoast-schema-graph\">{\"@context\":\"https:\\\/\\\/schema.org\",\"@graph\":[{\"@type\":\"WebPage\",\"@id\":\"https:\\\/\\\/bbqassad.ee\\\/fi\\\/toode\\\/killer-hogs-the-hot-rub-mausteseos\\\/\",\"url\":\"https:\\\/\\\/bbqassad.ee\\\/fi\\\/toode\\\/killer-hogs-the-hot-rub-mausteseos\\\/\",\"name\":\"Killer Hogs The HOT rub mausteseos | BBQ Aces\",\"isPartOf\":{\"@id\":\"https:\\\/\\\/bbqassad.ee\\\/fi\\\/#website\"},\"primaryImageOfPage\":{\"@id\":\"https:\\\/\\\/bbqassad.ee\\\/fi\\\/toode\\\/killer-hogs-the-hot-rub-mausteseos\\\/#primaryimage\"},\"image\":{\"@id\":\"https:\\\/\\\/bbqassad.ee\\\/fi\\\/toode\\\/killer-hogs-the-hot-rub-mausteseos\\\/#primaryimage\"},\"thumbnailUrl\":\"https:\\\/\\\/bbqassad.ee\\\/wp-content\\\/uploads\\\/2025\\\/11\\\/Killer-Hogs-Hot-Rub.jpg\",\"datePublished\":\"2025-11-07T08:50:20+00:00\",\"dateModified\":\"2026-04-14T06:32:49+00:00\",\"description\":\"Mausteinen BBQ rub Killer Hogs The HOT - valmistettu sokerista, suolasta, paprikasta, valkosipulista ja sipulista. Soveltuu lihan ja grillauksen mausteeksi. Tilaa BBQ Aces verkossa.\",\"breadcrumb\":{\"@id\":\"https:\\\/\\\/bbqassad.ee\\\/fi\\\/toode\\\/killer-hogs-the-hot-rub-mausteseos\\\/#breadcrumb\"},\"inLanguage\":\"fi\",\"potentialAction\":[{\"@type\":\"ReadAction\",\"target\":[\"https:\\\/\\\/bbqassad.ee\\\/fi\\\/toode\\\/killer-hogs-the-hot-rub-mausteseos\\\/\"]}]},{\"@type\":\"ImageObject\",\"inLanguage\":\"fi\",\"@id\":\"https:\\\/\\\/bbqassad.ee\\\/fi\\\/toode\\\/killer-hogs-the-hot-rub-mausteseos\\\/#primaryimage\",\"url\":\"https:\\\/\\\/bbqassad.ee\\\/wp-content\\\/uploads\\\/2025\\\/11\\\/Killer-Hogs-Hot-Rub.jpg\",\"contentUrl\":\"https:\\\/\\\/bbqassad.ee\\\/wp-content\\\/uploads\\\/2025\\\/11\\\/Killer-Hogs-Hot-Rub.jpg\",\"width\":819,\"height\":1024,\"caption\":\"Killer Hogs The HOT rub maitseainesegu | BBQ \u00c4ssad\"},{\"@type\":\"BreadcrumbList\",\"@id\":\"https:\\\/\\\/bbqassad.ee\\\/fi\\\/toode\\\/killer-hogs-the-hot-rub-mausteseos\\\/#breadcrumb\",\"itemListElement\":[{\"@type\":\"ListItem\",\"position\":1,\"name\":\"Home\",\"item\":\"https:\\\/\\\/bbqassad.ee\\\/fi\\\/bbq-assat\\\/\"},{\"@type\":\"ListItem\",\"position\":2,\"name\":\"Verkkokauppa\",\"item\":\"https:\\\/\\\/bbqassad.ee\\\/fi\\\/verkkokauppa\\\/\"},{\"@type\":\"ListItem\",\"position\":3,\"name\":\"Killer Hogs The HOT Rub -mausteseos\"}]},{\"@type\":\"WebSite\",\"@id\":\"https:\\\/\\\/bbqassad.ee\\\/fi\\\/#website\",\"url\":\"https:\\\/\\\/bbqassad.ee\\\/fi\\\/\",\"name\":\"BBQ \u00c4ssad\",\"description\":\"BBQ maitseained, kastmed, ahjud\",\"publisher\":{\"@id\":\"https:\\\/\\\/bbqassad.ee\\\/fi\\\/#organization\"},\"potentialAction\":[{\"@type\":\"SearchAction\",\"target\":{\"@type\":\"EntryPoint\",\"urlTemplate\":\"https:\\\/\\\/bbqassad.ee\\\/fi\\\/?s={search_term_string}\"},\"query-input\":{\"@type\":\"PropertyValueSpecification\",\"valueRequired\":true,\"valueName\":\"search_term_string\"}}],\"inLanguage\":\"fi\"},{\"@type\":\"Organization\",\"@id\":\"https:\\\/\\\/bbqassad.ee\\\/fi\\\/#organization\",\"name\":\"BBQ \u00c4ssad\",\"url\":\"https:\\\/\\\/bbqassad.ee\\\/fi\\\/\",\"logo\":{\"@type\":\"ImageObject\",\"inLanguage\":\"fi\",\"@id\":\"https:\\\/\\\/bbqassad.ee\\\/fi\\\/#\\\/schema\\\/logo\\\/image\\\/\",\"url\":\"https:\\\/\\\/bbqassad.ee\\\/wp-content\\\/uploads\\\/2022\\\/10\\\/BBQ-2ssadlogo.png\",\"contentUrl\":\"https:\\\/\\\/bbqassad.ee\\\/wp-content\\\/uploads\\\/2022\\\/10\\\/BBQ-2ssadlogo.png\",\"width\":1080,\"height\":1080,\"caption\":\"BBQ \u00c4ssad\"},\"image\":{\"@id\":\"https:\\\/\\\/bbqassad.ee\\\/fi\\\/#\\\/schema\\\/logo\\\/image\\\/\"},\"sameAs\":[\"https:\\\/\\\/www.facebook.com\\\/bbqassad\",\"https:\\\/\\\/www.youtube.com\\\/channel\\\/UCsoufn49J6TVi9Ah9meE93w\"]}]}<\/script>\n<!-- \/ Yoast SEO plugin. -->","yoast_head_json":{"title":"Killer Hogs The HOT rub mausteseos | BBQ Aces","description":"Mausteinen BBQ rub Killer Hogs The HOT - valmistettu sokerista, suolasta, paprikasta, valkosipulista ja sipulista. Soveltuu lihan ja grillauksen mausteeksi. Tilaa BBQ Aces verkossa.","robots":{"index":"index","follow":"follow","max-snippet":"max-snippet:-1","max-image-preview":"max-image-preview:large","max-video-preview":"max-video-preview:-1"},"canonical":"https:\/\/bbqassad.ee\/fi\/toode\/killer-hogs-the-hot-rub-mausteseos\/","og_locale":"fi_FI","og_type":"article","og_title":"Killer Hogs The HOT rub mausteseos | BBQ Aces","og_description":"Mausteinen BBQ rub Killer Hogs The HOT - valmistettu sokerista, suolasta, paprikasta, valkosipulista ja sipulista. Soveltuu lihan ja grillauksen mausteeksi. Tilaa BBQ Aces verkossa.","og_url":"https:\/\/bbqassad.ee\/fi\/toode\/killer-hogs-the-hot-rub-mausteseos\/","og_site_name":"BBQ \u00c4ssad","article_publisher":"https:\/\/www.facebook.com\/bbqassad","article_modified_time":"2026-04-14T06:32:49+00:00","og_image":[{"url":"https:\/\/bbqassad.ee\/wp-content\/uploads\/2025\/11\/Killer-Hogs-Hot-Rub-240x300.jpg","type":"","width":"","height":""}],"twitter_card":"summary_large_image","schema":{"@context":"https:\/\/schema.org","@graph":[{"@type":"WebPage","@id":"https:\/\/bbqassad.ee\/fi\/toode\/killer-hogs-the-hot-rub-mausteseos\/","url":"https:\/\/bbqassad.ee\/fi\/toode\/killer-hogs-the-hot-rub-mausteseos\/","name":"Killer Hogs The HOT rub mausteseos | BBQ Aces","isPartOf":{"@id":"https:\/\/bbqassad.ee\/fi\/#website"},"primaryImageOfPage":{"@id":"https:\/\/bbqassad.ee\/fi\/toode\/killer-hogs-the-hot-rub-mausteseos\/#primaryimage"},"image":{"@id":"https:\/\/bbqassad.ee\/fi\/toode\/killer-hogs-the-hot-rub-mausteseos\/#primaryimage"},"thumbnailUrl":"https:\/\/bbqassad.ee\/wp-content\/uploads\/2025\/11\/Killer-Hogs-Hot-Rub.jpg","datePublished":"2025-11-07T08:50:20+00:00","dateModified":"2026-04-14T06:32:49+00:00","description":"Mausteinen BBQ rub Killer Hogs The HOT - valmistettu sokerista, suolasta, paprikasta, valkosipulista ja sipulista. Soveltuu lihan ja grillauksen mausteeksi. Tilaa BBQ Aces verkossa.","breadcrumb":{"@id":"https:\/\/bbqassad.ee\/fi\/toode\/killer-hogs-the-hot-rub-mausteseos\/#breadcrumb"},"inLanguage":"fi","potentialAction":[{"@type":"ReadAction","target":["https:\/\/bbqassad.ee\/fi\/toode\/killer-hogs-the-hot-rub-mausteseos\/"]}]},{"@type":"ImageObject","inLanguage":"fi","@id":"https:\/\/bbqassad.ee\/fi\/toode\/killer-hogs-the-hot-rub-mausteseos\/#primaryimage","url":"https:\/\/bbqassad.ee\/wp-content\/uploads\/2025\/11\/Killer-Hogs-Hot-Rub.jpg","contentUrl":"https:\/\/bbqassad.ee\/wp-content\/uploads\/2025\/11\/Killer-Hogs-Hot-Rub.jpg","width":819,"height":1024,"caption":"Killer Hogs The HOT rub maitseainesegu | BBQ \u00c4ssad"},{"@type":"BreadcrumbList","@id":"https:\/\/bbqassad.ee\/fi\/toode\/killer-hogs-the-hot-rub-mausteseos\/#breadcrumb","itemListElement":[{"@type":"ListItem","position":1,"name":"Home","item":"https:\/\/bbqassad.ee\/fi\/bbq-assat\/"},{"@type":"ListItem","position":2,"name":"Verkkokauppa","item":"https:\/\/bbqassad.ee\/fi\/verkkokauppa\/"},{"@type":"ListItem","position":3,"name":"Killer Hogs The HOT Rub -mausteseos"}]},{"@type":"WebSite","@id":"https:\/\/bbqassad.ee\/fi\/#website","url":"https:\/\/bbqassad.ee\/fi\/","name":"BBQ \u00c4ssad","description":"BBQ maitseained, kastmed, ahjud","publisher":{"@id":"https:\/\/bbqassad.ee\/fi\/#organization"},"potentialAction":[{"@type":"SearchAction","target":{"@type":"EntryPoint","urlTemplate":"https:\/\/bbqassad.ee\/fi\/?s={search_term_string}"},"query-input":{"@type":"PropertyValueSpecification","valueRequired":true,"valueName":"search_term_string"}}],"inLanguage":"fi"},{"@type":"Organization","@id":"https:\/\/bbqassad.ee\/fi\/#organization","name":"BBQ \u00c4ssad","url":"https:\/\/bbqassad.ee\/fi\/","logo":{"@type":"ImageObject","inLanguage":"fi","@id":"https:\/\/bbqassad.ee\/fi\/#\/schema\/logo\/image\/","url":"https:\/\/bbqassad.ee\/wp-content\/uploads\/2022\/10\/BBQ-2ssadlogo.png","contentUrl":"https:\/\/bbqassad.ee\/wp-content\/uploads\/2022\/10\/BBQ-2ssadlogo.png","width":1080,"height":1080,"caption":"BBQ \u00c4ssad"},"image":{"@id":"https:\/\/bbqassad.ee\/fi\/#\/schema\/logo\/image\/"},"sameAs":["https:\/\/www.facebook.com\/bbqassad","https:\/\/www.youtube.com\/channel\/UCsoufn49J6TVi9Ah9meE93w"]}]}},"_links":{"self":[{"href":"https:\/\/bbqassad.ee\/fi\/wp-json\/wp\/v2\/product\/22222","targetHints":{"allow":["GET"]}}],"collection":[{"href":"https:\/\/bbqassad.ee\/fi\/wp-json\/wp\/v2\/product"}],"about":[{"href":"https:\/\/bbqassad.ee\/fi\/wp-json\/wp\/v2\/types\/product"}],"replies":[{"embeddable":true,"href":"https:\/\/bbqassad.ee\/fi\/wp-json\/wp\/v2\/comments?post=22222"}],"wp:featuredmedia":[{"embeddable":true,"href":"https:\/\/bbqassad.ee\/fi\/wp-json\/wp\/v2\/media\/22223"}],"wp:attachment":[{"href":"https:\/\/bbqassad.ee\/fi\/wp-json\/wp\/v2\/media?parent=22222"}],"wp:term":[{"taxonomy":"product_brand","embeddable":true,"href":"https:\/\/bbqassad.ee\/fi\/wp-json\/wp\/v2\/product_brand?post=22222"},{"taxonomy":"product_cat","embeddable":true,"href":"https:\/\/bbqassad.ee\/fi\/wp-json\/wp\/v2\/product_cat?post=22222"},{"taxonomy":"product_tag","embeddable":true,"href":"https:\/\/bbqassad.ee\/fi\/wp-json\/wp\/v2\/product_tag?post=22222"}],"curies":[{"name":"wp","href":"https:\/\/api.w.org\/{rel}","templated":true}]}}