{"id":22213,"date":"2025-11-07T10:00:32","date_gmt":"2025-11-07T10:00:32","guid":{"rendered":"https:\/\/bbqassad.ee\/toode\/turnpike-bbq-classic-bbq-kastike\/"},"modified":"2026-04-14T06:32:48","modified_gmt":"2026-04-14T06:32:48","slug":"turnpike-bbq-classic-bbq-kastike","status":"publish","type":"product","link":"https:\/\/bbqassad.ee\/fi\/toode\/turnpike-bbq-classic-bbq-kastike\/","title":{"rendered":"Turnpike BBQ Classic BBQ-kastike"},"content":{"rendered":"<h2>Turnpike BBQ Classic BBQ-kastike<\/h2>\n<p>Tyypillinen amerikkalainen punainen BBQ-kastike, jota hollantilaiset valmistavat. Tasapainoinen, tahmea ja makea. Todellinen yst\u00e4v\u00e4 kaikille, sopii kaikkiin grilliklassikoihin. K\u00e4tev\u00e4ss\u00e4 puristuspullossa!   <\/p>\n<p>&nbsp;<\/p>\n","protected":false},"excerpt":{"rendered":"<p>Alkuper\u00e4maa:<\/p>\n<p>Ainesosat: ruskea tomusokeri, vesi, vihannekset, dekstroosi, sokeri, chilipippuri, omenaviinietikka, suola, yrtit\/mausteet, muunnettu maissit\u00e4rkkelys, aromit, elintarvikehappo E270, E325, s\u00e4il\u00f6nt\u00e4aineet E202, E211.<\/p>\n","protected":false},"featured_media":22214,"comment_status":"open","ping_status":"closed","template":"","meta":[],"product_brand":[301],"product_cat":[801,788],"product_tag":[790,803,789],"class_list":{"0":"post-22213","1":"product","2":"type-product","3":"status-publish","4":"has-post-thumbnail","6":"product_brand-turnpike-smokers","7":"product_cat-soodus","8":"product_cat-kastit","9":"product_tag-kana","10":"product_tag-karja","11":"product_tag-sika","13":"first","14":"outofstock","15":"taxable","16":"shipping-taxable","17":"purchasable","18":"product-type-simple"},"yoast_head":"<!-- This site is optimized with the Yoast SEO plugin v27.4 - https:\/\/yoast.com\/product\/yoast-seo-wordpress\/ -->\n<title>Turnpike BBQ Classic BBQ-kastike - BBQ \u00c4ssad<\/title>\n<meta name=\"description\" content=\"Turnpike BBQ Classic BBQ-kastike - klassinen, tasapainoinen makean savuinen maku, joka sopii t\u00e4ydellisesti ribseille, hampurilaisille, kanalle ja grillatulle lihalle.\" \/>\n<meta name=\"robots\" content=\"index, follow, max-snippet:-1, max-image-preview:large, max-video-preview:-1\" \/>\n<link rel=\"canonical\" href=\"https:\/\/bbqassad.ee\/fi\/toode\/turnpike-bbq-classic-bbq-kastike\/\" \/>\n<meta property=\"og:locale\" content=\"fi_FI\" \/>\n<meta property=\"og:type\" content=\"article\" \/>\n<meta property=\"og:title\" content=\"Turnpike BBQ Classic BBQ-kastike\" \/>\n<meta property=\"og:description\" content=\"Turnpike BBQ Classic BBQ-kastike - klassinen, tasapainoinen makean savuinen maku, joka sopii t\u00e4ydellisesti ribseille, hampurilaisille, kanalle ja grillatulle lihalle.\" \/>\n<meta property=\"og:url\" content=\"https:\/\/bbqassad.ee\/fi\/toode\/turnpike-bbq-classic-bbq-kastike\/\" \/>\n<meta property=\"og:site_name\" content=\"BBQ \u00c4ssad\" \/>\n<meta property=\"article:publisher\" content=\"https:\/\/www.facebook.com\/bbqassad\" \/>\n<meta property=\"article:modified_time\" content=\"2026-04-14T06:32:48+00:00\" \/>\n<meta property=\"og:image\" content=\"https:\/\/bbqassad.ee\/wp-content\/uploads\/2025\/11\/Nimetu-kujundus-156-1024x576.png\" \/>\n<meta name=\"twitter:card\" content=\"summary_large_image\" \/>\n<script type=\"application\/ld+json\" class=\"yoast-schema-graph\">{\"@context\":\"https:\\\/\\\/schema.org\",\"@graph\":[{\"@type\":\"WebPage\",\"@id\":\"https:\\\/\\\/bbqassad.ee\\\/fi\\\/toode\\\/turnpike-bbq-classic-bbq-kastike\\\/\",\"url\":\"https:\\\/\\\/bbqassad.ee\\\/fi\\\/toode\\\/turnpike-bbq-classic-bbq-kastike\\\/\",\"name\":\"Turnpike BBQ Classic BBQ-kastike - BBQ \u00c4ssad\",\"isPartOf\":{\"@id\":\"https:\\\/\\\/bbqassad.ee\\\/fi\\\/#website\"},\"primaryImageOfPage\":{\"@id\":\"https:\\\/\\\/bbqassad.ee\\\/fi\\\/toode\\\/turnpike-bbq-classic-bbq-kastike\\\/#primaryimage\"},\"image\":{\"@id\":\"https:\\\/\\\/bbqassad.ee\\\/fi\\\/toode\\\/turnpike-bbq-classic-bbq-kastike\\\/#primaryimage\"},\"thumbnailUrl\":\"https:\\\/\\\/bbqassad.ee\\\/wp-content\\\/uploads\\\/2025\\\/11\\\/Nimetu-kujundus-156.png\",\"datePublished\":\"2025-11-07T10:00:32+00:00\",\"dateModified\":\"2026-04-14T06:32:48+00:00\",\"description\":\"Turnpike BBQ Classic BBQ-kastike - klassinen, tasapainoinen makean savuinen maku, joka sopii t\u00e4ydellisesti ribseille, hampurilaisille, kanalle ja grillatulle lihalle.\",\"breadcrumb\":{\"@id\":\"https:\\\/\\\/bbqassad.ee\\\/fi\\\/toode\\\/turnpike-bbq-classic-bbq-kastike\\\/#breadcrumb\"},\"inLanguage\":\"fi\",\"potentialAction\":[{\"@type\":\"ReadAction\",\"target\":[\"https:\\\/\\\/bbqassad.ee\\\/fi\\\/toode\\\/turnpike-bbq-classic-bbq-kastike\\\/\"]}]},{\"@type\":\"ImageObject\",\"inLanguage\":\"fi\",\"@id\":\"https:\\\/\\\/bbqassad.ee\\\/fi\\\/toode\\\/turnpike-bbq-classic-bbq-kastike\\\/#primaryimage\",\"url\":\"https:\\\/\\\/bbqassad.ee\\\/wp-content\\\/uploads\\\/2025\\\/11\\\/Nimetu-kujundus-156.png\",\"contentUrl\":\"https:\\\/\\\/bbqassad.ee\\\/wp-content\\\/uploads\\\/2025\\\/11\\\/Nimetu-kujundus-156.png\",\"width\":1280,\"height\":720,\"caption\":\"Turnpike BBQ Classic BBQ kaste\"},{\"@type\":\"BreadcrumbList\",\"@id\":\"https:\\\/\\\/bbqassad.ee\\\/fi\\\/toode\\\/turnpike-bbq-classic-bbq-kastike\\\/#breadcrumb\",\"itemListElement\":[{\"@type\":\"ListItem\",\"position\":1,\"name\":\"Home\",\"item\":\"https:\\\/\\\/bbqassad.ee\\\/fi\\\/bbq-assat\\\/\"},{\"@type\":\"ListItem\",\"position\":2,\"name\":\"Verkkokauppa\",\"item\":\"https:\\\/\\\/bbqassad.ee\\\/fi\\\/verkkokauppa\\\/\"},{\"@type\":\"ListItem\",\"position\":3,\"name\":\"Turnpike BBQ Classic BBQ-kastike\"}]},{\"@type\":\"WebSite\",\"@id\":\"https:\\\/\\\/bbqassad.ee\\\/fi\\\/#website\",\"url\":\"https:\\\/\\\/bbqassad.ee\\\/fi\\\/\",\"name\":\"BBQ \u00c4ssad\",\"description\":\"BBQ maitseained, kastmed, ahjud\",\"publisher\":{\"@id\":\"https:\\\/\\\/bbqassad.ee\\\/fi\\\/#organization\"},\"potentialAction\":[{\"@type\":\"SearchAction\",\"target\":{\"@type\":\"EntryPoint\",\"urlTemplate\":\"https:\\\/\\\/bbqassad.ee\\\/fi\\\/?s={search_term_string}\"},\"query-input\":{\"@type\":\"PropertyValueSpecification\",\"valueRequired\":true,\"valueName\":\"search_term_string\"}}],\"inLanguage\":\"fi\"},{\"@type\":\"Organization\",\"@id\":\"https:\\\/\\\/bbqassad.ee\\\/fi\\\/#organization\",\"name\":\"BBQ \u00c4ssad\",\"url\":\"https:\\\/\\\/bbqassad.ee\\\/fi\\\/\",\"logo\":{\"@type\":\"ImageObject\",\"inLanguage\":\"fi\",\"@id\":\"https:\\\/\\\/bbqassad.ee\\\/fi\\\/#\\\/schema\\\/logo\\\/image\\\/\",\"url\":\"https:\\\/\\\/bbqassad.ee\\\/wp-content\\\/uploads\\\/2022\\\/10\\\/BBQ-2ssadlogo.png\",\"contentUrl\":\"https:\\\/\\\/bbqassad.ee\\\/wp-content\\\/uploads\\\/2022\\\/10\\\/BBQ-2ssadlogo.png\",\"width\":1080,\"height\":1080,\"caption\":\"BBQ \u00c4ssad\"},\"image\":{\"@id\":\"https:\\\/\\\/bbqassad.ee\\\/fi\\\/#\\\/schema\\\/logo\\\/image\\\/\"},\"sameAs\":[\"https:\\\/\\\/www.facebook.com\\\/bbqassad\",\"https:\\\/\\\/www.youtube.com\\\/channel\\\/UCsoufn49J6TVi9Ah9meE93w\"]}]}<\/script>\n<!-- \/ Yoast SEO plugin. -->","yoast_head_json":{"title":"Turnpike BBQ Classic BBQ-kastike - BBQ \u00c4ssad","description":"Turnpike BBQ Classic BBQ-kastike - klassinen, tasapainoinen makean savuinen maku, joka sopii t\u00e4ydellisesti ribseille, hampurilaisille, kanalle ja grillatulle lihalle.","robots":{"index":"index","follow":"follow","max-snippet":"max-snippet:-1","max-image-preview":"max-image-preview:large","max-video-preview":"max-video-preview:-1"},"canonical":"https:\/\/bbqassad.ee\/fi\/toode\/turnpike-bbq-classic-bbq-kastike\/","og_locale":"fi_FI","og_type":"article","og_title":"Turnpike BBQ Classic BBQ-kastike","og_description":"Turnpike BBQ Classic BBQ-kastike - klassinen, tasapainoinen makean savuinen maku, joka sopii t\u00e4ydellisesti ribseille, hampurilaisille, kanalle ja grillatulle lihalle.","og_url":"https:\/\/bbqassad.ee\/fi\/toode\/turnpike-bbq-classic-bbq-kastike\/","og_site_name":"BBQ \u00c4ssad","article_publisher":"https:\/\/www.facebook.com\/bbqassad","article_modified_time":"2026-04-14T06:32:48+00:00","og_image":[{"url":"https:\/\/bbqassad.ee\/wp-content\/uploads\/2025\/11\/Nimetu-kujundus-156-1024x576.png","type":"","width":"","height":""}],"twitter_card":"summary_large_image","schema":{"@context":"https:\/\/schema.org","@graph":[{"@type":"WebPage","@id":"https:\/\/bbqassad.ee\/fi\/toode\/turnpike-bbq-classic-bbq-kastike\/","url":"https:\/\/bbqassad.ee\/fi\/toode\/turnpike-bbq-classic-bbq-kastike\/","name":"Turnpike BBQ Classic BBQ-kastike - BBQ \u00c4ssad","isPartOf":{"@id":"https:\/\/bbqassad.ee\/fi\/#website"},"primaryImageOfPage":{"@id":"https:\/\/bbqassad.ee\/fi\/toode\/turnpike-bbq-classic-bbq-kastike\/#primaryimage"},"image":{"@id":"https:\/\/bbqassad.ee\/fi\/toode\/turnpike-bbq-classic-bbq-kastike\/#primaryimage"},"thumbnailUrl":"https:\/\/bbqassad.ee\/wp-content\/uploads\/2025\/11\/Nimetu-kujundus-156.png","datePublished":"2025-11-07T10:00:32+00:00","dateModified":"2026-04-14T06:32:48+00:00","description":"Turnpike BBQ Classic BBQ-kastike - klassinen, tasapainoinen makean savuinen maku, joka sopii t\u00e4ydellisesti ribseille, hampurilaisille, kanalle ja grillatulle lihalle.","breadcrumb":{"@id":"https:\/\/bbqassad.ee\/fi\/toode\/turnpike-bbq-classic-bbq-kastike\/#breadcrumb"},"inLanguage":"fi","potentialAction":[{"@type":"ReadAction","target":["https:\/\/bbqassad.ee\/fi\/toode\/turnpike-bbq-classic-bbq-kastike\/"]}]},{"@type":"ImageObject","inLanguage":"fi","@id":"https:\/\/bbqassad.ee\/fi\/toode\/turnpike-bbq-classic-bbq-kastike\/#primaryimage","url":"https:\/\/bbqassad.ee\/wp-content\/uploads\/2025\/11\/Nimetu-kujundus-156.png","contentUrl":"https:\/\/bbqassad.ee\/wp-content\/uploads\/2025\/11\/Nimetu-kujundus-156.png","width":1280,"height":720,"caption":"Turnpike BBQ Classic BBQ kaste"},{"@type":"BreadcrumbList","@id":"https:\/\/bbqassad.ee\/fi\/toode\/turnpike-bbq-classic-bbq-kastike\/#breadcrumb","itemListElement":[{"@type":"ListItem","position":1,"name":"Home","item":"https:\/\/bbqassad.ee\/fi\/bbq-assat\/"},{"@type":"ListItem","position":2,"name":"Verkkokauppa","item":"https:\/\/bbqassad.ee\/fi\/verkkokauppa\/"},{"@type":"ListItem","position":3,"name":"Turnpike BBQ Classic BBQ-kastike"}]},{"@type":"WebSite","@id":"https:\/\/bbqassad.ee\/fi\/#website","url":"https:\/\/bbqassad.ee\/fi\/","name":"BBQ \u00c4ssad","description":"BBQ maitseained, kastmed, ahjud","publisher":{"@id":"https:\/\/bbqassad.ee\/fi\/#organization"},"potentialAction":[{"@type":"SearchAction","target":{"@type":"EntryPoint","urlTemplate":"https:\/\/bbqassad.ee\/fi\/?s={search_term_string}"},"query-input":{"@type":"PropertyValueSpecification","valueRequired":true,"valueName":"search_term_string"}}],"inLanguage":"fi"},{"@type":"Organization","@id":"https:\/\/bbqassad.ee\/fi\/#organization","name":"BBQ \u00c4ssad","url":"https:\/\/bbqassad.ee\/fi\/","logo":{"@type":"ImageObject","inLanguage":"fi","@id":"https:\/\/bbqassad.ee\/fi\/#\/schema\/logo\/image\/","url":"https:\/\/bbqassad.ee\/wp-content\/uploads\/2022\/10\/BBQ-2ssadlogo.png","contentUrl":"https:\/\/bbqassad.ee\/wp-content\/uploads\/2022\/10\/BBQ-2ssadlogo.png","width":1080,"height":1080,"caption":"BBQ \u00c4ssad"},"image":{"@id":"https:\/\/bbqassad.ee\/fi\/#\/schema\/logo\/image\/"},"sameAs":["https:\/\/www.facebook.com\/bbqassad","https:\/\/www.youtube.com\/channel\/UCsoufn49J6TVi9Ah9meE93w"]}]}},"_links":{"self":[{"href":"https:\/\/bbqassad.ee\/fi\/wp-json\/wp\/v2\/product\/22213","targetHints":{"allow":["GET"]}}],"collection":[{"href":"https:\/\/bbqassad.ee\/fi\/wp-json\/wp\/v2\/product"}],"about":[{"href":"https:\/\/bbqassad.ee\/fi\/wp-json\/wp\/v2\/types\/product"}],"replies":[{"embeddable":true,"href":"https:\/\/bbqassad.ee\/fi\/wp-json\/wp\/v2\/comments?post=22213"}],"wp:featuredmedia":[{"embeddable":true,"href":"https:\/\/bbqassad.ee\/fi\/wp-json\/wp\/v2\/media\/22214"}],"wp:attachment":[{"href":"https:\/\/bbqassad.ee\/fi\/wp-json\/wp\/v2\/media?parent=22213"}],"wp:term":[{"taxonomy":"product_brand","embeddable":true,"href":"https:\/\/bbqassad.ee\/fi\/wp-json\/wp\/v2\/product_brand?post=22213"},{"taxonomy":"product_cat","embeddable":true,"href":"https:\/\/bbqassad.ee\/fi\/wp-json\/wp\/v2\/product_cat?post=22213"},{"taxonomy":"product_tag","embeddable":true,"href":"https:\/\/bbqassad.ee\/fi\/wp-json\/wp\/v2\/product_tag?post=22213"}],"curies":[{"name":"wp","href":"https:\/\/api.w.org\/{rel}","templated":true}]}}