{"id":22209,"date":"2025-11-07T10:12:23","date_gmt":"2025-11-07T10:12:23","guid":{"rendered":"https:\/\/bbqassad.ee\/toode\/turnpike-bbq-korean-bulgogi-bbq-kastike\/"},"modified":"2026-04-14T06:32:48","modified_gmt":"2026-04-14T06:32:48","slug":"turnpike-bbq-korean-bulgogi-bbq-kastike","status":"publish","type":"product","link":"https:\/\/bbqassad.ee\/fi\/toode\/turnpike-bbq-korean-bulgogi-bbq-kastike\/","title":{"rendered":"Lillie&#8217;s Q &#8221;Q&#8221; -mausteseos"},"content":{"rendered":"<h2>Turnpike BBQ Korean Bulgogi BBQ-kastike<\/h2>\n<p>Jos pid\u00e4t korealaisesta grilliruoasta ja suosikkisi KBBQ-ravintolassa on naudan bulgogi tai jos pid\u00e4t mukavasta pippurisesta kastikkeesta, t\u00e4m\u00e4 on sinua varten! Bulgogi-kastike ei ole liian mausteinen, mutta siin\u00e4 on mukavaa potkua. T\u00e4t\u00e4 kastiketta k\u00e4ytet\u00e4\u00e4n perinteisesti naudan bulgogin valmistukseen, mutta olemme luoneet sen niin, ett\u00e4 se sopii hyvin esimerkiksi satayn, ribsien ja muiden ruokien kanssa.  <\/p>\n","protected":false},"excerpt":{"rendered":"<p>Alkuper\u00e4maa: <\/p>\n<p> Paino: 445g<\/p>\n<p>Ainesosat: Vesi, soijakastike (vesi, soijapavut, vehn\u00e4, suola), ruskea sokeri, sokeri, hunaja, riisiviini, mustapippuri, inkiv\u00e4\u00e4risose (sis\u00e4lt\u00e4\u00e4 vett\u00e4, etikkaa, sitruskuitua), muunnettu maissit\u00e4rkkelys (E1422), sitruunamehutiiviste, maltodekstriini, valkosipuli, sipulijauhe, happo (E325, E270, E330), arominvahventeet (E621), s\u00e4il\u00f6nt\u00e4aineet.<\/p>\n","protected":false},"featured_media":22210,"comment_status":"open","ping_status":"closed","template":"","meta":[],"product_brand":[301],"product_cat":[801,788],"product_tag":[803],"class_list":{"0":"post-22209","1":"product","2":"type-product","3":"status-publish","4":"has-post-thumbnail","6":"product_brand-turnpike-smokers","7":"product_cat-soodus","8":"product_cat-kastit","9":"product_tag-karja","11":"first","12":"outofstock","13":"taxable","14":"shipping-taxable","15":"purchasable","16":"product-type-simple"},"yoast_head":"<!-- This site is optimized with the Yoast SEO plugin v27.4 - https:\/\/yoast.com\/product\/yoast-seo-wordpress\/ -->\n<title>Lillie&#039;s Q &quot;Q&quot; -mausteseos - BBQ \u00c4ssad<\/title>\n<meta name=\"description\" content=\"Turnpike BBQ Korean Bulgogi BBQ Sauce - korealaistyylinen makea ja suolainen bulgogi-mauste naudan-, sian- ja kananlihan marinointiin ja kuorruttamiseen grilliss\u00e4 tai pannulla.\" \/>\n<meta name=\"robots\" content=\"index, follow, max-snippet:-1, max-image-preview:large, max-video-preview:-1\" \/>\n<link rel=\"canonical\" href=\"https:\/\/bbqassad.ee\/fi\/toode\/turnpike-bbq-korean-bulgogi-bbq-kastike\/\" \/>\n<meta property=\"og:locale\" content=\"fi_FI\" \/>\n<meta property=\"og:type\" content=\"article\" \/>\n<meta property=\"og:title\" content=\"Turnpike BBQ Korean Bulgogi BBQ-kastike\" \/>\n<meta property=\"og:description\" content=\"Turnpike BBQ Korean Bulgogi BBQ Sauce - korealaistyylinen makea ja suolainen bulgogi-mauste naudan-, sian- ja kananlihan marinointiin ja kuorruttamiseen grilliss\u00e4 tai pannulla.\" \/>\n<meta property=\"og:url\" content=\"https:\/\/bbqassad.ee\/fi\/toode\/turnpike-bbq-korean-bulgogi-bbq-kastike\/\" \/>\n<meta property=\"og:site_name\" content=\"BBQ \u00c4ssad\" \/>\n<meta property=\"article:publisher\" content=\"https:\/\/www.facebook.com\/bbqassad\" \/>\n<meta property=\"article:modified_time\" content=\"2026-04-14T06:32:48+00:00\" \/>\n<meta property=\"og:image\" content=\"https:\/\/bbqassad.ee\/wp-content\/uploads\/2025\/11\/Nimetu-kujundus-158-1024x576.png\" \/>\n<meta name=\"twitter:card\" content=\"summary_large_image\" \/>\n<script type=\"application\/ld+json\" class=\"yoast-schema-graph\">{\"@context\":\"https:\\\/\\\/schema.org\",\"@graph\":[{\"@type\":\"WebPage\",\"@id\":\"https:\\\/\\\/bbqassad.ee\\\/fi\\\/toode\\\/turnpike-bbq-korean-bulgogi-bbq-kastike\\\/\",\"url\":\"https:\\\/\\\/bbqassad.ee\\\/fi\\\/toode\\\/turnpike-bbq-korean-bulgogi-bbq-kastike\\\/\",\"name\":\"Lillie's Q \\\"Q\\\" -mausteseos - BBQ \u00c4ssad\",\"isPartOf\":{\"@id\":\"https:\\\/\\\/bbqassad.ee\\\/fi\\\/#website\"},\"primaryImageOfPage\":{\"@id\":\"https:\\\/\\\/bbqassad.ee\\\/fi\\\/toode\\\/turnpike-bbq-korean-bulgogi-bbq-kastike\\\/#primaryimage\"},\"image\":{\"@id\":\"https:\\\/\\\/bbqassad.ee\\\/fi\\\/toode\\\/turnpike-bbq-korean-bulgogi-bbq-kastike\\\/#primaryimage\"},\"thumbnailUrl\":\"https:\\\/\\\/bbqassad.ee\\\/wp-content\\\/uploads\\\/2025\\\/11\\\/Nimetu-kujundus-158.png\",\"datePublished\":\"2025-11-07T10:12:23+00:00\",\"dateModified\":\"2026-04-14T06:32:48+00:00\",\"description\":\"Turnpike BBQ Korean Bulgogi BBQ Sauce - korealaistyylinen makea ja suolainen bulgogi-mauste naudan-, sian- ja kananlihan marinointiin ja kuorruttamiseen grilliss\u00e4 tai pannulla.\",\"breadcrumb\":{\"@id\":\"https:\\\/\\\/bbqassad.ee\\\/fi\\\/toode\\\/turnpike-bbq-korean-bulgogi-bbq-kastike\\\/#breadcrumb\"},\"inLanguage\":\"fi\",\"potentialAction\":[{\"@type\":\"ReadAction\",\"target\":[\"https:\\\/\\\/bbqassad.ee\\\/fi\\\/toode\\\/turnpike-bbq-korean-bulgogi-bbq-kastike\\\/\"]}]},{\"@type\":\"ImageObject\",\"inLanguage\":\"fi\",\"@id\":\"https:\\\/\\\/bbqassad.ee\\\/fi\\\/toode\\\/turnpike-bbq-korean-bulgogi-bbq-kastike\\\/#primaryimage\",\"url\":\"https:\\\/\\\/bbqassad.ee\\\/wp-content\\\/uploads\\\/2025\\\/11\\\/Nimetu-kujundus-158.png\",\"contentUrl\":\"https:\\\/\\\/bbqassad.ee\\\/wp-content\\\/uploads\\\/2025\\\/11\\\/Nimetu-kujundus-158.png\",\"width\":1280,\"height\":720,\"caption\":\"Turnpike BBQ Korean Bulgogi BBQ kaste\"},{\"@type\":\"BreadcrumbList\",\"@id\":\"https:\\\/\\\/bbqassad.ee\\\/fi\\\/toode\\\/turnpike-bbq-korean-bulgogi-bbq-kastike\\\/#breadcrumb\",\"itemListElement\":[{\"@type\":\"ListItem\",\"position\":1,\"name\":\"Home\",\"item\":\"https:\\\/\\\/bbqassad.ee\\\/fi\\\/bbq-assat\\\/\"},{\"@type\":\"ListItem\",\"position\":2,\"name\":\"Verkkokauppa\",\"item\":\"https:\\\/\\\/bbqassad.ee\\\/fi\\\/verkkokauppa\\\/\"},{\"@type\":\"ListItem\",\"position\":3,\"name\":\"Lillie&#8217;s Q &#8220;Q&#8221; -mausteseos\"}]},{\"@type\":\"WebSite\",\"@id\":\"https:\\\/\\\/bbqassad.ee\\\/fi\\\/#website\",\"url\":\"https:\\\/\\\/bbqassad.ee\\\/fi\\\/\",\"name\":\"BBQ \u00c4ssad\",\"description\":\"BBQ maitseained, kastmed, ahjud\",\"publisher\":{\"@id\":\"https:\\\/\\\/bbqassad.ee\\\/fi\\\/#organization\"},\"potentialAction\":[{\"@type\":\"SearchAction\",\"target\":{\"@type\":\"EntryPoint\",\"urlTemplate\":\"https:\\\/\\\/bbqassad.ee\\\/fi\\\/?s={search_term_string}\"},\"query-input\":{\"@type\":\"PropertyValueSpecification\",\"valueRequired\":true,\"valueName\":\"search_term_string\"}}],\"inLanguage\":\"fi\"},{\"@type\":\"Organization\",\"@id\":\"https:\\\/\\\/bbqassad.ee\\\/fi\\\/#organization\",\"name\":\"BBQ \u00c4ssad\",\"url\":\"https:\\\/\\\/bbqassad.ee\\\/fi\\\/\",\"logo\":{\"@type\":\"ImageObject\",\"inLanguage\":\"fi\",\"@id\":\"https:\\\/\\\/bbqassad.ee\\\/fi\\\/#\\\/schema\\\/logo\\\/image\\\/\",\"url\":\"https:\\\/\\\/bbqassad.ee\\\/wp-content\\\/uploads\\\/2022\\\/10\\\/BBQ-2ssadlogo.png\",\"contentUrl\":\"https:\\\/\\\/bbqassad.ee\\\/wp-content\\\/uploads\\\/2022\\\/10\\\/BBQ-2ssadlogo.png\",\"width\":1080,\"height\":1080,\"caption\":\"BBQ \u00c4ssad\"},\"image\":{\"@id\":\"https:\\\/\\\/bbqassad.ee\\\/fi\\\/#\\\/schema\\\/logo\\\/image\\\/\"},\"sameAs\":[\"https:\\\/\\\/www.facebook.com\\\/bbqassad\",\"https:\\\/\\\/www.youtube.com\\\/channel\\\/UCsoufn49J6TVi9Ah9meE93w\"]}]}<\/script>\n<!-- \/ Yoast SEO plugin. -->","yoast_head_json":{"title":"Lillie's Q \"Q\" -mausteseos - BBQ \u00c4ssad","description":"Turnpike BBQ Korean Bulgogi BBQ Sauce - korealaistyylinen makea ja suolainen bulgogi-mauste naudan-, sian- ja kananlihan marinointiin ja kuorruttamiseen grilliss\u00e4 tai pannulla.","robots":{"index":"index","follow":"follow","max-snippet":"max-snippet:-1","max-image-preview":"max-image-preview:large","max-video-preview":"max-video-preview:-1"},"canonical":"https:\/\/bbqassad.ee\/fi\/toode\/turnpike-bbq-korean-bulgogi-bbq-kastike\/","og_locale":"fi_FI","og_type":"article","og_title":"Turnpike BBQ Korean Bulgogi BBQ-kastike","og_description":"Turnpike BBQ Korean Bulgogi BBQ Sauce - korealaistyylinen makea ja suolainen bulgogi-mauste naudan-, sian- ja kananlihan marinointiin ja kuorruttamiseen grilliss\u00e4 tai pannulla.","og_url":"https:\/\/bbqassad.ee\/fi\/toode\/turnpike-bbq-korean-bulgogi-bbq-kastike\/","og_site_name":"BBQ \u00c4ssad","article_publisher":"https:\/\/www.facebook.com\/bbqassad","article_modified_time":"2026-04-14T06:32:48+00:00","og_image":[{"url":"https:\/\/bbqassad.ee\/wp-content\/uploads\/2025\/11\/Nimetu-kujundus-158-1024x576.png","type":"","width":"","height":""}],"twitter_card":"summary_large_image","schema":{"@context":"https:\/\/schema.org","@graph":[{"@type":"WebPage","@id":"https:\/\/bbqassad.ee\/fi\/toode\/turnpike-bbq-korean-bulgogi-bbq-kastike\/","url":"https:\/\/bbqassad.ee\/fi\/toode\/turnpike-bbq-korean-bulgogi-bbq-kastike\/","name":"Lillie's Q \"Q\" -mausteseos - BBQ \u00c4ssad","isPartOf":{"@id":"https:\/\/bbqassad.ee\/fi\/#website"},"primaryImageOfPage":{"@id":"https:\/\/bbqassad.ee\/fi\/toode\/turnpike-bbq-korean-bulgogi-bbq-kastike\/#primaryimage"},"image":{"@id":"https:\/\/bbqassad.ee\/fi\/toode\/turnpike-bbq-korean-bulgogi-bbq-kastike\/#primaryimage"},"thumbnailUrl":"https:\/\/bbqassad.ee\/wp-content\/uploads\/2025\/11\/Nimetu-kujundus-158.png","datePublished":"2025-11-07T10:12:23+00:00","dateModified":"2026-04-14T06:32:48+00:00","description":"Turnpike BBQ Korean Bulgogi BBQ Sauce - korealaistyylinen makea ja suolainen bulgogi-mauste naudan-, sian- ja kananlihan marinointiin ja kuorruttamiseen grilliss\u00e4 tai pannulla.","breadcrumb":{"@id":"https:\/\/bbqassad.ee\/fi\/toode\/turnpike-bbq-korean-bulgogi-bbq-kastike\/#breadcrumb"},"inLanguage":"fi","potentialAction":[{"@type":"ReadAction","target":["https:\/\/bbqassad.ee\/fi\/toode\/turnpike-bbq-korean-bulgogi-bbq-kastike\/"]}]},{"@type":"ImageObject","inLanguage":"fi","@id":"https:\/\/bbqassad.ee\/fi\/toode\/turnpike-bbq-korean-bulgogi-bbq-kastike\/#primaryimage","url":"https:\/\/bbqassad.ee\/wp-content\/uploads\/2025\/11\/Nimetu-kujundus-158.png","contentUrl":"https:\/\/bbqassad.ee\/wp-content\/uploads\/2025\/11\/Nimetu-kujundus-158.png","width":1280,"height":720,"caption":"Turnpike BBQ Korean Bulgogi BBQ kaste"},{"@type":"BreadcrumbList","@id":"https:\/\/bbqassad.ee\/fi\/toode\/turnpike-bbq-korean-bulgogi-bbq-kastike\/#breadcrumb","itemListElement":[{"@type":"ListItem","position":1,"name":"Home","item":"https:\/\/bbqassad.ee\/fi\/bbq-assat\/"},{"@type":"ListItem","position":2,"name":"Verkkokauppa","item":"https:\/\/bbqassad.ee\/fi\/verkkokauppa\/"},{"@type":"ListItem","position":3,"name":"Lillie&#8217;s Q &#8220;Q&#8221; -mausteseos"}]},{"@type":"WebSite","@id":"https:\/\/bbqassad.ee\/fi\/#website","url":"https:\/\/bbqassad.ee\/fi\/","name":"BBQ \u00c4ssad","description":"BBQ maitseained, kastmed, ahjud","publisher":{"@id":"https:\/\/bbqassad.ee\/fi\/#organization"},"potentialAction":[{"@type":"SearchAction","target":{"@type":"EntryPoint","urlTemplate":"https:\/\/bbqassad.ee\/fi\/?s={search_term_string}"},"query-input":{"@type":"PropertyValueSpecification","valueRequired":true,"valueName":"search_term_string"}}],"inLanguage":"fi"},{"@type":"Organization","@id":"https:\/\/bbqassad.ee\/fi\/#organization","name":"BBQ \u00c4ssad","url":"https:\/\/bbqassad.ee\/fi\/","logo":{"@type":"ImageObject","inLanguage":"fi","@id":"https:\/\/bbqassad.ee\/fi\/#\/schema\/logo\/image\/","url":"https:\/\/bbqassad.ee\/wp-content\/uploads\/2022\/10\/BBQ-2ssadlogo.png","contentUrl":"https:\/\/bbqassad.ee\/wp-content\/uploads\/2022\/10\/BBQ-2ssadlogo.png","width":1080,"height":1080,"caption":"BBQ \u00c4ssad"},"image":{"@id":"https:\/\/bbqassad.ee\/fi\/#\/schema\/logo\/image\/"},"sameAs":["https:\/\/www.facebook.com\/bbqassad","https:\/\/www.youtube.com\/channel\/UCsoufn49J6TVi9Ah9meE93w"]}]}},"_links":{"self":[{"href":"https:\/\/bbqassad.ee\/fi\/wp-json\/wp\/v2\/product\/22209","targetHints":{"allow":["GET"]}}],"collection":[{"href":"https:\/\/bbqassad.ee\/fi\/wp-json\/wp\/v2\/product"}],"about":[{"href":"https:\/\/bbqassad.ee\/fi\/wp-json\/wp\/v2\/types\/product"}],"replies":[{"embeddable":true,"href":"https:\/\/bbqassad.ee\/fi\/wp-json\/wp\/v2\/comments?post=22209"}],"wp:featuredmedia":[{"embeddable":true,"href":"https:\/\/bbqassad.ee\/fi\/wp-json\/wp\/v2\/media\/22210"}],"wp:attachment":[{"href":"https:\/\/bbqassad.ee\/fi\/wp-json\/wp\/v2\/media?parent=22209"}],"wp:term":[{"taxonomy":"product_brand","embeddable":true,"href":"https:\/\/bbqassad.ee\/fi\/wp-json\/wp\/v2\/product_brand?post=22209"},{"taxonomy":"product_cat","embeddable":true,"href":"https:\/\/bbqassad.ee\/fi\/wp-json\/wp\/v2\/product_cat?post=22209"},{"taxonomy":"product_tag","embeddable":true,"href":"https:\/\/bbqassad.ee\/fi\/wp-json\/wp\/v2\/product_tag?post=22209"}],"curies":[{"name":"wp","href":"https:\/\/api.w.org\/{rel}","templated":true}]}}