{"id":22205,"date":"2025-11-07T11:01:01","date_gmt":"2025-11-07T11:01:01","guid":{"rendered":"https:\/\/bbqassad.ee\/toode\/hot-shit-salsa-2\/"},"modified":"2026-04-14T06:32:45","modified_gmt":"2026-04-14T06:32:45","slug":"hot-shit-salsa-2","status":"publish","type":"product","link":"https:\/\/bbqassad.ee\/fi\/toode\/hot-shit-salsa-2\/","title":{"rendered":"Hot Shit salsa"},"content":{"rendered":"<h2>Hot Shit -salsakastike<\/h2>\n<p>Parasta salsaa, jota tulet koskaan maistamaan&#8230;. No Shit baby! <\/p>\n<p><strong>BBQAces kommentti:<\/strong> Kun etiketiss\u00e4 lukee, ett\u00e4 se on tulinen, tulinen l\u00e4hde on jalapeno, serrano ja habanero. Hyv\u00e4 raikas maku ja vakava herkku mausteisuuden yst\u00e4ville. <\/p>\n<p><strong>Ammattilaisvinkki<\/strong>: On hyvin v\u00e4h\u00e4n asioita, joihin t\u00e4t\u00e4 salsaa ei voi k\u00e4ytt\u00e4\u00e4.<\/p>\n","protected":false},"excerpt":{"rendered":"<p>Alkuper\u00e4maa: Yhdysvallat<\/p>\n<p>Paino: 453 g<\/p>\n<p>Ainesosat: Tomaattipyree (vesi, tomaattipyree, sitruunahappo), valkoviinietikka, sipuli, limemehu, paprika, jalape\u00f1opippuri, serranopippuri, korianteri, sokeri, valkosipuli, habaneropippuri, suola ja mausteet.<\/p>\n<p><strong>Valmistettu tehtaassa, jossa k\u00e4sitell\u00e4\u00e4n my\u00f6s vehn\u00e4\u00e4, maitotuotteita, kalaa, soijaa, p\u00e4hkin\u00f6it\u00e4, munia ja \u00e4yri\u00e4isi\u00e4.<\/strong>  Parasta ennen: katso etiketti. S\u00e4ilyt\u00e4 avaamisen j\u00e4lkeen j\u00e4\u00e4kaapissa. <\/p>\n","protected":false},"featured_media":22206,"comment_status":"open","ping_status":"closed","template":"","meta":[],"product_brand":[],"product_cat":[788],"product_tag":[791,790,803,789],"class_list":{"0":"post-22205","1":"product","2":"type-product","3":"status-publish","4":"has-post-thumbnail","6":"product_cat-kastit","7":"product_tag-kala","8":"product_tag-kana","9":"product_tag-karja","10":"product_tag-sika","12":"first","13":"outofstock","14":"taxable","15":"shipping-taxable","16":"purchasable","17":"product-type-simple"},"yoast_head":"<!-- This site is optimized with the Yoast SEO plugin v27.4 - https:\/\/yoast.com\/product\/yoast-seo-wordpress\/ -->\n<title>Hot Shit salsa 453 g | Mausteinen salsa-kastike | BBQ Aces<\/title>\n<meta name=\"description\" content=\"Hot Shit Salsa Sauce (453 g) - Tulinen ja raikas maku, jossa on jalape\u00f1o-, serrano- ja habanero chilej\u00e4. Sopii tacoihin, hampurilaisiin, nachoihin ja grillattuun lihaan.\" \/>\n<meta name=\"robots\" content=\"index, follow, max-snippet:-1, max-image-preview:large, max-video-preview:-1\" \/>\n<link rel=\"canonical\" href=\"https:\/\/bbqassad.ee\/fi\/toode\/hot-shit-salsa-2\/\" \/>\n<meta property=\"og:locale\" content=\"fi_FI\" \/>\n<meta property=\"og:type\" content=\"article\" \/>\n<meta property=\"og:title\" content=\"Hot Shit salsa 453 g | Mausteinen salsa-kastike | BBQ Aces\" \/>\n<meta property=\"og:description\" content=\"Hot Shit Salsa Sauce (453 g) - Tulinen ja raikas maku, jossa on jalape\u00f1o-, serrano- ja habanero chilej\u00e4. Sopii tacoihin, hampurilaisiin, nachoihin ja grillattuun lihaan.\" \/>\n<meta property=\"og:url\" content=\"https:\/\/bbqassad.ee\/fi\/toode\/hot-shit-salsa-2\/\" \/>\n<meta property=\"og:site_name\" content=\"BBQ \u00c4ssad\" \/>\n<meta property=\"article:publisher\" content=\"https:\/\/www.facebook.com\/bbqassad\" \/>\n<meta property=\"article:modified_time\" content=\"2026-04-14T06:32:45+00:00\" \/>\n<meta property=\"og:image\" content=\"https:\/\/bbqassad.ee\/wp-content\/uploads\/2025\/11\/Nimetu-kujundus-159-1024x576.png\" \/>\n<meta name=\"twitter:card\" content=\"summary_large_image\" \/>\n<script type=\"application\/ld+json\" class=\"yoast-schema-graph\">{\"@context\":\"https:\\\/\\\/schema.org\",\"@graph\":[{\"@type\":\"WebPage\",\"@id\":\"https:\\\/\\\/bbqassad.ee\\\/fi\\\/toode\\\/hot-shit-salsa-2\\\/\",\"url\":\"https:\\\/\\\/bbqassad.ee\\\/fi\\\/toode\\\/hot-shit-salsa-2\\\/\",\"name\":\"Hot Shit salsa 453 g | Mausteinen salsa-kastike | BBQ Aces\",\"isPartOf\":{\"@id\":\"https:\\\/\\\/bbqassad.ee\\\/fi\\\/#website\"},\"primaryImageOfPage\":{\"@id\":\"https:\\\/\\\/bbqassad.ee\\\/fi\\\/toode\\\/hot-shit-salsa-2\\\/#primaryimage\"},\"image\":{\"@id\":\"https:\\\/\\\/bbqassad.ee\\\/fi\\\/toode\\\/hot-shit-salsa-2\\\/#primaryimage\"},\"thumbnailUrl\":\"https:\\\/\\\/bbqassad.ee\\\/wp-content\\\/uploads\\\/2025\\\/11\\\/Nimetu-kujundus-159.png\",\"datePublished\":\"2025-11-07T11:01:01+00:00\",\"dateModified\":\"2026-04-14T06:32:45+00:00\",\"description\":\"Hot Shit Salsa Sauce (453 g) - Tulinen ja raikas maku, jossa on jalape\u00f1o-, serrano- ja habanero chilej\u00e4. Sopii tacoihin, hampurilaisiin, nachoihin ja grillattuun lihaan.\",\"breadcrumb\":{\"@id\":\"https:\\\/\\\/bbqassad.ee\\\/fi\\\/toode\\\/hot-shit-salsa-2\\\/#breadcrumb\"},\"inLanguage\":\"fi\",\"potentialAction\":[{\"@type\":\"ReadAction\",\"target\":[\"https:\\\/\\\/bbqassad.ee\\\/fi\\\/toode\\\/hot-shit-salsa-2\\\/\"]}]},{\"@type\":\"ImageObject\",\"inLanguage\":\"fi\",\"@id\":\"https:\\\/\\\/bbqassad.ee\\\/fi\\\/toode\\\/hot-shit-salsa-2\\\/#primaryimage\",\"url\":\"https:\\\/\\\/bbqassad.ee\\\/wp-content\\\/uploads\\\/2025\\\/11\\\/Nimetu-kujundus-159.png\",\"contentUrl\":\"https:\\\/\\\/bbqassad.ee\\\/wp-content\\\/uploads\\\/2025\\\/11\\\/Nimetu-kujundus-159.png\",\"width\":1280,\"height\":720,\"caption\":\"Hot Shit salsa 453 g | V\u00fcrtsikas salsakaste | BBQ \u00c4ssad\"},{\"@type\":\"BreadcrumbList\",\"@id\":\"https:\\\/\\\/bbqassad.ee\\\/fi\\\/toode\\\/hot-shit-salsa-2\\\/#breadcrumb\",\"itemListElement\":[{\"@type\":\"ListItem\",\"position\":1,\"name\":\"Home\",\"item\":\"https:\\\/\\\/bbqassad.ee\\\/fi\\\/bbq-assat\\\/\"},{\"@type\":\"ListItem\",\"position\":2,\"name\":\"Verkkokauppa\",\"item\":\"https:\\\/\\\/bbqassad.ee\\\/fi\\\/verkkokauppa\\\/\"},{\"@type\":\"ListItem\",\"position\":3,\"name\":\"Hot Shit salsa\"}]},{\"@type\":\"WebSite\",\"@id\":\"https:\\\/\\\/bbqassad.ee\\\/fi\\\/#website\",\"url\":\"https:\\\/\\\/bbqassad.ee\\\/fi\\\/\",\"name\":\"BBQ \u00c4ssad\",\"description\":\"BBQ maitseained, kastmed, ahjud\",\"publisher\":{\"@id\":\"https:\\\/\\\/bbqassad.ee\\\/fi\\\/#organization\"},\"potentialAction\":[{\"@type\":\"SearchAction\",\"target\":{\"@type\":\"EntryPoint\",\"urlTemplate\":\"https:\\\/\\\/bbqassad.ee\\\/fi\\\/?s={search_term_string}\"},\"query-input\":{\"@type\":\"PropertyValueSpecification\",\"valueRequired\":true,\"valueName\":\"search_term_string\"}}],\"inLanguage\":\"fi\"},{\"@type\":\"Organization\",\"@id\":\"https:\\\/\\\/bbqassad.ee\\\/fi\\\/#organization\",\"name\":\"BBQ \u00c4ssad\",\"url\":\"https:\\\/\\\/bbqassad.ee\\\/fi\\\/\",\"logo\":{\"@type\":\"ImageObject\",\"inLanguage\":\"fi\",\"@id\":\"https:\\\/\\\/bbqassad.ee\\\/fi\\\/#\\\/schema\\\/logo\\\/image\\\/\",\"url\":\"https:\\\/\\\/bbqassad.ee\\\/wp-content\\\/uploads\\\/2022\\\/10\\\/BBQ-2ssadlogo.png\",\"contentUrl\":\"https:\\\/\\\/bbqassad.ee\\\/wp-content\\\/uploads\\\/2022\\\/10\\\/BBQ-2ssadlogo.png\",\"width\":1080,\"height\":1080,\"caption\":\"BBQ \u00c4ssad\"},\"image\":{\"@id\":\"https:\\\/\\\/bbqassad.ee\\\/fi\\\/#\\\/schema\\\/logo\\\/image\\\/\"},\"sameAs\":[\"https:\\\/\\\/www.facebook.com\\\/bbqassad\",\"https:\\\/\\\/www.youtube.com\\\/channel\\\/UCsoufn49J6TVi9Ah9meE93w\"]}]}<\/script>\n<!-- \/ Yoast SEO plugin. -->","yoast_head_json":{"title":"Hot Shit salsa 453 g | Mausteinen salsa-kastike | BBQ Aces","description":"Hot Shit Salsa Sauce (453 g) - Tulinen ja raikas maku, jossa on jalape\u00f1o-, serrano- ja habanero chilej\u00e4. Sopii tacoihin, hampurilaisiin, nachoihin ja grillattuun lihaan.","robots":{"index":"index","follow":"follow","max-snippet":"max-snippet:-1","max-image-preview":"max-image-preview:large","max-video-preview":"max-video-preview:-1"},"canonical":"https:\/\/bbqassad.ee\/fi\/toode\/hot-shit-salsa-2\/","og_locale":"fi_FI","og_type":"article","og_title":"Hot Shit salsa 453 g | Mausteinen salsa-kastike | BBQ Aces","og_description":"Hot Shit Salsa Sauce (453 g) - Tulinen ja raikas maku, jossa on jalape\u00f1o-, serrano- ja habanero chilej\u00e4. Sopii tacoihin, hampurilaisiin, nachoihin ja grillattuun lihaan.","og_url":"https:\/\/bbqassad.ee\/fi\/toode\/hot-shit-salsa-2\/","og_site_name":"BBQ \u00c4ssad","article_publisher":"https:\/\/www.facebook.com\/bbqassad","article_modified_time":"2026-04-14T06:32:45+00:00","og_image":[{"url":"https:\/\/bbqassad.ee\/wp-content\/uploads\/2025\/11\/Nimetu-kujundus-159-1024x576.png","type":"","width":"","height":""}],"twitter_card":"summary_large_image","schema":{"@context":"https:\/\/schema.org","@graph":[{"@type":"WebPage","@id":"https:\/\/bbqassad.ee\/fi\/toode\/hot-shit-salsa-2\/","url":"https:\/\/bbqassad.ee\/fi\/toode\/hot-shit-salsa-2\/","name":"Hot Shit salsa 453 g | Mausteinen salsa-kastike | BBQ Aces","isPartOf":{"@id":"https:\/\/bbqassad.ee\/fi\/#website"},"primaryImageOfPage":{"@id":"https:\/\/bbqassad.ee\/fi\/toode\/hot-shit-salsa-2\/#primaryimage"},"image":{"@id":"https:\/\/bbqassad.ee\/fi\/toode\/hot-shit-salsa-2\/#primaryimage"},"thumbnailUrl":"https:\/\/bbqassad.ee\/wp-content\/uploads\/2025\/11\/Nimetu-kujundus-159.png","datePublished":"2025-11-07T11:01:01+00:00","dateModified":"2026-04-14T06:32:45+00:00","description":"Hot Shit Salsa Sauce (453 g) - Tulinen ja raikas maku, jossa on jalape\u00f1o-, serrano- ja habanero chilej\u00e4. Sopii tacoihin, hampurilaisiin, nachoihin ja grillattuun lihaan.","breadcrumb":{"@id":"https:\/\/bbqassad.ee\/fi\/toode\/hot-shit-salsa-2\/#breadcrumb"},"inLanguage":"fi","potentialAction":[{"@type":"ReadAction","target":["https:\/\/bbqassad.ee\/fi\/toode\/hot-shit-salsa-2\/"]}]},{"@type":"ImageObject","inLanguage":"fi","@id":"https:\/\/bbqassad.ee\/fi\/toode\/hot-shit-salsa-2\/#primaryimage","url":"https:\/\/bbqassad.ee\/wp-content\/uploads\/2025\/11\/Nimetu-kujundus-159.png","contentUrl":"https:\/\/bbqassad.ee\/wp-content\/uploads\/2025\/11\/Nimetu-kujundus-159.png","width":1280,"height":720,"caption":"Hot Shit salsa 453 g | V\u00fcrtsikas salsakaste | BBQ \u00c4ssad"},{"@type":"BreadcrumbList","@id":"https:\/\/bbqassad.ee\/fi\/toode\/hot-shit-salsa-2\/#breadcrumb","itemListElement":[{"@type":"ListItem","position":1,"name":"Home","item":"https:\/\/bbqassad.ee\/fi\/bbq-assat\/"},{"@type":"ListItem","position":2,"name":"Verkkokauppa","item":"https:\/\/bbqassad.ee\/fi\/verkkokauppa\/"},{"@type":"ListItem","position":3,"name":"Hot Shit salsa"}]},{"@type":"WebSite","@id":"https:\/\/bbqassad.ee\/fi\/#website","url":"https:\/\/bbqassad.ee\/fi\/","name":"BBQ \u00c4ssad","description":"BBQ maitseained, kastmed, ahjud","publisher":{"@id":"https:\/\/bbqassad.ee\/fi\/#organization"},"potentialAction":[{"@type":"SearchAction","target":{"@type":"EntryPoint","urlTemplate":"https:\/\/bbqassad.ee\/fi\/?s={search_term_string}"},"query-input":{"@type":"PropertyValueSpecification","valueRequired":true,"valueName":"search_term_string"}}],"inLanguage":"fi"},{"@type":"Organization","@id":"https:\/\/bbqassad.ee\/fi\/#organization","name":"BBQ \u00c4ssad","url":"https:\/\/bbqassad.ee\/fi\/","logo":{"@type":"ImageObject","inLanguage":"fi","@id":"https:\/\/bbqassad.ee\/fi\/#\/schema\/logo\/image\/","url":"https:\/\/bbqassad.ee\/wp-content\/uploads\/2022\/10\/BBQ-2ssadlogo.png","contentUrl":"https:\/\/bbqassad.ee\/wp-content\/uploads\/2022\/10\/BBQ-2ssadlogo.png","width":1080,"height":1080,"caption":"BBQ \u00c4ssad"},"image":{"@id":"https:\/\/bbqassad.ee\/fi\/#\/schema\/logo\/image\/"},"sameAs":["https:\/\/www.facebook.com\/bbqassad","https:\/\/www.youtube.com\/channel\/UCsoufn49J6TVi9Ah9meE93w"]}]}},"_links":{"self":[{"href":"https:\/\/bbqassad.ee\/fi\/wp-json\/wp\/v2\/product\/22205","targetHints":{"allow":["GET"]}}],"collection":[{"href":"https:\/\/bbqassad.ee\/fi\/wp-json\/wp\/v2\/product"}],"about":[{"href":"https:\/\/bbqassad.ee\/fi\/wp-json\/wp\/v2\/types\/product"}],"replies":[{"embeddable":true,"href":"https:\/\/bbqassad.ee\/fi\/wp-json\/wp\/v2\/comments?post=22205"}],"wp:featuredmedia":[{"embeddable":true,"href":"https:\/\/bbqassad.ee\/fi\/wp-json\/wp\/v2\/media\/22206"}],"wp:attachment":[{"href":"https:\/\/bbqassad.ee\/fi\/wp-json\/wp\/v2\/media?parent=22205"}],"wp:term":[{"taxonomy":"product_brand","embeddable":true,"href":"https:\/\/bbqassad.ee\/fi\/wp-json\/wp\/v2\/product_brand?post=22205"},{"taxonomy":"product_cat","embeddable":true,"href":"https:\/\/bbqassad.ee\/fi\/wp-json\/wp\/v2\/product_cat?post=22205"},{"taxonomy":"product_tag","embeddable":true,"href":"https:\/\/bbqassad.ee\/fi\/wp-json\/wp\/v2\/product_tag?post=22205"}],"curies":[{"name":"wp","href":"https:\/\/api.w.org\/{rel}","templated":true}]}}