{"id":22202,"date":"2025-11-07T11:44:01","date_gmt":"2025-11-07T11:44:01","guid":{"rendered":"https:\/\/bbqassad.ee\/toode\/lillies-q-q-mausteseos\/"},"modified":"2026-04-14T06:32:45","modified_gmt":"2026-04-14T06:32:45","slug":"lillies-q-q-mausteseos","status":"publish","type":"product","link":"https:\/\/bbqassad.ee\/fi\/toode\/lillies-q-q-mausteseos\/","title":{"rendered":"Lillie&#8217;s Q &#8221;Q&#8221; mausteseos"},"content":{"rendered":"<h2>Lillie&#8217;s Q &#8221;Q&#8221; mausteseos<\/h2>\n<p>Lillie&#8217;s Q-Rub on monipuolinen suolapohjainen mausteseos, joka sis\u00e4lt\u00e4\u00e4 hienostuneen makusekoituksen: mustapippuria, valkosipulia, sipulia ja mietoja mausteita. Se on suunniteltu vahvistamaan makua ilman, ett\u00e4 se on liian hallitseva, joten se on monipuolinen ja t\u00e4ydellinen BBQ-mestariteoksillesi. <\/p>\n<p><strong>BBQAces kommentti:<\/strong> Suolapohjainen ja hienoksi jauhettu SPG. Suolattu, suolainen ja hienoksi jauhettu, se on hyv\u00e4 tapa lis\u00e4t\u00e4 itse lihan makua ja sopii hyvin grillaukseen. <\/p>\n<p><strong>Ammattilaisvinkki<\/strong>: Kana on ensimm\u00e4inen asia, joka tulee mieleen.<\/p>\n","protected":false},"excerpt":{"rendered":"<p>Alkuper\u00e4maa: <\/p>\n<p> Paino: 394g<\/p>\n<p>Ainesosat: Merisuola, kuivattu valkosipuli ja sipuli, mausteet (mukaan lukien chilipippuri), sokeri, paprika, sellerin siemenet ja enint\u00e4\u00e4n 2 % trikalsiumfosfaattia paakkuuntumisen est\u00e4miseksi.<\/p>\n","protected":false},"featured_media":22203,"comment_status":"open","ping_status":"closed","template":"","meta":[],"product_brand":[],"product_cat":[802],"product_tag":[790],"class_list":{"0":"post-22202","1":"product","2":"type-product","3":"status-publish","4":"has-post-thumbnail","6":"product_cat-sekoitukset","7":"product_tag-kana","9":"first","10":"instock","11":"taxable","12":"shipping-taxable","13":"purchasable","14":"product-type-simple"},"yoast_head":"<!-- This site is optimized with the Yoast SEO plugin v27.4 - https:\/\/yoast.com\/product\/yoast-seo-wordpress\/ -->\n<title>Lillie&#039;s Q &quot;Q&quot; -mausteseos | Universal BBQ rub | BBQ Aces<\/title>\n<meta name=\"description\" content=\"Monipuolinen suolapohjainen BBQ-mausteseos (mustapippuria, valkosipulia, sipulia ja mietoja mausteita). Sopii hyvin lihan, kanan ja vihannesten kanssa.\" \/>\n<meta name=\"robots\" content=\"index, follow, max-snippet:-1, max-image-preview:large, max-video-preview:-1\" \/>\n<link rel=\"canonical\" href=\"https:\/\/bbqassad.ee\/fi\/toode\/lillies-q-q-mausteseos\/\" \/>\n<meta property=\"og:locale\" content=\"fi_FI\" \/>\n<meta property=\"og:type\" content=\"article\" \/>\n<meta property=\"og:title\" content=\"Lillie&#039;s Q &quot;Q&quot; -mausteseos | Universal BBQ rub | BBQ Aces\" \/>\n<meta property=\"og:description\" content=\"Monipuolinen suolapohjainen BBQ-mausteseos (mustapippuria, valkosipulia, sipulia ja mietoja mausteita). Sopii hyvin lihan, kanan ja vihannesten kanssa. Tilaa BBQ Aces verkossa.\" \/>\n<meta property=\"og:url\" content=\"https:\/\/bbqassad.ee\/fi\/toode\/lillies-q-q-mausteseos\/\" \/>\n<meta property=\"og:site_name\" content=\"BBQ \u00c4ssad\" \/>\n<meta property=\"article:publisher\" content=\"https:\/\/www.facebook.com\/bbqassad\" \/>\n<meta property=\"article:modified_time\" content=\"2026-04-14T06:32:45+00:00\" \/>\n<meta property=\"og:image\" content=\"https:\/\/bbqassad.ee\/wp-content\/uploads\/2025\/11\/Q-RubFront2048x2048-300x300.webp\" \/>\n<meta name=\"twitter:card\" content=\"summary_large_image\" \/>\n<script type=\"application\/ld+json\" class=\"yoast-schema-graph\">{\"@context\":\"https:\\\/\\\/schema.org\",\"@graph\":[{\"@type\":\"WebPage\",\"@id\":\"https:\\\/\\\/bbqassad.ee\\\/fi\\\/toode\\\/lillies-q-q-mausteseos\\\/\",\"url\":\"https:\\\/\\\/bbqassad.ee\\\/fi\\\/toode\\\/lillies-q-q-mausteseos\\\/\",\"name\":\"Lillie's Q \\\"Q\\\" -mausteseos | Universal BBQ rub | BBQ Aces\",\"isPartOf\":{\"@id\":\"https:\\\/\\\/bbqassad.ee\\\/fi\\\/#website\"},\"primaryImageOfPage\":{\"@id\":\"https:\\\/\\\/bbqassad.ee\\\/fi\\\/toode\\\/lillies-q-q-mausteseos\\\/#primaryimage\"},\"image\":{\"@id\":\"https:\\\/\\\/bbqassad.ee\\\/fi\\\/toode\\\/lillies-q-q-mausteseos\\\/#primaryimage\"},\"thumbnailUrl\":\"https:\\\/\\\/bbqassad.ee\\\/wp-content\\\/uploads\\\/2025\\\/11\\\/Q-RubFront2048x2048.webp\",\"datePublished\":\"2025-11-07T11:44:01+00:00\",\"dateModified\":\"2026-04-14T06:32:45+00:00\",\"description\":\"Monipuolinen suolapohjainen BBQ-mausteseos (mustapippuria, valkosipulia, sipulia ja mietoja mausteita). Sopii hyvin lihan, kanan ja vihannesten kanssa.\",\"breadcrumb\":{\"@id\":\"https:\\\/\\\/bbqassad.ee\\\/fi\\\/toode\\\/lillies-q-q-mausteseos\\\/#breadcrumb\"},\"inLanguage\":\"fi\",\"potentialAction\":[{\"@type\":\"ReadAction\",\"target\":[\"https:\\\/\\\/bbqassad.ee\\\/fi\\\/toode\\\/lillies-q-q-mausteseos\\\/\"]}]},{\"@type\":\"ImageObject\",\"inLanguage\":\"fi\",\"@id\":\"https:\\\/\\\/bbqassad.ee\\\/fi\\\/toode\\\/lillies-q-q-mausteseos\\\/#primaryimage\",\"url\":\"https:\\\/\\\/bbqassad.ee\\\/wp-content\\\/uploads\\\/2025\\\/11\\\/Q-RubFront2048x2048.webp\",\"contentUrl\":\"https:\\\/\\\/bbqassad.ee\\\/wp-content\\\/uploads\\\/2025\\\/11\\\/Q-RubFront2048x2048.webp\",\"width\":1920,\"height\":1920,\"caption\":\"Lillie\u2019s Q \u201cQ\u201d maitseainesegu | Universaalne BBQ rub | BBQ \u00c4ssad\"},{\"@type\":\"BreadcrumbList\",\"@id\":\"https:\\\/\\\/bbqassad.ee\\\/fi\\\/toode\\\/lillies-q-q-mausteseos\\\/#breadcrumb\",\"itemListElement\":[{\"@type\":\"ListItem\",\"position\":1,\"name\":\"Home\",\"item\":\"https:\\\/\\\/bbqassad.ee\\\/fi\\\/bbq-assat\\\/\"},{\"@type\":\"ListItem\",\"position\":2,\"name\":\"Verkkokauppa\",\"item\":\"https:\\\/\\\/bbqassad.ee\\\/fi\\\/verkkokauppa\\\/\"},{\"@type\":\"ListItem\",\"position\":3,\"name\":\"Lillie&#8217;s Q &#8220;Q&#8221; mausteseos\"}]},{\"@type\":\"WebSite\",\"@id\":\"https:\\\/\\\/bbqassad.ee\\\/fi\\\/#website\",\"url\":\"https:\\\/\\\/bbqassad.ee\\\/fi\\\/\",\"name\":\"BBQ \u00c4ssad\",\"description\":\"BBQ maitseained, kastmed, ahjud\",\"publisher\":{\"@id\":\"https:\\\/\\\/bbqassad.ee\\\/fi\\\/#organization\"},\"potentialAction\":[{\"@type\":\"SearchAction\",\"target\":{\"@type\":\"EntryPoint\",\"urlTemplate\":\"https:\\\/\\\/bbqassad.ee\\\/fi\\\/?s={search_term_string}\"},\"query-input\":{\"@type\":\"PropertyValueSpecification\",\"valueRequired\":true,\"valueName\":\"search_term_string\"}}],\"inLanguage\":\"fi\"},{\"@type\":\"Organization\",\"@id\":\"https:\\\/\\\/bbqassad.ee\\\/fi\\\/#organization\",\"name\":\"BBQ \u00c4ssad\",\"url\":\"https:\\\/\\\/bbqassad.ee\\\/fi\\\/\",\"logo\":{\"@type\":\"ImageObject\",\"inLanguage\":\"fi\",\"@id\":\"https:\\\/\\\/bbqassad.ee\\\/fi\\\/#\\\/schema\\\/logo\\\/image\\\/\",\"url\":\"https:\\\/\\\/bbqassad.ee\\\/wp-content\\\/uploads\\\/2022\\\/10\\\/BBQ-2ssadlogo.png\",\"contentUrl\":\"https:\\\/\\\/bbqassad.ee\\\/wp-content\\\/uploads\\\/2022\\\/10\\\/BBQ-2ssadlogo.png\",\"width\":1080,\"height\":1080,\"caption\":\"BBQ \u00c4ssad\"},\"image\":{\"@id\":\"https:\\\/\\\/bbqassad.ee\\\/fi\\\/#\\\/schema\\\/logo\\\/image\\\/\"},\"sameAs\":[\"https:\\\/\\\/www.facebook.com\\\/bbqassad\",\"https:\\\/\\\/www.youtube.com\\\/channel\\\/UCsoufn49J6TVi9Ah9meE93w\"]}]}<\/script>\n<!-- \/ Yoast SEO plugin. -->","yoast_head_json":{"title":"Lillie's Q \"Q\" -mausteseos | Universal BBQ rub | BBQ Aces","description":"Monipuolinen suolapohjainen BBQ-mausteseos (mustapippuria, valkosipulia, sipulia ja mietoja mausteita). Sopii hyvin lihan, kanan ja vihannesten kanssa.","robots":{"index":"index","follow":"follow","max-snippet":"max-snippet:-1","max-image-preview":"max-image-preview:large","max-video-preview":"max-video-preview:-1"},"canonical":"https:\/\/bbqassad.ee\/fi\/toode\/lillies-q-q-mausteseos\/","og_locale":"fi_FI","og_type":"article","og_title":"Lillie's Q \"Q\" -mausteseos | Universal BBQ rub | BBQ Aces","og_description":"Monipuolinen suolapohjainen BBQ-mausteseos (mustapippuria, valkosipulia, sipulia ja mietoja mausteita). Sopii hyvin lihan, kanan ja vihannesten kanssa. Tilaa BBQ Aces verkossa.","og_url":"https:\/\/bbqassad.ee\/fi\/toode\/lillies-q-q-mausteseos\/","og_site_name":"BBQ \u00c4ssad","article_publisher":"https:\/\/www.facebook.com\/bbqassad","article_modified_time":"2026-04-14T06:32:45+00:00","og_image":[{"url":"https:\/\/bbqassad.ee\/wp-content\/uploads\/2025\/11\/Q-RubFront2048x2048-300x300.webp","type":"","width":"","height":""}],"twitter_card":"summary_large_image","schema":{"@context":"https:\/\/schema.org","@graph":[{"@type":"WebPage","@id":"https:\/\/bbqassad.ee\/fi\/toode\/lillies-q-q-mausteseos\/","url":"https:\/\/bbqassad.ee\/fi\/toode\/lillies-q-q-mausteseos\/","name":"Lillie's Q \"Q\" -mausteseos | Universal BBQ rub | BBQ Aces","isPartOf":{"@id":"https:\/\/bbqassad.ee\/fi\/#website"},"primaryImageOfPage":{"@id":"https:\/\/bbqassad.ee\/fi\/toode\/lillies-q-q-mausteseos\/#primaryimage"},"image":{"@id":"https:\/\/bbqassad.ee\/fi\/toode\/lillies-q-q-mausteseos\/#primaryimage"},"thumbnailUrl":"https:\/\/bbqassad.ee\/wp-content\/uploads\/2025\/11\/Q-RubFront2048x2048.webp","datePublished":"2025-11-07T11:44:01+00:00","dateModified":"2026-04-14T06:32:45+00:00","description":"Monipuolinen suolapohjainen BBQ-mausteseos (mustapippuria, valkosipulia, sipulia ja mietoja mausteita). Sopii hyvin lihan, kanan ja vihannesten kanssa.","breadcrumb":{"@id":"https:\/\/bbqassad.ee\/fi\/toode\/lillies-q-q-mausteseos\/#breadcrumb"},"inLanguage":"fi","potentialAction":[{"@type":"ReadAction","target":["https:\/\/bbqassad.ee\/fi\/toode\/lillies-q-q-mausteseos\/"]}]},{"@type":"ImageObject","inLanguage":"fi","@id":"https:\/\/bbqassad.ee\/fi\/toode\/lillies-q-q-mausteseos\/#primaryimage","url":"https:\/\/bbqassad.ee\/wp-content\/uploads\/2025\/11\/Q-RubFront2048x2048.webp","contentUrl":"https:\/\/bbqassad.ee\/wp-content\/uploads\/2025\/11\/Q-RubFront2048x2048.webp","width":1920,"height":1920,"caption":"Lillie\u2019s Q \u201cQ\u201d maitseainesegu | Universaalne BBQ rub | BBQ \u00c4ssad"},{"@type":"BreadcrumbList","@id":"https:\/\/bbqassad.ee\/fi\/toode\/lillies-q-q-mausteseos\/#breadcrumb","itemListElement":[{"@type":"ListItem","position":1,"name":"Home","item":"https:\/\/bbqassad.ee\/fi\/bbq-assat\/"},{"@type":"ListItem","position":2,"name":"Verkkokauppa","item":"https:\/\/bbqassad.ee\/fi\/verkkokauppa\/"},{"@type":"ListItem","position":3,"name":"Lillie&#8217;s Q &#8220;Q&#8221; mausteseos"}]},{"@type":"WebSite","@id":"https:\/\/bbqassad.ee\/fi\/#website","url":"https:\/\/bbqassad.ee\/fi\/","name":"BBQ \u00c4ssad","description":"BBQ maitseained, kastmed, ahjud","publisher":{"@id":"https:\/\/bbqassad.ee\/fi\/#organization"},"potentialAction":[{"@type":"SearchAction","target":{"@type":"EntryPoint","urlTemplate":"https:\/\/bbqassad.ee\/fi\/?s={search_term_string}"},"query-input":{"@type":"PropertyValueSpecification","valueRequired":true,"valueName":"search_term_string"}}],"inLanguage":"fi"},{"@type":"Organization","@id":"https:\/\/bbqassad.ee\/fi\/#organization","name":"BBQ \u00c4ssad","url":"https:\/\/bbqassad.ee\/fi\/","logo":{"@type":"ImageObject","inLanguage":"fi","@id":"https:\/\/bbqassad.ee\/fi\/#\/schema\/logo\/image\/","url":"https:\/\/bbqassad.ee\/wp-content\/uploads\/2022\/10\/BBQ-2ssadlogo.png","contentUrl":"https:\/\/bbqassad.ee\/wp-content\/uploads\/2022\/10\/BBQ-2ssadlogo.png","width":1080,"height":1080,"caption":"BBQ \u00c4ssad"},"image":{"@id":"https:\/\/bbqassad.ee\/fi\/#\/schema\/logo\/image\/"},"sameAs":["https:\/\/www.facebook.com\/bbqassad","https:\/\/www.youtube.com\/channel\/UCsoufn49J6TVi9Ah9meE93w"]}]}},"_links":{"self":[{"href":"https:\/\/bbqassad.ee\/fi\/wp-json\/wp\/v2\/product\/22202","targetHints":{"allow":["GET"]}}],"collection":[{"href":"https:\/\/bbqassad.ee\/fi\/wp-json\/wp\/v2\/product"}],"about":[{"href":"https:\/\/bbqassad.ee\/fi\/wp-json\/wp\/v2\/types\/product"}],"replies":[{"embeddable":true,"href":"https:\/\/bbqassad.ee\/fi\/wp-json\/wp\/v2\/comments?post=22202"}],"wp:featuredmedia":[{"embeddable":true,"href":"https:\/\/bbqassad.ee\/fi\/wp-json\/wp\/v2\/media\/22203"}],"wp:attachment":[{"href":"https:\/\/bbqassad.ee\/fi\/wp-json\/wp\/v2\/media?parent=22202"}],"wp:term":[{"taxonomy":"product_brand","embeddable":true,"href":"https:\/\/bbqassad.ee\/fi\/wp-json\/wp\/v2\/product_brand?post=22202"},{"taxonomy":"product_cat","embeddable":true,"href":"https:\/\/bbqassad.ee\/fi\/wp-json\/wp\/v2\/product_cat?post=22202"},{"taxonomy":"product_tag","embeddable":true,"href":"https:\/\/bbqassad.ee\/fi\/wp-json\/wp\/v2\/product_tag?post=22202"}],"curies":[{"name":"wp","href":"https:\/\/api.w.org\/{rel}","templated":true}]}}