{"id":22194,"date":"2025-11-07T12:08:06","date_gmt":"2025-11-07T12:08:06","guid":{"rendered":"https:\/\/bbqassad.ee\/toode\/lillies-q-carolina-grillikastike-bbq-kastike-bbq-kastike\/"},"modified":"2026-04-22T08:47:33","modified_gmt":"2026-04-22T08:47:33","slug":"lillies-q-carolina-grillikastike-bbq-kastike-bbq-kastike","status":"publish","type":"product","link":"https:\/\/bbqassad.ee\/fi\/toode\/lillies-q-carolina-grillikastike-bbq-kastike-bbq-kastike\/","title":{"rendered":"Lillie&#8217;s Q Carolina -grillikastike"},"content":{"rendered":"<h2>Lillie&#8217;s Q Carolina grillikastike BBQ-kastike BBQ-kastike<\/h2>\n<p>Carolina bbq -kastike on palkittu klassikko L\u00e4nsi-Carolinasta. T\u00e4ss\u00e4 tomaatti- ja etikkapohjaisessa kastikkeessa yhdistyv\u00e4t raikas hapokkuus ja t\u00e4ytel\u00e4inen, herkullinen maku, joka sopii erinomaisesti pulled porkin, ribsien, kanan tai rintaleiv\u00e4n kanssa. <\/p>\n<h3>BBQAces kommentti:<\/h3>\n<p>Se on miellytt\u00e4v\u00e4n hapokas ja hapan. Kaiken kaikkiaan ei makea ja t\u00e4ytel\u00e4inen tomaatti. Eritt\u00e4in erikoinen&#8230; pahoillani, mutta todella hyv\u00e4. Sopii melkein kaikkeen mihin ei halua l\u00e4nsimaista makeaa kastiketta.   <\/p>\n<h3>Pro-vinkki:<\/h3>\n<p>Kyljykset sen kanssa ovat loistavia.<\/p>\n","protected":false},"excerpt":{"rendered":"<p>Alkuper\u00e4maa: <\/p>\n<p> Paino: 567g<\/p>\n<p>Ainesosat: Tomaattitiiviste (vesi, tomaattimurska), ruokosokeri, vesi, tislattu etikka, keltainen sinappi (tislattu etikka, vesi, sinapinsiemenet, suola, kurkuma, paprika, mausteet, valkosipulijauhe), melassi, maissit\u00e4rkkelys, suola, omenamehutiiviste, mausteet, valkosipuli, sipuli, paprika, limetinmehutiiviste, tamarinditahna ja luontainen aromi.<\/p>\n","protected":false},"featured_media":22196,"comment_status":"open","ping_status":"closed","template":"","meta":[],"product_brand":[],"product_cat":[788],"product_tag":[790,803,789],"class_list":{"0":"post-22194","1":"product","2":"type-product","3":"status-publish","4":"has-post-thumbnail","6":"product_cat-kastit","7":"product_tag-kana","8":"product_tag-karja","9":"product_tag-sika","11":"first","12":"instock","13":"taxable","14":"shipping-taxable","15":"purchasable","16":"product-type-simple"},"yoast_head":"<!-- This site is optimized with the Yoast SEO plugin v27.4 - https:\/\/yoast.com\/product\/yoast-seo-wordpress\/ -->\n<title>Lillie&#039;s Q Carolina BBQ-kastike 567 g | BBQ Aces<\/title>\n<meta name=\"description\" content=\"Lillie&#039;s Q Carolina BBQ Sauce (567 g) - Klassinen Carolina-tyylinen kastike, joka sopii erityisen hyvin sianlihalle, kanalle ja ribseille. Tilaa BBQ Aces verkossa.\" \/>\n<meta name=\"robots\" content=\"index, follow, max-snippet:-1, max-image-preview:large, max-video-preview:-1\" \/>\n<link rel=\"canonical\" href=\"https:\/\/bbqassad.ee\/fi\/toode\/lillies-q-carolina-grillikastike-bbq-kastike-bbq-kastike\/\" \/>\n<meta property=\"og:locale\" content=\"fi_FI\" \/>\n<meta property=\"og:type\" content=\"article\" \/>\n<meta property=\"og:title\" content=\"Lillie&#039;s Q Carolina BBQ-kastike 567 g | BBQ Aces\" \/>\n<meta property=\"og:description\" content=\"Lillie&#039;s Q Carolina BBQ Sauce (567 g) - Klassinen Carolina-tyylinen kastike, joka sopii erityisen hyvin sianlihalle, kanalle ja ribseille. Tilaa BBQ Aces verkossa.\" \/>\n<meta property=\"og:url\" content=\"https:\/\/bbqassad.ee\/fi\/toode\/lillies-q-carolina-grillikastike-bbq-kastike-bbq-kastike\/\" \/>\n<meta property=\"og:site_name\" content=\"BBQ \u00c4ssad\" \/>\n<meta property=\"article:publisher\" content=\"https:\/\/www.facebook.com\/bbqassad\" \/>\n<meta property=\"article:modified_time\" content=\"2026-04-22T08:47:33+00:00\" \/>\n<meta property=\"og:image\" content=\"https:\/\/bbqassad.ee\/wp-content\/uploads\/2025\/11\/Nimetu-kujundus-160.png\" \/>\n\t<meta property=\"og:image:width\" content=\"1280\" \/>\n\t<meta property=\"og:image:height\" content=\"720\" \/>\n\t<meta property=\"og:image:type\" content=\"image\/png\" \/>\n<meta name=\"twitter:card\" content=\"summary_large_image\" \/>\n<script type=\"application\/ld+json\" class=\"yoast-schema-graph\">{\"@context\":\"https:\\\/\\\/schema.org\",\"@graph\":[{\"@type\":\"WebPage\",\"@id\":\"https:\\\/\\\/bbqassad.ee\\\/fi\\\/toode\\\/lillies-q-carolina-grillikastike-bbq-kastike-bbq-kastike\\\/\",\"url\":\"https:\\\/\\\/bbqassad.ee\\\/fi\\\/toode\\\/lillies-q-carolina-grillikastike-bbq-kastike-bbq-kastike\\\/\",\"name\":\"Lillie's Q Carolina BBQ-kastike 567 g | BBQ Aces\",\"isPartOf\":{\"@id\":\"https:\\\/\\\/bbqassad.ee\\\/fi\\\/#website\"},\"primaryImageOfPage\":{\"@id\":\"https:\\\/\\\/bbqassad.ee\\\/fi\\\/toode\\\/lillies-q-carolina-grillikastike-bbq-kastike-bbq-kastike\\\/#primaryimage\"},\"image\":{\"@id\":\"https:\\\/\\\/bbqassad.ee\\\/fi\\\/toode\\\/lillies-q-carolina-grillikastike-bbq-kastike-bbq-kastike\\\/#primaryimage\"},\"thumbnailUrl\":\"https:\\\/\\\/bbqassad.ee\\\/wp-content\\\/uploads\\\/2025\\\/11\\\/Nimetu-kujundus-160.png\",\"datePublished\":\"2025-11-07T12:08:06+00:00\",\"dateModified\":\"2026-04-22T08:47:33+00:00\",\"description\":\"Lillie's Q Carolina BBQ Sauce (567 g) - Klassinen Carolina-tyylinen kastike, joka sopii erityisen hyvin sianlihalle, kanalle ja ribseille. Tilaa BBQ Aces verkossa.\",\"breadcrumb\":{\"@id\":\"https:\\\/\\\/bbqassad.ee\\\/fi\\\/toode\\\/lillies-q-carolina-grillikastike-bbq-kastike-bbq-kastike\\\/#breadcrumb\"},\"inLanguage\":\"fi\",\"potentialAction\":[{\"@type\":\"ReadAction\",\"target\":[\"https:\\\/\\\/bbqassad.ee\\\/fi\\\/toode\\\/lillies-q-carolina-grillikastike-bbq-kastike-bbq-kastike\\\/\"]}]},{\"@type\":\"ImageObject\",\"inLanguage\":\"fi\",\"@id\":\"https:\\\/\\\/bbqassad.ee\\\/fi\\\/toode\\\/lillies-q-carolina-grillikastike-bbq-kastike-bbq-kastike\\\/#primaryimage\",\"url\":\"https:\\\/\\\/bbqassad.ee\\\/wp-content\\\/uploads\\\/2025\\\/11\\\/Nimetu-kujundus-160.png\",\"contentUrl\":\"https:\\\/\\\/bbqassad.ee\\\/wp-content\\\/uploads\\\/2025\\\/11\\\/Nimetu-kujundus-160.png\",\"width\":1280,\"height\":720,\"caption\":\"Lillie\u2019s Q Carolina BBQ kaste 567 g | BBQ \u00c4ssad\"},{\"@type\":\"BreadcrumbList\",\"@id\":\"https:\\\/\\\/bbqassad.ee\\\/fi\\\/toode\\\/lillies-q-carolina-grillikastike-bbq-kastike-bbq-kastike\\\/#breadcrumb\",\"itemListElement\":[{\"@type\":\"ListItem\",\"position\":1,\"name\":\"Home\",\"item\":\"https:\\\/\\\/bbqassad.ee\\\/fi\\\/bbq-assat\\\/\"},{\"@type\":\"ListItem\",\"position\":2,\"name\":\"Verkkokauppa\",\"item\":\"https:\\\/\\\/bbqassad.ee\\\/fi\\\/verkkokauppa\\\/\"},{\"@type\":\"ListItem\",\"position\":3,\"name\":\"Lillie&#8217;s Q Carolina -grillikastike\"}]},{\"@type\":\"WebSite\",\"@id\":\"https:\\\/\\\/bbqassad.ee\\\/fi\\\/#website\",\"url\":\"https:\\\/\\\/bbqassad.ee\\\/fi\\\/\",\"name\":\"BBQ \u00c4ssad\",\"description\":\"BBQ maitseained, kastmed, ahjud\",\"publisher\":{\"@id\":\"https:\\\/\\\/bbqassad.ee\\\/fi\\\/#organization\"},\"potentialAction\":[{\"@type\":\"SearchAction\",\"target\":{\"@type\":\"EntryPoint\",\"urlTemplate\":\"https:\\\/\\\/bbqassad.ee\\\/fi\\\/?s={search_term_string}\"},\"query-input\":{\"@type\":\"PropertyValueSpecification\",\"valueRequired\":true,\"valueName\":\"search_term_string\"}}],\"inLanguage\":\"fi\"},{\"@type\":\"Organization\",\"@id\":\"https:\\\/\\\/bbqassad.ee\\\/fi\\\/#organization\",\"name\":\"BBQ \u00c4ssad\",\"url\":\"https:\\\/\\\/bbqassad.ee\\\/fi\\\/\",\"logo\":{\"@type\":\"ImageObject\",\"inLanguage\":\"fi\",\"@id\":\"https:\\\/\\\/bbqassad.ee\\\/fi\\\/#\\\/schema\\\/logo\\\/image\\\/\",\"url\":\"https:\\\/\\\/bbqassad.ee\\\/wp-content\\\/uploads\\\/2022\\\/10\\\/BBQ-2ssadlogo.png\",\"contentUrl\":\"https:\\\/\\\/bbqassad.ee\\\/wp-content\\\/uploads\\\/2022\\\/10\\\/BBQ-2ssadlogo.png\",\"width\":1080,\"height\":1080,\"caption\":\"BBQ \u00c4ssad\"},\"image\":{\"@id\":\"https:\\\/\\\/bbqassad.ee\\\/fi\\\/#\\\/schema\\\/logo\\\/image\\\/\"},\"sameAs\":[\"https:\\\/\\\/www.facebook.com\\\/bbqassad\",\"https:\\\/\\\/www.youtube.com\\\/channel\\\/UCsoufn49J6TVi9Ah9meE93w\"]}]}<\/script>\n<!-- \/ Yoast SEO plugin. -->","yoast_head_json":{"title":"Lillie's Q Carolina BBQ-kastike 567 g | BBQ Aces","description":"Lillie's Q Carolina BBQ Sauce (567 g) - Klassinen Carolina-tyylinen kastike, joka sopii erityisen hyvin sianlihalle, kanalle ja ribseille. Tilaa BBQ Aces verkossa.","robots":{"index":"index","follow":"follow","max-snippet":"max-snippet:-1","max-image-preview":"max-image-preview:large","max-video-preview":"max-video-preview:-1"},"canonical":"https:\/\/bbqassad.ee\/fi\/toode\/lillies-q-carolina-grillikastike-bbq-kastike-bbq-kastike\/","og_locale":"fi_FI","og_type":"article","og_title":"Lillie's Q Carolina BBQ-kastike 567 g | BBQ Aces","og_description":"Lillie's Q Carolina BBQ Sauce (567 g) - Klassinen Carolina-tyylinen kastike, joka sopii erityisen hyvin sianlihalle, kanalle ja ribseille. Tilaa BBQ Aces verkossa.","og_url":"https:\/\/bbqassad.ee\/fi\/toode\/lillies-q-carolina-grillikastike-bbq-kastike-bbq-kastike\/","og_site_name":"BBQ \u00c4ssad","article_publisher":"https:\/\/www.facebook.com\/bbqassad","article_modified_time":"2026-04-22T08:47:33+00:00","og_image":[{"width":1280,"height":720,"url":"https:\/\/bbqassad.ee\/wp-content\/uploads\/2025\/11\/Nimetu-kujundus-160.png","type":"image\/png"}],"twitter_card":"summary_large_image","schema":{"@context":"https:\/\/schema.org","@graph":[{"@type":"WebPage","@id":"https:\/\/bbqassad.ee\/fi\/toode\/lillies-q-carolina-grillikastike-bbq-kastike-bbq-kastike\/","url":"https:\/\/bbqassad.ee\/fi\/toode\/lillies-q-carolina-grillikastike-bbq-kastike-bbq-kastike\/","name":"Lillie's Q Carolina BBQ-kastike 567 g | BBQ Aces","isPartOf":{"@id":"https:\/\/bbqassad.ee\/fi\/#website"},"primaryImageOfPage":{"@id":"https:\/\/bbqassad.ee\/fi\/toode\/lillies-q-carolina-grillikastike-bbq-kastike-bbq-kastike\/#primaryimage"},"image":{"@id":"https:\/\/bbqassad.ee\/fi\/toode\/lillies-q-carolina-grillikastike-bbq-kastike-bbq-kastike\/#primaryimage"},"thumbnailUrl":"https:\/\/bbqassad.ee\/wp-content\/uploads\/2025\/11\/Nimetu-kujundus-160.png","datePublished":"2025-11-07T12:08:06+00:00","dateModified":"2026-04-22T08:47:33+00:00","description":"Lillie's Q Carolina BBQ Sauce (567 g) - Klassinen Carolina-tyylinen kastike, joka sopii erityisen hyvin sianlihalle, kanalle ja ribseille. Tilaa BBQ Aces verkossa.","breadcrumb":{"@id":"https:\/\/bbqassad.ee\/fi\/toode\/lillies-q-carolina-grillikastike-bbq-kastike-bbq-kastike\/#breadcrumb"},"inLanguage":"fi","potentialAction":[{"@type":"ReadAction","target":["https:\/\/bbqassad.ee\/fi\/toode\/lillies-q-carolina-grillikastike-bbq-kastike-bbq-kastike\/"]}]},{"@type":"ImageObject","inLanguage":"fi","@id":"https:\/\/bbqassad.ee\/fi\/toode\/lillies-q-carolina-grillikastike-bbq-kastike-bbq-kastike\/#primaryimage","url":"https:\/\/bbqassad.ee\/wp-content\/uploads\/2025\/11\/Nimetu-kujundus-160.png","contentUrl":"https:\/\/bbqassad.ee\/wp-content\/uploads\/2025\/11\/Nimetu-kujundus-160.png","width":1280,"height":720,"caption":"Lillie\u2019s Q Carolina BBQ kaste 567 g | BBQ \u00c4ssad"},{"@type":"BreadcrumbList","@id":"https:\/\/bbqassad.ee\/fi\/toode\/lillies-q-carolina-grillikastike-bbq-kastike-bbq-kastike\/#breadcrumb","itemListElement":[{"@type":"ListItem","position":1,"name":"Home","item":"https:\/\/bbqassad.ee\/fi\/bbq-assat\/"},{"@type":"ListItem","position":2,"name":"Verkkokauppa","item":"https:\/\/bbqassad.ee\/fi\/verkkokauppa\/"},{"@type":"ListItem","position":3,"name":"Lillie&#8217;s Q Carolina -grillikastike"}]},{"@type":"WebSite","@id":"https:\/\/bbqassad.ee\/fi\/#website","url":"https:\/\/bbqassad.ee\/fi\/","name":"BBQ \u00c4ssad","description":"BBQ maitseained, kastmed, ahjud","publisher":{"@id":"https:\/\/bbqassad.ee\/fi\/#organization"},"potentialAction":[{"@type":"SearchAction","target":{"@type":"EntryPoint","urlTemplate":"https:\/\/bbqassad.ee\/fi\/?s={search_term_string}"},"query-input":{"@type":"PropertyValueSpecification","valueRequired":true,"valueName":"search_term_string"}}],"inLanguage":"fi"},{"@type":"Organization","@id":"https:\/\/bbqassad.ee\/fi\/#organization","name":"BBQ \u00c4ssad","url":"https:\/\/bbqassad.ee\/fi\/","logo":{"@type":"ImageObject","inLanguage":"fi","@id":"https:\/\/bbqassad.ee\/fi\/#\/schema\/logo\/image\/","url":"https:\/\/bbqassad.ee\/wp-content\/uploads\/2022\/10\/BBQ-2ssadlogo.png","contentUrl":"https:\/\/bbqassad.ee\/wp-content\/uploads\/2022\/10\/BBQ-2ssadlogo.png","width":1080,"height":1080,"caption":"BBQ \u00c4ssad"},"image":{"@id":"https:\/\/bbqassad.ee\/fi\/#\/schema\/logo\/image\/"},"sameAs":["https:\/\/www.facebook.com\/bbqassad","https:\/\/www.youtube.com\/channel\/UCsoufn49J6TVi9Ah9meE93w"]}]}},"_links":{"self":[{"href":"https:\/\/bbqassad.ee\/fi\/wp-json\/wp\/v2\/product\/22194","targetHints":{"allow":["GET"]}}],"collection":[{"href":"https:\/\/bbqassad.ee\/fi\/wp-json\/wp\/v2\/product"}],"about":[{"href":"https:\/\/bbqassad.ee\/fi\/wp-json\/wp\/v2\/types\/product"}],"replies":[{"embeddable":true,"href":"https:\/\/bbqassad.ee\/fi\/wp-json\/wp\/v2\/comments?post=22194"}],"wp:featuredmedia":[{"embeddable":true,"href":"https:\/\/bbqassad.ee\/fi\/wp-json\/wp\/v2\/media\/22196"}],"wp:attachment":[{"href":"https:\/\/bbqassad.ee\/fi\/wp-json\/wp\/v2\/media?parent=22194"}],"wp:term":[{"taxonomy":"product_brand","embeddable":true,"href":"https:\/\/bbqassad.ee\/fi\/wp-json\/wp\/v2\/product_brand?post=22194"},{"taxonomy":"product_cat","embeddable":true,"href":"https:\/\/bbqassad.ee\/fi\/wp-json\/wp\/v2\/product_cat?post=22194"},{"taxonomy":"product_tag","embeddable":true,"href":"https:\/\/bbqassad.ee\/fi\/wp-json\/wp\/v2\/product_tag?post=22194"}],"curies":[{"name":"wp","href":"https:\/\/api.w.org\/{rel}","templated":true}]}}