{"id":22160,"date":"2025-11-21T13:08:34","date_gmt":"2025-11-21T13:08:34","guid":{"rendered":"https:\/\/bbqassad.ee\/toode\/dreamfire-kananpaistinpannu\/"},"modified":"2026-04-14T06:32:42","modified_gmt":"2026-04-14T06:32:42","slug":"dreamfire-kananpaistinpannu","status":"publish","type":"product","link":"https:\/\/bbqassad.ee\/fi\/toode\/dreamfire-kananpaistinpannu\/","title":{"rendered":"Dreamfire kananpaistinpannu"},"content":{"rendered":"<div class=\"page\" title=\"Sivu 1\">\n<div class=\"layoutArea\">\n<div class=\"column\">\n<h2>Dreamfire kananpaistinpannu<\/h2>\n<p>Dreamfire-kananpaistinpannu. Mahdollistaa &#8221;olutt\u00f6lkkikanan&#8221; kypsent\u00e4misen samaan aikaan vihannesten tai muiden ruokien kanssa. Lis\u00e4\u00e4 kanaan noin 200 ml nestett\u00e4, jotta kanasta tulee erityisen mehukasta ja aromaattista. Ruostumattomasta ter\u00e4ksest\u00e4 valmistettu pannu jakaa l\u00e4mm\u00f6n tasaisesti ruoan ymp\u00e4rille. Kypsennyksen aikana kanan mehu tihkuu pannuun, mik\u00e4 luo vihanneksille lis\u00e4\u00e4 aromia ja makua. Pannu on valmistettu ruostumattomasta metallista &#8211; astianpesukoneen kest\u00e4v\u00e4. Halkaisija 32 cm (kanssa      <\/p>\n<\/div>\n<\/div>\n<\/div>\n","protected":false},"excerpt":{"rendered":"<p>Dreamfire kananpaistinpannu Dreamfire-kananpaistinpannu. Mahdollistaa &#8221;olutt\u00f6lkkikanan&#8221; kypsent\u00e4misen samaan aikaan vihannesten tai muiden ruokien kanssa. Lis\u00e4\u00e4 kanaan noin 200 ml nestett\u00e4, jotta kanasta tulee erityisen mehukasta ja aromaattista. Ruostumattomasta ter\u00e4ksest\u00e4 valmistettu pannu jakaa l\u00e4mm\u00f6n tasaisesti ruoan ymp\u00e4rille. Kypsennyksen aikana kanan mehu tihkuu pannuun, mik\u00e4 luo vihanneksille lis\u00e4\u00e4 aromia ja makua. Pannu on valmistettu ruostumattomasta metallista &#8211; astianpesukoneen [&#8230;]\n","protected":false},"featured_media":22161,"comment_status":"open","ping_status":"closed","template":"","meta":[],"product_brand":[192],"product_cat":[784],"product_tag":[],"class_list":{"0":"post-22160","1":"product","2":"type-product","3":"status-publish","4":"has-post-thumbnail","6":"product_brand-dreamfire","7":"product_cat-tarvikkeet","9":"first","10":"instock","11":"taxable","12":"shipping-taxable","13":"purchasable","14":"product-type-simple"},"yoast_head":"<!-- This site is optimized with the Yoast SEO plugin v27.4 - https:\/\/yoast.com\/product\/yoast-seo-wordpress\/ -->\n<title>Dreamfire kananpaistinpannu - BBQ \u00c4ssad<\/title>\n<meta name=\"description\" content=\"Dreamfire-kananpaistinpannu takaa tasaisen mehev\u00e4n kanan ja rapean nahan - ihanteellinen grilliin, uuniin tai savustimeen. Helppok\u00e4ytt\u00f6inen ja k\u00e4tev\u00e4 puhdistaa.\" \/>\n<meta name=\"robots\" content=\"index, follow, max-snippet:-1, max-image-preview:large, max-video-preview:-1\" \/>\n<link rel=\"canonical\" href=\"https:\/\/bbqassad.ee\/fi\/toode\/dreamfire-kananpaistinpannu\/\" \/>\n<meta property=\"og:locale\" content=\"fi_FI\" \/>\n<meta property=\"og:type\" content=\"article\" \/>\n<meta property=\"og:title\" content=\"Dreamfire kananpaistinpannu\" \/>\n<meta property=\"og:description\" content=\"Dreamfire-kananpaistinpannu takaa tasaisen mehev\u00e4n kanan ja rapean nahan - ihanteellinen grilliin, uuniin tai savustimeen. Helppok\u00e4ytt\u00f6inen ja k\u00e4tev\u00e4 puhdistaa.\" \/>\n<meta property=\"og:url\" content=\"https:\/\/bbqassad.ee\/fi\/toode\/dreamfire-kananpaistinpannu\/\" \/>\n<meta property=\"og:site_name\" content=\"BBQ \u00c4ssad\" \/>\n<meta property=\"article:publisher\" content=\"https:\/\/www.facebook.com\/bbqassad\" \/>\n<meta property=\"article:modified_time\" content=\"2026-04-14T06:32:42+00:00\" \/>\n<meta property=\"og:image\" content=\"https:\/\/bbqassad.ee\/wp-content\/uploads\/2025\/11\/Dreamfire-Chicken-Pan-Stainless-Steel-300x300.png\" \/>\n<meta name=\"twitter:card\" content=\"summary_large_image\" \/>\n<script type=\"application\/ld+json\" class=\"yoast-schema-graph\">{\"@context\":\"https:\\\/\\\/schema.org\",\"@graph\":[{\"@type\":\"WebPage\",\"@id\":\"https:\\\/\\\/bbqassad.ee\\\/fi\\\/toode\\\/dreamfire-kananpaistinpannu\\\/\",\"url\":\"https:\\\/\\\/bbqassad.ee\\\/fi\\\/toode\\\/dreamfire-kananpaistinpannu\\\/\",\"name\":\"Dreamfire kananpaistinpannu - BBQ \u00c4ssad\",\"isPartOf\":{\"@id\":\"https:\\\/\\\/bbqassad.ee\\\/fi\\\/#website\"},\"primaryImageOfPage\":{\"@id\":\"https:\\\/\\\/bbqassad.ee\\\/fi\\\/toode\\\/dreamfire-kananpaistinpannu\\\/#primaryimage\"},\"image\":{\"@id\":\"https:\\\/\\\/bbqassad.ee\\\/fi\\\/toode\\\/dreamfire-kananpaistinpannu\\\/#primaryimage\"},\"thumbnailUrl\":\"https:\\\/\\\/bbqassad.ee\\\/wp-content\\\/uploads\\\/2025\\\/11\\\/Dreamfire-Chicken-Pan-Stainless-Steel.png\",\"datePublished\":\"2025-11-21T13:08:34+00:00\",\"dateModified\":\"2026-04-14T06:32:42+00:00\",\"description\":\"Dreamfire-kananpaistinpannu takaa tasaisen mehev\u00e4n kanan ja rapean nahan - ihanteellinen grilliin, uuniin tai savustimeen. Helppok\u00e4ytt\u00f6inen ja k\u00e4tev\u00e4 puhdistaa.\",\"breadcrumb\":{\"@id\":\"https:\\\/\\\/bbqassad.ee\\\/fi\\\/toode\\\/dreamfire-kananpaistinpannu\\\/#breadcrumb\"},\"inLanguage\":\"fi\",\"potentialAction\":[{\"@type\":\"ReadAction\",\"target\":[\"https:\\\/\\\/bbqassad.ee\\\/fi\\\/toode\\\/dreamfire-kananpaistinpannu\\\/\"]}]},{\"@type\":\"ImageObject\",\"inLanguage\":\"fi\",\"@id\":\"https:\\\/\\\/bbqassad.ee\\\/fi\\\/toode\\\/dreamfire-kananpaistinpannu\\\/#primaryimage\",\"url\":\"https:\\\/\\\/bbqassad.ee\\\/wp-content\\\/uploads\\\/2025\\\/11\\\/Dreamfire-Chicken-Pan-Stainless-Steel.png\",\"contentUrl\":\"https:\\\/\\\/bbqassad.ee\\\/wp-content\\\/uploads\\\/2025\\\/11\\\/Dreamfire-Chicken-Pan-Stainless-Steel.png\",\"width\":1920,\"height\":1920,\"caption\":\"Dreamfire kana k\u00fcpsetamise pann\"},{\"@type\":\"BreadcrumbList\",\"@id\":\"https:\\\/\\\/bbqassad.ee\\\/fi\\\/toode\\\/dreamfire-kananpaistinpannu\\\/#breadcrumb\",\"itemListElement\":[{\"@type\":\"ListItem\",\"position\":1,\"name\":\"Home\",\"item\":\"https:\\\/\\\/bbqassad.ee\\\/fi\\\/bbq-assat\\\/\"},{\"@type\":\"ListItem\",\"position\":2,\"name\":\"Verkkokauppa\",\"item\":\"https:\\\/\\\/bbqassad.ee\\\/fi\\\/verkkokauppa\\\/\"},{\"@type\":\"ListItem\",\"position\":3,\"name\":\"Dreamfire kananpaistinpannu\"}]},{\"@type\":\"WebSite\",\"@id\":\"https:\\\/\\\/bbqassad.ee\\\/fi\\\/#website\",\"url\":\"https:\\\/\\\/bbqassad.ee\\\/fi\\\/\",\"name\":\"BBQ \u00c4ssad\",\"description\":\"BBQ maitseained, kastmed, ahjud\",\"publisher\":{\"@id\":\"https:\\\/\\\/bbqassad.ee\\\/fi\\\/#organization\"},\"potentialAction\":[{\"@type\":\"SearchAction\",\"target\":{\"@type\":\"EntryPoint\",\"urlTemplate\":\"https:\\\/\\\/bbqassad.ee\\\/fi\\\/?s={search_term_string}\"},\"query-input\":{\"@type\":\"PropertyValueSpecification\",\"valueRequired\":true,\"valueName\":\"search_term_string\"}}],\"inLanguage\":\"fi\"},{\"@type\":\"Organization\",\"@id\":\"https:\\\/\\\/bbqassad.ee\\\/fi\\\/#organization\",\"name\":\"BBQ \u00c4ssad\",\"url\":\"https:\\\/\\\/bbqassad.ee\\\/fi\\\/\",\"logo\":{\"@type\":\"ImageObject\",\"inLanguage\":\"fi\",\"@id\":\"https:\\\/\\\/bbqassad.ee\\\/fi\\\/#\\\/schema\\\/logo\\\/image\\\/\",\"url\":\"https:\\\/\\\/bbqassad.ee\\\/wp-content\\\/uploads\\\/2022\\\/10\\\/BBQ-2ssadlogo.png\",\"contentUrl\":\"https:\\\/\\\/bbqassad.ee\\\/wp-content\\\/uploads\\\/2022\\\/10\\\/BBQ-2ssadlogo.png\",\"width\":1080,\"height\":1080,\"caption\":\"BBQ \u00c4ssad\"},\"image\":{\"@id\":\"https:\\\/\\\/bbqassad.ee\\\/fi\\\/#\\\/schema\\\/logo\\\/image\\\/\"},\"sameAs\":[\"https:\\\/\\\/www.facebook.com\\\/bbqassad\",\"https:\\\/\\\/www.youtube.com\\\/channel\\\/UCsoufn49J6TVi9Ah9meE93w\"]}]}<\/script>\n<!-- \/ Yoast SEO plugin. -->","yoast_head_json":{"title":"Dreamfire kananpaistinpannu - BBQ \u00c4ssad","description":"Dreamfire-kananpaistinpannu takaa tasaisen mehev\u00e4n kanan ja rapean nahan - ihanteellinen grilliin, uuniin tai savustimeen. Helppok\u00e4ytt\u00f6inen ja k\u00e4tev\u00e4 puhdistaa.","robots":{"index":"index","follow":"follow","max-snippet":"max-snippet:-1","max-image-preview":"max-image-preview:large","max-video-preview":"max-video-preview:-1"},"canonical":"https:\/\/bbqassad.ee\/fi\/toode\/dreamfire-kananpaistinpannu\/","og_locale":"fi_FI","og_type":"article","og_title":"Dreamfire kananpaistinpannu","og_description":"Dreamfire-kananpaistinpannu takaa tasaisen mehev\u00e4n kanan ja rapean nahan - ihanteellinen grilliin, uuniin tai savustimeen. Helppok\u00e4ytt\u00f6inen ja k\u00e4tev\u00e4 puhdistaa.","og_url":"https:\/\/bbqassad.ee\/fi\/toode\/dreamfire-kananpaistinpannu\/","og_site_name":"BBQ \u00c4ssad","article_publisher":"https:\/\/www.facebook.com\/bbqassad","article_modified_time":"2026-04-14T06:32:42+00:00","og_image":[{"url":"https:\/\/bbqassad.ee\/wp-content\/uploads\/2025\/11\/Dreamfire-Chicken-Pan-Stainless-Steel-300x300.png","type":"","width":"","height":""}],"twitter_card":"summary_large_image","schema":{"@context":"https:\/\/schema.org","@graph":[{"@type":"WebPage","@id":"https:\/\/bbqassad.ee\/fi\/toode\/dreamfire-kananpaistinpannu\/","url":"https:\/\/bbqassad.ee\/fi\/toode\/dreamfire-kananpaistinpannu\/","name":"Dreamfire kananpaistinpannu - BBQ \u00c4ssad","isPartOf":{"@id":"https:\/\/bbqassad.ee\/fi\/#website"},"primaryImageOfPage":{"@id":"https:\/\/bbqassad.ee\/fi\/toode\/dreamfire-kananpaistinpannu\/#primaryimage"},"image":{"@id":"https:\/\/bbqassad.ee\/fi\/toode\/dreamfire-kananpaistinpannu\/#primaryimage"},"thumbnailUrl":"https:\/\/bbqassad.ee\/wp-content\/uploads\/2025\/11\/Dreamfire-Chicken-Pan-Stainless-Steel.png","datePublished":"2025-11-21T13:08:34+00:00","dateModified":"2026-04-14T06:32:42+00:00","description":"Dreamfire-kananpaistinpannu takaa tasaisen mehev\u00e4n kanan ja rapean nahan - ihanteellinen grilliin, uuniin tai savustimeen. Helppok\u00e4ytt\u00f6inen ja k\u00e4tev\u00e4 puhdistaa.","breadcrumb":{"@id":"https:\/\/bbqassad.ee\/fi\/toode\/dreamfire-kananpaistinpannu\/#breadcrumb"},"inLanguage":"fi","potentialAction":[{"@type":"ReadAction","target":["https:\/\/bbqassad.ee\/fi\/toode\/dreamfire-kananpaistinpannu\/"]}]},{"@type":"ImageObject","inLanguage":"fi","@id":"https:\/\/bbqassad.ee\/fi\/toode\/dreamfire-kananpaistinpannu\/#primaryimage","url":"https:\/\/bbqassad.ee\/wp-content\/uploads\/2025\/11\/Dreamfire-Chicken-Pan-Stainless-Steel.png","contentUrl":"https:\/\/bbqassad.ee\/wp-content\/uploads\/2025\/11\/Dreamfire-Chicken-Pan-Stainless-Steel.png","width":1920,"height":1920,"caption":"Dreamfire kana k\u00fcpsetamise pann"},{"@type":"BreadcrumbList","@id":"https:\/\/bbqassad.ee\/fi\/toode\/dreamfire-kananpaistinpannu\/#breadcrumb","itemListElement":[{"@type":"ListItem","position":1,"name":"Home","item":"https:\/\/bbqassad.ee\/fi\/bbq-assat\/"},{"@type":"ListItem","position":2,"name":"Verkkokauppa","item":"https:\/\/bbqassad.ee\/fi\/verkkokauppa\/"},{"@type":"ListItem","position":3,"name":"Dreamfire kananpaistinpannu"}]},{"@type":"WebSite","@id":"https:\/\/bbqassad.ee\/fi\/#website","url":"https:\/\/bbqassad.ee\/fi\/","name":"BBQ \u00c4ssad","description":"BBQ maitseained, kastmed, ahjud","publisher":{"@id":"https:\/\/bbqassad.ee\/fi\/#organization"},"potentialAction":[{"@type":"SearchAction","target":{"@type":"EntryPoint","urlTemplate":"https:\/\/bbqassad.ee\/fi\/?s={search_term_string}"},"query-input":{"@type":"PropertyValueSpecification","valueRequired":true,"valueName":"search_term_string"}}],"inLanguage":"fi"},{"@type":"Organization","@id":"https:\/\/bbqassad.ee\/fi\/#organization","name":"BBQ \u00c4ssad","url":"https:\/\/bbqassad.ee\/fi\/","logo":{"@type":"ImageObject","inLanguage":"fi","@id":"https:\/\/bbqassad.ee\/fi\/#\/schema\/logo\/image\/","url":"https:\/\/bbqassad.ee\/wp-content\/uploads\/2022\/10\/BBQ-2ssadlogo.png","contentUrl":"https:\/\/bbqassad.ee\/wp-content\/uploads\/2022\/10\/BBQ-2ssadlogo.png","width":1080,"height":1080,"caption":"BBQ \u00c4ssad"},"image":{"@id":"https:\/\/bbqassad.ee\/fi\/#\/schema\/logo\/image\/"},"sameAs":["https:\/\/www.facebook.com\/bbqassad","https:\/\/www.youtube.com\/channel\/UCsoufn49J6TVi9Ah9meE93w"]}]}},"_links":{"self":[{"href":"https:\/\/bbqassad.ee\/fi\/wp-json\/wp\/v2\/product\/22160","targetHints":{"allow":["GET"]}}],"collection":[{"href":"https:\/\/bbqassad.ee\/fi\/wp-json\/wp\/v2\/product"}],"about":[{"href":"https:\/\/bbqassad.ee\/fi\/wp-json\/wp\/v2\/types\/product"}],"replies":[{"embeddable":true,"href":"https:\/\/bbqassad.ee\/fi\/wp-json\/wp\/v2\/comments?post=22160"}],"wp:featuredmedia":[{"embeddable":true,"href":"https:\/\/bbqassad.ee\/fi\/wp-json\/wp\/v2\/media\/22161"}],"wp:attachment":[{"href":"https:\/\/bbqassad.ee\/fi\/wp-json\/wp\/v2\/media?parent=22160"}],"wp:term":[{"taxonomy":"product_brand","embeddable":true,"href":"https:\/\/bbqassad.ee\/fi\/wp-json\/wp\/v2\/product_brand?post=22160"},{"taxonomy":"product_cat","embeddable":true,"href":"https:\/\/bbqassad.ee\/fi\/wp-json\/wp\/v2\/product_cat?post=22160"},{"taxonomy":"product_tag","embeddable":true,"href":"https:\/\/bbqassad.ee\/fi\/wp-json\/wp\/v2\/product_tag?post=22160"}],"curies":[{"name":"wp","href":"https:\/\/api.w.org\/{rel}","templated":true}]}}