{"id":22156,"date":"2025-11-21T13:41:00","date_gmt":"2025-11-21T13:41:00","guid":{"rendered":"https:\/\/bbqassad.ee\/toode\/dreamfire-savustetut-sirut-cognac-kettle-340g\/"},"modified":"2026-04-14T06:32:41","modified_gmt":"2026-04-14T06:32:41","slug":"dreamfire-savustetut-sirut-cognac-kettle-340g","status":"publish","type":"product","link":"https:\/\/bbqassad.ee\/fi\/toode\/dreamfire-savustetut-sirut-cognac-kettle-340g\/","title":{"rendered":"Dreamfire\u00ae savustuspalat Cognac 340g"},"content":{"rendered":"<div class=\"page\" title=\"Sivu 3\">\n<div class=\"layoutArea\">\n<div class=\"column\">\n<h2>Dreamfire savustetut lastut konjakkivaahdosta<\/h2>\n<p>Tammesta ja py\u00f6kist\u00e4 valmistettu luonnollinen savustuslastu. Sopii k\u00e4ytett\u00e4v\u00e4ksi kamado-, kaasu- ja hiiligrilliss\u00e4. My\u00f6s savustusuunissa k\u00e4ytett\u00e4v\u00e4ksi. Pakkauksen paino 360 g   <\/p>\n<p>Irtopakkaus: 1 Pakkaus: 1 Yksitt\u00e4isen pakkauksen mitat: 30x20x8cm Paino netto \/ brutto 100kpl: 0.36 \/ 0.46kg<\/p>\n<\/div>\n<\/div>\n<\/div>\n","protected":false},"excerpt":{"rendered":"<p>Dreamfire savustetut lastut konjakkivaahdosta Tammesta ja py\u00f6kist\u00e4 valmistettu luonnollinen savustuslastu. Sopii k\u00e4ytett\u00e4v\u00e4ksi kamado-, kaasu- ja hiiligrilliss\u00e4. My\u00f6s savustusuunissa k\u00e4ytett\u00e4v\u00e4ksi. Pakkauksen paino 360 g Irtopakkaus: 1 Pakkaus: 1 Yksitt\u00e4isen pakkauksen mitat: 30x20x8cm Paino netto \/ brutto 100kpl: 0.36 \/ 0.46kg<\/p>\n","protected":false},"featured_media":22157,"comment_status":"open","ping_status":"closed","template":"","meta":[],"product_brand":[192],"product_cat":[801,787],"product_tag":[],"class_list":{"0":"post-22156","1":"product","2":"type-product","3":"status-publish","4":"has-post-thumbnail","6":"product_brand-dreamfire","7":"product_cat-soodus","8":"product_cat-tupakointilohkot","10":"first","11":"instock","12":"taxable","13":"shipping-taxable","14":"purchasable","15":"product-type-simple"},"yoast_head":"<!-- This site is optimized with the Yoast SEO plugin v27.4 - https:\/\/yoast.com\/product\/yoast-seo-wordpress\/ -->\n<title>Dreamfire savustetut lastut konjakkivodkalla 340 g | BBQ Aces<\/title>\n<meta name=\"description\" content=\"Konjakkivahasta valmistetut luonnolliset savuaromit antavat lihalle ja kalalle t\u00e4ytel\u00e4isen, aromaattisen savun maun. Sopii tulisijoihin, hiiligrilleihin ja savustimiin.\" \/>\n<meta name=\"robots\" content=\"index, follow, max-snippet:-1, max-image-preview:large, max-video-preview:-1\" \/>\n<link rel=\"canonical\" href=\"https:\/\/bbqassad.ee\/fi\/toode\/dreamfire-savustetut-sirut-cognac-kettle-340g\/\" \/>\n<meta property=\"og:locale\" content=\"fi_FI\" \/>\n<meta property=\"og:type\" content=\"article\" \/>\n<meta property=\"og:title\" content=\"Dreamfire savustetut lastut konjakkivodkalla 340 g | BBQ Aces\" \/>\n<meta property=\"og:description\" content=\"Konjakkivahasta valmistetut luonnolliset savuaromit antavat lihalle ja kalalle t\u00e4ytel\u00e4isen, aromaattisen savun maun. Sopii tulisijoihin, hiiligrilleihin ja savustimiin.\" \/>\n<meta property=\"og:url\" content=\"https:\/\/bbqassad.ee\/fi\/toode\/dreamfire-savustetut-sirut-cognac-kettle-340g\/\" \/>\n<meta property=\"og:site_name\" content=\"BBQ \u00c4ssad\" \/>\n<meta property=\"article:publisher\" content=\"https:\/\/www.facebook.com\/bbqassad\" \/>\n<meta property=\"article:modified_time\" content=\"2026-04-14T06:32:41+00:00\" \/>\n<meta property=\"og:image\" content=\"https:\/\/bbqassad.ee\/wp-content\/uploads\/2025\/11\/Dreamfire-Cognac-barrel-chips-540x540-1-300x300.jpg\" \/>\n<meta name=\"twitter:card\" content=\"summary_large_image\" \/>\n<script type=\"application\/ld+json\" class=\"yoast-schema-graph\">{\"@context\":\"https:\\\/\\\/schema.org\",\"@graph\":[{\"@type\":\"WebPage\",\"@id\":\"https:\\\/\\\/bbqassad.ee\\\/fi\\\/toode\\\/dreamfire-savustetut-sirut-cognac-kettle-340g\\\/\",\"url\":\"https:\\\/\\\/bbqassad.ee\\\/fi\\\/toode\\\/dreamfire-savustetut-sirut-cognac-kettle-340g\\\/\",\"name\":\"Dreamfire savustetut lastut konjakkivodkalla 340 g | BBQ Aces\",\"isPartOf\":{\"@id\":\"https:\\\/\\\/bbqassad.ee\\\/fi\\\/#website\"},\"primaryImageOfPage\":{\"@id\":\"https:\\\/\\\/bbqassad.ee\\\/fi\\\/toode\\\/dreamfire-savustetut-sirut-cognac-kettle-340g\\\/#primaryimage\"},\"image\":{\"@id\":\"https:\\\/\\\/bbqassad.ee\\\/fi\\\/toode\\\/dreamfire-savustetut-sirut-cognac-kettle-340g\\\/#primaryimage\"},\"thumbnailUrl\":\"https:\\\/\\\/bbqassad.ee\\\/wp-content\\\/uploads\\\/2025\\\/11\\\/Dreamfire-Cognac-barrel-chips-540x540-1.jpg\",\"datePublished\":\"2025-11-21T13:41:00+00:00\",\"dateModified\":\"2026-04-14T06:32:41+00:00\",\"description\":\"Konjakkivahasta valmistetut luonnolliset savuaromit antavat lihalle ja kalalle t\u00e4ytel\u00e4isen, aromaattisen savun maun. Sopii tulisijoihin, hiiligrilleihin ja savustimiin.\",\"breadcrumb\":{\"@id\":\"https:\\\/\\\/bbqassad.ee\\\/fi\\\/toode\\\/dreamfire-savustetut-sirut-cognac-kettle-340g\\\/#breadcrumb\"},\"inLanguage\":\"fi\",\"potentialAction\":[{\"@type\":\"ReadAction\",\"target\":[\"https:\\\/\\\/bbqassad.ee\\\/fi\\\/toode\\\/dreamfire-savustetut-sirut-cognac-kettle-340g\\\/\"]}]},{\"@type\":\"ImageObject\",\"inLanguage\":\"fi\",\"@id\":\"https:\\\/\\\/bbqassad.ee\\\/fi\\\/toode\\\/dreamfire-savustetut-sirut-cognac-kettle-340g\\\/#primaryimage\",\"url\":\"https:\\\/\\\/bbqassad.ee\\\/wp-content\\\/uploads\\\/2025\\\/11\\\/Dreamfire-Cognac-barrel-chips-540x540-1.jpg\",\"contentUrl\":\"https:\\\/\\\/bbqassad.ee\\\/wp-content\\\/uploads\\\/2025\\\/11\\\/Dreamfire-Cognac-barrel-chips-540x540-1.jpg\",\"width\":540,\"height\":540,\"caption\":\"Dreamfire suitsulaastud konjakivaadist 340 g | BBQ \u00c4ssad\"},{\"@type\":\"BreadcrumbList\",\"@id\":\"https:\\\/\\\/bbqassad.ee\\\/fi\\\/toode\\\/dreamfire-savustetut-sirut-cognac-kettle-340g\\\/#breadcrumb\",\"itemListElement\":[{\"@type\":\"ListItem\",\"position\":1,\"name\":\"Home\",\"item\":\"https:\\\/\\\/bbqassad.ee\\\/fi\\\/bbq-assat\\\/\"},{\"@type\":\"ListItem\",\"position\":2,\"name\":\"Verkkokauppa\",\"item\":\"https:\\\/\\\/bbqassad.ee\\\/fi\\\/verkkokauppa\\\/\"},{\"@type\":\"ListItem\",\"position\":3,\"name\":\"Dreamfire\u00ae savustuspalat Cognac 340g\"}]},{\"@type\":\"WebSite\",\"@id\":\"https:\\\/\\\/bbqassad.ee\\\/fi\\\/#website\",\"url\":\"https:\\\/\\\/bbqassad.ee\\\/fi\\\/\",\"name\":\"BBQ \u00c4ssad\",\"description\":\"BBQ maitseained, kastmed, ahjud\",\"publisher\":{\"@id\":\"https:\\\/\\\/bbqassad.ee\\\/fi\\\/#organization\"},\"potentialAction\":[{\"@type\":\"SearchAction\",\"target\":{\"@type\":\"EntryPoint\",\"urlTemplate\":\"https:\\\/\\\/bbqassad.ee\\\/fi\\\/?s={search_term_string}\"},\"query-input\":{\"@type\":\"PropertyValueSpecification\",\"valueRequired\":true,\"valueName\":\"search_term_string\"}}],\"inLanguage\":\"fi\"},{\"@type\":\"Organization\",\"@id\":\"https:\\\/\\\/bbqassad.ee\\\/fi\\\/#organization\",\"name\":\"BBQ \u00c4ssad\",\"url\":\"https:\\\/\\\/bbqassad.ee\\\/fi\\\/\",\"logo\":{\"@type\":\"ImageObject\",\"inLanguage\":\"fi\",\"@id\":\"https:\\\/\\\/bbqassad.ee\\\/fi\\\/#\\\/schema\\\/logo\\\/image\\\/\",\"url\":\"https:\\\/\\\/bbqassad.ee\\\/wp-content\\\/uploads\\\/2022\\\/10\\\/BBQ-2ssadlogo.png\",\"contentUrl\":\"https:\\\/\\\/bbqassad.ee\\\/wp-content\\\/uploads\\\/2022\\\/10\\\/BBQ-2ssadlogo.png\",\"width\":1080,\"height\":1080,\"caption\":\"BBQ \u00c4ssad\"},\"image\":{\"@id\":\"https:\\\/\\\/bbqassad.ee\\\/fi\\\/#\\\/schema\\\/logo\\\/image\\\/\"},\"sameAs\":[\"https:\\\/\\\/www.facebook.com\\\/bbqassad\",\"https:\\\/\\\/www.youtube.com\\\/channel\\\/UCsoufn49J6TVi9Ah9meE93w\"]}]}<\/script>\n<!-- \/ Yoast SEO plugin. -->","yoast_head_json":{"title":"Dreamfire savustetut lastut konjakkivodkalla 340 g | BBQ Aces","description":"Konjakkivahasta valmistetut luonnolliset savuaromit antavat lihalle ja kalalle t\u00e4ytel\u00e4isen, aromaattisen savun maun. Sopii tulisijoihin, hiiligrilleihin ja savustimiin.","robots":{"index":"index","follow":"follow","max-snippet":"max-snippet:-1","max-image-preview":"max-image-preview:large","max-video-preview":"max-video-preview:-1"},"canonical":"https:\/\/bbqassad.ee\/fi\/toode\/dreamfire-savustetut-sirut-cognac-kettle-340g\/","og_locale":"fi_FI","og_type":"article","og_title":"Dreamfire savustetut lastut konjakkivodkalla 340 g | BBQ Aces","og_description":"Konjakkivahasta valmistetut luonnolliset savuaromit antavat lihalle ja kalalle t\u00e4ytel\u00e4isen, aromaattisen savun maun. Sopii tulisijoihin, hiiligrilleihin ja savustimiin.","og_url":"https:\/\/bbqassad.ee\/fi\/toode\/dreamfire-savustetut-sirut-cognac-kettle-340g\/","og_site_name":"BBQ \u00c4ssad","article_publisher":"https:\/\/www.facebook.com\/bbqassad","article_modified_time":"2026-04-14T06:32:41+00:00","og_image":[{"url":"https:\/\/bbqassad.ee\/wp-content\/uploads\/2025\/11\/Dreamfire-Cognac-barrel-chips-540x540-1-300x300.jpg","type":"","width":"","height":""}],"twitter_card":"summary_large_image","schema":{"@context":"https:\/\/schema.org","@graph":[{"@type":"WebPage","@id":"https:\/\/bbqassad.ee\/fi\/toode\/dreamfire-savustetut-sirut-cognac-kettle-340g\/","url":"https:\/\/bbqassad.ee\/fi\/toode\/dreamfire-savustetut-sirut-cognac-kettle-340g\/","name":"Dreamfire savustetut lastut konjakkivodkalla 340 g | BBQ Aces","isPartOf":{"@id":"https:\/\/bbqassad.ee\/fi\/#website"},"primaryImageOfPage":{"@id":"https:\/\/bbqassad.ee\/fi\/toode\/dreamfire-savustetut-sirut-cognac-kettle-340g\/#primaryimage"},"image":{"@id":"https:\/\/bbqassad.ee\/fi\/toode\/dreamfire-savustetut-sirut-cognac-kettle-340g\/#primaryimage"},"thumbnailUrl":"https:\/\/bbqassad.ee\/wp-content\/uploads\/2025\/11\/Dreamfire-Cognac-barrel-chips-540x540-1.jpg","datePublished":"2025-11-21T13:41:00+00:00","dateModified":"2026-04-14T06:32:41+00:00","description":"Konjakkivahasta valmistetut luonnolliset savuaromit antavat lihalle ja kalalle t\u00e4ytel\u00e4isen, aromaattisen savun maun. Sopii tulisijoihin, hiiligrilleihin ja savustimiin.","breadcrumb":{"@id":"https:\/\/bbqassad.ee\/fi\/toode\/dreamfire-savustetut-sirut-cognac-kettle-340g\/#breadcrumb"},"inLanguage":"fi","potentialAction":[{"@type":"ReadAction","target":["https:\/\/bbqassad.ee\/fi\/toode\/dreamfire-savustetut-sirut-cognac-kettle-340g\/"]}]},{"@type":"ImageObject","inLanguage":"fi","@id":"https:\/\/bbqassad.ee\/fi\/toode\/dreamfire-savustetut-sirut-cognac-kettle-340g\/#primaryimage","url":"https:\/\/bbqassad.ee\/wp-content\/uploads\/2025\/11\/Dreamfire-Cognac-barrel-chips-540x540-1.jpg","contentUrl":"https:\/\/bbqassad.ee\/wp-content\/uploads\/2025\/11\/Dreamfire-Cognac-barrel-chips-540x540-1.jpg","width":540,"height":540,"caption":"Dreamfire suitsulaastud konjakivaadist 340 g | BBQ \u00c4ssad"},{"@type":"BreadcrumbList","@id":"https:\/\/bbqassad.ee\/fi\/toode\/dreamfire-savustetut-sirut-cognac-kettle-340g\/#breadcrumb","itemListElement":[{"@type":"ListItem","position":1,"name":"Home","item":"https:\/\/bbqassad.ee\/fi\/bbq-assat\/"},{"@type":"ListItem","position":2,"name":"Verkkokauppa","item":"https:\/\/bbqassad.ee\/fi\/verkkokauppa\/"},{"@type":"ListItem","position":3,"name":"Dreamfire\u00ae savustuspalat Cognac 340g"}]},{"@type":"WebSite","@id":"https:\/\/bbqassad.ee\/fi\/#website","url":"https:\/\/bbqassad.ee\/fi\/","name":"BBQ \u00c4ssad","description":"BBQ maitseained, kastmed, ahjud","publisher":{"@id":"https:\/\/bbqassad.ee\/fi\/#organization"},"potentialAction":[{"@type":"SearchAction","target":{"@type":"EntryPoint","urlTemplate":"https:\/\/bbqassad.ee\/fi\/?s={search_term_string}"},"query-input":{"@type":"PropertyValueSpecification","valueRequired":true,"valueName":"search_term_string"}}],"inLanguage":"fi"},{"@type":"Organization","@id":"https:\/\/bbqassad.ee\/fi\/#organization","name":"BBQ \u00c4ssad","url":"https:\/\/bbqassad.ee\/fi\/","logo":{"@type":"ImageObject","inLanguage":"fi","@id":"https:\/\/bbqassad.ee\/fi\/#\/schema\/logo\/image\/","url":"https:\/\/bbqassad.ee\/wp-content\/uploads\/2022\/10\/BBQ-2ssadlogo.png","contentUrl":"https:\/\/bbqassad.ee\/wp-content\/uploads\/2022\/10\/BBQ-2ssadlogo.png","width":1080,"height":1080,"caption":"BBQ \u00c4ssad"},"image":{"@id":"https:\/\/bbqassad.ee\/fi\/#\/schema\/logo\/image\/"},"sameAs":["https:\/\/www.facebook.com\/bbqassad","https:\/\/www.youtube.com\/channel\/UCsoufn49J6TVi9Ah9meE93w"]}]}},"_links":{"self":[{"href":"https:\/\/bbqassad.ee\/fi\/wp-json\/wp\/v2\/product\/22156","targetHints":{"allow":["GET"]}}],"collection":[{"href":"https:\/\/bbqassad.ee\/fi\/wp-json\/wp\/v2\/product"}],"about":[{"href":"https:\/\/bbqassad.ee\/fi\/wp-json\/wp\/v2\/types\/product"}],"replies":[{"embeddable":true,"href":"https:\/\/bbqassad.ee\/fi\/wp-json\/wp\/v2\/comments?post=22156"}],"wp:featuredmedia":[{"embeddable":true,"href":"https:\/\/bbqassad.ee\/fi\/wp-json\/wp\/v2\/media\/22157"}],"wp:attachment":[{"href":"https:\/\/bbqassad.ee\/fi\/wp-json\/wp\/v2\/media?parent=22156"}],"wp:term":[{"taxonomy":"product_brand","embeddable":true,"href":"https:\/\/bbqassad.ee\/fi\/wp-json\/wp\/v2\/product_brand?post=22156"},{"taxonomy":"product_cat","embeddable":true,"href":"https:\/\/bbqassad.ee\/fi\/wp-json\/wp\/v2\/product_cat?post=22156"},{"taxonomy":"product_tag","embeddable":true,"href":"https:\/\/bbqassad.ee\/fi\/wp-json\/wp\/v2\/product_tag?post=22156"}],"curies":[{"name":"wp","href":"https:\/\/api.w.org\/{rel}","templated":true}]}}