{"id":22132,"date":"2025-11-22T10:19:57","date_gmt":"2025-11-22T10:19:57","guid":{"rendered":"https:\/\/bbqassad.ee\/toode\/uunin-lampotilan-saadin-inkbird-isc028bw\/"},"modified":"2026-04-14T06:32:37","modified_gmt":"2026-04-14T06:32:37","slug":"uunin-lampotilan-saadin-inkbird-isc028bw","status":"publish","type":"product","link":"https:\/\/bbqassad.ee\/fi\/toode\/uunin-lampotilan-saadin-inkbird-isc028bw\/","title":{"rendered":"Uunin l\u00e4mp\u00f6tilan s\u00e4\u00e4din Inkbird ISC-028BW"},"content":{"rendered":"<h2>Uunin l\u00e4mp\u00f6tilan s\u00e4\u00e4din Inkbird ISC028bw<\/h2>\n<p>INKBIRD ISC-028-BW on \u00e4lyk\u00e4s uunil\u00e4mp\u00f6tilan s\u00e4\u00e4din, joka yhdist\u00e4\u00e4 elintarvikkeiden l\u00e4mp\u00f6tilan tunnistuksen ja uunin l\u00e4mp\u00f6tilan s\u00e4\u00e4d\u00f6n. Se on suunniteltu erityisesti k\u00e4ytett\u00e4v\u00e4ksi sek\u00e4 koti- ett\u00e4 ammattikeitti\u00f6iss\u00e4. Se valvoo uunin sis\u00e4l\u00e4mp\u00f6tilaa reaaliajassa ja s\u00e4\u00e4t\u00e4\u00e4 \u00e4lykk\u00e4\u00e4sti tuulettimen nopeutta varmistaakseen, ett\u00e4 l\u00e4mp\u00f6tila pysyy esiasetetulla l\u00e4mp\u00f6tila-alueella, jolloin saavutetaan optimaaliset kypsennystulokset. T\u00e4m\u00e4 laite tarjoaa tarkan l\u00e4mp\u00f6tilan s\u00e4\u00e4d\u00f6n ja paikallisen suorituskyvyn, joka vastaa k\u00e4ytt\u00e4jien tarpeita laadukkaan ruoanvalmistuksen suhteen.   <\/p>\n<h3>T\u00e4rkeimm\u00e4t ominaisuudet<\/h3>\n<p>WiFi 5G- ja Bluetooth-kaksoisyhteys, jossa on automaattinen toimintatilan vaihtotoiminto<br \/>\nPaikallisella ohjauksella varustettu visuaalinen k\u00e4ytt\u00f6liittym\u00e4 leivontaprosessin reaaliaikaista seurantaa varten.<br \/>\nTarkat l\u00e4mp\u00f6tila-anturit tarkkaa l\u00e4mp\u00f6tilan s\u00e4\u00e4t\u00f6\u00e4 varten<br \/>\nVirtal\u00e4hteen\u00e4 5V USB-virtal\u00e4hde, voidaan k\u00e4ytt\u00e4\u00e4 my\u00f6s akkupankkia.<br \/>\n\u00c4lyk\u00e4s ritil\u00e4n avautumisen tunnistus puhalluksen automaattista k\u00e4ynnist\u00e4mist\u00e4\/pys\u00e4ytt\u00e4mist\u00e4 varten.<br \/>\nPuhaltimen nopeuden automaattinen s\u00e4\u00e4t\u00f6 grillin l\u00e4mp\u00f6tilan mukaan<br \/>\nTukee korkean ja matalan l\u00e4mp\u00f6tilan h\u00e4lytyksi\u00e4, tavoiteh\u00e4lytyksi\u00e4 ja lieden ajastinta.<br \/>\nUSDA:n suosittelemat lihavalikot \u00e4lykk\u00e4\u00e4ss\u00e4 sovelluksessa, joka helpottaa ruoanlaittoa.<br \/>\n4 liha-ilmaisinta ja 1 uuni-ilmaisin jokap\u00e4iv\u00e4iseen ruoanlaittoon BBQ-uunissa.<br \/>\n3 p\u00e4iv\u00e4n offline-tallennus ja automaattinen synkronointi sovelluksen kanssa Bluetoothin kautta.<br \/>\nIhanteellinen grilleille, kuten Dreamfire, Big Green Egg, Kamado Joe, Primo, Vision Grill, Akorn Kamado, Kamado Bono jne.<br \/>\nUSB-k\u00e4ytt\u00f6inen ja voidaan k\u00e4ytt\u00e4\u00e4 my\u00f6s akkupankkia.<\/p>\n<h3>Tekniset tiedot<\/h3>\n<p>Mallinumero: ISC-028-BW<br \/>\nN\u00e4ytt\u00f6: LCD<br \/>\nTietojen materiaali: elintarvikelaatuinen ruostumaton ter\u00e4s<br \/>\nTuloj\u00e4nnite: USB Type-C, DC 5V, 1A<br \/>\nLyhyen aikav\u00e4lin mittausalue: 0 \u2103 &#8211; 300 \u2103 (32 \u2109 ~ 572 \u2109)<br \/>\nJatkuva valvonta-alue: 0 \u2103 &#8211; 250 \u2103 (32 \u2109 ~ 482 \u2109)<br \/>\nAnturin l\u00e4mp\u00f6tilatarkkuus: MAX \u00b10,5 \u2103 \/ \u00b10,9 \u2109<br \/>\nWiFi-yhteys: 5G ja 2.4G WiFi<br \/>\nBluetooth: Bluetooth 5.0, 50 m \/ 164 jalkaa esteet\u00f6n yhteyset\u00e4isyys.<br \/>\nKalibrointi: \u00b112 \u2109 \/ \u00b112 \u2103<br \/>\nAjastimen asetusalue: 0-99 tuntia ja 59 minuuttia.<\/p>\n<h3>Pakkauksen sis\u00e4lt\u00f6<\/h3>\n<p>1x Grilliuunin ohjain ISC-028BW<br \/>\n4x lihaksen koetin<br \/>\n1x uunin anturi<br \/>\n1x USB-virtal\u00e4hde<br \/>\n1x USB-latauskaapeli<br \/>\n2x grilliadapterit<br \/>\n1x k\u00e4ytt\u00f6ohje<\/p>\n<p>&nbsp;<\/p>\n","protected":false},"excerpt":{"rendered":"<p>Uunin l\u00e4mp\u00f6tilan s\u00e4\u00e4din Inkbird ISC028bw INKBIRD ISC-028-BW on \u00e4lyk\u00e4s uunil\u00e4mp\u00f6tilan s\u00e4\u00e4din, joka yhdist\u00e4\u00e4 elintarvikkeiden l\u00e4mp\u00f6tilan tunnistuksen ja uunin l\u00e4mp\u00f6tilan s\u00e4\u00e4d\u00f6n. Se on suunniteltu erityisesti k\u00e4ytett\u00e4v\u00e4ksi sek\u00e4 koti- ett\u00e4 ammattikeitti\u00f6iss\u00e4. Se valvoo uunin sis\u00e4l\u00e4mp\u00f6tilaa reaaliajassa ja s\u00e4\u00e4t\u00e4\u00e4 \u00e4lykk\u00e4\u00e4sti tuulettimen nopeutta varmistaakseen, ett\u00e4 l\u00e4mp\u00f6tila pysyy esiasetetulla l\u00e4mp\u00f6tila-alueella, jolloin saavutetaan optimaaliset kypsennystulokset. T\u00e4m\u00e4 laite tarjoaa tarkan l\u00e4mp\u00f6tilan s\u00e4\u00e4d\u00f6n [&#8230;]\n","protected":false},"featured_media":22143,"comment_status":"open","ping_status":"closed","template":"","meta":[],"product_brand":[161],"product_cat":[784],"product_tag":[],"class_list":{"0":"post-22132","1":"product","2":"type-product","3":"status-publish","4":"has-post-thumbnail","6":"product_brand-inkbird-en","7":"product_cat-tarvikkeet","9":"first","10":"outofstock","11":"taxable","12":"shipping-taxable","13":"purchasable","14":"product-type-simple"},"yoast_head":"<!-- This site is optimized with the Yoast SEO plugin v27.4 - https:\/\/yoast.com\/product\/yoast-seo-wordpress\/ -->\n<title>Uunin l\u00e4mp\u00f6tilan s\u00e4\u00e4din Inkbird ISC-028BW - BBQ \u00c4ssad<\/title>\n<meta name=\"description\" content=\"Inkbird ISC028BW uunin l\u00e4mp\u00f6tilan s\u00e4\u00e4din yll\u00e4pit\u00e4\u00e4 automaattisesti vakaan grilli-\/uunil\u00e4mp\u00f6tilan (WiFi + Bluetooth).\" \/>\n<meta name=\"robots\" content=\"index, follow, max-snippet:-1, max-image-preview:large, max-video-preview:-1\" \/>\n<link rel=\"canonical\" href=\"https:\/\/bbqassad.ee\/fi\/toode\/uunin-lampotilan-saadin-inkbird-isc028bw\/\" \/>\n<meta property=\"og:locale\" content=\"fi_FI\" \/>\n<meta property=\"og:type\" content=\"article\" \/>\n<meta property=\"og:title\" content=\"Uunin l\u00e4mp\u00f6tilan s\u00e4\u00e4din Inkbird\" \/>\n<meta property=\"og:description\" content=\"Inkbird ISC028BW uunin l\u00e4mp\u00f6tilan s\u00e4\u00e4din yll\u00e4pit\u00e4\u00e4 automaattisesti vakaan grilli-\/uunil\u00e4mp\u00f6tilan (WiFi + Bluetooth).\" \/>\n<meta property=\"og:url\" content=\"https:\/\/bbqassad.ee\/fi\/toode\/uunin-lampotilan-saadin-inkbird-isc028bw\/\" \/>\n<meta property=\"og:site_name\" content=\"BBQ \u00c4ssad\" \/>\n<meta property=\"article:publisher\" content=\"https:\/\/www.facebook.com\/bbqassad\" \/>\n<meta property=\"article:modified_time\" content=\"2026-04-14T06:32:37+00:00\" \/>\n<meta property=\"og:image\" content=\"https:\/\/bbqassad.ee\/wp-content\/uploads\/2025\/11\/s-l1600-12-300x300.jpg\" \/>\n<meta name=\"twitter:card\" content=\"summary_large_image\" \/>\n<meta name=\"twitter:label1\" content=\"Arvioitu lukuaika\" \/>\n\t<meta name=\"twitter:data1\" content=\"2 minuuttia\" \/>\n<script type=\"application\/ld+json\" class=\"yoast-schema-graph\">{\"@context\":\"https:\\\/\\\/schema.org\",\"@graph\":[{\"@type\":\"WebPage\",\"@id\":\"https:\\\/\\\/bbqassad.ee\\\/fi\\\/toode\\\/uunin-lampotilan-saadin-inkbird-isc028bw\\\/\",\"url\":\"https:\\\/\\\/bbqassad.ee\\\/fi\\\/toode\\\/uunin-lampotilan-saadin-inkbird-isc028bw\\\/\",\"name\":\"Uunin l\u00e4mp\u00f6tilan s\u00e4\u00e4din Inkbird ISC-028BW - BBQ \u00c4ssad\",\"isPartOf\":{\"@id\":\"https:\\\/\\\/bbqassad.ee\\\/fi\\\/#website\"},\"primaryImageOfPage\":{\"@id\":\"https:\\\/\\\/bbqassad.ee\\\/fi\\\/toode\\\/uunin-lampotilan-saadin-inkbird-isc028bw\\\/#primaryimage\"},\"image\":{\"@id\":\"https:\\\/\\\/bbqassad.ee\\\/fi\\\/toode\\\/uunin-lampotilan-saadin-inkbird-isc028bw\\\/#primaryimage\"},\"thumbnailUrl\":\"https:\\\/\\\/bbqassad.ee\\\/wp-content\\\/uploads\\\/2025\\\/11\\\/s-l1600-12.jpg\",\"datePublished\":\"2025-11-22T10:19:57+00:00\",\"dateModified\":\"2026-04-14T06:32:37+00:00\",\"description\":\"Inkbird ISC028BW uunin l\u00e4mp\u00f6tilan s\u00e4\u00e4din yll\u00e4pit\u00e4\u00e4 automaattisesti vakaan grilli-\\\/uunil\u00e4mp\u00f6tilan (WiFi + Bluetooth).\",\"breadcrumb\":{\"@id\":\"https:\\\/\\\/bbqassad.ee\\\/fi\\\/toode\\\/uunin-lampotilan-saadin-inkbird-isc028bw\\\/#breadcrumb\"},\"inLanguage\":\"fi\",\"potentialAction\":[{\"@type\":\"ReadAction\",\"target\":[\"https:\\\/\\\/bbqassad.ee\\\/fi\\\/toode\\\/uunin-lampotilan-saadin-inkbird-isc028bw\\\/\"]}]},{\"@type\":\"ImageObject\",\"inLanguage\":\"fi\",\"@id\":\"https:\\\/\\\/bbqassad.ee\\\/fi\\\/toode\\\/uunin-lampotilan-saadin-inkbird-isc028bw\\\/#primaryimage\",\"url\":\"https:\\\/\\\/bbqassad.ee\\\/wp-content\\\/uploads\\\/2025\\\/11\\\/s-l1600-12.jpg\",\"contentUrl\":\"https:\\\/\\\/bbqassad.ee\\\/wp-content\\\/uploads\\\/2025\\\/11\\\/s-l1600-12.jpg\",\"width\":1600,\"height\":1600,\"caption\":\"Ahju temperatuuri kontroller Inkbird\"},{\"@type\":\"BreadcrumbList\",\"@id\":\"https:\\\/\\\/bbqassad.ee\\\/fi\\\/toode\\\/uunin-lampotilan-saadin-inkbird-isc028bw\\\/#breadcrumb\",\"itemListElement\":[{\"@type\":\"ListItem\",\"position\":1,\"name\":\"Home\",\"item\":\"https:\\\/\\\/bbqassad.ee\\\/fi\\\/bbq-assat\\\/\"},{\"@type\":\"ListItem\",\"position\":2,\"name\":\"Verkkokauppa\",\"item\":\"https:\\\/\\\/bbqassad.ee\\\/fi\\\/verkkokauppa\\\/\"},{\"@type\":\"ListItem\",\"position\":3,\"name\":\"Uunin l\u00e4mp\u00f6tilan s\u00e4\u00e4din Inkbird ISC-028BW\"}]},{\"@type\":\"WebSite\",\"@id\":\"https:\\\/\\\/bbqassad.ee\\\/fi\\\/#website\",\"url\":\"https:\\\/\\\/bbqassad.ee\\\/fi\\\/\",\"name\":\"BBQ \u00c4ssad\",\"description\":\"BBQ maitseained, kastmed, ahjud\",\"publisher\":{\"@id\":\"https:\\\/\\\/bbqassad.ee\\\/fi\\\/#organization\"},\"potentialAction\":[{\"@type\":\"SearchAction\",\"target\":{\"@type\":\"EntryPoint\",\"urlTemplate\":\"https:\\\/\\\/bbqassad.ee\\\/fi\\\/?s={search_term_string}\"},\"query-input\":{\"@type\":\"PropertyValueSpecification\",\"valueRequired\":true,\"valueName\":\"search_term_string\"}}],\"inLanguage\":\"fi\"},{\"@type\":\"Organization\",\"@id\":\"https:\\\/\\\/bbqassad.ee\\\/fi\\\/#organization\",\"name\":\"BBQ \u00c4ssad\",\"url\":\"https:\\\/\\\/bbqassad.ee\\\/fi\\\/\",\"logo\":{\"@type\":\"ImageObject\",\"inLanguage\":\"fi\",\"@id\":\"https:\\\/\\\/bbqassad.ee\\\/fi\\\/#\\\/schema\\\/logo\\\/image\\\/\",\"url\":\"https:\\\/\\\/bbqassad.ee\\\/wp-content\\\/uploads\\\/2022\\\/10\\\/BBQ-2ssadlogo.png\",\"contentUrl\":\"https:\\\/\\\/bbqassad.ee\\\/wp-content\\\/uploads\\\/2022\\\/10\\\/BBQ-2ssadlogo.png\",\"width\":1080,\"height\":1080,\"caption\":\"BBQ \u00c4ssad\"},\"image\":{\"@id\":\"https:\\\/\\\/bbqassad.ee\\\/fi\\\/#\\\/schema\\\/logo\\\/image\\\/\"},\"sameAs\":[\"https:\\\/\\\/www.facebook.com\\\/bbqassad\",\"https:\\\/\\\/www.youtube.com\\\/channel\\\/UCsoufn49J6TVi9Ah9meE93w\"]}]}<\/script>\n<!-- \/ Yoast SEO plugin. -->","yoast_head_json":{"title":"Uunin l\u00e4mp\u00f6tilan s\u00e4\u00e4din Inkbird ISC-028BW - BBQ \u00c4ssad","description":"Inkbird ISC028BW uunin l\u00e4mp\u00f6tilan s\u00e4\u00e4din yll\u00e4pit\u00e4\u00e4 automaattisesti vakaan grilli-\/uunil\u00e4mp\u00f6tilan (WiFi + Bluetooth).","robots":{"index":"index","follow":"follow","max-snippet":"max-snippet:-1","max-image-preview":"max-image-preview:large","max-video-preview":"max-video-preview:-1"},"canonical":"https:\/\/bbqassad.ee\/fi\/toode\/uunin-lampotilan-saadin-inkbird-isc028bw\/","og_locale":"fi_FI","og_type":"article","og_title":"Uunin l\u00e4mp\u00f6tilan s\u00e4\u00e4din Inkbird","og_description":"Inkbird ISC028BW uunin l\u00e4mp\u00f6tilan s\u00e4\u00e4din yll\u00e4pit\u00e4\u00e4 automaattisesti vakaan grilli-\/uunil\u00e4mp\u00f6tilan (WiFi + Bluetooth).","og_url":"https:\/\/bbqassad.ee\/fi\/toode\/uunin-lampotilan-saadin-inkbird-isc028bw\/","og_site_name":"BBQ \u00c4ssad","article_publisher":"https:\/\/www.facebook.com\/bbqassad","article_modified_time":"2026-04-14T06:32:37+00:00","og_image":[{"url":"https:\/\/bbqassad.ee\/wp-content\/uploads\/2025\/11\/s-l1600-12-300x300.jpg","type":"","width":"","height":""}],"twitter_card":"summary_large_image","twitter_misc":{"Arvioitu lukuaika":"2 minuuttia"},"schema":{"@context":"https:\/\/schema.org","@graph":[{"@type":"WebPage","@id":"https:\/\/bbqassad.ee\/fi\/toode\/uunin-lampotilan-saadin-inkbird-isc028bw\/","url":"https:\/\/bbqassad.ee\/fi\/toode\/uunin-lampotilan-saadin-inkbird-isc028bw\/","name":"Uunin l\u00e4mp\u00f6tilan s\u00e4\u00e4din Inkbird ISC-028BW - BBQ \u00c4ssad","isPartOf":{"@id":"https:\/\/bbqassad.ee\/fi\/#website"},"primaryImageOfPage":{"@id":"https:\/\/bbqassad.ee\/fi\/toode\/uunin-lampotilan-saadin-inkbird-isc028bw\/#primaryimage"},"image":{"@id":"https:\/\/bbqassad.ee\/fi\/toode\/uunin-lampotilan-saadin-inkbird-isc028bw\/#primaryimage"},"thumbnailUrl":"https:\/\/bbqassad.ee\/wp-content\/uploads\/2025\/11\/s-l1600-12.jpg","datePublished":"2025-11-22T10:19:57+00:00","dateModified":"2026-04-14T06:32:37+00:00","description":"Inkbird ISC028BW uunin l\u00e4mp\u00f6tilan s\u00e4\u00e4din yll\u00e4pit\u00e4\u00e4 automaattisesti vakaan grilli-\/uunil\u00e4mp\u00f6tilan (WiFi + Bluetooth).","breadcrumb":{"@id":"https:\/\/bbqassad.ee\/fi\/toode\/uunin-lampotilan-saadin-inkbird-isc028bw\/#breadcrumb"},"inLanguage":"fi","potentialAction":[{"@type":"ReadAction","target":["https:\/\/bbqassad.ee\/fi\/toode\/uunin-lampotilan-saadin-inkbird-isc028bw\/"]}]},{"@type":"ImageObject","inLanguage":"fi","@id":"https:\/\/bbqassad.ee\/fi\/toode\/uunin-lampotilan-saadin-inkbird-isc028bw\/#primaryimage","url":"https:\/\/bbqassad.ee\/wp-content\/uploads\/2025\/11\/s-l1600-12.jpg","contentUrl":"https:\/\/bbqassad.ee\/wp-content\/uploads\/2025\/11\/s-l1600-12.jpg","width":1600,"height":1600,"caption":"Ahju temperatuuri kontroller Inkbird"},{"@type":"BreadcrumbList","@id":"https:\/\/bbqassad.ee\/fi\/toode\/uunin-lampotilan-saadin-inkbird-isc028bw\/#breadcrumb","itemListElement":[{"@type":"ListItem","position":1,"name":"Home","item":"https:\/\/bbqassad.ee\/fi\/bbq-assat\/"},{"@type":"ListItem","position":2,"name":"Verkkokauppa","item":"https:\/\/bbqassad.ee\/fi\/verkkokauppa\/"},{"@type":"ListItem","position":3,"name":"Uunin l\u00e4mp\u00f6tilan s\u00e4\u00e4din Inkbird ISC-028BW"}]},{"@type":"WebSite","@id":"https:\/\/bbqassad.ee\/fi\/#website","url":"https:\/\/bbqassad.ee\/fi\/","name":"BBQ \u00c4ssad","description":"BBQ maitseained, kastmed, ahjud","publisher":{"@id":"https:\/\/bbqassad.ee\/fi\/#organization"},"potentialAction":[{"@type":"SearchAction","target":{"@type":"EntryPoint","urlTemplate":"https:\/\/bbqassad.ee\/fi\/?s={search_term_string}"},"query-input":{"@type":"PropertyValueSpecification","valueRequired":true,"valueName":"search_term_string"}}],"inLanguage":"fi"},{"@type":"Organization","@id":"https:\/\/bbqassad.ee\/fi\/#organization","name":"BBQ \u00c4ssad","url":"https:\/\/bbqassad.ee\/fi\/","logo":{"@type":"ImageObject","inLanguage":"fi","@id":"https:\/\/bbqassad.ee\/fi\/#\/schema\/logo\/image\/","url":"https:\/\/bbqassad.ee\/wp-content\/uploads\/2022\/10\/BBQ-2ssadlogo.png","contentUrl":"https:\/\/bbqassad.ee\/wp-content\/uploads\/2022\/10\/BBQ-2ssadlogo.png","width":1080,"height":1080,"caption":"BBQ \u00c4ssad"},"image":{"@id":"https:\/\/bbqassad.ee\/fi\/#\/schema\/logo\/image\/"},"sameAs":["https:\/\/www.facebook.com\/bbqassad","https:\/\/www.youtube.com\/channel\/UCsoufn49J6TVi9Ah9meE93w"]}]}},"_links":{"self":[{"href":"https:\/\/bbqassad.ee\/fi\/wp-json\/wp\/v2\/product\/22132","targetHints":{"allow":["GET"]}}],"collection":[{"href":"https:\/\/bbqassad.ee\/fi\/wp-json\/wp\/v2\/product"}],"about":[{"href":"https:\/\/bbqassad.ee\/fi\/wp-json\/wp\/v2\/types\/product"}],"replies":[{"embeddable":true,"href":"https:\/\/bbqassad.ee\/fi\/wp-json\/wp\/v2\/comments?post=22132"}],"wp:featuredmedia":[{"embeddable":true,"href":"https:\/\/bbqassad.ee\/fi\/wp-json\/wp\/v2\/media\/22143"}],"wp:attachment":[{"href":"https:\/\/bbqassad.ee\/fi\/wp-json\/wp\/v2\/media?parent=22132"}],"wp:term":[{"taxonomy":"product_brand","embeddable":true,"href":"https:\/\/bbqassad.ee\/fi\/wp-json\/wp\/v2\/product_brand?post=22132"},{"taxonomy":"product_cat","embeddable":true,"href":"https:\/\/bbqassad.ee\/fi\/wp-json\/wp\/v2\/product_cat?post=22132"},{"taxonomy":"product_tag","embeddable":true,"href":"https:\/\/bbqassad.ee\/fi\/wp-json\/wp\/v2\/product_tag?post=22132"}],"curies":[{"name":"wp","href":"https:\/\/api.w.org\/{rel}","templated":true}]}}