{"id":22129,"date":"2025-12-18T08:40:25","date_gmt":"2025-12-18T08:40:25","guid":{"rendered":"https:\/\/bbqassad.ee\/toode\/barbecoa-makea-aasialainen-bbq-kastike\/"},"modified":"2026-04-14T06:32:37","modified_gmt":"2026-04-14T06:32:37","slug":"barbecoa-makea-aasialainen-bbq-kastike","status":"publish","type":"product","link":"https:\/\/bbqassad.ee\/fi\/toode\/barbecoa-makea-aasialainen-bbq-kastike\/","title":{"rendered":"Barbecoa Sweet Asian BBQ -kastike"},"content":{"rendered":"<h2>Barbecoa Makea aasialainen BBQ-kastike<\/h2>\n<p>Barbecoa on hyvin tunnettu belgialainen grilliryhm\u00e4, joka on maansa moninkertainen mestari. Joukkue kilpailee aina Euroopan parhaan BBQ-joukkueen tittelist\u00e4. Johtaja Tom Bertels valmistaa my\u00f6s kastikkeita ja mausteita. Barbecoa Sweet Asian BBQ -kastike on sekoitus hunajaa ja teriyakia. T\u00e4ydellinen yhdistelm\u00e4 umamia ja kevytt\u00e4 makeaa hunajaa.    <\/p>\n<p><strong>BBQ Aces kommentti:<\/strong> Sopii kaikille. Olemme pitk\u00e4\u00e4n etsineet jonkinlaista aasialaistyyppist\u00e4 kastiketta, mutta kaikki t\u00e4h\u00e4n menness\u00e4 kokeilemamme on ollut luokkaa t\u00e4ytt\u00e4 paskaa. T\u00e4m\u00e4 kastike tulee kuitenkin ylpe\u00e4n\u00e4 valikoimaan, sill\u00e4 se on todella oikea sekoitus teriyakia ja makeaa hunajaa ja mausteita. Hyvin tehty Tom!   <\/p>\n<p><strong>Pro-vinkki:<\/strong> Pid\u00e4 kastike l\u00e4mpim\u00e4n\u00e4, niin ituja tulee paljon paremmin esiin.<\/p>\n","protected":false},"excerpt":{"rendered":"<p>Valmistaja: barbecoa BBQ<br \/>\n<strong>Barbecoa Makea aasialainen BBQ-kastike<\/strong> Net 500ml<\/p>\n<p style=\"font-weight: 400;\"><strong>Ainesosat<\/strong>: vesi, sokeri, <strong>soijapavut, vehn\u00e4 (gluteeni<\/strong>), hunaja, valkosipuli, etikka, suola; riisietikka, 0,6 % seesaminsiemeni\u00e4, sipuli. Luonnolliset aromit, <\/p>\n<p style=\"font-weight: 400;\">v\u00e4riaine (kuivattu sokerisiirappi, paprikauute), s\u00e4il\u00f6nt\u00e4aine (kaliumsorbaatti),<\/p>\n<p style=\"font-weight: 400;\">sakeuttamisaineet (ksantaanikumi, guarkumi), auringonkukka\u00f6ljy, natriumbentsoaatti.<\/p>\n<p style=\"font-weight: 400;\"><strong>Ravintosis\u00e4lt\u00f6 100 g:aa<\/strong> <strong>kohti:<\/strong> energia: 671 kJ\/160 kcal; rasva: 0,5 g, josta tyydyttyneit\u00e4 rasvahappoja: 0,1 g; hiilihydraatit: 36 g, josta sokereita: 31 g; proteiini: 2,4 g; suola: 4,8 g.<\/p>\n","protected":false},"featured_media":22130,"comment_status":"open","ping_status":"closed","template":"","meta":[],"product_brand":[],"product_cat":[788],"product_tag":[791,790,789],"class_list":{"0":"post-22129","1":"product","2":"type-product","3":"status-publish","4":"has-post-thumbnail","6":"product_cat-kastit","7":"product_tag-kala","8":"product_tag-kana","9":"product_tag-sika","11":"first","12":"instock","13":"taxable","14":"shipping-taxable","15":"purchasable","16":"product-type-simple"},"yoast_head":"<!-- This site is optimized with the Yoast SEO plugin v27.4 - https:\/\/yoast.com\/product\/yoast-seo-wordpress\/ -->\n<title>Barbecoa Makea aasialainen BBQ-kastike 500 ml | BBQ Aces<\/title>\n<meta name=\"description\" content=\"Aasialainen BBQ-kastike, jossa on hunajaa ja teriyakia. Barbecoa Sweet Asian BBQ -kastike sopii kanalle, sianlihalle, naudanlihalle ja kalalle.\" \/>\n<meta name=\"robots\" content=\"index, follow, max-snippet:-1, max-image-preview:large, max-video-preview:-1\" \/>\n<link rel=\"canonical\" href=\"https:\/\/bbqassad.ee\/fi\/toode\/barbecoa-makea-aasialainen-bbq-kastike\/\" \/>\n<meta property=\"og:locale\" content=\"fi_FI\" \/>\n<meta property=\"og:type\" content=\"article\" \/>\n<meta property=\"og:title\" content=\"Barbecoa Sweet Asian BBQ-kastike 500 ml | BBQ Aces\" \/>\n<meta property=\"og:description\" content=\"Aasialainen BBQ-kastike, jossa on hunajaa ja teriyakia. Barbecoa Sweet Asian BBQ -kastike sopii kanalle, sianlihalle, naudanlihalle ja kalalle.\" \/>\n<meta property=\"og:url\" content=\"https:\/\/bbqassad.ee\/fi\/toode\/barbecoa-makea-aasialainen-bbq-kastike\/\" \/>\n<meta property=\"og:site_name\" content=\"BBQ \u00c4ssad\" \/>\n<meta property=\"article:publisher\" content=\"https:\/\/www.facebook.com\/bbqassad\" \/>\n<meta property=\"article:modified_time\" content=\"2026-04-14T06:32:37+00:00\" \/>\n<meta property=\"og:image\" content=\"https:\/\/bbqassad.ee\/wp-content\/uploads\/2025\/12\/Nimetu-kujundus-162-1024x576.png\" \/>\n<meta name=\"twitter:card\" content=\"summary_large_image\" \/>\n<meta name=\"twitter:label1\" content=\"Arvioitu lukuaika\" \/>\n\t<meta name=\"twitter:data1\" content=\"1 minuutti\" \/>\n<script type=\"application\/ld+json\" class=\"yoast-schema-graph\">{\"@context\":\"https:\\\/\\\/schema.org\",\"@graph\":[{\"@type\":\"WebPage\",\"@id\":\"https:\\\/\\\/bbqassad.ee\\\/fi\\\/toode\\\/barbecoa-makea-aasialainen-bbq-kastike\\\/\",\"url\":\"https:\\\/\\\/bbqassad.ee\\\/fi\\\/toode\\\/barbecoa-makea-aasialainen-bbq-kastike\\\/\",\"name\":\"Barbecoa Makea aasialainen BBQ-kastike 500 ml | BBQ Aces\",\"isPartOf\":{\"@id\":\"https:\\\/\\\/bbqassad.ee\\\/fi\\\/#website\"},\"primaryImageOfPage\":{\"@id\":\"https:\\\/\\\/bbqassad.ee\\\/fi\\\/toode\\\/barbecoa-makea-aasialainen-bbq-kastike\\\/#primaryimage\"},\"image\":{\"@id\":\"https:\\\/\\\/bbqassad.ee\\\/fi\\\/toode\\\/barbecoa-makea-aasialainen-bbq-kastike\\\/#primaryimage\"},\"thumbnailUrl\":\"https:\\\/\\\/bbqassad.ee\\\/wp-content\\\/uploads\\\/2025\\\/12\\\/Nimetu-kujundus-162.png\",\"datePublished\":\"2025-12-18T08:40:25+00:00\",\"dateModified\":\"2026-04-14T06:32:37+00:00\",\"description\":\"Aasialainen BBQ-kastike, jossa on hunajaa ja teriyakia. Barbecoa Sweet Asian BBQ -kastike sopii kanalle, sianlihalle, naudanlihalle ja kalalle.\",\"breadcrumb\":{\"@id\":\"https:\\\/\\\/bbqassad.ee\\\/fi\\\/toode\\\/barbecoa-makea-aasialainen-bbq-kastike\\\/#breadcrumb\"},\"inLanguage\":\"fi\",\"potentialAction\":[{\"@type\":\"ReadAction\",\"target\":[\"https:\\\/\\\/bbqassad.ee\\\/fi\\\/toode\\\/barbecoa-makea-aasialainen-bbq-kastike\\\/\"]}]},{\"@type\":\"ImageObject\",\"inLanguage\":\"fi\",\"@id\":\"https:\\\/\\\/bbqassad.ee\\\/fi\\\/toode\\\/barbecoa-makea-aasialainen-bbq-kastike\\\/#primaryimage\",\"url\":\"https:\\\/\\\/bbqassad.ee\\\/wp-content\\\/uploads\\\/2025\\\/12\\\/Nimetu-kujundus-162.png\",\"contentUrl\":\"https:\\\/\\\/bbqassad.ee\\\/wp-content\\\/uploads\\\/2025\\\/12\\\/Nimetu-kujundus-162.png\",\"width\":1280,\"height\":720,\"caption\":\"Barbecoa Sweet Asian BBQ kaste\"},{\"@type\":\"BreadcrumbList\",\"@id\":\"https:\\\/\\\/bbqassad.ee\\\/fi\\\/toode\\\/barbecoa-makea-aasialainen-bbq-kastike\\\/#breadcrumb\",\"itemListElement\":[{\"@type\":\"ListItem\",\"position\":1,\"name\":\"Home\",\"item\":\"https:\\\/\\\/bbqassad.ee\\\/fi\\\/bbq-assat\\\/\"},{\"@type\":\"ListItem\",\"position\":2,\"name\":\"Verkkokauppa\",\"item\":\"https:\\\/\\\/bbqassad.ee\\\/fi\\\/verkkokauppa\\\/\"},{\"@type\":\"ListItem\",\"position\":3,\"name\":\"Barbecoa Sweet Asian BBQ -kastike\"}]},{\"@type\":\"WebSite\",\"@id\":\"https:\\\/\\\/bbqassad.ee\\\/fi\\\/#website\",\"url\":\"https:\\\/\\\/bbqassad.ee\\\/fi\\\/\",\"name\":\"BBQ \u00c4ssad\",\"description\":\"BBQ maitseained, kastmed, ahjud\",\"publisher\":{\"@id\":\"https:\\\/\\\/bbqassad.ee\\\/fi\\\/#organization\"},\"potentialAction\":[{\"@type\":\"SearchAction\",\"target\":{\"@type\":\"EntryPoint\",\"urlTemplate\":\"https:\\\/\\\/bbqassad.ee\\\/fi\\\/?s={search_term_string}\"},\"query-input\":{\"@type\":\"PropertyValueSpecification\",\"valueRequired\":true,\"valueName\":\"search_term_string\"}}],\"inLanguage\":\"fi\"},{\"@type\":\"Organization\",\"@id\":\"https:\\\/\\\/bbqassad.ee\\\/fi\\\/#organization\",\"name\":\"BBQ \u00c4ssad\",\"url\":\"https:\\\/\\\/bbqassad.ee\\\/fi\\\/\",\"logo\":{\"@type\":\"ImageObject\",\"inLanguage\":\"fi\",\"@id\":\"https:\\\/\\\/bbqassad.ee\\\/fi\\\/#\\\/schema\\\/logo\\\/image\\\/\",\"url\":\"https:\\\/\\\/bbqassad.ee\\\/wp-content\\\/uploads\\\/2022\\\/10\\\/BBQ-2ssadlogo.png\",\"contentUrl\":\"https:\\\/\\\/bbqassad.ee\\\/wp-content\\\/uploads\\\/2022\\\/10\\\/BBQ-2ssadlogo.png\",\"width\":1080,\"height\":1080,\"caption\":\"BBQ \u00c4ssad\"},\"image\":{\"@id\":\"https:\\\/\\\/bbqassad.ee\\\/fi\\\/#\\\/schema\\\/logo\\\/image\\\/\"},\"sameAs\":[\"https:\\\/\\\/www.facebook.com\\\/bbqassad\",\"https:\\\/\\\/www.youtube.com\\\/channel\\\/UCsoufn49J6TVi9Ah9meE93w\"]}]}<\/script>\n<!-- \/ Yoast SEO plugin. -->","yoast_head_json":{"title":"Barbecoa Makea aasialainen BBQ-kastike 500 ml | BBQ Aces","description":"Aasialainen BBQ-kastike, jossa on hunajaa ja teriyakia. Barbecoa Sweet Asian BBQ -kastike sopii kanalle, sianlihalle, naudanlihalle ja kalalle.","robots":{"index":"index","follow":"follow","max-snippet":"max-snippet:-1","max-image-preview":"max-image-preview:large","max-video-preview":"max-video-preview:-1"},"canonical":"https:\/\/bbqassad.ee\/fi\/toode\/barbecoa-makea-aasialainen-bbq-kastike\/","og_locale":"fi_FI","og_type":"article","og_title":"Barbecoa Sweet Asian BBQ-kastike 500 ml | BBQ Aces","og_description":"Aasialainen BBQ-kastike, jossa on hunajaa ja teriyakia. Barbecoa Sweet Asian BBQ -kastike sopii kanalle, sianlihalle, naudanlihalle ja kalalle.","og_url":"https:\/\/bbqassad.ee\/fi\/toode\/barbecoa-makea-aasialainen-bbq-kastike\/","og_site_name":"BBQ \u00c4ssad","article_publisher":"https:\/\/www.facebook.com\/bbqassad","article_modified_time":"2026-04-14T06:32:37+00:00","og_image":[{"url":"https:\/\/bbqassad.ee\/wp-content\/uploads\/2025\/12\/Nimetu-kujundus-162-1024x576.png","type":"","width":"","height":""}],"twitter_card":"summary_large_image","twitter_misc":{"Arvioitu lukuaika":"1 minuutti"},"schema":{"@context":"https:\/\/schema.org","@graph":[{"@type":"WebPage","@id":"https:\/\/bbqassad.ee\/fi\/toode\/barbecoa-makea-aasialainen-bbq-kastike\/","url":"https:\/\/bbqassad.ee\/fi\/toode\/barbecoa-makea-aasialainen-bbq-kastike\/","name":"Barbecoa Makea aasialainen BBQ-kastike 500 ml | BBQ Aces","isPartOf":{"@id":"https:\/\/bbqassad.ee\/fi\/#website"},"primaryImageOfPage":{"@id":"https:\/\/bbqassad.ee\/fi\/toode\/barbecoa-makea-aasialainen-bbq-kastike\/#primaryimage"},"image":{"@id":"https:\/\/bbqassad.ee\/fi\/toode\/barbecoa-makea-aasialainen-bbq-kastike\/#primaryimage"},"thumbnailUrl":"https:\/\/bbqassad.ee\/wp-content\/uploads\/2025\/12\/Nimetu-kujundus-162.png","datePublished":"2025-12-18T08:40:25+00:00","dateModified":"2026-04-14T06:32:37+00:00","description":"Aasialainen BBQ-kastike, jossa on hunajaa ja teriyakia. Barbecoa Sweet Asian BBQ -kastike sopii kanalle, sianlihalle, naudanlihalle ja kalalle.","breadcrumb":{"@id":"https:\/\/bbqassad.ee\/fi\/toode\/barbecoa-makea-aasialainen-bbq-kastike\/#breadcrumb"},"inLanguage":"fi","potentialAction":[{"@type":"ReadAction","target":["https:\/\/bbqassad.ee\/fi\/toode\/barbecoa-makea-aasialainen-bbq-kastike\/"]}]},{"@type":"ImageObject","inLanguage":"fi","@id":"https:\/\/bbqassad.ee\/fi\/toode\/barbecoa-makea-aasialainen-bbq-kastike\/#primaryimage","url":"https:\/\/bbqassad.ee\/wp-content\/uploads\/2025\/12\/Nimetu-kujundus-162.png","contentUrl":"https:\/\/bbqassad.ee\/wp-content\/uploads\/2025\/12\/Nimetu-kujundus-162.png","width":1280,"height":720,"caption":"Barbecoa Sweet Asian BBQ kaste"},{"@type":"BreadcrumbList","@id":"https:\/\/bbqassad.ee\/fi\/toode\/barbecoa-makea-aasialainen-bbq-kastike\/#breadcrumb","itemListElement":[{"@type":"ListItem","position":1,"name":"Home","item":"https:\/\/bbqassad.ee\/fi\/bbq-assat\/"},{"@type":"ListItem","position":2,"name":"Verkkokauppa","item":"https:\/\/bbqassad.ee\/fi\/verkkokauppa\/"},{"@type":"ListItem","position":3,"name":"Barbecoa Sweet Asian BBQ -kastike"}]},{"@type":"WebSite","@id":"https:\/\/bbqassad.ee\/fi\/#website","url":"https:\/\/bbqassad.ee\/fi\/","name":"BBQ \u00c4ssad","description":"BBQ maitseained, kastmed, ahjud","publisher":{"@id":"https:\/\/bbqassad.ee\/fi\/#organization"},"potentialAction":[{"@type":"SearchAction","target":{"@type":"EntryPoint","urlTemplate":"https:\/\/bbqassad.ee\/fi\/?s={search_term_string}"},"query-input":{"@type":"PropertyValueSpecification","valueRequired":true,"valueName":"search_term_string"}}],"inLanguage":"fi"},{"@type":"Organization","@id":"https:\/\/bbqassad.ee\/fi\/#organization","name":"BBQ \u00c4ssad","url":"https:\/\/bbqassad.ee\/fi\/","logo":{"@type":"ImageObject","inLanguage":"fi","@id":"https:\/\/bbqassad.ee\/fi\/#\/schema\/logo\/image\/","url":"https:\/\/bbqassad.ee\/wp-content\/uploads\/2022\/10\/BBQ-2ssadlogo.png","contentUrl":"https:\/\/bbqassad.ee\/wp-content\/uploads\/2022\/10\/BBQ-2ssadlogo.png","width":1080,"height":1080,"caption":"BBQ \u00c4ssad"},"image":{"@id":"https:\/\/bbqassad.ee\/fi\/#\/schema\/logo\/image\/"},"sameAs":["https:\/\/www.facebook.com\/bbqassad","https:\/\/www.youtube.com\/channel\/UCsoufn49J6TVi9Ah9meE93w"]}]}},"_links":{"self":[{"href":"https:\/\/bbqassad.ee\/fi\/wp-json\/wp\/v2\/product\/22129","targetHints":{"allow":["GET"]}}],"collection":[{"href":"https:\/\/bbqassad.ee\/fi\/wp-json\/wp\/v2\/product"}],"about":[{"href":"https:\/\/bbqassad.ee\/fi\/wp-json\/wp\/v2\/types\/product"}],"replies":[{"embeddable":true,"href":"https:\/\/bbqassad.ee\/fi\/wp-json\/wp\/v2\/comments?post=22129"}],"wp:featuredmedia":[{"embeddable":true,"href":"https:\/\/bbqassad.ee\/fi\/wp-json\/wp\/v2\/media\/22130"}],"wp:attachment":[{"href":"https:\/\/bbqassad.ee\/fi\/wp-json\/wp\/v2\/media?parent=22129"}],"wp:term":[{"taxonomy":"product_brand","embeddable":true,"href":"https:\/\/bbqassad.ee\/fi\/wp-json\/wp\/v2\/product_brand?post=22129"},{"taxonomy":"product_cat","embeddable":true,"href":"https:\/\/bbqassad.ee\/fi\/wp-json\/wp\/v2\/product_cat?post=22129"},{"taxonomy":"product_tag","embeddable":true,"href":"https:\/\/bbqassad.ee\/fi\/wp-json\/wp\/v2\/product_tag?post=22129"}],"curies":[{"name":"wp","href":"https:\/\/api.w.org\/{rel}","templated":true}]}}