{"id":22126,"date":"2025-12-18T08:53:57","date_gmt":"2025-12-18T08:53:57","guid":{"rendered":"https:\/\/bbqassad.ee\/toode\/barbecoa-burger-kastike\/"},"modified":"2026-04-14T06:32:36","modified_gmt":"2026-04-14T06:32:36","slug":"barbecoa-burger-kastike","status":"publish","type":"product","link":"https:\/\/bbqassad.ee\/fi\/toode\/barbecoa-burger-kastike\/","title":{"rendered":"Barbecoa Burger -kastike"},"content":{"rendered":"<h2>Barbecoa Burger-kastike<\/h2>\n<p>Barbecoa on eritt\u00e4in tunnettu belgialainen grilliryhm\u00e4, joka on maansa moninkertainen mestari. Joukkue kilpailee aina Euroopan parhaan BBQ-joukkueen tittelist\u00e4. Johtaja Tom Bertels valmistaa my\u00f6s kastikkeita ja mausteita. Heid\u00e4n hampurilaiskastikkeensa ovat kaukana kaupoissa myyt\u00e4vist\u00e4 karmeista kastikkeista. Meill\u00e4 k\u00e4vi vierailulla Marko, Masterchefiin osallistunut ja vakavasti otettava hampurilaisguru, joka valmisti hampurilaiset videoissamme, ja h\u00e4n arvioi kastikkeen: &#8221;Se on aika l\u00e4hell\u00e4 sit\u00e4, mit\u00e4 min\u00e4 valmistan.&#8221;.    <\/p>\n<h3>BBQ Aces kommentti:<\/h3>\n<p>Kun olet maistanut sit\u00e4, t\u00e4m\u00e4n pit\u00e4isi olla se, joka kannattaa laittaa smashiin. Se maistuu todellakin silt\u00e4, kuin olisit sekoittanut ja sekoittanut saadaksesi kastikkeesi oikeanlaiseksi. <\/p>\n<h3>Pro-vinkki:<\/h3>\n<p>Hampurilainen ei ole ainoa paikka, johon se voidaan laittaa, ranskalaiset ja kaikki&#8230;. Sitten sinulla on ladattuja ranskalaisia \ud83d\ude42<\/p>\n","protected":false},"excerpt":{"rendered":"<p>Valmistaja: barbecoa BBQ<\/p>\n<p style=\"font-weight: 400;\"><strong>Barbecoa Burger-kastike<\/strong> Net 500ml<\/p>\n<p style=\"font-weight: 400;\"><strong>Ainesosat<\/strong>: Vesi, kasvi\u00f6ljy (rypsi\u00f6ljy, maissi\u00f6ljy), sokeri, suola, muunnettu maissit\u00e4rkkelys, etikka, <strong>sinappi,<\/strong> tomaatti, valkosipuli, happo (sitruunahappo, maitohappo), luontaiset aromit<strong>(selleri<\/strong>), sakeuttamisaineet (ksantaanikumi, guarkumi), selluloosa), balsamiviinietikka, muunnettu perunat\u00e4rkkelys, mausteet, v\u00e4riaineet (luonnolliset karoteenit), natriumglutamaatti, s\u00e4il\u00f6nt\u00e4aineet (kaliumsorbaatti, natriumbentsoaatti), hapettumisenestoaineet (kalsiumdinatrium-EDTA, rosmariiniuute)..<\/p>\n<p style=\"font-weight: 400;\"><strong>Ravintosis\u00e4lt\u00f6 100 g:ssa<\/strong> <strong>:<\/strong> energia: 970 kJ\/232 kcal; rasva: 20 g, josta tyydyttyneit\u00e4 rasvahappoja: 1,8 g; hiilihydraatti: 12 g, josta sokereita: 8 g; proteiini: 0,3 g; suola: 2,2 g. <strong>Ravintosis\u00e4lt\u00f6 100 g:ssa.<\/strong> <\/p>\n","protected":false},"featured_media":22127,"comment_status":"open","ping_status":"closed","template":"","meta":[],"product_brand":[],"product_cat":[788],"product_tag":[803],"class_list":{"0":"post-22126","1":"product","2":"type-product","3":"status-publish","4":"has-post-thumbnail","6":"product_cat-kastit","7":"product_tag-karja","9":"first","10":"instock","11":"taxable","12":"shipping-taxable","13":"purchasable","14":"product-type-simple"},"yoast_head":"<!-- This site is optimized with the Yoast SEO plugin v27.4 - https:\/\/yoast.com\/product\/yoast-seo-wordpress\/ -->\n<title>Barbecoa Burger -kastike - BBQ \u00c4ssad<\/title>\n<meta name=\"description\" content=\"Barbecoa Burger Sauce - kermainen ja maukas burgerikastike, joka sopii hampurilaisille, wrapeille ja ranskalaisille. Vie burgerisi seuraavalle tasolle\" \/>\n<meta name=\"robots\" content=\"index, follow, max-snippet:-1, max-image-preview:large, max-video-preview:-1\" \/>\n<link rel=\"canonical\" href=\"https:\/\/bbqassad.ee\/fi\/toode\/barbecoa-burger-kastike\/\" \/>\n<meta property=\"og:locale\" content=\"fi_FI\" \/>\n<meta property=\"og:type\" content=\"article\" \/>\n<meta property=\"og:title\" content=\"Barbecoa Burger-kastike\" \/>\n<meta property=\"og:description\" content=\"Barbecoa Burger Sauce - kermainen ja maukas burgerikastike, joka sopii hampurilaisille, wrapeille ja ranskalaisille. Vie burgerisi seuraavalle tasolle\" \/>\n<meta property=\"og:url\" content=\"https:\/\/bbqassad.ee\/fi\/toode\/barbecoa-burger-kastike\/\" \/>\n<meta property=\"og:site_name\" content=\"BBQ \u00c4ssad\" \/>\n<meta property=\"article:publisher\" content=\"https:\/\/www.facebook.com\/bbqassad\" \/>\n<meta property=\"article:modified_time\" content=\"2026-04-14T06:32:36+00:00\" \/>\n<meta property=\"og:image\" content=\"https:\/\/bbqassad.ee\/wp-content\/uploads\/2025\/12\/Nimetu-kujundus-163-1024x576.png\" \/>\n<meta name=\"twitter:card\" content=\"summary_large_image\" \/>\n<meta name=\"twitter:label1\" content=\"Arvioitu lukuaika\" \/>\n\t<meta name=\"twitter:data1\" content=\"1 minuutti\" \/>\n<script type=\"application\/ld+json\" class=\"yoast-schema-graph\">{\"@context\":\"https:\\\/\\\/schema.org\",\"@graph\":[{\"@type\":\"WebPage\",\"@id\":\"https:\\\/\\\/bbqassad.ee\\\/fi\\\/toode\\\/barbecoa-burger-kastike\\\/\",\"url\":\"https:\\\/\\\/bbqassad.ee\\\/fi\\\/toode\\\/barbecoa-burger-kastike\\\/\",\"name\":\"Barbecoa Burger -kastike - BBQ \u00c4ssad\",\"isPartOf\":{\"@id\":\"https:\\\/\\\/bbqassad.ee\\\/fi\\\/#website\"},\"primaryImageOfPage\":{\"@id\":\"https:\\\/\\\/bbqassad.ee\\\/fi\\\/toode\\\/barbecoa-burger-kastike\\\/#primaryimage\"},\"image\":{\"@id\":\"https:\\\/\\\/bbqassad.ee\\\/fi\\\/toode\\\/barbecoa-burger-kastike\\\/#primaryimage\"},\"thumbnailUrl\":\"https:\\\/\\\/bbqassad.ee\\\/wp-content\\\/uploads\\\/2025\\\/12\\\/Nimetu-kujundus-163.png\",\"datePublished\":\"2025-12-18T08:53:57+00:00\",\"dateModified\":\"2026-04-14T06:32:36+00:00\",\"description\":\"Barbecoa Burger Sauce - kermainen ja maukas burgerikastike, joka sopii hampurilaisille, wrapeille ja ranskalaisille. Vie burgerisi seuraavalle tasolle\",\"breadcrumb\":{\"@id\":\"https:\\\/\\\/bbqassad.ee\\\/fi\\\/toode\\\/barbecoa-burger-kastike\\\/#breadcrumb\"},\"inLanguage\":\"fi\",\"potentialAction\":[{\"@type\":\"ReadAction\",\"target\":[\"https:\\\/\\\/bbqassad.ee\\\/fi\\\/toode\\\/barbecoa-burger-kastike\\\/\"]}]},{\"@type\":\"ImageObject\",\"inLanguage\":\"fi\",\"@id\":\"https:\\\/\\\/bbqassad.ee\\\/fi\\\/toode\\\/barbecoa-burger-kastike\\\/#primaryimage\",\"url\":\"https:\\\/\\\/bbqassad.ee\\\/wp-content\\\/uploads\\\/2025\\\/12\\\/Nimetu-kujundus-163.png\",\"contentUrl\":\"https:\\\/\\\/bbqassad.ee\\\/wp-content\\\/uploads\\\/2025\\\/12\\\/Nimetu-kujundus-163.png\",\"width\":1280,\"height\":720,\"caption\":\"Barbecoa Burger Sauce\"},{\"@type\":\"BreadcrumbList\",\"@id\":\"https:\\\/\\\/bbqassad.ee\\\/fi\\\/toode\\\/barbecoa-burger-kastike\\\/#breadcrumb\",\"itemListElement\":[{\"@type\":\"ListItem\",\"position\":1,\"name\":\"Home\",\"item\":\"https:\\\/\\\/bbqassad.ee\\\/fi\\\/bbq-assat\\\/\"},{\"@type\":\"ListItem\",\"position\":2,\"name\":\"Verkkokauppa\",\"item\":\"https:\\\/\\\/bbqassad.ee\\\/fi\\\/verkkokauppa\\\/\"},{\"@type\":\"ListItem\",\"position\":3,\"name\":\"Barbecoa Burger -kastike\"}]},{\"@type\":\"WebSite\",\"@id\":\"https:\\\/\\\/bbqassad.ee\\\/fi\\\/#website\",\"url\":\"https:\\\/\\\/bbqassad.ee\\\/fi\\\/\",\"name\":\"BBQ \u00c4ssad\",\"description\":\"BBQ maitseained, kastmed, ahjud\",\"publisher\":{\"@id\":\"https:\\\/\\\/bbqassad.ee\\\/fi\\\/#organization\"},\"potentialAction\":[{\"@type\":\"SearchAction\",\"target\":{\"@type\":\"EntryPoint\",\"urlTemplate\":\"https:\\\/\\\/bbqassad.ee\\\/fi\\\/?s={search_term_string}\"},\"query-input\":{\"@type\":\"PropertyValueSpecification\",\"valueRequired\":true,\"valueName\":\"search_term_string\"}}],\"inLanguage\":\"fi\"},{\"@type\":\"Organization\",\"@id\":\"https:\\\/\\\/bbqassad.ee\\\/fi\\\/#organization\",\"name\":\"BBQ \u00c4ssad\",\"url\":\"https:\\\/\\\/bbqassad.ee\\\/fi\\\/\",\"logo\":{\"@type\":\"ImageObject\",\"inLanguage\":\"fi\",\"@id\":\"https:\\\/\\\/bbqassad.ee\\\/fi\\\/#\\\/schema\\\/logo\\\/image\\\/\",\"url\":\"https:\\\/\\\/bbqassad.ee\\\/wp-content\\\/uploads\\\/2022\\\/10\\\/BBQ-2ssadlogo.png\",\"contentUrl\":\"https:\\\/\\\/bbqassad.ee\\\/wp-content\\\/uploads\\\/2022\\\/10\\\/BBQ-2ssadlogo.png\",\"width\":1080,\"height\":1080,\"caption\":\"BBQ \u00c4ssad\"},\"image\":{\"@id\":\"https:\\\/\\\/bbqassad.ee\\\/fi\\\/#\\\/schema\\\/logo\\\/image\\\/\"},\"sameAs\":[\"https:\\\/\\\/www.facebook.com\\\/bbqassad\",\"https:\\\/\\\/www.youtube.com\\\/channel\\\/UCsoufn49J6TVi9Ah9meE93w\"]}]}<\/script>\n<!-- \/ Yoast SEO plugin. -->","yoast_head_json":{"title":"Barbecoa Burger -kastike - BBQ \u00c4ssad","description":"Barbecoa Burger Sauce - kermainen ja maukas burgerikastike, joka sopii hampurilaisille, wrapeille ja ranskalaisille. Vie burgerisi seuraavalle tasolle","robots":{"index":"index","follow":"follow","max-snippet":"max-snippet:-1","max-image-preview":"max-image-preview:large","max-video-preview":"max-video-preview:-1"},"canonical":"https:\/\/bbqassad.ee\/fi\/toode\/barbecoa-burger-kastike\/","og_locale":"fi_FI","og_type":"article","og_title":"Barbecoa Burger-kastike","og_description":"Barbecoa Burger Sauce - kermainen ja maukas burgerikastike, joka sopii hampurilaisille, wrapeille ja ranskalaisille. Vie burgerisi seuraavalle tasolle","og_url":"https:\/\/bbqassad.ee\/fi\/toode\/barbecoa-burger-kastike\/","og_site_name":"BBQ \u00c4ssad","article_publisher":"https:\/\/www.facebook.com\/bbqassad","article_modified_time":"2026-04-14T06:32:36+00:00","og_image":[{"url":"https:\/\/bbqassad.ee\/wp-content\/uploads\/2025\/12\/Nimetu-kujundus-163-1024x576.png","type":"","width":"","height":""}],"twitter_card":"summary_large_image","twitter_misc":{"Arvioitu lukuaika":"1 minuutti"},"schema":{"@context":"https:\/\/schema.org","@graph":[{"@type":"WebPage","@id":"https:\/\/bbqassad.ee\/fi\/toode\/barbecoa-burger-kastike\/","url":"https:\/\/bbqassad.ee\/fi\/toode\/barbecoa-burger-kastike\/","name":"Barbecoa Burger -kastike - BBQ \u00c4ssad","isPartOf":{"@id":"https:\/\/bbqassad.ee\/fi\/#website"},"primaryImageOfPage":{"@id":"https:\/\/bbqassad.ee\/fi\/toode\/barbecoa-burger-kastike\/#primaryimage"},"image":{"@id":"https:\/\/bbqassad.ee\/fi\/toode\/barbecoa-burger-kastike\/#primaryimage"},"thumbnailUrl":"https:\/\/bbqassad.ee\/wp-content\/uploads\/2025\/12\/Nimetu-kujundus-163.png","datePublished":"2025-12-18T08:53:57+00:00","dateModified":"2026-04-14T06:32:36+00:00","description":"Barbecoa Burger Sauce - kermainen ja maukas burgerikastike, joka sopii hampurilaisille, wrapeille ja ranskalaisille. Vie burgerisi seuraavalle tasolle","breadcrumb":{"@id":"https:\/\/bbqassad.ee\/fi\/toode\/barbecoa-burger-kastike\/#breadcrumb"},"inLanguage":"fi","potentialAction":[{"@type":"ReadAction","target":["https:\/\/bbqassad.ee\/fi\/toode\/barbecoa-burger-kastike\/"]}]},{"@type":"ImageObject","inLanguage":"fi","@id":"https:\/\/bbqassad.ee\/fi\/toode\/barbecoa-burger-kastike\/#primaryimage","url":"https:\/\/bbqassad.ee\/wp-content\/uploads\/2025\/12\/Nimetu-kujundus-163.png","contentUrl":"https:\/\/bbqassad.ee\/wp-content\/uploads\/2025\/12\/Nimetu-kujundus-163.png","width":1280,"height":720,"caption":"Barbecoa Burger Sauce"},{"@type":"BreadcrumbList","@id":"https:\/\/bbqassad.ee\/fi\/toode\/barbecoa-burger-kastike\/#breadcrumb","itemListElement":[{"@type":"ListItem","position":1,"name":"Home","item":"https:\/\/bbqassad.ee\/fi\/bbq-assat\/"},{"@type":"ListItem","position":2,"name":"Verkkokauppa","item":"https:\/\/bbqassad.ee\/fi\/verkkokauppa\/"},{"@type":"ListItem","position":3,"name":"Barbecoa Burger -kastike"}]},{"@type":"WebSite","@id":"https:\/\/bbqassad.ee\/fi\/#website","url":"https:\/\/bbqassad.ee\/fi\/","name":"BBQ \u00c4ssad","description":"BBQ maitseained, kastmed, ahjud","publisher":{"@id":"https:\/\/bbqassad.ee\/fi\/#organization"},"potentialAction":[{"@type":"SearchAction","target":{"@type":"EntryPoint","urlTemplate":"https:\/\/bbqassad.ee\/fi\/?s={search_term_string}"},"query-input":{"@type":"PropertyValueSpecification","valueRequired":true,"valueName":"search_term_string"}}],"inLanguage":"fi"},{"@type":"Organization","@id":"https:\/\/bbqassad.ee\/fi\/#organization","name":"BBQ \u00c4ssad","url":"https:\/\/bbqassad.ee\/fi\/","logo":{"@type":"ImageObject","inLanguage":"fi","@id":"https:\/\/bbqassad.ee\/fi\/#\/schema\/logo\/image\/","url":"https:\/\/bbqassad.ee\/wp-content\/uploads\/2022\/10\/BBQ-2ssadlogo.png","contentUrl":"https:\/\/bbqassad.ee\/wp-content\/uploads\/2022\/10\/BBQ-2ssadlogo.png","width":1080,"height":1080,"caption":"BBQ \u00c4ssad"},"image":{"@id":"https:\/\/bbqassad.ee\/fi\/#\/schema\/logo\/image\/"},"sameAs":["https:\/\/www.facebook.com\/bbqassad","https:\/\/www.youtube.com\/channel\/UCsoufn49J6TVi9Ah9meE93w"]}]}},"_links":{"self":[{"href":"https:\/\/bbqassad.ee\/fi\/wp-json\/wp\/v2\/product\/22126","targetHints":{"allow":["GET"]}}],"collection":[{"href":"https:\/\/bbqassad.ee\/fi\/wp-json\/wp\/v2\/product"}],"about":[{"href":"https:\/\/bbqassad.ee\/fi\/wp-json\/wp\/v2\/types\/product"}],"replies":[{"embeddable":true,"href":"https:\/\/bbqassad.ee\/fi\/wp-json\/wp\/v2\/comments?post=22126"}],"wp:featuredmedia":[{"embeddable":true,"href":"https:\/\/bbqassad.ee\/fi\/wp-json\/wp\/v2\/media\/22127"}],"wp:attachment":[{"href":"https:\/\/bbqassad.ee\/fi\/wp-json\/wp\/v2\/media?parent=22126"}],"wp:term":[{"taxonomy":"product_brand","embeddable":true,"href":"https:\/\/bbqassad.ee\/fi\/wp-json\/wp\/v2\/product_brand?post=22126"},{"taxonomy":"product_cat","embeddable":true,"href":"https:\/\/bbqassad.ee\/fi\/wp-json\/wp\/v2\/product_cat?post=22126"},{"taxonomy":"product_tag","embeddable":true,"href":"https:\/\/bbqassad.ee\/fi\/wp-json\/wp\/v2\/product_tag?post=22126"}],"curies":[{"name":"wp","href":"https:\/\/api.w.org\/{rel}","templated":true}]}}