{"id":22124,"date":"2025-12-18T09:06:31","date_gmt":"2025-12-18T09:06:31","guid":{"rendered":"https:\/\/bbqassad.ee\/toode\/barbecoa-smokey-beef-bbq-kastike\/"},"modified":"2026-04-14T06:32:36","modified_gmt":"2026-04-14T06:32:36","slug":"barbecoa-smokey-beef-bbq-kastike","status":"publish","type":"product","link":"https:\/\/bbqassad.ee\/fi\/toode\/barbecoa-smokey-beef-bbq-kastike\/","title":{"rendered":"Barbecoa Smokey Beef BBQ -kastike"},"content":{"rendered":"<h2>Barbecoa Smokey Beef BBQ-kastike<\/h2>\n<p>Barbecoa on hyvin tunnettu belgialainen grilliryhm\u00e4, joka on maansa moninkertainen mestari. Joukkue kilpailee aina Euroopan parhaan BBQ-joukkueen tittelist\u00e4. Johtaja Tom Bertels valmistaa my\u00f6s kastikkeita ja mausteita. Savuinen naudanliha voisi olla juuri sit\u00e4, miss\u00e4 Tom on hyv\u00e4, sill\u00e4 h\u00e4n on ollut moninkertainen Euroopan mestari brisketin valmistuksessa. Ja voi miten t\u00e4m\u00e4 kastike yll\u00e4tti. Olemme nyt testanneet sit\u00e4 kaikin tavoin naudanlihan p\u00e4\u00e4ll\u00e4 ja se menee kaikkialle ja hyvin.     <\/p>\n<p><strong>BBQ Aces kommentti:<\/strong> Emme uskoneet, ett\u00e4 se voisi olla paljon parempaa&#8230;.. K\u00e4vi ilmi, ett\u00e4 se voi ja voi miten se voi. <\/p>\n<p><strong>Ammattilaisvinkki:<\/strong> k\u00e4yt\u00e4 sit\u00e4 vapaasti k\u00e4\u00e4reiss\u00e4, etk\u00e4 tule katumaan sit\u00e4. Laita sekaan my\u00f6s osso-bocco-tyylinen pata, ja voi mit\u00e4 tapahtuu. <\/p>\n","protected":false},"excerpt":{"rendered":"<p>Valmistaja: barbecoa BBQ<br \/>\n<strong>Barbecoa Smokey Beef BBQ-kastike<\/strong> Nettom\u00e4\u00e4r\u00e4 500ml<\/p>\n<p style=\"font-weight: 400;\"><strong>Ainesosat<\/strong>: Vesi, sokeri, <strong>SOURCES, VEHN\u00c4 (GLUTEENI<\/strong>), luonnollinen muunnettu maissit\u00e4rkkelys, suola, tomaatti, <strong>SINEP,<\/strong> mausteet (sis\u00e4lt\u00e4\u00e4 <strong>SELLER<\/strong>), v\u00e4riaine (paahdettu, sokerisiirappi, paprikauute), valkosipuli, sipuli, aromit (mononatriumglutamaatti, magnesiumkloridi), happamuudens\u00e4\u00e4t\u00f6aineet (sitruunahappo, maitohappo), luontaiset aromit, savuaromi, hunaja-aromi, s\u00e4il\u00f6nt\u00e4aineet (kaliumsorbaatti, natriumbentsoaatti). <strong>Ravintosis\u00e4lt\u00f6 100 g:<\/strong> <strong>ssa:<\/strong> energia: 517 kJ\/123 kcal; rasva: 0,3 g, josta tyydyttyneit\u00e4 rasvahappoja: 0,1 g; hiilihydraatit: 29 g, josta sokereita: 24 g; proteiini: 1,0 g; suola: 2,75 g.<\/p>\n","protected":false},"featured_media":22125,"comment_status":"open","ping_status":"closed","template":"","meta":[],"product_brand":[],"product_cat":[788],"product_tag":[803],"class_list":{"0":"post-22124","1":"product","2":"type-product","3":"status-publish","4":"has-post-thumbnail","6":"product_cat-kastit","7":"product_tag-karja","9":"first","10":"instock","11":"taxable","12":"shipping-taxable","13":"purchasable","14":"product-type-simple"},"yoast_head":"<!-- This site is optimized with the Yoast SEO plugin v27.4 - https:\/\/yoast.com\/product\/yoast-seo-wordpress\/ -->\n<title>Barbecoa Smokey Beef BBQ-kastike 500 ml | BBQ \u00c4ss\u00e4t<\/title>\n<meta name=\"description\" content=\"Savuinen BBQ-kastike naudanlihalle ja rintafileelle. Barbecoa Smokey Beef BBQ -kastike sopii pihveille, ribseille ja wrapeille. Tilaa BBQ Aces verkossa.\" \/>\n<meta name=\"robots\" content=\"index, follow, max-snippet:-1, max-image-preview:large, max-video-preview:-1\" \/>\n<link rel=\"canonical\" href=\"https:\/\/bbqassad.ee\/fi\/toode\/barbecoa-smokey-beef-bbq-kastike\/\" \/>\n<meta property=\"og:locale\" content=\"fi_FI\" \/>\n<meta property=\"og:type\" content=\"article\" \/>\n<meta property=\"og:title\" content=\"Barbecoa Smokey Beef BBQ-kastike 500 ml | BBQ \u00c4ss\u00e4t\" \/>\n<meta property=\"og:description\" content=\"Savuinen BBQ-kastike naudanlihalle ja rintafileelle. Barbecoa Smokey Beef BBQ -kastike sopii pihveille, ribseille ja wrapeille. Tilaa BBQ Aces verkossa.\" \/>\n<meta property=\"og:url\" content=\"https:\/\/bbqassad.ee\/fi\/toode\/barbecoa-smokey-beef-bbq-kastike\/\" \/>\n<meta property=\"og:site_name\" content=\"BBQ \u00c4ssad\" \/>\n<meta property=\"article:publisher\" content=\"https:\/\/www.facebook.com\/bbqassad\" \/>\n<meta property=\"article:modified_time\" content=\"2026-04-14T06:32:36+00:00\" \/>\n<meta property=\"og:image\" content=\"https:\/\/bbqassad.ee\/wp-content\/uploads\/2025\/12\/Nimetu-kujundus-164.png\" \/>\n\t<meta property=\"og:image:width\" content=\"1280\" \/>\n\t<meta property=\"og:image:height\" content=\"720\" \/>\n\t<meta property=\"og:image:type\" content=\"image\/png\" \/>\n<meta name=\"twitter:card\" content=\"summary_large_image\" \/>\n<meta name=\"twitter:label1\" content=\"Arvioitu lukuaika\" \/>\n\t<meta name=\"twitter:data1\" content=\"1 minuutti\" \/>\n<script type=\"application\/ld+json\" class=\"yoast-schema-graph\">{\"@context\":\"https:\\\/\\\/schema.org\",\"@graph\":[{\"@type\":\"WebPage\",\"@id\":\"https:\\\/\\\/bbqassad.ee\\\/fi\\\/toode\\\/barbecoa-smokey-beef-bbq-kastike\\\/\",\"url\":\"https:\\\/\\\/bbqassad.ee\\\/fi\\\/toode\\\/barbecoa-smokey-beef-bbq-kastike\\\/\",\"name\":\"Barbecoa Smokey Beef BBQ-kastike 500 ml | BBQ \u00c4ss\u00e4t\",\"isPartOf\":{\"@id\":\"https:\\\/\\\/bbqassad.ee\\\/fi\\\/#website\"},\"primaryImageOfPage\":{\"@id\":\"https:\\\/\\\/bbqassad.ee\\\/fi\\\/toode\\\/barbecoa-smokey-beef-bbq-kastike\\\/#primaryimage\"},\"image\":{\"@id\":\"https:\\\/\\\/bbqassad.ee\\\/fi\\\/toode\\\/barbecoa-smokey-beef-bbq-kastike\\\/#primaryimage\"},\"thumbnailUrl\":\"https:\\\/\\\/bbqassad.ee\\\/wp-content\\\/uploads\\\/2025\\\/12\\\/Nimetu-kujundus-164.png\",\"datePublished\":\"2025-12-18T09:06:31+00:00\",\"dateModified\":\"2026-04-14T06:32:36+00:00\",\"description\":\"Savuinen BBQ-kastike naudanlihalle ja rintafileelle. Barbecoa Smokey Beef BBQ -kastike sopii pihveille, ribseille ja wrapeille. Tilaa BBQ Aces verkossa.\",\"breadcrumb\":{\"@id\":\"https:\\\/\\\/bbqassad.ee\\\/fi\\\/toode\\\/barbecoa-smokey-beef-bbq-kastike\\\/#breadcrumb\"},\"inLanguage\":\"fi\",\"potentialAction\":[{\"@type\":\"ReadAction\",\"target\":[\"https:\\\/\\\/bbqassad.ee\\\/fi\\\/toode\\\/barbecoa-smokey-beef-bbq-kastike\\\/\"]}]},{\"@type\":\"ImageObject\",\"inLanguage\":\"fi\",\"@id\":\"https:\\\/\\\/bbqassad.ee\\\/fi\\\/toode\\\/barbecoa-smokey-beef-bbq-kastike\\\/#primaryimage\",\"url\":\"https:\\\/\\\/bbqassad.ee\\\/wp-content\\\/uploads\\\/2025\\\/12\\\/Nimetu-kujundus-164.png\",\"contentUrl\":\"https:\\\/\\\/bbqassad.ee\\\/wp-content\\\/uploads\\\/2025\\\/12\\\/Nimetu-kujundus-164.png\",\"width\":1280,\"height\":720,\"caption\":\"Barbecoa Smokey Beef BBQ kaste\"},{\"@type\":\"BreadcrumbList\",\"@id\":\"https:\\\/\\\/bbqassad.ee\\\/fi\\\/toode\\\/barbecoa-smokey-beef-bbq-kastike\\\/#breadcrumb\",\"itemListElement\":[{\"@type\":\"ListItem\",\"position\":1,\"name\":\"Home\",\"item\":\"https:\\\/\\\/bbqassad.ee\\\/fi\\\/bbq-assat\\\/\"},{\"@type\":\"ListItem\",\"position\":2,\"name\":\"Verkkokauppa\",\"item\":\"https:\\\/\\\/bbqassad.ee\\\/fi\\\/verkkokauppa\\\/\"},{\"@type\":\"ListItem\",\"position\":3,\"name\":\"Barbecoa Smokey Beef BBQ -kastike\"}]},{\"@type\":\"WebSite\",\"@id\":\"https:\\\/\\\/bbqassad.ee\\\/fi\\\/#website\",\"url\":\"https:\\\/\\\/bbqassad.ee\\\/fi\\\/\",\"name\":\"BBQ \u00c4ssad\",\"description\":\"BBQ maitseained, kastmed, ahjud\",\"publisher\":{\"@id\":\"https:\\\/\\\/bbqassad.ee\\\/fi\\\/#organization\"},\"potentialAction\":[{\"@type\":\"SearchAction\",\"target\":{\"@type\":\"EntryPoint\",\"urlTemplate\":\"https:\\\/\\\/bbqassad.ee\\\/fi\\\/?s={search_term_string}\"},\"query-input\":{\"@type\":\"PropertyValueSpecification\",\"valueRequired\":true,\"valueName\":\"search_term_string\"}}],\"inLanguage\":\"fi\"},{\"@type\":\"Organization\",\"@id\":\"https:\\\/\\\/bbqassad.ee\\\/fi\\\/#organization\",\"name\":\"BBQ \u00c4ssad\",\"url\":\"https:\\\/\\\/bbqassad.ee\\\/fi\\\/\",\"logo\":{\"@type\":\"ImageObject\",\"inLanguage\":\"fi\",\"@id\":\"https:\\\/\\\/bbqassad.ee\\\/fi\\\/#\\\/schema\\\/logo\\\/image\\\/\",\"url\":\"https:\\\/\\\/bbqassad.ee\\\/wp-content\\\/uploads\\\/2022\\\/10\\\/BBQ-2ssadlogo.png\",\"contentUrl\":\"https:\\\/\\\/bbqassad.ee\\\/wp-content\\\/uploads\\\/2022\\\/10\\\/BBQ-2ssadlogo.png\",\"width\":1080,\"height\":1080,\"caption\":\"BBQ \u00c4ssad\"},\"image\":{\"@id\":\"https:\\\/\\\/bbqassad.ee\\\/fi\\\/#\\\/schema\\\/logo\\\/image\\\/\"},\"sameAs\":[\"https:\\\/\\\/www.facebook.com\\\/bbqassad\",\"https:\\\/\\\/www.youtube.com\\\/channel\\\/UCsoufn49J6TVi9Ah9meE93w\"]}]}<\/script>\n<!-- \/ Yoast SEO plugin. -->","yoast_head_json":{"title":"Barbecoa Smokey Beef BBQ-kastike 500 ml | BBQ \u00c4ss\u00e4t","description":"Savuinen BBQ-kastike naudanlihalle ja rintafileelle. Barbecoa Smokey Beef BBQ -kastike sopii pihveille, ribseille ja wrapeille. Tilaa BBQ Aces verkossa.","robots":{"index":"index","follow":"follow","max-snippet":"max-snippet:-1","max-image-preview":"max-image-preview:large","max-video-preview":"max-video-preview:-1"},"canonical":"https:\/\/bbqassad.ee\/fi\/toode\/barbecoa-smokey-beef-bbq-kastike\/","og_locale":"fi_FI","og_type":"article","og_title":"Barbecoa Smokey Beef BBQ-kastike 500 ml | BBQ \u00c4ss\u00e4t","og_description":"Savuinen BBQ-kastike naudanlihalle ja rintafileelle. Barbecoa Smokey Beef BBQ -kastike sopii pihveille, ribseille ja wrapeille. Tilaa BBQ Aces verkossa.","og_url":"https:\/\/bbqassad.ee\/fi\/toode\/barbecoa-smokey-beef-bbq-kastike\/","og_site_name":"BBQ \u00c4ssad","article_publisher":"https:\/\/www.facebook.com\/bbqassad","article_modified_time":"2026-04-14T06:32:36+00:00","og_image":[{"width":1280,"height":720,"url":"https:\/\/bbqassad.ee\/wp-content\/uploads\/2025\/12\/Nimetu-kujundus-164.png","type":"image\/png"}],"twitter_card":"summary_large_image","twitter_misc":{"Arvioitu lukuaika":"1 minuutti"},"schema":{"@context":"https:\/\/schema.org","@graph":[{"@type":"WebPage","@id":"https:\/\/bbqassad.ee\/fi\/toode\/barbecoa-smokey-beef-bbq-kastike\/","url":"https:\/\/bbqassad.ee\/fi\/toode\/barbecoa-smokey-beef-bbq-kastike\/","name":"Barbecoa Smokey Beef BBQ-kastike 500 ml | BBQ \u00c4ss\u00e4t","isPartOf":{"@id":"https:\/\/bbqassad.ee\/fi\/#website"},"primaryImageOfPage":{"@id":"https:\/\/bbqassad.ee\/fi\/toode\/barbecoa-smokey-beef-bbq-kastike\/#primaryimage"},"image":{"@id":"https:\/\/bbqassad.ee\/fi\/toode\/barbecoa-smokey-beef-bbq-kastike\/#primaryimage"},"thumbnailUrl":"https:\/\/bbqassad.ee\/wp-content\/uploads\/2025\/12\/Nimetu-kujundus-164.png","datePublished":"2025-12-18T09:06:31+00:00","dateModified":"2026-04-14T06:32:36+00:00","description":"Savuinen BBQ-kastike naudanlihalle ja rintafileelle. Barbecoa Smokey Beef BBQ -kastike sopii pihveille, ribseille ja wrapeille. Tilaa BBQ Aces verkossa.","breadcrumb":{"@id":"https:\/\/bbqassad.ee\/fi\/toode\/barbecoa-smokey-beef-bbq-kastike\/#breadcrumb"},"inLanguage":"fi","potentialAction":[{"@type":"ReadAction","target":["https:\/\/bbqassad.ee\/fi\/toode\/barbecoa-smokey-beef-bbq-kastike\/"]}]},{"@type":"ImageObject","inLanguage":"fi","@id":"https:\/\/bbqassad.ee\/fi\/toode\/barbecoa-smokey-beef-bbq-kastike\/#primaryimage","url":"https:\/\/bbqassad.ee\/wp-content\/uploads\/2025\/12\/Nimetu-kujundus-164.png","contentUrl":"https:\/\/bbqassad.ee\/wp-content\/uploads\/2025\/12\/Nimetu-kujundus-164.png","width":1280,"height":720,"caption":"Barbecoa Smokey Beef BBQ kaste"},{"@type":"BreadcrumbList","@id":"https:\/\/bbqassad.ee\/fi\/toode\/barbecoa-smokey-beef-bbq-kastike\/#breadcrumb","itemListElement":[{"@type":"ListItem","position":1,"name":"Home","item":"https:\/\/bbqassad.ee\/fi\/bbq-assat\/"},{"@type":"ListItem","position":2,"name":"Verkkokauppa","item":"https:\/\/bbqassad.ee\/fi\/verkkokauppa\/"},{"@type":"ListItem","position":3,"name":"Barbecoa Smokey Beef BBQ -kastike"}]},{"@type":"WebSite","@id":"https:\/\/bbqassad.ee\/fi\/#website","url":"https:\/\/bbqassad.ee\/fi\/","name":"BBQ \u00c4ssad","description":"BBQ maitseained, kastmed, ahjud","publisher":{"@id":"https:\/\/bbqassad.ee\/fi\/#organization"},"potentialAction":[{"@type":"SearchAction","target":{"@type":"EntryPoint","urlTemplate":"https:\/\/bbqassad.ee\/fi\/?s={search_term_string}"},"query-input":{"@type":"PropertyValueSpecification","valueRequired":true,"valueName":"search_term_string"}}],"inLanguage":"fi"},{"@type":"Organization","@id":"https:\/\/bbqassad.ee\/fi\/#organization","name":"BBQ \u00c4ssad","url":"https:\/\/bbqassad.ee\/fi\/","logo":{"@type":"ImageObject","inLanguage":"fi","@id":"https:\/\/bbqassad.ee\/fi\/#\/schema\/logo\/image\/","url":"https:\/\/bbqassad.ee\/wp-content\/uploads\/2022\/10\/BBQ-2ssadlogo.png","contentUrl":"https:\/\/bbqassad.ee\/wp-content\/uploads\/2022\/10\/BBQ-2ssadlogo.png","width":1080,"height":1080,"caption":"BBQ \u00c4ssad"},"image":{"@id":"https:\/\/bbqassad.ee\/fi\/#\/schema\/logo\/image\/"},"sameAs":["https:\/\/www.facebook.com\/bbqassad","https:\/\/www.youtube.com\/channel\/UCsoufn49J6TVi9Ah9meE93w"]}]}},"_links":{"self":[{"href":"https:\/\/bbqassad.ee\/fi\/wp-json\/wp\/v2\/product\/22124","targetHints":{"allow":["GET"]}}],"collection":[{"href":"https:\/\/bbqassad.ee\/fi\/wp-json\/wp\/v2\/product"}],"about":[{"href":"https:\/\/bbqassad.ee\/fi\/wp-json\/wp\/v2\/types\/product"}],"replies":[{"embeddable":true,"href":"https:\/\/bbqassad.ee\/fi\/wp-json\/wp\/v2\/comments?post=22124"}],"wp:featuredmedia":[{"embeddable":true,"href":"https:\/\/bbqassad.ee\/fi\/wp-json\/wp\/v2\/media\/22125"}],"wp:attachment":[{"href":"https:\/\/bbqassad.ee\/fi\/wp-json\/wp\/v2\/media?parent=22124"}],"wp:term":[{"taxonomy":"product_brand","embeddable":true,"href":"https:\/\/bbqassad.ee\/fi\/wp-json\/wp\/v2\/product_brand?post=22124"},{"taxonomy":"product_cat","embeddable":true,"href":"https:\/\/bbqassad.ee\/fi\/wp-json\/wp\/v2\/product_cat?post=22124"},{"taxonomy":"product_tag","embeddable":true,"href":"https:\/\/bbqassad.ee\/fi\/wp-json\/wp\/v2\/product_tag?post=22124"}],"curies":[{"name":"wp","href":"https:\/\/api.w.org\/{rel}","templated":true}]}}